{"id":6894,"date":"2023-11-06T09:06:59","date_gmt":"2023-11-06T08:06:59","guid":{"rendered":"https:\/\/xmy.ch\/prodotto\/chaussettes-pro-racing-v4-0-run-high-high-dark-yellow\/"},"modified":"2024-03-07T21:23:10","modified_gmt":"2024-03-07T20:23:10","slug":"chaussettes-pro-racing-v4-0-run-high-high-dark-yellow","status":"publish","type":"product","link":"https:\/\/xmy.ch\/fr\/prodotto\/chaussettes-pro-racing-v4-0-run-high-high-dark-yellow\/","title":{"rendered":"Chaussettes Pro Racing V4.0 Run High &#8211; High Dark Yellow"},"content":{"rendered":"<p>Chaussettes de course performantes de nouvelle g\u00e9n\u00e9ration pour un confort sup\u00e9rieur, une pr\u00e9vention des ampoules et une ventilation optimale lors de toutes vos courses.<\/p>\n<p>Les performances \u00e9voluent. Il en va de m\u00eame pour les chaussettes de course. Pour la nouvelle g\u00e9n\u00e9ration de notre best-seller Pro Racing Socks Run, nous avons demand\u00e9 aux coureurs de Compressport de nous dire exactement ce qu&rsquo;ils pr\u00e9f\u00e8rent, ce dont ils ont besoin et ce qu&rsquo;ils veulent. Le r\u00e9sultat est une chaussette de course sp\u00e9cialement con\u00e7ue pour offrir une ventilation optimale et une protection contre les ampoules lorsque vous \u00eates sur la voie de votre prochain record personnel. Le tissage technique l\u00e9ger et ventil\u00e9 \u00e9vacue rapidement l&rsquo;humidit\u00e9, laissant les pieds au frais et au sec, m\u00eame dans les conditions les plus chaudes. La nouvelle bo\u00eete \u00e0 orteils plus large offre un ajustement plus ergonomique et une proprioception am\u00e9lior\u00e9e, pour une adh\u00e9rence intuitive des orteils lors de l&rsquo;impact au sol et une foul\u00e9e fluide et naturelle. Le tricot l\u00e9ger autour de la cheville offre un soutien cibl\u00e9 lors de l&rsquo;acc\u00e9l\u00e9ration du rythme, tandis que le rembourrage en \u00e9ponge sur le gros orteil prot\u00e8ge contre les ongles rong\u00e9s lors des courses plus longues. Le soutien de la vo\u00fbte plantaire favorise la microcirculation et pr\u00e9vient la torsion des tissus et la formation de plis, \u00e9vitant ainsi les irritations et l&rsquo;apparition d&rsquo;ampoules douloureuses. Sur le tendon d&rsquo;Achille, deux rang\u00e9es de points 3D ajoutent protection et soutien et entourent un tout nouveau jeu de points plats pour une meilleure ventilation. Sur la plante du pied, un motif de points 3D (75 %) et de points plats (25 %) amortit l&rsquo;impact en am\u00e9liorant l&rsquo;adh\u00e9rence et la ventilation, ainsi qu&rsquo;une l\u00e9g\u00e8re microstimulation qui aide \u00e0 augmenter le retour veineux et \u00e0 retarder la fatigue au fur et \u00e0 mesure que les kilom\u00e8tres s&rsquo;accumulent. La chaussette est plus courte qu&rsquo;une chaussette de trail ou de cyclisme et pr\u00e9sente une coupe et une technologie con\u00e7ues sp\u00e9cifiquement pour les exigences de la course sur route. Une sangle ergonomique au dos ajoute une touche de confort et de style et, si jamais vous oubliez l&rsquo;activit\u00e9 que vous allez pratiquer une fois que vous aurez quitt\u00e9 la maison, la discipline est discr\u00e8tement brod\u00e9e \u00e0 l&rsquo;int\u00e9rieur. Le design \u00e9pur\u00e9 de cette chaussette high-tech est en parfaite ad\u00e9quation avec notre ADN de performance, et il ne vous reste plus qu&rsquo;\u00e0 prendre la route \u00e0 toute vitesse, dans le confort et avec classe.<\/p>\n<p>95% Polyamide 5% Elasthanne<\/p>\n<p><img decoding=\"async\" class=\"w-50 my-2\" src=\"https:\/\/www.compressport.com\/ch\/img\/prods_entretien.png\"><\/p>\n","protected":false},"excerpt":{"rendered":"<p>Chaussettes de course performantes de nouvelle g\u00e9n\u00e9ration pour un confort sup\u00e9rieur, une pr\u00e9vention des ampoules et une ventilation optimale lors de toutes vos courses.<\/p>\n","protected":false},"featured_media":4525,"comment_status":"open","ping_status":"closed","template":"","meta":[],"product_brand":[],"product_cat":[313],"product_tag":[258,259],"class_list":{"0":"post-6894","1":"product","2":"type-product","3":"status-publish","4":"has-post-thumbnail","6":"product_cat-chaussettes","7":"product_tag-femme","8":"product_tag-lhomme","10":"first","11":"instock","12":"taxable","13":"shipping-taxable","14":"purchasable","15":"product-type-variable"},"yoast_head":"<!-- This site is optimized with the Yoast SEO Premium plugin v27.5 (Yoast SEO v27.5) - https:\/\/yoast.com\/product\/yoast-seo-premium-wordpress\/ -->\n<title>Chaussettes Pro Racing V4.0 Run High High Dark Yellow<\/title>\n<meta name=\"description\" content=\"Chaussettes Pro Racing V4.0 Run High High Dark Yellow offrent confort, protection contre les ampoules et ventilation optimale pour vos courses. Achetez d\u00e8s maintenant.\" \/>\n<meta name=\"robots\" content=\"index, follow, max-snippet:-1, max-image-preview:large, max-video-preview:-1\" \/>\n<link rel=\"canonical\" href=\"https:\/\/xmy.ch\/fr\/prodotto\/chaussettes-pro-racing-v4-0-run-high-high-dark-yellow\/\" \/>\n<meta property=\"og:locale\" content=\"fr_FR\" \/>\n<meta property=\"og:type\" content=\"article\" \/>\n<meta property=\"og:title\" content=\"Pro Racing V4.0 Run High \u2013 Performance\" \/>\n<meta property=\"og:description\" content=\"Confort et protection renforc\u00e9s pour vos courses. Commandez d\u00e8s maintenant.\" \/>\n<meta property=\"og:url\" content=\"https:\/\/xmy.ch\/fr\/prodotto\/chaussettes-pro-racing-v4-0-run-high-high-dark-yellow\/\" \/>\n<meta property=\"og:site_name\" content=\"Xmy Sagl\" \/>\n<meta property=\"article:publisher\" content=\"https:\/\/www.facebook.com\/xmy.sagl\" \/>\n<meta property=\"article:modified_time\" content=\"2024-03-07T20:23:10+00:00\" \/>\n<meta property=\"og:image\" content=\"https:\/\/xmy.ch\/wp-content\/uploads\/2023\/11\/pro-racing-socks-v4-run-high-dark-yellow.webp\" \/>\n\t<meta property=\"og:image:width\" content=\"549\" \/>\n\t<meta property=\"og:image:height\" content=\"712\" \/>\n\t<meta property=\"og:image:type\" content=\"image\/webp\" \/>\n<meta name=\"twitter:card\" content=\"summary_large_image\" \/>\n<meta name=\"twitter:title\" content=\"Chaussettes Pro Racing V4.0 Run High \u2013 Performance Sup\u00e9rieure\" \/>\n<meta name=\"twitter:description\" content=\"Optimisez vos running avec Pro Racing V4.0 Run High. Commandez d\u00e8s aujourd&#039;hui.\" \/>\n<meta name=\"twitter:label1\" content=\"Dur\u00e9e de lecture estim\u00e9e\" \/>\n\t<meta name=\"twitter:data1\" content=\"2 minutes\" \/>\n<script type=\"application\/ld+json\" class=\"yoast-schema-graph\">{\"@context\":\"https:\\\/\\\/schema.org\",\"@graph\":[{\"@type\":\"WebPage\",\"@id\":\"https:\\\/\\\/xmy.ch\\\/fr\\\/prodotto\\\/chaussettes-pro-racing-v4-0-run-high-high-dark-yellow\\\/\",\"url\":\"https:\\\/\\\/xmy.ch\\\/fr\\\/prodotto\\\/chaussettes-pro-racing-v4-0-run-high-high-dark-yellow\\\/\",\"name\":\"Chaussettes Pro Racing V4.0 Run High High Dark Yellow\",\"isPartOf\":{\"@id\":\"https:\\\/\\\/xmy.ch\\\/fr\\\/#website\"},\"primaryImageOfPage\":{\"@id\":\"https:\\\/\\\/xmy.ch\\\/fr\\\/prodotto\\\/chaussettes-pro-racing-v4-0-run-high-high-dark-yellow\\\/#primaryimage\"},\"image\":{\"@id\":\"https:\\\/\\\/xmy.ch\\\/fr\\\/prodotto\\\/chaussettes-pro-racing-v4-0-run-high-high-dark-yellow\\\/#primaryimage\"},\"thumbnailUrl\":\"https:\\\/\\\/xmy.ch\\\/wp-content\\\/uploads\\\/2023\\\/11\\\/pro-racing-socks-v4-run-high-dark-yellow.webp\",\"datePublished\":\"2023-11-06T08:06:59+00:00\",\"dateModified\":\"2024-03-07T20:23:10+00:00\",\"description\":\"Chaussettes Pro Racing V4.0 Run High High Dark Yellow offrent confort, protection contre les ampoules et ventilation optimale pour vos courses. Achetez d\u00e8s maintenant.\",\"breadcrumb\":{\"@id\":\"https:\\\/\\\/xmy.ch\\\/fr\\\/prodotto\\\/chaussettes-pro-racing-v4-0-run-high-high-dark-yellow\\\/#breadcrumb\"},\"inLanguage\":\"fr-FR\",\"potentialAction\":[{\"@type\":\"ReadAction\",\"target\":[\"https:\\\/\\\/xmy.ch\\\/fr\\\/prodotto\\\/chaussettes-pro-racing-v4-0-run-high-high-dark-yellow\\\/\"]}]},{\"@type\":\"ImageObject\",\"inLanguage\":\"fr-FR\",\"@id\":\"https:\\\/\\\/xmy.ch\\\/fr\\\/prodotto\\\/chaussettes-pro-racing-v4-0-run-high-high-dark-yellow\\\/#primaryimage\",\"url\":\"https:\\\/\\\/xmy.ch\\\/wp-content\\\/uploads\\\/2023\\\/11\\\/pro-racing-socks-v4-run-high-dark-yellow.webp\",\"contentUrl\":\"https:\\\/\\\/xmy.ch\\\/wp-content\\\/uploads\\\/2023\\\/11\\\/pro-racing-socks-v4-run-high-dark-yellow.webp\",\"width\":549,\"height\":712},{\"@type\":\"BreadcrumbList\",\"@id\":\"https:\\\/\\\/xmy.ch\\\/fr\\\/prodotto\\\/chaussettes-pro-racing-v4-0-run-high-high-dark-yellow\\\/#breadcrumb\",\"itemListElement\":[{\"@type\":\"ListItem\",\"position\":1,\"name\":\"Home\",\"item\":\"https:\\\/\\\/xmy.ch\\\/fr\\\/\"},{\"@type\":\"ListItem\",\"position\":2,\"name\":\"Boutique\",\"item\":\"https:\\\/\\\/xmy.ch\\\/fr\\\/boutique\\\/\"},{\"@type\":\"ListItem\",\"position\":3,\"name\":\"Chaussettes Pro Racing V4.0 Run High &#8211; High Dark Yellow\"}]},{\"@type\":\"WebSite\",\"@id\":\"https:\\\/\\\/xmy.ch\\\/fr\\\/#website\",\"url\":\"https:\\\/\\\/xmy.ch\\\/fr\\\/\",\"name\":\"Xmy Sagl\",\"description\":\"\",\"publisher\":{\"@id\":\"https:\\\/\\\/xmy.ch\\\/fr\\\/#organization\"},\"potentialAction\":[{\"@type\":\"SearchAction\",\"target\":{\"@type\":\"EntryPoint\",\"urlTemplate\":\"https:\\\/\\\/xmy.ch\\\/fr\\\/?s={search_term_string}\"},\"query-input\":{\"@type\":\"PropertyValueSpecification\",\"valueRequired\":true,\"valueName\":\"search_term_string\"}}],\"inLanguage\":\"fr-FR\"},{\"@type\":\"Organization\",\"@id\":\"https:\\\/\\\/xmy.ch\\\/fr\\\/#organization\",\"name\":\"Xmy Sagl\",\"url\":\"https:\\\/\\\/xmy.ch\\\/fr\\\/\",\"logo\":{\"@type\":\"ImageObject\",\"inLanguage\":\"fr-FR\",\"@id\":\"https:\\\/\\\/xmy.ch\\\/fr\\\/#\\\/schema\\\/logo\\\/image\\\/\",\"url\":\"https:\\\/\\\/xmy.ch\\\/wp-content\\\/uploads\\\/2024\\\/02\\\/XMY_UNI_B.webp\",\"contentUrl\":\"https:\\\/\\\/xmy.ch\\\/wp-content\\\/uploads\\\/2024\\\/02\\\/XMY_UNI_B.webp\",\"width\":1459,\"height\":421,\"caption\":\"Xmy Sagl\"},\"image\":{\"@id\":\"https:\\\/\\\/xmy.ch\\\/fr\\\/#\\\/schema\\\/logo\\\/image\\\/\"},\"sameAs\":[\"https:\\\/\\\/www.facebook.com\\\/xmy.sagl\",\"https:\\\/\\\/www.instagram.com\\\/xmy.sagl\\\/\"]}]}<\/script>\n<!-- \/ Yoast SEO Premium plugin. -->","yoast_head_json":{"title":"Chaussettes Pro Racing V4.0 Run High High Dark Yellow","description":"Chaussettes Pro Racing V4.0 Run High High Dark Yellow offrent confort, protection contre les ampoules et ventilation optimale pour vos courses. Achetez d\u00e8s maintenant.","robots":{"index":"index","follow":"follow","max-snippet":"max-snippet:-1","max-image-preview":"max-image-preview:large","max-video-preview":"max-video-preview:-1"},"canonical":"https:\/\/xmy.ch\/fr\/prodotto\/chaussettes-pro-racing-v4-0-run-high-high-dark-yellow\/","og_locale":"fr_FR","og_type":"article","og_title":"Pro Racing V4.0 Run High \u2013 Performance","og_description":"Confort et protection renforc\u00e9s pour vos courses. Commandez d\u00e8s maintenant.","og_url":"https:\/\/xmy.ch\/fr\/prodotto\/chaussettes-pro-racing-v4-0-run-high-high-dark-yellow\/","og_site_name":"Xmy Sagl","article_publisher":"https:\/\/www.facebook.com\/xmy.sagl","article_modified_time":"2024-03-07T20:23:10+00:00","og_image":[{"width":549,"height":712,"url":"https:\/\/xmy.ch\/wp-content\/uploads\/2023\/11\/pro-racing-socks-v4-run-high-dark-yellow.webp","type":"image\/webp"}],"twitter_card":"summary_large_image","twitter_title":"Chaussettes Pro Racing V4.0 Run High \u2013 Performance Sup\u00e9rieure","twitter_description":"Optimisez vos running avec Pro Racing V4.0 Run High. Commandez d\u00e8s aujourd'hui.","twitter_misc":{"Dur\u00e9e de lecture estim\u00e9e":"2 minutes"},"schema":{"@context":"https:\/\/schema.org","@graph":[{"@type":"WebPage","@id":"https:\/\/xmy.ch\/fr\/prodotto\/chaussettes-pro-racing-v4-0-run-high-high-dark-yellow\/","url":"https:\/\/xmy.ch\/fr\/prodotto\/chaussettes-pro-racing-v4-0-run-high-high-dark-yellow\/","name":"Chaussettes Pro Racing V4.0 Run High High Dark Yellow","isPartOf":{"@id":"https:\/\/xmy.ch\/fr\/#website"},"primaryImageOfPage":{"@id":"https:\/\/xmy.ch\/fr\/prodotto\/chaussettes-pro-racing-v4-0-run-high-high-dark-yellow\/#primaryimage"},"image":{"@id":"https:\/\/xmy.ch\/fr\/prodotto\/chaussettes-pro-racing-v4-0-run-high-high-dark-yellow\/#primaryimage"},"thumbnailUrl":"https:\/\/xmy.ch\/wp-content\/uploads\/2023\/11\/pro-racing-socks-v4-run-high-dark-yellow.webp","datePublished":"2023-11-06T08:06:59+00:00","dateModified":"2024-03-07T20:23:10+00:00","description":"Chaussettes Pro Racing V4.0 Run High High Dark Yellow offrent confort, protection contre les ampoules et ventilation optimale pour vos courses. Achetez d\u00e8s maintenant.","breadcrumb":{"@id":"https:\/\/xmy.ch\/fr\/prodotto\/chaussettes-pro-racing-v4-0-run-high-high-dark-yellow\/#breadcrumb"},"inLanguage":"fr-FR","potentialAction":[{"@type":"ReadAction","target":["https:\/\/xmy.ch\/fr\/prodotto\/chaussettes-pro-racing-v4-0-run-high-high-dark-yellow\/"]}]},{"@type":"ImageObject","inLanguage":"fr-FR","@id":"https:\/\/xmy.ch\/fr\/prodotto\/chaussettes-pro-racing-v4-0-run-high-high-dark-yellow\/#primaryimage","url":"https:\/\/xmy.ch\/wp-content\/uploads\/2023\/11\/pro-racing-socks-v4-run-high-dark-yellow.webp","contentUrl":"https:\/\/xmy.ch\/wp-content\/uploads\/2023\/11\/pro-racing-socks-v4-run-high-dark-yellow.webp","width":549,"height":712},{"@type":"BreadcrumbList","@id":"https:\/\/xmy.ch\/fr\/prodotto\/chaussettes-pro-racing-v4-0-run-high-high-dark-yellow\/#breadcrumb","itemListElement":[{"@type":"ListItem","position":1,"name":"Home","item":"https:\/\/xmy.ch\/fr\/"},{"@type":"ListItem","position":2,"name":"Boutique","item":"https:\/\/xmy.ch\/fr\/boutique\/"},{"@type":"ListItem","position":3,"name":"Chaussettes Pro Racing V4.0 Run High &#8211; High Dark Yellow"}]},{"@type":"WebSite","@id":"https:\/\/xmy.ch\/fr\/#website","url":"https:\/\/xmy.ch\/fr\/","name":"Xmy Sagl","description":"","publisher":{"@id":"https:\/\/xmy.ch\/fr\/#organization"},"potentialAction":[{"@type":"SearchAction","target":{"@type":"EntryPoint","urlTemplate":"https:\/\/xmy.ch\/fr\/?s={search_term_string}"},"query-input":{"@type":"PropertyValueSpecification","valueRequired":true,"valueName":"search_term_string"}}],"inLanguage":"fr-FR"},{"@type":"Organization","@id":"https:\/\/xmy.ch\/fr\/#organization","name":"Xmy Sagl","url":"https:\/\/xmy.ch\/fr\/","logo":{"@type":"ImageObject","inLanguage":"fr-FR","@id":"https:\/\/xmy.ch\/fr\/#\/schema\/logo\/image\/","url":"https:\/\/xmy.ch\/wp-content\/uploads\/2024\/02\/XMY_UNI_B.webp","contentUrl":"https:\/\/xmy.ch\/wp-content\/uploads\/2024\/02\/XMY_UNI_B.webp","width":1459,"height":421,"caption":"Xmy Sagl"},"image":{"@id":"https:\/\/xmy.ch\/fr\/#\/schema\/logo\/image\/"},"sameAs":["https:\/\/www.facebook.com\/xmy.sagl","https:\/\/www.instagram.com\/xmy.sagl\/"]}]}},"_links":{"self":[{"href":"https:\/\/xmy.ch\/fr\/wp-json\/wp\/v2\/product\/6894","targetHints":{"allow":["GET"]}}],"collection":[{"href":"https:\/\/xmy.ch\/fr\/wp-json\/wp\/v2\/product"}],"about":[{"href":"https:\/\/xmy.ch\/fr\/wp-json\/wp\/v2\/types\/product"}],"replies":[{"embeddable":true,"href":"https:\/\/xmy.ch\/fr\/wp-json\/wp\/v2\/comments?post=6894"}],"wp:featuredmedia":[{"embeddable":true,"href":"https:\/\/xmy.ch\/fr\/wp-json\/wp\/v2\/media\/4525"}],"wp:attachment":[{"href":"https:\/\/xmy.ch\/fr\/wp-json\/wp\/v2\/media?parent=6894"}],"wp:term":[{"taxonomy":"product_brand","embeddable":true,"href":"https:\/\/xmy.ch\/fr\/wp-json\/wp\/v2\/product_brand?post=6894"},{"taxonomy":"product_cat","embeddable":true,"href":"https:\/\/xmy.ch\/fr\/wp-json\/wp\/v2\/product_cat?post=6894"},{"taxonomy":"product_tag","embeddable":true,"href":"https:\/\/xmy.ch\/fr\/wp-json\/wp\/v2\/product_tag?post=6894"}],"curies":[{"name":"wp","href":"https:\/\/api.w.org\/{rel}","templated":true}]}}