{"id":6822,"date":"2023-11-06T11:43:40","date_gmt":"2023-11-06T10:43:40","guid":{"rendered":"https:\/\/xmy.ch\/prodotto\/chaussettes-pro-marathon-noir-rouge-a-haut-risque\/"},"modified":"2024-03-07T21:22:28","modified_gmt":"2024-03-07T20:22:28","slug":"chaussettes-pro-marathon-noir-rouge-a-haut-risque","status":"publish","type":"product","link":"https:\/\/xmy.ch\/fr\/prodotto\/chaussettes-pro-marathon-noir-rouge-a-haut-risque\/","title":{"rendered":"Chaussettes Pro Marathon &#8211; Noir\/Rouge \u00e0 haut risque"},"content":{"rendered":"<p>Chaussettes avec fibres PTFE int\u00e9gr\u00e9es pour \u00e9viter la surchauffe de la peau et les ampoules.<\/p>\n<p>Il y a trop de coureurs, y compris les professionnels, qui quittent la maison avec des orteils d\u00e9form\u00e9s et plus de patchs que de gels \u00e9nerg\u00e9tiques coinc\u00e9s dans leur ceinture. Nos toutes nouvelles chaussettes anti-ampoules sont le r\u00e9sultat de nombreuses \u00e9tudes identifiant l&rsquo;endroit exact o\u00f9 les athl\u00e8tes d\u00e9veloppent des plaies et la r\u00e9ponse de nos concepteurs \u00e0 de nombreuses questions \u00e9pineuses. Les zones sensibles autour de la cheville, des orteils et de la plante du pied sont \u00e9paissies ou rembourr\u00e9es pour un amortissement optimal. En outre, des fibres antibact\u00e9riennes en PTFE sont tiss\u00e9es dans certaines micro-zones cibl\u00e9es avec pr\u00e9cision afin d&rsquo;\u00e9viter la surchauffe de la peau, g\u00e9n\u00e9ralement responsable de la formation d&rsquo;ampoules. Notre technique de tissage ray\u00e9 offre une ventilation et une \u00e9vacuation de l&rsquo;humidit\u00e9 optimales. Une bande de renfort sur la zone du talon d&rsquo;Achille offre un soutien incroyablement stable, tandis que les points 3D multipli\u00e9s absorbent les vibrations maximales de l&rsquo;asphalte, stimulent le flux sanguin et augmentent l&rsquo;adh\u00e9rence. La compression accrue r\u00e9duit encore les mouvements du pied et am\u00e9liore l&rsquo;ergonomie g\u00e9n\u00e9rale. Associ\u00e9 \u00e0 une \u00e9vacuation optimis\u00e9e de la transpiration, ce syst\u00e8me am\u00e9liore non seulement le confort, mais contribue \u00e9galement \u00e0 r\u00e9duire les ampoules et la rugosit\u00e9 de la peau lors des longues randonn\u00e9es. Apr\u00e8s avoir couru un marathon sans ressentir de douleur gr\u00e2ce \u00e0 des chaussettes blanches professionnelles, vous pourriez presque en recommencer un autre.<\/p>\n<p>81% polyamide 17% \u00e9lasthanne 2% fluoropolym\u00e8re<\/p>\n<p><img decoding=\"async\" class=\"w-50 my-2\" src=\"https:\/\/www.compressport.com\/ch\/img\/prods_entretien.png\"><\/p>\n","protected":false},"excerpt":{"rendered":"<p>Chaussettes avec fibres PTFE int\u00e9gr\u00e9es pour \u00e9viter la surchauffe de la peau et les ampoules.<\/p>\n","protected":false},"featured_media":4749,"comment_status":"open","ping_status":"closed","template":"","meta":[],"product_brand":[],"product_cat":[313],"product_tag":[258,259],"class_list":{"0":"post-6822","1":"product","2":"type-product","3":"status-publish","4":"has-post-thumbnail","6":"product_cat-chaussettes","7":"product_tag-femme","8":"product_tag-lhomme","10":"first","11":"instock","12":"taxable","13":"shipping-taxable","14":"purchasable","15":"product-type-variable"},"yoast_head":"<!-- This site is optimized with the Yoast SEO Premium plugin v27.5 (Yoast SEO v27.5) - https:\/\/yoast.com\/product\/yoast-seo-premium-wordpress\/ -->\n<title>Chaussettes Marathon Pro \u2013 Noir\/Rouge haute performance<\/title>\n<meta name=\"description\" content=\"Chaussettes Marathon Pro avec fibres PTFE pour \u00e9viter surchauffe et ampoules. Confort et ventilation optimis\u00e9s pour les longues courses \u2014 achetez maintenant.\" \/>\n<meta name=\"robots\" content=\"index, follow, max-snippet:-1, max-image-preview:large, max-video-preview:-1\" \/>\n<link rel=\"canonical\" href=\"https:\/\/xmy.ch\/fr\/prodotto\/chaussettes-pro-marathon-noir-rouge-a-haut-risque\/\" \/>\n<meta property=\"og:locale\" content=\"fr_FR\" \/>\n<meta property=\"og:type\" content=\"article\" \/>\n<meta property=\"og:title\" content=\"Chaussettes Marathon Pro \u2013 Noir\/Rouge d&#039;Xmy Sagl\" \/>\n<meta property=\"og:description\" content=\"Confort et protection sur longues distances \u2014 achetez maintenant.\" \/>\n<meta property=\"og:url\" content=\"https:\/\/xmy.ch\/fr\/prodotto\/chaussettes-pro-marathon-noir-rouge-a-haut-risque\/\" \/>\n<meta property=\"og:site_name\" content=\"Xmy Sagl\" \/>\n<meta property=\"article:publisher\" content=\"https:\/\/www.facebook.com\/xmy.sagl\" \/>\n<meta property=\"article:modified_time\" content=\"2024-03-07T20:22:28+00:00\" \/>\n<meta property=\"og:image\" content=\"https:\/\/xmy.ch\/wp-content\/uploads\/2023\/11\/pro-marathon-socks-black-high-risk-red.webp\" \/>\n\t<meta property=\"og:image:width\" content=\"549\" \/>\n\t<meta property=\"og:image:height\" content=\"712\" \/>\n\t<meta property=\"og:image:type\" content=\"image\/webp\" \/>\n<meta name=\"twitter:card\" content=\"summary_large_image\" \/>\n<meta name=\"twitter:title\" content=\"Chaussettes Marathon Pro \u2013 Noir\/Rouge\" \/>\n<meta name=\"twitter:description\" content=\"Confort et protection pour marathons \u2014 achetez maintenant.\" \/>\n<meta name=\"twitter:label1\" content=\"Dur\u00e9e de lecture estim\u00e9e\" \/>\n\t<meta name=\"twitter:data1\" content=\"1 minute\" \/>\n<script type=\"application\/ld+json\" class=\"yoast-schema-graph\">{\"@context\":\"https:\\\/\\\/schema.org\",\"@graph\":[{\"@type\":\"WebPage\",\"@id\":\"https:\\\/\\\/xmy.ch\\\/fr\\\/prodotto\\\/chaussettes-pro-marathon-noir-rouge-a-haut-risque\\\/\",\"url\":\"https:\\\/\\\/xmy.ch\\\/fr\\\/prodotto\\\/chaussettes-pro-marathon-noir-rouge-a-haut-risque\\\/\",\"name\":\"Chaussettes Marathon Pro \u2013 Noir\\\/Rouge haute performance\",\"isPartOf\":{\"@id\":\"https:\\\/\\\/xmy.ch\\\/fr\\\/#website\"},\"primaryImageOfPage\":{\"@id\":\"https:\\\/\\\/xmy.ch\\\/fr\\\/prodotto\\\/chaussettes-pro-marathon-noir-rouge-a-haut-risque\\\/#primaryimage\"},\"image\":{\"@id\":\"https:\\\/\\\/xmy.ch\\\/fr\\\/prodotto\\\/chaussettes-pro-marathon-noir-rouge-a-haut-risque\\\/#primaryimage\"},\"thumbnailUrl\":\"https:\\\/\\\/xmy.ch\\\/wp-content\\\/uploads\\\/2023\\\/11\\\/pro-marathon-socks-black-high-risk-red.webp\",\"datePublished\":\"2023-11-06T10:43:40+00:00\",\"dateModified\":\"2024-03-07T20:22:28+00:00\",\"description\":\"Chaussettes Marathon Pro avec fibres PTFE pour \u00e9viter surchauffe et ampoules. Confort et ventilation optimis\u00e9s pour les longues courses \u2014 achetez maintenant.\",\"breadcrumb\":{\"@id\":\"https:\\\/\\\/xmy.ch\\\/fr\\\/prodotto\\\/chaussettes-pro-marathon-noir-rouge-a-haut-risque\\\/#breadcrumb\"},\"inLanguage\":\"fr-FR\",\"potentialAction\":[{\"@type\":\"ReadAction\",\"target\":[\"https:\\\/\\\/xmy.ch\\\/fr\\\/prodotto\\\/chaussettes-pro-marathon-noir-rouge-a-haut-risque\\\/\"]}]},{\"@type\":\"ImageObject\",\"inLanguage\":\"fr-FR\",\"@id\":\"https:\\\/\\\/xmy.ch\\\/fr\\\/prodotto\\\/chaussettes-pro-marathon-noir-rouge-a-haut-risque\\\/#primaryimage\",\"url\":\"https:\\\/\\\/xmy.ch\\\/wp-content\\\/uploads\\\/2023\\\/11\\\/pro-marathon-socks-black-high-risk-red.webp\",\"contentUrl\":\"https:\\\/\\\/xmy.ch\\\/wp-content\\\/uploads\\\/2023\\\/11\\\/pro-marathon-socks-black-high-risk-red.webp\",\"width\":549,\"height\":712},{\"@type\":\"BreadcrumbList\",\"@id\":\"https:\\\/\\\/xmy.ch\\\/fr\\\/prodotto\\\/chaussettes-pro-marathon-noir-rouge-a-haut-risque\\\/#breadcrumb\",\"itemListElement\":[{\"@type\":\"ListItem\",\"position\":1,\"name\":\"Home\",\"item\":\"https:\\\/\\\/xmy.ch\\\/fr\\\/\"},{\"@type\":\"ListItem\",\"position\":2,\"name\":\"Boutique\",\"item\":\"https:\\\/\\\/xmy.ch\\\/fr\\\/boutique\\\/\"},{\"@type\":\"ListItem\",\"position\":3,\"name\":\"Chaussettes Pro Marathon &#8211; Noir\\\/Rouge \u00e0 haut risque\"}]},{\"@type\":\"WebSite\",\"@id\":\"https:\\\/\\\/xmy.ch\\\/fr\\\/#website\",\"url\":\"https:\\\/\\\/xmy.ch\\\/fr\\\/\",\"name\":\"Xmy Sagl\",\"description\":\"\",\"publisher\":{\"@id\":\"https:\\\/\\\/xmy.ch\\\/fr\\\/#organization\"},\"potentialAction\":[{\"@type\":\"SearchAction\",\"target\":{\"@type\":\"EntryPoint\",\"urlTemplate\":\"https:\\\/\\\/xmy.ch\\\/fr\\\/?s={search_term_string}\"},\"query-input\":{\"@type\":\"PropertyValueSpecification\",\"valueRequired\":true,\"valueName\":\"search_term_string\"}}],\"inLanguage\":\"fr-FR\"},{\"@type\":\"Organization\",\"@id\":\"https:\\\/\\\/xmy.ch\\\/fr\\\/#organization\",\"name\":\"Xmy Sagl\",\"url\":\"https:\\\/\\\/xmy.ch\\\/fr\\\/\",\"logo\":{\"@type\":\"ImageObject\",\"inLanguage\":\"fr-FR\",\"@id\":\"https:\\\/\\\/xmy.ch\\\/fr\\\/#\\\/schema\\\/logo\\\/image\\\/\",\"url\":\"https:\\\/\\\/xmy.ch\\\/wp-content\\\/uploads\\\/2024\\\/02\\\/XMY_UNI_B.webp\",\"contentUrl\":\"https:\\\/\\\/xmy.ch\\\/wp-content\\\/uploads\\\/2024\\\/02\\\/XMY_UNI_B.webp\",\"width\":1459,\"height\":421,\"caption\":\"Xmy Sagl\"},\"image\":{\"@id\":\"https:\\\/\\\/xmy.ch\\\/fr\\\/#\\\/schema\\\/logo\\\/image\\\/\"},\"sameAs\":[\"https:\\\/\\\/www.facebook.com\\\/xmy.sagl\",\"https:\\\/\\\/www.instagram.com\\\/xmy.sagl\\\/\"]}]}<\/script>\n<!-- \/ Yoast SEO Premium plugin. -->","yoast_head_json":{"title":"Chaussettes Marathon Pro \u2013 Noir\/Rouge haute performance","description":"Chaussettes Marathon Pro avec fibres PTFE pour \u00e9viter surchauffe et ampoules. Confort et ventilation optimis\u00e9s pour les longues courses \u2014 achetez maintenant.","robots":{"index":"index","follow":"follow","max-snippet":"max-snippet:-1","max-image-preview":"max-image-preview:large","max-video-preview":"max-video-preview:-1"},"canonical":"https:\/\/xmy.ch\/fr\/prodotto\/chaussettes-pro-marathon-noir-rouge-a-haut-risque\/","og_locale":"fr_FR","og_type":"article","og_title":"Chaussettes Marathon Pro \u2013 Noir\/Rouge d'Xmy Sagl","og_description":"Confort et protection sur longues distances \u2014 achetez maintenant.","og_url":"https:\/\/xmy.ch\/fr\/prodotto\/chaussettes-pro-marathon-noir-rouge-a-haut-risque\/","og_site_name":"Xmy Sagl","article_publisher":"https:\/\/www.facebook.com\/xmy.sagl","article_modified_time":"2024-03-07T20:22:28+00:00","og_image":[{"width":549,"height":712,"url":"https:\/\/xmy.ch\/wp-content\/uploads\/2023\/11\/pro-marathon-socks-black-high-risk-red.webp","type":"image\/webp"}],"twitter_card":"summary_large_image","twitter_title":"Chaussettes Marathon Pro \u2013 Noir\/Rouge","twitter_description":"Confort et protection pour marathons \u2014 achetez maintenant.","twitter_misc":{"Dur\u00e9e de lecture estim\u00e9e":"1 minute"},"schema":{"@context":"https:\/\/schema.org","@graph":[{"@type":"WebPage","@id":"https:\/\/xmy.ch\/fr\/prodotto\/chaussettes-pro-marathon-noir-rouge-a-haut-risque\/","url":"https:\/\/xmy.ch\/fr\/prodotto\/chaussettes-pro-marathon-noir-rouge-a-haut-risque\/","name":"Chaussettes Marathon Pro \u2013 Noir\/Rouge haute performance","isPartOf":{"@id":"https:\/\/xmy.ch\/fr\/#website"},"primaryImageOfPage":{"@id":"https:\/\/xmy.ch\/fr\/prodotto\/chaussettes-pro-marathon-noir-rouge-a-haut-risque\/#primaryimage"},"image":{"@id":"https:\/\/xmy.ch\/fr\/prodotto\/chaussettes-pro-marathon-noir-rouge-a-haut-risque\/#primaryimage"},"thumbnailUrl":"https:\/\/xmy.ch\/wp-content\/uploads\/2023\/11\/pro-marathon-socks-black-high-risk-red.webp","datePublished":"2023-11-06T10:43:40+00:00","dateModified":"2024-03-07T20:22:28+00:00","description":"Chaussettes Marathon Pro avec fibres PTFE pour \u00e9viter surchauffe et ampoules. Confort et ventilation optimis\u00e9s pour les longues courses \u2014 achetez maintenant.","breadcrumb":{"@id":"https:\/\/xmy.ch\/fr\/prodotto\/chaussettes-pro-marathon-noir-rouge-a-haut-risque\/#breadcrumb"},"inLanguage":"fr-FR","potentialAction":[{"@type":"ReadAction","target":["https:\/\/xmy.ch\/fr\/prodotto\/chaussettes-pro-marathon-noir-rouge-a-haut-risque\/"]}]},{"@type":"ImageObject","inLanguage":"fr-FR","@id":"https:\/\/xmy.ch\/fr\/prodotto\/chaussettes-pro-marathon-noir-rouge-a-haut-risque\/#primaryimage","url":"https:\/\/xmy.ch\/wp-content\/uploads\/2023\/11\/pro-marathon-socks-black-high-risk-red.webp","contentUrl":"https:\/\/xmy.ch\/wp-content\/uploads\/2023\/11\/pro-marathon-socks-black-high-risk-red.webp","width":549,"height":712},{"@type":"BreadcrumbList","@id":"https:\/\/xmy.ch\/fr\/prodotto\/chaussettes-pro-marathon-noir-rouge-a-haut-risque\/#breadcrumb","itemListElement":[{"@type":"ListItem","position":1,"name":"Home","item":"https:\/\/xmy.ch\/fr\/"},{"@type":"ListItem","position":2,"name":"Boutique","item":"https:\/\/xmy.ch\/fr\/boutique\/"},{"@type":"ListItem","position":3,"name":"Chaussettes Pro Marathon &#8211; Noir\/Rouge \u00e0 haut risque"}]},{"@type":"WebSite","@id":"https:\/\/xmy.ch\/fr\/#website","url":"https:\/\/xmy.ch\/fr\/","name":"Xmy Sagl","description":"","publisher":{"@id":"https:\/\/xmy.ch\/fr\/#organization"},"potentialAction":[{"@type":"SearchAction","target":{"@type":"EntryPoint","urlTemplate":"https:\/\/xmy.ch\/fr\/?s={search_term_string}"},"query-input":{"@type":"PropertyValueSpecification","valueRequired":true,"valueName":"search_term_string"}}],"inLanguage":"fr-FR"},{"@type":"Organization","@id":"https:\/\/xmy.ch\/fr\/#organization","name":"Xmy Sagl","url":"https:\/\/xmy.ch\/fr\/","logo":{"@type":"ImageObject","inLanguage":"fr-FR","@id":"https:\/\/xmy.ch\/fr\/#\/schema\/logo\/image\/","url":"https:\/\/xmy.ch\/wp-content\/uploads\/2024\/02\/XMY_UNI_B.webp","contentUrl":"https:\/\/xmy.ch\/wp-content\/uploads\/2024\/02\/XMY_UNI_B.webp","width":1459,"height":421,"caption":"Xmy Sagl"},"image":{"@id":"https:\/\/xmy.ch\/fr\/#\/schema\/logo\/image\/"},"sameAs":["https:\/\/www.facebook.com\/xmy.sagl","https:\/\/www.instagram.com\/xmy.sagl\/"]}]}},"_links":{"self":[{"href":"https:\/\/xmy.ch\/fr\/wp-json\/wp\/v2\/product\/6822","targetHints":{"allow":["GET"]}}],"collection":[{"href":"https:\/\/xmy.ch\/fr\/wp-json\/wp\/v2\/product"}],"about":[{"href":"https:\/\/xmy.ch\/fr\/wp-json\/wp\/v2\/types\/product"}],"replies":[{"embeddable":true,"href":"https:\/\/xmy.ch\/fr\/wp-json\/wp\/v2\/comments?post=6822"}],"wp:featuredmedia":[{"embeddable":true,"href":"https:\/\/xmy.ch\/fr\/wp-json\/wp\/v2\/media\/4749"}],"wp:attachment":[{"href":"https:\/\/xmy.ch\/fr\/wp-json\/wp\/v2\/media?parent=6822"}],"wp:term":[{"taxonomy":"product_brand","embeddable":true,"href":"https:\/\/xmy.ch\/fr\/wp-json\/wp\/v2\/product_brand?post=6822"},{"taxonomy":"product_cat","embeddable":true,"href":"https:\/\/xmy.ch\/fr\/wp-json\/wp\/v2\/product_cat?post=6822"},{"taxonomy":"product_tag","embeddable":true,"href":"https:\/\/xmy.ch\/fr\/wp-json\/wp\/v2\/product_tag?post=6822"}],"curies":[{"name":"wp","href":"https:\/\/api.w.org\/{rel}","templated":true}]}}