{"id":6811,"date":"2023-11-06T11:53:14","date_gmt":"2023-11-06T10:53:14","guid":{"rendered":"https:\/\/xmy.ch\/prodotto\/chaussettes-ultra-trail-noir\/"},"modified":"2024-03-07T21:22:29","modified_gmt":"2024-03-07T20:22:29","slug":"chaussettes-ultra-trail-noir","status":"publish","type":"product","link":"https:\/\/xmy.ch\/fr\/prodotto\/chaussettes-ultra-trail-noir\/","title":{"rendered":"Chaussettes Ultra Trail &#8211; Noir"},"content":{"rendered":"<p>Chaussettes haute performance d\u00e9velopp\u00e9es pour les ultra-athl\u00e8tes, offrant encore plus de soutien et d&rsquo;amorti pour une protection optimale pendant les courses de longue distance.<\/p>\n<p>Diego et Seb peuvent confirmer que 100 miles est une tr\u00e8s, tr\u00e8s longue distance. Ils peuvent \u00e9galement confirmer que la dur\u00e9e est encore plus longue si vous avez des pieds cass\u00e9s. Con\u00e7ues \u00e0 l&rsquo;origine pour r\u00e9pondre aux exigences de l&rsquo;\u00e9prouvant UTMB, vous serez excus\u00e9 de porter ces chaussettes de protection sur d&rsquo;autres ultra trails dans le monde. Inspir\u00e9es des chaussettes de course professionnelles, ces chaussettes de trail ultra sont dot\u00e9es d&rsquo;une bande renforc\u00e9e au niveau du talon d&rsquo;Achille pour un soutien suppl\u00e9mentaire et une stabilit\u00e9 incroyable. Les nombreux points 3D absorbent une grande partie des chocs et des vibrations du terrain en constante \u00e9volution, tout en pr\u00e9venant intelligemment les contusions sur l&rsquo;int\u00e9rieur de la jambe et la mall\u00e9ole caus\u00e9es par le tournoiement des pieds. La bo\u00eete \u00e0 orteils est sp\u00e9cialement renforc\u00e9e et rembourr\u00e9e pour prot\u00e9ger les orteils et les ongles dans les descentes techniques mortelles. Dans les parties m\u00e9dianes et ant\u00e9rieures du pied, la combinaison des coutures et du support de vo\u00fbte \u00e0 360\u00b0 emp\u00eache le tissu de se tordre, r\u00e9duisant ainsi le risque d&rsquo;ampoules et offrant une plus grande stabilit\u00e9. La compression cibl\u00e9e augmente le flux sanguin pour retarder la fatigue et vous permettre de continuer \u00e0 courir toute la nuit. Suivez les conseils de nos professionnels et partez \u00e0 la conqu\u00eate des terrains les plus difficiles avec les chaussettes ultra trail noires.<\/p>\n<p>95% polyamide 5% \u00e9lasthanne<\/p>\n<p><img decoding=\"async\" class=\"w-50 my-2\" src=\"https:\/\/www.compressport.com\/ch\/img\/prods_entretien.png\"><\/p>\n","protected":false},"excerpt":{"rendered":"<p>Chaussettes haute performance d\u00e9velopp\u00e9es pour les ultra-athl\u00e8tes, offrant encore plus de soutien et d&rsquo;amorti pour une protection optimale pendant les courses de longue distance.<\/p>\n","protected":false},"featured_media":7018,"comment_status":"open","ping_status":"closed","template":"","meta":[],"product_brand":[],"product_cat":[313],"product_tag":[258,259],"class_list":{"0":"post-6811","1":"product","2":"type-product","3":"status-publish","4":"has-post-thumbnail","6":"product_cat-chaussettes","7":"product_tag-femme","8":"product_tag-lhomme","10":"first","11":"instock","12":"taxable","13":"shipping-taxable","14":"purchasable","15":"product-type-variable"},"yoast_head":"<!-- This site is optimized with the Yoast SEO Premium plugin v27.5 (Yoast SEO v27.5) - https:\/\/yoast.com\/product\/yoast-seo-premium-wordpress\/ -->\n<title>Chaussettes Ultra Trail \u2013 Noir | Haute performance<\/title>\n<meta name=\"description\" content=\"Chaussettes Ultra Trail offrent soutien et amorti pour les longues distances. Prot\u00e9gez vos pieds et partez \u00e0 l\u2019assaut des ultra-trails, commandez d\u00e8s maintenant.\" \/>\n<meta name=\"robots\" content=\"index, follow, max-snippet:-1, max-image-preview:large, max-video-preview:-1\" \/>\n<link rel=\"canonical\" href=\"https:\/\/xmy.ch\/fr\/prodotto\/chaussettes-ultra-trail-noir\/\" \/>\n<meta property=\"og:locale\" content=\"fr_FR\" \/>\n<meta property=\"og:type\" content=\"article\" \/>\n<meta property=\"og:title\" content=\"Chaussettes Ultra Trail \u2013 Noir, haute performance\" \/>\n<meta property=\"og:description\" content=\"Prot\u00e9gez vos pieds pour vos ultra-trails. Commandez maintenant.\" \/>\n<meta property=\"og:url\" content=\"https:\/\/xmy.ch\/fr\/prodotto\/chaussettes-ultra-trail-noir\/\" \/>\n<meta property=\"og:site_name\" content=\"Xmy Sagl\" \/>\n<meta property=\"article:publisher\" content=\"https:\/\/www.facebook.com\/xmy.sagl\" \/>\n<meta property=\"article:modified_time\" content=\"2024-03-07T20:22:29+00:00\" \/>\n<meta property=\"og:image\" content=\"https:\/\/xmy.ch\/wp-content\/uploads\/2023\/11\/calze-da-corsa-calze-running-calze-ultratrail.webp\" \/>\n\t<meta property=\"og:image:width\" content=\"549\" \/>\n\t<meta property=\"og:image:height\" content=\"712\" \/>\n\t<meta property=\"og:image:type\" content=\"image\/webp\" \/>\n<meta name=\"twitter:card\" content=\"summary_large_image\" \/>\n<meta name=\"twitter:title\" content=\"Chaussettes Ultra Trail \u2013 Noir, performance ultime\" \/>\n<meta name=\"twitter:description\" content=\"Boostez votre endurance avec ces chaussettes. Achetez d\u00e8s aujourd\u2019hui.\" \/>\n<meta name=\"twitter:label1\" content=\"Dur\u00e9e de lecture estim\u00e9e\" \/>\n\t<meta name=\"twitter:data1\" content=\"1 minute\" \/>\n<script type=\"application\/ld+json\" class=\"yoast-schema-graph\">{\"@context\":\"https:\\\/\\\/schema.org\",\"@graph\":[{\"@type\":\"WebPage\",\"@id\":\"https:\\\/\\\/xmy.ch\\\/fr\\\/prodotto\\\/chaussettes-ultra-trail-noir\\\/\",\"url\":\"https:\\\/\\\/xmy.ch\\\/fr\\\/prodotto\\\/chaussettes-ultra-trail-noir\\\/\",\"name\":\"Chaussettes Ultra Trail \u2013 Noir | Haute performance\",\"isPartOf\":{\"@id\":\"https:\\\/\\\/xmy.ch\\\/fr\\\/#website\"},\"primaryImageOfPage\":{\"@id\":\"https:\\\/\\\/xmy.ch\\\/fr\\\/prodotto\\\/chaussettes-ultra-trail-noir\\\/#primaryimage\"},\"image\":{\"@id\":\"https:\\\/\\\/xmy.ch\\\/fr\\\/prodotto\\\/chaussettes-ultra-trail-noir\\\/#primaryimage\"},\"thumbnailUrl\":\"https:\\\/\\\/xmy.ch\\\/wp-content\\\/uploads\\\/2023\\\/11\\\/calze-da-corsa-calze-running-calze-ultratrail.webp\",\"datePublished\":\"2023-11-06T10:53:14+00:00\",\"dateModified\":\"2024-03-07T20:22:29+00:00\",\"description\":\"Chaussettes Ultra Trail offrent soutien et amorti pour les longues distances. Prot\u00e9gez vos pieds et partez \u00e0 l\u2019assaut des ultra-trails, commandez d\u00e8s maintenant.\",\"breadcrumb\":{\"@id\":\"https:\\\/\\\/xmy.ch\\\/fr\\\/prodotto\\\/chaussettes-ultra-trail-noir\\\/#breadcrumb\"},\"inLanguage\":\"fr-FR\",\"potentialAction\":[{\"@type\":\"ReadAction\",\"target\":[\"https:\\\/\\\/xmy.ch\\\/fr\\\/prodotto\\\/chaussettes-ultra-trail-noir\\\/\"]}]},{\"@type\":\"ImageObject\",\"inLanguage\":\"fr-FR\",\"@id\":\"https:\\\/\\\/xmy.ch\\\/fr\\\/prodotto\\\/chaussettes-ultra-trail-noir\\\/#primaryimage\",\"url\":\"https:\\\/\\\/xmy.ch\\\/wp-content\\\/uploads\\\/2023\\\/11\\\/calze-da-corsa-calze-running-calze-ultratrail.webp\",\"contentUrl\":\"https:\\\/\\\/xmy.ch\\\/wp-content\\\/uploads\\\/2023\\\/11\\\/calze-da-corsa-calze-running-calze-ultratrail.webp\",\"width\":549,\"height\":712,\"caption\":\"Vengono mostrate delle calze da corsa o anche chiamate calze running o calze ultratrail\"},{\"@type\":\"BreadcrumbList\",\"@id\":\"https:\\\/\\\/xmy.ch\\\/fr\\\/prodotto\\\/chaussettes-ultra-trail-noir\\\/#breadcrumb\",\"itemListElement\":[{\"@type\":\"ListItem\",\"position\":1,\"name\":\"Home\",\"item\":\"https:\\\/\\\/xmy.ch\\\/fr\\\/\"},{\"@type\":\"ListItem\",\"position\":2,\"name\":\"Boutique\",\"item\":\"https:\\\/\\\/xmy.ch\\\/fr\\\/boutique\\\/\"},{\"@type\":\"ListItem\",\"position\":3,\"name\":\"Chaussettes Ultra Trail &#8211; Noir\"}]},{\"@type\":\"WebSite\",\"@id\":\"https:\\\/\\\/xmy.ch\\\/fr\\\/#website\",\"url\":\"https:\\\/\\\/xmy.ch\\\/fr\\\/\",\"name\":\"Xmy Sagl\",\"description\":\"\",\"publisher\":{\"@id\":\"https:\\\/\\\/xmy.ch\\\/fr\\\/#organization\"},\"potentialAction\":[{\"@type\":\"SearchAction\",\"target\":{\"@type\":\"EntryPoint\",\"urlTemplate\":\"https:\\\/\\\/xmy.ch\\\/fr\\\/?s={search_term_string}\"},\"query-input\":{\"@type\":\"PropertyValueSpecification\",\"valueRequired\":true,\"valueName\":\"search_term_string\"}}],\"inLanguage\":\"fr-FR\"},{\"@type\":\"Organization\",\"@id\":\"https:\\\/\\\/xmy.ch\\\/fr\\\/#organization\",\"name\":\"Xmy Sagl\",\"url\":\"https:\\\/\\\/xmy.ch\\\/fr\\\/\",\"logo\":{\"@type\":\"ImageObject\",\"inLanguage\":\"fr-FR\",\"@id\":\"https:\\\/\\\/xmy.ch\\\/fr\\\/#\\\/schema\\\/logo\\\/image\\\/\",\"url\":\"https:\\\/\\\/xmy.ch\\\/wp-content\\\/uploads\\\/2024\\\/02\\\/XMY_UNI_B.webp\",\"contentUrl\":\"https:\\\/\\\/xmy.ch\\\/wp-content\\\/uploads\\\/2024\\\/02\\\/XMY_UNI_B.webp\",\"width\":1459,\"height\":421,\"caption\":\"Xmy Sagl\"},\"image\":{\"@id\":\"https:\\\/\\\/xmy.ch\\\/fr\\\/#\\\/schema\\\/logo\\\/image\\\/\"},\"sameAs\":[\"https:\\\/\\\/www.facebook.com\\\/xmy.sagl\",\"https:\\\/\\\/www.instagram.com\\\/xmy.sagl\\\/\"]}]}<\/script>\n<!-- \/ Yoast SEO Premium plugin. -->","yoast_head_json":{"title":"Chaussettes Ultra Trail \u2013 Noir | Haute performance","description":"Chaussettes Ultra Trail offrent soutien et amorti pour les longues distances. Prot\u00e9gez vos pieds et partez \u00e0 l\u2019assaut des ultra-trails, commandez d\u00e8s maintenant.","robots":{"index":"index","follow":"follow","max-snippet":"max-snippet:-1","max-image-preview":"max-image-preview:large","max-video-preview":"max-video-preview:-1"},"canonical":"https:\/\/xmy.ch\/fr\/prodotto\/chaussettes-ultra-trail-noir\/","og_locale":"fr_FR","og_type":"article","og_title":"Chaussettes Ultra Trail \u2013 Noir, haute performance","og_description":"Prot\u00e9gez vos pieds pour vos ultra-trails. Commandez maintenant.","og_url":"https:\/\/xmy.ch\/fr\/prodotto\/chaussettes-ultra-trail-noir\/","og_site_name":"Xmy Sagl","article_publisher":"https:\/\/www.facebook.com\/xmy.sagl","article_modified_time":"2024-03-07T20:22:29+00:00","og_image":[{"width":549,"height":712,"url":"https:\/\/xmy.ch\/wp-content\/uploads\/2023\/11\/calze-da-corsa-calze-running-calze-ultratrail.webp","type":"image\/webp"}],"twitter_card":"summary_large_image","twitter_title":"Chaussettes Ultra Trail \u2013 Noir, performance ultime","twitter_description":"Boostez votre endurance avec ces chaussettes. Achetez d\u00e8s aujourd\u2019hui.","twitter_misc":{"Dur\u00e9e de lecture estim\u00e9e":"1 minute"},"schema":{"@context":"https:\/\/schema.org","@graph":[{"@type":"WebPage","@id":"https:\/\/xmy.ch\/fr\/prodotto\/chaussettes-ultra-trail-noir\/","url":"https:\/\/xmy.ch\/fr\/prodotto\/chaussettes-ultra-trail-noir\/","name":"Chaussettes Ultra Trail \u2013 Noir | Haute performance","isPartOf":{"@id":"https:\/\/xmy.ch\/fr\/#website"},"primaryImageOfPage":{"@id":"https:\/\/xmy.ch\/fr\/prodotto\/chaussettes-ultra-trail-noir\/#primaryimage"},"image":{"@id":"https:\/\/xmy.ch\/fr\/prodotto\/chaussettes-ultra-trail-noir\/#primaryimage"},"thumbnailUrl":"https:\/\/xmy.ch\/wp-content\/uploads\/2023\/11\/calze-da-corsa-calze-running-calze-ultratrail.webp","datePublished":"2023-11-06T10:53:14+00:00","dateModified":"2024-03-07T20:22:29+00:00","description":"Chaussettes Ultra Trail offrent soutien et amorti pour les longues distances. Prot\u00e9gez vos pieds et partez \u00e0 l\u2019assaut des ultra-trails, commandez d\u00e8s maintenant.","breadcrumb":{"@id":"https:\/\/xmy.ch\/fr\/prodotto\/chaussettes-ultra-trail-noir\/#breadcrumb"},"inLanguage":"fr-FR","potentialAction":[{"@type":"ReadAction","target":["https:\/\/xmy.ch\/fr\/prodotto\/chaussettes-ultra-trail-noir\/"]}]},{"@type":"ImageObject","inLanguage":"fr-FR","@id":"https:\/\/xmy.ch\/fr\/prodotto\/chaussettes-ultra-trail-noir\/#primaryimage","url":"https:\/\/xmy.ch\/wp-content\/uploads\/2023\/11\/calze-da-corsa-calze-running-calze-ultratrail.webp","contentUrl":"https:\/\/xmy.ch\/wp-content\/uploads\/2023\/11\/calze-da-corsa-calze-running-calze-ultratrail.webp","width":549,"height":712,"caption":"Vengono mostrate delle calze da corsa o anche chiamate calze running o calze ultratrail"},{"@type":"BreadcrumbList","@id":"https:\/\/xmy.ch\/fr\/prodotto\/chaussettes-ultra-trail-noir\/#breadcrumb","itemListElement":[{"@type":"ListItem","position":1,"name":"Home","item":"https:\/\/xmy.ch\/fr\/"},{"@type":"ListItem","position":2,"name":"Boutique","item":"https:\/\/xmy.ch\/fr\/boutique\/"},{"@type":"ListItem","position":3,"name":"Chaussettes Ultra Trail &#8211; Noir"}]},{"@type":"WebSite","@id":"https:\/\/xmy.ch\/fr\/#website","url":"https:\/\/xmy.ch\/fr\/","name":"Xmy Sagl","description":"","publisher":{"@id":"https:\/\/xmy.ch\/fr\/#organization"},"potentialAction":[{"@type":"SearchAction","target":{"@type":"EntryPoint","urlTemplate":"https:\/\/xmy.ch\/fr\/?s={search_term_string}"},"query-input":{"@type":"PropertyValueSpecification","valueRequired":true,"valueName":"search_term_string"}}],"inLanguage":"fr-FR"},{"@type":"Organization","@id":"https:\/\/xmy.ch\/fr\/#organization","name":"Xmy Sagl","url":"https:\/\/xmy.ch\/fr\/","logo":{"@type":"ImageObject","inLanguage":"fr-FR","@id":"https:\/\/xmy.ch\/fr\/#\/schema\/logo\/image\/","url":"https:\/\/xmy.ch\/wp-content\/uploads\/2024\/02\/XMY_UNI_B.webp","contentUrl":"https:\/\/xmy.ch\/wp-content\/uploads\/2024\/02\/XMY_UNI_B.webp","width":1459,"height":421,"caption":"Xmy Sagl"},"image":{"@id":"https:\/\/xmy.ch\/fr\/#\/schema\/logo\/image\/"},"sameAs":["https:\/\/www.facebook.com\/xmy.sagl","https:\/\/www.instagram.com\/xmy.sagl\/"]}]}},"_links":{"self":[{"href":"https:\/\/xmy.ch\/fr\/wp-json\/wp\/v2\/product\/6811","targetHints":{"allow":["GET"]}}],"collection":[{"href":"https:\/\/xmy.ch\/fr\/wp-json\/wp\/v2\/product"}],"about":[{"href":"https:\/\/xmy.ch\/fr\/wp-json\/wp\/v2\/types\/product"}],"replies":[{"embeddable":true,"href":"https:\/\/xmy.ch\/fr\/wp-json\/wp\/v2\/comments?post=6811"}],"wp:featuredmedia":[{"embeddable":true,"href":"https:\/\/xmy.ch\/fr\/wp-json\/wp\/v2\/media\/7018"}],"wp:attachment":[{"href":"https:\/\/xmy.ch\/fr\/wp-json\/wp\/v2\/media?parent=6811"}],"wp:term":[{"taxonomy":"product_brand","embeddable":true,"href":"https:\/\/xmy.ch\/fr\/wp-json\/wp\/v2\/product_brand?post=6811"},{"taxonomy":"product_cat","embeddable":true,"href":"https:\/\/xmy.ch\/fr\/wp-json\/wp\/v2\/product_cat?post=6811"},{"taxonomy":"product_tag","embeddable":true,"href":"https:\/\/xmy.ch\/fr\/wp-json\/wp\/v2\/product_tag?post=6811"}],"curies":[{"name":"wp","href":"https:\/\/api.w.org\/{rel}","templated":true}]}}