{"id":6787,"date":"2023-11-06T10:14:00","date_gmt":"2023-11-06T09:14:00","guid":{"rendered":"https:\/\/xmy.ch\/prodotto\/chaussettes-completes-de-recuperation-noir\/"},"modified":"2024-03-07T21:22:26","modified_gmt":"2024-03-07T20:22:26","slug":"chaussettes-completes-de-recuperation-noir","status":"publish","type":"product","link":"https:\/\/xmy.ch\/fr\/prodotto\/chaussettes-completes-de-recuperation-noir\/","title":{"rendered":"Chaussettes compl\u00e8tes de r\u00e9cup\u00e9ration &#8211; Noir"},"content":{"rendered":"<p>Chaussettes de r\u00e9cup\u00e9ration haute performance pour activer le retour veineux, \u00e9liminer les toxines et acc\u00e9l\u00e9rer la r\u00e9g\u00e9n\u00e9ration musculaire apr\u00e8s l&rsquo;entra\u00eenement et la course.<\/p>\n<p>Tout comme les prot\u00e9ines aident \u00e0 reconstruire les fibres musculaires endommag\u00e9es, les chaussettes Full Socks Recovery stimulent le flux sanguin pour acc\u00e9l\u00e9rer le processus de r\u00e9g\u00e9n\u00e9ration musculaire. La compression graduelle contr\u00f4l\u00e9e m\u00e9dicalement du pied vers le haut agit un peu comme si l&rsquo;on pressait un tube de dentifrice \u00e0 partir du bas, favorisant le retour veineux et l&rsquo;\u00e9limination des toxines. Port\u00e9s apr\u00e8s un effort ou pendant un voyage, ces bas contribuent fortement au gonflement des jambes et \u00e0 la fatigue musculaire retard\u00e9e (DOMS). Des points 3D soigneusement positionn\u00e9s autour du pied et de la zone du talon d&rsquo;Achille aident \u00e0 am\u00e9liorer la circulation sanguine et procurent un micro-massage en douceur, tandis qu&rsquo;un support de vo\u00fbte plantaire serr\u00e9 emp\u00eache la chaussette de bouger et stimule davantage le retour veineux. Gr\u00e2ce \u00e0 la ventilation int\u00e9gr\u00e9e, vous n&rsquo;aurez jamais chaud avec ces chaussettes : vos pieds restent confortables, frais et secs ! Toute cette technologie est contenue dans un design noir sobre et \u00e9l\u00e9gant, conforme \u00e0 l&rsquo;image de Compressport. Notre tableau des tailles actualis\u00e9 propose deux largeurs de mollet pour chaque pointure, afin que vous soyez s\u00fbr de trouver celles qui vous conviennent le mieux. (En cas de doute, choisissez une taille au-dessus de la v\u00f4tre pour \u00e9viter une compression excessive). Nous avons initialement d\u00e9velopp\u00e9 ces technologies de haute performance pour nos professionnels, mais vous pouvez vous aussi optimiser votre r\u00e9cup\u00e9ration pour vous sentir mieux aujourd&rsquo;hui et aller plus vite demain. Portez ces chaussettes de r\u00e9cup\u00e9ration ultra-l\u00e9g\u00e8res apr\u00e8s l&rsquo;entra\u00eenement, pour prendre l&rsquo;avion ou simplement pour une longue journ\u00e9e au bureau. Votre corps vous remerciera.<\/p>\n<p>83% Polyamide, 9% Modal, 8% Elasthanne<\/p>\n<p><img decoding=\"async\" class=\"w-50 my-2\" src=\"https:\/\/www.compressport.com\/ch\/img\/prods_entretien.png\"><\/p>\n","protected":false},"excerpt":{"rendered":"<p>Chaussettes de r\u00e9cup\u00e9ration haute performance pour activer le retour veineux, \u00e9liminer les toxines et acc\u00e9l\u00e9rer la r\u00e9g\u00e9n\u00e9ration musculaire apr\u00e8s l&rsquo;entra\u00eenement et la course.<\/p>\n","protected":false},"featured_media":4735,"comment_status":"open","ping_status":"closed","template":"","meta":[],"product_brand":[],"product_cat":[313],"product_tag":[258,259],"class_list":{"0":"post-6787","1":"product","2":"type-product","3":"status-publish","4":"has-post-thumbnail","6":"product_cat-chaussettes","7":"product_tag-femme","8":"product_tag-lhomme","10":"first","11":"instock","12":"taxable","13":"shipping-taxable","14":"purchasable","15":"product-type-variable"},"yoast_head":"<!-- This site is optimized with the Yoast SEO Premium plugin v27.5 (Yoast SEO v27.5) - https:\/\/yoast.com\/product\/yoast-seo-premium-wordpress\/ -->\n<title>Chaussettes r\u00e9cup\u00e9ration Full Socks Recovery Noir Premium<\/title>\n<meta name=\"description\" content=\"Chaussettes r\u00e9cup\u00e9ration Full Socks Recovery Noir : activez le retour veineux, \u00e9liminez les toxines et acc\u00e9l\u00e9rez la r\u00e9g\u00e9n\u00e9ration musculaire apr\u00e8s l\u2019entra\u00eenement. Commandez d\u00e8s maintenant.\" \/>\n<meta name=\"robots\" content=\"index, follow, max-snippet:-1, max-image-preview:large, max-video-preview:-1\" \/>\n<link rel=\"canonical\" href=\"https:\/\/xmy.ch\/fr\/prodotto\/chaussettes-completes-de-recuperation-noir\/\" \/>\n<meta property=\"og:locale\" content=\"fr_FR\" \/>\n<meta property=\"og:type\" content=\"article\" \/>\n<meta property=\"og:title\" content=\"Chaussettes r\u00e9cup\u00e9ration Full Socks Recovery Noir\" \/>\n<meta property=\"og:description\" content=\"Optimisez votre r\u00e9cup\u00e9ration avec Full Socks Recovery Noir. Achetez maintenant.\" \/>\n<meta property=\"og:url\" content=\"https:\/\/xmy.ch\/fr\/prodotto\/chaussettes-completes-de-recuperation-noir\/\" \/>\n<meta property=\"og:site_name\" content=\"Xmy Sagl\" \/>\n<meta property=\"article:publisher\" content=\"https:\/\/www.facebook.com\/xmy.sagl\" \/>\n<meta property=\"article:modified_time\" content=\"2024-03-07T20:22:26+00:00\" \/>\n<meta property=\"og:image\" content=\"https:\/\/xmy.ch\/wp-content\/uploads\/2023\/11\/calze-alte-da-recupero-black.jpg\" \/>\n\t<meta property=\"og:image:width\" content=\"549\" \/>\n\t<meta property=\"og:image:height\" content=\"712\" \/>\n\t<meta property=\"og:image:type\" content=\"image\/jpeg\" \/>\n<meta name=\"twitter:card\" content=\"summary_large_image\" \/>\n<meta name=\"twitter:title\" content=\"Chaussettes r\u00e9cup\u00e9ration \u2013 Full Socks Recovery Noir\" \/>\n<meta name=\"twitter:description\" content=\"Acc\u00e9l\u00e9rez la r\u00e9g\u00e9n\u00e9ration musculaire apr\u00e8s l\u2019effort. Commandez maintenant.\" \/>\n<meta name=\"twitter:label1\" content=\"Dur\u00e9e de lecture estim\u00e9e\" \/>\n\t<meta name=\"twitter:data1\" content=\"2 minutes\" \/>\n<script type=\"application\/ld+json\" class=\"yoast-schema-graph\">{\"@context\":\"https:\\\/\\\/schema.org\",\"@graph\":[{\"@type\":\"WebPage\",\"@id\":\"https:\\\/\\\/xmy.ch\\\/fr\\\/prodotto\\\/chaussettes-completes-de-recuperation-noir\\\/\",\"url\":\"https:\\\/\\\/xmy.ch\\\/fr\\\/prodotto\\\/chaussettes-completes-de-recuperation-noir\\\/\",\"name\":\"Chaussettes r\u00e9cup\u00e9ration Full Socks Recovery Noir Premium\",\"isPartOf\":{\"@id\":\"https:\\\/\\\/xmy.ch\\\/fr\\\/#website\"},\"primaryImageOfPage\":{\"@id\":\"https:\\\/\\\/xmy.ch\\\/fr\\\/prodotto\\\/chaussettes-completes-de-recuperation-noir\\\/#primaryimage\"},\"image\":{\"@id\":\"https:\\\/\\\/xmy.ch\\\/fr\\\/prodotto\\\/chaussettes-completes-de-recuperation-noir\\\/#primaryimage\"},\"thumbnailUrl\":\"https:\\\/\\\/xmy.ch\\\/wp-content\\\/uploads\\\/2023\\\/11\\\/calze-alte-da-recupero-black.jpg\",\"datePublished\":\"2023-11-06T09:14:00+00:00\",\"dateModified\":\"2024-03-07T20:22:26+00:00\",\"description\":\"Chaussettes r\u00e9cup\u00e9ration Full Socks Recovery Noir : activez le retour veineux, \u00e9liminez les toxines et acc\u00e9l\u00e9rez la r\u00e9g\u00e9n\u00e9ration musculaire apr\u00e8s l\u2019entra\u00eenement. Commandez d\u00e8s maintenant.\",\"breadcrumb\":{\"@id\":\"https:\\\/\\\/xmy.ch\\\/fr\\\/prodotto\\\/chaussettes-completes-de-recuperation-noir\\\/#breadcrumb\"},\"inLanguage\":\"fr-FR\",\"potentialAction\":[{\"@type\":\"ReadAction\",\"target\":[\"https:\\\/\\\/xmy.ch\\\/fr\\\/prodotto\\\/chaussettes-completes-de-recuperation-noir\\\/\"]}]},{\"@type\":\"ImageObject\",\"inLanguage\":\"fr-FR\",\"@id\":\"https:\\\/\\\/xmy.ch\\\/fr\\\/prodotto\\\/chaussettes-completes-de-recuperation-noir\\\/#primaryimage\",\"url\":\"https:\\\/\\\/xmy.ch\\\/wp-content\\\/uploads\\\/2023\\\/11\\\/calze-alte-da-recupero-black.jpg\",\"contentUrl\":\"https:\\\/\\\/xmy.ch\\\/wp-content\\\/uploads\\\/2023\\\/11\\\/calze-alte-da-recupero-black.jpg\",\"width\":549,\"height\":712},{\"@type\":\"BreadcrumbList\",\"@id\":\"https:\\\/\\\/xmy.ch\\\/fr\\\/prodotto\\\/chaussettes-completes-de-recuperation-noir\\\/#breadcrumb\",\"itemListElement\":[{\"@type\":\"ListItem\",\"position\":1,\"name\":\"Home\",\"item\":\"https:\\\/\\\/xmy.ch\\\/fr\\\/\"},{\"@type\":\"ListItem\",\"position\":2,\"name\":\"Boutique\",\"item\":\"https:\\\/\\\/xmy.ch\\\/fr\\\/boutique\\\/\"},{\"@type\":\"ListItem\",\"position\":3,\"name\":\"Chaussettes compl\u00e8tes de r\u00e9cup\u00e9ration &#8211; Noir\"}]},{\"@type\":\"WebSite\",\"@id\":\"https:\\\/\\\/xmy.ch\\\/fr\\\/#website\",\"url\":\"https:\\\/\\\/xmy.ch\\\/fr\\\/\",\"name\":\"Xmy Sagl\",\"description\":\"\",\"publisher\":{\"@id\":\"https:\\\/\\\/xmy.ch\\\/fr\\\/#organization\"},\"potentialAction\":[{\"@type\":\"SearchAction\",\"target\":{\"@type\":\"EntryPoint\",\"urlTemplate\":\"https:\\\/\\\/xmy.ch\\\/fr\\\/?s={search_term_string}\"},\"query-input\":{\"@type\":\"PropertyValueSpecification\",\"valueRequired\":true,\"valueName\":\"search_term_string\"}}],\"inLanguage\":\"fr-FR\"},{\"@type\":\"Organization\",\"@id\":\"https:\\\/\\\/xmy.ch\\\/fr\\\/#organization\",\"name\":\"Xmy Sagl\",\"url\":\"https:\\\/\\\/xmy.ch\\\/fr\\\/\",\"logo\":{\"@type\":\"ImageObject\",\"inLanguage\":\"fr-FR\",\"@id\":\"https:\\\/\\\/xmy.ch\\\/fr\\\/#\\\/schema\\\/logo\\\/image\\\/\",\"url\":\"https:\\\/\\\/xmy.ch\\\/wp-content\\\/uploads\\\/2024\\\/02\\\/XMY_UNI_B.webp\",\"contentUrl\":\"https:\\\/\\\/xmy.ch\\\/wp-content\\\/uploads\\\/2024\\\/02\\\/XMY_UNI_B.webp\",\"width\":1459,\"height\":421,\"caption\":\"Xmy Sagl\"},\"image\":{\"@id\":\"https:\\\/\\\/xmy.ch\\\/fr\\\/#\\\/schema\\\/logo\\\/image\\\/\"},\"sameAs\":[\"https:\\\/\\\/www.facebook.com\\\/xmy.sagl\",\"https:\\\/\\\/www.instagram.com\\\/xmy.sagl\\\/\"]}]}<\/script>\n<!-- \/ Yoast SEO Premium plugin. -->","yoast_head_json":{"title":"Chaussettes r\u00e9cup\u00e9ration Full Socks Recovery Noir Premium","description":"Chaussettes r\u00e9cup\u00e9ration Full Socks Recovery Noir : activez le retour veineux, \u00e9liminez les toxines et acc\u00e9l\u00e9rez la r\u00e9g\u00e9n\u00e9ration musculaire apr\u00e8s l\u2019entra\u00eenement. Commandez d\u00e8s maintenant.","robots":{"index":"index","follow":"follow","max-snippet":"max-snippet:-1","max-image-preview":"max-image-preview:large","max-video-preview":"max-video-preview:-1"},"canonical":"https:\/\/xmy.ch\/fr\/prodotto\/chaussettes-completes-de-recuperation-noir\/","og_locale":"fr_FR","og_type":"article","og_title":"Chaussettes r\u00e9cup\u00e9ration Full Socks Recovery Noir","og_description":"Optimisez votre r\u00e9cup\u00e9ration avec Full Socks Recovery Noir. Achetez maintenant.","og_url":"https:\/\/xmy.ch\/fr\/prodotto\/chaussettes-completes-de-recuperation-noir\/","og_site_name":"Xmy Sagl","article_publisher":"https:\/\/www.facebook.com\/xmy.sagl","article_modified_time":"2024-03-07T20:22:26+00:00","og_image":[{"width":549,"height":712,"url":"https:\/\/xmy.ch\/wp-content\/uploads\/2023\/11\/calze-alte-da-recupero-black.jpg","type":"image\/jpeg"}],"twitter_card":"summary_large_image","twitter_title":"Chaussettes r\u00e9cup\u00e9ration \u2013 Full Socks Recovery Noir","twitter_description":"Acc\u00e9l\u00e9rez la r\u00e9g\u00e9n\u00e9ration musculaire apr\u00e8s l\u2019effort. Commandez maintenant.","twitter_misc":{"Dur\u00e9e de lecture estim\u00e9e":"2 minutes"},"schema":{"@context":"https:\/\/schema.org","@graph":[{"@type":"WebPage","@id":"https:\/\/xmy.ch\/fr\/prodotto\/chaussettes-completes-de-recuperation-noir\/","url":"https:\/\/xmy.ch\/fr\/prodotto\/chaussettes-completes-de-recuperation-noir\/","name":"Chaussettes r\u00e9cup\u00e9ration Full Socks Recovery Noir Premium","isPartOf":{"@id":"https:\/\/xmy.ch\/fr\/#website"},"primaryImageOfPage":{"@id":"https:\/\/xmy.ch\/fr\/prodotto\/chaussettes-completes-de-recuperation-noir\/#primaryimage"},"image":{"@id":"https:\/\/xmy.ch\/fr\/prodotto\/chaussettes-completes-de-recuperation-noir\/#primaryimage"},"thumbnailUrl":"https:\/\/xmy.ch\/wp-content\/uploads\/2023\/11\/calze-alte-da-recupero-black.jpg","datePublished":"2023-11-06T09:14:00+00:00","dateModified":"2024-03-07T20:22:26+00:00","description":"Chaussettes r\u00e9cup\u00e9ration Full Socks Recovery Noir : activez le retour veineux, \u00e9liminez les toxines et acc\u00e9l\u00e9rez la r\u00e9g\u00e9n\u00e9ration musculaire apr\u00e8s l\u2019entra\u00eenement. Commandez d\u00e8s maintenant.","breadcrumb":{"@id":"https:\/\/xmy.ch\/fr\/prodotto\/chaussettes-completes-de-recuperation-noir\/#breadcrumb"},"inLanguage":"fr-FR","potentialAction":[{"@type":"ReadAction","target":["https:\/\/xmy.ch\/fr\/prodotto\/chaussettes-completes-de-recuperation-noir\/"]}]},{"@type":"ImageObject","inLanguage":"fr-FR","@id":"https:\/\/xmy.ch\/fr\/prodotto\/chaussettes-completes-de-recuperation-noir\/#primaryimage","url":"https:\/\/xmy.ch\/wp-content\/uploads\/2023\/11\/calze-alte-da-recupero-black.jpg","contentUrl":"https:\/\/xmy.ch\/wp-content\/uploads\/2023\/11\/calze-alte-da-recupero-black.jpg","width":549,"height":712},{"@type":"BreadcrumbList","@id":"https:\/\/xmy.ch\/fr\/prodotto\/chaussettes-completes-de-recuperation-noir\/#breadcrumb","itemListElement":[{"@type":"ListItem","position":1,"name":"Home","item":"https:\/\/xmy.ch\/fr\/"},{"@type":"ListItem","position":2,"name":"Boutique","item":"https:\/\/xmy.ch\/fr\/boutique\/"},{"@type":"ListItem","position":3,"name":"Chaussettes compl\u00e8tes de r\u00e9cup\u00e9ration &#8211; Noir"}]},{"@type":"WebSite","@id":"https:\/\/xmy.ch\/fr\/#website","url":"https:\/\/xmy.ch\/fr\/","name":"Xmy Sagl","description":"","publisher":{"@id":"https:\/\/xmy.ch\/fr\/#organization"},"potentialAction":[{"@type":"SearchAction","target":{"@type":"EntryPoint","urlTemplate":"https:\/\/xmy.ch\/fr\/?s={search_term_string}"},"query-input":{"@type":"PropertyValueSpecification","valueRequired":true,"valueName":"search_term_string"}}],"inLanguage":"fr-FR"},{"@type":"Organization","@id":"https:\/\/xmy.ch\/fr\/#organization","name":"Xmy Sagl","url":"https:\/\/xmy.ch\/fr\/","logo":{"@type":"ImageObject","inLanguage":"fr-FR","@id":"https:\/\/xmy.ch\/fr\/#\/schema\/logo\/image\/","url":"https:\/\/xmy.ch\/wp-content\/uploads\/2024\/02\/XMY_UNI_B.webp","contentUrl":"https:\/\/xmy.ch\/wp-content\/uploads\/2024\/02\/XMY_UNI_B.webp","width":1459,"height":421,"caption":"Xmy Sagl"},"image":{"@id":"https:\/\/xmy.ch\/fr\/#\/schema\/logo\/image\/"},"sameAs":["https:\/\/www.facebook.com\/xmy.sagl","https:\/\/www.instagram.com\/xmy.sagl\/"]}]}},"_links":{"self":[{"href":"https:\/\/xmy.ch\/fr\/wp-json\/wp\/v2\/product\/6787","targetHints":{"allow":["GET"]}}],"collection":[{"href":"https:\/\/xmy.ch\/fr\/wp-json\/wp\/v2\/product"}],"about":[{"href":"https:\/\/xmy.ch\/fr\/wp-json\/wp\/v2\/types\/product"}],"replies":[{"embeddable":true,"href":"https:\/\/xmy.ch\/fr\/wp-json\/wp\/v2\/comments?post=6787"}],"wp:featuredmedia":[{"embeddable":true,"href":"https:\/\/xmy.ch\/fr\/wp-json\/wp\/v2\/media\/4735"}],"wp:attachment":[{"href":"https:\/\/xmy.ch\/fr\/wp-json\/wp\/v2\/media?parent=6787"}],"wp:term":[{"taxonomy":"product_brand","embeddable":true,"href":"https:\/\/xmy.ch\/fr\/wp-json\/wp\/v2\/product_brand?post=6787"},{"taxonomy":"product_cat","embeddable":true,"href":"https:\/\/xmy.ch\/fr\/wp-json\/wp\/v2\/product_cat?post=6787"},{"taxonomy":"product_tag","embeddable":true,"href":"https:\/\/xmy.ch\/fr\/wp-json\/wp\/v2\/product_tag?post=6787"}],"curies":[{"name":"wp","href":"https:\/\/api.w.org\/{rel}","templated":true}]}}