{"id":6773,"date":"2023-11-06T09:39:00","date_gmt":"2023-11-06T08:39:00","guid":{"rendered":"https:\/\/xmy.ch\/prodotto\/pro-racing-socks-v4-0-ultralight-run-high-blanc\/"},"modified":"2024-03-07T21:22:26","modified_gmt":"2024-03-07T20:22:26","slug":"pro-racing-socks-v4-0-ultralight-run-high-blanc","status":"publish","type":"product","link":"https:\/\/xmy.ch\/fr\/prodotto\/pro-racing-socks-v4-0-ultralight-run-high-blanc\/","title":{"rendered":"Pro Racing Socks v4.0 Ultralight Run High &#8211; Blanc"},"content":{"rendered":"<p>Chaussettes de course ultra-l\u00e9g\u00e8res et performantes avec une ventilation accrue pour une thermor\u00e9gulation maximale et l&rsquo;\u00e9limination de la sueur en cas de temp\u00e9ratures \u00e9lev\u00e9es.<\/p>\n<p>Lorsque la chaleur commence \u00e0 se faire sentir sur la route, il est pr\u00e9f\u00e9rable d&rsquo;avoir une bonne paire de chaussettes. Et vous ferez certainement le bon choix avec la derni\u00e8re g\u00e9n\u00e9ration de PRS Ultralight Run, con\u00e7ue pour une thermor\u00e9gulation optimale pendant l&rsquo;entra\u00eenement et la course \u00e0 pied par temps chaud. Le tissu technique l\u00e9ger est con\u00e7u pour s&rsquo;adapter comme une seconde peau. Elle offre une ventilation exceptionnelle et \u00e9vacue rapidement la transpiration pour que vos pieds restent au frais et au sec, m\u00eame sous les climats tropicaux. La bo\u00eete \u00e0 orteils redessin\u00e9e et plus large offre un ajustement ergonomique et une proprioception am\u00e9lior\u00e9e, permettant aux orteils de s&rsquo;\u00e9carter intuitivement lors de l&rsquo;impact avec le sol pour une foul\u00e9e fluide et naturelle. Un tricot sp\u00e9cial autour de la cheville, plus l\u00e9ger que nos chaussettes de course classiques, offre un soutien doux lorsque le rythme s&rsquo;acc\u00e9l\u00e8re. Notre soutien caract\u00e9ristique de la vo\u00fbte plantaire emp\u00eache le tissu de se tordre et d&rsquo;irriter sous l&rsquo;effet de la chaleur, tandis qu&rsquo;un renfort en tissu \u00e9ponge autour du gros orteil prot\u00e8ge l&rsquo;ongle contre le noircissement \u00e0 mesure que les kilom\u00e8tres s&rsquo;accumulent. Les ampoules ne sont plus qu&rsquo;un souvenir ! Les points 3D exclusifs et les nouveaux points plats de ce mod\u00e8le ultra-l\u00e9ger rendent la chaussette moins encombrante et plus lourde, tout en offrant les avantages n\u00e9cessaires \u00e0 une performance \u00e9lev\u00e9e. Dispos\u00e9s tout le long du tendon d&rsquo;Achille, ils offrent un soutien pour une protection et une ventilation accrues lors des courses de vitesse. Sur la plante du pied, un motif astucieux compos\u00e9 pour moiti\u00e9 de points 3D et pour moiti\u00e9 de points en maille amortit les impacts et ajoute de l&rsquo;adh\u00e9rence \u00e0 la chaussure. Il fournit \u00e9galement une microstimulation douce pour augmenter le retour veineux et am\u00e9liore la ventilation en augmentant le flux d&rsquo;air entre les points. La hauteur de la chaussette est inf\u00e9rieure \u00e0 celle des mod\u00e8les trail et bike pour r\u00e9pondre aux exigences de la course sur route. Une sangle ergonomique au dos ajoute une touche de confort et de style et, si jamais vous oubliez pourquoi vous quittez la maison, la discipline est discr\u00e8tement brod\u00e9e \u00e0 l&rsquo;int\u00e9rieur. Un m\u00e9lange explosif de technologies dans un ensemble l\u00e9ger, cette chaussette de course ultral\u00e9g\u00e8re de quatri\u00e8me g\u00e9n\u00e9ration est votre nouvelle arme secr\u00e8te \u00e0 porter dans le d\u00e9sert du Sahara ou lors d&rsquo;une course par une journ\u00e9e caniculaire.<\/p>\n<p>94% Polyamide 6% Elasthanne<\/p>\n<p><img decoding=\"async\" class=\"w-50 my-2\" src=\"https:\/\/www.compressport.com\/ch\/img\/prods_entretien.png\"><\/p>\n","protected":false},"excerpt":{"rendered":"<p>Chaussettes de course ultra-l\u00e9g\u00e8res et performantes avec une ventilation accrue pour une thermor\u00e9gulation maximale et l&rsquo;\u00e9limination de la sueur en cas de temp\u00e9ratures \u00e9lev\u00e9es.<\/p>\n","protected":false},"featured_media":4645,"comment_status":"open","ping_status":"closed","template":"","meta":[],"product_brand":[],"product_cat":[313],"product_tag":[258,259],"class_list":{"0":"post-6773","1":"product","2":"type-product","3":"status-publish","4":"has-post-thumbnail","6":"product_cat-chaussettes","7":"product_tag-femme","8":"product_tag-lhomme","10":"first","11":"instock","12":"taxable","13":"shipping-taxable","14":"purchasable","15":"product-type-variable"},"yoast_head":"<!-- This site is optimized with the Yoast SEO Premium plugin v27.5 (Yoast SEO v27.5) - https:\/\/yoast.com\/product\/yoast-seo-premium-wordpress\/ -->\n<title>Chaussettes Ultralight \u2013 Pro Racing Socks v4.0 Blanc<\/title>\n<meta name=\"description\" content=\"Chaussettes Ultralight offrant ventilation avanc\u00e9e et \u00e9vacuation de la sueur pour les courses chaudes. Adoptez Pro Racing Socks v4.0 Blanc et restez au frais pendant l&#039;entra\u00eenement.\" \/>\n<meta name=\"robots\" content=\"index, follow, max-snippet:-1, max-image-preview:large, max-video-preview:-1\" \/>\n<link rel=\"canonical\" href=\"https:\/\/xmy.ch\/fr\/prodotto\/pro-racing-socks-v4-0-ultralight-run-high-blanc\/\" \/>\n<meta property=\"og:locale\" content=\"fr_FR\" \/>\n<meta property=\"og:type\" content=\"article\" \/>\n<meta property=\"og:title\" content=\"Pro Racing Socks v4.0 Blanc - Chaussettes Ultralight\" \/>\n<meta property=\"og:description\" content=\"Restez au frais en course avec Pro Racing Socks v4.0 Blanc.\" \/>\n<meta property=\"og:url\" content=\"https:\/\/xmy.ch\/fr\/prodotto\/pro-racing-socks-v4-0-ultralight-run-high-blanc\/\" \/>\n<meta property=\"og:site_name\" content=\"Xmy Sagl\" \/>\n<meta property=\"article:publisher\" content=\"https:\/\/www.facebook.com\/xmy.sagl\" \/>\n<meta property=\"article:modified_time\" content=\"2024-03-07T20:22:26+00:00\" \/>\n<meta property=\"og:image\" content=\"https:\/\/xmy.ch\/wp-content\/uploads\/2023\/11\/pro-racing-socks-v4-ultralight-run-high-white-alloy.png\" \/>\n\t<meta property=\"og:image:width\" content=\"549\" \/>\n\t<meta property=\"og:image:height\" content=\"712\" \/>\n\t<meta property=\"og:image:type\" content=\"image\/png\" \/>\n<meta name=\"twitter:card\" content=\"summary_large_image\" \/>\n<meta name=\"twitter:title\" content=\"Socks Ultralight v4.0 Blanc pour Course \u2013 Pro Racing\" \/>\n<meta name=\"twitter:description\" content=\"Commandez les Socks Ultralight Blanc et boostez vos performances.\" \/>\n<meta name=\"twitter:label1\" content=\"Dur\u00e9e de lecture estim\u00e9e\" \/>\n\t<meta name=\"twitter:data1\" content=\"2 minutes\" \/>\n<script type=\"application\/ld+json\" class=\"yoast-schema-graph\">{\"@context\":\"https:\\\/\\\/schema.org\",\"@graph\":[{\"@type\":\"WebPage\",\"@id\":\"https:\\\/\\\/xmy.ch\\\/fr\\\/prodotto\\\/pro-racing-socks-v4-0-ultralight-run-high-blanc\\\/\",\"url\":\"https:\\\/\\\/xmy.ch\\\/fr\\\/prodotto\\\/pro-racing-socks-v4-0-ultralight-run-high-blanc\\\/\",\"name\":\"Chaussettes Ultralight \u2013 Pro Racing Socks v4.0 Blanc\",\"isPartOf\":{\"@id\":\"https:\\\/\\\/xmy.ch\\\/fr\\\/#website\"},\"primaryImageOfPage\":{\"@id\":\"https:\\\/\\\/xmy.ch\\\/fr\\\/prodotto\\\/pro-racing-socks-v4-0-ultralight-run-high-blanc\\\/#primaryimage\"},\"image\":{\"@id\":\"https:\\\/\\\/xmy.ch\\\/fr\\\/prodotto\\\/pro-racing-socks-v4-0-ultralight-run-high-blanc\\\/#primaryimage\"},\"thumbnailUrl\":\"https:\\\/\\\/xmy.ch\\\/wp-content\\\/uploads\\\/2023\\\/11\\\/pro-racing-socks-v4-ultralight-run-high-white-alloy.png\",\"datePublished\":\"2023-11-06T08:39:00+00:00\",\"dateModified\":\"2024-03-07T20:22:26+00:00\",\"description\":\"Chaussettes Ultralight offrant ventilation avanc\u00e9e et \u00e9vacuation de la sueur pour les courses chaudes. Adoptez Pro Racing Socks v4.0 Blanc et restez au frais pendant l'entra\u00eenement.\",\"breadcrumb\":{\"@id\":\"https:\\\/\\\/xmy.ch\\\/fr\\\/prodotto\\\/pro-racing-socks-v4-0-ultralight-run-high-blanc\\\/#breadcrumb\"},\"inLanguage\":\"fr-FR\",\"potentialAction\":[{\"@type\":\"ReadAction\",\"target\":[\"https:\\\/\\\/xmy.ch\\\/fr\\\/prodotto\\\/pro-racing-socks-v4-0-ultralight-run-high-blanc\\\/\"]}]},{\"@type\":\"ImageObject\",\"inLanguage\":\"fr-FR\",\"@id\":\"https:\\\/\\\/xmy.ch\\\/fr\\\/prodotto\\\/pro-racing-socks-v4-0-ultralight-run-high-blanc\\\/#primaryimage\",\"url\":\"https:\\\/\\\/xmy.ch\\\/wp-content\\\/uploads\\\/2023\\\/11\\\/pro-racing-socks-v4-ultralight-run-high-white-alloy.png\",\"contentUrl\":\"https:\\\/\\\/xmy.ch\\\/wp-content\\\/uploads\\\/2023\\\/11\\\/pro-racing-socks-v4-ultralight-run-high-white-alloy.png\",\"width\":549,\"height\":712},{\"@type\":\"BreadcrumbList\",\"@id\":\"https:\\\/\\\/xmy.ch\\\/fr\\\/prodotto\\\/pro-racing-socks-v4-0-ultralight-run-high-blanc\\\/#breadcrumb\",\"itemListElement\":[{\"@type\":\"ListItem\",\"position\":1,\"name\":\"Home\",\"item\":\"https:\\\/\\\/xmy.ch\\\/fr\\\/\"},{\"@type\":\"ListItem\",\"position\":2,\"name\":\"Boutique\",\"item\":\"https:\\\/\\\/xmy.ch\\\/fr\\\/boutique\\\/\"},{\"@type\":\"ListItem\",\"position\":3,\"name\":\"Pro Racing Socks v4.0 Ultralight Run High &#8211; Blanc\"}]},{\"@type\":\"WebSite\",\"@id\":\"https:\\\/\\\/xmy.ch\\\/fr\\\/#website\",\"url\":\"https:\\\/\\\/xmy.ch\\\/fr\\\/\",\"name\":\"Xmy Sagl\",\"description\":\"\",\"publisher\":{\"@id\":\"https:\\\/\\\/xmy.ch\\\/fr\\\/#organization\"},\"potentialAction\":[{\"@type\":\"SearchAction\",\"target\":{\"@type\":\"EntryPoint\",\"urlTemplate\":\"https:\\\/\\\/xmy.ch\\\/fr\\\/?s={search_term_string}\"},\"query-input\":{\"@type\":\"PropertyValueSpecification\",\"valueRequired\":true,\"valueName\":\"search_term_string\"}}],\"inLanguage\":\"fr-FR\"},{\"@type\":\"Organization\",\"@id\":\"https:\\\/\\\/xmy.ch\\\/fr\\\/#organization\",\"name\":\"Xmy Sagl\",\"url\":\"https:\\\/\\\/xmy.ch\\\/fr\\\/\",\"logo\":{\"@type\":\"ImageObject\",\"inLanguage\":\"fr-FR\",\"@id\":\"https:\\\/\\\/xmy.ch\\\/fr\\\/#\\\/schema\\\/logo\\\/image\\\/\",\"url\":\"https:\\\/\\\/xmy.ch\\\/wp-content\\\/uploads\\\/2024\\\/02\\\/XMY_UNI_B.webp\",\"contentUrl\":\"https:\\\/\\\/xmy.ch\\\/wp-content\\\/uploads\\\/2024\\\/02\\\/XMY_UNI_B.webp\",\"width\":1459,\"height\":421,\"caption\":\"Xmy Sagl\"},\"image\":{\"@id\":\"https:\\\/\\\/xmy.ch\\\/fr\\\/#\\\/schema\\\/logo\\\/image\\\/\"},\"sameAs\":[\"https:\\\/\\\/www.facebook.com\\\/xmy.sagl\",\"https:\\\/\\\/www.instagram.com\\\/xmy.sagl\\\/\"]}]}<\/script>\n<!-- \/ Yoast SEO Premium plugin. -->","yoast_head_json":{"title":"Chaussettes Ultralight \u2013 Pro Racing Socks v4.0 Blanc","description":"Chaussettes Ultralight offrant ventilation avanc\u00e9e et \u00e9vacuation de la sueur pour les courses chaudes. Adoptez Pro Racing Socks v4.0 Blanc et restez au frais pendant l'entra\u00eenement.","robots":{"index":"index","follow":"follow","max-snippet":"max-snippet:-1","max-image-preview":"max-image-preview:large","max-video-preview":"max-video-preview:-1"},"canonical":"https:\/\/xmy.ch\/fr\/prodotto\/pro-racing-socks-v4-0-ultralight-run-high-blanc\/","og_locale":"fr_FR","og_type":"article","og_title":"Pro Racing Socks v4.0 Blanc - Chaussettes Ultralight","og_description":"Restez au frais en course avec Pro Racing Socks v4.0 Blanc.","og_url":"https:\/\/xmy.ch\/fr\/prodotto\/pro-racing-socks-v4-0-ultralight-run-high-blanc\/","og_site_name":"Xmy Sagl","article_publisher":"https:\/\/www.facebook.com\/xmy.sagl","article_modified_time":"2024-03-07T20:22:26+00:00","og_image":[{"width":549,"height":712,"url":"https:\/\/xmy.ch\/wp-content\/uploads\/2023\/11\/pro-racing-socks-v4-ultralight-run-high-white-alloy.png","type":"image\/png"}],"twitter_card":"summary_large_image","twitter_title":"Socks Ultralight v4.0 Blanc pour Course \u2013 Pro Racing","twitter_description":"Commandez les Socks Ultralight Blanc et boostez vos performances.","twitter_misc":{"Dur\u00e9e de lecture estim\u00e9e":"2 minutes"},"schema":{"@context":"https:\/\/schema.org","@graph":[{"@type":"WebPage","@id":"https:\/\/xmy.ch\/fr\/prodotto\/pro-racing-socks-v4-0-ultralight-run-high-blanc\/","url":"https:\/\/xmy.ch\/fr\/prodotto\/pro-racing-socks-v4-0-ultralight-run-high-blanc\/","name":"Chaussettes Ultralight \u2013 Pro Racing Socks v4.0 Blanc","isPartOf":{"@id":"https:\/\/xmy.ch\/fr\/#website"},"primaryImageOfPage":{"@id":"https:\/\/xmy.ch\/fr\/prodotto\/pro-racing-socks-v4-0-ultralight-run-high-blanc\/#primaryimage"},"image":{"@id":"https:\/\/xmy.ch\/fr\/prodotto\/pro-racing-socks-v4-0-ultralight-run-high-blanc\/#primaryimage"},"thumbnailUrl":"https:\/\/xmy.ch\/wp-content\/uploads\/2023\/11\/pro-racing-socks-v4-ultralight-run-high-white-alloy.png","datePublished":"2023-11-06T08:39:00+00:00","dateModified":"2024-03-07T20:22:26+00:00","description":"Chaussettes Ultralight offrant ventilation avanc\u00e9e et \u00e9vacuation de la sueur pour les courses chaudes. Adoptez Pro Racing Socks v4.0 Blanc et restez au frais pendant l'entra\u00eenement.","breadcrumb":{"@id":"https:\/\/xmy.ch\/fr\/prodotto\/pro-racing-socks-v4-0-ultralight-run-high-blanc\/#breadcrumb"},"inLanguage":"fr-FR","potentialAction":[{"@type":"ReadAction","target":["https:\/\/xmy.ch\/fr\/prodotto\/pro-racing-socks-v4-0-ultralight-run-high-blanc\/"]}]},{"@type":"ImageObject","inLanguage":"fr-FR","@id":"https:\/\/xmy.ch\/fr\/prodotto\/pro-racing-socks-v4-0-ultralight-run-high-blanc\/#primaryimage","url":"https:\/\/xmy.ch\/wp-content\/uploads\/2023\/11\/pro-racing-socks-v4-ultralight-run-high-white-alloy.png","contentUrl":"https:\/\/xmy.ch\/wp-content\/uploads\/2023\/11\/pro-racing-socks-v4-ultralight-run-high-white-alloy.png","width":549,"height":712},{"@type":"BreadcrumbList","@id":"https:\/\/xmy.ch\/fr\/prodotto\/pro-racing-socks-v4-0-ultralight-run-high-blanc\/#breadcrumb","itemListElement":[{"@type":"ListItem","position":1,"name":"Home","item":"https:\/\/xmy.ch\/fr\/"},{"@type":"ListItem","position":2,"name":"Boutique","item":"https:\/\/xmy.ch\/fr\/boutique\/"},{"@type":"ListItem","position":3,"name":"Pro Racing Socks v4.0 Ultralight Run High &#8211; Blanc"}]},{"@type":"WebSite","@id":"https:\/\/xmy.ch\/fr\/#website","url":"https:\/\/xmy.ch\/fr\/","name":"Xmy Sagl","description":"","publisher":{"@id":"https:\/\/xmy.ch\/fr\/#organization"},"potentialAction":[{"@type":"SearchAction","target":{"@type":"EntryPoint","urlTemplate":"https:\/\/xmy.ch\/fr\/?s={search_term_string}"},"query-input":{"@type":"PropertyValueSpecification","valueRequired":true,"valueName":"search_term_string"}}],"inLanguage":"fr-FR"},{"@type":"Organization","@id":"https:\/\/xmy.ch\/fr\/#organization","name":"Xmy Sagl","url":"https:\/\/xmy.ch\/fr\/","logo":{"@type":"ImageObject","inLanguage":"fr-FR","@id":"https:\/\/xmy.ch\/fr\/#\/schema\/logo\/image\/","url":"https:\/\/xmy.ch\/wp-content\/uploads\/2024\/02\/XMY_UNI_B.webp","contentUrl":"https:\/\/xmy.ch\/wp-content\/uploads\/2024\/02\/XMY_UNI_B.webp","width":1459,"height":421,"caption":"Xmy Sagl"},"image":{"@id":"https:\/\/xmy.ch\/fr\/#\/schema\/logo\/image\/"},"sameAs":["https:\/\/www.facebook.com\/xmy.sagl","https:\/\/www.instagram.com\/xmy.sagl\/"]}]}},"_links":{"self":[{"href":"https:\/\/xmy.ch\/fr\/wp-json\/wp\/v2\/product\/6773","targetHints":{"allow":["GET"]}}],"collection":[{"href":"https:\/\/xmy.ch\/fr\/wp-json\/wp\/v2\/product"}],"about":[{"href":"https:\/\/xmy.ch\/fr\/wp-json\/wp\/v2\/types\/product"}],"replies":[{"embeddable":true,"href":"https:\/\/xmy.ch\/fr\/wp-json\/wp\/v2\/comments?post=6773"}],"wp:featuredmedia":[{"embeddable":true,"href":"https:\/\/xmy.ch\/fr\/wp-json\/wp\/v2\/media\/4645"}],"wp:attachment":[{"href":"https:\/\/xmy.ch\/fr\/wp-json\/wp\/v2\/media?parent=6773"}],"wp:term":[{"taxonomy":"product_brand","embeddable":true,"href":"https:\/\/xmy.ch\/fr\/wp-json\/wp\/v2\/product_brand?post=6773"},{"taxonomy":"product_cat","embeddable":true,"href":"https:\/\/xmy.ch\/fr\/wp-json\/wp\/v2\/product_cat?post=6773"},{"taxonomy":"product_tag","embeddable":true,"href":"https:\/\/xmy.ch\/fr\/wp-json\/wp\/v2\/product_tag?post=6773"}],"curies":[{"name":"wp","href":"https:\/\/api.w.org\/{rel}","templated":true}]}}