{"id":6766,"date":"2023-11-06T09:22:44","date_gmt":"2023-11-06T08:22:44","guid":{"rendered":"https:\/\/xmy.ch\/prodotto\/chaussettes-pro-racing-v4-0-trail-magnet-magenta\/"},"modified":"2023-11-06T09:22:44","modified_gmt":"2023-11-06T08:22:44","slug":"chaussettes-pro-racing-v4-0-trail-magnet-magenta","status":"publish","type":"product","link":"https:\/\/xmy.ch\/fr\/prodotto\/chaussettes-pro-racing-v4-0-trail-magnet-magenta\/","title":{"rendered":"Chaussettes Pro Racing V4.0 Trail &#8211; Magnet\/Magenta"},"content":{"rendered":"<div class=\"col-12 col-lg-8 pe-md-5\">\n<section id=\"content\" class=\"page-content--product\">\n<div class=\"images-container\">\n<div class=\"js-qv-mask mask1\"><\/div>\n<\/div>\n<\/section>\n<\/div>\n<div id=\"column-right-product\" class=\"col-12 col-lg-4 text-left sticky-product-info align-self-start\">\n<div class=\"hf \">\n<div class=\"\">\n<div>Chaussettes de trail running de haute technologie qui prot\u00e8gent, absorbent les chocs et soutiennent le pied lors des d\u00e9fis hors route les plus difficiles.<\/div>\n<div><\/div>\n<div id=\"product-description-short-1667\" class=\"product-description-short rte mb-3\">Le trail running est comme la course sur route : vos pieds doivent constamment fl\u00e9chir et s&rsquo;adapter \u00e0 un terrain en constante \u00e9volution, et vos chaussures doivent suivre. Con\u00e7ues pour absorber les chocs et prot\u00e9ger, les chaussettes Pro Racing Socks Trail de quatri\u00e8me g\u00e9n\u00e9ration portent les technologies Compressport \u00e0 un niveau sup\u00e9rieur pour soutenir toutes vos aventures tout-terrain. Un tissage sp\u00e9cifique au trail running autour de l&rsquo;avant-pied et de la partie inf\u00e9rieure de la jambe, \u00e0 la fois robuste et ventil\u00e9, \u00e9vacue rapidement l&rsquo;humidit\u00e9 et \u00e9vite les irritations. Le tissu plus \u00e9pais sur le cou-de-pied monte plus haut que sur nos mod\u00e8les de course pour une meilleure protection et le mesh sp\u00e9cifique autour de la cheville assure une stabilit\u00e9 rassurante sur les terrains rocailleux. La nouvelle bo\u00eete \u00e0 orteils plus large offre un ajustement plus ergonomique et une proprioception am\u00e9lior\u00e9e pour une prise intuitive des doigts et un \u00e9quilibre sur les terrains irr\u00e9guliers. Le rembourrage en \u00e9ponge durable couvre tous les doigts, amortissant l&rsquo;impact lors des descentes casse-cou. Le soutien am\u00e9lior\u00e9 de la vo\u00fbte plantaire \u00e0 360\u00b0 augmente la circulation sanguine et emp\u00eache la torsion et le froissement des tissus, \u00e9vitant ainsi les ampoules et les irritations au fil des kilom\u00e8tres. Nos technologies uniques dot offrent une protection strat\u00e9gique contre les \u00e9l\u00e9ments dans les zones connues pour \u00eatre probl\u00e9matiques pour les coureurs de trail. Les deux mall\u00e9oles sont recouvertes de gros points en forme de soleil pour \u00e9viter les contusions qui pourraient \u00eatre caus\u00e9es par le d\u00e9placement des pieds. Deux rang\u00e9es lat\u00e9rales de points 3D sont dispos\u00e9es le long des muscles du p\u00e9ron\u00e9, stimulant les r\u00e9cepteurs sensoriels pour am\u00e9liorer la proprioception et la stabilit\u00e9 de la cheville. Un large motif de points en 3D longe le tendon d&rsquo;Achille pour un meilleur amorti et un meilleur soutien, et entoure une rang\u00e9e de points plats qui favorisent la ventilation. Un tissage plus dense sur la semelle r\u00e9duit encore les vibrations, tandis que les points 3D absorbent les impacts et donnent au pied une bonne adh\u00e9rence \u00e0 la chaussure. Ces points contribuent \u00e9galement \u00e0 augmenter le retour veineux et \u00e0 retarder la fatigue, ce qui vous permet de vous sentir plus frais plus longtemps. Plus haute que les chaussettes de course, la version trail offre plus de protection pour le bas de la jambe et les chevilles et utilise des tissus plus durables pour r\u00e9sister aux d\u00e9fis de la nature. Une bande ergonomique \u00e0 l&rsquo;arri\u00e8re ajoute une touche de confort et, pour \u00eatre s\u00fbr de ne pas se tromper de chaussettes, la discipline est discr\u00e8tement brod\u00e9e \u00e0 l&rsquo;int\u00e9rieur. Il n&rsquo;y a aucun doute : il s&rsquo;agit d&rsquo;une chaussette de trail running haute performance qui est aussi r\u00e9sistante et durable que le porteur.<\/div>\n<\/div>\n<\/div>\n<\/div>\n<p>95% Polyamide 5% Elasthanne<\/p>\n<p><img decoding=\"async\" class=\"w-50 my-2\" src=\"https:\/\/www.compressport.com\/ch\/img\/prods_entretien.png\"><\/p>\n","protected":false},"excerpt":{"rendered":"<p>Chaussettes de trail running de haute technologie qui prot\u00e8gent, absorbent les chocs et soutiennent le pied lors des d\u00e9fis hors route les plus difficiles.<\/p>\n","protected":false},"featured_media":4575,"comment_status":"open","ping_status":"closed","template":"","meta":[],"product_brand":[],"product_cat":[313],"product_tag":[258,259],"class_list":{"0":"post-6766","1":"product","2":"type-product","3":"status-publish","4":"has-post-thumbnail","6":"product_cat-chaussettes","7":"product_tag-femme","8":"product_tag-lhomme","10":"first","11":"instock","12":"taxable","13":"shipping-taxable","14":"purchasable","15":"product-type-variable"},"yoast_head":"<!-- This site is optimized with the Yoast SEO Premium plugin v27.5 (Yoast SEO v27.5) - https:\/\/yoast.com\/product\/yoast-seo-premium-wordpress\/ -->\n<title>Chaussettes Trail Pro Racing V4.0 Magnet Magenta<\/title>\n<meta name=\"description\" content=\"Chaussettes Trail Pro Racing V4.0 offrent protection et absorption des chocs pour le running hors route. Achetez-les et boostez votre performance d\u00e8s maintenant.\" \/>\n<meta name=\"robots\" content=\"index, follow, max-snippet:-1, max-image-preview:large, max-video-preview:-1\" \/>\n<link rel=\"canonical\" href=\"https:\/\/xmy.ch\/fr\/prodotto\/chaussettes-pro-racing-v4-0-trail-magnet-magenta\/\" \/>\n<meta property=\"og:locale\" content=\"fr_FR\" \/>\n<meta property=\"og:type\" content=\"article\" \/>\n<meta property=\"og:title\" content=\"Chaussettes Trail Pro Racing V4.0 Magnet\/Magenta\" \/>\n<meta property=\"og:description\" content=\"Prot\u00e9gez vos pieds sur terrain difficile. Achetez les Chaussettes Trail Pro Racing V4.0 et am\u00e9liorez votre stabilit\u00e9 d\u00e8s aujourd&#039;hui.\" \/>\n<meta property=\"og:url\" content=\"https:\/\/xmy.ch\/fr\/prodotto\/chaussettes-pro-racing-v4-0-trail-magnet-magenta\/\" \/>\n<meta property=\"og:site_name\" content=\"Xmy Sagl\" \/>\n<meta property=\"article:publisher\" content=\"https:\/\/www.facebook.com\/xmy.sagl\" \/>\n<meta property=\"og:image\" content=\"https:\/\/xmy.ch\/wp-content\/uploads\/2023\/11\/pro-racing-socks-v40-trail-magnet-magenta.webp\" \/>\n\t<meta property=\"og:image:width\" content=\"549\" \/>\n\t<meta property=\"og:image:height\" content=\"712\" \/>\n\t<meta property=\"og:image:type\" content=\"image\/webp\" \/>\n<meta name=\"twitter:card\" content=\"summary_large_image\" \/>\n<meta name=\"twitter:title\" content=\"Chaussettes Trail Pro Racing V4.0 - Magnet\/Magenta\" \/>\n<meta name=\"twitter:description\" content=\"Am\u00e9liorez votre confort de trail avec Pro Racing V4.0. Commandez maintenant pour plus de stabilit\u00e9 et de protection.\" \/>\n<meta name=\"twitter:label1\" content=\"Dur\u00e9e de lecture estim\u00e9e\" \/>\n\t<meta name=\"twitter:data1\" content=\"3 minutes\" \/>\n<script type=\"application\/ld+json\" class=\"yoast-schema-graph\">{\"@context\":\"https:\\\/\\\/schema.org\",\"@graph\":[{\"@type\":\"WebPage\",\"@id\":\"https:\\\/\\\/xmy.ch\\\/fr\\\/prodotto\\\/chaussettes-pro-racing-v4-0-trail-magnet-magenta\\\/\",\"url\":\"https:\\\/\\\/xmy.ch\\\/fr\\\/prodotto\\\/chaussettes-pro-racing-v4-0-trail-magnet-magenta\\\/\",\"name\":\"Chaussettes Trail Pro Racing V4.0 Magnet Magenta\",\"isPartOf\":{\"@id\":\"https:\\\/\\\/xmy.ch\\\/fr\\\/#website\"},\"primaryImageOfPage\":{\"@id\":\"https:\\\/\\\/xmy.ch\\\/fr\\\/prodotto\\\/chaussettes-pro-racing-v4-0-trail-magnet-magenta\\\/#primaryimage\"},\"image\":{\"@id\":\"https:\\\/\\\/xmy.ch\\\/fr\\\/prodotto\\\/chaussettes-pro-racing-v4-0-trail-magnet-magenta\\\/#primaryimage\"},\"thumbnailUrl\":\"https:\\\/\\\/xmy.ch\\\/wp-content\\\/uploads\\\/2023\\\/11\\\/pro-racing-socks-v40-trail-magnet-magenta.webp\",\"datePublished\":\"2023-11-06T08:22:44+00:00\",\"description\":\"Chaussettes Trail Pro Racing V4.0 offrent protection et absorption des chocs pour le running hors route. Achetez-les et boostez votre performance d\u00e8s maintenant.\",\"breadcrumb\":{\"@id\":\"https:\\\/\\\/xmy.ch\\\/fr\\\/prodotto\\\/chaussettes-pro-racing-v4-0-trail-magnet-magenta\\\/#breadcrumb\"},\"inLanguage\":\"fr-FR\",\"potentialAction\":[{\"@type\":\"ReadAction\",\"target\":[\"https:\\\/\\\/xmy.ch\\\/fr\\\/prodotto\\\/chaussettes-pro-racing-v4-0-trail-magnet-magenta\\\/\"]}]},{\"@type\":\"ImageObject\",\"inLanguage\":\"fr-FR\",\"@id\":\"https:\\\/\\\/xmy.ch\\\/fr\\\/prodotto\\\/chaussettes-pro-racing-v4-0-trail-magnet-magenta\\\/#primaryimage\",\"url\":\"https:\\\/\\\/xmy.ch\\\/wp-content\\\/uploads\\\/2023\\\/11\\\/pro-racing-socks-v40-trail-magnet-magenta.webp\",\"contentUrl\":\"https:\\\/\\\/xmy.ch\\\/wp-content\\\/uploads\\\/2023\\\/11\\\/pro-racing-socks-v40-trail-magnet-magenta.webp\",\"width\":549,\"height\":712},{\"@type\":\"BreadcrumbList\",\"@id\":\"https:\\\/\\\/xmy.ch\\\/fr\\\/prodotto\\\/chaussettes-pro-racing-v4-0-trail-magnet-magenta\\\/#breadcrumb\",\"itemListElement\":[{\"@type\":\"ListItem\",\"position\":1,\"name\":\"Home\",\"item\":\"https:\\\/\\\/xmy.ch\\\/fr\\\/\"},{\"@type\":\"ListItem\",\"position\":2,\"name\":\"Boutique\",\"item\":\"https:\\\/\\\/xmy.ch\\\/fr\\\/boutique\\\/\"},{\"@type\":\"ListItem\",\"position\":3,\"name\":\"Chaussettes Pro Racing V4.0 Trail &#8211; Magnet\\\/Magenta\"}]},{\"@type\":\"WebSite\",\"@id\":\"https:\\\/\\\/xmy.ch\\\/fr\\\/#website\",\"url\":\"https:\\\/\\\/xmy.ch\\\/fr\\\/\",\"name\":\"Xmy Sagl\",\"description\":\"\",\"publisher\":{\"@id\":\"https:\\\/\\\/xmy.ch\\\/fr\\\/#organization\"},\"potentialAction\":[{\"@type\":\"SearchAction\",\"target\":{\"@type\":\"EntryPoint\",\"urlTemplate\":\"https:\\\/\\\/xmy.ch\\\/fr\\\/?s={search_term_string}\"},\"query-input\":{\"@type\":\"PropertyValueSpecification\",\"valueRequired\":true,\"valueName\":\"search_term_string\"}}],\"inLanguage\":\"fr-FR\"},{\"@type\":\"Organization\",\"@id\":\"https:\\\/\\\/xmy.ch\\\/fr\\\/#organization\",\"name\":\"Xmy Sagl\",\"url\":\"https:\\\/\\\/xmy.ch\\\/fr\\\/\",\"logo\":{\"@type\":\"ImageObject\",\"inLanguage\":\"fr-FR\",\"@id\":\"https:\\\/\\\/xmy.ch\\\/fr\\\/#\\\/schema\\\/logo\\\/image\\\/\",\"url\":\"https:\\\/\\\/xmy.ch\\\/wp-content\\\/uploads\\\/2024\\\/02\\\/XMY_UNI_B.webp\",\"contentUrl\":\"https:\\\/\\\/xmy.ch\\\/wp-content\\\/uploads\\\/2024\\\/02\\\/XMY_UNI_B.webp\",\"width\":1459,\"height\":421,\"caption\":\"Xmy Sagl\"},\"image\":{\"@id\":\"https:\\\/\\\/xmy.ch\\\/fr\\\/#\\\/schema\\\/logo\\\/image\\\/\"},\"sameAs\":[\"https:\\\/\\\/www.facebook.com\\\/xmy.sagl\",\"https:\\\/\\\/www.instagram.com\\\/xmy.sagl\\\/\"]}]}<\/script>\n<!-- \/ Yoast SEO Premium plugin. -->","yoast_head_json":{"title":"Chaussettes Trail Pro Racing V4.0 Magnet Magenta","description":"Chaussettes Trail Pro Racing V4.0 offrent protection et absorption des chocs pour le running hors route. Achetez-les et boostez votre performance d\u00e8s maintenant.","robots":{"index":"index","follow":"follow","max-snippet":"max-snippet:-1","max-image-preview":"max-image-preview:large","max-video-preview":"max-video-preview:-1"},"canonical":"https:\/\/xmy.ch\/fr\/prodotto\/chaussettes-pro-racing-v4-0-trail-magnet-magenta\/","og_locale":"fr_FR","og_type":"article","og_title":"Chaussettes Trail Pro Racing V4.0 Magnet\/Magenta","og_description":"Prot\u00e9gez vos pieds sur terrain difficile. Achetez les Chaussettes Trail Pro Racing V4.0 et am\u00e9liorez votre stabilit\u00e9 d\u00e8s aujourd'hui.","og_url":"https:\/\/xmy.ch\/fr\/prodotto\/chaussettes-pro-racing-v4-0-trail-magnet-magenta\/","og_site_name":"Xmy Sagl","article_publisher":"https:\/\/www.facebook.com\/xmy.sagl","og_image":[{"width":549,"height":712,"url":"https:\/\/xmy.ch\/wp-content\/uploads\/2023\/11\/pro-racing-socks-v40-trail-magnet-magenta.webp","type":"image\/webp"}],"twitter_card":"summary_large_image","twitter_title":"Chaussettes Trail Pro Racing V4.0 - Magnet\/Magenta","twitter_description":"Am\u00e9liorez votre confort de trail avec Pro Racing V4.0. Commandez maintenant pour plus de stabilit\u00e9 et de protection.","twitter_misc":{"Dur\u00e9e de lecture estim\u00e9e":"3 minutes"},"schema":{"@context":"https:\/\/schema.org","@graph":[{"@type":"WebPage","@id":"https:\/\/xmy.ch\/fr\/prodotto\/chaussettes-pro-racing-v4-0-trail-magnet-magenta\/","url":"https:\/\/xmy.ch\/fr\/prodotto\/chaussettes-pro-racing-v4-0-trail-magnet-magenta\/","name":"Chaussettes Trail Pro Racing V4.0 Magnet Magenta","isPartOf":{"@id":"https:\/\/xmy.ch\/fr\/#website"},"primaryImageOfPage":{"@id":"https:\/\/xmy.ch\/fr\/prodotto\/chaussettes-pro-racing-v4-0-trail-magnet-magenta\/#primaryimage"},"image":{"@id":"https:\/\/xmy.ch\/fr\/prodotto\/chaussettes-pro-racing-v4-0-trail-magnet-magenta\/#primaryimage"},"thumbnailUrl":"https:\/\/xmy.ch\/wp-content\/uploads\/2023\/11\/pro-racing-socks-v40-trail-magnet-magenta.webp","datePublished":"2023-11-06T08:22:44+00:00","description":"Chaussettes Trail Pro Racing V4.0 offrent protection et absorption des chocs pour le running hors route. Achetez-les et boostez votre performance d\u00e8s maintenant.","breadcrumb":{"@id":"https:\/\/xmy.ch\/fr\/prodotto\/chaussettes-pro-racing-v4-0-trail-magnet-magenta\/#breadcrumb"},"inLanguage":"fr-FR","potentialAction":[{"@type":"ReadAction","target":["https:\/\/xmy.ch\/fr\/prodotto\/chaussettes-pro-racing-v4-0-trail-magnet-magenta\/"]}]},{"@type":"ImageObject","inLanguage":"fr-FR","@id":"https:\/\/xmy.ch\/fr\/prodotto\/chaussettes-pro-racing-v4-0-trail-magnet-magenta\/#primaryimage","url":"https:\/\/xmy.ch\/wp-content\/uploads\/2023\/11\/pro-racing-socks-v40-trail-magnet-magenta.webp","contentUrl":"https:\/\/xmy.ch\/wp-content\/uploads\/2023\/11\/pro-racing-socks-v40-trail-magnet-magenta.webp","width":549,"height":712},{"@type":"BreadcrumbList","@id":"https:\/\/xmy.ch\/fr\/prodotto\/chaussettes-pro-racing-v4-0-trail-magnet-magenta\/#breadcrumb","itemListElement":[{"@type":"ListItem","position":1,"name":"Home","item":"https:\/\/xmy.ch\/fr\/"},{"@type":"ListItem","position":2,"name":"Boutique","item":"https:\/\/xmy.ch\/fr\/boutique\/"},{"@type":"ListItem","position":3,"name":"Chaussettes Pro Racing V4.0 Trail &#8211; Magnet\/Magenta"}]},{"@type":"WebSite","@id":"https:\/\/xmy.ch\/fr\/#website","url":"https:\/\/xmy.ch\/fr\/","name":"Xmy Sagl","description":"","publisher":{"@id":"https:\/\/xmy.ch\/fr\/#organization"},"potentialAction":[{"@type":"SearchAction","target":{"@type":"EntryPoint","urlTemplate":"https:\/\/xmy.ch\/fr\/?s={search_term_string}"},"query-input":{"@type":"PropertyValueSpecification","valueRequired":true,"valueName":"search_term_string"}}],"inLanguage":"fr-FR"},{"@type":"Organization","@id":"https:\/\/xmy.ch\/fr\/#organization","name":"Xmy Sagl","url":"https:\/\/xmy.ch\/fr\/","logo":{"@type":"ImageObject","inLanguage":"fr-FR","@id":"https:\/\/xmy.ch\/fr\/#\/schema\/logo\/image\/","url":"https:\/\/xmy.ch\/wp-content\/uploads\/2024\/02\/XMY_UNI_B.webp","contentUrl":"https:\/\/xmy.ch\/wp-content\/uploads\/2024\/02\/XMY_UNI_B.webp","width":1459,"height":421,"caption":"Xmy Sagl"},"image":{"@id":"https:\/\/xmy.ch\/fr\/#\/schema\/logo\/image\/"},"sameAs":["https:\/\/www.facebook.com\/xmy.sagl","https:\/\/www.instagram.com\/xmy.sagl\/"]}]}},"_links":{"self":[{"href":"https:\/\/xmy.ch\/fr\/wp-json\/wp\/v2\/product\/6766","targetHints":{"allow":["GET"]}}],"collection":[{"href":"https:\/\/xmy.ch\/fr\/wp-json\/wp\/v2\/product"}],"about":[{"href":"https:\/\/xmy.ch\/fr\/wp-json\/wp\/v2\/types\/product"}],"replies":[{"embeddable":true,"href":"https:\/\/xmy.ch\/fr\/wp-json\/wp\/v2\/comments?post=6766"}],"wp:featuredmedia":[{"embeddable":true,"href":"https:\/\/xmy.ch\/fr\/wp-json\/wp\/v2\/media\/4575"}],"wp:attachment":[{"href":"https:\/\/xmy.ch\/fr\/wp-json\/wp\/v2\/media?parent=6766"}],"wp:term":[{"taxonomy":"product_brand","embeddable":true,"href":"https:\/\/xmy.ch\/fr\/wp-json\/wp\/v2\/product_brand?post=6766"},{"taxonomy":"product_cat","embeddable":true,"href":"https:\/\/xmy.ch\/fr\/wp-json\/wp\/v2\/product_cat?post=6766"},{"taxonomy":"product_tag","embeddable":true,"href":"https:\/\/xmy.ch\/fr\/wp-json\/wp\/v2\/product_tag?post=6766"}],"curies":[{"name":"wp","href":"https:\/\/api.w.org\/{rel}","templated":true}]}}