{"id":6729,"date":"2023-11-06T09:57:00","date_gmt":"2023-11-06T08:57:00","guid":{"rendered":"https:\/\/xmy.ch\/prodotto\/r2-3-0-magnet-gloire-dautomne\/"},"modified":"2023-11-06T09:57:00","modified_gmt":"2023-11-06T08:57:00","slug":"r2-3-0-magnet-gloire-dautomne","status":"publish","type":"product","link":"https:\/\/xmy.ch\/fr\/prodotto\/r2-3-0-magnet-gloire-dautomne\/","title":{"rendered":"R2 3.0 &#8211; Magnet\/Gloire d&rsquo;automne"},"content":{"rendered":"<p>L&rsquo;\u00e9volution de nos mi-bas de compression R2v2 embl\u00e9matiques, qui augmentent la stabilit\u00e9 et r\u00e9duisent l&rsquo;impact o\u00f9 que vous couriez.<\/p>\n<p>Les mi-bas de compression R2v2 sont peut-\u00eatre notre produit le plus embl\u00e9matique. Utilis\u00e9s partout, des s\u00e9ances d&rsquo;entra\u00eenement aux podiums, gr\u00e2ce \u00e0 leur confort et \u00e0 leur soutien in\u00e9gal\u00e9s, ces mi-bas de conception scientifique ont r\u00e9volutionn\u00e9 les v\u00eatements de compression. Bien qu&rsquo;il serait facile pour nous de nous reposer sur nos lauriers, nous avons toujours continu\u00e9 \u00e0 innover et nous sommes fiers de pr\u00e9senter l&rsquo;\u00e9volution R2v2&#8230; le R2 3.0. Pour rester dans le classique, nous avons repris toutes les caract\u00e9ristiques qui ont rendu les mod\u00e8les R2v2 si populaires, comme la compression multi-stretch sans couture, le tissu \u00e0 s\u00e9chage rapide et la genouill\u00e8re K-Protect sp\u00e9cialement con\u00e7ue pour r\u00e9duire les impacts, et nous les avons combin\u00e9es avec des d\u00e9tails encore plus r\u00e9volutionnaires. Les nouvelles Fibular Stripes activent la proprioception pour am\u00e9liorer l&rsquo;\u00e9quilibre et la stabilit\u00e9, r\u00e9duisant ainsi le risque d&rsquo;entorse sur le parcours. Les zones horizontales gaufr\u00e9es favorisent la microcirculation et le flux lymphatique, r\u00e9duisant ainsi les blessures et l&rsquo;inflammation du tibia. Et lorsque le soleil se couche, nous avons ajout\u00e9 un logo r\u00e9fl\u00e9chissant \u00e0 l&rsquo;arri\u00e8re de la botte pour une meilleure visibilit\u00e9. Apr\u00e8s avoir pris connaissance d&rsquo;une \u00e9tude scientifique r\u00e9cente montrant que les manchons de compression peuvent contribuer \u00e0 r\u00e9duire les probl\u00e8mes d&rsquo;estomac apr\u00e8s une activit\u00e9 intense, nous avons perfectionn\u00e9 ces zones tricot\u00e9es en gaufre pour favoriser davantage la circulation sanguine dans le corps et r\u00e9duire les l\u00e9sions intestinales. Bref, fini les r\u00eaves bris\u00e9s \u00e0 cause des crampes d&rsquo;estomac. Que vous fassiez votre jogging dans le parc ou que vous soyez \u00e0 mi-chemin du marathon de Barkley, les R2 3.0s vous aideront \u00e0 donner le meilleur de vous-m\u00eame.<\/p>\n<p>43% Polyamide multifilament 35% Elasthanne 22% Polyamide<\/p>\n<p><img decoding=\"async\" class=\"w-50 my-2\" src=\"https:\/\/www.compressport.com\/ch\/img\/prods_entretien.png\"><\/p>\n","protected":false},"excerpt":{"rendered":"<p>L&rsquo;\u00e9volution de nos mi-bas de compression R2v2 embl\u00e9matiques, qui augmentent la stabilit\u00e9 et r\u00e9duisent l&rsquo;impact o\u00f9 que vous couriez.<\/p>\n","protected":false},"featured_media":4675,"comment_status":"open","ping_status":"closed","template":"","meta":[],"product_brand":[],"product_cat":[313],"product_tag":[258,259],"class_list":{"0":"post-6729","1":"product","2":"type-product","3":"status-publish","4":"has-post-thumbnail","6":"product_cat-chaussettes","7":"product_tag-femme","8":"product_tag-lhomme","10":"first","11":"instock","12":"taxable","13":"shipping-taxable","14":"purchasable","15":"product-type-variable"},"yoast_head":"<!-- This site is optimized with the Yoast SEO Premium plugin v27.5 (Yoast SEO v27.5) - https:\/\/yoast.com\/product\/yoast-seo-premium-wordpress\/ -->\n<title>R2 3.0 Magnet\/Gloire d\u2019automne - Mi-bas de compression<\/title>\n<meta name=\"description\" content=\"D\u00e9couvrez R2 3.0 Magnet\/Gloire d\u2019automne, des mi-bas de compression qui am\u00e9liorent stabilit\u00e9 et circulation. Commandez d\u00e8s maintenant pour optimiser vos performances.\" \/>\n<meta name=\"robots\" content=\"index, follow, max-snippet:-1, max-image-preview:large, max-video-preview:-1\" \/>\n<link rel=\"canonical\" href=\"https:\/\/xmy.ch\/fr\/prodotto\/r2-3-0-magnet-gloire-dautomne\/\" \/>\n<meta property=\"og:locale\" content=\"fr_FR\" \/>\n<meta property=\"og:type\" content=\"article\" \/>\n<meta property=\"og:title\" content=\"R2 3.0 Magnet\/Gloire d\u2019automne \u2013 compression innovante\" \/>\n<meta property=\"og:description\" content=\"D\u00e9couvrez le R2 3.0 et boostez votre stabilit\u00e9 en course.\" \/>\n<meta property=\"og:url\" content=\"https:\/\/xmy.ch\/fr\/prodotto\/r2-3-0-magnet-gloire-dautomne\/\" \/>\n<meta property=\"og:site_name\" content=\"Xmy Sagl\" \/>\n<meta property=\"article:publisher\" content=\"https:\/\/www.facebook.com\/xmy.sagl\" \/>\n<meta property=\"og:image\" content=\"https:\/\/xmy.ch\/wp-content\/uploads\/2023\/11\/r2-30-magnet-autumn-glory.webp\" \/>\n\t<meta property=\"og:image:width\" content=\"549\" \/>\n\t<meta property=\"og:image:height\" content=\"712\" \/>\n\t<meta property=\"og:image:type\" content=\"image\/webp\" \/>\n<meta name=\"twitter:card\" content=\"summary_large_image\" \/>\n<meta name=\"twitter:title\" content=\"R2 3.0 Magnet\/Gloire d\u2019automne \u2013 compression avanc\u00e9e\" \/>\n<meta name=\"twitter:description\" content=\"Passez au R2 3.0 et am\u00e9liorez votre \u00e9quilibre sur piste.\" \/>\n<meta name=\"twitter:label1\" content=\"Dur\u00e9e de lecture estim\u00e9e\" \/>\n\t<meta name=\"twitter:data1\" content=\"2 minutes\" \/>\n<script type=\"application\/ld+json\" class=\"yoast-schema-graph\">{\"@context\":\"https:\\\/\\\/schema.org\",\"@graph\":[{\"@type\":\"WebPage\",\"@id\":\"https:\\\/\\\/xmy.ch\\\/fr\\\/prodotto\\\/r2-3-0-magnet-gloire-dautomne\\\/\",\"url\":\"https:\\\/\\\/xmy.ch\\\/fr\\\/prodotto\\\/r2-3-0-magnet-gloire-dautomne\\\/\",\"name\":\"R2 3.0 Magnet\\\/Gloire d\u2019automne - Mi-bas de compression\",\"isPartOf\":{\"@id\":\"https:\\\/\\\/xmy.ch\\\/fr\\\/#website\"},\"primaryImageOfPage\":{\"@id\":\"https:\\\/\\\/xmy.ch\\\/fr\\\/prodotto\\\/r2-3-0-magnet-gloire-dautomne\\\/#primaryimage\"},\"image\":{\"@id\":\"https:\\\/\\\/xmy.ch\\\/fr\\\/prodotto\\\/r2-3-0-magnet-gloire-dautomne\\\/#primaryimage\"},\"thumbnailUrl\":\"https:\\\/\\\/xmy.ch\\\/wp-content\\\/uploads\\\/2023\\\/11\\\/r2-30-magnet-autumn-glory.webp\",\"datePublished\":\"2023-11-06T08:57:00+00:00\",\"description\":\"D\u00e9couvrez R2 3.0 Magnet\\\/Gloire d\u2019automne, des mi-bas de compression qui am\u00e9liorent stabilit\u00e9 et circulation. Commandez d\u00e8s maintenant pour optimiser vos performances.\",\"breadcrumb\":{\"@id\":\"https:\\\/\\\/xmy.ch\\\/fr\\\/prodotto\\\/r2-3-0-magnet-gloire-dautomne\\\/#breadcrumb\"},\"inLanguage\":\"fr-FR\",\"potentialAction\":[{\"@type\":\"ReadAction\",\"target\":[\"https:\\\/\\\/xmy.ch\\\/fr\\\/prodotto\\\/r2-3-0-magnet-gloire-dautomne\\\/\"]}]},{\"@type\":\"ImageObject\",\"inLanguage\":\"fr-FR\",\"@id\":\"https:\\\/\\\/xmy.ch\\\/fr\\\/prodotto\\\/r2-3-0-magnet-gloire-dautomne\\\/#primaryimage\",\"url\":\"https:\\\/\\\/xmy.ch\\\/wp-content\\\/uploads\\\/2023\\\/11\\\/r2-30-magnet-autumn-glory.webp\",\"contentUrl\":\"https:\\\/\\\/xmy.ch\\\/wp-content\\\/uploads\\\/2023\\\/11\\\/r2-30-magnet-autumn-glory.webp\",\"width\":549,\"height\":712},{\"@type\":\"BreadcrumbList\",\"@id\":\"https:\\\/\\\/xmy.ch\\\/fr\\\/prodotto\\\/r2-3-0-magnet-gloire-dautomne\\\/#breadcrumb\",\"itemListElement\":[{\"@type\":\"ListItem\",\"position\":1,\"name\":\"Home\",\"item\":\"https:\\\/\\\/xmy.ch\\\/fr\\\/\"},{\"@type\":\"ListItem\",\"position\":2,\"name\":\"Boutique\",\"item\":\"https:\\\/\\\/xmy.ch\\\/fr\\\/boutique\\\/\"},{\"@type\":\"ListItem\",\"position\":3,\"name\":\"R2 3.0 &#8211; Magnet\\\/Gloire d&#8217;automne\"}]},{\"@type\":\"WebSite\",\"@id\":\"https:\\\/\\\/xmy.ch\\\/fr\\\/#website\",\"url\":\"https:\\\/\\\/xmy.ch\\\/fr\\\/\",\"name\":\"Xmy Sagl\",\"description\":\"\",\"publisher\":{\"@id\":\"https:\\\/\\\/xmy.ch\\\/fr\\\/#organization\"},\"potentialAction\":[{\"@type\":\"SearchAction\",\"target\":{\"@type\":\"EntryPoint\",\"urlTemplate\":\"https:\\\/\\\/xmy.ch\\\/fr\\\/?s={search_term_string}\"},\"query-input\":{\"@type\":\"PropertyValueSpecification\",\"valueRequired\":true,\"valueName\":\"search_term_string\"}}],\"inLanguage\":\"fr-FR\"},{\"@type\":\"Organization\",\"@id\":\"https:\\\/\\\/xmy.ch\\\/fr\\\/#organization\",\"name\":\"Xmy Sagl\",\"url\":\"https:\\\/\\\/xmy.ch\\\/fr\\\/\",\"logo\":{\"@type\":\"ImageObject\",\"inLanguage\":\"fr-FR\",\"@id\":\"https:\\\/\\\/xmy.ch\\\/fr\\\/#\\\/schema\\\/logo\\\/image\\\/\",\"url\":\"https:\\\/\\\/xmy.ch\\\/wp-content\\\/uploads\\\/2024\\\/02\\\/XMY_UNI_B.webp\",\"contentUrl\":\"https:\\\/\\\/xmy.ch\\\/wp-content\\\/uploads\\\/2024\\\/02\\\/XMY_UNI_B.webp\",\"width\":1459,\"height\":421,\"caption\":\"Xmy Sagl\"},\"image\":{\"@id\":\"https:\\\/\\\/xmy.ch\\\/fr\\\/#\\\/schema\\\/logo\\\/image\\\/\"},\"sameAs\":[\"https:\\\/\\\/www.facebook.com\\\/xmy.sagl\",\"https:\\\/\\\/www.instagram.com\\\/xmy.sagl\\\/\"]}]}<\/script>\n<!-- \/ Yoast SEO Premium plugin. -->","yoast_head_json":{"title":"R2 3.0 Magnet\/Gloire d\u2019automne - Mi-bas de compression","description":"D\u00e9couvrez R2 3.0 Magnet\/Gloire d\u2019automne, des mi-bas de compression qui am\u00e9liorent stabilit\u00e9 et circulation. Commandez d\u00e8s maintenant pour optimiser vos performances.","robots":{"index":"index","follow":"follow","max-snippet":"max-snippet:-1","max-image-preview":"max-image-preview:large","max-video-preview":"max-video-preview:-1"},"canonical":"https:\/\/xmy.ch\/fr\/prodotto\/r2-3-0-magnet-gloire-dautomne\/","og_locale":"fr_FR","og_type":"article","og_title":"R2 3.0 Magnet\/Gloire d\u2019automne \u2013 compression innovante","og_description":"D\u00e9couvrez le R2 3.0 et boostez votre stabilit\u00e9 en course.","og_url":"https:\/\/xmy.ch\/fr\/prodotto\/r2-3-0-magnet-gloire-dautomne\/","og_site_name":"Xmy Sagl","article_publisher":"https:\/\/www.facebook.com\/xmy.sagl","og_image":[{"width":549,"height":712,"url":"https:\/\/xmy.ch\/wp-content\/uploads\/2023\/11\/r2-30-magnet-autumn-glory.webp","type":"image\/webp"}],"twitter_card":"summary_large_image","twitter_title":"R2 3.0 Magnet\/Gloire d\u2019automne \u2013 compression avanc\u00e9e","twitter_description":"Passez au R2 3.0 et am\u00e9liorez votre \u00e9quilibre sur piste.","twitter_misc":{"Dur\u00e9e de lecture estim\u00e9e":"2 minutes"},"schema":{"@context":"https:\/\/schema.org","@graph":[{"@type":"WebPage","@id":"https:\/\/xmy.ch\/fr\/prodotto\/r2-3-0-magnet-gloire-dautomne\/","url":"https:\/\/xmy.ch\/fr\/prodotto\/r2-3-0-magnet-gloire-dautomne\/","name":"R2 3.0 Magnet\/Gloire d\u2019automne - Mi-bas de compression","isPartOf":{"@id":"https:\/\/xmy.ch\/fr\/#website"},"primaryImageOfPage":{"@id":"https:\/\/xmy.ch\/fr\/prodotto\/r2-3-0-magnet-gloire-dautomne\/#primaryimage"},"image":{"@id":"https:\/\/xmy.ch\/fr\/prodotto\/r2-3-0-magnet-gloire-dautomne\/#primaryimage"},"thumbnailUrl":"https:\/\/xmy.ch\/wp-content\/uploads\/2023\/11\/r2-30-magnet-autumn-glory.webp","datePublished":"2023-11-06T08:57:00+00:00","description":"D\u00e9couvrez R2 3.0 Magnet\/Gloire d\u2019automne, des mi-bas de compression qui am\u00e9liorent stabilit\u00e9 et circulation. Commandez d\u00e8s maintenant pour optimiser vos performances.","breadcrumb":{"@id":"https:\/\/xmy.ch\/fr\/prodotto\/r2-3-0-magnet-gloire-dautomne\/#breadcrumb"},"inLanguage":"fr-FR","potentialAction":[{"@type":"ReadAction","target":["https:\/\/xmy.ch\/fr\/prodotto\/r2-3-0-magnet-gloire-dautomne\/"]}]},{"@type":"ImageObject","inLanguage":"fr-FR","@id":"https:\/\/xmy.ch\/fr\/prodotto\/r2-3-0-magnet-gloire-dautomne\/#primaryimage","url":"https:\/\/xmy.ch\/wp-content\/uploads\/2023\/11\/r2-30-magnet-autumn-glory.webp","contentUrl":"https:\/\/xmy.ch\/wp-content\/uploads\/2023\/11\/r2-30-magnet-autumn-glory.webp","width":549,"height":712},{"@type":"BreadcrumbList","@id":"https:\/\/xmy.ch\/fr\/prodotto\/r2-3-0-magnet-gloire-dautomne\/#breadcrumb","itemListElement":[{"@type":"ListItem","position":1,"name":"Home","item":"https:\/\/xmy.ch\/fr\/"},{"@type":"ListItem","position":2,"name":"Boutique","item":"https:\/\/xmy.ch\/fr\/boutique\/"},{"@type":"ListItem","position":3,"name":"R2 3.0 &#8211; Magnet\/Gloire d&#8217;automne"}]},{"@type":"WebSite","@id":"https:\/\/xmy.ch\/fr\/#website","url":"https:\/\/xmy.ch\/fr\/","name":"Xmy Sagl","description":"","publisher":{"@id":"https:\/\/xmy.ch\/fr\/#organization"},"potentialAction":[{"@type":"SearchAction","target":{"@type":"EntryPoint","urlTemplate":"https:\/\/xmy.ch\/fr\/?s={search_term_string}"},"query-input":{"@type":"PropertyValueSpecification","valueRequired":true,"valueName":"search_term_string"}}],"inLanguage":"fr-FR"},{"@type":"Organization","@id":"https:\/\/xmy.ch\/fr\/#organization","name":"Xmy Sagl","url":"https:\/\/xmy.ch\/fr\/","logo":{"@type":"ImageObject","inLanguage":"fr-FR","@id":"https:\/\/xmy.ch\/fr\/#\/schema\/logo\/image\/","url":"https:\/\/xmy.ch\/wp-content\/uploads\/2024\/02\/XMY_UNI_B.webp","contentUrl":"https:\/\/xmy.ch\/wp-content\/uploads\/2024\/02\/XMY_UNI_B.webp","width":1459,"height":421,"caption":"Xmy Sagl"},"image":{"@id":"https:\/\/xmy.ch\/fr\/#\/schema\/logo\/image\/"},"sameAs":["https:\/\/www.facebook.com\/xmy.sagl","https:\/\/www.instagram.com\/xmy.sagl\/"]}]}},"_links":{"self":[{"href":"https:\/\/xmy.ch\/fr\/wp-json\/wp\/v2\/product\/6729","targetHints":{"allow":["GET"]}}],"collection":[{"href":"https:\/\/xmy.ch\/fr\/wp-json\/wp\/v2\/product"}],"about":[{"href":"https:\/\/xmy.ch\/fr\/wp-json\/wp\/v2\/types\/product"}],"replies":[{"embeddable":true,"href":"https:\/\/xmy.ch\/fr\/wp-json\/wp\/v2\/comments?post=6729"}],"wp:featuredmedia":[{"embeddable":true,"href":"https:\/\/xmy.ch\/fr\/wp-json\/wp\/v2\/media\/4675"}],"wp:attachment":[{"href":"https:\/\/xmy.ch\/fr\/wp-json\/wp\/v2\/media?parent=6729"}],"wp:term":[{"taxonomy":"product_brand","embeddable":true,"href":"https:\/\/xmy.ch\/fr\/wp-json\/wp\/v2\/product_brand?post=6729"},{"taxonomy":"product_cat","embeddable":true,"href":"https:\/\/xmy.ch\/fr\/wp-json\/wp\/v2\/product_cat?post=6729"},{"taxonomy":"product_tag","embeddable":true,"href":"https:\/\/xmy.ch\/fr\/wp-json\/wp\/v2\/product_tag?post=6729"}],"curies":[{"name":"wp","href":"https:\/\/api.w.org\/{rel}","templated":true}]}}