{"id":6585,"date":"2023-11-06T08:40:27","date_gmt":"2023-11-06T07:40:27","guid":{"rendered":"https:\/\/xmy.ch\/prodotto\/chaussettes-pro-racing-winter-run-noir-haut-risque\/"},"modified":"2023-11-06T08:40:27","modified_gmt":"2023-11-06T07:40:27","slug":"chaussettes-pro-racing-winter-run-noir-haut-risque","status":"publish","type":"product","link":"https:\/\/xmy.ch\/fr\/prodotto\/chaussettes-pro-racing-winter-run-noir-haut-risque\/","title":{"rendered":"Chaussettes Pro Racing Winter Run &#8211; Noir\/Haut risque"},"content":{"rendered":"<p>Chaussettes de course \u00e0 pied d&rsquo;hiver thermo-protectrices pour garder les pieds au chaud et au sec, pr\u00e9venir les ampoules et am\u00e9liorer les performances.<\/p>\n<p>Avez-vous d\u00e9j\u00e0 eu les pieds si froids que vous pr\u00e9f\u00e9riez le tapis roulant aux rues sombres de l&rsquo;hiver ? N&rsquo;ayez crainte, gr\u00e2ce \u00e0 la version actualis\u00e9e de nos populaires chaussettes de course hivernale, vous pourrez continuer \u00e0 courir sur la route hivernale avec les pieds plus chauds que jamais. S&rsquo;appuyant sur les commentaires d&rsquo;athl\u00e8tes professionnels et sur des tests approfondis en laboratoire, des panneaux sp\u00e9ciaux garantissent que les zones les plus sensibles du pied b\u00e9n\u00e9ficient d&rsquo;une chaleur et d&rsquo;une protection maximales gr\u00e2ce \u00e0 un m\u00e9lange de laine m\u00e9rinos et de fibres de soie qui s&rsquo;ajuste et r\u00e9gule la temp\u00e9rature. Des zones de ventilation hautement respirantes compl\u00e8tent la conception pour \u00e9vacuer la transpiration et garder les pieds au sec et pr\u00e9venir l&rsquo;accumulation d&rsquo;humidit\u00e9 pendant les efforts intenses. Les points 3D intelligemment positionn\u00e9s augmentent l&rsquo;adh\u00e9rence et la proprioception sous le pied, prot\u00e8gent contre les chocs et les contusions sur la mall\u00e9ole interne et soutiennent l\u00e9g\u00e8rement le tendon d&rsquo;Achille \u00e0 l&rsquo;arri\u00e8re. La compression l\u00e9g\u00e8re, contr\u00f4l\u00e9e m\u00e9dicalement, am\u00e9liore la circulation sanguine, apporte du soutien et aide \u00e0 garder les pieds au chaud pendant les courses par temps froid. Enfin, un soutien de la vo\u00fbte plantaire favorise le retour veineux et \u00e9vite \u00e0 la chaussette de se tordre et de provoquer des ampoules au fil des kilom\u00e8tres. L\u00e9g\u00e8rement plus basses et plus a\u00e9r\u00e9es que le mod\u00e8le trail, ces chaussettes sont sp\u00e9cialement con\u00e7ues pour les rigueurs hivernales de la course sur route. Alors, au lieu d&rsquo;aller \u00e0 la salle de sport, enfilez ces chaussettes de course hivernales et partez les pieds au chaud !<\/p>\n<p>76% polyamide 9% \u00e9lasthanne 13% laine m\u00e9rinos 2% soie de m\u00fbrier<\/p>\n<p><img decoding=\"async\" class=\"w-50 my-2\" src=\"https:\/\/www.compressport.com\/ch\/img\/prods_entretien.png\"><\/p>\n","protected":false},"excerpt":{"rendered":"<p>Chaussettes de course \u00e0 pied d&rsquo;hiver thermo-protectrices pour garder les pieds au chaud et au sec, pr\u00e9venir les ampoules et am\u00e9liorer les performances.<\/p>\n","protected":false},"featured_media":4495,"comment_status":"open","ping_status":"closed","template":"","meta":[],"product_brand":[],"product_cat":[313],"product_tag":[258,259],"class_list":{"0":"post-6585","1":"product","2":"type-product","3":"status-publish","4":"has-post-thumbnail","6":"product_cat-chaussettes","7":"product_tag-femme","8":"product_tag-lhomme","10":"first","11":"instock","12":"taxable","13":"shipping-taxable","14":"purchasable","15":"product-type-variable"},"yoast_head":"<!-- This site is optimized with the Yoast SEO Premium plugin v27.5 (Yoast SEO v27.5) - https:\/\/yoast.com\/product\/yoast-seo-premium-wordpress\/ -->\n<title>Chaussettes Pro Racing Winter Run \u2013 Noir Haute Risque<\/title>\n<meta name=\"description\" content=\"Chaussettes Pro Racing Winter Run offrent chaleur, respirabilit\u00e9 et protection pour pieds au chaud et au sec. Essayez-les et am\u00e9liorez vos performances d\u00e8s maintenant.\" \/>\n<meta name=\"robots\" content=\"index, follow, max-snippet:-1, max-image-preview:large, max-video-preview:-1\" \/>\n<link rel=\"canonical\" href=\"https:\/\/xmy.ch\/fr\/prodotto\/chaussettes-pro-racing-winter-run-noir-haut-risque\/\" \/>\n<meta property=\"og:locale\" content=\"fr_FR\" \/>\n<meta property=\"og:type\" content=\"article\" \/>\n<meta property=\"og:title\" content=\"Chaussettes Pro Racing Winter Run \u2013 Noir Haute Risque Pieds\" \/>\n<meta property=\"og:description\" content=\"Gardez vos pieds au chaud et au sec avec Pro Racing Winter Run. Commandez maintenant.\" \/>\n<meta property=\"og:url\" content=\"https:\/\/xmy.ch\/fr\/prodotto\/chaussettes-pro-racing-winter-run-noir-haut-risque\/\" \/>\n<meta property=\"og:site_name\" content=\"Xmy Sagl\" \/>\n<meta property=\"article:publisher\" content=\"https:\/\/www.facebook.com\/xmy.sagl\" \/>\n<meta property=\"og:image\" content=\"https:\/\/xmy.ch\/wp-content\/uploads\/2023\/11\/pro-racing-socks-winter-run-black-high-risk-red.webp\" \/>\n\t<meta property=\"og:image:width\" content=\"549\" \/>\n\t<meta property=\"og:image:height\" content=\"712\" \/>\n\t<meta property=\"og:image:type\" content=\"image\/webp\" \/>\n<meta name=\"twitter:card\" content=\"summary_large_image\" \/>\n<meta name=\"twitter:title\" content=\"Pro Racing Winter Run \u2013 Chaussettes Noir Haute Risque\" \/>\n<meta name=\"twitter:description\" content=\"Con\u00e7ues pour chaleur et performance hivernales. Achetez-les d\u00e8s maintenant.\" \/>\n<meta name=\"twitter:label1\" content=\"Dur\u00e9e de lecture estim\u00e9e\" \/>\n\t<meta name=\"twitter:data1\" content=\"2 minutes\" \/>\n<script type=\"application\/ld+json\" class=\"yoast-schema-graph\">{\"@context\":\"https:\\\/\\\/schema.org\",\"@graph\":[{\"@type\":\"WebPage\",\"@id\":\"https:\\\/\\\/xmy.ch\\\/fr\\\/prodotto\\\/chaussettes-pro-racing-winter-run-noir-haut-risque\\\/\",\"url\":\"https:\\\/\\\/xmy.ch\\\/fr\\\/prodotto\\\/chaussettes-pro-racing-winter-run-noir-haut-risque\\\/\",\"name\":\"Chaussettes Pro Racing Winter Run \u2013 Noir Haute Risque\",\"isPartOf\":{\"@id\":\"https:\\\/\\\/xmy.ch\\\/fr\\\/#website\"},\"primaryImageOfPage\":{\"@id\":\"https:\\\/\\\/xmy.ch\\\/fr\\\/prodotto\\\/chaussettes-pro-racing-winter-run-noir-haut-risque\\\/#primaryimage\"},\"image\":{\"@id\":\"https:\\\/\\\/xmy.ch\\\/fr\\\/prodotto\\\/chaussettes-pro-racing-winter-run-noir-haut-risque\\\/#primaryimage\"},\"thumbnailUrl\":\"https:\\\/\\\/xmy.ch\\\/wp-content\\\/uploads\\\/2023\\\/11\\\/pro-racing-socks-winter-run-black-high-risk-red.webp\",\"datePublished\":\"2023-11-06T07:40:27+00:00\",\"description\":\"Chaussettes Pro Racing Winter Run offrent chaleur, respirabilit\u00e9 et protection pour pieds au chaud et au sec. Essayez-les et am\u00e9liorez vos performances d\u00e8s maintenant.\",\"breadcrumb\":{\"@id\":\"https:\\\/\\\/xmy.ch\\\/fr\\\/prodotto\\\/chaussettes-pro-racing-winter-run-noir-haut-risque\\\/#breadcrumb\"},\"inLanguage\":\"fr-FR\",\"potentialAction\":[{\"@type\":\"ReadAction\",\"target\":[\"https:\\\/\\\/xmy.ch\\\/fr\\\/prodotto\\\/chaussettes-pro-racing-winter-run-noir-haut-risque\\\/\"]}]},{\"@type\":\"ImageObject\",\"inLanguage\":\"fr-FR\",\"@id\":\"https:\\\/\\\/xmy.ch\\\/fr\\\/prodotto\\\/chaussettes-pro-racing-winter-run-noir-haut-risque\\\/#primaryimage\",\"url\":\"https:\\\/\\\/xmy.ch\\\/wp-content\\\/uploads\\\/2023\\\/11\\\/pro-racing-socks-winter-run-black-high-risk-red.webp\",\"contentUrl\":\"https:\\\/\\\/xmy.ch\\\/wp-content\\\/uploads\\\/2023\\\/11\\\/pro-racing-socks-winter-run-black-high-risk-red.webp\",\"width\":549,\"height\":712},{\"@type\":\"BreadcrumbList\",\"@id\":\"https:\\\/\\\/xmy.ch\\\/fr\\\/prodotto\\\/chaussettes-pro-racing-winter-run-noir-haut-risque\\\/#breadcrumb\",\"itemListElement\":[{\"@type\":\"ListItem\",\"position\":1,\"name\":\"Home\",\"item\":\"https:\\\/\\\/xmy.ch\\\/fr\\\/\"},{\"@type\":\"ListItem\",\"position\":2,\"name\":\"Boutique\",\"item\":\"https:\\\/\\\/xmy.ch\\\/fr\\\/boutique\\\/\"},{\"@type\":\"ListItem\",\"position\":3,\"name\":\"Chaussettes Pro Racing Winter Run &#8211; Noir\\\/Haut risque\"}]},{\"@type\":\"WebSite\",\"@id\":\"https:\\\/\\\/xmy.ch\\\/fr\\\/#website\",\"url\":\"https:\\\/\\\/xmy.ch\\\/fr\\\/\",\"name\":\"Xmy Sagl\",\"description\":\"\",\"publisher\":{\"@id\":\"https:\\\/\\\/xmy.ch\\\/fr\\\/#organization\"},\"potentialAction\":[{\"@type\":\"SearchAction\",\"target\":{\"@type\":\"EntryPoint\",\"urlTemplate\":\"https:\\\/\\\/xmy.ch\\\/fr\\\/?s={search_term_string}\"},\"query-input\":{\"@type\":\"PropertyValueSpecification\",\"valueRequired\":true,\"valueName\":\"search_term_string\"}}],\"inLanguage\":\"fr-FR\"},{\"@type\":\"Organization\",\"@id\":\"https:\\\/\\\/xmy.ch\\\/fr\\\/#organization\",\"name\":\"Xmy Sagl\",\"url\":\"https:\\\/\\\/xmy.ch\\\/fr\\\/\",\"logo\":{\"@type\":\"ImageObject\",\"inLanguage\":\"fr-FR\",\"@id\":\"https:\\\/\\\/xmy.ch\\\/fr\\\/#\\\/schema\\\/logo\\\/image\\\/\",\"url\":\"https:\\\/\\\/xmy.ch\\\/wp-content\\\/uploads\\\/2024\\\/02\\\/XMY_UNI_B.webp\",\"contentUrl\":\"https:\\\/\\\/xmy.ch\\\/wp-content\\\/uploads\\\/2024\\\/02\\\/XMY_UNI_B.webp\",\"width\":1459,\"height\":421,\"caption\":\"Xmy Sagl\"},\"image\":{\"@id\":\"https:\\\/\\\/xmy.ch\\\/fr\\\/#\\\/schema\\\/logo\\\/image\\\/\"},\"sameAs\":[\"https:\\\/\\\/www.facebook.com\\\/xmy.sagl\",\"https:\\\/\\\/www.instagram.com\\\/xmy.sagl\\\/\"]}]}<\/script>\n<!-- \/ Yoast SEO Premium plugin. -->","yoast_head_json":{"title":"Chaussettes Pro Racing Winter Run \u2013 Noir Haute Risque","description":"Chaussettes Pro Racing Winter Run offrent chaleur, respirabilit\u00e9 et protection pour pieds au chaud et au sec. Essayez-les et am\u00e9liorez vos performances d\u00e8s maintenant.","robots":{"index":"index","follow":"follow","max-snippet":"max-snippet:-1","max-image-preview":"max-image-preview:large","max-video-preview":"max-video-preview:-1"},"canonical":"https:\/\/xmy.ch\/fr\/prodotto\/chaussettes-pro-racing-winter-run-noir-haut-risque\/","og_locale":"fr_FR","og_type":"article","og_title":"Chaussettes Pro Racing Winter Run \u2013 Noir Haute Risque Pieds","og_description":"Gardez vos pieds au chaud et au sec avec Pro Racing Winter Run. Commandez maintenant.","og_url":"https:\/\/xmy.ch\/fr\/prodotto\/chaussettes-pro-racing-winter-run-noir-haut-risque\/","og_site_name":"Xmy Sagl","article_publisher":"https:\/\/www.facebook.com\/xmy.sagl","og_image":[{"width":549,"height":712,"url":"https:\/\/xmy.ch\/wp-content\/uploads\/2023\/11\/pro-racing-socks-winter-run-black-high-risk-red.webp","type":"image\/webp"}],"twitter_card":"summary_large_image","twitter_title":"Pro Racing Winter Run \u2013 Chaussettes Noir Haute Risque","twitter_description":"Con\u00e7ues pour chaleur et performance hivernales. Achetez-les d\u00e8s maintenant.","twitter_misc":{"Dur\u00e9e de lecture estim\u00e9e":"2 minutes"},"schema":{"@context":"https:\/\/schema.org","@graph":[{"@type":"WebPage","@id":"https:\/\/xmy.ch\/fr\/prodotto\/chaussettes-pro-racing-winter-run-noir-haut-risque\/","url":"https:\/\/xmy.ch\/fr\/prodotto\/chaussettes-pro-racing-winter-run-noir-haut-risque\/","name":"Chaussettes Pro Racing Winter Run \u2013 Noir Haute Risque","isPartOf":{"@id":"https:\/\/xmy.ch\/fr\/#website"},"primaryImageOfPage":{"@id":"https:\/\/xmy.ch\/fr\/prodotto\/chaussettes-pro-racing-winter-run-noir-haut-risque\/#primaryimage"},"image":{"@id":"https:\/\/xmy.ch\/fr\/prodotto\/chaussettes-pro-racing-winter-run-noir-haut-risque\/#primaryimage"},"thumbnailUrl":"https:\/\/xmy.ch\/wp-content\/uploads\/2023\/11\/pro-racing-socks-winter-run-black-high-risk-red.webp","datePublished":"2023-11-06T07:40:27+00:00","description":"Chaussettes Pro Racing Winter Run offrent chaleur, respirabilit\u00e9 et protection pour pieds au chaud et au sec. Essayez-les et am\u00e9liorez vos performances d\u00e8s maintenant.","breadcrumb":{"@id":"https:\/\/xmy.ch\/fr\/prodotto\/chaussettes-pro-racing-winter-run-noir-haut-risque\/#breadcrumb"},"inLanguage":"fr-FR","potentialAction":[{"@type":"ReadAction","target":["https:\/\/xmy.ch\/fr\/prodotto\/chaussettes-pro-racing-winter-run-noir-haut-risque\/"]}]},{"@type":"ImageObject","inLanguage":"fr-FR","@id":"https:\/\/xmy.ch\/fr\/prodotto\/chaussettes-pro-racing-winter-run-noir-haut-risque\/#primaryimage","url":"https:\/\/xmy.ch\/wp-content\/uploads\/2023\/11\/pro-racing-socks-winter-run-black-high-risk-red.webp","contentUrl":"https:\/\/xmy.ch\/wp-content\/uploads\/2023\/11\/pro-racing-socks-winter-run-black-high-risk-red.webp","width":549,"height":712},{"@type":"BreadcrumbList","@id":"https:\/\/xmy.ch\/fr\/prodotto\/chaussettes-pro-racing-winter-run-noir-haut-risque\/#breadcrumb","itemListElement":[{"@type":"ListItem","position":1,"name":"Home","item":"https:\/\/xmy.ch\/fr\/"},{"@type":"ListItem","position":2,"name":"Boutique","item":"https:\/\/xmy.ch\/fr\/boutique\/"},{"@type":"ListItem","position":3,"name":"Chaussettes Pro Racing Winter Run &#8211; Noir\/Haut risque"}]},{"@type":"WebSite","@id":"https:\/\/xmy.ch\/fr\/#website","url":"https:\/\/xmy.ch\/fr\/","name":"Xmy Sagl","description":"","publisher":{"@id":"https:\/\/xmy.ch\/fr\/#organization"},"potentialAction":[{"@type":"SearchAction","target":{"@type":"EntryPoint","urlTemplate":"https:\/\/xmy.ch\/fr\/?s={search_term_string}"},"query-input":{"@type":"PropertyValueSpecification","valueRequired":true,"valueName":"search_term_string"}}],"inLanguage":"fr-FR"},{"@type":"Organization","@id":"https:\/\/xmy.ch\/fr\/#organization","name":"Xmy Sagl","url":"https:\/\/xmy.ch\/fr\/","logo":{"@type":"ImageObject","inLanguage":"fr-FR","@id":"https:\/\/xmy.ch\/fr\/#\/schema\/logo\/image\/","url":"https:\/\/xmy.ch\/wp-content\/uploads\/2024\/02\/XMY_UNI_B.webp","contentUrl":"https:\/\/xmy.ch\/wp-content\/uploads\/2024\/02\/XMY_UNI_B.webp","width":1459,"height":421,"caption":"Xmy Sagl"},"image":{"@id":"https:\/\/xmy.ch\/fr\/#\/schema\/logo\/image\/"},"sameAs":["https:\/\/www.facebook.com\/xmy.sagl","https:\/\/www.instagram.com\/xmy.sagl\/"]}]}},"_links":{"self":[{"href":"https:\/\/xmy.ch\/fr\/wp-json\/wp\/v2\/product\/6585","targetHints":{"allow":["GET"]}}],"collection":[{"href":"https:\/\/xmy.ch\/fr\/wp-json\/wp\/v2\/product"}],"about":[{"href":"https:\/\/xmy.ch\/fr\/wp-json\/wp\/v2\/types\/product"}],"replies":[{"embeddable":true,"href":"https:\/\/xmy.ch\/fr\/wp-json\/wp\/v2\/comments?post=6585"}],"wp:featuredmedia":[{"embeddable":true,"href":"https:\/\/xmy.ch\/fr\/wp-json\/wp\/v2\/media\/4495"}],"wp:attachment":[{"href":"https:\/\/xmy.ch\/fr\/wp-json\/wp\/v2\/media?parent=6585"}],"wp:term":[{"taxonomy":"product_brand","embeddable":true,"href":"https:\/\/xmy.ch\/fr\/wp-json\/wp\/v2\/product_brand?post=6585"},{"taxonomy":"product_cat","embeddable":true,"href":"https:\/\/xmy.ch\/fr\/wp-json\/wp\/v2\/product_cat?post=6585"},{"taxonomy":"product_tag","embeddable":true,"href":"https:\/\/xmy.ch\/fr\/wp-json\/wp\/v2\/product_tag?post=6585"}],"curies":[{"name":"wp","href":"https:\/\/api.w.org\/{rel}","templated":true}]}}