{"id":6547,"date":"2023-11-05T22:24:00","date_gmt":"2023-11-05T21:24:00","guid":{"rendered":"https:\/\/xmy.ch\/prodotto\/m-active-wool-long-sleeve-dusty-red-manches-longues-en-laine\/"},"modified":"2023-11-05T22:24:00","modified_gmt":"2023-11-05T21:24:00","slug":"m-active-wool-long-sleeve-dusty-red-manches-longues-en-laine","status":"publish","type":"product","link":"https:\/\/xmy.ch\/fr\/prodotto\/m-active-wool-long-sleeve-dusty-red-manches-longues-en-laine\/","title":{"rendered":"M Active Wool Long Sleeve Dusty Red (Manches longues en laine)"},"content":{"rendered":"<p>Sous-v\u00eatements en laine \u00e0 manches longues, r\u00e9gulant la transpiration et la thermor\u00e9gulation.<\/p>\n<ul>\n<li>Humidit\u00e9 et transpiration<\/li>\n<li>Tissu thermor\u00e9gulateur<\/li>\n<li>Coutures plates<\/li>\n<li>\u00c9paules sans coutures pour \u00e9viter les frottements<\/li>\n<li>Coutures flatlockMati\u00e8re principale : 50 % laine 50 % LyocellInstructions d&rsquo;entretien :<br \/>\n\u00c9viter les d\u00e9tergents contenant des enzymes. Ne pas utiliser d&rsquo;assouplissant. Laver avec un programme sp\u00e9cial pour la laine.<\/li>\n<\/ul>\n","protected":false},"excerpt":{"rendered":"<p>Sous-v\u00eatements en laine \u00e0 manches longues, r\u00e9gulant la transpiration et la thermor\u00e9gulation.<\/p>\n","protected":false},"featured_media":4473,"comment_status":"open","ping_status":"closed","template":"","meta":[],"product_brand":[],"product_cat":[327],"product_tag":[258],"class_list":{"0":"post-6547","1":"product","2":"type-product","3":"status-publish","4":"has-post-thumbnail","6":"product_cat-chemises-a-manches-longues","7":"product_tag-femme","9":"first","10":"instock","11":"taxable","12":"shipping-taxable","13":"purchasable","14":"product-type-variable"},"yoast_head":"<!-- This site is optimized with the Yoast SEO Premium plugin v27.5 (Yoast SEO v27.5) - https:\/\/yoast.com\/product\/yoast-seo-premium-wordpress\/ -->\n<title>Laine Thermor\u00e9gulante M Active Wool Long Sleeve Dusty Red<\/title>\n<meta name=\"description\" content=\"D\u00e9couvrez Laine Thermor\u00e9gulante M Active Wool Long Sleeve Dusty Red, des sous-v\u00eatements en laine qui r\u00e9gulent la transpiration et la thermor\u00e9gulation. Commandez d\u00e8s maintenant !\" \/>\n<meta name=\"robots\" content=\"index, follow, max-snippet:-1, max-image-preview:large, max-video-preview:-1\" \/>\n<link rel=\"canonical\" href=\"https:\/\/xmy.ch\/fr\/prodotto\/m-active-wool-long-sleeve-dusty-red-manches-longues-en-laine\/\" \/>\n<meta property=\"og:locale\" content=\"fr_FR\" \/>\n<meta property=\"og:type\" content=\"article\" \/>\n<meta property=\"og:title\" content=\"Laine Thermor\u00e9gulante M Active Wool Long Sleeve Dusty Red\" \/>\n<meta property=\"og:description\" content=\"Sous-v\u00eatements en laine \u00e0 manches longues pour r\u00e9guler l&#039;humidit\u00e9. Achetez d\u00e8s maintenant.\" \/>\n<meta property=\"og:url\" content=\"https:\/\/xmy.ch\/fr\/prodotto\/m-active-wool-long-sleeve-dusty-red-manches-longues-en-laine\/\" \/>\n<meta property=\"og:site_name\" content=\"Xmy Sagl\" \/>\n<meta property=\"article:publisher\" content=\"https:\/\/www.facebook.com\/xmy.sagl\" \/>\n<meta property=\"og:image\" content=\"https:\/\/xmy.ch\/wp-content\/uploads\/2023\/11\/Daehlie-W-Active-Wool-Long-Sleeve-dusty-red-Main_1920x1920.jpg\" \/>\n\t<meta property=\"og:image:width\" content=\"1024\" \/>\n\t<meta property=\"og:image:height\" content=\"1024\" \/>\n\t<meta property=\"og:image:type\" content=\"image\/jpeg\" \/>\n<meta name=\"twitter:card\" content=\"summary_large_image\" \/>\n<meta name=\"twitter:title\" content=\"M Active Wool Dusty Red - Laine Thermor\u00e9gulante\" \/>\n<meta name=\"twitter:description\" content=\"R\u00e9gulation thermique et confort avec la laine 50\/50 Lyocell. Procurez-vous le mod\u00e8le Dusty Red.\" \/>\n<script type=\"application\/ld+json\" class=\"yoast-schema-graph\">{\"@context\":\"https:\\\/\\\/schema.org\",\"@graph\":[{\"@type\":\"WebPage\",\"@id\":\"https:\\\/\\\/xmy.ch\\\/fr\\\/prodotto\\\/m-active-wool-long-sleeve-dusty-red-manches-longues-en-laine\\\/\",\"url\":\"https:\\\/\\\/xmy.ch\\\/fr\\\/prodotto\\\/m-active-wool-long-sleeve-dusty-red-manches-longues-en-laine\\\/\",\"name\":\"Laine Thermor\u00e9gulante M Active Wool Long Sleeve Dusty Red\",\"isPartOf\":{\"@id\":\"https:\\\/\\\/xmy.ch\\\/fr\\\/#website\"},\"primaryImageOfPage\":{\"@id\":\"https:\\\/\\\/xmy.ch\\\/fr\\\/prodotto\\\/m-active-wool-long-sleeve-dusty-red-manches-longues-en-laine\\\/#primaryimage\"},\"image\":{\"@id\":\"https:\\\/\\\/xmy.ch\\\/fr\\\/prodotto\\\/m-active-wool-long-sleeve-dusty-red-manches-longues-en-laine\\\/#primaryimage\"},\"thumbnailUrl\":\"https:\\\/\\\/xmy.ch\\\/wp-content\\\/uploads\\\/2023\\\/11\\\/Daehlie-W-Active-Wool-Long-Sleeve-dusty-red-Main_1920x1920.jpg\",\"datePublished\":\"2023-11-05T21:24:00+00:00\",\"description\":\"D\u00e9couvrez Laine Thermor\u00e9gulante M Active Wool Long Sleeve Dusty Red, des sous-v\u00eatements en laine qui r\u00e9gulent la transpiration et la thermor\u00e9gulation. Commandez d\u00e8s maintenant !\",\"breadcrumb\":{\"@id\":\"https:\\\/\\\/xmy.ch\\\/fr\\\/prodotto\\\/m-active-wool-long-sleeve-dusty-red-manches-longues-en-laine\\\/#breadcrumb\"},\"inLanguage\":\"fr-FR\",\"potentialAction\":[{\"@type\":\"ReadAction\",\"target\":[\"https:\\\/\\\/xmy.ch\\\/fr\\\/prodotto\\\/m-active-wool-long-sleeve-dusty-red-manches-longues-en-laine\\\/\"]}]},{\"@type\":\"ImageObject\",\"inLanguage\":\"fr-FR\",\"@id\":\"https:\\\/\\\/xmy.ch\\\/fr\\\/prodotto\\\/m-active-wool-long-sleeve-dusty-red-manches-longues-en-laine\\\/#primaryimage\",\"url\":\"https:\\\/\\\/xmy.ch\\\/wp-content\\\/uploads\\\/2023\\\/11\\\/Daehlie-W-Active-Wool-Long-Sleeve-dusty-red-Main_1920x1920.jpg\",\"contentUrl\":\"https:\\\/\\\/xmy.ch\\\/wp-content\\\/uploads\\\/2023\\\/11\\\/Daehlie-W-Active-Wool-Long-Sleeve-dusty-red-Main_1920x1920.jpg\",\"width\":1024,\"height\":1024},{\"@type\":\"BreadcrumbList\",\"@id\":\"https:\\\/\\\/xmy.ch\\\/fr\\\/prodotto\\\/m-active-wool-long-sleeve-dusty-red-manches-longues-en-laine\\\/#breadcrumb\",\"itemListElement\":[{\"@type\":\"ListItem\",\"position\":1,\"name\":\"Home\",\"item\":\"https:\\\/\\\/xmy.ch\\\/fr\\\/\"},{\"@type\":\"ListItem\",\"position\":2,\"name\":\"Boutique\",\"item\":\"https:\\\/\\\/xmy.ch\\\/fr\\\/boutique\\\/\"},{\"@type\":\"ListItem\",\"position\":3,\"name\":\"M Active Wool Long Sleeve Dusty Red (Manches longues en laine)\"}]},{\"@type\":\"WebSite\",\"@id\":\"https:\\\/\\\/xmy.ch\\\/fr\\\/#website\",\"url\":\"https:\\\/\\\/xmy.ch\\\/fr\\\/\",\"name\":\"Xmy Sagl\",\"description\":\"\",\"publisher\":{\"@id\":\"https:\\\/\\\/xmy.ch\\\/fr\\\/#organization\"},\"potentialAction\":[{\"@type\":\"SearchAction\",\"target\":{\"@type\":\"EntryPoint\",\"urlTemplate\":\"https:\\\/\\\/xmy.ch\\\/fr\\\/?s={search_term_string}\"},\"query-input\":{\"@type\":\"PropertyValueSpecification\",\"valueRequired\":true,\"valueName\":\"search_term_string\"}}],\"inLanguage\":\"fr-FR\"},{\"@type\":\"Organization\",\"@id\":\"https:\\\/\\\/xmy.ch\\\/fr\\\/#organization\",\"name\":\"Xmy Sagl\",\"url\":\"https:\\\/\\\/xmy.ch\\\/fr\\\/\",\"logo\":{\"@type\":\"ImageObject\",\"inLanguage\":\"fr-FR\",\"@id\":\"https:\\\/\\\/xmy.ch\\\/fr\\\/#\\\/schema\\\/logo\\\/image\\\/\",\"url\":\"https:\\\/\\\/xmy.ch\\\/wp-content\\\/uploads\\\/2024\\\/02\\\/XMY_UNI_B.webp\",\"contentUrl\":\"https:\\\/\\\/xmy.ch\\\/wp-content\\\/uploads\\\/2024\\\/02\\\/XMY_UNI_B.webp\",\"width\":1459,\"height\":421,\"caption\":\"Xmy Sagl\"},\"image\":{\"@id\":\"https:\\\/\\\/xmy.ch\\\/fr\\\/#\\\/schema\\\/logo\\\/image\\\/\"},\"sameAs\":[\"https:\\\/\\\/www.facebook.com\\\/xmy.sagl\",\"https:\\\/\\\/www.instagram.com\\\/xmy.sagl\\\/\"]}]}<\/script>\n<!-- \/ Yoast SEO Premium plugin. -->","yoast_head_json":{"title":"Laine Thermor\u00e9gulante M Active Wool Long Sleeve Dusty Red","description":"D\u00e9couvrez Laine Thermor\u00e9gulante M Active Wool Long Sleeve Dusty Red, des sous-v\u00eatements en laine qui r\u00e9gulent la transpiration et la thermor\u00e9gulation. Commandez d\u00e8s maintenant !","robots":{"index":"index","follow":"follow","max-snippet":"max-snippet:-1","max-image-preview":"max-image-preview:large","max-video-preview":"max-video-preview:-1"},"canonical":"https:\/\/xmy.ch\/fr\/prodotto\/m-active-wool-long-sleeve-dusty-red-manches-longues-en-laine\/","og_locale":"fr_FR","og_type":"article","og_title":"Laine Thermor\u00e9gulante M Active Wool Long Sleeve Dusty Red","og_description":"Sous-v\u00eatements en laine \u00e0 manches longues pour r\u00e9guler l'humidit\u00e9. Achetez d\u00e8s maintenant.","og_url":"https:\/\/xmy.ch\/fr\/prodotto\/m-active-wool-long-sleeve-dusty-red-manches-longues-en-laine\/","og_site_name":"Xmy Sagl","article_publisher":"https:\/\/www.facebook.com\/xmy.sagl","og_image":[{"width":1024,"height":1024,"url":"https:\/\/xmy.ch\/wp-content\/uploads\/2023\/11\/Daehlie-W-Active-Wool-Long-Sleeve-dusty-red-Main_1920x1920.jpg","type":"image\/jpeg"}],"twitter_card":"summary_large_image","twitter_title":"M Active Wool Dusty Red - Laine Thermor\u00e9gulante","twitter_description":"R\u00e9gulation thermique et confort avec la laine 50\/50 Lyocell. Procurez-vous le mod\u00e8le Dusty Red.","schema":{"@context":"https:\/\/schema.org","@graph":[{"@type":"WebPage","@id":"https:\/\/xmy.ch\/fr\/prodotto\/m-active-wool-long-sleeve-dusty-red-manches-longues-en-laine\/","url":"https:\/\/xmy.ch\/fr\/prodotto\/m-active-wool-long-sleeve-dusty-red-manches-longues-en-laine\/","name":"Laine Thermor\u00e9gulante M Active Wool Long Sleeve Dusty Red","isPartOf":{"@id":"https:\/\/xmy.ch\/fr\/#website"},"primaryImageOfPage":{"@id":"https:\/\/xmy.ch\/fr\/prodotto\/m-active-wool-long-sleeve-dusty-red-manches-longues-en-laine\/#primaryimage"},"image":{"@id":"https:\/\/xmy.ch\/fr\/prodotto\/m-active-wool-long-sleeve-dusty-red-manches-longues-en-laine\/#primaryimage"},"thumbnailUrl":"https:\/\/xmy.ch\/wp-content\/uploads\/2023\/11\/Daehlie-W-Active-Wool-Long-Sleeve-dusty-red-Main_1920x1920.jpg","datePublished":"2023-11-05T21:24:00+00:00","description":"D\u00e9couvrez Laine Thermor\u00e9gulante M Active Wool Long Sleeve Dusty Red, des sous-v\u00eatements en laine qui r\u00e9gulent la transpiration et la thermor\u00e9gulation. Commandez d\u00e8s maintenant !","breadcrumb":{"@id":"https:\/\/xmy.ch\/fr\/prodotto\/m-active-wool-long-sleeve-dusty-red-manches-longues-en-laine\/#breadcrumb"},"inLanguage":"fr-FR","potentialAction":[{"@type":"ReadAction","target":["https:\/\/xmy.ch\/fr\/prodotto\/m-active-wool-long-sleeve-dusty-red-manches-longues-en-laine\/"]}]},{"@type":"ImageObject","inLanguage":"fr-FR","@id":"https:\/\/xmy.ch\/fr\/prodotto\/m-active-wool-long-sleeve-dusty-red-manches-longues-en-laine\/#primaryimage","url":"https:\/\/xmy.ch\/wp-content\/uploads\/2023\/11\/Daehlie-W-Active-Wool-Long-Sleeve-dusty-red-Main_1920x1920.jpg","contentUrl":"https:\/\/xmy.ch\/wp-content\/uploads\/2023\/11\/Daehlie-W-Active-Wool-Long-Sleeve-dusty-red-Main_1920x1920.jpg","width":1024,"height":1024},{"@type":"BreadcrumbList","@id":"https:\/\/xmy.ch\/fr\/prodotto\/m-active-wool-long-sleeve-dusty-red-manches-longues-en-laine\/#breadcrumb","itemListElement":[{"@type":"ListItem","position":1,"name":"Home","item":"https:\/\/xmy.ch\/fr\/"},{"@type":"ListItem","position":2,"name":"Boutique","item":"https:\/\/xmy.ch\/fr\/boutique\/"},{"@type":"ListItem","position":3,"name":"M Active Wool Long Sleeve Dusty Red (Manches longues en laine)"}]},{"@type":"WebSite","@id":"https:\/\/xmy.ch\/fr\/#website","url":"https:\/\/xmy.ch\/fr\/","name":"Xmy Sagl","description":"","publisher":{"@id":"https:\/\/xmy.ch\/fr\/#organization"},"potentialAction":[{"@type":"SearchAction","target":{"@type":"EntryPoint","urlTemplate":"https:\/\/xmy.ch\/fr\/?s={search_term_string}"},"query-input":{"@type":"PropertyValueSpecification","valueRequired":true,"valueName":"search_term_string"}}],"inLanguage":"fr-FR"},{"@type":"Organization","@id":"https:\/\/xmy.ch\/fr\/#organization","name":"Xmy Sagl","url":"https:\/\/xmy.ch\/fr\/","logo":{"@type":"ImageObject","inLanguage":"fr-FR","@id":"https:\/\/xmy.ch\/fr\/#\/schema\/logo\/image\/","url":"https:\/\/xmy.ch\/wp-content\/uploads\/2024\/02\/XMY_UNI_B.webp","contentUrl":"https:\/\/xmy.ch\/wp-content\/uploads\/2024\/02\/XMY_UNI_B.webp","width":1459,"height":421,"caption":"Xmy Sagl"},"image":{"@id":"https:\/\/xmy.ch\/fr\/#\/schema\/logo\/image\/"},"sameAs":["https:\/\/www.facebook.com\/xmy.sagl","https:\/\/www.instagram.com\/xmy.sagl\/"]}]}},"_links":{"self":[{"href":"https:\/\/xmy.ch\/fr\/wp-json\/wp\/v2\/product\/6547","targetHints":{"allow":["GET"]}}],"collection":[{"href":"https:\/\/xmy.ch\/fr\/wp-json\/wp\/v2\/product"}],"about":[{"href":"https:\/\/xmy.ch\/fr\/wp-json\/wp\/v2\/types\/product"}],"replies":[{"embeddable":true,"href":"https:\/\/xmy.ch\/fr\/wp-json\/wp\/v2\/comments?post=6547"}],"wp:featuredmedia":[{"embeddable":true,"href":"https:\/\/xmy.ch\/fr\/wp-json\/wp\/v2\/media\/4473"}],"wp:attachment":[{"href":"https:\/\/xmy.ch\/fr\/wp-json\/wp\/v2\/media?parent=6547"}],"wp:term":[{"taxonomy":"product_brand","embeddable":true,"href":"https:\/\/xmy.ch\/fr\/wp-json\/wp\/v2\/product_brand?post=6547"},{"taxonomy":"product_cat","embeddable":true,"href":"https:\/\/xmy.ch\/fr\/wp-json\/wp\/v2\/product_cat?post=6547"},{"taxonomy":"product_tag","embeddable":true,"href":"https:\/\/xmy.ch\/fr\/wp-json\/wp\/v2\/product_tag?post=6547"}],"curies":[{"name":"wp","href":"https:\/\/api.w.org\/{rel}","templated":true}]}}