{"id":6542,"date":"2023-11-05T18:01:00","date_gmt":"2023-11-05T17:01:00","guid":{"rendered":"https:\/\/xmy.ch\/prodotto\/m-veste-north-estate-bleu\/"},"modified":"2023-11-05T18:01:00","modified_gmt":"2023-11-05T17:01:00","slug":"m-veste-north-estate-bleu","status":"publish","type":"product","link":"https:\/\/xmy.ch\/fr\/prodotto\/m-veste-north-estate-bleu\/","title":{"rendered":"M Veste North Estate Bleu"},"content":{"rendered":"<p>La veste North est une veste de cross-country \u00e0 capuche con\u00e7ue pour les entra\u00eenements d&rsquo;intensit\u00e9 moyenne. Softshell trois couches coupe-vent et d\u00e9perlant avec rembourrage Thermore \u00e0 l&rsquo;avant pour une isolation suppl\u00e9mentaire. Fibre Thermore Ecodown, une fibre 100 % recycl\u00e9e aux propri\u00e9t\u00e9s isolantes tr\u00e8s efficaces, qui est douce et ne s&rsquo;agglutine pas apr\u00e8s le lavage. Des inserts en mesh sous les bras et dans le dos assurent une ventilation et une mobilit\u00e9 optimales. La veste a un col plus haut que la moyenne et une capuche l\u00e9g\u00e8re, avec un int\u00e9rieur bross\u00e9 qui offre une bonne isolation. La technologie Bionic Finish Eco\u00ae sur la surface du tissu permet \u00e0 la pluie fine et \u00e0 la neige de s&rsquo;\u00e9couler. Deux poches avant pour les mains et une poche poitrine, toutes zipp\u00e9es. Cordon de serrage interne au bas de la veste pour un ajustement personnalis\u00e9. Lorsque la temp\u00e9rature descend en dessous de -10\u00b0C, un motif froid appara\u00eet dans la mati\u00e8re softshell.<\/p>\n<ul>\n<li>Softshell 3 couches<\/li>\n<li>Membrane TPU<\/li>\n<li>Colonne d&rsquo;eau : 10 000 WP<\/li>\n<li>Respirabilit\u00e9 : 10 000 MVP<\/li>\n<li>Poitrine matelass\u00e9e<\/li>\n<li>Isolation en laine m\u00e9lang\u00e9e<\/li>\n<li>Charni\u00e8res YKK<\/li>\n<li>Protection du menton<\/li>\n<li>Inserts \u00e9lastiques strat\u00e9giquement positionn\u00e9s pour am\u00e9liorer le mouvement et la ventilation<\/li>\n<li>Une poche poitrine zipp\u00e9e<\/li>\n<li>Ourlet r\u00e9glable d&rsquo;un seul geste<\/li>\n<li>Capot fixe<\/li>\n<li>Logo imprim\u00e9<\/li>\n<li>Impression sensible \u00e0 la temp\u00e9rature<\/li>\n<li>Anneau de suspension<\/li>\n<\/ul>\n<p>Instructions d&rsquo;entretien :<br \/>\nLaver avec les fermetures ferm\u00e9es. Ne pas utiliser d&rsquo;assouplissant. Laver avec des couleurs similaires.<\/p>\n","protected":false},"excerpt":{"rendered":"<p>La veste North est une veste de cross-country \u00e0 capuche con\u00e7ue pour les entra\u00eenements d&rsquo;intensit\u00e9 moyenne.<\/p>\n","protected":false},"featured_media":4440,"comment_status":"open","ping_status":"closed","template":"","meta":[],"product_brand":[],"product_cat":[335,353],"product_tag":[259],"class_list":{"0":"post-6542","1":"product","2":"type-product","3":"status-publish","4":"has-post-thumbnail","6":"product_cat-sweatshirts-fr","7":"product_cat-vestes-et-gilets","8":"product_tag-lhomme","10":"first","11":"instock","12":"taxable","13":"shipping-taxable","14":"purchasable","15":"product-type-variable"},"yoast_head":"<!-- This site is optimized with the Yoast SEO Premium plugin v27.5 (Yoast SEO v27.5) - https:\/\/yoast.com\/product\/yoast-seo-premium-wordpress\/ -->\n<title>Veste North M Veste North Estate Bleu \u2013 Softshell<\/title>\n<meta name=\"description\" content=\"La M Veste North Estate Bleu est une veste softshell 3 couches avec capuche, isolation Thermore et ventilation optimales. Commandez d\u00e8s maintenant.\" \/>\n<meta name=\"robots\" content=\"index, follow, max-snippet:-1, max-image-preview:large, max-video-preview:-1\" \/>\n<link rel=\"canonical\" href=\"https:\/\/xmy.ch\/fr\/prodotto\/m-veste-north-estate-bleu\/\" \/>\n<meta property=\"og:locale\" content=\"fr_FR\" \/>\n<meta property=\"og:type\" content=\"article\" \/>\n<meta property=\"og:title\" content=\"Veste North \u2013 M Veste North Estate Bleu en Softshell\" \/>\n<meta property=\"og:description\" content=\"D\u00e9couvrez la veste North bleue, chaude et l\u00e9g\u00e8re. Achetez d\u00e8s aujourd&#039;hui sur Xmy.\" \/>\n<meta property=\"og:url\" content=\"https:\/\/xmy.ch\/fr\/prodotto\/m-veste-north-estate-bleu\/\" \/>\n<meta property=\"og:site_name\" content=\"Xmy Sagl\" \/>\n<meta property=\"article:publisher\" content=\"https:\/\/www.facebook.com\/xmy.sagl\" \/>\n<meta property=\"og:image\" content=\"https:\/\/xmy.ch\/wp-content\/uploads\/2023\/11\/Daehlie-M-Jacket-North-surf-the-web-Main.jpg\" \/>\n\t<meta property=\"og:image:width\" content=\"1024\" \/>\n\t<meta property=\"og:image:height\" content=\"1024\" \/>\n\t<meta property=\"og:image:type\" content=\"image\/jpeg\" \/>\n<meta name=\"twitter:card\" content=\"summary_large_image\" \/>\n<meta name=\"twitter:title\" content=\"M Veste North Estate Bleu \u2013 North Softshell 3C\" \/>\n<meta name=\"twitter:description\" content=\"Optez pour la veste North bleu, isolation efficace et mobilit\u00e9 optimale. Achetez maintenant sur Xmy.\" \/>\n<meta name=\"twitter:label1\" content=\"Dur\u00e9e de lecture estim\u00e9e\" \/>\n\t<meta name=\"twitter:data1\" content=\"1 minute\" \/>\n<script type=\"application\/ld+json\" class=\"yoast-schema-graph\">{\"@context\":\"https:\\\/\\\/schema.org\",\"@graph\":[{\"@type\":\"WebPage\",\"@id\":\"https:\\\/\\\/xmy.ch\\\/fr\\\/prodotto\\\/m-veste-north-estate-bleu\\\/\",\"url\":\"https:\\\/\\\/xmy.ch\\\/fr\\\/prodotto\\\/m-veste-north-estate-bleu\\\/\",\"name\":\"Veste North M Veste North Estate Bleu \u2013 Softshell\",\"isPartOf\":{\"@id\":\"https:\\\/\\\/xmy.ch\\\/fr\\\/#website\"},\"primaryImageOfPage\":{\"@id\":\"https:\\\/\\\/xmy.ch\\\/fr\\\/prodotto\\\/m-veste-north-estate-bleu\\\/#primaryimage\"},\"image\":{\"@id\":\"https:\\\/\\\/xmy.ch\\\/fr\\\/prodotto\\\/m-veste-north-estate-bleu\\\/#primaryimage\"},\"thumbnailUrl\":\"https:\\\/\\\/xmy.ch\\\/wp-content\\\/uploads\\\/2023\\\/11\\\/Daehlie-M-Jacket-North-surf-the-web-Main.jpg\",\"datePublished\":\"2023-11-05T17:01:00+00:00\",\"description\":\"La M Veste North Estate Bleu est une veste softshell 3 couches avec capuche, isolation Thermore et ventilation optimales. Commandez d\u00e8s maintenant.\",\"breadcrumb\":{\"@id\":\"https:\\\/\\\/xmy.ch\\\/fr\\\/prodotto\\\/m-veste-north-estate-bleu\\\/#breadcrumb\"},\"inLanguage\":\"fr-FR\",\"potentialAction\":[{\"@type\":\"ReadAction\",\"target\":[\"https:\\\/\\\/xmy.ch\\\/fr\\\/prodotto\\\/m-veste-north-estate-bleu\\\/\"]}]},{\"@type\":\"ImageObject\",\"inLanguage\":\"fr-FR\",\"@id\":\"https:\\\/\\\/xmy.ch\\\/fr\\\/prodotto\\\/m-veste-north-estate-bleu\\\/#primaryimage\",\"url\":\"https:\\\/\\\/xmy.ch\\\/wp-content\\\/uploads\\\/2023\\\/11\\\/Daehlie-M-Jacket-North-surf-the-web-Main.jpg\",\"contentUrl\":\"https:\\\/\\\/xmy.ch\\\/wp-content\\\/uploads\\\/2023\\\/11\\\/Daehlie-M-Jacket-North-surf-the-web-Main.jpg\",\"width\":1024,\"height\":1024},{\"@type\":\"BreadcrumbList\",\"@id\":\"https:\\\/\\\/xmy.ch\\\/fr\\\/prodotto\\\/m-veste-north-estate-bleu\\\/#breadcrumb\",\"itemListElement\":[{\"@type\":\"ListItem\",\"position\":1,\"name\":\"Home\",\"item\":\"https:\\\/\\\/xmy.ch\\\/fr\\\/\"},{\"@type\":\"ListItem\",\"position\":2,\"name\":\"Boutique\",\"item\":\"https:\\\/\\\/xmy.ch\\\/fr\\\/boutique\\\/\"},{\"@type\":\"ListItem\",\"position\":3,\"name\":\"M Veste North Estate Bleu\"}]},{\"@type\":\"WebSite\",\"@id\":\"https:\\\/\\\/xmy.ch\\\/fr\\\/#website\",\"url\":\"https:\\\/\\\/xmy.ch\\\/fr\\\/\",\"name\":\"Xmy Sagl\",\"description\":\"\",\"publisher\":{\"@id\":\"https:\\\/\\\/xmy.ch\\\/fr\\\/#organization\"},\"potentialAction\":[{\"@type\":\"SearchAction\",\"target\":{\"@type\":\"EntryPoint\",\"urlTemplate\":\"https:\\\/\\\/xmy.ch\\\/fr\\\/?s={search_term_string}\"},\"query-input\":{\"@type\":\"PropertyValueSpecification\",\"valueRequired\":true,\"valueName\":\"search_term_string\"}}],\"inLanguage\":\"fr-FR\"},{\"@type\":\"Organization\",\"@id\":\"https:\\\/\\\/xmy.ch\\\/fr\\\/#organization\",\"name\":\"Xmy Sagl\",\"url\":\"https:\\\/\\\/xmy.ch\\\/fr\\\/\",\"logo\":{\"@type\":\"ImageObject\",\"inLanguage\":\"fr-FR\",\"@id\":\"https:\\\/\\\/xmy.ch\\\/fr\\\/#\\\/schema\\\/logo\\\/image\\\/\",\"url\":\"https:\\\/\\\/xmy.ch\\\/wp-content\\\/uploads\\\/2024\\\/02\\\/XMY_UNI_B.webp\",\"contentUrl\":\"https:\\\/\\\/xmy.ch\\\/wp-content\\\/uploads\\\/2024\\\/02\\\/XMY_UNI_B.webp\",\"width\":1459,\"height\":421,\"caption\":\"Xmy Sagl\"},\"image\":{\"@id\":\"https:\\\/\\\/xmy.ch\\\/fr\\\/#\\\/schema\\\/logo\\\/image\\\/\"},\"sameAs\":[\"https:\\\/\\\/www.facebook.com\\\/xmy.sagl\",\"https:\\\/\\\/www.instagram.com\\\/xmy.sagl\\\/\"]}]}<\/script>\n<!-- \/ Yoast SEO Premium plugin. -->","yoast_head_json":{"title":"Veste North M Veste North Estate Bleu \u2013 Softshell","description":"La M Veste North Estate Bleu est une veste softshell 3 couches avec capuche, isolation Thermore et ventilation optimales. Commandez d\u00e8s maintenant.","robots":{"index":"index","follow":"follow","max-snippet":"max-snippet:-1","max-image-preview":"max-image-preview:large","max-video-preview":"max-video-preview:-1"},"canonical":"https:\/\/xmy.ch\/fr\/prodotto\/m-veste-north-estate-bleu\/","og_locale":"fr_FR","og_type":"article","og_title":"Veste North \u2013 M Veste North Estate Bleu en Softshell","og_description":"D\u00e9couvrez la veste North bleue, chaude et l\u00e9g\u00e8re. Achetez d\u00e8s aujourd'hui sur Xmy.","og_url":"https:\/\/xmy.ch\/fr\/prodotto\/m-veste-north-estate-bleu\/","og_site_name":"Xmy Sagl","article_publisher":"https:\/\/www.facebook.com\/xmy.sagl","og_image":[{"width":1024,"height":1024,"url":"https:\/\/xmy.ch\/wp-content\/uploads\/2023\/11\/Daehlie-M-Jacket-North-surf-the-web-Main.jpg","type":"image\/jpeg"}],"twitter_card":"summary_large_image","twitter_title":"M Veste North Estate Bleu \u2013 North Softshell 3C","twitter_description":"Optez pour la veste North bleu, isolation efficace et mobilit\u00e9 optimale. Achetez maintenant sur Xmy.","twitter_misc":{"Dur\u00e9e de lecture estim\u00e9e":"1 minute"},"schema":{"@context":"https:\/\/schema.org","@graph":[{"@type":"WebPage","@id":"https:\/\/xmy.ch\/fr\/prodotto\/m-veste-north-estate-bleu\/","url":"https:\/\/xmy.ch\/fr\/prodotto\/m-veste-north-estate-bleu\/","name":"Veste North M Veste North Estate Bleu \u2013 Softshell","isPartOf":{"@id":"https:\/\/xmy.ch\/fr\/#website"},"primaryImageOfPage":{"@id":"https:\/\/xmy.ch\/fr\/prodotto\/m-veste-north-estate-bleu\/#primaryimage"},"image":{"@id":"https:\/\/xmy.ch\/fr\/prodotto\/m-veste-north-estate-bleu\/#primaryimage"},"thumbnailUrl":"https:\/\/xmy.ch\/wp-content\/uploads\/2023\/11\/Daehlie-M-Jacket-North-surf-the-web-Main.jpg","datePublished":"2023-11-05T17:01:00+00:00","description":"La M Veste North Estate Bleu est une veste softshell 3 couches avec capuche, isolation Thermore et ventilation optimales. Commandez d\u00e8s maintenant.","breadcrumb":{"@id":"https:\/\/xmy.ch\/fr\/prodotto\/m-veste-north-estate-bleu\/#breadcrumb"},"inLanguage":"fr-FR","potentialAction":[{"@type":"ReadAction","target":["https:\/\/xmy.ch\/fr\/prodotto\/m-veste-north-estate-bleu\/"]}]},{"@type":"ImageObject","inLanguage":"fr-FR","@id":"https:\/\/xmy.ch\/fr\/prodotto\/m-veste-north-estate-bleu\/#primaryimage","url":"https:\/\/xmy.ch\/wp-content\/uploads\/2023\/11\/Daehlie-M-Jacket-North-surf-the-web-Main.jpg","contentUrl":"https:\/\/xmy.ch\/wp-content\/uploads\/2023\/11\/Daehlie-M-Jacket-North-surf-the-web-Main.jpg","width":1024,"height":1024},{"@type":"BreadcrumbList","@id":"https:\/\/xmy.ch\/fr\/prodotto\/m-veste-north-estate-bleu\/#breadcrumb","itemListElement":[{"@type":"ListItem","position":1,"name":"Home","item":"https:\/\/xmy.ch\/fr\/"},{"@type":"ListItem","position":2,"name":"Boutique","item":"https:\/\/xmy.ch\/fr\/boutique\/"},{"@type":"ListItem","position":3,"name":"M Veste North Estate Bleu"}]},{"@type":"WebSite","@id":"https:\/\/xmy.ch\/fr\/#website","url":"https:\/\/xmy.ch\/fr\/","name":"Xmy Sagl","description":"","publisher":{"@id":"https:\/\/xmy.ch\/fr\/#organization"},"potentialAction":[{"@type":"SearchAction","target":{"@type":"EntryPoint","urlTemplate":"https:\/\/xmy.ch\/fr\/?s={search_term_string}"},"query-input":{"@type":"PropertyValueSpecification","valueRequired":true,"valueName":"search_term_string"}}],"inLanguage":"fr-FR"},{"@type":"Organization","@id":"https:\/\/xmy.ch\/fr\/#organization","name":"Xmy Sagl","url":"https:\/\/xmy.ch\/fr\/","logo":{"@type":"ImageObject","inLanguage":"fr-FR","@id":"https:\/\/xmy.ch\/fr\/#\/schema\/logo\/image\/","url":"https:\/\/xmy.ch\/wp-content\/uploads\/2024\/02\/XMY_UNI_B.webp","contentUrl":"https:\/\/xmy.ch\/wp-content\/uploads\/2024\/02\/XMY_UNI_B.webp","width":1459,"height":421,"caption":"Xmy Sagl"},"image":{"@id":"https:\/\/xmy.ch\/fr\/#\/schema\/logo\/image\/"},"sameAs":["https:\/\/www.facebook.com\/xmy.sagl","https:\/\/www.instagram.com\/xmy.sagl\/"]}]}},"_links":{"self":[{"href":"https:\/\/xmy.ch\/fr\/wp-json\/wp\/v2\/product\/6542","targetHints":{"allow":["GET"]}}],"collection":[{"href":"https:\/\/xmy.ch\/fr\/wp-json\/wp\/v2\/product"}],"about":[{"href":"https:\/\/xmy.ch\/fr\/wp-json\/wp\/v2\/types\/product"}],"replies":[{"embeddable":true,"href":"https:\/\/xmy.ch\/fr\/wp-json\/wp\/v2\/comments?post=6542"}],"wp:featuredmedia":[{"embeddable":true,"href":"https:\/\/xmy.ch\/fr\/wp-json\/wp\/v2\/media\/4440"}],"wp:attachment":[{"href":"https:\/\/xmy.ch\/fr\/wp-json\/wp\/v2\/media?parent=6542"}],"wp:term":[{"taxonomy":"product_brand","embeddable":true,"href":"https:\/\/xmy.ch\/fr\/wp-json\/wp\/v2\/product_brand?post=6542"},{"taxonomy":"product_cat","embeddable":true,"href":"https:\/\/xmy.ch\/fr\/wp-json\/wp\/v2\/product_cat?post=6542"},{"taxonomy":"product_tag","embeddable":true,"href":"https:\/\/xmy.ch\/fr\/wp-json\/wp\/v2\/product_tag?post=6542"}],"curies":[{"name":"wp","href":"https:\/\/api.w.org\/{rel}","templated":true}]}}