{"id":6418,"date":"2023-11-05T11:15:00","date_gmt":"2023-11-05T10:15:00","guid":{"rendered":"https:\/\/xmy.ch\/prodotto\/gilet-extensible-w-fusion-marine-foncee\/"},"modified":"2023-11-05T11:15:00","modified_gmt":"2023-11-05T10:15:00","slug":"gilet-extensible-w-fusion-marine-foncee","status":"publish","type":"product","link":"https:\/\/xmy.ch\/fr\/prodotto\/gilet-extensible-w-fusion-marine-foncee\/","title":{"rendered":"Gilet extensible W Fusion Marine fonc\u00e9e"},"content":{"rendered":"<p>Gilet technique \u00e0 couche interm\u00e9diaire combinant une polaire extensible et des parties l\u00e9g\u00e8rement isol\u00e9es pour une chaleur l\u00e9g\u00e8re. L\u00e9ger et confortable, avec un rembourrage \u00e9lastique dans les parties matelass\u00e9es. Parfait comme couche d&rsquo;isolation haute performance sous une veste ext\u00e9rieure pour garder le corps au chaud. Fabriqu\u00e9 \u00e0 partir de mat\u00e9riaux partiellement recycl\u00e9s.<\/p>\n<ul>\n<li>Polyamide l\u00e9ger et flexible avec traitement d\u00e9perlant sans PFC<\/li>\n<li>Isolation synth\u00e9tique extensible<\/li>\n<li>Polaire extensible avec polyester recycl\u00e9 dans les panneaux lat\u00e9raux<\/li>\n<li>Col avant doubl\u00e9 en tricot bross\u00e9<\/li>\n<li>Poches zipp\u00e9es pour les mains<\/li>\n<\/ul>\n<p>100% Polyamide\/95% Polyester recycl\u00e9, 5% Elasthane, isolation : 100% Polyester<\/p>\n","protected":false},"excerpt":{"rendered":"<p>Gilet technique \u00e0 couche interm\u00e9diaire combinant une polaire extensible et des parties l\u00e9g\u00e8rement isol\u00e9es pour une chaleur l\u00e9g\u00e8re.<\/p>\n","protected":false},"featured_media":4372,"comment_status":"open","ping_status":"closed","template":"","meta":[],"product_brand":[],"product_cat":[353],"product_tag":[258],"class_list":{"0":"post-6418","1":"product","2":"type-product","3":"status-publish","4":"has-post-thumbnail","6":"product_cat-vestes-et-gilets","7":"product_tag-femme","9":"first","10":"instock","11":"taxable","12":"shipping-taxable","13":"purchasable","14":"product-type-variable"},"yoast_head":"<!-- This site is optimized with the Yoast SEO Premium plugin v27.5 (Yoast SEO v27.5) - https:\/\/yoast.com\/product\/yoast-seo-premium-wordpress\/ -->\n<title>Gilet extensible W Fusion Marine fonc\u00e9e - couche l\u00e9g\u00e8re<\/title>\n<meta name=\"description\" content=\"Gilet extensible W Fusion Marine fonc\u00e9e, une couche interm\u00e9diaire l\u00e9g\u00e8re avec polaire extensible et isolation l\u00e9g\u00e8re. Achetez d\u00e8s maintenant pour rester au chaud.\" \/>\n<meta name=\"robots\" content=\"index, follow, max-snippet:-1, max-image-preview:large, max-video-preview:-1\" \/>\n<link rel=\"canonical\" href=\"https:\/\/xmy.ch\/fr\/prodotto\/gilet-extensible-w-fusion-marine-foncee\/\" \/>\n<meta property=\"og:locale\" content=\"fr_FR\" \/>\n<meta property=\"og:type\" content=\"article\" \/>\n<meta property=\"og:title\" content=\"Gilet extensible W Fusion Marine fonc\u00e9e \u2014 confort l\u00e9ger\" \/>\n<meta property=\"og:description\" content=\"Achetez ce gilet extensible et restez au chaud avec style.\" \/>\n<meta property=\"og:url\" content=\"https:\/\/xmy.ch\/fr\/prodotto\/gilet-extensible-w-fusion-marine-foncee\/\" \/>\n<meta property=\"og:site_name\" content=\"Xmy Sagl\" \/>\n<meta property=\"article:publisher\" content=\"https:\/\/www.facebook.com\/xmy.sagl\" \/>\n<meta property=\"og:image\" content=\"https:\/\/xmy.ch\/wp-content\/uploads\/2023\/11\/Elevenate-W-Fusion-Stretch-Vest-dark-navy-Main.jpg\" \/>\n\t<meta property=\"og:image:width\" content=\"1024\" \/>\n\t<meta property=\"og:image:height\" content=\"1024\" \/>\n\t<meta property=\"og:image:type\" content=\"image\/jpeg\" \/>\n<meta name=\"twitter:card\" content=\"summary_large_image\" \/>\n<meta name=\"twitter:title\" content=\"W Fusion Marine: Gilet extensible\" \/>\n<meta name=\"twitter:description\" content=\"D\u00e9couvrez ce gilet extensible et profitez d&#039;une chaleur l\u00e9g\u00e8re et polyvalente.\" \/>\n<meta name=\"twitter:label1\" content=\"Dur\u00e9e de lecture estim\u00e9e\" \/>\n\t<meta name=\"twitter:data1\" content=\"1 minute\" \/>\n<script type=\"application\/ld+json\" class=\"yoast-schema-graph\">{\"@context\":\"https:\\\/\\\/schema.org\",\"@graph\":[{\"@type\":\"WebPage\",\"@id\":\"https:\\\/\\\/xmy.ch\\\/fr\\\/prodotto\\\/gilet-extensible-w-fusion-marine-foncee\\\/\",\"url\":\"https:\\\/\\\/xmy.ch\\\/fr\\\/prodotto\\\/gilet-extensible-w-fusion-marine-foncee\\\/\",\"name\":\"Gilet extensible W Fusion Marine fonc\u00e9e - couche l\u00e9g\u00e8re\",\"isPartOf\":{\"@id\":\"https:\\\/\\\/xmy.ch\\\/fr\\\/#website\"},\"primaryImageOfPage\":{\"@id\":\"https:\\\/\\\/xmy.ch\\\/fr\\\/prodotto\\\/gilet-extensible-w-fusion-marine-foncee\\\/#primaryimage\"},\"image\":{\"@id\":\"https:\\\/\\\/xmy.ch\\\/fr\\\/prodotto\\\/gilet-extensible-w-fusion-marine-foncee\\\/#primaryimage\"},\"thumbnailUrl\":\"https:\\\/\\\/xmy.ch\\\/wp-content\\\/uploads\\\/2023\\\/11\\\/Elevenate-W-Fusion-Stretch-Vest-dark-navy-Main.jpg\",\"datePublished\":\"2023-11-05T10:15:00+00:00\",\"description\":\"Gilet extensible W Fusion Marine fonc\u00e9e, une couche interm\u00e9diaire l\u00e9g\u00e8re avec polaire extensible et isolation l\u00e9g\u00e8re. Achetez d\u00e8s maintenant pour rester au chaud.\",\"breadcrumb\":{\"@id\":\"https:\\\/\\\/xmy.ch\\\/fr\\\/prodotto\\\/gilet-extensible-w-fusion-marine-foncee\\\/#breadcrumb\"},\"inLanguage\":\"fr-FR\",\"potentialAction\":[{\"@type\":\"ReadAction\",\"target\":[\"https:\\\/\\\/xmy.ch\\\/fr\\\/prodotto\\\/gilet-extensible-w-fusion-marine-foncee\\\/\"]}]},{\"@type\":\"ImageObject\",\"inLanguage\":\"fr-FR\",\"@id\":\"https:\\\/\\\/xmy.ch\\\/fr\\\/prodotto\\\/gilet-extensible-w-fusion-marine-foncee\\\/#primaryimage\",\"url\":\"https:\\\/\\\/xmy.ch\\\/wp-content\\\/uploads\\\/2023\\\/11\\\/Elevenate-W-Fusion-Stretch-Vest-dark-navy-Main.jpg\",\"contentUrl\":\"https:\\\/\\\/xmy.ch\\\/wp-content\\\/uploads\\\/2023\\\/11\\\/Elevenate-W-Fusion-Stretch-Vest-dark-navy-Main.jpg\",\"width\":1024,\"height\":1024},{\"@type\":\"BreadcrumbList\",\"@id\":\"https:\\\/\\\/xmy.ch\\\/fr\\\/prodotto\\\/gilet-extensible-w-fusion-marine-foncee\\\/#breadcrumb\",\"itemListElement\":[{\"@type\":\"ListItem\",\"position\":1,\"name\":\"Home\",\"item\":\"https:\\\/\\\/xmy.ch\\\/fr\\\/\"},{\"@type\":\"ListItem\",\"position\":2,\"name\":\"Boutique\",\"item\":\"https:\\\/\\\/xmy.ch\\\/fr\\\/boutique\\\/\"},{\"@type\":\"ListItem\",\"position\":3,\"name\":\"Gilet extensible W Fusion Marine fonc\u00e9e\"}]},{\"@type\":\"WebSite\",\"@id\":\"https:\\\/\\\/xmy.ch\\\/fr\\\/#website\",\"url\":\"https:\\\/\\\/xmy.ch\\\/fr\\\/\",\"name\":\"Xmy Sagl\",\"description\":\"\",\"publisher\":{\"@id\":\"https:\\\/\\\/xmy.ch\\\/fr\\\/#organization\"},\"potentialAction\":[{\"@type\":\"SearchAction\",\"target\":{\"@type\":\"EntryPoint\",\"urlTemplate\":\"https:\\\/\\\/xmy.ch\\\/fr\\\/?s={search_term_string}\"},\"query-input\":{\"@type\":\"PropertyValueSpecification\",\"valueRequired\":true,\"valueName\":\"search_term_string\"}}],\"inLanguage\":\"fr-FR\"},{\"@type\":\"Organization\",\"@id\":\"https:\\\/\\\/xmy.ch\\\/fr\\\/#organization\",\"name\":\"Xmy Sagl\",\"url\":\"https:\\\/\\\/xmy.ch\\\/fr\\\/\",\"logo\":{\"@type\":\"ImageObject\",\"inLanguage\":\"fr-FR\",\"@id\":\"https:\\\/\\\/xmy.ch\\\/fr\\\/#\\\/schema\\\/logo\\\/image\\\/\",\"url\":\"https:\\\/\\\/xmy.ch\\\/wp-content\\\/uploads\\\/2024\\\/02\\\/XMY_UNI_B.webp\",\"contentUrl\":\"https:\\\/\\\/xmy.ch\\\/wp-content\\\/uploads\\\/2024\\\/02\\\/XMY_UNI_B.webp\",\"width\":1459,\"height\":421,\"caption\":\"Xmy Sagl\"},\"image\":{\"@id\":\"https:\\\/\\\/xmy.ch\\\/fr\\\/#\\\/schema\\\/logo\\\/image\\\/\"},\"sameAs\":[\"https:\\\/\\\/www.facebook.com\\\/xmy.sagl\",\"https:\\\/\\\/www.instagram.com\\\/xmy.sagl\\\/\"]}]}<\/script>\n<!-- \/ Yoast SEO Premium plugin. -->","yoast_head_json":{"title":"Gilet extensible W Fusion Marine fonc\u00e9e - couche l\u00e9g\u00e8re","description":"Gilet extensible W Fusion Marine fonc\u00e9e, une couche interm\u00e9diaire l\u00e9g\u00e8re avec polaire extensible et isolation l\u00e9g\u00e8re. Achetez d\u00e8s maintenant pour rester au chaud.","robots":{"index":"index","follow":"follow","max-snippet":"max-snippet:-1","max-image-preview":"max-image-preview:large","max-video-preview":"max-video-preview:-1"},"canonical":"https:\/\/xmy.ch\/fr\/prodotto\/gilet-extensible-w-fusion-marine-foncee\/","og_locale":"fr_FR","og_type":"article","og_title":"Gilet extensible W Fusion Marine fonc\u00e9e \u2014 confort l\u00e9ger","og_description":"Achetez ce gilet extensible et restez au chaud avec style.","og_url":"https:\/\/xmy.ch\/fr\/prodotto\/gilet-extensible-w-fusion-marine-foncee\/","og_site_name":"Xmy Sagl","article_publisher":"https:\/\/www.facebook.com\/xmy.sagl","og_image":[{"width":1024,"height":1024,"url":"https:\/\/xmy.ch\/wp-content\/uploads\/2023\/11\/Elevenate-W-Fusion-Stretch-Vest-dark-navy-Main.jpg","type":"image\/jpeg"}],"twitter_card":"summary_large_image","twitter_title":"W Fusion Marine: Gilet extensible","twitter_description":"D\u00e9couvrez ce gilet extensible et profitez d'une chaleur l\u00e9g\u00e8re et polyvalente.","twitter_misc":{"Dur\u00e9e de lecture estim\u00e9e":"1 minute"},"schema":{"@context":"https:\/\/schema.org","@graph":[{"@type":"WebPage","@id":"https:\/\/xmy.ch\/fr\/prodotto\/gilet-extensible-w-fusion-marine-foncee\/","url":"https:\/\/xmy.ch\/fr\/prodotto\/gilet-extensible-w-fusion-marine-foncee\/","name":"Gilet extensible W Fusion Marine fonc\u00e9e - couche l\u00e9g\u00e8re","isPartOf":{"@id":"https:\/\/xmy.ch\/fr\/#website"},"primaryImageOfPage":{"@id":"https:\/\/xmy.ch\/fr\/prodotto\/gilet-extensible-w-fusion-marine-foncee\/#primaryimage"},"image":{"@id":"https:\/\/xmy.ch\/fr\/prodotto\/gilet-extensible-w-fusion-marine-foncee\/#primaryimage"},"thumbnailUrl":"https:\/\/xmy.ch\/wp-content\/uploads\/2023\/11\/Elevenate-W-Fusion-Stretch-Vest-dark-navy-Main.jpg","datePublished":"2023-11-05T10:15:00+00:00","description":"Gilet extensible W Fusion Marine fonc\u00e9e, une couche interm\u00e9diaire l\u00e9g\u00e8re avec polaire extensible et isolation l\u00e9g\u00e8re. Achetez d\u00e8s maintenant pour rester au chaud.","breadcrumb":{"@id":"https:\/\/xmy.ch\/fr\/prodotto\/gilet-extensible-w-fusion-marine-foncee\/#breadcrumb"},"inLanguage":"fr-FR","potentialAction":[{"@type":"ReadAction","target":["https:\/\/xmy.ch\/fr\/prodotto\/gilet-extensible-w-fusion-marine-foncee\/"]}]},{"@type":"ImageObject","inLanguage":"fr-FR","@id":"https:\/\/xmy.ch\/fr\/prodotto\/gilet-extensible-w-fusion-marine-foncee\/#primaryimage","url":"https:\/\/xmy.ch\/wp-content\/uploads\/2023\/11\/Elevenate-W-Fusion-Stretch-Vest-dark-navy-Main.jpg","contentUrl":"https:\/\/xmy.ch\/wp-content\/uploads\/2023\/11\/Elevenate-W-Fusion-Stretch-Vest-dark-navy-Main.jpg","width":1024,"height":1024},{"@type":"BreadcrumbList","@id":"https:\/\/xmy.ch\/fr\/prodotto\/gilet-extensible-w-fusion-marine-foncee\/#breadcrumb","itemListElement":[{"@type":"ListItem","position":1,"name":"Home","item":"https:\/\/xmy.ch\/fr\/"},{"@type":"ListItem","position":2,"name":"Boutique","item":"https:\/\/xmy.ch\/fr\/boutique\/"},{"@type":"ListItem","position":3,"name":"Gilet extensible W Fusion Marine fonc\u00e9e"}]},{"@type":"WebSite","@id":"https:\/\/xmy.ch\/fr\/#website","url":"https:\/\/xmy.ch\/fr\/","name":"Xmy Sagl","description":"","publisher":{"@id":"https:\/\/xmy.ch\/fr\/#organization"},"potentialAction":[{"@type":"SearchAction","target":{"@type":"EntryPoint","urlTemplate":"https:\/\/xmy.ch\/fr\/?s={search_term_string}"},"query-input":{"@type":"PropertyValueSpecification","valueRequired":true,"valueName":"search_term_string"}}],"inLanguage":"fr-FR"},{"@type":"Organization","@id":"https:\/\/xmy.ch\/fr\/#organization","name":"Xmy Sagl","url":"https:\/\/xmy.ch\/fr\/","logo":{"@type":"ImageObject","inLanguage":"fr-FR","@id":"https:\/\/xmy.ch\/fr\/#\/schema\/logo\/image\/","url":"https:\/\/xmy.ch\/wp-content\/uploads\/2024\/02\/XMY_UNI_B.webp","contentUrl":"https:\/\/xmy.ch\/wp-content\/uploads\/2024\/02\/XMY_UNI_B.webp","width":1459,"height":421,"caption":"Xmy Sagl"},"image":{"@id":"https:\/\/xmy.ch\/fr\/#\/schema\/logo\/image\/"},"sameAs":["https:\/\/www.facebook.com\/xmy.sagl","https:\/\/www.instagram.com\/xmy.sagl\/"]}]}},"_links":{"self":[{"href":"https:\/\/xmy.ch\/fr\/wp-json\/wp\/v2\/product\/6418","targetHints":{"allow":["GET"]}}],"collection":[{"href":"https:\/\/xmy.ch\/fr\/wp-json\/wp\/v2\/product"}],"about":[{"href":"https:\/\/xmy.ch\/fr\/wp-json\/wp\/v2\/types\/product"}],"replies":[{"embeddable":true,"href":"https:\/\/xmy.ch\/fr\/wp-json\/wp\/v2\/comments?post=6418"}],"wp:featuredmedia":[{"embeddable":true,"href":"https:\/\/xmy.ch\/fr\/wp-json\/wp\/v2\/media\/4372"}],"wp:attachment":[{"href":"https:\/\/xmy.ch\/fr\/wp-json\/wp\/v2\/media?parent=6418"}],"wp:term":[{"taxonomy":"product_brand","embeddable":true,"href":"https:\/\/xmy.ch\/fr\/wp-json\/wp\/v2\/product_brand?post=6418"},{"taxonomy":"product_cat","embeddable":true,"href":"https:\/\/xmy.ch\/fr\/wp-json\/wp\/v2\/product_cat?post=6418"},{"taxonomy":"product_tag","embeddable":true,"href":"https:\/\/xmy.ch\/fr\/wp-json\/wp\/v2\/product_tag?post=6418"}],"curies":[{"name":"wp","href":"https:\/\/api.w.org\/{rel}","templated":true}]}}