{"id":6371,"date":"2023-11-04T19:51:22","date_gmt":"2023-11-04T18:51:22","guid":{"rendered":"https:\/\/xmy.ch\/prodotto\/e11-bandeau-frontier-wildwood-miami-blue\/"},"modified":"2023-11-04T19:51:22","modified_gmt":"2023-11-04T18:51:22","slug":"e11-bandeau-frontier-wildwood-miami-blue","status":"publish","type":"product","link":"https:\/\/xmy.ch\/fr\/prodotto\/e11-bandeau-frontier-wildwood-miami-blue\/","title":{"rendered":"E11 Bandeau Frontier Wildwood Miami Blue"},"content":{"rendered":"<p>Bande en laine m\u00e9rinos tricot\u00e9e, douce et chaude, avec doublure en micropolaire. Parfait pour une chaleur suppl\u00e9mentaire les jours de vent en montagne et facile \u00e0 ranger dans votre poche lorsque vous ne l&rsquo;utilisez pas.<\/p>\n<ul>\n<li>Doublure en micropolaire pour plus de chaleur<\/li>\n<li>Logo brod\u00e9 sur le devant<\/li>\n<\/ul>\n<p>100% laine m\u00e9rinos, int\u00e9rieur : 100% Polyester<\/p>\n","protected":false},"excerpt":{"rendered":"<p>Bande en laine m\u00e9rinos tricot\u00e9e, douce et chaude, avec doublure en micropolaire.<\/p>\n","protected":false},"featured_media":4291,"comment_status":"open","ping_status":"closed","template":"","meta":[],"product_brand":[],"product_cat":[257],"product_tag":[258,259],"class_list":{"0":"post-6371","1":"product","2":"type-product","3":"status-publish","4":"has-post-thumbnail","6":"product_cat-accessoires","7":"product_tag-femme","8":"product_tag-lhomme","10":"first","11":"instock","12":"taxable","13":"shipping-taxable","14":"purchasable","15":"product-type-variable","16":"has-default-attributes"},"yoast_head":"<!-- This site is optimized with the Yoast SEO Premium plugin v27.5 (Yoast SEO v27.5) - https:\/\/yoast.com\/product\/yoast-seo-premium-wordpress\/ -->\n<title>Bandeau Wildwood E11 Frontier - Miami Blue, chaud et compact<\/title>\n<meta name=\"description\" content=\"Bandeau Wildwood, bandeau en laine m\u00e9rinos avec doublure micropolaire, parfait pour les vents de montagne. Achetez-le maintenant pour rester au chaud.\" \/>\n<meta name=\"robots\" content=\"index, follow, max-snippet:-1, max-image-preview:large, max-video-preview:-1\" \/>\n<link rel=\"canonical\" href=\"https:\/\/xmy.ch\/fr\/prodotto\/e11-bandeau-frontier-wildwood-miami-blue\/\" \/>\n<meta property=\"og:locale\" content=\"fr_FR\" \/>\n<meta property=\"og:type\" content=\"article\" \/>\n<meta property=\"og:title\" content=\"Bandeau Wildwood E11 Frontier - Miami Blue, hiver\" \/>\n<meta property=\"og:description\" content=\"Chaud et l\u00e9ger : Bandeau Wildwood Frontier Miami Blue. Commandez maintenant.\" \/>\n<meta property=\"og:url\" content=\"https:\/\/xmy.ch\/fr\/prodotto\/e11-bandeau-frontier-wildwood-miami-blue\/\" \/>\n<meta property=\"og:site_name\" content=\"Xmy Sagl\" \/>\n<meta property=\"article:publisher\" content=\"https:\/\/www.facebook.com\/xmy.sagl\" \/>\n<meta property=\"og:image\" content=\"https:\/\/xmy.ch\/wp-content\/uploads\/2023\/11\/Elevenate-Frontier-Headband-miami-blue-Main.jpg\" \/>\n\t<meta property=\"og:image:width\" content=\"1024\" \/>\n\t<meta property=\"og:image:height\" content=\"1024\" \/>\n\t<meta property=\"og:image:type\" content=\"image\/jpeg\" \/>\n<meta name=\"twitter:card\" content=\"summary_large_image\" \/>\n<meta name=\"twitter:title\" content=\"Bandeau Wildwood E11 Frontier Miami Blue - pour l&#039;hiver\" \/>\n<meta name=\"twitter:description\" content=\"Chaud et l\u00e9ger, le Bandeau Wildwood vous prot\u00e8ge du vent. Achetez-le en ligne.\" \/>\n<script type=\"application\/ld+json\" class=\"yoast-schema-graph\">{\"@context\":\"https:\\\/\\\/schema.org\",\"@graph\":[{\"@type\":\"WebPage\",\"@id\":\"https:\\\/\\\/xmy.ch\\\/fr\\\/prodotto\\\/e11-bandeau-frontier-wildwood-miami-blue\\\/\",\"url\":\"https:\\\/\\\/xmy.ch\\\/fr\\\/prodotto\\\/e11-bandeau-frontier-wildwood-miami-blue\\\/\",\"name\":\"Bandeau Wildwood E11 Frontier - Miami Blue, chaud et compact\",\"isPartOf\":{\"@id\":\"https:\\\/\\\/xmy.ch\\\/fr\\\/#website\"},\"primaryImageOfPage\":{\"@id\":\"https:\\\/\\\/xmy.ch\\\/fr\\\/prodotto\\\/e11-bandeau-frontier-wildwood-miami-blue\\\/#primaryimage\"},\"image\":{\"@id\":\"https:\\\/\\\/xmy.ch\\\/fr\\\/prodotto\\\/e11-bandeau-frontier-wildwood-miami-blue\\\/#primaryimage\"},\"thumbnailUrl\":\"https:\\\/\\\/xmy.ch\\\/wp-content\\\/uploads\\\/2023\\\/11\\\/Elevenate-Frontier-Headband-miami-blue-Main.jpg\",\"datePublished\":\"2023-11-04T18:51:22+00:00\",\"description\":\"Bandeau Wildwood, bandeau en laine m\u00e9rinos avec doublure micropolaire, parfait pour les vents de montagne. Achetez-le maintenant pour rester au chaud.\",\"breadcrumb\":{\"@id\":\"https:\\\/\\\/xmy.ch\\\/fr\\\/prodotto\\\/e11-bandeau-frontier-wildwood-miami-blue\\\/#breadcrumb\"},\"inLanguage\":\"fr-FR\",\"potentialAction\":[{\"@type\":\"ReadAction\",\"target\":[\"https:\\\/\\\/xmy.ch\\\/fr\\\/prodotto\\\/e11-bandeau-frontier-wildwood-miami-blue\\\/\"]}]},{\"@type\":\"ImageObject\",\"inLanguage\":\"fr-FR\",\"@id\":\"https:\\\/\\\/xmy.ch\\\/fr\\\/prodotto\\\/e11-bandeau-frontier-wildwood-miami-blue\\\/#primaryimage\",\"url\":\"https:\\\/\\\/xmy.ch\\\/wp-content\\\/uploads\\\/2023\\\/11\\\/Elevenate-Frontier-Headband-miami-blue-Main.jpg\",\"contentUrl\":\"https:\\\/\\\/xmy.ch\\\/wp-content\\\/uploads\\\/2023\\\/11\\\/Elevenate-Frontier-Headband-miami-blue-Main.jpg\",\"width\":1024,\"height\":1024},{\"@type\":\"BreadcrumbList\",\"@id\":\"https:\\\/\\\/xmy.ch\\\/fr\\\/prodotto\\\/e11-bandeau-frontier-wildwood-miami-blue\\\/#breadcrumb\",\"itemListElement\":[{\"@type\":\"ListItem\",\"position\":1,\"name\":\"Home\",\"item\":\"https:\\\/\\\/xmy.ch\\\/fr\\\/\"},{\"@type\":\"ListItem\",\"position\":2,\"name\":\"Boutique\",\"item\":\"https:\\\/\\\/xmy.ch\\\/fr\\\/boutique\\\/\"},{\"@type\":\"ListItem\",\"position\":3,\"name\":\"E11 Bandeau Frontier Wildwood Miami Blue\"}]},{\"@type\":\"WebSite\",\"@id\":\"https:\\\/\\\/xmy.ch\\\/fr\\\/#website\",\"url\":\"https:\\\/\\\/xmy.ch\\\/fr\\\/\",\"name\":\"Xmy Sagl\",\"description\":\"\",\"publisher\":{\"@id\":\"https:\\\/\\\/xmy.ch\\\/fr\\\/#organization\"},\"potentialAction\":[{\"@type\":\"SearchAction\",\"target\":{\"@type\":\"EntryPoint\",\"urlTemplate\":\"https:\\\/\\\/xmy.ch\\\/fr\\\/?s={search_term_string}\"},\"query-input\":{\"@type\":\"PropertyValueSpecification\",\"valueRequired\":true,\"valueName\":\"search_term_string\"}}],\"inLanguage\":\"fr-FR\"},{\"@type\":\"Organization\",\"@id\":\"https:\\\/\\\/xmy.ch\\\/fr\\\/#organization\",\"name\":\"Xmy Sagl\",\"url\":\"https:\\\/\\\/xmy.ch\\\/fr\\\/\",\"logo\":{\"@type\":\"ImageObject\",\"inLanguage\":\"fr-FR\",\"@id\":\"https:\\\/\\\/xmy.ch\\\/fr\\\/#\\\/schema\\\/logo\\\/image\\\/\",\"url\":\"https:\\\/\\\/xmy.ch\\\/wp-content\\\/uploads\\\/2024\\\/02\\\/XMY_UNI_B.webp\",\"contentUrl\":\"https:\\\/\\\/xmy.ch\\\/wp-content\\\/uploads\\\/2024\\\/02\\\/XMY_UNI_B.webp\",\"width\":1459,\"height\":421,\"caption\":\"Xmy Sagl\"},\"image\":{\"@id\":\"https:\\\/\\\/xmy.ch\\\/fr\\\/#\\\/schema\\\/logo\\\/image\\\/\"},\"sameAs\":[\"https:\\\/\\\/www.facebook.com\\\/xmy.sagl\",\"https:\\\/\\\/www.instagram.com\\\/xmy.sagl\\\/\"]}]}<\/script>\n<!-- \/ Yoast SEO Premium plugin. -->","yoast_head_json":{"title":"Bandeau Wildwood E11 Frontier - Miami Blue, chaud et compact","description":"Bandeau Wildwood, bandeau en laine m\u00e9rinos avec doublure micropolaire, parfait pour les vents de montagne. Achetez-le maintenant pour rester au chaud.","robots":{"index":"index","follow":"follow","max-snippet":"max-snippet:-1","max-image-preview":"max-image-preview:large","max-video-preview":"max-video-preview:-1"},"canonical":"https:\/\/xmy.ch\/fr\/prodotto\/e11-bandeau-frontier-wildwood-miami-blue\/","og_locale":"fr_FR","og_type":"article","og_title":"Bandeau Wildwood E11 Frontier - Miami Blue, hiver","og_description":"Chaud et l\u00e9ger : Bandeau Wildwood Frontier Miami Blue. Commandez maintenant.","og_url":"https:\/\/xmy.ch\/fr\/prodotto\/e11-bandeau-frontier-wildwood-miami-blue\/","og_site_name":"Xmy Sagl","article_publisher":"https:\/\/www.facebook.com\/xmy.sagl","og_image":[{"width":1024,"height":1024,"url":"https:\/\/xmy.ch\/wp-content\/uploads\/2023\/11\/Elevenate-Frontier-Headband-miami-blue-Main.jpg","type":"image\/jpeg"}],"twitter_card":"summary_large_image","twitter_title":"Bandeau Wildwood E11 Frontier Miami Blue - pour l'hiver","twitter_description":"Chaud et l\u00e9ger, le Bandeau Wildwood vous prot\u00e8ge du vent. Achetez-le en ligne.","schema":{"@context":"https:\/\/schema.org","@graph":[{"@type":"WebPage","@id":"https:\/\/xmy.ch\/fr\/prodotto\/e11-bandeau-frontier-wildwood-miami-blue\/","url":"https:\/\/xmy.ch\/fr\/prodotto\/e11-bandeau-frontier-wildwood-miami-blue\/","name":"Bandeau Wildwood E11 Frontier - Miami Blue, chaud et compact","isPartOf":{"@id":"https:\/\/xmy.ch\/fr\/#website"},"primaryImageOfPage":{"@id":"https:\/\/xmy.ch\/fr\/prodotto\/e11-bandeau-frontier-wildwood-miami-blue\/#primaryimage"},"image":{"@id":"https:\/\/xmy.ch\/fr\/prodotto\/e11-bandeau-frontier-wildwood-miami-blue\/#primaryimage"},"thumbnailUrl":"https:\/\/xmy.ch\/wp-content\/uploads\/2023\/11\/Elevenate-Frontier-Headband-miami-blue-Main.jpg","datePublished":"2023-11-04T18:51:22+00:00","description":"Bandeau Wildwood, bandeau en laine m\u00e9rinos avec doublure micropolaire, parfait pour les vents de montagne. Achetez-le maintenant pour rester au chaud.","breadcrumb":{"@id":"https:\/\/xmy.ch\/fr\/prodotto\/e11-bandeau-frontier-wildwood-miami-blue\/#breadcrumb"},"inLanguage":"fr-FR","potentialAction":[{"@type":"ReadAction","target":["https:\/\/xmy.ch\/fr\/prodotto\/e11-bandeau-frontier-wildwood-miami-blue\/"]}]},{"@type":"ImageObject","inLanguage":"fr-FR","@id":"https:\/\/xmy.ch\/fr\/prodotto\/e11-bandeau-frontier-wildwood-miami-blue\/#primaryimage","url":"https:\/\/xmy.ch\/wp-content\/uploads\/2023\/11\/Elevenate-Frontier-Headband-miami-blue-Main.jpg","contentUrl":"https:\/\/xmy.ch\/wp-content\/uploads\/2023\/11\/Elevenate-Frontier-Headband-miami-blue-Main.jpg","width":1024,"height":1024},{"@type":"BreadcrumbList","@id":"https:\/\/xmy.ch\/fr\/prodotto\/e11-bandeau-frontier-wildwood-miami-blue\/#breadcrumb","itemListElement":[{"@type":"ListItem","position":1,"name":"Home","item":"https:\/\/xmy.ch\/fr\/"},{"@type":"ListItem","position":2,"name":"Boutique","item":"https:\/\/xmy.ch\/fr\/boutique\/"},{"@type":"ListItem","position":3,"name":"E11 Bandeau Frontier Wildwood Miami Blue"}]},{"@type":"WebSite","@id":"https:\/\/xmy.ch\/fr\/#website","url":"https:\/\/xmy.ch\/fr\/","name":"Xmy Sagl","description":"","publisher":{"@id":"https:\/\/xmy.ch\/fr\/#organization"},"potentialAction":[{"@type":"SearchAction","target":{"@type":"EntryPoint","urlTemplate":"https:\/\/xmy.ch\/fr\/?s={search_term_string}"},"query-input":{"@type":"PropertyValueSpecification","valueRequired":true,"valueName":"search_term_string"}}],"inLanguage":"fr-FR"},{"@type":"Organization","@id":"https:\/\/xmy.ch\/fr\/#organization","name":"Xmy Sagl","url":"https:\/\/xmy.ch\/fr\/","logo":{"@type":"ImageObject","inLanguage":"fr-FR","@id":"https:\/\/xmy.ch\/fr\/#\/schema\/logo\/image\/","url":"https:\/\/xmy.ch\/wp-content\/uploads\/2024\/02\/XMY_UNI_B.webp","contentUrl":"https:\/\/xmy.ch\/wp-content\/uploads\/2024\/02\/XMY_UNI_B.webp","width":1459,"height":421,"caption":"Xmy Sagl"},"image":{"@id":"https:\/\/xmy.ch\/fr\/#\/schema\/logo\/image\/"},"sameAs":["https:\/\/www.facebook.com\/xmy.sagl","https:\/\/www.instagram.com\/xmy.sagl\/"]}]}},"_links":{"self":[{"href":"https:\/\/xmy.ch\/fr\/wp-json\/wp\/v2\/product\/6371","targetHints":{"allow":["GET"]}}],"collection":[{"href":"https:\/\/xmy.ch\/fr\/wp-json\/wp\/v2\/product"}],"about":[{"href":"https:\/\/xmy.ch\/fr\/wp-json\/wp\/v2\/types\/product"}],"replies":[{"embeddable":true,"href":"https:\/\/xmy.ch\/fr\/wp-json\/wp\/v2\/comments?post=6371"}],"wp:featuredmedia":[{"embeddable":true,"href":"https:\/\/xmy.ch\/fr\/wp-json\/wp\/v2\/media\/4291"}],"wp:attachment":[{"href":"https:\/\/xmy.ch\/fr\/wp-json\/wp\/v2\/media?parent=6371"}],"wp:term":[{"taxonomy":"product_brand","embeddable":true,"href":"https:\/\/xmy.ch\/fr\/wp-json\/wp\/v2\/product_brand?post=6371"},{"taxonomy":"product_cat","embeddable":true,"href":"https:\/\/xmy.ch\/fr\/wp-json\/wp\/v2\/product_cat?post=6371"},{"taxonomy":"product_tag","embeddable":true,"href":"https:\/\/xmy.ch\/fr\/wp-json\/wp\/v2\/product_tag?post=6371"}],"curies":[{"name":"wp","href":"https:\/\/api.w.org\/{rel}","templated":true}]}}