{"id":6368,"date":"2023-11-04T19:47:38","date_gmt":"2023-11-04T18:47:38","guid":{"rendered":"https:\/\/xmy.ch\/prodotto\/e11-frontier-headband-wildwood-green\/"},"modified":"2023-11-04T19:47:38","modified_gmt":"2023-11-04T18:47:38","slug":"e11-frontier-headband-wildwood-green","status":"publish","type":"product","link":"https:\/\/xmy.ch\/fr\/prodotto\/e11-frontier-headband-wildwood-green\/","title":{"rendered":"E11 Frontier Headband Wildwood Green"},"content":{"rendered":"<p>Bande en laine m\u00e9rinos tricot\u00e9e, douce et chaude, avec doublure en micropolaire. Parfait pour une chaleur suppl\u00e9mentaire les jours de vent en montagne et facile \u00e0 ranger dans votre poche lorsque vous ne l&rsquo;utilisez pas.<\/p>\n<ul>\n<li>Doublure en micropolaire pour plus de chaleur<\/li>\n<li>Logo brod\u00e9 sur le devant<\/li>\n<\/ul>\n<p>&nbsp;<\/p>\n<p>100% laine m\u00e9rinos, int\u00e9rieur : 100% Polyester<\/p>\n","protected":false},"excerpt":{"rendered":"<p>Bande en laine m\u00e9rinos tricot\u00e9e, douce et chaude, avec doublure en micropolaire.<\/p>\n","protected":false},"featured_media":4288,"comment_status":"open","ping_status":"closed","template":"","meta":[],"product_brand":[],"product_cat":[257],"product_tag":[258,259],"class_list":{"0":"post-6368","1":"product","2":"type-product","3":"status-publish","4":"has-post-thumbnail","6":"product_cat-accessoires","7":"product_tag-femme","8":"product_tag-lhomme","10":"first","11":"instock","12":"taxable","13":"shipping-taxable","14":"purchasable","15":"product-type-variable","16":"has-default-attributes"},"yoast_head":"<!-- This site is optimized with the Yoast SEO Premium plugin v27.5 (Yoast SEO v27.5) - https:\/\/yoast.com\/product\/yoast-seo-premium-wordpress\/ -->\n<title>Frontier Headband Wildwood Green - Chaleur et Confort<\/title>\n<meta name=\"description\" content=\"Frontier Headband Wildwood Green offre chaleur douce gr\u00e2ce \u00e0 la laine m\u00e9rinos tricot\u00e9e et une doublure micropolaire. Commandez d\u00e8s maintenant pour rester au chaud.\" \/>\n<meta name=\"robots\" content=\"index, follow, max-snippet:-1, max-image-preview:large, max-video-preview:-1\" \/>\n<link rel=\"canonical\" href=\"https:\/\/xmy.ch\/fr\/prodotto\/e11-frontier-headband-wildwood-green\/\" \/>\n<meta property=\"og:locale\" content=\"fr_FR\" \/>\n<meta property=\"og:type\" content=\"article\" \/>\n<meta property=\"og:title\" content=\"Frontier Headband Wildwood Green - Confort Outdoor\" \/>\n<meta property=\"og:description\" content=\"Achetez Frontier Headband Wildwood Green et restez bien au chaud.\" \/>\n<meta property=\"og:url\" content=\"https:\/\/xmy.ch\/fr\/prodotto\/e11-frontier-headband-wildwood-green\/\" \/>\n<meta property=\"og:site_name\" content=\"Xmy Sagl\" \/>\n<meta property=\"article:publisher\" content=\"https:\/\/www.facebook.com\/xmy.sagl\" \/>\n<meta property=\"og:image\" content=\"https:\/\/xmy.ch\/wp-content\/uploads\/2023\/11\/Elevenate-Frontier-Headband-wildwood-green-Main_1920x1920.jpg\" \/>\n\t<meta property=\"og:image:width\" content=\"1024\" \/>\n\t<meta property=\"og:image:height\" content=\"1024\" \/>\n\t<meta property=\"og:image:type\" content=\"image\/jpeg\" \/>\n<meta name=\"twitter:card\" content=\"summary_large_image\" \/>\n<meta name=\"twitter:title\" content=\"Frontier Headband Wildwood Green - Confort Outdoor Chaud\" \/>\n<meta name=\"twitter:description\" content=\"Commandez Frontier Headband Wildwood Green et partez chaud.\" \/>\n<script type=\"application\/ld+json\" class=\"yoast-schema-graph\">{\"@context\":\"https:\\\/\\\/schema.org\",\"@graph\":[{\"@type\":\"WebPage\",\"@id\":\"https:\\\/\\\/xmy.ch\\\/fr\\\/prodotto\\\/e11-frontier-headband-wildwood-green\\\/\",\"url\":\"https:\\\/\\\/xmy.ch\\\/fr\\\/prodotto\\\/e11-frontier-headband-wildwood-green\\\/\",\"name\":\"Frontier Headband Wildwood Green - Chaleur et Confort\",\"isPartOf\":{\"@id\":\"https:\\\/\\\/xmy.ch\\\/fr\\\/#website\"},\"primaryImageOfPage\":{\"@id\":\"https:\\\/\\\/xmy.ch\\\/fr\\\/prodotto\\\/e11-frontier-headband-wildwood-green\\\/#primaryimage\"},\"image\":{\"@id\":\"https:\\\/\\\/xmy.ch\\\/fr\\\/prodotto\\\/e11-frontier-headband-wildwood-green\\\/#primaryimage\"},\"thumbnailUrl\":\"https:\\\/\\\/xmy.ch\\\/wp-content\\\/uploads\\\/2023\\\/11\\\/Elevenate-Frontier-Headband-wildwood-green-Main_1920x1920.jpg\",\"datePublished\":\"2023-11-04T18:47:38+00:00\",\"description\":\"Frontier Headband Wildwood Green offre chaleur douce gr\u00e2ce \u00e0 la laine m\u00e9rinos tricot\u00e9e et une doublure micropolaire. Commandez d\u00e8s maintenant pour rester au chaud.\",\"breadcrumb\":{\"@id\":\"https:\\\/\\\/xmy.ch\\\/fr\\\/prodotto\\\/e11-frontier-headband-wildwood-green\\\/#breadcrumb\"},\"inLanguage\":\"fr-FR\",\"potentialAction\":[{\"@type\":\"ReadAction\",\"target\":[\"https:\\\/\\\/xmy.ch\\\/fr\\\/prodotto\\\/e11-frontier-headband-wildwood-green\\\/\"]}]},{\"@type\":\"ImageObject\",\"inLanguage\":\"fr-FR\",\"@id\":\"https:\\\/\\\/xmy.ch\\\/fr\\\/prodotto\\\/e11-frontier-headband-wildwood-green\\\/#primaryimage\",\"url\":\"https:\\\/\\\/xmy.ch\\\/wp-content\\\/uploads\\\/2023\\\/11\\\/Elevenate-Frontier-Headband-wildwood-green-Main_1920x1920.jpg\",\"contentUrl\":\"https:\\\/\\\/xmy.ch\\\/wp-content\\\/uploads\\\/2023\\\/11\\\/Elevenate-Frontier-Headband-wildwood-green-Main_1920x1920.jpg\",\"width\":1024,\"height\":1024},{\"@type\":\"BreadcrumbList\",\"@id\":\"https:\\\/\\\/xmy.ch\\\/fr\\\/prodotto\\\/e11-frontier-headband-wildwood-green\\\/#breadcrumb\",\"itemListElement\":[{\"@type\":\"ListItem\",\"position\":1,\"name\":\"Home\",\"item\":\"https:\\\/\\\/xmy.ch\\\/fr\\\/\"},{\"@type\":\"ListItem\",\"position\":2,\"name\":\"Boutique\",\"item\":\"https:\\\/\\\/xmy.ch\\\/fr\\\/boutique\\\/\"},{\"@type\":\"ListItem\",\"position\":3,\"name\":\"E11 Frontier Headband Wildwood Green\"}]},{\"@type\":\"WebSite\",\"@id\":\"https:\\\/\\\/xmy.ch\\\/fr\\\/#website\",\"url\":\"https:\\\/\\\/xmy.ch\\\/fr\\\/\",\"name\":\"Xmy Sagl\",\"description\":\"\",\"publisher\":{\"@id\":\"https:\\\/\\\/xmy.ch\\\/fr\\\/#organization\"},\"potentialAction\":[{\"@type\":\"SearchAction\",\"target\":{\"@type\":\"EntryPoint\",\"urlTemplate\":\"https:\\\/\\\/xmy.ch\\\/fr\\\/?s={search_term_string}\"},\"query-input\":{\"@type\":\"PropertyValueSpecification\",\"valueRequired\":true,\"valueName\":\"search_term_string\"}}],\"inLanguage\":\"fr-FR\"},{\"@type\":\"Organization\",\"@id\":\"https:\\\/\\\/xmy.ch\\\/fr\\\/#organization\",\"name\":\"Xmy Sagl\",\"url\":\"https:\\\/\\\/xmy.ch\\\/fr\\\/\",\"logo\":{\"@type\":\"ImageObject\",\"inLanguage\":\"fr-FR\",\"@id\":\"https:\\\/\\\/xmy.ch\\\/fr\\\/#\\\/schema\\\/logo\\\/image\\\/\",\"url\":\"https:\\\/\\\/xmy.ch\\\/wp-content\\\/uploads\\\/2024\\\/02\\\/XMY_UNI_B.webp\",\"contentUrl\":\"https:\\\/\\\/xmy.ch\\\/wp-content\\\/uploads\\\/2024\\\/02\\\/XMY_UNI_B.webp\",\"width\":1459,\"height\":421,\"caption\":\"Xmy Sagl\"},\"image\":{\"@id\":\"https:\\\/\\\/xmy.ch\\\/fr\\\/#\\\/schema\\\/logo\\\/image\\\/\"},\"sameAs\":[\"https:\\\/\\\/www.facebook.com\\\/xmy.sagl\",\"https:\\\/\\\/www.instagram.com\\\/xmy.sagl\\\/\"]}]}<\/script>\n<!-- \/ Yoast SEO Premium plugin. -->","yoast_head_json":{"title":"Frontier Headband Wildwood Green - Chaleur et Confort","description":"Frontier Headband Wildwood Green offre chaleur douce gr\u00e2ce \u00e0 la laine m\u00e9rinos tricot\u00e9e et une doublure micropolaire. Commandez d\u00e8s maintenant pour rester au chaud.","robots":{"index":"index","follow":"follow","max-snippet":"max-snippet:-1","max-image-preview":"max-image-preview:large","max-video-preview":"max-video-preview:-1"},"canonical":"https:\/\/xmy.ch\/fr\/prodotto\/e11-frontier-headband-wildwood-green\/","og_locale":"fr_FR","og_type":"article","og_title":"Frontier Headband Wildwood Green - Confort Outdoor","og_description":"Achetez Frontier Headband Wildwood Green et restez bien au chaud.","og_url":"https:\/\/xmy.ch\/fr\/prodotto\/e11-frontier-headband-wildwood-green\/","og_site_name":"Xmy Sagl","article_publisher":"https:\/\/www.facebook.com\/xmy.sagl","og_image":[{"width":1024,"height":1024,"url":"https:\/\/xmy.ch\/wp-content\/uploads\/2023\/11\/Elevenate-Frontier-Headband-wildwood-green-Main_1920x1920.jpg","type":"image\/jpeg"}],"twitter_card":"summary_large_image","twitter_title":"Frontier Headband Wildwood Green - Confort Outdoor Chaud","twitter_description":"Commandez Frontier Headband Wildwood Green et partez chaud.","schema":{"@context":"https:\/\/schema.org","@graph":[{"@type":"WebPage","@id":"https:\/\/xmy.ch\/fr\/prodotto\/e11-frontier-headband-wildwood-green\/","url":"https:\/\/xmy.ch\/fr\/prodotto\/e11-frontier-headband-wildwood-green\/","name":"Frontier Headband Wildwood Green - Chaleur et Confort","isPartOf":{"@id":"https:\/\/xmy.ch\/fr\/#website"},"primaryImageOfPage":{"@id":"https:\/\/xmy.ch\/fr\/prodotto\/e11-frontier-headband-wildwood-green\/#primaryimage"},"image":{"@id":"https:\/\/xmy.ch\/fr\/prodotto\/e11-frontier-headband-wildwood-green\/#primaryimage"},"thumbnailUrl":"https:\/\/xmy.ch\/wp-content\/uploads\/2023\/11\/Elevenate-Frontier-Headband-wildwood-green-Main_1920x1920.jpg","datePublished":"2023-11-04T18:47:38+00:00","description":"Frontier Headband Wildwood Green offre chaleur douce gr\u00e2ce \u00e0 la laine m\u00e9rinos tricot\u00e9e et une doublure micropolaire. Commandez d\u00e8s maintenant pour rester au chaud.","breadcrumb":{"@id":"https:\/\/xmy.ch\/fr\/prodotto\/e11-frontier-headband-wildwood-green\/#breadcrumb"},"inLanguage":"fr-FR","potentialAction":[{"@type":"ReadAction","target":["https:\/\/xmy.ch\/fr\/prodotto\/e11-frontier-headband-wildwood-green\/"]}]},{"@type":"ImageObject","inLanguage":"fr-FR","@id":"https:\/\/xmy.ch\/fr\/prodotto\/e11-frontier-headband-wildwood-green\/#primaryimage","url":"https:\/\/xmy.ch\/wp-content\/uploads\/2023\/11\/Elevenate-Frontier-Headband-wildwood-green-Main_1920x1920.jpg","contentUrl":"https:\/\/xmy.ch\/wp-content\/uploads\/2023\/11\/Elevenate-Frontier-Headband-wildwood-green-Main_1920x1920.jpg","width":1024,"height":1024},{"@type":"BreadcrumbList","@id":"https:\/\/xmy.ch\/fr\/prodotto\/e11-frontier-headband-wildwood-green\/#breadcrumb","itemListElement":[{"@type":"ListItem","position":1,"name":"Home","item":"https:\/\/xmy.ch\/fr\/"},{"@type":"ListItem","position":2,"name":"Boutique","item":"https:\/\/xmy.ch\/fr\/boutique\/"},{"@type":"ListItem","position":3,"name":"E11 Frontier Headband Wildwood Green"}]},{"@type":"WebSite","@id":"https:\/\/xmy.ch\/fr\/#website","url":"https:\/\/xmy.ch\/fr\/","name":"Xmy Sagl","description":"","publisher":{"@id":"https:\/\/xmy.ch\/fr\/#organization"},"potentialAction":[{"@type":"SearchAction","target":{"@type":"EntryPoint","urlTemplate":"https:\/\/xmy.ch\/fr\/?s={search_term_string}"},"query-input":{"@type":"PropertyValueSpecification","valueRequired":true,"valueName":"search_term_string"}}],"inLanguage":"fr-FR"},{"@type":"Organization","@id":"https:\/\/xmy.ch\/fr\/#organization","name":"Xmy Sagl","url":"https:\/\/xmy.ch\/fr\/","logo":{"@type":"ImageObject","inLanguage":"fr-FR","@id":"https:\/\/xmy.ch\/fr\/#\/schema\/logo\/image\/","url":"https:\/\/xmy.ch\/wp-content\/uploads\/2024\/02\/XMY_UNI_B.webp","contentUrl":"https:\/\/xmy.ch\/wp-content\/uploads\/2024\/02\/XMY_UNI_B.webp","width":1459,"height":421,"caption":"Xmy Sagl"},"image":{"@id":"https:\/\/xmy.ch\/fr\/#\/schema\/logo\/image\/"},"sameAs":["https:\/\/www.facebook.com\/xmy.sagl","https:\/\/www.instagram.com\/xmy.sagl\/"]}]}},"_links":{"self":[{"href":"https:\/\/xmy.ch\/fr\/wp-json\/wp\/v2\/product\/6368","targetHints":{"allow":["GET"]}}],"collection":[{"href":"https:\/\/xmy.ch\/fr\/wp-json\/wp\/v2\/product"}],"about":[{"href":"https:\/\/xmy.ch\/fr\/wp-json\/wp\/v2\/types\/product"}],"replies":[{"embeddable":true,"href":"https:\/\/xmy.ch\/fr\/wp-json\/wp\/v2\/comments?post=6368"}],"wp:featuredmedia":[{"embeddable":true,"href":"https:\/\/xmy.ch\/fr\/wp-json\/wp\/v2\/media\/4288"}],"wp:attachment":[{"href":"https:\/\/xmy.ch\/fr\/wp-json\/wp\/v2\/media?parent=6368"}],"wp:term":[{"taxonomy":"product_brand","embeddable":true,"href":"https:\/\/xmy.ch\/fr\/wp-json\/wp\/v2\/product_brand?post=6368"},{"taxonomy":"product_cat","embeddable":true,"href":"https:\/\/xmy.ch\/fr\/wp-json\/wp\/v2\/product_cat?post=6368"},{"taxonomy":"product_tag","embeddable":true,"href":"https:\/\/xmy.ch\/fr\/wp-json\/wp\/v2\/product_tag?post=6368"}],"curies":[{"name":"wp","href":"https:\/\/api.w.org\/{rel}","templated":true}]}}