{"id":6341,"date":"2023-11-04T19:33:00","date_gmt":"2023-11-04T18:33:00","guid":{"rendered":"https:\/\/xmy.ch\/prodotto\/m-ghost-whisperer-2-hoody-dark-caspian\/"},"modified":"2023-11-04T19:33:00","modified_gmt":"2023-11-04T18:33:00","slug":"m-ghost-whisperer-2-hoody-dark-caspian","status":"publish","type":"product","link":"https:\/\/xmy.ch\/fr\/prodotto\/m-ghost-whisperer-2-hoody-dark-caspian\/","title":{"rendered":"M Ghost Whisperer\/2\u2122 Hoody Dark Caspian"},"content":{"rendered":"<p>Une r\u00e9interpr\u00e9tation \u00e9cologique de notre doudoune ultral\u00e9g\u00e8re la plus vendue. Et si une veste pouvait vous tenir chaud (comme celle-ci) sans que sa production ne contribue au r\u00e9chauffement climatique Parce que nous voulons pr\u00e9server notre belle plan\u00e8te, nous avons fabriqu\u00e9 la Ghost Whisperer\/2\u2122 en utilisant des d\u00e9chets au lieu d&rsquo;en cr\u00e9er de nouveaux. Combinant un tissu ext\u00e9rieur fabriqu\u00e9 \u00e0 partir de mat\u00e9riaux recycl\u00e9s et une isolation en duvet d&rsquo;oie certifi\u00e9 RDS provenant de sources responsables, il offre une chaleur exceptionnelle.<\/p>\n<ul>\n<li>Tissu ext\u00e9rieur ultral\u00e9ger en ripstop 100 % recycl\u00e9 avec finition DWR \/ Isolation en duvet d&rsquo;oie certifi\u00e9 RDS\u00ae (issu de sources responsables) avec remplissage \u00e0 800 degr\u00e9s \/ Deux poches zipp\u00e9es \/ Capuche et poignets \u00e9lastiqu\u00e9s<\/li>\n<li>Isolation certifi\u00e9e RDS\u00ae (duvet d&rsquo;oie de source responsable) avec un pouvoir de remplissage de 800 par Allied Feather &amp; Down.<\/li>\n<li>Deux poches zipp\u00e9es<\/li>\n<li>Capuche et poignets \u00e9lastiques<\/li>\n<li>Le premier compartiment des deux manchettes est doubl\u00e9 d&rsquo;une isolation synth\u00e9tique pour \u00e9viter qu&rsquo;elles ne soient mouill\u00e9es.<\/li>\n<li>Ourlet ajustable avec cordon de serrage<\/li>\n<li>Se range dans sa propre poche gr\u00e2ce \u00e0 un mousqueton interne<\/li>\n<li>isolation certifi\u00e9e bluesign<\/li>\n<\/ul>\n<p>Ripstop Whisperer 10D x 10D \/ 100 % nylon recycl\u00e9<br \/>\nCouette d&rsquo;oie (90\/10) 800 cuin<\/p>\n","protected":false},"excerpt":{"rendered":"<p>Une r\u00e9interpr\u00e9tation \u00e9cologique de notre doudoune ultral\u00e9g\u00e8re la plus vendue. Et si une veste pouvait vous tenir chaud ?<\/p>\n","protected":false},"featured_media":4268,"comment_status":"open","ping_status":"closed","template":"","meta":[],"product_brand":[],"product_cat":[335],"product_tag":[259],"class_list":{"0":"post-6341","1":"product","2":"type-product","3":"status-publish","4":"has-post-thumbnail","6":"product_cat-sweatshirts-fr","7":"product_tag-lhomme","9":"first","10":"instock","11":"taxable","12":"shipping-taxable","13":"purchasable","14":"product-type-variable"},"yoast_head":"<!-- This site is optimized with the Yoast SEO Premium plugin v27.5 (Yoast SEO v27.5) - https:\/\/yoast.com\/product\/yoast-seo-premium-wordpress\/ -->\n<title>Ghost Whisperer\/2\u2122 Hoody Dark Caspian - Veste \u00e9co chaude<\/title>\n<meta name=\"description\" content=\"Ghost Whisperer\/2\u2122 Hoody Dark Caspian, doudoune ultral\u00e9g\u00e8re et \u00e9cologique en duvet RDS, fabriqu\u00e9e \u00e0 partir de mat\u00e9riaux recycl\u00e9s. Achetez d\u00e8s maintenant.\" \/>\n<meta name=\"robots\" content=\"index, follow, max-snippet:-1, max-image-preview:large, max-video-preview:-1\" \/>\n<link rel=\"canonical\" href=\"https:\/\/xmy.ch\/fr\/prodotto\/m-ghost-whisperer-2-hoody-dark-caspian\/\" \/>\n<meta property=\"og:locale\" content=\"fr_FR\" \/>\n<meta property=\"og:type\" content=\"article\" \/>\n<meta property=\"og:title\" content=\"Ghost Whisperer\/2 Hoody Dark Caspian - \u00c9cologique et Chaude\" \/>\n<meta property=\"og:description\" content=\"Achetez Ghost Whisperer\/2 Hoody Dark Caspian et restez au chaud, responsable.\" \/>\n<meta property=\"og:url\" content=\"https:\/\/xmy.ch\/fr\/prodotto\/m-ghost-whisperer-2-hoody-dark-caspian\/\" \/>\n<meta property=\"og:site_name\" content=\"Xmy Sagl\" \/>\n<meta property=\"article:publisher\" content=\"https:\/\/www.facebook.com\/xmy.sagl\" \/>\n<meta property=\"og:image\" content=\"https:\/\/xmy.ch\/wp-content\/uploads\/2023\/11\/Mountain-Hardwear-M-Ghost-Whisperer-2-Hoody-dark-caspian-418-Main.jpg\" \/>\n\t<meta property=\"og:image:width\" content=\"1024\" \/>\n\t<meta property=\"og:image:height\" content=\"1024\" \/>\n\t<meta property=\"og:image:type\" content=\"image\/jpeg\" \/>\n<meta name=\"twitter:card\" content=\"summary_large_image\" \/>\n<meta name=\"twitter:title\" content=\"Ghost Whisperer\/2 Hoody Dark Caspian - Chaude et Responsable\" \/>\n<meta name=\"twitter:description\" content=\"Commandez Ghost Whisperer\/2 Hoody Dark Caspian et alliez chaleur et durabilit\u00e9.\" \/>\n<meta name=\"twitter:label1\" content=\"Dur\u00e9e de lecture estim\u00e9e\" \/>\n\t<meta name=\"twitter:data1\" content=\"1 minute\" \/>\n<script type=\"application\/ld+json\" class=\"yoast-schema-graph\">{\"@context\":\"https:\\\/\\\/schema.org\",\"@graph\":[{\"@type\":\"WebPage\",\"@id\":\"https:\\\/\\\/xmy.ch\\\/fr\\\/prodotto\\\/m-ghost-whisperer-2-hoody-dark-caspian\\\/\",\"url\":\"https:\\\/\\\/xmy.ch\\\/fr\\\/prodotto\\\/m-ghost-whisperer-2-hoody-dark-caspian\\\/\",\"name\":\"Ghost Whisperer\\\/2\u2122 Hoody Dark Caspian - Veste \u00e9co chaude\",\"isPartOf\":{\"@id\":\"https:\\\/\\\/xmy.ch\\\/fr\\\/#website\"},\"primaryImageOfPage\":{\"@id\":\"https:\\\/\\\/xmy.ch\\\/fr\\\/prodotto\\\/m-ghost-whisperer-2-hoody-dark-caspian\\\/#primaryimage\"},\"image\":{\"@id\":\"https:\\\/\\\/xmy.ch\\\/fr\\\/prodotto\\\/m-ghost-whisperer-2-hoody-dark-caspian\\\/#primaryimage\"},\"thumbnailUrl\":\"https:\\\/\\\/xmy.ch\\\/wp-content\\\/uploads\\\/2023\\\/11\\\/Mountain-Hardwear-M-Ghost-Whisperer-2-Hoody-dark-caspian-418-Main.jpg\",\"datePublished\":\"2023-11-04T18:33:00+00:00\",\"description\":\"Ghost Whisperer\\\/2\u2122 Hoody Dark Caspian, doudoune ultral\u00e9g\u00e8re et \u00e9cologique en duvet RDS, fabriqu\u00e9e \u00e0 partir de mat\u00e9riaux recycl\u00e9s. Achetez d\u00e8s maintenant.\",\"breadcrumb\":{\"@id\":\"https:\\\/\\\/xmy.ch\\\/fr\\\/prodotto\\\/m-ghost-whisperer-2-hoody-dark-caspian\\\/#breadcrumb\"},\"inLanguage\":\"fr-FR\",\"potentialAction\":[{\"@type\":\"ReadAction\",\"target\":[\"https:\\\/\\\/xmy.ch\\\/fr\\\/prodotto\\\/m-ghost-whisperer-2-hoody-dark-caspian\\\/\"]}]},{\"@type\":\"ImageObject\",\"inLanguage\":\"fr-FR\",\"@id\":\"https:\\\/\\\/xmy.ch\\\/fr\\\/prodotto\\\/m-ghost-whisperer-2-hoody-dark-caspian\\\/#primaryimage\",\"url\":\"https:\\\/\\\/xmy.ch\\\/wp-content\\\/uploads\\\/2023\\\/11\\\/Mountain-Hardwear-M-Ghost-Whisperer-2-Hoody-dark-caspian-418-Main.jpg\",\"contentUrl\":\"https:\\\/\\\/xmy.ch\\\/wp-content\\\/uploads\\\/2023\\\/11\\\/Mountain-Hardwear-M-Ghost-Whisperer-2-Hoody-dark-caspian-418-Main.jpg\",\"width\":1024,\"height\":1024},{\"@type\":\"BreadcrumbList\",\"@id\":\"https:\\\/\\\/xmy.ch\\\/fr\\\/prodotto\\\/m-ghost-whisperer-2-hoody-dark-caspian\\\/#breadcrumb\",\"itemListElement\":[{\"@type\":\"ListItem\",\"position\":1,\"name\":\"Home\",\"item\":\"https:\\\/\\\/xmy.ch\\\/fr\\\/\"},{\"@type\":\"ListItem\",\"position\":2,\"name\":\"Boutique\",\"item\":\"https:\\\/\\\/xmy.ch\\\/fr\\\/boutique\\\/\"},{\"@type\":\"ListItem\",\"position\":3,\"name\":\"M Ghost Whisperer\\\/2\u2122 Hoody Dark Caspian\"}]},{\"@type\":\"WebSite\",\"@id\":\"https:\\\/\\\/xmy.ch\\\/fr\\\/#website\",\"url\":\"https:\\\/\\\/xmy.ch\\\/fr\\\/\",\"name\":\"Xmy Sagl\",\"description\":\"\",\"publisher\":{\"@id\":\"https:\\\/\\\/xmy.ch\\\/fr\\\/#organization\"},\"potentialAction\":[{\"@type\":\"SearchAction\",\"target\":{\"@type\":\"EntryPoint\",\"urlTemplate\":\"https:\\\/\\\/xmy.ch\\\/fr\\\/?s={search_term_string}\"},\"query-input\":{\"@type\":\"PropertyValueSpecification\",\"valueRequired\":true,\"valueName\":\"search_term_string\"}}],\"inLanguage\":\"fr-FR\"},{\"@type\":\"Organization\",\"@id\":\"https:\\\/\\\/xmy.ch\\\/fr\\\/#organization\",\"name\":\"Xmy Sagl\",\"url\":\"https:\\\/\\\/xmy.ch\\\/fr\\\/\",\"logo\":{\"@type\":\"ImageObject\",\"inLanguage\":\"fr-FR\",\"@id\":\"https:\\\/\\\/xmy.ch\\\/fr\\\/#\\\/schema\\\/logo\\\/image\\\/\",\"url\":\"https:\\\/\\\/xmy.ch\\\/wp-content\\\/uploads\\\/2024\\\/02\\\/XMY_UNI_B.webp\",\"contentUrl\":\"https:\\\/\\\/xmy.ch\\\/wp-content\\\/uploads\\\/2024\\\/02\\\/XMY_UNI_B.webp\",\"width\":1459,\"height\":421,\"caption\":\"Xmy Sagl\"},\"image\":{\"@id\":\"https:\\\/\\\/xmy.ch\\\/fr\\\/#\\\/schema\\\/logo\\\/image\\\/\"},\"sameAs\":[\"https:\\\/\\\/www.facebook.com\\\/xmy.sagl\",\"https:\\\/\\\/www.instagram.com\\\/xmy.sagl\\\/\"]}]}<\/script>\n<!-- \/ Yoast SEO Premium plugin. -->","yoast_head_json":{"title":"Ghost Whisperer\/2\u2122 Hoody Dark Caspian - Veste \u00e9co chaude","description":"Ghost Whisperer\/2\u2122 Hoody Dark Caspian, doudoune ultral\u00e9g\u00e8re et \u00e9cologique en duvet RDS, fabriqu\u00e9e \u00e0 partir de mat\u00e9riaux recycl\u00e9s. Achetez d\u00e8s maintenant.","robots":{"index":"index","follow":"follow","max-snippet":"max-snippet:-1","max-image-preview":"max-image-preview:large","max-video-preview":"max-video-preview:-1"},"canonical":"https:\/\/xmy.ch\/fr\/prodotto\/m-ghost-whisperer-2-hoody-dark-caspian\/","og_locale":"fr_FR","og_type":"article","og_title":"Ghost Whisperer\/2 Hoody Dark Caspian - \u00c9cologique et Chaude","og_description":"Achetez Ghost Whisperer\/2 Hoody Dark Caspian et restez au chaud, responsable.","og_url":"https:\/\/xmy.ch\/fr\/prodotto\/m-ghost-whisperer-2-hoody-dark-caspian\/","og_site_name":"Xmy Sagl","article_publisher":"https:\/\/www.facebook.com\/xmy.sagl","og_image":[{"width":1024,"height":1024,"url":"https:\/\/xmy.ch\/wp-content\/uploads\/2023\/11\/Mountain-Hardwear-M-Ghost-Whisperer-2-Hoody-dark-caspian-418-Main.jpg","type":"image\/jpeg"}],"twitter_card":"summary_large_image","twitter_title":"Ghost Whisperer\/2 Hoody Dark Caspian - Chaude et Responsable","twitter_description":"Commandez Ghost Whisperer\/2 Hoody Dark Caspian et alliez chaleur et durabilit\u00e9.","twitter_misc":{"Dur\u00e9e de lecture estim\u00e9e":"1 minute"},"schema":{"@context":"https:\/\/schema.org","@graph":[{"@type":"WebPage","@id":"https:\/\/xmy.ch\/fr\/prodotto\/m-ghost-whisperer-2-hoody-dark-caspian\/","url":"https:\/\/xmy.ch\/fr\/prodotto\/m-ghost-whisperer-2-hoody-dark-caspian\/","name":"Ghost Whisperer\/2\u2122 Hoody Dark Caspian - Veste \u00e9co chaude","isPartOf":{"@id":"https:\/\/xmy.ch\/fr\/#website"},"primaryImageOfPage":{"@id":"https:\/\/xmy.ch\/fr\/prodotto\/m-ghost-whisperer-2-hoody-dark-caspian\/#primaryimage"},"image":{"@id":"https:\/\/xmy.ch\/fr\/prodotto\/m-ghost-whisperer-2-hoody-dark-caspian\/#primaryimage"},"thumbnailUrl":"https:\/\/xmy.ch\/wp-content\/uploads\/2023\/11\/Mountain-Hardwear-M-Ghost-Whisperer-2-Hoody-dark-caspian-418-Main.jpg","datePublished":"2023-11-04T18:33:00+00:00","description":"Ghost Whisperer\/2\u2122 Hoody Dark Caspian, doudoune ultral\u00e9g\u00e8re et \u00e9cologique en duvet RDS, fabriqu\u00e9e \u00e0 partir de mat\u00e9riaux recycl\u00e9s. Achetez d\u00e8s maintenant.","breadcrumb":{"@id":"https:\/\/xmy.ch\/fr\/prodotto\/m-ghost-whisperer-2-hoody-dark-caspian\/#breadcrumb"},"inLanguage":"fr-FR","potentialAction":[{"@type":"ReadAction","target":["https:\/\/xmy.ch\/fr\/prodotto\/m-ghost-whisperer-2-hoody-dark-caspian\/"]}]},{"@type":"ImageObject","inLanguage":"fr-FR","@id":"https:\/\/xmy.ch\/fr\/prodotto\/m-ghost-whisperer-2-hoody-dark-caspian\/#primaryimage","url":"https:\/\/xmy.ch\/wp-content\/uploads\/2023\/11\/Mountain-Hardwear-M-Ghost-Whisperer-2-Hoody-dark-caspian-418-Main.jpg","contentUrl":"https:\/\/xmy.ch\/wp-content\/uploads\/2023\/11\/Mountain-Hardwear-M-Ghost-Whisperer-2-Hoody-dark-caspian-418-Main.jpg","width":1024,"height":1024},{"@type":"BreadcrumbList","@id":"https:\/\/xmy.ch\/fr\/prodotto\/m-ghost-whisperer-2-hoody-dark-caspian\/#breadcrumb","itemListElement":[{"@type":"ListItem","position":1,"name":"Home","item":"https:\/\/xmy.ch\/fr\/"},{"@type":"ListItem","position":2,"name":"Boutique","item":"https:\/\/xmy.ch\/fr\/boutique\/"},{"@type":"ListItem","position":3,"name":"M Ghost Whisperer\/2\u2122 Hoody Dark Caspian"}]},{"@type":"WebSite","@id":"https:\/\/xmy.ch\/fr\/#website","url":"https:\/\/xmy.ch\/fr\/","name":"Xmy Sagl","description":"","publisher":{"@id":"https:\/\/xmy.ch\/fr\/#organization"},"potentialAction":[{"@type":"SearchAction","target":{"@type":"EntryPoint","urlTemplate":"https:\/\/xmy.ch\/fr\/?s={search_term_string}"},"query-input":{"@type":"PropertyValueSpecification","valueRequired":true,"valueName":"search_term_string"}}],"inLanguage":"fr-FR"},{"@type":"Organization","@id":"https:\/\/xmy.ch\/fr\/#organization","name":"Xmy Sagl","url":"https:\/\/xmy.ch\/fr\/","logo":{"@type":"ImageObject","inLanguage":"fr-FR","@id":"https:\/\/xmy.ch\/fr\/#\/schema\/logo\/image\/","url":"https:\/\/xmy.ch\/wp-content\/uploads\/2024\/02\/XMY_UNI_B.webp","contentUrl":"https:\/\/xmy.ch\/wp-content\/uploads\/2024\/02\/XMY_UNI_B.webp","width":1459,"height":421,"caption":"Xmy Sagl"},"image":{"@id":"https:\/\/xmy.ch\/fr\/#\/schema\/logo\/image\/"},"sameAs":["https:\/\/www.facebook.com\/xmy.sagl","https:\/\/www.instagram.com\/xmy.sagl\/"]}]}},"_links":{"self":[{"href":"https:\/\/xmy.ch\/fr\/wp-json\/wp\/v2\/product\/6341","targetHints":{"allow":["GET"]}}],"collection":[{"href":"https:\/\/xmy.ch\/fr\/wp-json\/wp\/v2\/product"}],"about":[{"href":"https:\/\/xmy.ch\/fr\/wp-json\/wp\/v2\/types\/product"}],"replies":[{"embeddable":true,"href":"https:\/\/xmy.ch\/fr\/wp-json\/wp\/v2\/comments?post=6341"}],"wp:featuredmedia":[{"embeddable":true,"href":"https:\/\/xmy.ch\/fr\/wp-json\/wp\/v2\/media\/4268"}],"wp:attachment":[{"href":"https:\/\/xmy.ch\/fr\/wp-json\/wp\/v2\/media?parent=6341"}],"wp:term":[{"taxonomy":"product_brand","embeddable":true,"href":"https:\/\/xmy.ch\/fr\/wp-json\/wp\/v2\/product_brand?post=6341"},{"taxonomy":"product_cat","embeddable":true,"href":"https:\/\/xmy.ch\/fr\/wp-json\/wp\/v2\/product_cat?post=6341"},{"taxonomy":"product_tag","embeddable":true,"href":"https:\/\/xmy.ch\/fr\/wp-json\/wp\/v2\/product_tag?post=6341"}],"curies":[{"name":"wp","href":"https:\/\/api.w.org\/{rel}","templated":true}]}}