{"id":6337,"date":"2023-11-04T19:26:00","date_gmt":"2023-11-04T18:26:00","guid":{"rendered":"https:\/\/xmy.ch\/prodotto\/m-ventano-hoody-dark-caspian\/"},"modified":"2023-11-04T19:26:00","modified_gmt":"2023-11-04T18:26:00","slug":"m-ventano-hoody-dark-caspian","status":"publish","type":"product","link":"https:\/\/xmy.ch\/fr\/prodotto\/m-ventano-hoody-dark-caspian\/","title":{"rendered":"M Ventano\u2122 Hoody Dark Caspian"},"content":{"rendered":"<p>La veste \u00e0 capuche Ventano\u2122 est remplie de petites touffes de polyester recycl\u00e9 soyeux qui cr\u00e9ent une isolation l\u00e9g\u00e8re, chaude, durable et compressible qui imite les propri\u00e9t\u00e9s du duvet d&rsquo;oie naturel mieux que les isolants synth\u00e9tiques traditionnels en feuilles. Compact dans sa poche, ce sweat \u00e0 capuche ultral\u00e9ger est id\u00e9al pour le sac \u00e0 dos et la randonn\u00e9e.<\/p>\n<ul>\n<li>Tissu en nylon ripstop ultral\u00e9ger<\/li>\n<li>L&rsquo;isolation recycl\u00e9e unique Cloudloft offre une chaleur, une l\u00e9g\u00e8ret\u00e9, une douceur et une compressibilit\u00e9 similaires \u00e0 celles du duvet d&rsquo;oie naturel.<\/li>\n<li>Capuche isol\u00e9e avec dos r\u00e9glable et tresse \u00e9lastique pour conserver la chaleur<\/li>\n<li>Poche poitrine zipp\u00e9e s\u00e9curis\u00e9e<\/li>\n<li>Deux poches zipp\u00e9es s\u00e9curis\u00e9es<\/li>\n<li>Conception tr\u00e8s compacte pour un rangement dans votre poche, avec boucle interne pour mousqueton<\/li>\n<li>Poignets \u00e9lastiques pour conserver la chaleur<\/li>\n<li>Deux syst\u00e8mes de r\u00e9glage de l&rsquo;ourlet pour conserver la chaleur<\/li>\n<\/ul>\n<p>&nbsp;<\/p>\n<p>100 % nylon recycl\u00e9<\/p>\n","protected":false},"excerpt":{"rendered":"<p>La veste \u00e0 capuche Ventano\u2122 est remplie de petites touffes de polyester recycl\u00e9 soyeux qui cr\u00e9ent une isolation l\u00e9g\u00e8re, chaude, durable et compressible qui imite les propri\u00e9t\u00e9s du duvet d&rsquo;oie naturel&#8230;.<\/p>\n","protected":false},"featured_media":4257,"comment_status":"open","ping_status":"closed","template":"","meta":[],"product_brand":[],"product_cat":[353],"product_tag":[258],"class_list":{"0":"post-6337","1":"product","2":"type-product","3":"status-publish","4":"has-post-thumbnail","6":"product_cat-vestes-et-gilets","7":"product_tag-femme","9":"first","10":"instock","11":"taxable","12":"shipping-taxable","13":"purchasable","14":"product-type-variable"},"yoast_head":"<!-- This site is optimized with the Yoast SEO Premium plugin v27.5 (Yoast SEO v27.5) - https:\/\/yoast.com\/product\/yoast-seo-premium-wordpress\/ -->\n<title>Veste Ventano \u2014 M Ventano Hoody Dark Caspian<\/title>\n<meta name=\"description\" content=\"Veste Ventano M Ventano Hoody Dark Caspian offre chaleur l\u00e9g\u00e8re et compressible pour la randonn\u00e9e. Commandez d\u00e8s aujourd&#039;hui et restez au chaud.\" \/>\n<meta name=\"robots\" content=\"index, follow, max-snippet:-1, max-image-preview:large, max-video-preview:-1\" \/>\n<link rel=\"canonical\" href=\"https:\/\/xmy.ch\/fr\/prodotto\/m-ventano-hoody-dark-caspian\/\" \/>\n<meta property=\"og:locale\" content=\"fr_FR\" \/>\n<meta property=\"og:type\" content=\"article\" \/>\n<meta property=\"og:title\" content=\"Veste Ventano M Ventano Hoody Dark Caspian\" \/>\n<meta property=\"og:description\" content=\"Chaleur l\u00e9g\u00e8re et compressible pour vos trails. Achetez maintenant.\" \/>\n<meta property=\"og:url\" content=\"https:\/\/xmy.ch\/fr\/prodotto\/m-ventano-hoody-dark-caspian\/\" \/>\n<meta property=\"og:site_name\" content=\"Xmy Sagl\" \/>\n<meta property=\"article:publisher\" content=\"https:\/\/www.facebook.com\/xmy.sagl\" \/>\n<meta property=\"og:image\" content=\"https:\/\/xmy.ch\/wp-content\/uploads\/2023\/11\/Mountain-Hardwear-M-Ventano\u2122-Hoody-dark-caspian-418-Main_1920x1920.jpg\" \/>\n\t<meta property=\"og:image:width\" content=\"1024\" \/>\n\t<meta property=\"og:image:height\" content=\"1024\" \/>\n\t<meta property=\"og:image:type\" content=\"image\/jpeg\" \/>\n<meta name=\"twitter:card\" content=\"summary_large_image\" \/>\n<meta name=\"twitter:title\" content=\"M Ventano Hoody Dark Caspian \u2014 Veste Ventano\" \/>\n<meta name=\"twitter:description\" content=\"Restez au chaud et l\u00e9ger avec Ventano Hoody. Achetez maintenant.\" \/>\n<meta name=\"twitter:label1\" content=\"Dur\u00e9e de lecture estim\u00e9e\" \/>\n\t<meta name=\"twitter:data1\" content=\"1 minute\" \/>\n<script type=\"application\/ld+json\" class=\"yoast-schema-graph\">{\"@context\":\"https:\\\/\\\/schema.org\",\"@graph\":[{\"@type\":\"WebPage\",\"@id\":\"https:\\\/\\\/xmy.ch\\\/fr\\\/prodotto\\\/m-ventano-hoody-dark-caspian\\\/\",\"url\":\"https:\\\/\\\/xmy.ch\\\/fr\\\/prodotto\\\/m-ventano-hoody-dark-caspian\\\/\",\"name\":\"Veste Ventano \u2014 M Ventano Hoody Dark Caspian\",\"isPartOf\":{\"@id\":\"https:\\\/\\\/xmy.ch\\\/fr\\\/#website\"},\"primaryImageOfPage\":{\"@id\":\"https:\\\/\\\/xmy.ch\\\/fr\\\/prodotto\\\/m-ventano-hoody-dark-caspian\\\/#primaryimage\"},\"image\":{\"@id\":\"https:\\\/\\\/xmy.ch\\\/fr\\\/prodotto\\\/m-ventano-hoody-dark-caspian\\\/#primaryimage\"},\"thumbnailUrl\":\"https:\\\/\\\/xmy.ch\\\/wp-content\\\/uploads\\\/2023\\\/11\\\/Mountain-Hardwear-M-Ventano\u2122-Hoody-dark-caspian-418-Main_1920x1920.jpg\",\"datePublished\":\"2023-11-04T18:26:00+00:00\",\"description\":\"Veste Ventano M Ventano Hoody Dark Caspian offre chaleur l\u00e9g\u00e8re et compressible pour la randonn\u00e9e. Commandez d\u00e8s aujourd'hui et restez au chaud.\",\"breadcrumb\":{\"@id\":\"https:\\\/\\\/xmy.ch\\\/fr\\\/prodotto\\\/m-ventano-hoody-dark-caspian\\\/#breadcrumb\"},\"inLanguage\":\"fr-FR\",\"potentialAction\":[{\"@type\":\"ReadAction\",\"target\":[\"https:\\\/\\\/xmy.ch\\\/fr\\\/prodotto\\\/m-ventano-hoody-dark-caspian\\\/\"]}]},{\"@type\":\"ImageObject\",\"inLanguage\":\"fr-FR\",\"@id\":\"https:\\\/\\\/xmy.ch\\\/fr\\\/prodotto\\\/m-ventano-hoody-dark-caspian\\\/#primaryimage\",\"url\":\"https:\\\/\\\/xmy.ch\\\/wp-content\\\/uploads\\\/2023\\\/11\\\/Mountain-Hardwear-M-Ventano\u2122-Hoody-dark-caspian-418-Main_1920x1920.jpg\",\"contentUrl\":\"https:\\\/\\\/xmy.ch\\\/wp-content\\\/uploads\\\/2023\\\/11\\\/Mountain-Hardwear-M-Ventano\u2122-Hoody-dark-caspian-418-Main_1920x1920.jpg\",\"width\":1024,\"height\":1024},{\"@type\":\"BreadcrumbList\",\"@id\":\"https:\\\/\\\/xmy.ch\\\/fr\\\/prodotto\\\/m-ventano-hoody-dark-caspian\\\/#breadcrumb\",\"itemListElement\":[{\"@type\":\"ListItem\",\"position\":1,\"name\":\"Home\",\"item\":\"https:\\\/\\\/xmy.ch\\\/fr\\\/\"},{\"@type\":\"ListItem\",\"position\":2,\"name\":\"Boutique\",\"item\":\"https:\\\/\\\/xmy.ch\\\/fr\\\/boutique\\\/\"},{\"@type\":\"ListItem\",\"position\":3,\"name\":\"M Ventano\u2122 Hoody Dark Caspian\"}]},{\"@type\":\"WebSite\",\"@id\":\"https:\\\/\\\/xmy.ch\\\/fr\\\/#website\",\"url\":\"https:\\\/\\\/xmy.ch\\\/fr\\\/\",\"name\":\"Xmy Sagl\",\"description\":\"\",\"publisher\":{\"@id\":\"https:\\\/\\\/xmy.ch\\\/fr\\\/#organization\"},\"potentialAction\":[{\"@type\":\"SearchAction\",\"target\":{\"@type\":\"EntryPoint\",\"urlTemplate\":\"https:\\\/\\\/xmy.ch\\\/fr\\\/?s={search_term_string}\"},\"query-input\":{\"@type\":\"PropertyValueSpecification\",\"valueRequired\":true,\"valueName\":\"search_term_string\"}}],\"inLanguage\":\"fr-FR\"},{\"@type\":\"Organization\",\"@id\":\"https:\\\/\\\/xmy.ch\\\/fr\\\/#organization\",\"name\":\"Xmy Sagl\",\"url\":\"https:\\\/\\\/xmy.ch\\\/fr\\\/\",\"logo\":{\"@type\":\"ImageObject\",\"inLanguage\":\"fr-FR\",\"@id\":\"https:\\\/\\\/xmy.ch\\\/fr\\\/#\\\/schema\\\/logo\\\/image\\\/\",\"url\":\"https:\\\/\\\/xmy.ch\\\/wp-content\\\/uploads\\\/2024\\\/02\\\/XMY_UNI_B.webp\",\"contentUrl\":\"https:\\\/\\\/xmy.ch\\\/wp-content\\\/uploads\\\/2024\\\/02\\\/XMY_UNI_B.webp\",\"width\":1459,\"height\":421,\"caption\":\"Xmy Sagl\"},\"image\":{\"@id\":\"https:\\\/\\\/xmy.ch\\\/fr\\\/#\\\/schema\\\/logo\\\/image\\\/\"},\"sameAs\":[\"https:\\\/\\\/www.facebook.com\\\/xmy.sagl\",\"https:\\\/\\\/www.instagram.com\\\/xmy.sagl\\\/\"]}]}<\/script>\n<!-- \/ Yoast SEO Premium plugin. -->","yoast_head_json":{"title":"Veste Ventano \u2014 M Ventano Hoody Dark Caspian","description":"Veste Ventano M Ventano Hoody Dark Caspian offre chaleur l\u00e9g\u00e8re et compressible pour la randonn\u00e9e. Commandez d\u00e8s aujourd'hui et restez au chaud.","robots":{"index":"index","follow":"follow","max-snippet":"max-snippet:-1","max-image-preview":"max-image-preview:large","max-video-preview":"max-video-preview:-1"},"canonical":"https:\/\/xmy.ch\/fr\/prodotto\/m-ventano-hoody-dark-caspian\/","og_locale":"fr_FR","og_type":"article","og_title":"Veste Ventano M Ventano Hoody Dark Caspian","og_description":"Chaleur l\u00e9g\u00e8re et compressible pour vos trails. Achetez maintenant.","og_url":"https:\/\/xmy.ch\/fr\/prodotto\/m-ventano-hoody-dark-caspian\/","og_site_name":"Xmy Sagl","article_publisher":"https:\/\/www.facebook.com\/xmy.sagl","og_image":[{"width":1024,"height":1024,"url":"https:\/\/xmy.ch\/wp-content\/uploads\/2023\/11\/Mountain-Hardwear-M-Ventano\u2122-Hoody-dark-caspian-418-Main_1920x1920.jpg","type":"image\/jpeg"}],"twitter_card":"summary_large_image","twitter_title":"M Ventano Hoody Dark Caspian \u2014 Veste Ventano","twitter_description":"Restez au chaud et l\u00e9ger avec Ventano Hoody. Achetez maintenant.","twitter_misc":{"Dur\u00e9e de lecture estim\u00e9e":"1 minute"},"schema":{"@context":"https:\/\/schema.org","@graph":[{"@type":"WebPage","@id":"https:\/\/xmy.ch\/fr\/prodotto\/m-ventano-hoody-dark-caspian\/","url":"https:\/\/xmy.ch\/fr\/prodotto\/m-ventano-hoody-dark-caspian\/","name":"Veste Ventano \u2014 M Ventano Hoody Dark Caspian","isPartOf":{"@id":"https:\/\/xmy.ch\/fr\/#website"},"primaryImageOfPage":{"@id":"https:\/\/xmy.ch\/fr\/prodotto\/m-ventano-hoody-dark-caspian\/#primaryimage"},"image":{"@id":"https:\/\/xmy.ch\/fr\/prodotto\/m-ventano-hoody-dark-caspian\/#primaryimage"},"thumbnailUrl":"https:\/\/xmy.ch\/wp-content\/uploads\/2023\/11\/Mountain-Hardwear-M-Ventano\u2122-Hoody-dark-caspian-418-Main_1920x1920.jpg","datePublished":"2023-11-04T18:26:00+00:00","description":"Veste Ventano M Ventano Hoody Dark Caspian offre chaleur l\u00e9g\u00e8re et compressible pour la randonn\u00e9e. Commandez d\u00e8s aujourd'hui et restez au chaud.","breadcrumb":{"@id":"https:\/\/xmy.ch\/fr\/prodotto\/m-ventano-hoody-dark-caspian\/#breadcrumb"},"inLanguage":"fr-FR","potentialAction":[{"@type":"ReadAction","target":["https:\/\/xmy.ch\/fr\/prodotto\/m-ventano-hoody-dark-caspian\/"]}]},{"@type":"ImageObject","inLanguage":"fr-FR","@id":"https:\/\/xmy.ch\/fr\/prodotto\/m-ventano-hoody-dark-caspian\/#primaryimage","url":"https:\/\/xmy.ch\/wp-content\/uploads\/2023\/11\/Mountain-Hardwear-M-Ventano\u2122-Hoody-dark-caspian-418-Main_1920x1920.jpg","contentUrl":"https:\/\/xmy.ch\/wp-content\/uploads\/2023\/11\/Mountain-Hardwear-M-Ventano\u2122-Hoody-dark-caspian-418-Main_1920x1920.jpg","width":1024,"height":1024},{"@type":"BreadcrumbList","@id":"https:\/\/xmy.ch\/fr\/prodotto\/m-ventano-hoody-dark-caspian\/#breadcrumb","itemListElement":[{"@type":"ListItem","position":1,"name":"Home","item":"https:\/\/xmy.ch\/fr\/"},{"@type":"ListItem","position":2,"name":"Boutique","item":"https:\/\/xmy.ch\/fr\/boutique\/"},{"@type":"ListItem","position":3,"name":"M Ventano\u2122 Hoody Dark Caspian"}]},{"@type":"WebSite","@id":"https:\/\/xmy.ch\/fr\/#website","url":"https:\/\/xmy.ch\/fr\/","name":"Xmy Sagl","description":"","publisher":{"@id":"https:\/\/xmy.ch\/fr\/#organization"},"potentialAction":[{"@type":"SearchAction","target":{"@type":"EntryPoint","urlTemplate":"https:\/\/xmy.ch\/fr\/?s={search_term_string}"},"query-input":{"@type":"PropertyValueSpecification","valueRequired":true,"valueName":"search_term_string"}}],"inLanguage":"fr-FR"},{"@type":"Organization","@id":"https:\/\/xmy.ch\/fr\/#organization","name":"Xmy Sagl","url":"https:\/\/xmy.ch\/fr\/","logo":{"@type":"ImageObject","inLanguage":"fr-FR","@id":"https:\/\/xmy.ch\/fr\/#\/schema\/logo\/image\/","url":"https:\/\/xmy.ch\/wp-content\/uploads\/2024\/02\/XMY_UNI_B.webp","contentUrl":"https:\/\/xmy.ch\/wp-content\/uploads\/2024\/02\/XMY_UNI_B.webp","width":1459,"height":421,"caption":"Xmy Sagl"},"image":{"@id":"https:\/\/xmy.ch\/fr\/#\/schema\/logo\/image\/"},"sameAs":["https:\/\/www.facebook.com\/xmy.sagl","https:\/\/www.instagram.com\/xmy.sagl\/"]}]}},"_links":{"self":[{"href":"https:\/\/xmy.ch\/fr\/wp-json\/wp\/v2\/product\/6337","targetHints":{"allow":["GET"]}}],"collection":[{"href":"https:\/\/xmy.ch\/fr\/wp-json\/wp\/v2\/product"}],"about":[{"href":"https:\/\/xmy.ch\/fr\/wp-json\/wp\/v2\/types\/product"}],"replies":[{"embeddable":true,"href":"https:\/\/xmy.ch\/fr\/wp-json\/wp\/v2\/comments?post=6337"}],"wp:featuredmedia":[{"embeddable":true,"href":"https:\/\/xmy.ch\/fr\/wp-json\/wp\/v2\/media\/4257"}],"wp:attachment":[{"href":"https:\/\/xmy.ch\/fr\/wp-json\/wp\/v2\/media?parent=6337"}],"wp:term":[{"taxonomy":"product_brand","embeddable":true,"href":"https:\/\/xmy.ch\/fr\/wp-json\/wp\/v2\/product_brand?post=6337"},{"taxonomy":"product_cat","embeddable":true,"href":"https:\/\/xmy.ch\/fr\/wp-json\/wp\/v2\/product_cat?post=6337"},{"taxonomy":"product_tag","embeddable":true,"href":"https:\/\/xmy.ch\/fr\/wp-json\/wp\/v2\/product_tag?post=6337"}],"curies":[{"name":"wp","href":"https:\/\/api.w.org\/{rel}","templated":true}]}}