{"id":6283,"date":"2023-11-04T19:04:57","date_gmt":"2023-11-04T18:04:57","guid":{"rendered":"https:\/\/xmy.ch\/prodotto\/w-sendura-hoody-noir\/"},"modified":"2023-11-04T19:04:57","modified_gmt":"2023-11-04T18:04:57","slug":"w-sendura-hoody-noir","status":"publish","type":"product","link":"https:\/\/xmy.ch\/fr\/prodotto\/w-sendura-hoody-noir\/","title":{"rendered":"W Sendura\u2122 Hoody Noir"},"content":{"rendered":"<p>L&rsquo;\u00e9quipement essentiel pour une aventure de plusieurs jours sur les sentiers : un sac \u00e0 dos fiable, un filtre \u00e0 eau, des chaussures de qualit\u00e9 et, surtout, un haut en laine polaire. Optez pour le sweat \u00e0 capuche en polaire Sendura\u2122. Doux, lisse, souple et bien ajust\u00e9, il a tout pour plaire. Elle est fabriqu\u00e9e dans un tissu chaud, peign\u00e9 sur le dos, pour un confort durable lors de l&rsquo;escalade ou de la randonn\u00e9e.<\/p>\n<ul>\n<li>Le tissu polaire est ultra-doux, confortable et \u00e9lastique.<\/li>\n<li>Tissu ext\u00e9rieur lisse pour un ajustement facile<\/li>\n<li>Galon \u00e9lastique aux poignets, \u00e0 l&rsquo;ourlet et \u00e0 la capuche<\/li>\n<li>Fermeture \u00e9clair sur toute la longueur au centre du front<\/li>\n<li>Deux poches zipp\u00e9es s\u00e9curis\u00e9es<\/li>\n<li>Deux poches int\u00e9rieures<\/li>\n<\/ul>\n<p>94 % polyester recycl\u00e9, 6 % \u00e9lasthanne<\/p>\n","protected":false},"excerpt":{"rendered":"<p>L&rsquo;\u00e9quipement essentiel pour une aventure de trail de plusieurs jours&#8230; le sweat \u00e0 capuche en polaire Sendura\u2122.<\/p>\n","protected":false},"featured_media":4204,"comment_status":"open","ping_status":"closed","template":"","meta":[],"product_brand":[],"product_cat":[335],"product_tag":[258],"class_list":{"0":"post-6283","1":"product","2":"type-product","3":"status-publish","4":"has-post-thumbnail","6":"product_cat-sweatshirts-fr","7":"product_tag-femme","9":"first","10":"instock","11":"taxable","12":"shipping-taxable","13":"purchasable","14":"product-type-variable"},"yoast_head":"<!-- This site is optimized with the Yoast SEO Premium plugin v27.5 (Yoast SEO v27.5) - https:\/\/yoast.com\/product\/yoast-seo-premium-wordpress\/ -->\n<title>Sendura Hoody Noir \u2014 Sweat polaire ultra-doux et chaud<\/title>\n<meta name=\"description\" content=\"Sendura Hoody Noir offre un polaire doux et ajust\u00e9 con\u00e7u pour vos aventures sur les sentiers. Commandez-le maintenant et partez au chaud.\" \/>\n<meta name=\"robots\" content=\"index, follow, max-snippet:-1, max-image-preview:large, max-video-preview:-1\" \/>\n<link rel=\"canonical\" href=\"https:\/\/xmy.ch\/fr\/prodotto\/w-sendura-hoody-noir\/\" \/>\n<meta property=\"og:locale\" content=\"fr_FR\" \/>\n<meta property=\"og:type\" content=\"article\" \/>\n<meta property=\"og:title\" content=\"Sendura Hoody Noir \u2014 Sweat polaire ultra-doux et chaud\" \/>\n<meta property=\"og:description\" content=\"Achetez le Sendura Hoody Noir et restez au chaud en pleine nature.\" \/>\n<meta property=\"og:url\" content=\"https:\/\/xmy.ch\/fr\/prodotto\/w-sendura-hoody-noir\/\" \/>\n<meta property=\"og:site_name\" content=\"Xmy Sagl\" \/>\n<meta property=\"article:publisher\" content=\"https:\/\/www.facebook.com\/xmy.sagl\" \/>\n<meta property=\"og:image\" content=\"https:\/\/xmy.ch\/wp-content\/uploads\/2023\/11\/Mountain-Hardwear-W-Sendura\u2122-Hoody-black-010-Main_1920x1920.jpg\" \/>\n\t<meta property=\"og:image:width\" content=\"1024\" \/>\n\t<meta property=\"og:image:height\" content=\"1024\" \/>\n\t<meta property=\"og:image:type\" content=\"image\/jpeg\" \/>\n<meta name=\"twitter:card\" content=\"summary_large_image\" \/>\n<meta name=\"twitter:title\" content=\"Sendura Hoody Noir \u2014 Polaire chaude et tr\u00e8s confortable\" \/>\n<meta name=\"twitter:description\" content=\"Commandez le Sendura Hoody Noir et partez \u00e9quip\u00e9 pour l&#039;aventure.\" \/>\n<meta name=\"twitter:label1\" content=\"Dur\u00e9e de lecture estim\u00e9e\" \/>\n\t<meta name=\"twitter:data1\" content=\"1 minute\" \/>\n<script type=\"application\/ld+json\" class=\"yoast-schema-graph\">{\"@context\":\"https:\\\/\\\/schema.org\",\"@graph\":[{\"@type\":\"WebPage\",\"@id\":\"https:\\\/\\\/xmy.ch\\\/fr\\\/prodotto\\\/w-sendura-hoody-noir\\\/\",\"url\":\"https:\\\/\\\/xmy.ch\\\/fr\\\/prodotto\\\/w-sendura-hoody-noir\\\/\",\"name\":\"Sendura Hoody Noir \u2014 Sweat polaire ultra-doux et chaud\",\"isPartOf\":{\"@id\":\"https:\\\/\\\/xmy.ch\\\/fr\\\/#website\"},\"primaryImageOfPage\":{\"@id\":\"https:\\\/\\\/xmy.ch\\\/fr\\\/prodotto\\\/w-sendura-hoody-noir\\\/#primaryimage\"},\"image\":{\"@id\":\"https:\\\/\\\/xmy.ch\\\/fr\\\/prodotto\\\/w-sendura-hoody-noir\\\/#primaryimage\"},\"thumbnailUrl\":\"https:\\\/\\\/xmy.ch\\\/wp-content\\\/uploads\\\/2023\\\/11\\\/Mountain-Hardwear-W-Sendura\u2122-Hoody-black-010-Main_1920x1920.jpg\",\"datePublished\":\"2023-11-04T18:04:57+00:00\",\"description\":\"Sendura Hoody Noir offre un polaire doux et ajust\u00e9 con\u00e7u pour vos aventures sur les sentiers. Commandez-le maintenant et partez au chaud.\",\"breadcrumb\":{\"@id\":\"https:\\\/\\\/xmy.ch\\\/fr\\\/prodotto\\\/w-sendura-hoody-noir\\\/#breadcrumb\"},\"inLanguage\":\"fr-FR\",\"potentialAction\":[{\"@type\":\"ReadAction\",\"target\":[\"https:\\\/\\\/xmy.ch\\\/fr\\\/prodotto\\\/w-sendura-hoody-noir\\\/\"]}]},{\"@type\":\"ImageObject\",\"inLanguage\":\"fr-FR\",\"@id\":\"https:\\\/\\\/xmy.ch\\\/fr\\\/prodotto\\\/w-sendura-hoody-noir\\\/#primaryimage\",\"url\":\"https:\\\/\\\/xmy.ch\\\/wp-content\\\/uploads\\\/2023\\\/11\\\/Mountain-Hardwear-W-Sendura\u2122-Hoody-black-010-Main_1920x1920.jpg\",\"contentUrl\":\"https:\\\/\\\/xmy.ch\\\/wp-content\\\/uploads\\\/2023\\\/11\\\/Mountain-Hardwear-W-Sendura\u2122-Hoody-black-010-Main_1920x1920.jpg\",\"width\":1024,\"height\":1024},{\"@type\":\"BreadcrumbList\",\"@id\":\"https:\\\/\\\/xmy.ch\\\/fr\\\/prodotto\\\/w-sendura-hoody-noir\\\/#breadcrumb\",\"itemListElement\":[{\"@type\":\"ListItem\",\"position\":1,\"name\":\"Home\",\"item\":\"https:\\\/\\\/xmy.ch\\\/fr\\\/\"},{\"@type\":\"ListItem\",\"position\":2,\"name\":\"Boutique\",\"item\":\"https:\\\/\\\/xmy.ch\\\/fr\\\/boutique\\\/\"},{\"@type\":\"ListItem\",\"position\":3,\"name\":\"W Sendura\u2122 Hoody Noir\"}]},{\"@type\":\"WebSite\",\"@id\":\"https:\\\/\\\/xmy.ch\\\/fr\\\/#website\",\"url\":\"https:\\\/\\\/xmy.ch\\\/fr\\\/\",\"name\":\"Xmy Sagl\",\"description\":\"\",\"publisher\":{\"@id\":\"https:\\\/\\\/xmy.ch\\\/fr\\\/#organization\"},\"potentialAction\":[{\"@type\":\"SearchAction\",\"target\":{\"@type\":\"EntryPoint\",\"urlTemplate\":\"https:\\\/\\\/xmy.ch\\\/fr\\\/?s={search_term_string}\"},\"query-input\":{\"@type\":\"PropertyValueSpecification\",\"valueRequired\":true,\"valueName\":\"search_term_string\"}}],\"inLanguage\":\"fr-FR\"},{\"@type\":\"Organization\",\"@id\":\"https:\\\/\\\/xmy.ch\\\/fr\\\/#organization\",\"name\":\"Xmy Sagl\",\"url\":\"https:\\\/\\\/xmy.ch\\\/fr\\\/\",\"logo\":{\"@type\":\"ImageObject\",\"inLanguage\":\"fr-FR\",\"@id\":\"https:\\\/\\\/xmy.ch\\\/fr\\\/#\\\/schema\\\/logo\\\/image\\\/\",\"url\":\"https:\\\/\\\/xmy.ch\\\/wp-content\\\/uploads\\\/2024\\\/02\\\/XMY_UNI_B.webp\",\"contentUrl\":\"https:\\\/\\\/xmy.ch\\\/wp-content\\\/uploads\\\/2024\\\/02\\\/XMY_UNI_B.webp\",\"width\":1459,\"height\":421,\"caption\":\"Xmy Sagl\"},\"image\":{\"@id\":\"https:\\\/\\\/xmy.ch\\\/fr\\\/#\\\/schema\\\/logo\\\/image\\\/\"},\"sameAs\":[\"https:\\\/\\\/www.facebook.com\\\/xmy.sagl\",\"https:\\\/\\\/www.instagram.com\\\/xmy.sagl\\\/\"]}]}<\/script>\n<!-- \/ Yoast SEO Premium plugin. -->","yoast_head_json":{"title":"Sendura Hoody Noir \u2014 Sweat polaire ultra-doux et chaud","description":"Sendura Hoody Noir offre un polaire doux et ajust\u00e9 con\u00e7u pour vos aventures sur les sentiers. Commandez-le maintenant et partez au chaud.","robots":{"index":"index","follow":"follow","max-snippet":"max-snippet:-1","max-image-preview":"max-image-preview:large","max-video-preview":"max-video-preview:-1"},"canonical":"https:\/\/xmy.ch\/fr\/prodotto\/w-sendura-hoody-noir\/","og_locale":"fr_FR","og_type":"article","og_title":"Sendura Hoody Noir \u2014 Sweat polaire ultra-doux et chaud","og_description":"Achetez le Sendura Hoody Noir et restez au chaud en pleine nature.","og_url":"https:\/\/xmy.ch\/fr\/prodotto\/w-sendura-hoody-noir\/","og_site_name":"Xmy Sagl","article_publisher":"https:\/\/www.facebook.com\/xmy.sagl","og_image":[{"width":1024,"height":1024,"url":"https:\/\/xmy.ch\/wp-content\/uploads\/2023\/11\/Mountain-Hardwear-W-Sendura\u2122-Hoody-black-010-Main_1920x1920.jpg","type":"image\/jpeg"}],"twitter_card":"summary_large_image","twitter_title":"Sendura Hoody Noir \u2014 Polaire chaude et tr\u00e8s confortable","twitter_description":"Commandez le Sendura Hoody Noir et partez \u00e9quip\u00e9 pour l'aventure.","twitter_misc":{"Dur\u00e9e de lecture estim\u00e9e":"1 minute"},"schema":{"@context":"https:\/\/schema.org","@graph":[{"@type":"WebPage","@id":"https:\/\/xmy.ch\/fr\/prodotto\/w-sendura-hoody-noir\/","url":"https:\/\/xmy.ch\/fr\/prodotto\/w-sendura-hoody-noir\/","name":"Sendura Hoody Noir \u2014 Sweat polaire ultra-doux et chaud","isPartOf":{"@id":"https:\/\/xmy.ch\/fr\/#website"},"primaryImageOfPage":{"@id":"https:\/\/xmy.ch\/fr\/prodotto\/w-sendura-hoody-noir\/#primaryimage"},"image":{"@id":"https:\/\/xmy.ch\/fr\/prodotto\/w-sendura-hoody-noir\/#primaryimage"},"thumbnailUrl":"https:\/\/xmy.ch\/wp-content\/uploads\/2023\/11\/Mountain-Hardwear-W-Sendura\u2122-Hoody-black-010-Main_1920x1920.jpg","datePublished":"2023-11-04T18:04:57+00:00","description":"Sendura Hoody Noir offre un polaire doux et ajust\u00e9 con\u00e7u pour vos aventures sur les sentiers. Commandez-le maintenant et partez au chaud.","breadcrumb":{"@id":"https:\/\/xmy.ch\/fr\/prodotto\/w-sendura-hoody-noir\/#breadcrumb"},"inLanguage":"fr-FR","potentialAction":[{"@type":"ReadAction","target":["https:\/\/xmy.ch\/fr\/prodotto\/w-sendura-hoody-noir\/"]}]},{"@type":"ImageObject","inLanguage":"fr-FR","@id":"https:\/\/xmy.ch\/fr\/prodotto\/w-sendura-hoody-noir\/#primaryimage","url":"https:\/\/xmy.ch\/wp-content\/uploads\/2023\/11\/Mountain-Hardwear-W-Sendura\u2122-Hoody-black-010-Main_1920x1920.jpg","contentUrl":"https:\/\/xmy.ch\/wp-content\/uploads\/2023\/11\/Mountain-Hardwear-W-Sendura\u2122-Hoody-black-010-Main_1920x1920.jpg","width":1024,"height":1024},{"@type":"BreadcrumbList","@id":"https:\/\/xmy.ch\/fr\/prodotto\/w-sendura-hoody-noir\/#breadcrumb","itemListElement":[{"@type":"ListItem","position":1,"name":"Home","item":"https:\/\/xmy.ch\/fr\/"},{"@type":"ListItem","position":2,"name":"Boutique","item":"https:\/\/xmy.ch\/fr\/boutique\/"},{"@type":"ListItem","position":3,"name":"W Sendura\u2122 Hoody Noir"}]},{"@type":"WebSite","@id":"https:\/\/xmy.ch\/fr\/#website","url":"https:\/\/xmy.ch\/fr\/","name":"Xmy Sagl","description":"","publisher":{"@id":"https:\/\/xmy.ch\/fr\/#organization"},"potentialAction":[{"@type":"SearchAction","target":{"@type":"EntryPoint","urlTemplate":"https:\/\/xmy.ch\/fr\/?s={search_term_string}"},"query-input":{"@type":"PropertyValueSpecification","valueRequired":true,"valueName":"search_term_string"}}],"inLanguage":"fr-FR"},{"@type":"Organization","@id":"https:\/\/xmy.ch\/fr\/#organization","name":"Xmy Sagl","url":"https:\/\/xmy.ch\/fr\/","logo":{"@type":"ImageObject","inLanguage":"fr-FR","@id":"https:\/\/xmy.ch\/fr\/#\/schema\/logo\/image\/","url":"https:\/\/xmy.ch\/wp-content\/uploads\/2024\/02\/XMY_UNI_B.webp","contentUrl":"https:\/\/xmy.ch\/wp-content\/uploads\/2024\/02\/XMY_UNI_B.webp","width":1459,"height":421,"caption":"Xmy Sagl"},"image":{"@id":"https:\/\/xmy.ch\/fr\/#\/schema\/logo\/image\/"},"sameAs":["https:\/\/www.facebook.com\/xmy.sagl","https:\/\/www.instagram.com\/xmy.sagl\/"]}]}},"_links":{"self":[{"href":"https:\/\/xmy.ch\/fr\/wp-json\/wp\/v2\/product\/6283","targetHints":{"allow":["GET"]}}],"collection":[{"href":"https:\/\/xmy.ch\/fr\/wp-json\/wp\/v2\/product"}],"about":[{"href":"https:\/\/xmy.ch\/fr\/wp-json\/wp\/v2\/types\/product"}],"replies":[{"embeddable":true,"href":"https:\/\/xmy.ch\/fr\/wp-json\/wp\/v2\/comments?post=6283"}],"wp:featuredmedia":[{"embeddable":true,"href":"https:\/\/xmy.ch\/fr\/wp-json\/wp\/v2\/media\/4204"}],"wp:attachment":[{"href":"https:\/\/xmy.ch\/fr\/wp-json\/wp\/v2\/media?parent=6283"}],"wp:term":[{"taxonomy":"product_brand","embeddable":true,"href":"https:\/\/xmy.ch\/fr\/wp-json\/wp\/v2\/product_brand?post=6283"},{"taxonomy":"product_cat","embeddable":true,"href":"https:\/\/xmy.ch\/fr\/wp-json\/wp\/v2\/product_cat?post=6283"},{"taxonomy":"product_tag","embeddable":true,"href":"https:\/\/xmy.ch\/fr\/wp-json\/wp\/v2\/product_tag?post=6283"}],"curies":[{"name":"wp","href":"https:\/\/api.w.org\/{rel}","templated":true}]}}