{"id":6239,"date":"2023-11-04T18:26:26","date_gmt":"2023-11-04T17:26:26","guid":{"rendered":"https:\/\/xmy.ch\/prodotto\/w-ghost-whisperer-2-jacket-outer-dark\/"},"modified":"2023-11-04T18:26:26","modified_gmt":"2023-11-04T17:26:26","slug":"w-ghost-whisperer-2-jacket-outer-dark","status":"publish","type":"product","link":"https:\/\/xmy.ch\/fr\/prodotto\/w-ghost-whisperer-2-jacket-outer-dark\/","title":{"rendered":"W Ghost Whisperer\/2\u2122 Jacket Outer Dark"},"content":{"rendered":"<p>Une r\u00e9interpr\u00e9tation \u00e9cologique de notre doudoune ultral\u00e9g\u00e8re la plus vendue. Et si une veste pouvait vous tenir chaud (comme celle-ci) sans que sa production ne contribue au r\u00e9chauffement climatique Parce que nous voulons pr\u00e9server notre belle plan\u00e8te, nous avons fabriqu\u00e9 la Ghost Whisperer\/2\u2122 en utilisant des d\u00e9chets au lieu d&rsquo;en cr\u00e9er de nouveaux. Combinant un tissu ext\u00e9rieur fabriqu\u00e9 \u00e0 partir de mat\u00e9riaux recycl\u00e9s et une isolation en duvet d&rsquo;oie certifi\u00e9 RDS provenant de sources responsables, il offre une chaleur exceptionnelle.<\/p>\n<ul>\n<li>Tissu ripstop ultral\u00e9ger<\/li>\n<li>Isolation en duvet d&rsquo;oie certifi\u00e9e RDS\u00ae (duvet d&rsquo;oie provenant de sources responsables) avec une capacit\u00e9 de charge de 800 %.<\/li>\n<li>Le premier compartiment des deux poignets est doubl\u00e9 d&rsquo;une isolation synth\u00e9tique pour \u00e9viter qu&rsquo;ils ne soient mouill\u00e9s.<\/li>\n<li>Deux poches zipp\u00e9es pour les mains<\/li>\n<li>Conception tr\u00e8s compacte qui permet de le ranger dans sa propre poche gr\u00e2ce \u00e0 une boucle de mousqueton interne.<\/li>\n<li>Poignets \u00e9lastiques pour maintenir la chaleur<\/li>\n<li>Ourlet ajustable avec cordon de serrage<\/li>\n<li>La norme Responsible Down Standard certifie que le duvet provient de fournisseurs qui respectent le bien-\u00eatre des animaux et permet la tra\u00e7abilit\u00e9 de la source au produit final.<\/li>\n<\/ul>\n<p>&nbsp;<\/p>\n<p>100 % nylon recycl\u00e9 ; Imprim\u00e9s : 100 % nylon<\/p>\n<p>90 % couette d&rsquo;oie, 10 % plumes d&rsquo;oie<\/p>\n","protected":false},"excerpt":{"rendered":"<p>Une r\u00e9interpr\u00e9tation \u00e9cologique de notre doudoune ultral\u00e9g\u00e8re la plus vendue.<\/p>\n","protected":false},"featured_media":4183,"comment_status":"open","ping_status":"closed","template":"","meta":[],"product_brand":[],"product_cat":[353],"product_tag":[258],"class_list":{"0":"post-6239","1":"product","2":"type-product","3":"status-publish","4":"has-post-thumbnail","6":"product_cat-vestes-et-gilets","7":"product_tag-femme","9":"first","10":"instock","11":"taxable","12":"shipping-taxable","13":"purchasable","14":"product-type-variable"},"yoast_head":"<!-- This site is optimized with the Yoast SEO Premium plugin v27.5 (Yoast SEO v27.5) - https:\/\/yoast.com\/product\/yoast-seo-premium-wordpress\/ -->\n<title>Ghost Whisperer Jacket Outer Dark \u2013 Veste ultral\u00e9g\u00e8re \u00e9cologique<\/title>\n<meta name=\"description\" content=\"Ghost Whisperer Jacket Outer Dark allie chaleur et l\u00e9g\u00e8ret\u00e9 avec des mat\u00e9riaux recycl\u00e9s et duvet RDS. Optez pour une veste durable et respectueuse.\" \/>\n<meta name=\"robots\" content=\"index, follow, max-snippet:-1, max-image-preview:large, max-video-preview:-1\" \/>\n<link rel=\"canonical\" href=\"https:\/\/xmy.ch\/fr\/prodotto\/w-ghost-whisperer-2-jacket-outer-dark\/\" \/>\n<meta property=\"og:locale\" content=\"fr_FR\" \/>\n<meta property=\"og:type\" content=\"article\" \/>\n<meta property=\"og:title\" content=\"Ghost Whisperer Jacket Outer Dark \u2013 Veste \u00e9cologique ultral\u00e9g\u00e8re\" \/>\n<meta property=\"og:description\" content=\"Ghost Whisperer Jacket Outer Dark: restez chaud durablement.\" \/>\n<meta property=\"og:url\" content=\"https:\/\/xmy.ch\/fr\/prodotto\/w-ghost-whisperer-2-jacket-outer-dark\/\" \/>\n<meta property=\"og:site_name\" content=\"Xmy Sagl\" \/>\n<meta property=\"article:publisher\" content=\"https:\/\/www.facebook.com\/xmy.sagl\" \/>\n<meta property=\"og:image\" content=\"https:\/\/xmy.ch\/wp-content\/uploads\/2023\/11\/Mountain-Hardwear-W-Ghost-Whisperer-2\u2122-Jacket-outer-dark-401-Main.jpg\" \/>\n\t<meta property=\"og:image:width\" content=\"1024\" \/>\n\t<meta property=\"og:image:height\" content=\"1024\" \/>\n\t<meta property=\"og:image:type\" content=\"image\/jpeg\" \/>\n<meta name=\"twitter:card\" content=\"summary_large_image\" \/>\n<meta name=\"twitter:title\" content=\"Ghost Whisperer Jacket Outer Dark \u2013 ultral\u00e9g\u00e8re et recycl\u00e9e\" \/>\n<meta name=\"twitter:description\" content=\"Achetez Ghost Whisperer Jacket Outer Dark et faites un choix durable.\" \/>\n<meta name=\"twitter:label1\" content=\"Dur\u00e9e de lecture estim\u00e9e\" \/>\n\t<meta name=\"twitter:data1\" content=\"1 minute\" \/>\n<script type=\"application\/ld+json\" class=\"yoast-schema-graph\">{\"@context\":\"https:\\\/\\\/schema.org\",\"@graph\":[{\"@type\":\"WebPage\",\"@id\":\"https:\\\/\\\/xmy.ch\\\/fr\\\/prodotto\\\/w-ghost-whisperer-2-jacket-outer-dark\\\/\",\"url\":\"https:\\\/\\\/xmy.ch\\\/fr\\\/prodotto\\\/w-ghost-whisperer-2-jacket-outer-dark\\\/\",\"name\":\"Ghost Whisperer Jacket Outer Dark \u2013 Veste ultral\u00e9g\u00e8re \u00e9cologique\",\"isPartOf\":{\"@id\":\"https:\\\/\\\/xmy.ch\\\/fr\\\/#website\"},\"primaryImageOfPage\":{\"@id\":\"https:\\\/\\\/xmy.ch\\\/fr\\\/prodotto\\\/w-ghost-whisperer-2-jacket-outer-dark\\\/#primaryimage\"},\"image\":{\"@id\":\"https:\\\/\\\/xmy.ch\\\/fr\\\/prodotto\\\/w-ghost-whisperer-2-jacket-outer-dark\\\/#primaryimage\"},\"thumbnailUrl\":\"https:\\\/\\\/xmy.ch\\\/wp-content\\\/uploads\\\/2023\\\/11\\\/Mountain-Hardwear-W-Ghost-Whisperer-2\u2122-Jacket-outer-dark-401-Main.jpg\",\"datePublished\":\"2023-11-04T17:26:26+00:00\",\"description\":\"Ghost Whisperer Jacket Outer Dark allie chaleur et l\u00e9g\u00e8ret\u00e9 avec des mat\u00e9riaux recycl\u00e9s et duvet RDS. Optez pour une veste durable et respectueuse.\",\"breadcrumb\":{\"@id\":\"https:\\\/\\\/xmy.ch\\\/fr\\\/prodotto\\\/w-ghost-whisperer-2-jacket-outer-dark\\\/#breadcrumb\"},\"inLanguage\":\"fr-FR\",\"potentialAction\":[{\"@type\":\"ReadAction\",\"target\":[\"https:\\\/\\\/xmy.ch\\\/fr\\\/prodotto\\\/w-ghost-whisperer-2-jacket-outer-dark\\\/\"]}]},{\"@type\":\"ImageObject\",\"inLanguage\":\"fr-FR\",\"@id\":\"https:\\\/\\\/xmy.ch\\\/fr\\\/prodotto\\\/w-ghost-whisperer-2-jacket-outer-dark\\\/#primaryimage\",\"url\":\"https:\\\/\\\/xmy.ch\\\/wp-content\\\/uploads\\\/2023\\\/11\\\/Mountain-Hardwear-W-Ghost-Whisperer-2\u2122-Jacket-outer-dark-401-Main.jpg\",\"contentUrl\":\"https:\\\/\\\/xmy.ch\\\/wp-content\\\/uploads\\\/2023\\\/11\\\/Mountain-Hardwear-W-Ghost-Whisperer-2\u2122-Jacket-outer-dark-401-Main.jpg\",\"width\":1024,\"height\":1024},{\"@type\":\"BreadcrumbList\",\"@id\":\"https:\\\/\\\/xmy.ch\\\/fr\\\/prodotto\\\/w-ghost-whisperer-2-jacket-outer-dark\\\/#breadcrumb\",\"itemListElement\":[{\"@type\":\"ListItem\",\"position\":1,\"name\":\"Home\",\"item\":\"https:\\\/\\\/xmy.ch\\\/fr\\\/\"},{\"@type\":\"ListItem\",\"position\":2,\"name\":\"Boutique\",\"item\":\"https:\\\/\\\/xmy.ch\\\/fr\\\/boutique\\\/\"},{\"@type\":\"ListItem\",\"position\":3,\"name\":\"W Ghost Whisperer\\\/2\u2122 Jacket Outer Dark\"}]},{\"@type\":\"WebSite\",\"@id\":\"https:\\\/\\\/xmy.ch\\\/fr\\\/#website\",\"url\":\"https:\\\/\\\/xmy.ch\\\/fr\\\/\",\"name\":\"Xmy Sagl\",\"description\":\"\",\"publisher\":{\"@id\":\"https:\\\/\\\/xmy.ch\\\/fr\\\/#organization\"},\"potentialAction\":[{\"@type\":\"SearchAction\",\"target\":{\"@type\":\"EntryPoint\",\"urlTemplate\":\"https:\\\/\\\/xmy.ch\\\/fr\\\/?s={search_term_string}\"},\"query-input\":{\"@type\":\"PropertyValueSpecification\",\"valueRequired\":true,\"valueName\":\"search_term_string\"}}],\"inLanguage\":\"fr-FR\"},{\"@type\":\"Organization\",\"@id\":\"https:\\\/\\\/xmy.ch\\\/fr\\\/#organization\",\"name\":\"Xmy Sagl\",\"url\":\"https:\\\/\\\/xmy.ch\\\/fr\\\/\",\"logo\":{\"@type\":\"ImageObject\",\"inLanguage\":\"fr-FR\",\"@id\":\"https:\\\/\\\/xmy.ch\\\/fr\\\/#\\\/schema\\\/logo\\\/image\\\/\",\"url\":\"https:\\\/\\\/xmy.ch\\\/wp-content\\\/uploads\\\/2024\\\/02\\\/XMY_UNI_B.webp\",\"contentUrl\":\"https:\\\/\\\/xmy.ch\\\/wp-content\\\/uploads\\\/2024\\\/02\\\/XMY_UNI_B.webp\",\"width\":1459,\"height\":421,\"caption\":\"Xmy Sagl\"},\"image\":{\"@id\":\"https:\\\/\\\/xmy.ch\\\/fr\\\/#\\\/schema\\\/logo\\\/image\\\/\"},\"sameAs\":[\"https:\\\/\\\/www.facebook.com\\\/xmy.sagl\",\"https:\\\/\\\/www.instagram.com\\\/xmy.sagl\\\/\"]}]}<\/script>\n<!-- \/ Yoast SEO Premium plugin. -->","yoast_head_json":{"title":"Ghost Whisperer Jacket Outer Dark \u2013 Veste ultral\u00e9g\u00e8re \u00e9cologique","description":"Ghost Whisperer Jacket Outer Dark allie chaleur et l\u00e9g\u00e8ret\u00e9 avec des mat\u00e9riaux recycl\u00e9s et duvet RDS. Optez pour une veste durable et respectueuse.","robots":{"index":"index","follow":"follow","max-snippet":"max-snippet:-1","max-image-preview":"max-image-preview:large","max-video-preview":"max-video-preview:-1"},"canonical":"https:\/\/xmy.ch\/fr\/prodotto\/w-ghost-whisperer-2-jacket-outer-dark\/","og_locale":"fr_FR","og_type":"article","og_title":"Ghost Whisperer Jacket Outer Dark \u2013 Veste \u00e9cologique ultral\u00e9g\u00e8re","og_description":"Ghost Whisperer Jacket Outer Dark: restez chaud durablement.","og_url":"https:\/\/xmy.ch\/fr\/prodotto\/w-ghost-whisperer-2-jacket-outer-dark\/","og_site_name":"Xmy Sagl","article_publisher":"https:\/\/www.facebook.com\/xmy.sagl","og_image":[{"width":1024,"height":1024,"url":"https:\/\/xmy.ch\/wp-content\/uploads\/2023\/11\/Mountain-Hardwear-W-Ghost-Whisperer-2\u2122-Jacket-outer-dark-401-Main.jpg","type":"image\/jpeg"}],"twitter_card":"summary_large_image","twitter_title":"Ghost Whisperer Jacket Outer Dark \u2013 ultral\u00e9g\u00e8re et recycl\u00e9e","twitter_description":"Achetez Ghost Whisperer Jacket Outer Dark et faites un choix durable.","twitter_misc":{"Dur\u00e9e de lecture estim\u00e9e":"1 minute"},"schema":{"@context":"https:\/\/schema.org","@graph":[{"@type":"WebPage","@id":"https:\/\/xmy.ch\/fr\/prodotto\/w-ghost-whisperer-2-jacket-outer-dark\/","url":"https:\/\/xmy.ch\/fr\/prodotto\/w-ghost-whisperer-2-jacket-outer-dark\/","name":"Ghost Whisperer Jacket Outer Dark \u2013 Veste ultral\u00e9g\u00e8re \u00e9cologique","isPartOf":{"@id":"https:\/\/xmy.ch\/fr\/#website"},"primaryImageOfPage":{"@id":"https:\/\/xmy.ch\/fr\/prodotto\/w-ghost-whisperer-2-jacket-outer-dark\/#primaryimage"},"image":{"@id":"https:\/\/xmy.ch\/fr\/prodotto\/w-ghost-whisperer-2-jacket-outer-dark\/#primaryimage"},"thumbnailUrl":"https:\/\/xmy.ch\/wp-content\/uploads\/2023\/11\/Mountain-Hardwear-W-Ghost-Whisperer-2\u2122-Jacket-outer-dark-401-Main.jpg","datePublished":"2023-11-04T17:26:26+00:00","description":"Ghost Whisperer Jacket Outer Dark allie chaleur et l\u00e9g\u00e8ret\u00e9 avec des mat\u00e9riaux recycl\u00e9s et duvet RDS. Optez pour une veste durable et respectueuse.","breadcrumb":{"@id":"https:\/\/xmy.ch\/fr\/prodotto\/w-ghost-whisperer-2-jacket-outer-dark\/#breadcrumb"},"inLanguage":"fr-FR","potentialAction":[{"@type":"ReadAction","target":["https:\/\/xmy.ch\/fr\/prodotto\/w-ghost-whisperer-2-jacket-outer-dark\/"]}]},{"@type":"ImageObject","inLanguage":"fr-FR","@id":"https:\/\/xmy.ch\/fr\/prodotto\/w-ghost-whisperer-2-jacket-outer-dark\/#primaryimage","url":"https:\/\/xmy.ch\/wp-content\/uploads\/2023\/11\/Mountain-Hardwear-W-Ghost-Whisperer-2\u2122-Jacket-outer-dark-401-Main.jpg","contentUrl":"https:\/\/xmy.ch\/wp-content\/uploads\/2023\/11\/Mountain-Hardwear-W-Ghost-Whisperer-2\u2122-Jacket-outer-dark-401-Main.jpg","width":1024,"height":1024},{"@type":"BreadcrumbList","@id":"https:\/\/xmy.ch\/fr\/prodotto\/w-ghost-whisperer-2-jacket-outer-dark\/#breadcrumb","itemListElement":[{"@type":"ListItem","position":1,"name":"Home","item":"https:\/\/xmy.ch\/fr\/"},{"@type":"ListItem","position":2,"name":"Boutique","item":"https:\/\/xmy.ch\/fr\/boutique\/"},{"@type":"ListItem","position":3,"name":"W Ghost Whisperer\/2\u2122 Jacket Outer Dark"}]},{"@type":"WebSite","@id":"https:\/\/xmy.ch\/fr\/#website","url":"https:\/\/xmy.ch\/fr\/","name":"Xmy Sagl","description":"","publisher":{"@id":"https:\/\/xmy.ch\/fr\/#organization"},"potentialAction":[{"@type":"SearchAction","target":{"@type":"EntryPoint","urlTemplate":"https:\/\/xmy.ch\/fr\/?s={search_term_string}"},"query-input":{"@type":"PropertyValueSpecification","valueRequired":true,"valueName":"search_term_string"}}],"inLanguage":"fr-FR"},{"@type":"Organization","@id":"https:\/\/xmy.ch\/fr\/#organization","name":"Xmy Sagl","url":"https:\/\/xmy.ch\/fr\/","logo":{"@type":"ImageObject","inLanguage":"fr-FR","@id":"https:\/\/xmy.ch\/fr\/#\/schema\/logo\/image\/","url":"https:\/\/xmy.ch\/wp-content\/uploads\/2024\/02\/XMY_UNI_B.webp","contentUrl":"https:\/\/xmy.ch\/wp-content\/uploads\/2024\/02\/XMY_UNI_B.webp","width":1459,"height":421,"caption":"Xmy Sagl"},"image":{"@id":"https:\/\/xmy.ch\/fr\/#\/schema\/logo\/image\/"},"sameAs":["https:\/\/www.facebook.com\/xmy.sagl","https:\/\/www.instagram.com\/xmy.sagl\/"]}]}},"_links":{"self":[{"href":"https:\/\/xmy.ch\/fr\/wp-json\/wp\/v2\/product\/6239","targetHints":{"allow":["GET"]}}],"collection":[{"href":"https:\/\/xmy.ch\/fr\/wp-json\/wp\/v2\/product"}],"about":[{"href":"https:\/\/xmy.ch\/fr\/wp-json\/wp\/v2\/types\/product"}],"replies":[{"embeddable":true,"href":"https:\/\/xmy.ch\/fr\/wp-json\/wp\/v2\/comments?post=6239"}],"wp:featuredmedia":[{"embeddable":true,"href":"https:\/\/xmy.ch\/fr\/wp-json\/wp\/v2\/media\/4183"}],"wp:attachment":[{"href":"https:\/\/xmy.ch\/fr\/wp-json\/wp\/v2\/media?parent=6239"}],"wp:term":[{"taxonomy":"product_brand","embeddable":true,"href":"https:\/\/xmy.ch\/fr\/wp-json\/wp\/v2\/product_brand?post=6239"},{"taxonomy":"product_cat","embeddable":true,"href":"https:\/\/xmy.ch\/fr\/wp-json\/wp\/v2\/product_cat?post=6239"},{"taxonomy":"product_tag","embeddable":true,"href":"https:\/\/xmy.ch\/fr\/wp-json\/wp\/v2\/product_tag?post=6239"}],"curies":[{"name":"wp","href":"https:\/\/api.w.org\/{rel}","templated":true}]}}