{"id":6236,"date":"2023-11-04T18:21:00","date_gmt":"2023-11-04T17:21:00","guid":{"rendered":"https:\/\/xmy.ch\/prodotto\/m-polartec-power-stretch-m-fz-foil-surplus-green\/"},"modified":"2023-11-04T18:21:00","modified_gmt":"2023-11-04T17:21:00","slug":"m-polartec-power-stretch-m-fz-foil-surplus-green","status":"publish","type":"product","link":"https:\/\/xmy.ch\/fr\/prodotto\/m-polartec-power-stretch-m-fz-foil-surplus-green\/","title":{"rendered":"M Polartec Power Stretch M FZ Foil Surplus Green"},"content":{"rendered":"<p>Le mod\u00e8le id\u00e9al pour vous prot\u00e9ger de la neige et du froid tout au long de l&rsquo;hiver. Cette couche interm\u00e9diaire en polaire douce et extensible vous accompagnera partout, d&rsquo;une randonn\u00e9e sur un glacier \u00e0 une nuit au camp de base de l&rsquo;Everest. Le tissu ajust\u00e9 offre une isolation thermique optimale et \u00e9vacue l&rsquo;humidit\u00e9 pour que vous restiez \u00e0 l&rsquo;aise et au sec pendant les randonn\u00e9es en raquettes, le ski et toutes les autres activit\u00e9s.<\/p>\n<ul>\n<li>Tissu polaire extensible Polartec<\/li>\n<li>Fermeture \u00e0 glissi\u00e8re sur toute la longueur au centre du front<\/li>\n<li>Col montant<\/li>\n<li>Deux poches zipp\u00e9es pour les mains<\/li>\n<li>Galon sur le col, les manches et l&rsquo;ourlet<\/li>\n<li>Logo MHW s\u00e9rigraphi\u00e9 sur la poitrine gauche<\/li>\n<\/ul>\n<p>Instructions d&rsquo;entretien :<br \/>\nPour le lavage en machine, fermez toutes les fermetures \u00e0 glissi\u00e8re, attachez toutes les fermetures velcro et retournez le v\u00eatement sur l&rsquo;envers. Utilisez uniquement un lave-linge \u00e0 chargement frontal avec de l&rsquo;eau froide et un r\u00e9glage doux. Utilisez une petite quantit\u00e9 de savon doux en poudre ou de savon sp\u00e9cial pour couettes (disponible dans les magasins de plein air). Rincez au moins deux fois pour \u00e9liminer tout le savon du v\u00eatement. Lorsque vous passez le v\u00eatement de la machine \u00e0 laver au s\u00e8che-linge, portez-le par le bas. S\u00e9chez le v\u00eatement dans un grand s\u00e8che-linge commercial \u00e0 basse temp\u00e9rature. Le s\u00e9choir doit \u00eatre suffisamment grand pour permettre au v\u00eatement de flotter librement. Le s\u00e9chage peut prendre plusieurs heures et le v\u00eatement doit \u00eatre v\u00e9rifi\u00e9 r\u00e9guli\u00e8rement pour s&rsquo;assurer qu&rsquo;il n&rsquo;est pas surchauff\u00e9. Pendant le processus de s\u00e9chage, faites attention aux grumeaux de duvet mouill\u00e9s et secouez-le doucement pour le redistribuer. Ne lavez pas votre duvet ou votre parka : &#8211; si vous utilisez un lave-linge \u00e0 chargement par le haut &#8211; si vous utilisez du savon liquide ou du liquide vaisselle &#8211; si vous utilisez votre s\u00e8che-linge domestique &#8211; si vous le laissez s\u00e9cher au soleil (les rayons UV peuvent endommager le nylon).<\/p>\n","protected":false},"excerpt":{"rendered":"<p>Le mod\u00e8le id\u00e9al pour vous prot\u00e9ger de la neige et du froid tout au long de l&rsquo;hiver. Cette couche interm\u00e9diaire en polaire douce et extensible vous accompagnera partout, d&rsquo;une randonn\u00e9e sur un glacier \u00e0 une nuit au camp de base de l&rsquo;Everest.<\/p>\n","protected":false},"featured_media":4170,"comment_status":"open","ping_status":"closed","template":"","meta":[],"product_brand":[],"product_cat":[353],"product_tag":[259],"class_list":{"0":"post-6236","1":"product","2":"type-product","3":"status-publish","4":"has-post-thumbnail","6":"product_cat-vestes-et-gilets","7":"product_tag-lhomme","9":"first","10":"instock","11":"taxable","12":"shipping-taxable","13":"purchasable","14":"product-type-variable"},"yoast_head":"<!-- This site is optimized with the Yoast SEO Premium plugin v27.5 (Yoast SEO v27.5) - https:\/\/yoast.com\/product\/yoast-seo-premium-wordpress\/ -->\n<title>Power Stretch M FZ Foil Surplus Green \u2013 Veste Polartec<\/title>\n<meta name=\"description\" content=\"Le M Polartec Power Stretch M FZ Foil Surplus Green offre isolation, libert\u00e9 de mouvement et \u00e9vacuation de l&#039;humidit\u00e9 pour l&#039;hiver. Achetez-le maintenant.\" \/>\n<meta name=\"robots\" content=\"index, follow, max-snippet:-1, max-image-preview:large, max-video-preview:-1\" \/>\n<link rel=\"canonical\" href=\"https:\/\/xmy.ch\/fr\/prodotto\/m-polartec-power-stretch-m-fz-foil-surplus-green\/\" \/>\n<meta property=\"og:locale\" content=\"fr_FR\" \/>\n<meta property=\"og:type\" content=\"article\" \/>\n<meta property=\"og:title\" content=\"Power Stretch M FZ Foil Surplus Green \u2013 Veste Polartec\" \/>\n<meta property=\"og:description\" content=\"Veste Polartec id\u00e9ale contre le froid. Achetez d\u00e8s maintenant.\" \/>\n<meta property=\"og:url\" content=\"https:\/\/xmy.ch\/fr\/prodotto\/m-polartec-power-stretch-m-fz-foil-surplus-green\/\" \/>\n<meta property=\"og:site_name\" content=\"Xmy Sagl\" \/>\n<meta property=\"article:publisher\" content=\"https:\/\/www.facebook.com\/xmy.sagl\" \/>\n<meta property=\"og:image\" content=\"https:\/\/xmy.ch\/wp-content\/uploads\/2023\/11\/Mountain-Hardwear-M-Polartec-Power-Stretch-M-FZ-surplus-green-347-Main_1920x1920.jpg\" \/>\n\t<meta property=\"og:image:width\" content=\"1024\" \/>\n\t<meta property=\"og:image:height\" content=\"1024\" \/>\n\t<meta property=\"og:image:type\" content=\"image\/jpeg\" \/>\n<meta name=\"twitter:card\" content=\"summary_large_image\" \/>\n<meta name=\"twitter:title\" content=\"Power Stretch M FZ Foil Surplus Green \u2013 Polartec\" \/>\n<meta name=\"twitter:description\" content=\"Con\u00e7u pour l&#039;hiver et l&#039;outdoor. Commandez d\u00e8s maintenant.\" \/>\n<meta name=\"twitter:label1\" content=\"Dur\u00e9e de lecture estim\u00e9e\" \/>\n\t<meta name=\"twitter:data1\" content=\"2 minutes\" \/>\n<script type=\"application\/ld+json\" class=\"yoast-schema-graph\">{\"@context\":\"https:\\\/\\\/schema.org\",\"@graph\":[{\"@type\":\"WebPage\",\"@id\":\"https:\\\/\\\/xmy.ch\\\/fr\\\/prodotto\\\/m-polartec-power-stretch-m-fz-foil-surplus-green\\\/\",\"url\":\"https:\\\/\\\/xmy.ch\\\/fr\\\/prodotto\\\/m-polartec-power-stretch-m-fz-foil-surplus-green\\\/\",\"name\":\"Power Stretch M FZ Foil Surplus Green \u2013 Veste Polartec\",\"isPartOf\":{\"@id\":\"https:\\\/\\\/xmy.ch\\\/fr\\\/#website\"},\"primaryImageOfPage\":{\"@id\":\"https:\\\/\\\/xmy.ch\\\/fr\\\/prodotto\\\/m-polartec-power-stretch-m-fz-foil-surplus-green\\\/#primaryimage\"},\"image\":{\"@id\":\"https:\\\/\\\/xmy.ch\\\/fr\\\/prodotto\\\/m-polartec-power-stretch-m-fz-foil-surplus-green\\\/#primaryimage\"},\"thumbnailUrl\":\"https:\\\/\\\/xmy.ch\\\/wp-content\\\/uploads\\\/2023\\\/11\\\/Mountain-Hardwear-M-Polartec-Power-Stretch-M-FZ-surplus-green-347-Main_1920x1920.jpg\",\"datePublished\":\"2023-11-04T17:21:00+00:00\",\"description\":\"Le M Polartec Power Stretch M FZ Foil Surplus Green offre isolation, libert\u00e9 de mouvement et \u00e9vacuation de l'humidit\u00e9 pour l'hiver. Achetez-le maintenant.\",\"breadcrumb\":{\"@id\":\"https:\\\/\\\/xmy.ch\\\/fr\\\/prodotto\\\/m-polartec-power-stretch-m-fz-foil-surplus-green\\\/#breadcrumb\"},\"inLanguage\":\"fr-FR\",\"potentialAction\":[{\"@type\":\"ReadAction\",\"target\":[\"https:\\\/\\\/xmy.ch\\\/fr\\\/prodotto\\\/m-polartec-power-stretch-m-fz-foil-surplus-green\\\/\"]}]},{\"@type\":\"ImageObject\",\"inLanguage\":\"fr-FR\",\"@id\":\"https:\\\/\\\/xmy.ch\\\/fr\\\/prodotto\\\/m-polartec-power-stretch-m-fz-foil-surplus-green\\\/#primaryimage\",\"url\":\"https:\\\/\\\/xmy.ch\\\/wp-content\\\/uploads\\\/2023\\\/11\\\/Mountain-Hardwear-M-Polartec-Power-Stretch-M-FZ-surplus-green-347-Main_1920x1920.jpg\",\"contentUrl\":\"https:\\\/\\\/xmy.ch\\\/wp-content\\\/uploads\\\/2023\\\/11\\\/Mountain-Hardwear-M-Polartec-Power-Stretch-M-FZ-surplus-green-347-Main_1920x1920.jpg\",\"width\":1024,\"height\":1024},{\"@type\":\"BreadcrumbList\",\"@id\":\"https:\\\/\\\/xmy.ch\\\/fr\\\/prodotto\\\/m-polartec-power-stretch-m-fz-foil-surplus-green\\\/#breadcrumb\",\"itemListElement\":[{\"@type\":\"ListItem\",\"position\":1,\"name\":\"Home\",\"item\":\"https:\\\/\\\/xmy.ch\\\/fr\\\/\"},{\"@type\":\"ListItem\",\"position\":2,\"name\":\"Boutique\",\"item\":\"https:\\\/\\\/xmy.ch\\\/fr\\\/boutique\\\/\"},{\"@type\":\"ListItem\",\"position\":3,\"name\":\"M Polartec Power Stretch M FZ Foil Surplus Green\"}]},{\"@type\":\"WebSite\",\"@id\":\"https:\\\/\\\/xmy.ch\\\/fr\\\/#website\",\"url\":\"https:\\\/\\\/xmy.ch\\\/fr\\\/\",\"name\":\"Xmy Sagl\",\"description\":\"\",\"publisher\":{\"@id\":\"https:\\\/\\\/xmy.ch\\\/fr\\\/#organization\"},\"potentialAction\":[{\"@type\":\"SearchAction\",\"target\":{\"@type\":\"EntryPoint\",\"urlTemplate\":\"https:\\\/\\\/xmy.ch\\\/fr\\\/?s={search_term_string}\"},\"query-input\":{\"@type\":\"PropertyValueSpecification\",\"valueRequired\":true,\"valueName\":\"search_term_string\"}}],\"inLanguage\":\"fr-FR\"},{\"@type\":\"Organization\",\"@id\":\"https:\\\/\\\/xmy.ch\\\/fr\\\/#organization\",\"name\":\"Xmy Sagl\",\"url\":\"https:\\\/\\\/xmy.ch\\\/fr\\\/\",\"logo\":{\"@type\":\"ImageObject\",\"inLanguage\":\"fr-FR\",\"@id\":\"https:\\\/\\\/xmy.ch\\\/fr\\\/#\\\/schema\\\/logo\\\/image\\\/\",\"url\":\"https:\\\/\\\/xmy.ch\\\/wp-content\\\/uploads\\\/2024\\\/02\\\/XMY_UNI_B.webp\",\"contentUrl\":\"https:\\\/\\\/xmy.ch\\\/wp-content\\\/uploads\\\/2024\\\/02\\\/XMY_UNI_B.webp\",\"width\":1459,\"height\":421,\"caption\":\"Xmy Sagl\"},\"image\":{\"@id\":\"https:\\\/\\\/xmy.ch\\\/fr\\\/#\\\/schema\\\/logo\\\/image\\\/\"},\"sameAs\":[\"https:\\\/\\\/www.facebook.com\\\/xmy.sagl\",\"https:\\\/\\\/www.instagram.com\\\/xmy.sagl\\\/\"]}]}<\/script>\n<!-- \/ Yoast SEO Premium plugin. -->","yoast_head_json":{"title":"Power Stretch M FZ Foil Surplus Green \u2013 Veste Polartec","description":"Le M Polartec Power Stretch M FZ Foil Surplus Green offre isolation, libert\u00e9 de mouvement et \u00e9vacuation de l'humidit\u00e9 pour l'hiver. Achetez-le maintenant.","robots":{"index":"index","follow":"follow","max-snippet":"max-snippet:-1","max-image-preview":"max-image-preview:large","max-video-preview":"max-video-preview:-1"},"canonical":"https:\/\/xmy.ch\/fr\/prodotto\/m-polartec-power-stretch-m-fz-foil-surplus-green\/","og_locale":"fr_FR","og_type":"article","og_title":"Power Stretch M FZ Foil Surplus Green \u2013 Veste Polartec","og_description":"Veste Polartec id\u00e9ale contre le froid. Achetez d\u00e8s maintenant.","og_url":"https:\/\/xmy.ch\/fr\/prodotto\/m-polartec-power-stretch-m-fz-foil-surplus-green\/","og_site_name":"Xmy Sagl","article_publisher":"https:\/\/www.facebook.com\/xmy.sagl","og_image":[{"width":1024,"height":1024,"url":"https:\/\/xmy.ch\/wp-content\/uploads\/2023\/11\/Mountain-Hardwear-M-Polartec-Power-Stretch-M-FZ-surplus-green-347-Main_1920x1920.jpg","type":"image\/jpeg"}],"twitter_card":"summary_large_image","twitter_title":"Power Stretch M FZ Foil Surplus Green \u2013 Polartec","twitter_description":"Con\u00e7u pour l'hiver et l'outdoor. Commandez d\u00e8s maintenant.","twitter_misc":{"Dur\u00e9e de lecture estim\u00e9e":"2 minutes"},"schema":{"@context":"https:\/\/schema.org","@graph":[{"@type":"WebPage","@id":"https:\/\/xmy.ch\/fr\/prodotto\/m-polartec-power-stretch-m-fz-foil-surplus-green\/","url":"https:\/\/xmy.ch\/fr\/prodotto\/m-polartec-power-stretch-m-fz-foil-surplus-green\/","name":"Power Stretch M FZ Foil Surplus Green \u2013 Veste Polartec","isPartOf":{"@id":"https:\/\/xmy.ch\/fr\/#website"},"primaryImageOfPage":{"@id":"https:\/\/xmy.ch\/fr\/prodotto\/m-polartec-power-stretch-m-fz-foil-surplus-green\/#primaryimage"},"image":{"@id":"https:\/\/xmy.ch\/fr\/prodotto\/m-polartec-power-stretch-m-fz-foil-surplus-green\/#primaryimage"},"thumbnailUrl":"https:\/\/xmy.ch\/wp-content\/uploads\/2023\/11\/Mountain-Hardwear-M-Polartec-Power-Stretch-M-FZ-surplus-green-347-Main_1920x1920.jpg","datePublished":"2023-11-04T17:21:00+00:00","description":"Le M Polartec Power Stretch M FZ Foil Surplus Green offre isolation, libert\u00e9 de mouvement et \u00e9vacuation de l'humidit\u00e9 pour l'hiver. Achetez-le maintenant.","breadcrumb":{"@id":"https:\/\/xmy.ch\/fr\/prodotto\/m-polartec-power-stretch-m-fz-foil-surplus-green\/#breadcrumb"},"inLanguage":"fr-FR","potentialAction":[{"@type":"ReadAction","target":["https:\/\/xmy.ch\/fr\/prodotto\/m-polartec-power-stretch-m-fz-foil-surplus-green\/"]}]},{"@type":"ImageObject","inLanguage":"fr-FR","@id":"https:\/\/xmy.ch\/fr\/prodotto\/m-polartec-power-stretch-m-fz-foil-surplus-green\/#primaryimage","url":"https:\/\/xmy.ch\/wp-content\/uploads\/2023\/11\/Mountain-Hardwear-M-Polartec-Power-Stretch-M-FZ-surplus-green-347-Main_1920x1920.jpg","contentUrl":"https:\/\/xmy.ch\/wp-content\/uploads\/2023\/11\/Mountain-Hardwear-M-Polartec-Power-Stretch-M-FZ-surplus-green-347-Main_1920x1920.jpg","width":1024,"height":1024},{"@type":"BreadcrumbList","@id":"https:\/\/xmy.ch\/fr\/prodotto\/m-polartec-power-stretch-m-fz-foil-surplus-green\/#breadcrumb","itemListElement":[{"@type":"ListItem","position":1,"name":"Home","item":"https:\/\/xmy.ch\/fr\/"},{"@type":"ListItem","position":2,"name":"Boutique","item":"https:\/\/xmy.ch\/fr\/boutique\/"},{"@type":"ListItem","position":3,"name":"M Polartec Power Stretch M FZ Foil Surplus Green"}]},{"@type":"WebSite","@id":"https:\/\/xmy.ch\/fr\/#website","url":"https:\/\/xmy.ch\/fr\/","name":"Xmy Sagl","description":"","publisher":{"@id":"https:\/\/xmy.ch\/fr\/#organization"},"potentialAction":[{"@type":"SearchAction","target":{"@type":"EntryPoint","urlTemplate":"https:\/\/xmy.ch\/fr\/?s={search_term_string}"},"query-input":{"@type":"PropertyValueSpecification","valueRequired":true,"valueName":"search_term_string"}}],"inLanguage":"fr-FR"},{"@type":"Organization","@id":"https:\/\/xmy.ch\/fr\/#organization","name":"Xmy Sagl","url":"https:\/\/xmy.ch\/fr\/","logo":{"@type":"ImageObject","inLanguage":"fr-FR","@id":"https:\/\/xmy.ch\/fr\/#\/schema\/logo\/image\/","url":"https:\/\/xmy.ch\/wp-content\/uploads\/2024\/02\/XMY_UNI_B.webp","contentUrl":"https:\/\/xmy.ch\/wp-content\/uploads\/2024\/02\/XMY_UNI_B.webp","width":1459,"height":421,"caption":"Xmy Sagl"},"image":{"@id":"https:\/\/xmy.ch\/fr\/#\/schema\/logo\/image\/"},"sameAs":["https:\/\/www.facebook.com\/xmy.sagl","https:\/\/www.instagram.com\/xmy.sagl\/"]}]}},"_links":{"self":[{"href":"https:\/\/xmy.ch\/fr\/wp-json\/wp\/v2\/product\/6236","targetHints":{"allow":["GET"]}}],"collection":[{"href":"https:\/\/xmy.ch\/fr\/wp-json\/wp\/v2\/product"}],"about":[{"href":"https:\/\/xmy.ch\/fr\/wp-json\/wp\/v2\/types\/product"}],"replies":[{"embeddable":true,"href":"https:\/\/xmy.ch\/fr\/wp-json\/wp\/v2\/comments?post=6236"}],"wp:featuredmedia":[{"embeddable":true,"href":"https:\/\/xmy.ch\/fr\/wp-json\/wp\/v2\/media\/4170"}],"wp:attachment":[{"href":"https:\/\/xmy.ch\/fr\/wp-json\/wp\/v2\/media?parent=6236"}],"wp:term":[{"taxonomy":"product_brand","embeddable":true,"href":"https:\/\/xmy.ch\/fr\/wp-json\/wp\/v2\/product_brand?post=6236"},{"taxonomy":"product_cat","embeddable":true,"href":"https:\/\/xmy.ch\/fr\/wp-json\/wp\/v2\/product_cat?post=6236"},{"taxonomy":"product_tag","embeddable":true,"href":"https:\/\/xmy.ch\/fr\/wp-json\/wp\/v2\/product_tag?post=6236"}],"curies":[{"name":"wp","href":"https:\/\/api.w.org\/{rel}","templated":true}]}}