{"id":6235,"date":"2023-11-04T18:09:00","date_gmt":"2023-11-04T17:09:00","guid":{"rendered":"https:\/\/xmy.ch\/prodotto\/w-polartec-double-brushed-full-zip-hoody-stone\/"},"modified":"2023-11-04T18:09:00","modified_gmt":"2023-11-04T17:09:00","slug":"w-polartec-double-brushed-full-zip-hoody-stone","status":"publish","type":"product","link":"https:\/\/xmy.ch\/fr\/prodotto\/w-polartec-double-brushed-full-zip-hoody-stone\/","title":{"rendered":"W Polartec\u00ae Double Brushed Full Zip Hoody Stone"},"content":{"rendered":"<p>Chaud, extensible et d\u00e9contract\u00e9, le sweat \u00e0 capuche Polartec\u00ae Double Brushed est un haut polaire doux et confortable de poids moyen, parfait pour la randonn\u00e9e ou la d\u00e9tente entre amis. Fabriqu\u00e9 en polaire Polartec 200 recycl\u00e9e, ce sweat \u00e0 capuche offre un confort sup\u00e9rieur pour les activit\u00e9s de plein air quotidiennes.<\/p>\n<ul>\n<li>Deux poches zipp\u00e9es pour les mains<\/li>\n<li>Fermeture \u00e9clair sur toute la longueur au centre du front<\/li>\n<li>Galon \u00e9lastique aux poignets, \u00e0 l&rsquo;ourlet et \u00e0 la capuche<\/li>\n<li>\u00c9tiquette tiss\u00e9e avec le logo MHW<\/li>\n<\/ul>\n<p>87 % polyester recycl\u00e9, 13 % polyester<\/p>\n<p>Instructions d&rsquo;entretien :<\/p>\n<p>Pour le lavage en machine, fermez toutes les fermetures \u00e0 glissi\u00e8re, attachez toutes les fermetures velcro et retournez le v\u00eatement sur l&rsquo;envers. Utilisez uniquement un lave-linge \u00e0 chargement frontal avec de l&rsquo;eau froide et un r\u00e9glage doux. Utilisez une petite quantit\u00e9 de savon doux en poudre ou de savon sp\u00e9cial pour couettes (disponible dans les magasins de plein air). Rincez au moins deux fois pour \u00e9liminer tout le savon du v\u00eatement. Lorsque vous passez le v\u00eatement de la machine \u00e0 laver au s\u00e8che-linge, portez-le par le bas. S\u00e9chez le v\u00eatement dans un grand s\u00e8che-linge commercial \u00e0 basse temp\u00e9rature. Le s\u00e9choir doit \u00eatre suffisamment grand pour permettre au v\u00eatement de flotter librement. Le s\u00e9chage peut prendre plusieurs heures et le v\u00eatement doit \u00eatre v\u00e9rifi\u00e9 r\u00e9guli\u00e8rement pour s&rsquo;assurer qu&rsquo;il n&rsquo;est pas surchauff\u00e9. Pendant le processus de s\u00e9chage, faites attention aux grumeaux de duvet mouill\u00e9s et secouez-le doucement pour le redistribuer. Ne lavez pas votre duvet ou votre parka : &#8211; si vous utilisez un lave-linge \u00e0 chargement par le haut &#8211; si vous utilisez du savon liquide ou du liquide vaisselle &#8211; si vous utilisez votre s\u00e8che-linge domestique &#8211; si vous le laissez s\u00e9cher au soleil (les rayons UV peuvent endommager le nylon).<\/p>\n","protected":false},"excerpt":{"rendered":"<p>Chaud, extensible et d\u00e9contract\u00e9, le sweat \u00e0 capuche Polartec\u00ae Double Brushed est un haut polaire doux et confortable de poids moyen, parfait pour la randonn\u00e9e ou la d\u00e9tente entre amis.<\/p>\n","protected":false},"featured_media":4144,"comment_status":"open","ping_status":"closed","template":"","meta":[],"product_brand":[],"product_cat":[335],"product_tag":[258],"class_list":{"0":"post-6235","1":"product","2":"type-product","3":"status-publish","4":"has-post-thumbnail","6":"product_cat-sweatshirts-fr","7":"product_tag-femme","9":"first","10":"instock","11":"taxable","12":"shipping-taxable","13":"purchasable","14":"product-type-variable"},"yoast_head":"<!-- This site is optimized with the Yoast SEO Premium plugin v27.5 (Yoast SEO v27.5) - https:\/\/yoast.com\/product\/yoast-seo-premium-wordpress\/ -->\n<title>Polartec Double Brushed Sweat \u00e0 Capuche W Stone<\/title>\n<meta name=\"description\" content=\"Le Polartec Double Brushed Full Zip Hoody Stone offre chaleur et confort pour la randonn\u00e9e et les moments d\u00e9contract\u00e9s. Commandez d\u00e8s maintenant et profitez de la chaleur l\u00e9g\u00e8re.\" \/>\n<meta name=\"robots\" content=\"index, follow, max-snippet:-1, max-image-preview:large, max-video-preview:-1\" \/>\n<link rel=\"canonical\" href=\"https:\/\/xmy.ch\/fr\/prodotto\/w-polartec-double-brushed-full-zip-hoody-stone\/\" \/>\n<meta property=\"og:locale\" content=\"fr_FR\" \/>\n<meta property=\"og:type\" content=\"article\" \/>\n<meta property=\"og:title\" content=\"Polartec Double Brushed Sweat \u00e0 Capuche W Stone\" \/>\n<meta property=\"og:description\" content=\"Achetez le Polartec Double Brushed et restez au chaud dehors.\" \/>\n<meta property=\"og:url\" content=\"https:\/\/xmy.ch\/fr\/prodotto\/w-polartec-double-brushed-full-zip-hoody-stone\/\" \/>\n<meta property=\"og:site_name\" content=\"Xmy Sagl\" \/>\n<meta property=\"article:publisher\" content=\"https:\/\/www.facebook.com\/xmy.sagl\" \/>\n<meta property=\"og:image\" content=\"https:\/\/xmy.ch\/wp-content\/uploads\/2023\/11\/Mountain-Hardwear-W-Polartec\u00ae-Double-Brushed-Full-Zip-Hoody-stone-022-Main_1920x1920.jpg\" \/>\n\t<meta property=\"og:image:width\" content=\"1024\" \/>\n\t<meta property=\"og:image:height\" content=\"1024\" \/>\n\t<meta property=\"og:image:type\" content=\"image\/jpeg\" \/>\n<meta name=\"twitter:card\" content=\"summary_large_image\" \/>\n<meta name=\"twitter:title\" content=\"Polartec Double Brushed Sweat \u00e0 Capuche W Stone\" \/>\n<meta name=\"twitter:description\" content=\"En stock\u2014commandez le Polartec Double Brushed d\u00e8s aujourd&#039;hui.\" \/>\n<meta name=\"twitter:label1\" content=\"Dur\u00e9e de lecture estim\u00e9e\" \/>\n\t<meta name=\"twitter:data1\" content=\"2 minutes\" \/>\n<script type=\"application\/ld+json\" class=\"yoast-schema-graph\">{\"@context\":\"https:\\\/\\\/schema.org\",\"@graph\":[{\"@type\":\"WebPage\",\"@id\":\"https:\\\/\\\/xmy.ch\\\/fr\\\/prodotto\\\/w-polartec-double-brushed-full-zip-hoody-stone\\\/\",\"url\":\"https:\\\/\\\/xmy.ch\\\/fr\\\/prodotto\\\/w-polartec-double-brushed-full-zip-hoody-stone\\\/\",\"name\":\"Polartec Double Brushed Sweat \u00e0 Capuche W Stone\",\"isPartOf\":{\"@id\":\"https:\\\/\\\/xmy.ch\\\/fr\\\/#website\"},\"primaryImageOfPage\":{\"@id\":\"https:\\\/\\\/xmy.ch\\\/fr\\\/prodotto\\\/w-polartec-double-brushed-full-zip-hoody-stone\\\/#primaryimage\"},\"image\":{\"@id\":\"https:\\\/\\\/xmy.ch\\\/fr\\\/prodotto\\\/w-polartec-double-brushed-full-zip-hoody-stone\\\/#primaryimage\"},\"thumbnailUrl\":\"https:\\\/\\\/xmy.ch\\\/wp-content\\\/uploads\\\/2023\\\/11\\\/Mountain-Hardwear-W-Polartec\u00ae-Double-Brushed-Full-Zip-Hoody-stone-022-Main_1920x1920.jpg\",\"datePublished\":\"2023-11-04T17:09:00+00:00\",\"description\":\"Le Polartec Double Brushed Full Zip Hoody Stone offre chaleur et confort pour la randonn\u00e9e et les moments d\u00e9contract\u00e9s. Commandez d\u00e8s maintenant et profitez de la chaleur l\u00e9g\u00e8re.\",\"breadcrumb\":{\"@id\":\"https:\\\/\\\/xmy.ch\\\/fr\\\/prodotto\\\/w-polartec-double-brushed-full-zip-hoody-stone\\\/#breadcrumb\"},\"inLanguage\":\"fr-FR\",\"potentialAction\":[{\"@type\":\"ReadAction\",\"target\":[\"https:\\\/\\\/xmy.ch\\\/fr\\\/prodotto\\\/w-polartec-double-brushed-full-zip-hoody-stone\\\/\"]}]},{\"@type\":\"ImageObject\",\"inLanguage\":\"fr-FR\",\"@id\":\"https:\\\/\\\/xmy.ch\\\/fr\\\/prodotto\\\/w-polartec-double-brushed-full-zip-hoody-stone\\\/#primaryimage\",\"url\":\"https:\\\/\\\/xmy.ch\\\/wp-content\\\/uploads\\\/2023\\\/11\\\/Mountain-Hardwear-W-Polartec\u00ae-Double-Brushed-Full-Zip-Hoody-stone-022-Main_1920x1920.jpg\",\"contentUrl\":\"https:\\\/\\\/xmy.ch\\\/wp-content\\\/uploads\\\/2023\\\/11\\\/Mountain-Hardwear-W-Polartec\u00ae-Double-Brushed-Full-Zip-Hoody-stone-022-Main_1920x1920.jpg\",\"width\":1024,\"height\":1024},{\"@type\":\"BreadcrumbList\",\"@id\":\"https:\\\/\\\/xmy.ch\\\/fr\\\/prodotto\\\/w-polartec-double-brushed-full-zip-hoody-stone\\\/#breadcrumb\",\"itemListElement\":[{\"@type\":\"ListItem\",\"position\":1,\"name\":\"Home\",\"item\":\"https:\\\/\\\/xmy.ch\\\/fr\\\/\"},{\"@type\":\"ListItem\",\"position\":2,\"name\":\"Boutique\",\"item\":\"https:\\\/\\\/xmy.ch\\\/fr\\\/boutique\\\/\"},{\"@type\":\"ListItem\",\"position\":3,\"name\":\"W Polartec\u00ae Double Brushed Full Zip Hoody Stone\"}]},{\"@type\":\"WebSite\",\"@id\":\"https:\\\/\\\/xmy.ch\\\/fr\\\/#website\",\"url\":\"https:\\\/\\\/xmy.ch\\\/fr\\\/\",\"name\":\"Xmy Sagl\",\"description\":\"\",\"publisher\":{\"@id\":\"https:\\\/\\\/xmy.ch\\\/fr\\\/#organization\"},\"potentialAction\":[{\"@type\":\"SearchAction\",\"target\":{\"@type\":\"EntryPoint\",\"urlTemplate\":\"https:\\\/\\\/xmy.ch\\\/fr\\\/?s={search_term_string}\"},\"query-input\":{\"@type\":\"PropertyValueSpecification\",\"valueRequired\":true,\"valueName\":\"search_term_string\"}}],\"inLanguage\":\"fr-FR\"},{\"@type\":\"Organization\",\"@id\":\"https:\\\/\\\/xmy.ch\\\/fr\\\/#organization\",\"name\":\"Xmy Sagl\",\"url\":\"https:\\\/\\\/xmy.ch\\\/fr\\\/\",\"logo\":{\"@type\":\"ImageObject\",\"inLanguage\":\"fr-FR\",\"@id\":\"https:\\\/\\\/xmy.ch\\\/fr\\\/#\\\/schema\\\/logo\\\/image\\\/\",\"url\":\"https:\\\/\\\/xmy.ch\\\/wp-content\\\/uploads\\\/2024\\\/02\\\/XMY_UNI_B.webp\",\"contentUrl\":\"https:\\\/\\\/xmy.ch\\\/wp-content\\\/uploads\\\/2024\\\/02\\\/XMY_UNI_B.webp\",\"width\":1459,\"height\":421,\"caption\":\"Xmy Sagl\"},\"image\":{\"@id\":\"https:\\\/\\\/xmy.ch\\\/fr\\\/#\\\/schema\\\/logo\\\/image\\\/\"},\"sameAs\":[\"https:\\\/\\\/www.facebook.com\\\/xmy.sagl\",\"https:\\\/\\\/www.instagram.com\\\/xmy.sagl\\\/\"]}]}<\/script>\n<!-- \/ Yoast SEO Premium plugin. -->","yoast_head_json":{"title":"Polartec Double Brushed Sweat \u00e0 Capuche W Stone","description":"Le Polartec Double Brushed Full Zip Hoody Stone offre chaleur et confort pour la randonn\u00e9e et les moments d\u00e9contract\u00e9s. Commandez d\u00e8s maintenant et profitez de la chaleur l\u00e9g\u00e8re.","robots":{"index":"index","follow":"follow","max-snippet":"max-snippet:-1","max-image-preview":"max-image-preview:large","max-video-preview":"max-video-preview:-1"},"canonical":"https:\/\/xmy.ch\/fr\/prodotto\/w-polartec-double-brushed-full-zip-hoody-stone\/","og_locale":"fr_FR","og_type":"article","og_title":"Polartec Double Brushed Sweat \u00e0 Capuche W Stone","og_description":"Achetez le Polartec Double Brushed et restez au chaud dehors.","og_url":"https:\/\/xmy.ch\/fr\/prodotto\/w-polartec-double-brushed-full-zip-hoody-stone\/","og_site_name":"Xmy Sagl","article_publisher":"https:\/\/www.facebook.com\/xmy.sagl","og_image":[{"width":1024,"height":1024,"url":"https:\/\/xmy.ch\/wp-content\/uploads\/2023\/11\/Mountain-Hardwear-W-Polartec\u00ae-Double-Brushed-Full-Zip-Hoody-stone-022-Main_1920x1920.jpg","type":"image\/jpeg"}],"twitter_card":"summary_large_image","twitter_title":"Polartec Double Brushed Sweat \u00e0 Capuche W Stone","twitter_description":"En stock\u2014commandez le Polartec Double Brushed d\u00e8s aujourd'hui.","twitter_misc":{"Dur\u00e9e de lecture estim\u00e9e":"2 minutes"},"schema":{"@context":"https:\/\/schema.org","@graph":[{"@type":"WebPage","@id":"https:\/\/xmy.ch\/fr\/prodotto\/w-polartec-double-brushed-full-zip-hoody-stone\/","url":"https:\/\/xmy.ch\/fr\/prodotto\/w-polartec-double-brushed-full-zip-hoody-stone\/","name":"Polartec Double Brushed Sweat \u00e0 Capuche W Stone","isPartOf":{"@id":"https:\/\/xmy.ch\/fr\/#website"},"primaryImageOfPage":{"@id":"https:\/\/xmy.ch\/fr\/prodotto\/w-polartec-double-brushed-full-zip-hoody-stone\/#primaryimage"},"image":{"@id":"https:\/\/xmy.ch\/fr\/prodotto\/w-polartec-double-brushed-full-zip-hoody-stone\/#primaryimage"},"thumbnailUrl":"https:\/\/xmy.ch\/wp-content\/uploads\/2023\/11\/Mountain-Hardwear-W-Polartec\u00ae-Double-Brushed-Full-Zip-Hoody-stone-022-Main_1920x1920.jpg","datePublished":"2023-11-04T17:09:00+00:00","description":"Le Polartec Double Brushed Full Zip Hoody Stone offre chaleur et confort pour la randonn\u00e9e et les moments d\u00e9contract\u00e9s. Commandez d\u00e8s maintenant et profitez de la chaleur l\u00e9g\u00e8re.","breadcrumb":{"@id":"https:\/\/xmy.ch\/fr\/prodotto\/w-polartec-double-brushed-full-zip-hoody-stone\/#breadcrumb"},"inLanguage":"fr-FR","potentialAction":[{"@type":"ReadAction","target":["https:\/\/xmy.ch\/fr\/prodotto\/w-polartec-double-brushed-full-zip-hoody-stone\/"]}]},{"@type":"ImageObject","inLanguage":"fr-FR","@id":"https:\/\/xmy.ch\/fr\/prodotto\/w-polartec-double-brushed-full-zip-hoody-stone\/#primaryimage","url":"https:\/\/xmy.ch\/wp-content\/uploads\/2023\/11\/Mountain-Hardwear-W-Polartec\u00ae-Double-Brushed-Full-Zip-Hoody-stone-022-Main_1920x1920.jpg","contentUrl":"https:\/\/xmy.ch\/wp-content\/uploads\/2023\/11\/Mountain-Hardwear-W-Polartec\u00ae-Double-Brushed-Full-Zip-Hoody-stone-022-Main_1920x1920.jpg","width":1024,"height":1024},{"@type":"BreadcrumbList","@id":"https:\/\/xmy.ch\/fr\/prodotto\/w-polartec-double-brushed-full-zip-hoody-stone\/#breadcrumb","itemListElement":[{"@type":"ListItem","position":1,"name":"Home","item":"https:\/\/xmy.ch\/fr\/"},{"@type":"ListItem","position":2,"name":"Boutique","item":"https:\/\/xmy.ch\/fr\/boutique\/"},{"@type":"ListItem","position":3,"name":"W Polartec\u00ae Double Brushed Full Zip Hoody Stone"}]},{"@type":"WebSite","@id":"https:\/\/xmy.ch\/fr\/#website","url":"https:\/\/xmy.ch\/fr\/","name":"Xmy Sagl","description":"","publisher":{"@id":"https:\/\/xmy.ch\/fr\/#organization"},"potentialAction":[{"@type":"SearchAction","target":{"@type":"EntryPoint","urlTemplate":"https:\/\/xmy.ch\/fr\/?s={search_term_string}"},"query-input":{"@type":"PropertyValueSpecification","valueRequired":true,"valueName":"search_term_string"}}],"inLanguage":"fr-FR"},{"@type":"Organization","@id":"https:\/\/xmy.ch\/fr\/#organization","name":"Xmy Sagl","url":"https:\/\/xmy.ch\/fr\/","logo":{"@type":"ImageObject","inLanguage":"fr-FR","@id":"https:\/\/xmy.ch\/fr\/#\/schema\/logo\/image\/","url":"https:\/\/xmy.ch\/wp-content\/uploads\/2024\/02\/XMY_UNI_B.webp","contentUrl":"https:\/\/xmy.ch\/wp-content\/uploads\/2024\/02\/XMY_UNI_B.webp","width":1459,"height":421,"caption":"Xmy Sagl"},"image":{"@id":"https:\/\/xmy.ch\/fr\/#\/schema\/logo\/image\/"},"sameAs":["https:\/\/www.facebook.com\/xmy.sagl","https:\/\/www.instagram.com\/xmy.sagl\/"]}]}},"_links":{"self":[{"href":"https:\/\/xmy.ch\/fr\/wp-json\/wp\/v2\/product\/6235","targetHints":{"allow":["GET"]}}],"collection":[{"href":"https:\/\/xmy.ch\/fr\/wp-json\/wp\/v2\/product"}],"about":[{"href":"https:\/\/xmy.ch\/fr\/wp-json\/wp\/v2\/types\/product"}],"replies":[{"embeddable":true,"href":"https:\/\/xmy.ch\/fr\/wp-json\/wp\/v2\/comments?post=6235"}],"wp:featuredmedia":[{"embeddable":true,"href":"https:\/\/xmy.ch\/fr\/wp-json\/wp\/v2\/media\/4144"}],"wp:attachment":[{"href":"https:\/\/xmy.ch\/fr\/wp-json\/wp\/v2\/media?parent=6235"}],"wp:term":[{"taxonomy":"product_brand","embeddable":true,"href":"https:\/\/xmy.ch\/fr\/wp-json\/wp\/v2\/product_brand?post=6235"},{"taxonomy":"product_cat","embeddable":true,"href":"https:\/\/xmy.ch\/fr\/wp-json\/wp\/v2\/product_cat?post=6235"},{"taxonomy":"product_tag","embeddable":true,"href":"https:\/\/xmy.ch\/fr\/wp-json\/wp\/v2\/product_tag?post=6235"}],"curies":[{"name":"wp","href":"https:\/\/api.w.org\/{rel}","templated":true}]}}