{"id":6215,"date":"2023-11-04T18:02:00","date_gmt":"2023-11-04T17:02:00","guid":{"rendered":"https:\/\/xmy.ch\/prodotto\/veste-w-polartec-high-loft-wild-oyster\/"},"modified":"2023-11-04T18:02:00","modified_gmt":"2023-11-04T17:02:00","slug":"veste-w-polartec-high-loft-wild-oyster","status":"publish","type":"product","link":"https:\/\/xmy.ch\/fr\/prodotto\/veste-w-polartec-high-loft-wild-oyster\/","title":{"rendered":"Veste W Polartec\u00ae High Loft\u2122 Wild Oyster"},"content":{"rendered":"<p>La veste Polartec\u00ae High Loft\u00ae est une r\u00e9interpr\u00e9tation de notre best-seller classique qui continue d&rsquo;offrir une chaleur de premier ordre pour les superpositions avec un toucher unique et ultra-doux. La veste Polartec\u00ae High Loft\u00ae est dot\u00e9e d&rsquo;une polaire Polartec\u00ae High Loft\u2122 l\u00e9g\u00e8re avec des panneaux en polaire extensible strat\u00e9giquement plac\u00e9s pour une plus grande libert\u00e9 de mouvement.<\/p>\n<ul>\n<li>Tissu polaire classique Polartec\u00ae High Loft<\/li>\n<li>Tissu Power Stretch\u00ae int\u00e9gr\u00e9 sur les hanches, l&rsquo;ourlet et le bas des jambes<\/li>\n<li>Deux poches zipp\u00e9es et une poche poitrine zipp\u00e9e<\/li>\n<li>Panneaux en tissu Power Stretch\u00ae sur le col, les c\u00f4t\u00e9s, les poignets et l&rsquo;ourlet<\/li>\n<\/ul>\n<p>97 % polyester, 3 % \u00e9lasthanne<\/p>\n<p>Instructions d&rsquo;entretien :<\/p>\n<p>Pour le lavage en machine, fermez toutes les fermetures \u00e0 glissi\u00e8re, attachez toutes les fermetures velcro et retournez le v\u00eatement sur l&rsquo;envers. Utilisez uniquement un lave-linge \u00e0 chargement frontal avec de l&rsquo;eau froide et un r\u00e9glage doux. Utilisez une petite quantit\u00e9 de savon doux en poudre ou de savon sp\u00e9cial pour couettes (disponible dans les magasins de plein air). Rincez au moins deux fois pour \u00e9liminer tout le savon du v\u00eatement. Lorsque vous passez le v\u00eatement de la machine \u00e0 laver au s\u00e8che-linge, portez-le par le bas. S\u00e9chez le v\u00eatement dans un grand s\u00e8che-linge commercial \u00e0 basse temp\u00e9rature. Le s\u00e9choir doit \u00eatre suffisamment grand pour permettre au v\u00eatement de flotter librement. Le s\u00e9chage peut prendre plusieurs heures et le v\u00eatement doit \u00eatre v\u00e9rifi\u00e9 r\u00e9guli\u00e8rement pour s&rsquo;assurer qu&rsquo;il n&rsquo;est pas surchauff\u00e9. Pendant le processus de s\u00e9chage, faites attention aux grumeaux de duvet mouill\u00e9s et secouez-le doucement pour le redistribuer. Ne lavez pas votre duvet ou votre parka : &#8211; si vous utilisez un lave-linge \u00e0 chargement par le haut &#8211; si vous utilisez du savon liquide ou du liquide vaisselle &#8211; si vous utilisez votre s\u00e8che-linge domestique &#8211; si vous le laissez s\u00e9cher au soleil (les rayons UV peuvent endommager le nylon).<\/p>\n","protected":false},"excerpt":{"rendered":"<p>La veste Polartec\u00ae High Loft\u00ae est une r\u00e9interpr\u00e9tation de notre best-seller classique qui continue d&rsquo;offrir une chaleur de premier ordre pour les superpositions avec un toucher unique et ultra-doux.<\/p>\n","protected":false},"featured_media":4132,"comment_status":"open","ping_status":"closed","template":"","meta":[],"product_brand":[],"product_cat":[353],"product_tag":[258],"class_list":{"0":"post-6215","1":"product","2":"type-product","3":"status-publish","4":"has-post-thumbnail","6":"product_cat-vestes-et-gilets","7":"product_tag-femme","9":"first","10":"instock","11":"taxable","12":"shipping-taxable","13":"purchasable","14":"product-type-variable"},"yoast_head":"<!-- This site is optimized with the Yoast SEO Premium plugin v27.5 (Yoast SEO v27.5) - https:\/\/yoast.com\/product\/yoast-seo-premium-wordpress\/ -->\n<title>Veste Polartec High Loft Wild Oyster - chaude et l\u00e9g\u00e8re<\/title>\n<meta name=\"description\" content=\"D\u00e9couvrez la Veste Polartec High Loft Wild Oyster, douceur et chaleur pour vos superpositions. Commandez d\u00e8s maintenant et restez au chaud avec style.\" \/>\n<meta name=\"robots\" content=\"index, follow, max-snippet:-1, max-image-preview:large, max-video-preview:-1\" \/>\n<link rel=\"canonical\" href=\"https:\/\/xmy.ch\/fr\/prodotto\/veste-w-polartec-high-loft-wild-oyster\/\" \/>\n<meta property=\"og:locale\" content=\"fr_FR\" \/>\n<meta property=\"og:type\" content=\"article\" \/>\n<meta property=\"og:title\" content=\"Veste Polartec High Loft Wild Oyster - chaleur l\u00e9g\u00e8re\" \/>\n<meta property=\"og:description\" content=\"Commandez la veste Polartec High Loft et restez au chaud avec style.\" \/>\n<meta property=\"og:url\" content=\"https:\/\/xmy.ch\/fr\/prodotto\/veste-w-polartec-high-loft-wild-oyster\/\" \/>\n<meta property=\"og:site_name\" content=\"Xmy Sagl\" \/>\n<meta property=\"article:publisher\" content=\"https:\/\/www.facebook.com\/xmy.sagl\" \/>\n<meta property=\"og:image\" content=\"https:\/\/xmy.ch\/wp-content\/uploads\/2023\/11\/Mountain-Hardwear-W-Polartec\u00ae-High-Loft\u2122-Jacket-wild-oyster-248-Main.jpg\" \/>\n\t<meta property=\"og:image:width\" content=\"1024\" \/>\n\t<meta property=\"og:image:height\" content=\"1024\" \/>\n\t<meta property=\"og:image:type\" content=\"image\/jpeg\" \/>\n<meta name=\"twitter:card\" content=\"summary_large_image\" \/>\n<meta name=\"twitter:title\" content=\"Veste Polartec High Loft Wild Oyster - confort maximal\" \/>\n<meta name=\"twitter:description\" content=\"Achetez la veste Polartec High Loft et am\u00e9liorez votre layering d\u00e8s aujourd&#039;hui.\" \/>\n<meta name=\"twitter:label1\" content=\"Dur\u00e9e de lecture estim\u00e9e\" \/>\n\t<meta name=\"twitter:data1\" content=\"2 minutes\" \/>\n<script type=\"application\/ld+json\" class=\"yoast-schema-graph\">{\"@context\":\"https:\\\/\\\/schema.org\",\"@graph\":[{\"@type\":\"WebPage\",\"@id\":\"https:\\\/\\\/xmy.ch\\\/fr\\\/prodotto\\\/veste-w-polartec-high-loft-wild-oyster\\\/\",\"url\":\"https:\\\/\\\/xmy.ch\\\/fr\\\/prodotto\\\/veste-w-polartec-high-loft-wild-oyster\\\/\",\"name\":\"Veste Polartec High Loft Wild Oyster - chaude et l\u00e9g\u00e8re\",\"isPartOf\":{\"@id\":\"https:\\\/\\\/xmy.ch\\\/fr\\\/#website\"},\"primaryImageOfPage\":{\"@id\":\"https:\\\/\\\/xmy.ch\\\/fr\\\/prodotto\\\/veste-w-polartec-high-loft-wild-oyster\\\/#primaryimage\"},\"image\":{\"@id\":\"https:\\\/\\\/xmy.ch\\\/fr\\\/prodotto\\\/veste-w-polartec-high-loft-wild-oyster\\\/#primaryimage\"},\"thumbnailUrl\":\"https:\\\/\\\/xmy.ch\\\/wp-content\\\/uploads\\\/2023\\\/11\\\/Mountain-Hardwear-W-Polartec\u00ae-High-Loft\u2122-Jacket-wild-oyster-248-Main.jpg\",\"datePublished\":\"2023-11-04T17:02:00+00:00\",\"description\":\"D\u00e9couvrez la Veste Polartec High Loft Wild Oyster, douceur et chaleur pour vos superpositions. Commandez d\u00e8s maintenant et restez au chaud avec style.\",\"breadcrumb\":{\"@id\":\"https:\\\/\\\/xmy.ch\\\/fr\\\/prodotto\\\/veste-w-polartec-high-loft-wild-oyster\\\/#breadcrumb\"},\"inLanguage\":\"fr-FR\",\"potentialAction\":[{\"@type\":\"ReadAction\",\"target\":[\"https:\\\/\\\/xmy.ch\\\/fr\\\/prodotto\\\/veste-w-polartec-high-loft-wild-oyster\\\/\"]}]},{\"@type\":\"ImageObject\",\"inLanguage\":\"fr-FR\",\"@id\":\"https:\\\/\\\/xmy.ch\\\/fr\\\/prodotto\\\/veste-w-polartec-high-loft-wild-oyster\\\/#primaryimage\",\"url\":\"https:\\\/\\\/xmy.ch\\\/wp-content\\\/uploads\\\/2023\\\/11\\\/Mountain-Hardwear-W-Polartec\u00ae-High-Loft\u2122-Jacket-wild-oyster-248-Main.jpg\",\"contentUrl\":\"https:\\\/\\\/xmy.ch\\\/wp-content\\\/uploads\\\/2023\\\/11\\\/Mountain-Hardwear-W-Polartec\u00ae-High-Loft\u2122-Jacket-wild-oyster-248-Main.jpg\",\"width\":1024,\"height\":1024},{\"@type\":\"BreadcrumbList\",\"@id\":\"https:\\\/\\\/xmy.ch\\\/fr\\\/prodotto\\\/veste-w-polartec-high-loft-wild-oyster\\\/#breadcrumb\",\"itemListElement\":[{\"@type\":\"ListItem\",\"position\":1,\"name\":\"Home\",\"item\":\"https:\\\/\\\/xmy.ch\\\/fr\\\/\"},{\"@type\":\"ListItem\",\"position\":2,\"name\":\"Boutique\",\"item\":\"https:\\\/\\\/xmy.ch\\\/fr\\\/boutique\\\/\"},{\"@type\":\"ListItem\",\"position\":3,\"name\":\"Veste W Polartec\u00ae High Loft\u2122 Wild Oyster\"}]},{\"@type\":\"WebSite\",\"@id\":\"https:\\\/\\\/xmy.ch\\\/fr\\\/#website\",\"url\":\"https:\\\/\\\/xmy.ch\\\/fr\\\/\",\"name\":\"Xmy Sagl\",\"description\":\"\",\"publisher\":{\"@id\":\"https:\\\/\\\/xmy.ch\\\/fr\\\/#organization\"},\"potentialAction\":[{\"@type\":\"SearchAction\",\"target\":{\"@type\":\"EntryPoint\",\"urlTemplate\":\"https:\\\/\\\/xmy.ch\\\/fr\\\/?s={search_term_string}\"},\"query-input\":{\"@type\":\"PropertyValueSpecification\",\"valueRequired\":true,\"valueName\":\"search_term_string\"}}],\"inLanguage\":\"fr-FR\"},{\"@type\":\"Organization\",\"@id\":\"https:\\\/\\\/xmy.ch\\\/fr\\\/#organization\",\"name\":\"Xmy Sagl\",\"url\":\"https:\\\/\\\/xmy.ch\\\/fr\\\/\",\"logo\":{\"@type\":\"ImageObject\",\"inLanguage\":\"fr-FR\",\"@id\":\"https:\\\/\\\/xmy.ch\\\/fr\\\/#\\\/schema\\\/logo\\\/image\\\/\",\"url\":\"https:\\\/\\\/xmy.ch\\\/wp-content\\\/uploads\\\/2024\\\/02\\\/XMY_UNI_B.webp\",\"contentUrl\":\"https:\\\/\\\/xmy.ch\\\/wp-content\\\/uploads\\\/2024\\\/02\\\/XMY_UNI_B.webp\",\"width\":1459,\"height\":421,\"caption\":\"Xmy Sagl\"},\"image\":{\"@id\":\"https:\\\/\\\/xmy.ch\\\/fr\\\/#\\\/schema\\\/logo\\\/image\\\/\"},\"sameAs\":[\"https:\\\/\\\/www.facebook.com\\\/xmy.sagl\",\"https:\\\/\\\/www.instagram.com\\\/xmy.sagl\\\/\"]}]}<\/script>\n<!-- \/ Yoast SEO Premium plugin. -->","yoast_head_json":{"title":"Veste Polartec High Loft Wild Oyster - chaude et l\u00e9g\u00e8re","description":"D\u00e9couvrez la Veste Polartec High Loft Wild Oyster, douceur et chaleur pour vos superpositions. Commandez d\u00e8s maintenant et restez au chaud avec style.","robots":{"index":"index","follow":"follow","max-snippet":"max-snippet:-1","max-image-preview":"max-image-preview:large","max-video-preview":"max-video-preview:-1"},"canonical":"https:\/\/xmy.ch\/fr\/prodotto\/veste-w-polartec-high-loft-wild-oyster\/","og_locale":"fr_FR","og_type":"article","og_title":"Veste Polartec High Loft Wild Oyster - chaleur l\u00e9g\u00e8re","og_description":"Commandez la veste Polartec High Loft et restez au chaud avec style.","og_url":"https:\/\/xmy.ch\/fr\/prodotto\/veste-w-polartec-high-loft-wild-oyster\/","og_site_name":"Xmy Sagl","article_publisher":"https:\/\/www.facebook.com\/xmy.sagl","og_image":[{"width":1024,"height":1024,"url":"https:\/\/xmy.ch\/wp-content\/uploads\/2023\/11\/Mountain-Hardwear-W-Polartec\u00ae-High-Loft\u2122-Jacket-wild-oyster-248-Main.jpg","type":"image\/jpeg"}],"twitter_card":"summary_large_image","twitter_title":"Veste Polartec High Loft Wild Oyster - confort maximal","twitter_description":"Achetez la veste Polartec High Loft et am\u00e9liorez votre layering d\u00e8s aujourd'hui.","twitter_misc":{"Dur\u00e9e de lecture estim\u00e9e":"2 minutes"},"schema":{"@context":"https:\/\/schema.org","@graph":[{"@type":"WebPage","@id":"https:\/\/xmy.ch\/fr\/prodotto\/veste-w-polartec-high-loft-wild-oyster\/","url":"https:\/\/xmy.ch\/fr\/prodotto\/veste-w-polartec-high-loft-wild-oyster\/","name":"Veste Polartec High Loft Wild Oyster - chaude et l\u00e9g\u00e8re","isPartOf":{"@id":"https:\/\/xmy.ch\/fr\/#website"},"primaryImageOfPage":{"@id":"https:\/\/xmy.ch\/fr\/prodotto\/veste-w-polartec-high-loft-wild-oyster\/#primaryimage"},"image":{"@id":"https:\/\/xmy.ch\/fr\/prodotto\/veste-w-polartec-high-loft-wild-oyster\/#primaryimage"},"thumbnailUrl":"https:\/\/xmy.ch\/wp-content\/uploads\/2023\/11\/Mountain-Hardwear-W-Polartec\u00ae-High-Loft\u2122-Jacket-wild-oyster-248-Main.jpg","datePublished":"2023-11-04T17:02:00+00:00","description":"D\u00e9couvrez la Veste Polartec High Loft Wild Oyster, douceur et chaleur pour vos superpositions. Commandez d\u00e8s maintenant et restez au chaud avec style.","breadcrumb":{"@id":"https:\/\/xmy.ch\/fr\/prodotto\/veste-w-polartec-high-loft-wild-oyster\/#breadcrumb"},"inLanguage":"fr-FR","potentialAction":[{"@type":"ReadAction","target":["https:\/\/xmy.ch\/fr\/prodotto\/veste-w-polartec-high-loft-wild-oyster\/"]}]},{"@type":"ImageObject","inLanguage":"fr-FR","@id":"https:\/\/xmy.ch\/fr\/prodotto\/veste-w-polartec-high-loft-wild-oyster\/#primaryimage","url":"https:\/\/xmy.ch\/wp-content\/uploads\/2023\/11\/Mountain-Hardwear-W-Polartec\u00ae-High-Loft\u2122-Jacket-wild-oyster-248-Main.jpg","contentUrl":"https:\/\/xmy.ch\/wp-content\/uploads\/2023\/11\/Mountain-Hardwear-W-Polartec\u00ae-High-Loft\u2122-Jacket-wild-oyster-248-Main.jpg","width":1024,"height":1024},{"@type":"BreadcrumbList","@id":"https:\/\/xmy.ch\/fr\/prodotto\/veste-w-polartec-high-loft-wild-oyster\/#breadcrumb","itemListElement":[{"@type":"ListItem","position":1,"name":"Home","item":"https:\/\/xmy.ch\/fr\/"},{"@type":"ListItem","position":2,"name":"Boutique","item":"https:\/\/xmy.ch\/fr\/boutique\/"},{"@type":"ListItem","position":3,"name":"Veste W Polartec\u00ae High Loft\u2122 Wild Oyster"}]},{"@type":"WebSite","@id":"https:\/\/xmy.ch\/fr\/#website","url":"https:\/\/xmy.ch\/fr\/","name":"Xmy Sagl","description":"","publisher":{"@id":"https:\/\/xmy.ch\/fr\/#organization"},"potentialAction":[{"@type":"SearchAction","target":{"@type":"EntryPoint","urlTemplate":"https:\/\/xmy.ch\/fr\/?s={search_term_string}"},"query-input":{"@type":"PropertyValueSpecification","valueRequired":true,"valueName":"search_term_string"}}],"inLanguage":"fr-FR"},{"@type":"Organization","@id":"https:\/\/xmy.ch\/fr\/#organization","name":"Xmy Sagl","url":"https:\/\/xmy.ch\/fr\/","logo":{"@type":"ImageObject","inLanguage":"fr-FR","@id":"https:\/\/xmy.ch\/fr\/#\/schema\/logo\/image\/","url":"https:\/\/xmy.ch\/wp-content\/uploads\/2024\/02\/XMY_UNI_B.webp","contentUrl":"https:\/\/xmy.ch\/wp-content\/uploads\/2024\/02\/XMY_UNI_B.webp","width":1459,"height":421,"caption":"Xmy Sagl"},"image":{"@id":"https:\/\/xmy.ch\/fr\/#\/schema\/logo\/image\/"},"sameAs":["https:\/\/www.facebook.com\/xmy.sagl","https:\/\/www.instagram.com\/xmy.sagl\/"]}]}},"_links":{"self":[{"href":"https:\/\/xmy.ch\/fr\/wp-json\/wp\/v2\/product\/6215","targetHints":{"allow":["GET"]}}],"collection":[{"href":"https:\/\/xmy.ch\/fr\/wp-json\/wp\/v2\/product"}],"about":[{"href":"https:\/\/xmy.ch\/fr\/wp-json\/wp\/v2\/types\/product"}],"replies":[{"embeddable":true,"href":"https:\/\/xmy.ch\/fr\/wp-json\/wp\/v2\/comments?post=6215"}],"wp:featuredmedia":[{"embeddable":true,"href":"https:\/\/xmy.ch\/fr\/wp-json\/wp\/v2\/media\/4132"}],"wp:attachment":[{"href":"https:\/\/xmy.ch\/fr\/wp-json\/wp\/v2\/media?parent=6215"}],"wp:term":[{"taxonomy":"product_brand","embeddable":true,"href":"https:\/\/xmy.ch\/fr\/wp-json\/wp\/v2\/product_brand?post=6215"},{"taxonomy":"product_cat","embeddable":true,"href":"https:\/\/xmy.ch\/fr\/wp-json\/wp\/v2\/product_cat?post=6215"},{"taxonomy":"product_tag","embeddable":true,"href":"https:\/\/xmy.ch\/fr\/wp-json\/wp\/v2\/product_tag?post=6215"}],"curies":[{"name":"wp","href":"https:\/\/api.w.org\/{rel}","templated":true}]}}