{"id":6167,"date":"2023-11-04T15:36:00","date_gmt":"2023-11-04T14:36:00","guid":{"rendered":"https:\/\/xmy.ch\/prodotto\/performance-ss-tshirt-homme-autumn-glory-hawaiian-glory\/"},"modified":"2023-11-04T15:36:00","modified_gmt":"2023-11-04T14:36:00","slug":"performance-ss-tshirt-homme-autumn-glory-hawaiian-glory","status":"publish","type":"product","link":"https:\/\/xmy.ch\/fr\/prodotto\/performance-ss-tshirt-homme-autumn-glory-hawaiian-glory\/","title":{"rendered":"Performance SS Tshirt Homme Autumn Glory\/Hawaiian Glory"},"content":{"rendered":"<p>Maillot de course haute performance en microfibre douce et sans couture avec ventilation int\u00e9gr\u00e9e pour les entra\u00eenements et les courses intenses.<\/p>\n<p>Plus l\u00e9ger que notre T-shirt Training SS mais l\u00e9g\u00e8rement plus \u00e9pais que le mod\u00e8le Racing, le T-shirt Performance SS \u00e0 manches courtes allie fonctionnalit\u00e9 et l\u00e9g\u00e8ret\u00e9, pr\u00eat \u00e0 affronter l&rsquo;intensit\u00e9 de l&rsquo;entra\u00eenement et les rigueurs de la course avec le m\u00eame enthousiasme. Sp\u00e9cialement con\u00e7u pour un confort et une douceur extr\u00eames, il fait partie de ces T-shirts que l&rsquo;on sent \u00e0 peine une fois port\u00e9s. Le tissu en microfibre et la conception sans couture permettent de contr\u00f4ler les frottements, les irritations et les odeurs associ\u00e9s \u00e0 l&rsquo;activit\u00e9 sportive. Des lignes d&rsquo;a\u00e9ration en maille fine sont int\u00e9gr\u00e9es sur le devant, le dos et le long de la manche pour une ventilation optimale. La sueur et l&rsquo;humidit\u00e9 sont rapidement \u00e9vacu\u00e9es pour vous garder au sec et sans irritation, m\u00eame pendant les entra\u00eenements les plus intenses. La coupe r\u00e9guli\u00e8re permet de ne pas avoir \u00e0 se serrer la ceinture. L&rsquo;encolure ronde adh\u00e8re parfaitement \u00e0 la peau, tandis que les manches redessin\u00e9es lib\u00e8rent la zone de l&rsquo;\u00e9paule, ce qui permet d&rsquo;effectuer des mouvements amples. Le tissu est compos\u00e9 de fibres teint\u00e9es pour une plus grande durabilit\u00e9. Le motif \u00e0 rayures asym\u00e9triques sur les manches et les hanches ajoute une touche de classe \u00e0 la performance. Que vous vous promeniez dans le quartier ou que vous participiez \u00e0 une course, vous ne pouvez pas vous tromper en optant pour la chemise polyvalente Performance SS Shirt !<\/p>\n<p>92% Polyamide 8% Elasthanne<\/p>\n<p><img decoding=\"async\" class=\"w-50 my-2\" src=\"https:\/\/www.compressport.com\/ch\/img\/prods_entretien.png\"><\/p>\n","protected":false},"excerpt":{"rendered":"<p>Maillot de course haute performance en microfibre douce et sans couture avec ventilation int\u00e9gr\u00e9e pour les entra\u00eenements et les courses intenses.<\/p>\n","protected":false},"featured_media":3778,"comment_status":"open","ping_status":"closed","template":"","meta":[],"product_brand":[],"product_cat":[343],"product_tag":[259],"class_list":{"0":"post-6167","1":"product","2":"type-product","3":"status-publish","4":"has-post-thumbnail","6":"product_cat-t-shirts-fr","7":"product_tag-lhomme","9":"first","10":"instock","11":"taxable","12":"shipping-taxable","13":"purchasable","14":"product-type-variable"},"yoast_head":"<!-- This site is optimized with the Yoast SEO Premium plugin v27.5 (Yoast SEO v27.5) - https:\/\/yoast.com\/product\/yoast-seo-premium-wordpress\/ -->\n<title>T-shirt Performance Haute - Ventilation et L\u00e9g\u00e8ret\u00e9 pour Entra\u00eenements<\/title>\n<meta name=\"description\" content=\"T-shirt Performance offre une microfibre douce et une ventilation int\u00e9gr\u00e9e pour les entra\u00eenements intenses. D\u00e9couvrez ce maillot chez Xmy Sagl et commandez d\u00e8s maintenant.\" \/>\n<meta name=\"robots\" content=\"index, follow, max-snippet:-1, max-image-preview:large, max-video-preview:-1\" \/>\n<link rel=\"canonical\" href=\"https:\/\/xmy.ch\/fr\/prodotto\/performance-ss-tshirt-homme-autumn-glory-hawaiian-glory\/\" \/>\n<meta property=\"og:locale\" content=\"fr_FR\" \/>\n<meta property=\"og:type\" content=\"article\" \/>\n<meta property=\"og:title\" content=\"T-shirt Performance: Ventilation et L\u00e9g\u00e8ret\u00e9\" \/>\n<meta property=\"og:description\" content=\"Boostez vos entra\u00eenements avec Performance. Commandez d\u00e8s maintenant chez Xmy Sagl.\" \/>\n<meta property=\"og:url\" content=\"https:\/\/xmy.ch\/fr\/prodotto\/performance-ss-tshirt-homme-autumn-glory-hawaiian-glory\/\" \/>\n<meta property=\"og:site_name\" content=\"Xmy Sagl\" \/>\n<meta property=\"article:publisher\" content=\"https:\/\/www.facebook.com\/xmy.sagl\" \/>\n<meta property=\"og:image\" content=\"https:\/\/xmy.ch\/wp-content\/uploads\/2023\/10\/compressport-performance-t-shirt-autumn-glory-hawaiian-ocean.jpg\" \/>\n\t<meta property=\"og:image:width\" content=\"720\" \/>\n\t<meta property=\"og:image:height\" content=\"720\" \/>\n\t<meta property=\"og:image:type\" content=\"image\/jpeg\" \/>\n<meta name=\"twitter:card\" content=\"summary_large_image\" \/>\n<meta name=\"twitter:title\" content=\"Performance T-shirt: L\u00e9g\u00e8ret\u00e9 et ventilation\" \/>\n<meta name=\"twitter:description\" content=\"Am\u00e9liorez vos courses avec le T-shirt Performance. Achetez maintenant sur Xmy Sagl.\" \/>\n<meta name=\"twitter:label1\" content=\"Dur\u00e9e de lecture estim\u00e9e\" \/>\n\t<meta name=\"twitter:data1\" content=\"1 minute\" \/>\n<script type=\"application\/ld+json\" class=\"yoast-schema-graph\">{\"@context\":\"https:\\\/\\\/schema.org\",\"@graph\":[{\"@type\":\"WebPage\",\"@id\":\"https:\\\/\\\/xmy.ch\\\/fr\\\/prodotto\\\/performance-ss-tshirt-homme-autumn-glory-hawaiian-glory\\\/\",\"url\":\"https:\\\/\\\/xmy.ch\\\/fr\\\/prodotto\\\/performance-ss-tshirt-homme-autumn-glory-hawaiian-glory\\\/\",\"name\":\"T-shirt Performance Haute - Ventilation et L\u00e9g\u00e8ret\u00e9 pour Entra\u00eenements\",\"isPartOf\":{\"@id\":\"https:\\\/\\\/xmy.ch\\\/fr\\\/#website\"},\"primaryImageOfPage\":{\"@id\":\"https:\\\/\\\/xmy.ch\\\/fr\\\/prodotto\\\/performance-ss-tshirt-homme-autumn-glory-hawaiian-glory\\\/#primaryimage\"},\"image\":{\"@id\":\"https:\\\/\\\/xmy.ch\\\/fr\\\/prodotto\\\/performance-ss-tshirt-homme-autumn-glory-hawaiian-glory\\\/#primaryimage\"},\"thumbnailUrl\":\"https:\\\/\\\/xmy.ch\\\/wp-content\\\/uploads\\\/2023\\\/10\\\/compressport-performance-t-shirt-autumn-glory-hawaiian-ocean.jpg\",\"datePublished\":\"2023-11-04T14:36:00+00:00\",\"description\":\"T-shirt Performance offre une microfibre douce et une ventilation int\u00e9gr\u00e9e pour les entra\u00eenements intenses. D\u00e9couvrez ce maillot chez Xmy Sagl et commandez d\u00e8s maintenant.\",\"breadcrumb\":{\"@id\":\"https:\\\/\\\/xmy.ch\\\/fr\\\/prodotto\\\/performance-ss-tshirt-homme-autumn-glory-hawaiian-glory\\\/#breadcrumb\"},\"inLanguage\":\"fr-FR\",\"potentialAction\":[{\"@type\":\"ReadAction\",\"target\":[\"https:\\\/\\\/xmy.ch\\\/fr\\\/prodotto\\\/performance-ss-tshirt-homme-autumn-glory-hawaiian-glory\\\/\"]}]},{\"@type\":\"ImageObject\",\"inLanguage\":\"fr-FR\",\"@id\":\"https:\\\/\\\/xmy.ch\\\/fr\\\/prodotto\\\/performance-ss-tshirt-homme-autumn-glory-hawaiian-glory\\\/#primaryimage\",\"url\":\"https:\\\/\\\/xmy.ch\\\/wp-content\\\/uploads\\\/2023\\\/10\\\/compressport-performance-t-shirt-autumn-glory-hawaiian-ocean.jpg\",\"contentUrl\":\"https:\\\/\\\/xmy.ch\\\/wp-content\\\/uploads\\\/2023\\\/10\\\/compressport-performance-t-shirt-autumn-glory-hawaiian-ocean.jpg\",\"width\":720,\"height\":720},{\"@type\":\"BreadcrumbList\",\"@id\":\"https:\\\/\\\/xmy.ch\\\/fr\\\/prodotto\\\/performance-ss-tshirt-homme-autumn-glory-hawaiian-glory\\\/#breadcrumb\",\"itemListElement\":[{\"@type\":\"ListItem\",\"position\":1,\"name\":\"Home\",\"item\":\"https:\\\/\\\/xmy.ch\\\/fr\\\/\"},{\"@type\":\"ListItem\",\"position\":2,\"name\":\"Boutique\",\"item\":\"https:\\\/\\\/xmy.ch\\\/fr\\\/boutique\\\/\"},{\"@type\":\"ListItem\",\"position\":3,\"name\":\"Performance SS Tshirt Homme Autumn Glory\\\/Hawaiian Glory\"}]},{\"@type\":\"WebSite\",\"@id\":\"https:\\\/\\\/xmy.ch\\\/fr\\\/#website\",\"url\":\"https:\\\/\\\/xmy.ch\\\/fr\\\/\",\"name\":\"Xmy Sagl\",\"description\":\"\",\"publisher\":{\"@id\":\"https:\\\/\\\/xmy.ch\\\/fr\\\/#organization\"},\"potentialAction\":[{\"@type\":\"SearchAction\",\"target\":{\"@type\":\"EntryPoint\",\"urlTemplate\":\"https:\\\/\\\/xmy.ch\\\/fr\\\/?s={search_term_string}\"},\"query-input\":{\"@type\":\"PropertyValueSpecification\",\"valueRequired\":true,\"valueName\":\"search_term_string\"}}],\"inLanguage\":\"fr-FR\"},{\"@type\":\"Organization\",\"@id\":\"https:\\\/\\\/xmy.ch\\\/fr\\\/#organization\",\"name\":\"Xmy Sagl\",\"url\":\"https:\\\/\\\/xmy.ch\\\/fr\\\/\",\"logo\":{\"@type\":\"ImageObject\",\"inLanguage\":\"fr-FR\",\"@id\":\"https:\\\/\\\/xmy.ch\\\/fr\\\/#\\\/schema\\\/logo\\\/image\\\/\",\"url\":\"https:\\\/\\\/xmy.ch\\\/wp-content\\\/uploads\\\/2024\\\/02\\\/XMY_UNI_B.webp\",\"contentUrl\":\"https:\\\/\\\/xmy.ch\\\/wp-content\\\/uploads\\\/2024\\\/02\\\/XMY_UNI_B.webp\",\"width\":1459,\"height\":421,\"caption\":\"Xmy Sagl\"},\"image\":{\"@id\":\"https:\\\/\\\/xmy.ch\\\/fr\\\/#\\\/schema\\\/logo\\\/image\\\/\"},\"sameAs\":[\"https:\\\/\\\/www.facebook.com\\\/xmy.sagl\",\"https:\\\/\\\/www.instagram.com\\\/xmy.sagl\\\/\"]}]}<\/script>\n<!-- \/ Yoast SEO Premium plugin. -->","yoast_head_json":{"title":"T-shirt Performance Haute - Ventilation et L\u00e9g\u00e8ret\u00e9 pour Entra\u00eenements","description":"T-shirt Performance offre une microfibre douce et une ventilation int\u00e9gr\u00e9e pour les entra\u00eenements intenses. D\u00e9couvrez ce maillot chez Xmy Sagl et commandez d\u00e8s maintenant.","robots":{"index":"index","follow":"follow","max-snippet":"max-snippet:-1","max-image-preview":"max-image-preview:large","max-video-preview":"max-video-preview:-1"},"canonical":"https:\/\/xmy.ch\/fr\/prodotto\/performance-ss-tshirt-homme-autumn-glory-hawaiian-glory\/","og_locale":"fr_FR","og_type":"article","og_title":"T-shirt Performance: Ventilation et L\u00e9g\u00e8ret\u00e9","og_description":"Boostez vos entra\u00eenements avec Performance. Commandez d\u00e8s maintenant chez Xmy Sagl.","og_url":"https:\/\/xmy.ch\/fr\/prodotto\/performance-ss-tshirt-homme-autumn-glory-hawaiian-glory\/","og_site_name":"Xmy Sagl","article_publisher":"https:\/\/www.facebook.com\/xmy.sagl","og_image":[{"width":720,"height":720,"url":"https:\/\/xmy.ch\/wp-content\/uploads\/2023\/10\/compressport-performance-t-shirt-autumn-glory-hawaiian-ocean.jpg","type":"image\/jpeg"}],"twitter_card":"summary_large_image","twitter_title":"Performance T-shirt: L\u00e9g\u00e8ret\u00e9 et ventilation","twitter_description":"Am\u00e9liorez vos courses avec le T-shirt Performance. Achetez maintenant sur Xmy Sagl.","twitter_misc":{"Dur\u00e9e de lecture estim\u00e9e":"1 minute"},"schema":{"@context":"https:\/\/schema.org","@graph":[{"@type":"WebPage","@id":"https:\/\/xmy.ch\/fr\/prodotto\/performance-ss-tshirt-homme-autumn-glory-hawaiian-glory\/","url":"https:\/\/xmy.ch\/fr\/prodotto\/performance-ss-tshirt-homme-autumn-glory-hawaiian-glory\/","name":"T-shirt Performance Haute - Ventilation et L\u00e9g\u00e8ret\u00e9 pour Entra\u00eenements","isPartOf":{"@id":"https:\/\/xmy.ch\/fr\/#website"},"primaryImageOfPage":{"@id":"https:\/\/xmy.ch\/fr\/prodotto\/performance-ss-tshirt-homme-autumn-glory-hawaiian-glory\/#primaryimage"},"image":{"@id":"https:\/\/xmy.ch\/fr\/prodotto\/performance-ss-tshirt-homme-autumn-glory-hawaiian-glory\/#primaryimage"},"thumbnailUrl":"https:\/\/xmy.ch\/wp-content\/uploads\/2023\/10\/compressport-performance-t-shirt-autumn-glory-hawaiian-ocean.jpg","datePublished":"2023-11-04T14:36:00+00:00","description":"T-shirt Performance offre une microfibre douce et une ventilation int\u00e9gr\u00e9e pour les entra\u00eenements intenses. D\u00e9couvrez ce maillot chez Xmy Sagl et commandez d\u00e8s maintenant.","breadcrumb":{"@id":"https:\/\/xmy.ch\/fr\/prodotto\/performance-ss-tshirt-homme-autumn-glory-hawaiian-glory\/#breadcrumb"},"inLanguage":"fr-FR","potentialAction":[{"@type":"ReadAction","target":["https:\/\/xmy.ch\/fr\/prodotto\/performance-ss-tshirt-homme-autumn-glory-hawaiian-glory\/"]}]},{"@type":"ImageObject","inLanguage":"fr-FR","@id":"https:\/\/xmy.ch\/fr\/prodotto\/performance-ss-tshirt-homme-autumn-glory-hawaiian-glory\/#primaryimage","url":"https:\/\/xmy.ch\/wp-content\/uploads\/2023\/10\/compressport-performance-t-shirt-autumn-glory-hawaiian-ocean.jpg","contentUrl":"https:\/\/xmy.ch\/wp-content\/uploads\/2023\/10\/compressport-performance-t-shirt-autumn-glory-hawaiian-ocean.jpg","width":720,"height":720},{"@type":"BreadcrumbList","@id":"https:\/\/xmy.ch\/fr\/prodotto\/performance-ss-tshirt-homme-autumn-glory-hawaiian-glory\/#breadcrumb","itemListElement":[{"@type":"ListItem","position":1,"name":"Home","item":"https:\/\/xmy.ch\/fr\/"},{"@type":"ListItem","position":2,"name":"Boutique","item":"https:\/\/xmy.ch\/fr\/boutique\/"},{"@type":"ListItem","position":3,"name":"Performance SS Tshirt Homme Autumn Glory\/Hawaiian Glory"}]},{"@type":"WebSite","@id":"https:\/\/xmy.ch\/fr\/#website","url":"https:\/\/xmy.ch\/fr\/","name":"Xmy Sagl","description":"","publisher":{"@id":"https:\/\/xmy.ch\/fr\/#organization"},"potentialAction":[{"@type":"SearchAction","target":{"@type":"EntryPoint","urlTemplate":"https:\/\/xmy.ch\/fr\/?s={search_term_string}"},"query-input":{"@type":"PropertyValueSpecification","valueRequired":true,"valueName":"search_term_string"}}],"inLanguage":"fr-FR"},{"@type":"Organization","@id":"https:\/\/xmy.ch\/fr\/#organization","name":"Xmy Sagl","url":"https:\/\/xmy.ch\/fr\/","logo":{"@type":"ImageObject","inLanguage":"fr-FR","@id":"https:\/\/xmy.ch\/fr\/#\/schema\/logo\/image\/","url":"https:\/\/xmy.ch\/wp-content\/uploads\/2024\/02\/XMY_UNI_B.webp","contentUrl":"https:\/\/xmy.ch\/wp-content\/uploads\/2024\/02\/XMY_UNI_B.webp","width":1459,"height":421,"caption":"Xmy Sagl"},"image":{"@id":"https:\/\/xmy.ch\/fr\/#\/schema\/logo\/image\/"},"sameAs":["https:\/\/www.facebook.com\/xmy.sagl","https:\/\/www.instagram.com\/xmy.sagl\/"]}]}},"_links":{"self":[{"href":"https:\/\/xmy.ch\/fr\/wp-json\/wp\/v2\/product\/6167","targetHints":{"allow":["GET"]}}],"collection":[{"href":"https:\/\/xmy.ch\/fr\/wp-json\/wp\/v2\/product"}],"about":[{"href":"https:\/\/xmy.ch\/fr\/wp-json\/wp\/v2\/types\/product"}],"replies":[{"embeddable":true,"href":"https:\/\/xmy.ch\/fr\/wp-json\/wp\/v2\/comments?post=6167"}],"wp:featuredmedia":[{"embeddable":true,"href":"https:\/\/xmy.ch\/fr\/wp-json\/wp\/v2\/media\/3778"}],"wp:attachment":[{"href":"https:\/\/xmy.ch\/fr\/wp-json\/wp\/v2\/media?parent=6167"}],"wp:term":[{"taxonomy":"product_brand","embeddable":true,"href":"https:\/\/xmy.ch\/fr\/wp-json\/wp\/v2\/product_brand?post=6167"},{"taxonomy":"product_cat","embeddable":true,"href":"https:\/\/xmy.ch\/fr\/wp-json\/wp\/v2\/product_cat?post=6167"},{"taxonomy":"product_tag","embeddable":true,"href":"https:\/\/xmy.ch\/fr\/wp-json\/wp\/v2\/product_tag?post=6167"}],"curies":[{"name":"wp","href":"https:\/\/api.w.org\/{rel}","templated":true}]}}