{"id":6165,"date":"2023-11-04T16:08:00","date_gmt":"2023-11-04T15:08:00","guid":{"rendered":"https:\/\/xmy.ch\/prodotto\/chemise-performance-ss-homme-aloy-citrus\/"},"modified":"2023-11-04T16:08:00","modified_gmt":"2023-11-04T15:08:00","slug":"chemise-performance-ss-homme-aloy-citrus","status":"publish","type":"product","link":"https:\/\/xmy.ch\/fr\/prodotto\/chemise-performance-ss-homme-aloy-citrus\/","title":{"rendered":"Chemise Performance SS Homme Aloy\/Citrus"},"content":{"rendered":"<p>Maillot de course haute performance en microfibre douce et sans couture avec ventilation int\u00e9gr\u00e9e pour les entra\u00eenements et les courses intenses.<\/p>\n<p>Plus l\u00e9ger que notre T-shirt Training SS mais l\u00e9g\u00e8rement plus \u00e9pais que le mod\u00e8le Racing, le T-shirt Performance SS \u00e0 manches courtes allie fonctionnalit\u00e9 et l\u00e9g\u00e8ret\u00e9, pr\u00eat \u00e0 affronter l&rsquo;intensit\u00e9 de l&rsquo;entra\u00eenement et les rigueurs de la course avec le m\u00eame enthousiasme. Sp\u00e9cialement con\u00e7u pour un confort et une douceur extr\u00eames, il fait partie de ces T-shirts que l&rsquo;on sent \u00e0 peine une fois port\u00e9s. Le tissu en microfibre et la conception sans couture permettent de contr\u00f4ler les frottements, les irritations et les odeurs associ\u00e9s \u00e0 l&rsquo;activit\u00e9 sportive. Des lignes d&rsquo;a\u00e9ration en maille fine sont int\u00e9gr\u00e9es sur le devant, le dos et le long de la manche pour une ventilation optimale. La sueur et l&rsquo;humidit\u00e9 sont rapidement \u00e9vacu\u00e9es pour vous garder au sec et sans irritation, m\u00eame pendant les entra\u00eenements les plus intenses. La coupe r\u00e9guli\u00e8re permet de ne pas avoir \u00e0 se serrer la ceinture. L&rsquo;encolure ronde adh\u00e8re parfaitement \u00e0 la peau, tandis que les manches redessin\u00e9es lib\u00e8rent la zone de l&rsquo;\u00e9paule, ce qui permet d&rsquo;effectuer des mouvements amples. Le tissu est compos\u00e9 de fibres teint\u00e9es pour une plus grande durabilit\u00e9. Le motif \u00e0 rayures asym\u00e9triques sur les manches et les hanches ajoute une touche de classe \u00e0 la performance. Que vous vous promeniez dans le quartier ou que vous participiez \u00e0 une course, vous ne pouvez pas vous tromper en choisissant la chemise polyvalente Performance SS Shirt !<\/p>\n<p>92% Polyamide 8% Elasthanne<\/p>\n<p><img decoding=\"async\" class=\"w-50 my-2\" src=\"https:\/\/www.compressport.com\/ch\/img\/prods_entretien.png\"><\/p>\n","protected":false},"excerpt":{"rendered":"<p>Maillot de course haute performance en microfibre douce et sans couture avec ventilation int\u00e9gr\u00e9e pour les entra\u00eenements et les courses intenses.<\/p>\n","protected":false},"featured_media":3777,"comment_status":"open","ping_status":"closed","template":"","meta":[],"product_brand":[],"product_cat":[343],"product_tag":[259],"class_list":{"0":"post-6165","1":"product","2":"type-product","3":"status-publish","4":"has-post-thumbnail","6":"product_cat-t-shirts-fr","7":"product_tag-lhomme","9":"first","10":"instock","11":"taxable","12":"shipping-taxable","13":"purchasable","14":"product-type-variable"},"yoast_head":"<!-- This site is optimized with the Yoast SEO Premium plugin v27.5 (Yoast SEO v27.5) - https:\/\/yoast.com\/product\/yoast-seo-premium-wordpress\/ -->\n<title>Performance SS Chemise Aloy\/Citrus \u2013 T-shirt course l\u00e9ger<\/title>\n<meta name=\"description\" content=\"D\u00e9couvrez la Performance SS, chemise running en microfibre sans couture avec ventilation int\u00e9gr\u00e9e pour entra\u00eenement intense. Achetez-la maintenant.\" \/>\n<meta name=\"robots\" content=\"index, follow, max-snippet:-1, max-image-preview:large, max-video-preview:-1\" \/>\n<link rel=\"canonical\" href=\"https:\/\/xmy.ch\/fr\/prodotto\/chemise-performance-ss-homme-aloy-citrus\/\" \/>\n<meta property=\"og:locale\" content=\"fr_FR\" \/>\n<meta property=\"og:type\" content=\"article\" \/>\n<meta property=\"og:title\" content=\"Performance SS Chemise Aloy\/Citrus \u2013 Course &amp; Entra\u00eenement\" \/>\n<meta property=\"og:description\" content=\"Passez \u00e0 la vitesse sup\u00e9rieure avec la Performance SS. Commandez d\u00e8s aujourd&#039;hui.\" \/>\n<meta property=\"og:url\" content=\"https:\/\/xmy.ch\/fr\/prodotto\/chemise-performance-ss-homme-aloy-citrus\/\" \/>\n<meta property=\"og:site_name\" content=\"Xmy Sagl\" \/>\n<meta property=\"article:publisher\" content=\"https:\/\/www.facebook.com\/xmy.sagl\" \/>\n<meta property=\"og:image\" content=\"https:\/\/xmy.ch\/wp-content\/uploads\/2023\/10\/Alloy.png\" \/>\n\t<meta property=\"og:image:width\" content=\"549\" \/>\n\t<meta property=\"og:image:height\" content=\"712\" \/>\n\t<meta property=\"og:image:type\" content=\"image\/png\" \/>\n<meta name=\"twitter:card\" content=\"summary_large_image\" \/>\n<meta name=\"twitter:title\" content=\"Chemise Performance SS Aloy\/Citrus \u2013 Running Ultra L\u00e9ger\" \/>\n<meta name=\"twitter:description\" content=\"Optimisez vos runs avec cette chemise sans couture. Commandez.\" \/>\n<meta name=\"twitter:label1\" content=\"Dur\u00e9e de lecture estim\u00e9e\" \/>\n\t<meta name=\"twitter:data1\" content=\"1 minute\" \/>\n<script type=\"application\/ld+json\" class=\"yoast-schema-graph\">{\"@context\":\"https:\\\/\\\/schema.org\",\"@graph\":[{\"@type\":\"WebPage\",\"@id\":\"https:\\\/\\\/xmy.ch\\\/fr\\\/prodotto\\\/chemise-performance-ss-homme-aloy-citrus\\\/\",\"url\":\"https:\\\/\\\/xmy.ch\\\/fr\\\/prodotto\\\/chemise-performance-ss-homme-aloy-citrus\\\/\",\"name\":\"Performance SS Chemise Aloy\\\/Citrus \u2013 T-shirt course l\u00e9ger\",\"isPartOf\":{\"@id\":\"https:\\\/\\\/xmy.ch\\\/fr\\\/#website\"},\"primaryImageOfPage\":{\"@id\":\"https:\\\/\\\/xmy.ch\\\/fr\\\/prodotto\\\/chemise-performance-ss-homme-aloy-citrus\\\/#primaryimage\"},\"image\":{\"@id\":\"https:\\\/\\\/xmy.ch\\\/fr\\\/prodotto\\\/chemise-performance-ss-homme-aloy-citrus\\\/#primaryimage\"},\"thumbnailUrl\":\"https:\\\/\\\/xmy.ch\\\/wp-content\\\/uploads\\\/2023\\\/10\\\/Alloy.png\",\"datePublished\":\"2023-11-04T15:08:00+00:00\",\"description\":\"D\u00e9couvrez la Performance SS, chemise running en microfibre sans couture avec ventilation int\u00e9gr\u00e9e pour entra\u00eenement intense. Achetez-la maintenant.\",\"breadcrumb\":{\"@id\":\"https:\\\/\\\/xmy.ch\\\/fr\\\/prodotto\\\/chemise-performance-ss-homme-aloy-citrus\\\/#breadcrumb\"},\"inLanguage\":\"fr-FR\",\"potentialAction\":[{\"@type\":\"ReadAction\",\"target\":[\"https:\\\/\\\/xmy.ch\\\/fr\\\/prodotto\\\/chemise-performance-ss-homme-aloy-citrus\\\/\"]}]},{\"@type\":\"ImageObject\",\"inLanguage\":\"fr-FR\",\"@id\":\"https:\\\/\\\/xmy.ch\\\/fr\\\/prodotto\\\/chemise-performance-ss-homme-aloy-citrus\\\/#primaryimage\",\"url\":\"https:\\\/\\\/xmy.ch\\\/wp-content\\\/uploads\\\/2023\\\/10\\\/Alloy.png\",\"contentUrl\":\"https:\\\/\\\/xmy.ch\\\/wp-content\\\/uploads\\\/2023\\\/10\\\/Alloy.png\",\"width\":549,\"height\":712},{\"@type\":\"BreadcrumbList\",\"@id\":\"https:\\\/\\\/xmy.ch\\\/fr\\\/prodotto\\\/chemise-performance-ss-homme-aloy-citrus\\\/#breadcrumb\",\"itemListElement\":[{\"@type\":\"ListItem\",\"position\":1,\"name\":\"Home\",\"item\":\"https:\\\/\\\/xmy.ch\\\/fr\\\/\"},{\"@type\":\"ListItem\",\"position\":2,\"name\":\"Boutique\",\"item\":\"https:\\\/\\\/xmy.ch\\\/fr\\\/boutique\\\/\"},{\"@type\":\"ListItem\",\"position\":3,\"name\":\"Chemise Performance SS Homme Aloy\\\/Citrus\"}]},{\"@type\":\"WebSite\",\"@id\":\"https:\\\/\\\/xmy.ch\\\/fr\\\/#website\",\"url\":\"https:\\\/\\\/xmy.ch\\\/fr\\\/\",\"name\":\"Xmy Sagl\",\"description\":\"\",\"publisher\":{\"@id\":\"https:\\\/\\\/xmy.ch\\\/fr\\\/#organization\"},\"potentialAction\":[{\"@type\":\"SearchAction\",\"target\":{\"@type\":\"EntryPoint\",\"urlTemplate\":\"https:\\\/\\\/xmy.ch\\\/fr\\\/?s={search_term_string}\"},\"query-input\":{\"@type\":\"PropertyValueSpecification\",\"valueRequired\":true,\"valueName\":\"search_term_string\"}}],\"inLanguage\":\"fr-FR\"},{\"@type\":\"Organization\",\"@id\":\"https:\\\/\\\/xmy.ch\\\/fr\\\/#organization\",\"name\":\"Xmy Sagl\",\"url\":\"https:\\\/\\\/xmy.ch\\\/fr\\\/\",\"logo\":{\"@type\":\"ImageObject\",\"inLanguage\":\"fr-FR\",\"@id\":\"https:\\\/\\\/xmy.ch\\\/fr\\\/#\\\/schema\\\/logo\\\/image\\\/\",\"url\":\"https:\\\/\\\/xmy.ch\\\/wp-content\\\/uploads\\\/2024\\\/02\\\/XMY_UNI_B.webp\",\"contentUrl\":\"https:\\\/\\\/xmy.ch\\\/wp-content\\\/uploads\\\/2024\\\/02\\\/XMY_UNI_B.webp\",\"width\":1459,\"height\":421,\"caption\":\"Xmy Sagl\"},\"image\":{\"@id\":\"https:\\\/\\\/xmy.ch\\\/fr\\\/#\\\/schema\\\/logo\\\/image\\\/\"},\"sameAs\":[\"https:\\\/\\\/www.facebook.com\\\/xmy.sagl\",\"https:\\\/\\\/www.instagram.com\\\/xmy.sagl\\\/\"]}]}<\/script>\n<!-- \/ Yoast SEO Premium plugin. -->","yoast_head_json":{"title":"Performance SS Chemise Aloy\/Citrus \u2013 T-shirt course l\u00e9ger","description":"D\u00e9couvrez la Performance SS, chemise running en microfibre sans couture avec ventilation int\u00e9gr\u00e9e pour entra\u00eenement intense. Achetez-la maintenant.","robots":{"index":"index","follow":"follow","max-snippet":"max-snippet:-1","max-image-preview":"max-image-preview:large","max-video-preview":"max-video-preview:-1"},"canonical":"https:\/\/xmy.ch\/fr\/prodotto\/chemise-performance-ss-homme-aloy-citrus\/","og_locale":"fr_FR","og_type":"article","og_title":"Performance SS Chemise Aloy\/Citrus \u2013 Course &amp; Entra\u00eenement","og_description":"Passez \u00e0 la vitesse sup\u00e9rieure avec la Performance SS. Commandez d\u00e8s aujourd'hui.","og_url":"https:\/\/xmy.ch\/fr\/prodotto\/chemise-performance-ss-homme-aloy-citrus\/","og_site_name":"Xmy Sagl","article_publisher":"https:\/\/www.facebook.com\/xmy.sagl","og_image":[{"width":549,"height":712,"url":"https:\/\/xmy.ch\/wp-content\/uploads\/2023\/10\/Alloy.png","type":"image\/png"}],"twitter_card":"summary_large_image","twitter_title":"Chemise Performance SS Aloy\/Citrus \u2013 Running Ultra L\u00e9ger","twitter_description":"Optimisez vos runs avec cette chemise sans couture. Commandez.","twitter_misc":{"Dur\u00e9e de lecture estim\u00e9e":"1 minute"},"schema":{"@context":"https:\/\/schema.org","@graph":[{"@type":"WebPage","@id":"https:\/\/xmy.ch\/fr\/prodotto\/chemise-performance-ss-homme-aloy-citrus\/","url":"https:\/\/xmy.ch\/fr\/prodotto\/chemise-performance-ss-homme-aloy-citrus\/","name":"Performance SS Chemise Aloy\/Citrus \u2013 T-shirt course l\u00e9ger","isPartOf":{"@id":"https:\/\/xmy.ch\/fr\/#website"},"primaryImageOfPage":{"@id":"https:\/\/xmy.ch\/fr\/prodotto\/chemise-performance-ss-homme-aloy-citrus\/#primaryimage"},"image":{"@id":"https:\/\/xmy.ch\/fr\/prodotto\/chemise-performance-ss-homme-aloy-citrus\/#primaryimage"},"thumbnailUrl":"https:\/\/xmy.ch\/wp-content\/uploads\/2023\/10\/Alloy.png","datePublished":"2023-11-04T15:08:00+00:00","description":"D\u00e9couvrez la Performance SS, chemise running en microfibre sans couture avec ventilation int\u00e9gr\u00e9e pour entra\u00eenement intense. Achetez-la maintenant.","breadcrumb":{"@id":"https:\/\/xmy.ch\/fr\/prodotto\/chemise-performance-ss-homme-aloy-citrus\/#breadcrumb"},"inLanguage":"fr-FR","potentialAction":[{"@type":"ReadAction","target":["https:\/\/xmy.ch\/fr\/prodotto\/chemise-performance-ss-homme-aloy-citrus\/"]}]},{"@type":"ImageObject","inLanguage":"fr-FR","@id":"https:\/\/xmy.ch\/fr\/prodotto\/chemise-performance-ss-homme-aloy-citrus\/#primaryimage","url":"https:\/\/xmy.ch\/wp-content\/uploads\/2023\/10\/Alloy.png","contentUrl":"https:\/\/xmy.ch\/wp-content\/uploads\/2023\/10\/Alloy.png","width":549,"height":712},{"@type":"BreadcrumbList","@id":"https:\/\/xmy.ch\/fr\/prodotto\/chemise-performance-ss-homme-aloy-citrus\/#breadcrumb","itemListElement":[{"@type":"ListItem","position":1,"name":"Home","item":"https:\/\/xmy.ch\/fr\/"},{"@type":"ListItem","position":2,"name":"Boutique","item":"https:\/\/xmy.ch\/fr\/boutique\/"},{"@type":"ListItem","position":3,"name":"Chemise Performance SS Homme Aloy\/Citrus"}]},{"@type":"WebSite","@id":"https:\/\/xmy.ch\/fr\/#website","url":"https:\/\/xmy.ch\/fr\/","name":"Xmy Sagl","description":"","publisher":{"@id":"https:\/\/xmy.ch\/fr\/#organization"},"potentialAction":[{"@type":"SearchAction","target":{"@type":"EntryPoint","urlTemplate":"https:\/\/xmy.ch\/fr\/?s={search_term_string}"},"query-input":{"@type":"PropertyValueSpecification","valueRequired":true,"valueName":"search_term_string"}}],"inLanguage":"fr-FR"},{"@type":"Organization","@id":"https:\/\/xmy.ch\/fr\/#organization","name":"Xmy Sagl","url":"https:\/\/xmy.ch\/fr\/","logo":{"@type":"ImageObject","inLanguage":"fr-FR","@id":"https:\/\/xmy.ch\/fr\/#\/schema\/logo\/image\/","url":"https:\/\/xmy.ch\/wp-content\/uploads\/2024\/02\/XMY_UNI_B.webp","contentUrl":"https:\/\/xmy.ch\/wp-content\/uploads\/2024\/02\/XMY_UNI_B.webp","width":1459,"height":421,"caption":"Xmy Sagl"},"image":{"@id":"https:\/\/xmy.ch\/fr\/#\/schema\/logo\/image\/"},"sameAs":["https:\/\/www.facebook.com\/xmy.sagl","https:\/\/www.instagram.com\/xmy.sagl\/"]}]}},"_links":{"self":[{"href":"https:\/\/xmy.ch\/fr\/wp-json\/wp\/v2\/product\/6165","targetHints":{"allow":["GET"]}}],"collection":[{"href":"https:\/\/xmy.ch\/fr\/wp-json\/wp\/v2\/product"}],"about":[{"href":"https:\/\/xmy.ch\/fr\/wp-json\/wp\/v2\/types\/product"}],"replies":[{"embeddable":true,"href":"https:\/\/xmy.ch\/fr\/wp-json\/wp\/v2\/comments?post=6165"}],"wp:featuredmedia":[{"embeddable":true,"href":"https:\/\/xmy.ch\/fr\/wp-json\/wp\/v2\/media\/3777"}],"wp:attachment":[{"href":"https:\/\/xmy.ch\/fr\/wp-json\/wp\/v2\/media?parent=6165"}],"wp:term":[{"taxonomy":"product_brand","embeddable":true,"href":"https:\/\/xmy.ch\/fr\/wp-json\/wp\/v2\/product_brand?post=6165"},{"taxonomy":"product_cat","embeddable":true,"href":"https:\/\/xmy.ch\/fr\/wp-json\/wp\/v2\/product_cat?post=6165"},{"taxonomy":"product_tag","embeddable":true,"href":"https:\/\/xmy.ch\/fr\/wp-json\/wp\/v2\/product_tag?post=6165"}],"curies":[{"name":"wp","href":"https:\/\/api.w.org\/{rel}","templated":true}]}}