{"id":6022,"date":"2023-11-04T15:09:06","date_gmt":"2023-11-04T14:09:06","guid":{"rendered":"https:\/\/xmy.ch\/prodotto\/full-socks-run-blanc\/"},"modified":"2023-11-04T15:09:06","modified_gmt":"2023-11-04T14:09:06","slug":"full-socks-run-blanc","status":"publish","type":"product","link":"https:\/\/xmy.ch\/fr\/prodotto\/full-socks-run-blanc\/","title":{"rendered":"Full Socks Run &#8211; Blanc"},"content":{"rendered":"<p>Chaussettes hautes performances pour r\u00e9duire les vibrations musculaires et augmenter les performances pendant l&rsquo;entra\u00eenement et la course.<\/p>\n<p>Certains de nos coureurs ont ressenti le besoin d&rsquo;un manchon de compression int\u00e9gr\u00e9 \u00e0 une chaussette haute performance. Nous vous en sommes reconnaissants ! Les fibres souples et \u00e9lastiques des chaussettes de course hautes procurent une compression cibl\u00e9e aux muscles qui travaillent, pour un soutien optimal pendant les courses sur route, sur sentier ou sur piste. Vos muscles souffrent moins de blessures car les vibrations sont amorties et la fatigue est att\u00e9nu\u00e9e, ce qui vous permet de rester concentr\u00e9 plus longtemps. Vous pouvez courir en vous \u00e9claboussant dans les flaques ou sous la pluie, et les chaussettes restent l\u00e9g\u00e8res gr\u00e2ce aux bandes de ventilation \u00e0 s\u00e9chage rapide ins\u00e9r\u00e9es directement dans le tissu. Notre technologie 3D.Dot absorbe les chocs, prot\u00e8ge les zones sensibles telles que le tendon d&rsquo;Achille et fournit un micro-massage qui augmente le flux sanguin. Il assure \u00e9galement une adh\u00e9rence optimale du pied dans la chaussure, r\u00e9duisant ainsi le risque de surchauffe et d&rsquo;ampoules caus\u00e9es par des mouvements excessifs. Le support de vo\u00fbte int\u00e9gr\u00e9 emp\u00eache la torsion du tissu et assure la stabilit\u00e9, donc la s\u00e9curit\u00e9, sur les terrains rocailleux, tandis que les fibres \u00e9lastiques permettent aux orteils de s&rsquo;\u00e9tendre naturellement \u00e0 l&rsquo;impact, ce qui permet une conduite spontan\u00e9e et souple. Ces chaussettes de sport de compression blanches et rafra\u00eechissantes peuvent \u00e9galement \u00eatre port\u00e9es avant l&rsquo;activit\u00e9 pour favoriser la circulation sanguine et pr\u00e9parer les muscles et l&rsquo;esprit \u00e0 l&rsquo;effort.<\/p>\n<p>92% Polyamide, 7% Elasthanne, 1% Polypropyl\u00e8ne<\/p>\n<p><img decoding=\"async\" class=\"w-50 my-2\" src=\"https:\/\/www.compressport.com\/ch\/img\/prods_entretien.png\"><\/p>\n","protected":false},"excerpt":{"rendered":"<p>Chaussettes hautes performances pour r\u00e9duire les vibrations musculaires et augmenter les performances pendant l&rsquo;entra\u00eenement et la course.<\/p>\n","protected":false},"featured_media":3591,"comment_status":"open","ping_status":"closed","template":"","meta":[],"product_brand":[],"product_cat":[313],"product_tag":[258,259],"class_list":{"0":"post-6022","1":"product","2":"type-product","3":"status-publish","4":"has-post-thumbnail","6":"product_cat-chaussettes","7":"product_tag-femme","8":"product_tag-lhomme","10":"first","11":"instock","12":"taxable","13":"shipping-taxable","14":"purchasable","15":"product-type-variable"},"yoast_head":"<!-- This site is optimized with the Yoast SEO Premium plugin v27.5 (Yoast SEO v27.5) - https:\/\/yoast.com\/product\/yoast-seo-premium-wordpress\/ -->\n<title>Chaussettes Haute Performance \u2013 Full Socks Run Blanc<\/title>\n<meta name=\"description\" content=\"Chaussettes haute performance Full Socks Run Blanc r\u00e9duisent les vibrations et am\u00e9liorent l&#039;endurance lors entra\u00eenements et courses. D\u00e9couvrez-les d\u00e8s maintenant.\" \/>\n<meta name=\"robots\" content=\"index, follow, max-snippet:-1, max-image-preview:large, max-video-preview:-1\" \/>\n<link rel=\"canonical\" href=\"https:\/\/xmy.ch\/fr\/prodotto\/full-socks-run-blanc\/\" \/>\n<meta property=\"og:locale\" content=\"fr_FR\" \/>\n<meta property=\"og:type\" content=\"article\" \/>\n<meta property=\"og:title\" content=\"Chaussettes Haute Performance Full Socks Run Blanc\" \/>\n<meta property=\"og:description\" content=\"Soutenez vos muscles en course avec Full Socks Run Blanc.\" \/>\n<meta property=\"og:url\" content=\"https:\/\/xmy.ch\/fr\/prodotto\/full-socks-run-blanc\/\" \/>\n<meta property=\"og:site_name\" content=\"Xmy Sagl\" \/>\n<meta property=\"article:publisher\" content=\"https:\/\/www.facebook.com\/xmy.sagl\" \/>\n<meta property=\"og:image\" content=\"https:\/\/xmy.ch\/wp-content\/uploads\/2023\/10\/chaussette-compression-sport-blanche.webp\" \/>\n\t<meta property=\"og:image:width\" content=\"549\" \/>\n\t<meta property=\"og:image:height\" content=\"712\" \/>\n\t<meta property=\"og:image:type\" content=\"image\/webp\" \/>\n<meta name=\"twitter:card\" content=\"summary_large_image\" \/>\n<meta name=\"twitter:title\" content=\"Full Socks Run Blanc \u2013 Chaussettes de course haute performance\" \/>\n<meta name=\"twitter:description\" content=\"Achetez Full Socks Run Blanc et boostez votre endurance course.\" \/>\n<meta name=\"twitter:label1\" content=\"Dur\u00e9e de lecture estim\u00e9e\" \/>\n\t<meta name=\"twitter:data1\" content=\"1 minute\" \/>\n<script type=\"application\/ld+json\" class=\"yoast-schema-graph\">{\"@context\":\"https:\\\/\\\/schema.org\",\"@graph\":[{\"@type\":\"WebPage\",\"@id\":\"https:\\\/\\\/xmy.ch\\\/fr\\\/prodotto\\\/full-socks-run-blanc\\\/\",\"url\":\"https:\\\/\\\/xmy.ch\\\/fr\\\/prodotto\\\/full-socks-run-blanc\\\/\",\"name\":\"Chaussettes Haute Performance \u2013 Full Socks Run Blanc\",\"isPartOf\":{\"@id\":\"https:\\\/\\\/xmy.ch\\\/fr\\\/#website\"},\"primaryImageOfPage\":{\"@id\":\"https:\\\/\\\/xmy.ch\\\/fr\\\/prodotto\\\/full-socks-run-blanc\\\/#primaryimage\"},\"image\":{\"@id\":\"https:\\\/\\\/xmy.ch\\\/fr\\\/prodotto\\\/full-socks-run-blanc\\\/#primaryimage\"},\"thumbnailUrl\":\"https:\\\/\\\/xmy.ch\\\/wp-content\\\/uploads\\\/2023\\\/10\\\/chaussette-compression-sport-blanche.webp\",\"datePublished\":\"2023-11-04T14:09:06+00:00\",\"description\":\"Chaussettes haute performance Full Socks Run Blanc r\u00e9duisent les vibrations et am\u00e9liorent l'endurance lors entra\u00eenements et courses. D\u00e9couvrez-les d\u00e8s maintenant.\",\"breadcrumb\":{\"@id\":\"https:\\\/\\\/xmy.ch\\\/fr\\\/prodotto\\\/full-socks-run-blanc\\\/#breadcrumb\"},\"inLanguage\":\"fr-FR\",\"potentialAction\":[{\"@type\":\"ReadAction\",\"target\":[\"https:\\\/\\\/xmy.ch\\\/fr\\\/prodotto\\\/full-socks-run-blanc\\\/\"]}]},{\"@type\":\"ImageObject\",\"inLanguage\":\"fr-FR\",\"@id\":\"https:\\\/\\\/xmy.ch\\\/fr\\\/prodotto\\\/full-socks-run-blanc\\\/#primaryimage\",\"url\":\"https:\\\/\\\/xmy.ch\\\/wp-content\\\/uploads\\\/2023\\\/10\\\/chaussette-compression-sport-blanche.webp\",\"contentUrl\":\"https:\\\/\\\/xmy.ch\\\/wp-content\\\/uploads\\\/2023\\\/10\\\/chaussette-compression-sport-blanche.webp\",\"width\":549,\"height\":712},{\"@type\":\"BreadcrumbList\",\"@id\":\"https:\\\/\\\/xmy.ch\\\/fr\\\/prodotto\\\/full-socks-run-blanc\\\/#breadcrumb\",\"itemListElement\":[{\"@type\":\"ListItem\",\"position\":1,\"name\":\"Home\",\"item\":\"https:\\\/\\\/xmy.ch\\\/fr\\\/\"},{\"@type\":\"ListItem\",\"position\":2,\"name\":\"Boutique\",\"item\":\"https:\\\/\\\/xmy.ch\\\/fr\\\/boutique\\\/\"},{\"@type\":\"ListItem\",\"position\":3,\"name\":\"Full Socks Run &#8211; Blanc\"}]},{\"@type\":\"WebSite\",\"@id\":\"https:\\\/\\\/xmy.ch\\\/fr\\\/#website\",\"url\":\"https:\\\/\\\/xmy.ch\\\/fr\\\/\",\"name\":\"Xmy Sagl\",\"description\":\"\",\"publisher\":{\"@id\":\"https:\\\/\\\/xmy.ch\\\/fr\\\/#organization\"},\"potentialAction\":[{\"@type\":\"SearchAction\",\"target\":{\"@type\":\"EntryPoint\",\"urlTemplate\":\"https:\\\/\\\/xmy.ch\\\/fr\\\/?s={search_term_string}\"},\"query-input\":{\"@type\":\"PropertyValueSpecification\",\"valueRequired\":true,\"valueName\":\"search_term_string\"}}],\"inLanguage\":\"fr-FR\"},{\"@type\":\"Organization\",\"@id\":\"https:\\\/\\\/xmy.ch\\\/fr\\\/#organization\",\"name\":\"Xmy Sagl\",\"url\":\"https:\\\/\\\/xmy.ch\\\/fr\\\/\",\"logo\":{\"@type\":\"ImageObject\",\"inLanguage\":\"fr-FR\",\"@id\":\"https:\\\/\\\/xmy.ch\\\/fr\\\/#\\\/schema\\\/logo\\\/image\\\/\",\"url\":\"https:\\\/\\\/xmy.ch\\\/wp-content\\\/uploads\\\/2024\\\/02\\\/XMY_UNI_B.webp\",\"contentUrl\":\"https:\\\/\\\/xmy.ch\\\/wp-content\\\/uploads\\\/2024\\\/02\\\/XMY_UNI_B.webp\",\"width\":1459,\"height\":421,\"caption\":\"Xmy Sagl\"},\"image\":{\"@id\":\"https:\\\/\\\/xmy.ch\\\/fr\\\/#\\\/schema\\\/logo\\\/image\\\/\"},\"sameAs\":[\"https:\\\/\\\/www.facebook.com\\\/xmy.sagl\",\"https:\\\/\\\/www.instagram.com\\\/xmy.sagl\\\/\"]}]}<\/script>\n<!-- \/ Yoast SEO Premium plugin. -->","yoast_head_json":{"title":"Chaussettes Haute Performance \u2013 Full Socks Run Blanc","description":"Chaussettes haute performance Full Socks Run Blanc r\u00e9duisent les vibrations et am\u00e9liorent l'endurance lors entra\u00eenements et courses. D\u00e9couvrez-les d\u00e8s maintenant.","robots":{"index":"index","follow":"follow","max-snippet":"max-snippet:-1","max-image-preview":"max-image-preview:large","max-video-preview":"max-video-preview:-1"},"canonical":"https:\/\/xmy.ch\/fr\/prodotto\/full-socks-run-blanc\/","og_locale":"fr_FR","og_type":"article","og_title":"Chaussettes Haute Performance Full Socks Run Blanc","og_description":"Soutenez vos muscles en course avec Full Socks Run Blanc.","og_url":"https:\/\/xmy.ch\/fr\/prodotto\/full-socks-run-blanc\/","og_site_name":"Xmy Sagl","article_publisher":"https:\/\/www.facebook.com\/xmy.sagl","og_image":[{"width":549,"height":712,"url":"https:\/\/xmy.ch\/wp-content\/uploads\/2023\/10\/chaussette-compression-sport-blanche.webp","type":"image\/webp"}],"twitter_card":"summary_large_image","twitter_title":"Full Socks Run Blanc \u2013 Chaussettes de course haute performance","twitter_description":"Achetez Full Socks Run Blanc et boostez votre endurance course.","twitter_misc":{"Dur\u00e9e de lecture estim\u00e9e":"1 minute"},"schema":{"@context":"https:\/\/schema.org","@graph":[{"@type":"WebPage","@id":"https:\/\/xmy.ch\/fr\/prodotto\/full-socks-run-blanc\/","url":"https:\/\/xmy.ch\/fr\/prodotto\/full-socks-run-blanc\/","name":"Chaussettes Haute Performance \u2013 Full Socks Run Blanc","isPartOf":{"@id":"https:\/\/xmy.ch\/fr\/#website"},"primaryImageOfPage":{"@id":"https:\/\/xmy.ch\/fr\/prodotto\/full-socks-run-blanc\/#primaryimage"},"image":{"@id":"https:\/\/xmy.ch\/fr\/prodotto\/full-socks-run-blanc\/#primaryimage"},"thumbnailUrl":"https:\/\/xmy.ch\/wp-content\/uploads\/2023\/10\/chaussette-compression-sport-blanche.webp","datePublished":"2023-11-04T14:09:06+00:00","description":"Chaussettes haute performance Full Socks Run Blanc r\u00e9duisent les vibrations et am\u00e9liorent l'endurance lors entra\u00eenements et courses. D\u00e9couvrez-les d\u00e8s maintenant.","breadcrumb":{"@id":"https:\/\/xmy.ch\/fr\/prodotto\/full-socks-run-blanc\/#breadcrumb"},"inLanguage":"fr-FR","potentialAction":[{"@type":"ReadAction","target":["https:\/\/xmy.ch\/fr\/prodotto\/full-socks-run-blanc\/"]}]},{"@type":"ImageObject","inLanguage":"fr-FR","@id":"https:\/\/xmy.ch\/fr\/prodotto\/full-socks-run-blanc\/#primaryimage","url":"https:\/\/xmy.ch\/wp-content\/uploads\/2023\/10\/chaussette-compression-sport-blanche.webp","contentUrl":"https:\/\/xmy.ch\/wp-content\/uploads\/2023\/10\/chaussette-compression-sport-blanche.webp","width":549,"height":712},{"@type":"BreadcrumbList","@id":"https:\/\/xmy.ch\/fr\/prodotto\/full-socks-run-blanc\/#breadcrumb","itemListElement":[{"@type":"ListItem","position":1,"name":"Home","item":"https:\/\/xmy.ch\/fr\/"},{"@type":"ListItem","position":2,"name":"Boutique","item":"https:\/\/xmy.ch\/fr\/boutique\/"},{"@type":"ListItem","position":3,"name":"Full Socks Run &#8211; Blanc"}]},{"@type":"WebSite","@id":"https:\/\/xmy.ch\/fr\/#website","url":"https:\/\/xmy.ch\/fr\/","name":"Xmy Sagl","description":"","publisher":{"@id":"https:\/\/xmy.ch\/fr\/#organization"},"potentialAction":[{"@type":"SearchAction","target":{"@type":"EntryPoint","urlTemplate":"https:\/\/xmy.ch\/fr\/?s={search_term_string}"},"query-input":{"@type":"PropertyValueSpecification","valueRequired":true,"valueName":"search_term_string"}}],"inLanguage":"fr-FR"},{"@type":"Organization","@id":"https:\/\/xmy.ch\/fr\/#organization","name":"Xmy Sagl","url":"https:\/\/xmy.ch\/fr\/","logo":{"@type":"ImageObject","inLanguage":"fr-FR","@id":"https:\/\/xmy.ch\/fr\/#\/schema\/logo\/image\/","url":"https:\/\/xmy.ch\/wp-content\/uploads\/2024\/02\/XMY_UNI_B.webp","contentUrl":"https:\/\/xmy.ch\/wp-content\/uploads\/2024\/02\/XMY_UNI_B.webp","width":1459,"height":421,"caption":"Xmy Sagl"},"image":{"@id":"https:\/\/xmy.ch\/fr\/#\/schema\/logo\/image\/"},"sameAs":["https:\/\/www.facebook.com\/xmy.sagl","https:\/\/www.instagram.com\/xmy.sagl\/"]}]}},"_links":{"self":[{"href":"https:\/\/xmy.ch\/fr\/wp-json\/wp\/v2\/product\/6022","targetHints":{"allow":["GET"]}}],"collection":[{"href":"https:\/\/xmy.ch\/fr\/wp-json\/wp\/v2\/product"}],"about":[{"href":"https:\/\/xmy.ch\/fr\/wp-json\/wp\/v2\/types\/product"}],"replies":[{"embeddable":true,"href":"https:\/\/xmy.ch\/fr\/wp-json\/wp\/v2\/comments?post=6022"}],"wp:featuredmedia":[{"embeddable":true,"href":"https:\/\/xmy.ch\/fr\/wp-json\/wp\/v2\/media\/3591"}],"wp:attachment":[{"href":"https:\/\/xmy.ch\/fr\/wp-json\/wp\/v2\/media?parent=6022"}],"wp:term":[{"taxonomy":"product_brand","embeddable":true,"href":"https:\/\/xmy.ch\/fr\/wp-json\/wp\/v2\/product_brand?post=6022"},{"taxonomy":"product_cat","embeddable":true,"href":"https:\/\/xmy.ch\/fr\/wp-json\/wp\/v2\/product_cat?post=6022"},{"taxonomy":"product_tag","embeddable":true,"href":"https:\/\/xmy.ch\/fr\/wp-json\/wp\/v2\/product_tag?post=6022"}],"curies":[{"name":"wp","href":"https:\/\/api.w.org\/{rel}","templated":true}]}}