{"id":5988,"date":"2023-11-04T14:28:00","date_gmt":"2023-11-04T13:28:00","guid":{"rendered":"https:\/\/xmy.ch\/prodotto\/3d-thermo-seamless-hoodie-zip-black\/"},"modified":"2023-11-04T14:28:00","modified_gmt":"2023-11-04T13:28:00","slug":"3d-thermo-seamless-hoodie-zip-black","status":"publish","type":"product","link":"https:\/\/xmy.ch\/fr\/prodotto\/3d-thermo-seamless-hoodie-zip-black\/","title":{"rendered":"3D Thermo Seamless Hoodie Zip Black"},"content":{"rendered":"<p>Sweat \u00e0 capuche extr\u00eamement confortable en fibres ultra-l\u00e9g\u00e8res et respirantes \u00e0 porter en toutes occasions avec un look urbain et styl\u00e9 !<\/p>\n<p>Parfois, une couche est juste ce qu&rsquo;il faut, m\u00eame au milieu de l&rsquo;hiver. Con\u00e7u \u00e0 partir d&rsquo;une superposition technique haute performance de laine m\u00e9rinos et de polyamide, le nouveau haut de trail \u00e0 manches longues pour l&rsquo;hiver vous permet de rester \u00e0 l&rsquo;entra\u00eenement et en condition de course pendant les mois les plus froids. Notre \u00e9quipe Body-Science a pass\u00e9 de nombreuses heures en laboratoire pour mettre au point une cartographie corporelle extr\u00eamement pr\u00e9cise et sp\u00e9cifique \u00e0 chaque sexe. Le r\u00e9sultat est la qualit\u00e9 de thermor\u00e9gulation la plus pr\u00e9cise que notre marque ait obtenue \u00e0 ce jour : dans les zones qui se refroidissent rapidement et n\u00e9cessitent plus de chaleur, la laine douce est plac\u00e9e contre la peau \u00e0 l&rsquo;int\u00e9rieur, le polyamide \u00e9tant le tissu ext\u00e9rieur. Dans les zones les moins sensibles, la stratification du mat\u00e9riau est invers\u00e9e afin de ne pas provoquer de surchauffe lors de l&rsquo;acc\u00e9l\u00e9ration du rythme. Les perforations d\u00e9coup\u00e9es au laser, les panneaux de ventilation et le zip 3\/4 assurent la respirabilit\u00e9 et la gestion de l&rsquo;humidit\u00e9, tandis que la conception de la manche \u00e9tudi\u00e9e lib\u00e8re l&rsquo;\u00e9paule pour faciliter les mouvements dans toutes les directions. Le col plus haut ajoute au confort et \u00e0 la protection, tout comme les boucles de pouce pratiques sur les manches. Enfin, notre technologie Spin Control aide \u00e0 maintenir une posture correcte. Un imprim\u00e9 \u00e0 rayures asym\u00e9triques et notre logo de course classique compl\u00e8tent le design pour des performances \u00e9lev\u00e9es. Portez le maillot de trail et vous n&rsquo;aurez plus l&rsquo;excuse de l&rsquo;hiver.<\/p>\n<p>69% Polyamide 31% Laine<\/p>\n<p><img decoding=\"async\" class=\"w-50 my-2\" src=\"https:\/\/www.compressport.com\/ch\/img\/prods_entretien.png\"><\/p>\n","protected":false},"excerpt":{"rendered":"<p>Sweat \u00e0 capuche extr\u00eamement confortable en fibres ultra-l\u00e9g\u00e8res et respirantes \u00e0 porter en toute occasion avec un look urbain et styl\u00e9.<\/p>\n","protected":false},"featured_media":3725,"comment_status":"open","ping_status":"closed","template":"","meta":[],"product_brand":[],"product_cat":[335],"product_tag":[258,259],"class_list":{"0":"post-5988","1":"product","2":"type-product","3":"status-publish","4":"has-post-thumbnail","6":"product_cat-sweatshirts-fr","7":"product_tag-femme","8":"product_tag-lhomme","10":"first","11":"instock","12":"taxable","13":"shipping-taxable","14":"purchasable","15":"product-type-variable"},"yoast_head":"<!-- This site is optimized with the Yoast SEO Premium plugin v27.5 (Yoast SEO v27.5) - https:\/\/yoast.com\/product\/yoast-seo-premium-wordpress\/ -->\n<title>Hoodie Thermique 3D Seamless Zip Black \u2013 Ultra-l\u00e9ger<\/title>\n<meta name=\"description\" content=\"Hoodie Thermique 3D Seamless Zip Black: sweat ultra-l\u00e9ger et respirant pour un look urbain. Commandez d\u00e8s maintenant pour une thermor\u00e9gulation optimale.\" \/>\n<meta name=\"robots\" content=\"index, follow, max-snippet:-1, max-image-preview:large, max-video-preview:-1\" \/>\n<link rel=\"canonical\" href=\"https:\/\/xmy.ch\/fr\/prodotto\/3d-thermo-seamless-hoodie-zip-black\/\" \/>\n<meta property=\"og:locale\" content=\"fr_FR\" \/>\n<meta property=\"og:type\" content=\"article\" \/>\n<meta property=\"og:title\" content=\"Hoodie Thermique 3D Seamless Zip Black \u2013 Performance\" \/>\n<meta property=\"og:description\" content=\"D\u00e9couvrez ce hoodie thermo-seamless pour rester au chaud et libre de mouvement.\" \/>\n<meta property=\"og:url\" content=\"https:\/\/xmy.ch\/fr\/prodotto\/3d-thermo-seamless-hoodie-zip-black\/\" \/>\n<meta property=\"og:site_name\" content=\"Xmy Sagl\" \/>\n<meta property=\"article:publisher\" content=\"https:\/\/www.facebook.com\/xmy.sagl\" \/>\n<meta property=\"og:image\" content=\"https:\/\/xmy.ch\/wp-content\/uploads\/2023\/10\/3d-thermo-seamless-hoodie-zip-black.png\" \/>\n\t<meta property=\"og:image:width\" content=\"549\" \/>\n\t<meta property=\"og:image:height\" content=\"712\" \/>\n\t<meta property=\"og:image:type\" content=\"image\/png\" \/>\n<meta name=\"twitter:card\" content=\"summary_large_image\" \/>\n<meta name=\"twitter:title\" content=\"Hoodie Thermique 3D Seamless Zip Black - \u00c9lite\" \/>\n<meta name=\"twitter:description\" content=\"Commandez maintenant et restez au chaud durant vos sessions.\" \/>\n<meta name=\"twitter:label1\" content=\"Dur\u00e9e de lecture estim\u00e9e\" \/>\n\t<meta name=\"twitter:data1\" content=\"1 minute\" \/>\n<script type=\"application\/ld+json\" class=\"yoast-schema-graph\">{\"@context\":\"https:\\\/\\\/schema.org\",\"@graph\":[{\"@type\":\"WebPage\",\"@id\":\"https:\\\/\\\/xmy.ch\\\/fr\\\/prodotto\\\/3d-thermo-seamless-hoodie-zip-black\\\/\",\"url\":\"https:\\\/\\\/xmy.ch\\\/fr\\\/prodotto\\\/3d-thermo-seamless-hoodie-zip-black\\\/\",\"name\":\"Hoodie Thermique 3D Seamless Zip Black \u2013 Ultra-l\u00e9ger\",\"isPartOf\":{\"@id\":\"https:\\\/\\\/xmy.ch\\\/fr\\\/#website\"},\"primaryImageOfPage\":{\"@id\":\"https:\\\/\\\/xmy.ch\\\/fr\\\/prodotto\\\/3d-thermo-seamless-hoodie-zip-black\\\/#primaryimage\"},\"image\":{\"@id\":\"https:\\\/\\\/xmy.ch\\\/fr\\\/prodotto\\\/3d-thermo-seamless-hoodie-zip-black\\\/#primaryimage\"},\"thumbnailUrl\":\"https:\\\/\\\/xmy.ch\\\/wp-content\\\/uploads\\\/2023\\\/10\\\/3d-thermo-seamless-hoodie-zip-black.png\",\"datePublished\":\"2023-11-04T13:28:00+00:00\",\"description\":\"Hoodie Thermique 3D Seamless Zip Black: sweat ultra-l\u00e9ger et respirant pour un look urbain. Commandez d\u00e8s maintenant pour une thermor\u00e9gulation optimale.\",\"breadcrumb\":{\"@id\":\"https:\\\/\\\/xmy.ch\\\/fr\\\/prodotto\\\/3d-thermo-seamless-hoodie-zip-black\\\/#breadcrumb\"},\"inLanguage\":\"fr-FR\",\"potentialAction\":[{\"@type\":\"ReadAction\",\"target\":[\"https:\\\/\\\/xmy.ch\\\/fr\\\/prodotto\\\/3d-thermo-seamless-hoodie-zip-black\\\/\"]}]},{\"@type\":\"ImageObject\",\"inLanguage\":\"fr-FR\",\"@id\":\"https:\\\/\\\/xmy.ch\\\/fr\\\/prodotto\\\/3d-thermo-seamless-hoodie-zip-black\\\/#primaryimage\",\"url\":\"https:\\\/\\\/xmy.ch\\\/wp-content\\\/uploads\\\/2023\\\/10\\\/3d-thermo-seamless-hoodie-zip-black.png\",\"contentUrl\":\"https:\\\/\\\/xmy.ch\\\/wp-content\\\/uploads\\\/2023\\\/10\\\/3d-thermo-seamless-hoodie-zip-black.png\",\"width\":549,\"height\":712},{\"@type\":\"BreadcrumbList\",\"@id\":\"https:\\\/\\\/xmy.ch\\\/fr\\\/prodotto\\\/3d-thermo-seamless-hoodie-zip-black\\\/#breadcrumb\",\"itemListElement\":[{\"@type\":\"ListItem\",\"position\":1,\"name\":\"Home\",\"item\":\"https:\\\/\\\/xmy.ch\\\/fr\\\/\"},{\"@type\":\"ListItem\",\"position\":2,\"name\":\"Boutique\",\"item\":\"https:\\\/\\\/xmy.ch\\\/fr\\\/boutique\\\/\"},{\"@type\":\"ListItem\",\"position\":3,\"name\":\"3D Thermo Seamless Hoodie Zip Black\"}]},{\"@type\":\"WebSite\",\"@id\":\"https:\\\/\\\/xmy.ch\\\/fr\\\/#website\",\"url\":\"https:\\\/\\\/xmy.ch\\\/fr\\\/\",\"name\":\"Xmy Sagl\",\"description\":\"\",\"publisher\":{\"@id\":\"https:\\\/\\\/xmy.ch\\\/fr\\\/#organization\"},\"potentialAction\":[{\"@type\":\"SearchAction\",\"target\":{\"@type\":\"EntryPoint\",\"urlTemplate\":\"https:\\\/\\\/xmy.ch\\\/fr\\\/?s={search_term_string}\"},\"query-input\":{\"@type\":\"PropertyValueSpecification\",\"valueRequired\":true,\"valueName\":\"search_term_string\"}}],\"inLanguage\":\"fr-FR\"},{\"@type\":\"Organization\",\"@id\":\"https:\\\/\\\/xmy.ch\\\/fr\\\/#organization\",\"name\":\"Xmy Sagl\",\"url\":\"https:\\\/\\\/xmy.ch\\\/fr\\\/\",\"logo\":{\"@type\":\"ImageObject\",\"inLanguage\":\"fr-FR\",\"@id\":\"https:\\\/\\\/xmy.ch\\\/fr\\\/#\\\/schema\\\/logo\\\/image\\\/\",\"url\":\"https:\\\/\\\/xmy.ch\\\/wp-content\\\/uploads\\\/2024\\\/02\\\/XMY_UNI_B.webp\",\"contentUrl\":\"https:\\\/\\\/xmy.ch\\\/wp-content\\\/uploads\\\/2024\\\/02\\\/XMY_UNI_B.webp\",\"width\":1459,\"height\":421,\"caption\":\"Xmy Sagl\"},\"image\":{\"@id\":\"https:\\\/\\\/xmy.ch\\\/fr\\\/#\\\/schema\\\/logo\\\/image\\\/\"},\"sameAs\":[\"https:\\\/\\\/www.facebook.com\\\/xmy.sagl\",\"https:\\\/\\\/www.instagram.com\\\/xmy.sagl\\\/\"]}]}<\/script>\n<!-- \/ Yoast SEO Premium plugin. -->","yoast_head_json":{"title":"Hoodie Thermique 3D Seamless Zip Black \u2013 Ultra-l\u00e9ger","description":"Hoodie Thermique 3D Seamless Zip Black: sweat ultra-l\u00e9ger et respirant pour un look urbain. Commandez d\u00e8s maintenant pour une thermor\u00e9gulation optimale.","robots":{"index":"index","follow":"follow","max-snippet":"max-snippet:-1","max-image-preview":"max-image-preview:large","max-video-preview":"max-video-preview:-1"},"canonical":"https:\/\/xmy.ch\/fr\/prodotto\/3d-thermo-seamless-hoodie-zip-black\/","og_locale":"fr_FR","og_type":"article","og_title":"Hoodie Thermique 3D Seamless Zip Black \u2013 Performance","og_description":"D\u00e9couvrez ce hoodie thermo-seamless pour rester au chaud et libre de mouvement.","og_url":"https:\/\/xmy.ch\/fr\/prodotto\/3d-thermo-seamless-hoodie-zip-black\/","og_site_name":"Xmy Sagl","article_publisher":"https:\/\/www.facebook.com\/xmy.sagl","og_image":[{"width":549,"height":712,"url":"https:\/\/xmy.ch\/wp-content\/uploads\/2023\/10\/3d-thermo-seamless-hoodie-zip-black.png","type":"image\/png"}],"twitter_card":"summary_large_image","twitter_title":"Hoodie Thermique 3D Seamless Zip Black - \u00c9lite","twitter_description":"Commandez maintenant et restez au chaud durant vos sessions.","twitter_misc":{"Dur\u00e9e de lecture estim\u00e9e":"1 minute"},"schema":{"@context":"https:\/\/schema.org","@graph":[{"@type":"WebPage","@id":"https:\/\/xmy.ch\/fr\/prodotto\/3d-thermo-seamless-hoodie-zip-black\/","url":"https:\/\/xmy.ch\/fr\/prodotto\/3d-thermo-seamless-hoodie-zip-black\/","name":"Hoodie Thermique 3D Seamless Zip Black \u2013 Ultra-l\u00e9ger","isPartOf":{"@id":"https:\/\/xmy.ch\/fr\/#website"},"primaryImageOfPage":{"@id":"https:\/\/xmy.ch\/fr\/prodotto\/3d-thermo-seamless-hoodie-zip-black\/#primaryimage"},"image":{"@id":"https:\/\/xmy.ch\/fr\/prodotto\/3d-thermo-seamless-hoodie-zip-black\/#primaryimage"},"thumbnailUrl":"https:\/\/xmy.ch\/wp-content\/uploads\/2023\/10\/3d-thermo-seamless-hoodie-zip-black.png","datePublished":"2023-11-04T13:28:00+00:00","description":"Hoodie Thermique 3D Seamless Zip Black: sweat ultra-l\u00e9ger et respirant pour un look urbain. Commandez d\u00e8s maintenant pour une thermor\u00e9gulation optimale.","breadcrumb":{"@id":"https:\/\/xmy.ch\/fr\/prodotto\/3d-thermo-seamless-hoodie-zip-black\/#breadcrumb"},"inLanguage":"fr-FR","potentialAction":[{"@type":"ReadAction","target":["https:\/\/xmy.ch\/fr\/prodotto\/3d-thermo-seamless-hoodie-zip-black\/"]}]},{"@type":"ImageObject","inLanguage":"fr-FR","@id":"https:\/\/xmy.ch\/fr\/prodotto\/3d-thermo-seamless-hoodie-zip-black\/#primaryimage","url":"https:\/\/xmy.ch\/wp-content\/uploads\/2023\/10\/3d-thermo-seamless-hoodie-zip-black.png","contentUrl":"https:\/\/xmy.ch\/wp-content\/uploads\/2023\/10\/3d-thermo-seamless-hoodie-zip-black.png","width":549,"height":712},{"@type":"BreadcrumbList","@id":"https:\/\/xmy.ch\/fr\/prodotto\/3d-thermo-seamless-hoodie-zip-black\/#breadcrumb","itemListElement":[{"@type":"ListItem","position":1,"name":"Home","item":"https:\/\/xmy.ch\/fr\/"},{"@type":"ListItem","position":2,"name":"Boutique","item":"https:\/\/xmy.ch\/fr\/boutique\/"},{"@type":"ListItem","position":3,"name":"3D Thermo Seamless Hoodie Zip Black"}]},{"@type":"WebSite","@id":"https:\/\/xmy.ch\/fr\/#website","url":"https:\/\/xmy.ch\/fr\/","name":"Xmy Sagl","description":"","publisher":{"@id":"https:\/\/xmy.ch\/fr\/#organization"},"potentialAction":[{"@type":"SearchAction","target":{"@type":"EntryPoint","urlTemplate":"https:\/\/xmy.ch\/fr\/?s={search_term_string}"},"query-input":{"@type":"PropertyValueSpecification","valueRequired":true,"valueName":"search_term_string"}}],"inLanguage":"fr-FR"},{"@type":"Organization","@id":"https:\/\/xmy.ch\/fr\/#organization","name":"Xmy Sagl","url":"https:\/\/xmy.ch\/fr\/","logo":{"@type":"ImageObject","inLanguage":"fr-FR","@id":"https:\/\/xmy.ch\/fr\/#\/schema\/logo\/image\/","url":"https:\/\/xmy.ch\/wp-content\/uploads\/2024\/02\/XMY_UNI_B.webp","contentUrl":"https:\/\/xmy.ch\/wp-content\/uploads\/2024\/02\/XMY_UNI_B.webp","width":1459,"height":421,"caption":"Xmy Sagl"},"image":{"@id":"https:\/\/xmy.ch\/fr\/#\/schema\/logo\/image\/"},"sameAs":["https:\/\/www.facebook.com\/xmy.sagl","https:\/\/www.instagram.com\/xmy.sagl\/"]}]}},"_links":{"self":[{"href":"https:\/\/xmy.ch\/fr\/wp-json\/wp\/v2\/product\/5988","targetHints":{"allow":["GET"]}}],"collection":[{"href":"https:\/\/xmy.ch\/fr\/wp-json\/wp\/v2\/product"}],"about":[{"href":"https:\/\/xmy.ch\/fr\/wp-json\/wp\/v2\/types\/product"}],"replies":[{"embeddable":true,"href":"https:\/\/xmy.ch\/fr\/wp-json\/wp\/v2\/comments?post=5988"}],"wp:featuredmedia":[{"embeddable":true,"href":"https:\/\/xmy.ch\/fr\/wp-json\/wp\/v2\/media\/3725"}],"wp:attachment":[{"href":"https:\/\/xmy.ch\/fr\/wp-json\/wp\/v2\/media?parent=5988"}],"wp:term":[{"taxonomy":"product_brand","embeddable":true,"href":"https:\/\/xmy.ch\/fr\/wp-json\/wp\/v2\/product_brand?post=5988"},{"taxonomy":"product_cat","embeddable":true,"href":"https:\/\/xmy.ch\/fr\/wp-json\/wp\/v2\/product_cat?post=5988"},{"taxonomy":"product_tag","embeddable":true,"href":"https:\/\/xmy.ch\/fr\/wp-json\/wp\/v2\/product_tag?post=5988"}],"curies":[{"name":"wp","href":"https:\/\/api.w.org\/{rel}","templated":true}]}}