{"id":5982,"date":"2023-11-04T14:11:11","date_gmt":"2023-11-04T13:11:11","guid":{"rendered":"https:\/\/xmy.ch\/prodotto\/tube-de-direction-3d-thermo-seamless-ultralight-grey-melange\/"},"modified":"2023-11-04T14:11:11","modified_gmt":"2023-11-04T13:11:11","slug":"tube-de-direction-3d-thermo-seamless-ultralight-grey-melange","status":"publish","type":"product","link":"https:\/\/xmy.ch\/fr\/prodotto\/tube-de-direction-3d-thermo-seamless-ultralight-grey-melange\/","title":{"rendered":"Tube de direction 3D Thermo Seamless Ultralight Grey Melange"},"content":{"rendered":"<p>Tube de direction 3D Thermo Ultralight en microfibre noire sans couture, extr\u00eamement douce et polyvalente pour une protection optimale contre les intemp\u00e9ries dans toutes les disciplines.<br \/>\nIl y a des objets que l&rsquo;on utilise une fois par an, et d&rsquo;autres que l&rsquo;on trouve dans sa valise partout o\u00f9 l&rsquo;on va. Multifonctionnel et sans coutures, le col ras-du-cou thermique 3D noir ultra-l\u00e9ger est une pi\u00e8ce de tissu apparemment simple, mais dont la polyvalence est personnifi\u00e9e. Le tissage 3D \u00e9lastique et high-tech apporte une ventilation et maintient le contr\u00f4le de la temp\u00e9rature pour une utilisation dans des conditions particuli\u00e8rement froides. L\u00e9ger et non irritant, le col ras du cou pour le trail running et le multisport se pose d\u00e9licatement sur la peau, offrant une protection rassurante. Portez-le autour du cou, relevez-le pour couvrir votre bouche et votre nez, couvrez-vous la t\u00eate ou utilisez-le comme un bandana autour de vos oreilles pour vous prot\u00e9ger du froid, voire de la chaleur, de la poussi\u00e8re et des insectes. Lorsqu&rsquo;il n&rsquo;est pas utilis\u00e9, il peut \u00eatre pli\u00e9 et gliss\u00e9 dans une poche ou un sac. M\u00eame si vous en avez d\u00e9j\u00e0 un, l&rsquo;irrempla\u00e7able col ras du cou en microfibre est un compl\u00e9ment indispensable \u00e0 votre garde-robe sportive.<\/p>\n<p>92% Polyamide, 7% Elasthanne, 1% Polypropyl\u00e8ne<\/p>\n<p><img decoding=\"async\" class=\"w-50 my-2\" src=\"https:\/\/www.compressport.com\/ch\/img\/prods_entretien.png\"><\/p>\n","protected":false},"excerpt":{"rendered":"<p>Casquette Racing Trucker \u00e0 la mode int\u00e9grant une technologie haute performance pour une ventilation et une \u00e9vacuation optimales de la transpiration pendant l&rsquo;entra\u00eenement et la course.<\/p>\n","protected":false},"featured_media":3553,"comment_status":"open","ping_status":"closed","template":"","meta":[],"product_brand":[],"product_cat":[257],"product_tag":[258,259],"class_list":{"0":"post-5982","1":"product","2":"type-product","3":"status-publish","4":"has-post-thumbnail","6":"product_cat-accessoires","7":"product_tag-femme","8":"product_tag-lhomme","10":"first","11":"instock","12":"taxable","13":"shipping-taxable","14":"purchasable","15":"product-type-variable","16":"has-default-attributes"},"yoast_head":"<!-- This site is optimized with the Yoast SEO Premium plugin v27.5 (Yoast SEO v27.5) - https:\/\/yoast.com\/product\/yoast-seo-premium-wordpress\/ -->\n<title>Tube direction 3D Thermo Seamless Ultralight Grey Melange<\/title>\n<meta name=\"description\" content=\"Tube direction 3D Thermo Seamless Ultralight Grey Melange: adaptable, ultral\u00e9ger et sans couture pour vos activit\u00e9s outdoor. Achetez maintenant pour une protection optimale.\" \/>\n<meta name=\"robots\" content=\"index, follow, max-snippet:-1, max-image-preview:large, max-video-preview:-1\" \/>\n<link rel=\"canonical\" href=\"https:\/\/xmy.ch\/fr\/prodotto\/tube-de-direction-3d-thermo-seamless-ultralight-grey-melange\/\" \/>\n<meta property=\"og:locale\" content=\"fr_FR\" \/>\n<meta property=\"og:type\" content=\"article\" \/>\n<meta property=\"og:title\" content=\"Tube direction 3D Thermo Seamless Ultralight Grey Melange\" \/>\n<meta property=\"og:description\" content=\"Prot\u00e9gez-vous du froid avec ce Tube direction 3D Thermo.\" \/>\n<meta property=\"og:url\" content=\"https:\/\/xmy.ch\/fr\/prodotto\/tube-de-direction-3d-thermo-seamless-ultralight-grey-melange\/\" \/>\n<meta property=\"og:site_name\" content=\"Xmy Sagl\" \/>\n<meta property=\"article:publisher\" content=\"https:\/\/www.facebook.com\/xmy.sagl\" \/>\n<meta property=\"og:image\" content=\"https:\/\/xmy.ch\/wp-content\/uploads\/2023\/10\/3d-thermo-ultralight-headtube-grey-melange.webp\" \/>\n\t<meta property=\"og:image:width\" content=\"549\" \/>\n\t<meta property=\"og:image:height\" content=\"712\" \/>\n\t<meta property=\"og:image:type\" content=\"image\/webp\" \/>\n<meta name=\"twitter:card\" content=\"summary_large_image\" \/>\n<meta name=\"twitter:title\" content=\"3D Thermo Seamless Ultralight Tube direction Grey Melange\" \/>\n<meta name=\"twitter:description\" content=\"D\u00e9couvrez ce Tube direction 3D Thermo et achetez maintenant.\" \/>\n<meta name=\"twitter:label1\" content=\"Dur\u00e9e de lecture estim\u00e9e\" \/>\n\t<meta name=\"twitter:data1\" content=\"1 minute\" \/>\n<script type=\"application\/ld+json\" class=\"yoast-schema-graph\">{\"@context\":\"https:\\\/\\\/schema.org\",\"@graph\":[{\"@type\":\"WebPage\",\"@id\":\"https:\\\/\\\/xmy.ch\\\/fr\\\/prodotto\\\/tube-de-direction-3d-thermo-seamless-ultralight-grey-melange\\\/\",\"url\":\"https:\\\/\\\/xmy.ch\\\/fr\\\/prodotto\\\/tube-de-direction-3d-thermo-seamless-ultralight-grey-melange\\\/\",\"name\":\"Tube direction 3D Thermo Seamless Ultralight Grey Melange\",\"isPartOf\":{\"@id\":\"https:\\\/\\\/xmy.ch\\\/fr\\\/#website\"},\"primaryImageOfPage\":{\"@id\":\"https:\\\/\\\/xmy.ch\\\/fr\\\/prodotto\\\/tube-de-direction-3d-thermo-seamless-ultralight-grey-melange\\\/#primaryimage\"},\"image\":{\"@id\":\"https:\\\/\\\/xmy.ch\\\/fr\\\/prodotto\\\/tube-de-direction-3d-thermo-seamless-ultralight-grey-melange\\\/#primaryimage\"},\"thumbnailUrl\":\"https:\\\/\\\/xmy.ch\\\/wp-content\\\/uploads\\\/2023\\\/10\\\/3d-thermo-ultralight-headtube-grey-melange.webp\",\"datePublished\":\"2023-11-04T13:11:11+00:00\",\"description\":\"Tube direction 3D Thermo Seamless Ultralight Grey Melange: adaptable, ultral\u00e9ger et sans couture pour vos activit\u00e9s outdoor. Achetez maintenant pour une protection optimale.\",\"breadcrumb\":{\"@id\":\"https:\\\/\\\/xmy.ch\\\/fr\\\/prodotto\\\/tube-de-direction-3d-thermo-seamless-ultralight-grey-melange\\\/#breadcrumb\"},\"inLanguage\":\"fr-FR\",\"potentialAction\":[{\"@type\":\"ReadAction\",\"target\":[\"https:\\\/\\\/xmy.ch\\\/fr\\\/prodotto\\\/tube-de-direction-3d-thermo-seamless-ultralight-grey-melange\\\/\"]}]},{\"@type\":\"ImageObject\",\"inLanguage\":\"fr-FR\",\"@id\":\"https:\\\/\\\/xmy.ch\\\/fr\\\/prodotto\\\/tube-de-direction-3d-thermo-seamless-ultralight-grey-melange\\\/#primaryimage\",\"url\":\"https:\\\/\\\/xmy.ch\\\/wp-content\\\/uploads\\\/2023\\\/10\\\/3d-thermo-ultralight-headtube-grey-melange.webp\",\"contentUrl\":\"https:\\\/\\\/xmy.ch\\\/wp-content\\\/uploads\\\/2023\\\/10\\\/3d-thermo-ultralight-headtube-grey-melange.webp\",\"width\":549,\"height\":712},{\"@type\":\"BreadcrumbList\",\"@id\":\"https:\\\/\\\/xmy.ch\\\/fr\\\/prodotto\\\/tube-de-direction-3d-thermo-seamless-ultralight-grey-melange\\\/#breadcrumb\",\"itemListElement\":[{\"@type\":\"ListItem\",\"position\":1,\"name\":\"Home\",\"item\":\"https:\\\/\\\/xmy.ch\\\/fr\\\/\"},{\"@type\":\"ListItem\",\"position\":2,\"name\":\"Boutique\",\"item\":\"https:\\\/\\\/xmy.ch\\\/fr\\\/boutique\\\/\"},{\"@type\":\"ListItem\",\"position\":3,\"name\":\"Tube de direction 3D Thermo Seamless Ultralight Grey Melange\"}]},{\"@type\":\"WebSite\",\"@id\":\"https:\\\/\\\/xmy.ch\\\/fr\\\/#website\",\"url\":\"https:\\\/\\\/xmy.ch\\\/fr\\\/\",\"name\":\"Xmy Sagl\",\"description\":\"\",\"publisher\":{\"@id\":\"https:\\\/\\\/xmy.ch\\\/fr\\\/#organization\"},\"potentialAction\":[{\"@type\":\"SearchAction\",\"target\":{\"@type\":\"EntryPoint\",\"urlTemplate\":\"https:\\\/\\\/xmy.ch\\\/fr\\\/?s={search_term_string}\"},\"query-input\":{\"@type\":\"PropertyValueSpecification\",\"valueRequired\":true,\"valueName\":\"search_term_string\"}}],\"inLanguage\":\"fr-FR\"},{\"@type\":\"Organization\",\"@id\":\"https:\\\/\\\/xmy.ch\\\/fr\\\/#organization\",\"name\":\"Xmy Sagl\",\"url\":\"https:\\\/\\\/xmy.ch\\\/fr\\\/\",\"logo\":{\"@type\":\"ImageObject\",\"inLanguage\":\"fr-FR\",\"@id\":\"https:\\\/\\\/xmy.ch\\\/fr\\\/#\\\/schema\\\/logo\\\/image\\\/\",\"url\":\"https:\\\/\\\/xmy.ch\\\/wp-content\\\/uploads\\\/2024\\\/02\\\/XMY_UNI_B.webp\",\"contentUrl\":\"https:\\\/\\\/xmy.ch\\\/wp-content\\\/uploads\\\/2024\\\/02\\\/XMY_UNI_B.webp\",\"width\":1459,\"height\":421,\"caption\":\"Xmy Sagl\"},\"image\":{\"@id\":\"https:\\\/\\\/xmy.ch\\\/fr\\\/#\\\/schema\\\/logo\\\/image\\\/\"},\"sameAs\":[\"https:\\\/\\\/www.facebook.com\\\/xmy.sagl\",\"https:\\\/\\\/www.instagram.com\\\/xmy.sagl\\\/\"]}]}<\/script>\n<!-- \/ Yoast SEO Premium plugin. -->","yoast_head_json":{"title":"Tube direction 3D Thermo Seamless Ultralight Grey Melange","description":"Tube direction 3D Thermo Seamless Ultralight Grey Melange: adaptable, ultral\u00e9ger et sans couture pour vos activit\u00e9s outdoor. Achetez maintenant pour une protection optimale.","robots":{"index":"index","follow":"follow","max-snippet":"max-snippet:-1","max-image-preview":"max-image-preview:large","max-video-preview":"max-video-preview:-1"},"canonical":"https:\/\/xmy.ch\/fr\/prodotto\/tube-de-direction-3d-thermo-seamless-ultralight-grey-melange\/","og_locale":"fr_FR","og_type":"article","og_title":"Tube direction 3D Thermo Seamless Ultralight Grey Melange","og_description":"Prot\u00e9gez-vous du froid avec ce Tube direction 3D Thermo.","og_url":"https:\/\/xmy.ch\/fr\/prodotto\/tube-de-direction-3d-thermo-seamless-ultralight-grey-melange\/","og_site_name":"Xmy Sagl","article_publisher":"https:\/\/www.facebook.com\/xmy.sagl","og_image":[{"width":549,"height":712,"url":"https:\/\/xmy.ch\/wp-content\/uploads\/2023\/10\/3d-thermo-ultralight-headtube-grey-melange.webp","type":"image\/webp"}],"twitter_card":"summary_large_image","twitter_title":"3D Thermo Seamless Ultralight Tube direction Grey Melange","twitter_description":"D\u00e9couvrez ce Tube direction 3D Thermo et achetez maintenant.","twitter_misc":{"Dur\u00e9e de lecture estim\u00e9e":"1 minute"},"schema":{"@context":"https:\/\/schema.org","@graph":[{"@type":"WebPage","@id":"https:\/\/xmy.ch\/fr\/prodotto\/tube-de-direction-3d-thermo-seamless-ultralight-grey-melange\/","url":"https:\/\/xmy.ch\/fr\/prodotto\/tube-de-direction-3d-thermo-seamless-ultralight-grey-melange\/","name":"Tube direction 3D Thermo Seamless Ultralight Grey Melange","isPartOf":{"@id":"https:\/\/xmy.ch\/fr\/#website"},"primaryImageOfPage":{"@id":"https:\/\/xmy.ch\/fr\/prodotto\/tube-de-direction-3d-thermo-seamless-ultralight-grey-melange\/#primaryimage"},"image":{"@id":"https:\/\/xmy.ch\/fr\/prodotto\/tube-de-direction-3d-thermo-seamless-ultralight-grey-melange\/#primaryimage"},"thumbnailUrl":"https:\/\/xmy.ch\/wp-content\/uploads\/2023\/10\/3d-thermo-ultralight-headtube-grey-melange.webp","datePublished":"2023-11-04T13:11:11+00:00","description":"Tube direction 3D Thermo Seamless Ultralight Grey Melange: adaptable, ultral\u00e9ger et sans couture pour vos activit\u00e9s outdoor. Achetez maintenant pour une protection optimale.","breadcrumb":{"@id":"https:\/\/xmy.ch\/fr\/prodotto\/tube-de-direction-3d-thermo-seamless-ultralight-grey-melange\/#breadcrumb"},"inLanguage":"fr-FR","potentialAction":[{"@type":"ReadAction","target":["https:\/\/xmy.ch\/fr\/prodotto\/tube-de-direction-3d-thermo-seamless-ultralight-grey-melange\/"]}]},{"@type":"ImageObject","inLanguage":"fr-FR","@id":"https:\/\/xmy.ch\/fr\/prodotto\/tube-de-direction-3d-thermo-seamless-ultralight-grey-melange\/#primaryimage","url":"https:\/\/xmy.ch\/wp-content\/uploads\/2023\/10\/3d-thermo-ultralight-headtube-grey-melange.webp","contentUrl":"https:\/\/xmy.ch\/wp-content\/uploads\/2023\/10\/3d-thermo-ultralight-headtube-grey-melange.webp","width":549,"height":712},{"@type":"BreadcrumbList","@id":"https:\/\/xmy.ch\/fr\/prodotto\/tube-de-direction-3d-thermo-seamless-ultralight-grey-melange\/#breadcrumb","itemListElement":[{"@type":"ListItem","position":1,"name":"Home","item":"https:\/\/xmy.ch\/fr\/"},{"@type":"ListItem","position":2,"name":"Boutique","item":"https:\/\/xmy.ch\/fr\/boutique\/"},{"@type":"ListItem","position":3,"name":"Tube de direction 3D Thermo Seamless Ultralight Grey Melange"}]},{"@type":"WebSite","@id":"https:\/\/xmy.ch\/fr\/#website","url":"https:\/\/xmy.ch\/fr\/","name":"Xmy Sagl","description":"","publisher":{"@id":"https:\/\/xmy.ch\/fr\/#organization"},"potentialAction":[{"@type":"SearchAction","target":{"@type":"EntryPoint","urlTemplate":"https:\/\/xmy.ch\/fr\/?s={search_term_string}"},"query-input":{"@type":"PropertyValueSpecification","valueRequired":true,"valueName":"search_term_string"}}],"inLanguage":"fr-FR"},{"@type":"Organization","@id":"https:\/\/xmy.ch\/fr\/#organization","name":"Xmy Sagl","url":"https:\/\/xmy.ch\/fr\/","logo":{"@type":"ImageObject","inLanguage":"fr-FR","@id":"https:\/\/xmy.ch\/fr\/#\/schema\/logo\/image\/","url":"https:\/\/xmy.ch\/wp-content\/uploads\/2024\/02\/XMY_UNI_B.webp","contentUrl":"https:\/\/xmy.ch\/wp-content\/uploads\/2024\/02\/XMY_UNI_B.webp","width":1459,"height":421,"caption":"Xmy Sagl"},"image":{"@id":"https:\/\/xmy.ch\/fr\/#\/schema\/logo\/image\/"},"sameAs":["https:\/\/www.facebook.com\/xmy.sagl","https:\/\/www.instagram.com\/xmy.sagl\/"]}]}},"_links":{"self":[{"href":"https:\/\/xmy.ch\/fr\/wp-json\/wp\/v2\/product\/5982","targetHints":{"allow":["GET"]}}],"collection":[{"href":"https:\/\/xmy.ch\/fr\/wp-json\/wp\/v2\/product"}],"about":[{"href":"https:\/\/xmy.ch\/fr\/wp-json\/wp\/v2\/types\/product"}],"replies":[{"embeddable":true,"href":"https:\/\/xmy.ch\/fr\/wp-json\/wp\/v2\/comments?post=5982"}],"wp:featuredmedia":[{"embeddable":true,"href":"https:\/\/xmy.ch\/fr\/wp-json\/wp\/v2\/media\/3553"}],"wp:attachment":[{"href":"https:\/\/xmy.ch\/fr\/wp-json\/wp\/v2\/media?parent=5982"}],"wp:term":[{"taxonomy":"product_brand","embeddable":true,"href":"https:\/\/xmy.ch\/fr\/wp-json\/wp\/v2\/product_brand?post=5982"},{"taxonomy":"product_cat","embeddable":true,"href":"https:\/\/xmy.ch\/fr\/wp-json\/wp\/v2\/product_cat?post=5982"},{"taxonomy":"product_tag","embeddable":true,"href":"https:\/\/xmy.ch\/fr\/wp-json\/wp\/v2\/product_tag?post=5982"}],"curies":[{"name":"wp","href":"https:\/\/api.w.org\/{rel}","templated":true}]}}