{"id":5978,"date":"2023-10-26T20:40:00","date_gmt":"2023-10-26T18:40:00","guid":{"rendered":"https:\/\/xmy.ch\/prodotto\/veste-hurricane-waterproof-10-10-bleu-mosaique\/"},"modified":"2023-10-26T20:40:00","modified_gmt":"2023-10-26T18:40:00","slug":"veste-hurricane-waterproof-10-10-bleu-mosaique","status":"publish","type":"product","link":"https:\/\/xmy.ch\/fr\/prodotto\/veste-hurricane-waterproof-10-10-bleu-mosaique\/","title":{"rendered":"Veste Hurricane Waterproof 10\/10 bleu mosa\u00efque"},"content":{"rendered":"<p>Veste de course imperm\u00e9able qui offre une excellente protection contre la pluie tout en restant tr\u00e8s respirante et extr\u00eamement l\u00e9g\u00e8re.<\/p>\n<p>Avec la veste imperm\u00e9able et respirante Hurricane 10\/10, qui ne p\u00e8se que 105 grammes et pr\u00e9sente un design minimaliste et \u00e9pur\u00e9, la m\u00e9t\u00e9o ne vous rebutera plus jamais ! La veste repr\u00e9sente l&rsquo;\u00e9quilibre parfait entre la protection, le soutien et le confort. Totalement imperm\u00e9able, il prot\u00e8ge de la pluie et du vent gr\u00e2ce \u00e0 ses 10 000 fibres de Schmerber r\u00e9sistantes \u00e0 l&rsquo;eau et \u00e0 ses coutures \u00e9tanches. Extr\u00eamement respirante, la fibre assure \u00e9galement une excellente \u00e9vacuation de l&rsquo;humidit\u00e9 et de la transpiration, pour que vous restiez au sec \u00e0 l&rsquo;int\u00e9rieur comme \u00e0 l&rsquo;ext\u00e9rieur. Minimaliste, la veste imperm\u00e9able Hurricane 10\/10 offre une combinaison in\u00e9gal\u00e9e de protection et de l\u00e9g\u00e8ret\u00e9. Vous restez totalement libre de vos mouvements gr\u00e2ce \u00e0 sa fibre extensible et \u00e0 sa coupe pr\u00e8s du corps qui reste a\u00e9rodynamique. La veste imperm\u00e9able Hurricane 10\/10 est totalement polyvalente et prot\u00e8ge de la pluie dans tous les sports (trail running, triathlon, trekking, mountain bike&#8230;.). Il r\u00e9pond \u00e9galement aux exigences de l&rsquo;\u00e9quipement obligatoire des ultra-trails (membrane r\u00e9sistante \u00e0 la pression de l&rsquo;eau jusqu&rsquo;\u00e0 10 000 mm).<\/p>\n<p>56% PES, 44% PU<\/p>\n<p><img decoding=\"async\" class=\"w-50 my-2\" src=\"https:\/\/www.compressport.com\/ch\/img\/prods_entretien.png\"><\/p>\n","protected":false},"excerpt":{"rendered":"<p>Veste de course imperm\u00e9able qui offre une excellente protection contre la pluie tout en restant tr\u00e8s respirante et extr\u00eamement l\u00e9g\u00e8re.<\/p>\n","protected":false},"featured_media":3748,"comment_status":"open","ping_status":"closed","template":"","meta":[],"product_brand":[],"product_cat":[353],"product_tag":[258,259],"class_list":{"0":"post-5978","1":"product","2":"type-product","3":"status-publish","4":"has-post-thumbnail","6":"product_cat-vestes-et-gilets","7":"product_tag-femme","8":"product_tag-lhomme","10":"first","11":"instock","12":"taxable","13":"shipping-taxable","14":"purchasable","15":"product-type-variable"},"yoast_head":"<!-- This site is optimized with the Yoast SEO Premium plugin v27.5 (Yoast SEO v27.5) - https:\/\/yoast.com\/product\/yoast-seo-premium-wordpress\/ -->\n<title>Veste Hurricane Waterproof 10\/10 \u2013 Imperm\u00e9able l\u00e9ger<\/title>\n<meta name=\"description\" content=\"Veste Hurricane Waterproof 10\/10 offre une protection contre la pluie tout en restant l\u00e9g\u00e8re et respirante. Achetez cette veste de sport fiable d\u00e8s aujourd&#039;hui.\" \/>\n<meta name=\"robots\" content=\"index, follow, max-snippet:-1, max-image-preview:large, max-video-preview:-1\" \/>\n<link rel=\"canonical\" href=\"https:\/\/xmy.ch\/fr\/prodotto\/veste-hurricane-waterproof-10-10-bleu-mosaique\/\" \/>\n<meta property=\"og:locale\" content=\"fr_FR\" \/>\n<meta property=\"og:type\" content=\"article\" \/>\n<meta property=\"og:title\" content=\"Veste Hurricane Waterproof 10\/10 \u2013 Protection pluie\" \/>\n<meta property=\"og:description\" content=\"Prot\u00e9gez-vous de la pluie avec Hurricane 10\/10. Commandez maintenant.\" \/>\n<meta property=\"og:url\" content=\"https:\/\/xmy.ch\/fr\/prodotto\/veste-hurricane-waterproof-10-10-bleu-mosaique\/\" \/>\n<meta property=\"og:site_name\" content=\"Xmy Sagl\" \/>\n<meta property=\"article:publisher\" content=\"https:\/\/www.facebook.com\/xmy.sagl\" \/>\n<meta property=\"og:image\" content=\"https:\/\/xmy.ch\/wp-content\/uploads\/2023\/10\/hurricane-waterproof-10-10-jacket-mosaic-blue.png\" \/>\n\t<meta property=\"og:image:width\" content=\"549\" \/>\n\t<meta property=\"og:image:height\" content=\"712\" \/>\n\t<meta property=\"og:image:type\" content=\"image\/png\" \/>\n<meta name=\"twitter:card\" content=\"summary_large_image\" \/>\n<meta name=\"twitter:title\" content=\"Hurricane Waterproof 10\/10 \u2013 Veste l\u00e9g\u00e8re et imperm\u00e9able\" \/>\n<meta name=\"twitter:description\" content=\"D\u00e9couvrez la Hurricane 10\/10 et restez au sec. Achetez d\u00e8s aujourd&#039;hui.\" \/>\n<meta name=\"twitter:label1\" content=\"Dur\u00e9e de lecture estim\u00e9e\" \/>\n\t<meta name=\"twitter:data1\" content=\"1 minute\" \/>\n<script type=\"application\/ld+json\" class=\"yoast-schema-graph\">{\"@context\":\"https:\\\/\\\/schema.org\",\"@graph\":[{\"@type\":\"WebPage\",\"@id\":\"https:\\\/\\\/xmy.ch\\\/fr\\\/prodotto\\\/veste-hurricane-waterproof-10-10-bleu-mosaique\\\/\",\"url\":\"https:\\\/\\\/xmy.ch\\\/fr\\\/prodotto\\\/veste-hurricane-waterproof-10-10-bleu-mosaique\\\/\",\"name\":\"Veste Hurricane Waterproof 10\\\/10 \u2013 Imperm\u00e9able l\u00e9ger\",\"isPartOf\":{\"@id\":\"https:\\\/\\\/xmy.ch\\\/fr\\\/#website\"},\"primaryImageOfPage\":{\"@id\":\"https:\\\/\\\/xmy.ch\\\/fr\\\/prodotto\\\/veste-hurricane-waterproof-10-10-bleu-mosaique\\\/#primaryimage\"},\"image\":{\"@id\":\"https:\\\/\\\/xmy.ch\\\/fr\\\/prodotto\\\/veste-hurricane-waterproof-10-10-bleu-mosaique\\\/#primaryimage\"},\"thumbnailUrl\":\"https:\\\/\\\/xmy.ch\\\/wp-content\\\/uploads\\\/2023\\\/10\\\/hurricane-waterproof-10-10-jacket-mosaic-blue.png\",\"datePublished\":\"2023-10-26T18:40:00+00:00\",\"description\":\"Veste Hurricane Waterproof 10\\\/10 offre une protection contre la pluie tout en restant l\u00e9g\u00e8re et respirante. Achetez cette veste de sport fiable d\u00e8s aujourd'hui.\",\"breadcrumb\":{\"@id\":\"https:\\\/\\\/xmy.ch\\\/fr\\\/prodotto\\\/veste-hurricane-waterproof-10-10-bleu-mosaique\\\/#breadcrumb\"},\"inLanguage\":\"fr-FR\",\"potentialAction\":[{\"@type\":\"ReadAction\",\"target\":[\"https:\\\/\\\/xmy.ch\\\/fr\\\/prodotto\\\/veste-hurricane-waterproof-10-10-bleu-mosaique\\\/\"]}]},{\"@type\":\"ImageObject\",\"inLanguage\":\"fr-FR\",\"@id\":\"https:\\\/\\\/xmy.ch\\\/fr\\\/prodotto\\\/veste-hurricane-waterproof-10-10-bleu-mosaique\\\/#primaryimage\",\"url\":\"https:\\\/\\\/xmy.ch\\\/wp-content\\\/uploads\\\/2023\\\/10\\\/hurricane-waterproof-10-10-jacket-mosaic-blue.png\",\"contentUrl\":\"https:\\\/\\\/xmy.ch\\\/wp-content\\\/uploads\\\/2023\\\/10\\\/hurricane-waterproof-10-10-jacket-mosaic-blue.png\",\"width\":549,\"height\":712},{\"@type\":\"BreadcrumbList\",\"@id\":\"https:\\\/\\\/xmy.ch\\\/fr\\\/prodotto\\\/veste-hurricane-waterproof-10-10-bleu-mosaique\\\/#breadcrumb\",\"itemListElement\":[{\"@type\":\"ListItem\",\"position\":1,\"name\":\"Home\",\"item\":\"https:\\\/\\\/xmy.ch\\\/fr\\\/\"},{\"@type\":\"ListItem\",\"position\":2,\"name\":\"Boutique\",\"item\":\"https:\\\/\\\/xmy.ch\\\/fr\\\/boutique\\\/\"},{\"@type\":\"ListItem\",\"position\":3,\"name\":\"Veste Hurricane Waterproof 10\\\/10 bleu mosa\u00efque\"}]},{\"@type\":\"WebSite\",\"@id\":\"https:\\\/\\\/xmy.ch\\\/fr\\\/#website\",\"url\":\"https:\\\/\\\/xmy.ch\\\/fr\\\/\",\"name\":\"Xmy Sagl\",\"description\":\"\",\"publisher\":{\"@id\":\"https:\\\/\\\/xmy.ch\\\/fr\\\/#organization\"},\"potentialAction\":[{\"@type\":\"SearchAction\",\"target\":{\"@type\":\"EntryPoint\",\"urlTemplate\":\"https:\\\/\\\/xmy.ch\\\/fr\\\/?s={search_term_string}\"},\"query-input\":{\"@type\":\"PropertyValueSpecification\",\"valueRequired\":true,\"valueName\":\"search_term_string\"}}],\"inLanguage\":\"fr-FR\"},{\"@type\":\"Organization\",\"@id\":\"https:\\\/\\\/xmy.ch\\\/fr\\\/#organization\",\"name\":\"Xmy Sagl\",\"url\":\"https:\\\/\\\/xmy.ch\\\/fr\\\/\",\"logo\":{\"@type\":\"ImageObject\",\"inLanguage\":\"fr-FR\",\"@id\":\"https:\\\/\\\/xmy.ch\\\/fr\\\/#\\\/schema\\\/logo\\\/image\\\/\",\"url\":\"https:\\\/\\\/xmy.ch\\\/wp-content\\\/uploads\\\/2024\\\/02\\\/XMY_UNI_B.webp\",\"contentUrl\":\"https:\\\/\\\/xmy.ch\\\/wp-content\\\/uploads\\\/2024\\\/02\\\/XMY_UNI_B.webp\",\"width\":1459,\"height\":421,\"caption\":\"Xmy Sagl\"},\"image\":{\"@id\":\"https:\\\/\\\/xmy.ch\\\/fr\\\/#\\\/schema\\\/logo\\\/image\\\/\"},\"sameAs\":[\"https:\\\/\\\/www.facebook.com\\\/xmy.sagl\",\"https:\\\/\\\/www.instagram.com\\\/xmy.sagl\\\/\"]}]}<\/script>\n<!-- \/ Yoast SEO Premium plugin. -->","yoast_head_json":{"title":"Veste Hurricane Waterproof 10\/10 \u2013 Imperm\u00e9able l\u00e9ger","description":"Veste Hurricane Waterproof 10\/10 offre une protection contre la pluie tout en restant l\u00e9g\u00e8re et respirante. Achetez cette veste de sport fiable d\u00e8s aujourd'hui.","robots":{"index":"index","follow":"follow","max-snippet":"max-snippet:-1","max-image-preview":"max-image-preview:large","max-video-preview":"max-video-preview:-1"},"canonical":"https:\/\/xmy.ch\/fr\/prodotto\/veste-hurricane-waterproof-10-10-bleu-mosaique\/","og_locale":"fr_FR","og_type":"article","og_title":"Veste Hurricane Waterproof 10\/10 \u2013 Protection pluie","og_description":"Prot\u00e9gez-vous de la pluie avec Hurricane 10\/10. Commandez maintenant.","og_url":"https:\/\/xmy.ch\/fr\/prodotto\/veste-hurricane-waterproof-10-10-bleu-mosaique\/","og_site_name":"Xmy Sagl","article_publisher":"https:\/\/www.facebook.com\/xmy.sagl","og_image":[{"width":549,"height":712,"url":"https:\/\/xmy.ch\/wp-content\/uploads\/2023\/10\/hurricane-waterproof-10-10-jacket-mosaic-blue.png","type":"image\/png"}],"twitter_card":"summary_large_image","twitter_title":"Hurricane Waterproof 10\/10 \u2013 Veste l\u00e9g\u00e8re et imperm\u00e9able","twitter_description":"D\u00e9couvrez la Hurricane 10\/10 et restez au sec. Achetez d\u00e8s aujourd'hui.","twitter_misc":{"Dur\u00e9e de lecture estim\u00e9e":"1 minute"},"schema":{"@context":"https:\/\/schema.org","@graph":[{"@type":"WebPage","@id":"https:\/\/xmy.ch\/fr\/prodotto\/veste-hurricane-waterproof-10-10-bleu-mosaique\/","url":"https:\/\/xmy.ch\/fr\/prodotto\/veste-hurricane-waterproof-10-10-bleu-mosaique\/","name":"Veste Hurricane Waterproof 10\/10 \u2013 Imperm\u00e9able l\u00e9ger","isPartOf":{"@id":"https:\/\/xmy.ch\/fr\/#website"},"primaryImageOfPage":{"@id":"https:\/\/xmy.ch\/fr\/prodotto\/veste-hurricane-waterproof-10-10-bleu-mosaique\/#primaryimage"},"image":{"@id":"https:\/\/xmy.ch\/fr\/prodotto\/veste-hurricane-waterproof-10-10-bleu-mosaique\/#primaryimage"},"thumbnailUrl":"https:\/\/xmy.ch\/wp-content\/uploads\/2023\/10\/hurricane-waterproof-10-10-jacket-mosaic-blue.png","datePublished":"2023-10-26T18:40:00+00:00","description":"Veste Hurricane Waterproof 10\/10 offre une protection contre la pluie tout en restant l\u00e9g\u00e8re et respirante. Achetez cette veste de sport fiable d\u00e8s aujourd'hui.","breadcrumb":{"@id":"https:\/\/xmy.ch\/fr\/prodotto\/veste-hurricane-waterproof-10-10-bleu-mosaique\/#breadcrumb"},"inLanguage":"fr-FR","potentialAction":[{"@type":"ReadAction","target":["https:\/\/xmy.ch\/fr\/prodotto\/veste-hurricane-waterproof-10-10-bleu-mosaique\/"]}]},{"@type":"ImageObject","inLanguage":"fr-FR","@id":"https:\/\/xmy.ch\/fr\/prodotto\/veste-hurricane-waterproof-10-10-bleu-mosaique\/#primaryimage","url":"https:\/\/xmy.ch\/wp-content\/uploads\/2023\/10\/hurricane-waterproof-10-10-jacket-mosaic-blue.png","contentUrl":"https:\/\/xmy.ch\/wp-content\/uploads\/2023\/10\/hurricane-waterproof-10-10-jacket-mosaic-blue.png","width":549,"height":712},{"@type":"BreadcrumbList","@id":"https:\/\/xmy.ch\/fr\/prodotto\/veste-hurricane-waterproof-10-10-bleu-mosaique\/#breadcrumb","itemListElement":[{"@type":"ListItem","position":1,"name":"Home","item":"https:\/\/xmy.ch\/fr\/"},{"@type":"ListItem","position":2,"name":"Boutique","item":"https:\/\/xmy.ch\/fr\/boutique\/"},{"@type":"ListItem","position":3,"name":"Veste Hurricane Waterproof 10\/10 bleu mosa\u00efque"}]},{"@type":"WebSite","@id":"https:\/\/xmy.ch\/fr\/#website","url":"https:\/\/xmy.ch\/fr\/","name":"Xmy Sagl","description":"","publisher":{"@id":"https:\/\/xmy.ch\/fr\/#organization"},"potentialAction":[{"@type":"SearchAction","target":{"@type":"EntryPoint","urlTemplate":"https:\/\/xmy.ch\/fr\/?s={search_term_string}"},"query-input":{"@type":"PropertyValueSpecification","valueRequired":true,"valueName":"search_term_string"}}],"inLanguage":"fr-FR"},{"@type":"Organization","@id":"https:\/\/xmy.ch\/fr\/#organization","name":"Xmy Sagl","url":"https:\/\/xmy.ch\/fr\/","logo":{"@type":"ImageObject","inLanguage":"fr-FR","@id":"https:\/\/xmy.ch\/fr\/#\/schema\/logo\/image\/","url":"https:\/\/xmy.ch\/wp-content\/uploads\/2024\/02\/XMY_UNI_B.webp","contentUrl":"https:\/\/xmy.ch\/wp-content\/uploads\/2024\/02\/XMY_UNI_B.webp","width":1459,"height":421,"caption":"Xmy Sagl"},"image":{"@id":"https:\/\/xmy.ch\/fr\/#\/schema\/logo\/image\/"},"sameAs":["https:\/\/www.facebook.com\/xmy.sagl","https:\/\/www.instagram.com\/xmy.sagl\/"]}]}},"_links":{"self":[{"href":"https:\/\/xmy.ch\/fr\/wp-json\/wp\/v2\/product\/5978","targetHints":{"allow":["GET"]}}],"collection":[{"href":"https:\/\/xmy.ch\/fr\/wp-json\/wp\/v2\/product"}],"about":[{"href":"https:\/\/xmy.ch\/fr\/wp-json\/wp\/v2\/types\/product"}],"replies":[{"embeddable":true,"href":"https:\/\/xmy.ch\/fr\/wp-json\/wp\/v2\/comments?post=5978"}],"wp:featuredmedia":[{"embeddable":true,"href":"https:\/\/xmy.ch\/fr\/wp-json\/wp\/v2\/media\/3748"}],"wp:attachment":[{"href":"https:\/\/xmy.ch\/fr\/wp-json\/wp\/v2\/media?parent=5978"}],"wp:term":[{"taxonomy":"product_brand","embeddable":true,"href":"https:\/\/xmy.ch\/fr\/wp-json\/wp\/v2\/product_brand?post=5978"},{"taxonomy":"product_cat","embeddable":true,"href":"https:\/\/xmy.ch\/fr\/wp-json\/wp\/v2\/product_cat?post=5978"},{"taxonomy":"product_tag","embeddable":true,"href":"https:\/\/xmy.ch\/fr\/wp-json\/wp\/v2\/product_tag?post=5978"}],"curies":[{"name":"wp","href":"https:\/\/api.w.org\/{rel}","templated":true}]}}