{"id":5972,"date":"2023-10-26T20:07:00","date_gmt":"2023-10-26T18:07:00","guid":{"rendered":"https:\/\/xmy.ch\/prodotto\/on-off-base-layer-ls-top-man-grey-melange\/"},"modified":"2023-10-26T20:07:00","modified_gmt":"2023-10-26T18:07:00","slug":"on-off-base-layer-ls-top-man-grey-melange","status":"publish","type":"product","link":"https:\/\/xmy.ch\/fr\/prodotto\/on-off-base-layer-ls-top-man-grey-melange\/","title":{"rendered":"On\/Off Base Layer LS Top Man Grey Melange"},"content":{"rendered":"<p>T-shirt \u00e0 manches longues high-tech avec thermor\u00e9gulation du corps pour des performances et un confort optimaux dans des conditions froides.<\/p>\n<p>Au c\u0153ur de l&rsquo;hiver, le choix du bon tee-shirt peut \u00eatre d\u00e9cisif pour pouvoir rester dehors ou devoir interrompre sa s\u00e9ance. Id\u00e9al pour tous les sports de plein air, le T-shirt \u00e0 manches longues On\/Off a \u00e9t\u00e9 cr\u00e9\u00e9 gr\u00e2ce \u00e0 notre technologie exclusive On\/Off qui respire litt\u00e9ralement avec vous pour ajuster la ventilation et la protection en fonction de l&rsquo;intensit\u00e9 de votre entra\u00eenement. Lorsque l&rsquo;intensit\u00e9 augmente, la poitrine se dilate pour absorber l&rsquo;oxyg\u00e8ne et les alv\u00e9oles du tissu s&rsquo;ouvrent pour r\u00e9duire la compression et augmenter la transpiration. Si l&rsquo;effort diminue, par exemple en descente, les alv\u00e9oles se referment pour vous prot\u00e9ger et conserver la chaleur. Gr\u00e2ce \u00e0 une cartographie intelligente du corps, le diam\u00e8tre des trous varie en fonction de la zone de la poitrine, avec des ouvertures plus grandes dans les zones moins sensibles telles que la cage thoracique et des ouvertures plus petites au niveau du cou et des poignets. Il en r\u00e9sulte un s\u00e9chage rapide et une thermor\u00e9gulation performante qui maintient une temp\u00e9rature interne constante quels que soient l&rsquo;effort et les conditions ext\u00e9rieures. L&rsquo;ajustement Ergo favorise cet effet high-tech, bloque le flux d&rsquo;air et assure une chaleur maximale pendant l&rsquo;entra\u00eenement. Notre technologie unique Spin Control, tiss\u00e9e dans le dos, aide \u00e0 maintenir une posture correcte. Le t-shirt est fabriqu\u00e9 en microfibre sans couture, douce et non irritante pour la peau, avec des propri\u00e9t\u00e9s antibact\u00e9riennes naturelles qui combattent les odeurs et les irritations. Le col rond s&rsquo;adapte \u00e0 toutes les morphologies pour un confort optimal, tandis que la conception des manches raglan laisse les \u00e9paules libres pour une totale libert\u00e9 de mouvement. Il s&rsquo;agit d&rsquo;une couche de base qui permet non seulement de rester au chaud et au sec, mais aussi de faciliter l&rsquo;effort, quelles que soient la discipline et l&rsquo;intensit\u00e9.<\/p>\n<p>73% Polyester, 19% Polyamide, 8% Elasthanne<\/p>\n<p><img decoding=\"async\" class=\"w-50 my-2\" src=\"https:\/\/www.compressport.com\/ch\/img\/prods_entretien.png\"><\/p>\n","protected":false},"excerpt":{"rendered":"<p>T-shirt \u00e0 manches longues high-tech avec thermor\u00e9gulation du corps pour des performances et un confort optimaux dans des conditions froides.<\/p>\n","protected":false},"featured_media":3675,"comment_status":"open","ping_status":"closed","template":"","meta":[],"product_brand":[],"product_cat":[327],"product_tag":[259],"class_list":{"0":"post-5972","1":"product","2":"type-product","3":"status-publish","4":"has-post-thumbnail","6":"product_cat-chemises-a-manches-longues","7":"product_tag-lhomme","9":"first","10":"instock","11":"taxable","12":"shipping-taxable","13":"purchasable","14":"product-type-variable"},"yoast_head":"<!-- This site is optimized with the Yoast SEO Premium plugin v27.5 (Yoast SEO v27.5) - https:\/\/yoast.com\/product\/yoast-seo-premium-wordpress\/ -->\n<title>Base Layer On\/Off LS Top Man Gris M\u00e9lange Performance<\/title>\n<meta name=\"description\" content=\"Base Layer On\/Off LS Top Man Gris M\u00e9lange offre thermor\u00e9gulation et confort en conditions froides. Restez performant et au sec\u2014achetez d\u00e8s maintenant.\" \/>\n<meta name=\"robots\" content=\"index, follow, max-snippet:-1, max-image-preview:large, max-video-preview:-1\" \/>\n<link rel=\"canonical\" href=\"https:\/\/xmy.ch\/fr\/prodotto\/on-off-base-layer-ls-top-man-grey-melange\/\" \/>\n<meta property=\"og:locale\" content=\"fr_FR\" \/>\n<meta property=\"og:type\" content=\"article\" \/>\n<meta property=\"og:title\" content=\"Base Layer On\/Off LS Top Man Gris M\u00e9lange \u2013 Performance\" \/>\n<meta property=\"og:description\" content=\"Base Layer On\/Off LS Top Man Gris M\u00e9lange: thermor\u00e9gulation pour l&#039;hiver. Achetez maintenant.\" \/>\n<meta property=\"og:url\" content=\"https:\/\/xmy.ch\/fr\/prodotto\/on-off-base-layer-ls-top-man-grey-melange\/\" \/>\n<meta property=\"og:site_name\" content=\"Xmy Sagl\" \/>\n<meta property=\"article:publisher\" content=\"https:\/\/www.facebook.com\/xmy.sagl\" \/>\n<meta property=\"og:image\" content=\"https:\/\/xmy.ch\/wp-content\/uploads\/2023\/10\/on-off-base-layer-ls-top-m-black.webp\" \/>\n\t<meta property=\"og:image:width\" content=\"549\" \/>\n\t<meta property=\"og:image:height\" content=\"712\" \/>\n\t<meta property=\"og:image:type\" content=\"image\/webp\" \/>\n<meta name=\"twitter:card\" content=\"summary_large_image\" \/>\n<meta name=\"twitter:title\" content=\"On\/Off Base Layer LS Top Man Gris M\u00e9lange\" \/>\n<meta name=\"twitter:description\" content=\"Thermor\u00e9gulation et confort pour vos entra\u00eenements ext\u00e9rieurs. Commandez d\u00e8s aujourd&#039;hui.\" \/>\n<meta name=\"twitter:label1\" content=\"Dur\u00e9e de lecture estim\u00e9e\" \/>\n\t<meta name=\"twitter:data1\" content=\"2 minutes\" \/>\n<script type=\"application\/ld+json\" class=\"yoast-schema-graph\">{\"@context\":\"https:\\\/\\\/schema.org\",\"@graph\":[{\"@type\":\"WebPage\",\"@id\":\"https:\\\/\\\/xmy.ch\\\/fr\\\/prodotto\\\/on-off-base-layer-ls-top-man-grey-melange\\\/\",\"url\":\"https:\\\/\\\/xmy.ch\\\/fr\\\/prodotto\\\/on-off-base-layer-ls-top-man-grey-melange\\\/\",\"name\":\"Base Layer On\\\/Off LS Top Man Gris M\u00e9lange Performance\",\"isPartOf\":{\"@id\":\"https:\\\/\\\/xmy.ch\\\/fr\\\/#website\"},\"primaryImageOfPage\":{\"@id\":\"https:\\\/\\\/xmy.ch\\\/fr\\\/prodotto\\\/on-off-base-layer-ls-top-man-grey-melange\\\/#primaryimage\"},\"image\":{\"@id\":\"https:\\\/\\\/xmy.ch\\\/fr\\\/prodotto\\\/on-off-base-layer-ls-top-man-grey-melange\\\/#primaryimage\"},\"thumbnailUrl\":\"https:\\\/\\\/xmy.ch\\\/wp-content\\\/uploads\\\/2023\\\/10\\\/on-off-base-layer-ls-top-m-black.webp\",\"datePublished\":\"2023-10-26T18:07:00+00:00\",\"description\":\"Base Layer On\\\/Off LS Top Man Gris M\u00e9lange offre thermor\u00e9gulation et confort en conditions froides. Restez performant et au sec\u2014achetez d\u00e8s maintenant.\",\"breadcrumb\":{\"@id\":\"https:\\\/\\\/xmy.ch\\\/fr\\\/prodotto\\\/on-off-base-layer-ls-top-man-grey-melange\\\/#breadcrumb\"},\"inLanguage\":\"fr-FR\",\"potentialAction\":[{\"@type\":\"ReadAction\",\"target\":[\"https:\\\/\\\/xmy.ch\\\/fr\\\/prodotto\\\/on-off-base-layer-ls-top-man-grey-melange\\\/\"]}]},{\"@type\":\"ImageObject\",\"inLanguage\":\"fr-FR\",\"@id\":\"https:\\\/\\\/xmy.ch\\\/fr\\\/prodotto\\\/on-off-base-layer-ls-top-man-grey-melange\\\/#primaryimage\",\"url\":\"https:\\\/\\\/xmy.ch\\\/wp-content\\\/uploads\\\/2023\\\/10\\\/on-off-base-layer-ls-top-m-black.webp\",\"contentUrl\":\"https:\\\/\\\/xmy.ch\\\/wp-content\\\/uploads\\\/2023\\\/10\\\/on-off-base-layer-ls-top-m-black.webp\",\"width\":549,\"height\":712},{\"@type\":\"BreadcrumbList\",\"@id\":\"https:\\\/\\\/xmy.ch\\\/fr\\\/prodotto\\\/on-off-base-layer-ls-top-man-grey-melange\\\/#breadcrumb\",\"itemListElement\":[{\"@type\":\"ListItem\",\"position\":1,\"name\":\"Home\",\"item\":\"https:\\\/\\\/xmy.ch\\\/fr\\\/\"},{\"@type\":\"ListItem\",\"position\":2,\"name\":\"Boutique\",\"item\":\"https:\\\/\\\/xmy.ch\\\/fr\\\/boutique\\\/\"},{\"@type\":\"ListItem\",\"position\":3,\"name\":\"On\\\/Off Base Layer LS Top Man Grey Melange\"}]},{\"@type\":\"WebSite\",\"@id\":\"https:\\\/\\\/xmy.ch\\\/fr\\\/#website\",\"url\":\"https:\\\/\\\/xmy.ch\\\/fr\\\/\",\"name\":\"Xmy Sagl\",\"description\":\"\",\"publisher\":{\"@id\":\"https:\\\/\\\/xmy.ch\\\/fr\\\/#organization\"},\"potentialAction\":[{\"@type\":\"SearchAction\",\"target\":{\"@type\":\"EntryPoint\",\"urlTemplate\":\"https:\\\/\\\/xmy.ch\\\/fr\\\/?s={search_term_string}\"},\"query-input\":{\"@type\":\"PropertyValueSpecification\",\"valueRequired\":true,\"valueName\":\"search_term_string\"}}],\"inLanguage\":\"fr-FR\"},{\"@type\":\"Organization\",\"@id\":\"https:\\\/\\\/xmy.ch\\\/fr\\\/#organization\",\"name\":\"Xmy Sagl\",\"url\":\"https:\\\/\\\/xmy.ch\\\/fr\\\/\",\"logo\":{\"@type\":\"ImageObject\",\"inLanguage\":\"fr-FR\",\"@id\":\"https:\\\/\\\/xmy.ch\\\/fr\\\/#\\\/schema\\\/logo\\\/image\\\/\",\"url\":\"https:\\\/\\\/xmy.ch\\\/wp-content\\\/uploads\\\/2024\\\/02\\\/XMY_UNI_B.webp\",\"contentUrl\":\"https:\\\/\\\/xmy.ch\\\/wp-content\\\/uploads\\\/2024\\\/02\\\/XMY_UNI_B.webp\",\"width\":1459,\"height\":421,\"caption\":\"Xmy Sagl\"},\"image\":{\"@id\":\"https:\\\/\\\/xmy.ch\\\/fr\\\/#\\\/schema\\\/logo\\\/image\\\/\"},\"sameAs\":[\"https:\\\/\\\/www.facebook.com\\\/xmy.sagl\",\"https:\\\/\\\/www.instagram.com\\\/xmy.sagl\\\/\"]}]}<\/script>\n<!-- \/ Yoast SEO Premium plugin. -->","yoast_head_json":{"title":"Base Layer On\/Off LS Top Man Gris M\u00e9lange Performance","description":"Base Layer On\/Off LS Top Man Gris M\u00e9lange offre thermor\u00e9gulation et confort en conditions froides. Restez performant et au sec\u2014achetez d\u00e8s maintenant.","robots":{"index":"index","follow":"follow","max-snippet":"max-snippet:-1","max-image-preview":"max-image-preview:large","max-video-preview":"max-video-preview:-1"},"canonical":"https:\/\/xmy.ch\/fr\/prodotto\/on-off-base-layer-ls-top-man-grey-melange\/","og_locale":"fr_FR","og_type":"article","og_title":"Base Layer On\/Off LS Top Man Gris M\u00e9lange \u2013 Performance","og_description":"Base Layer On\/Off LS Top Man Gris M\u00e9lange: thermor\u00e9gulation pour l'hiver. Achetez maintenant.","og_url":"https:\/\/xmy.ch\/fr\/prodotto\/on-off-base-layer-ls-top-man-grey-melange\/","og_site_name":"Xmy Sagl","article_publisher":"https:\/\/www.facebook.com\/xmy.sagl","og_image":[{"width":549,"height":712,"url":"https:\/\/xmy.ch\/wp-content\/uploads\/2023\/10\/on-off-base-layer-ls-top-m-black.webp","type":"image\/webp"}],"twitter_card":"summary_large_image","twitter_title":"On\/Off Base Layer LS Top Man Gris M\u00e9lange","twitter_description":"Thermor\u00e9gulation et confort pour vos entra\u00eenements ext\u00e9rieurs. Commandez d\u00e8s aujourd'hui.","twitter_misc":{"Dur\u00e9e de lecture estim\u00e9e":"2 minutes"},"schema":{"@context":"https:\/\/schema.org","@graph":[{"@type":"WebPage","@id":"https:\/\/xmy.ch\/fr\/prodotto\/on-off-base-layer-ls-top-man-grey-melange\/","url":"https:\/\/xmy.ch\/fr\/prodotto\/on-off-base-layer-ls-top-man-grey-melange\/","name":"Base Layer On\/Off LS Top Man Gris M\u00e9lange Performance","isPartOf":{"@id":"https:\/\/xmy.ch\/fr\/#website"},"primaryImageOfPage":{"@id":"https:\/\/xmy.ch\/fr\/prodotto\/on-off-base-layer-ls-top-man-grey-melange\/#primaryimage"},"image":{"@id":"https:\/\/xmy.ch\/fr\/prodotto\/on-off-base-layer-ls-top-man-grey-melange\/#primaryimage"},"thumbnailUrl":"https:\/\/xmy.ch\/wp-content\/uploads\/2023\/10\/on-off-base-layer-ls-top-m-black.webp","datePublished":"2023-10-26T18:07:00+00:00","description":"Base Layer On\/Off LS Top Man Gris M\u00e9lange offre thermor\u00e9gulation et confort en conditions froides. Restez performant et au sec\u2014achetez d\u00e8s maintenant.","breadcrumb":{"@id":"https:\/\/xmy.ch\/fr\/prodotto\/on-off-base-layer-ls-top-man-grey-melange\/#breadcrumb"},"inLanguage":"fr-FR","potentialAction":[{"@type":"ReadAction","target":["https:\/\/xmy.ch\/fr\/prodotto\/on-off-base-layer-ls-top-man-grey-melange\/"]}]},{"@type":"ImageObject","inLanguage":"fr-FR","@id":"https:\/\/xmy.ch\/fr\/prodotto\/on-off-base-layer-ls-top-man-grey-melange\/#primaryimage","url":"https:\/\/xmy.ch\/wp-content\/uploads\/2023\/10\/on-off-base-layer-ls-top-m-black.webp","contentUrl":"https:\/\/xmy.ch\/wp-content\/uploads\/2023\/10\/on-off-base-layer-ls-top-m-black.webp","width":549,"height":712},{"@type":"BreadcrumbList","@id":"https:\/\/xmy.ch\/fr\/prodotto\/on-off-base-layer-ls-top-man-grey-melange\/#breadcrumb","itemListElement":[{"@type":"ListItem","position":1,"name":"Home","item":"https:\/\/xmy.ch\/fr\/"},{"@type":"ListItem","position":2,"name":"Boutique","item":"https:\/\/xmy.ch\/fr\/boutique\/"},{"@type":"ListItem","position":3,"name":"On\/Off Base Layer LS Top Man Grey Melange"}]},{"@type":"WebSite","@id":"https:\/\/xmy.ch\/fr\/#website","url":"https:\/\/xmy.ch\/fr\/","name":"Xmy Sagl","description":"","publisher":{"@id":"https:\/\/xmy.ch\/fr\/#organization"},"potentialAction":[{"@type":"SearchAction","target":{"@type":"EntryPoint","urlTemplate":"https:\/\/xmy.ch\/fr\/?s={search_term_string}"},"query-input":{"@type":"PropertyValueSpecification","valueRequired":true,"valueName":"search_term_string"}}],"inLanguage":"fr-FR"},{"@type":"Organization","@id":"https:\/\/xmy.ch\/fr\/#organization","name":"Xmy Sagl","url":"https:\/\/xmy.ch\/fr\/","logo":{"@type":"ImageObject","inLanguage":"fr-FR","@id":"https:\/\/xmy.ch\/fr\/#\/schema\/logo\/image\/","url":"https:\/\/xmy.ch\/wp-content\/uploads\/2024\/02\/XMY_UNI_B.webp","contentUrl":"https:\/\/xmy.ch\/wp-content\/uploads\/2024\/02\/XMY_UNI_B.webp","width":1459,"height":421,"caption":"Xmy Sagl"},"image":{"@id":"https:\/\/xmy.ch\/fr\/#\/schema\/logo\/image\/"},"sameAs":["https:\/\/www.facebook.com\/xmy.sagl","https:\/\/www.instagram.com\/xmy.sagl\/"]}]}},"_links":{"self":[{"href":"https:\/\/xmy.ch\/fr\/wp-json\/wp\/v2\/product\/5972","targetHints":{"allow":["GET"]}}],"collection":[{"href":"https:\/\/xmy.ch\/fr\/wp-json\/wp\/v2\/product"}],"about":[{"href":"https:\/\/xmy.ch\/fr\/wp-json\/wp\/v2\/types\/product"}],"replies":[{"embeddable":true,"href":"https:\/\/xmy.ch\/fr\/wp-json\/wp\/v2\/comments?post=5972"}],"wp:featuredmedia":[{"embeddable":true,"href":"https:\/\/xmy.ch\/fr\/wp-json\/wp\/v2\/media\/3675"}],"wp:attachment":[{"href":"https:\/\/xmy.ch\/fr\/wp-json\/wp\/v2\/media?parent=5972"}],"wp:term":[{"taxonomy":"product_brand","embeddable":true,"href":"https:\/\/xmy.ch\/fr\/wp-json\/wp\/v2\/product_brand?post=5972"},{"taxonomy":"product_cat","embeddable":true,"href":"https:\/\/xmy.ch\/fr\/wp-json\/wp\/v2\/product_cat?post=5972"},{"taxonomy":"product_tag","embeddable":true,"href":"https:\/\/xmy.ch\/fr\/wp-json\/wp\/v2\/product_tag?post=5972"}],"curies":[{"name":"wp","href":"https:\/\/api.w.org\/{rel}","templated":true}]}}