{"id":5952,"date":"2023-10-25T20:23:45","date_gmt":"2023-10-25T18:23:45","guid":{"rendered":"https:\/\/xmy.ch\/prodotto\/bonnet-casual-asphalte-noir\/"},"modified":"2023-10-25T20:23:45","modified_gmt":"2023-10-25T18:23:45","slug":"bonnet-casual-asphalte-noir","status":"publish","type":"product","link":"https:\/\/xmy.ch\/fr\/prodotto\/bonnet-casual-asphalte-noir\/","title":{"rendered":"Bonnet Casual Asphalte\/Noir"},"content":{"rendered":"<p>Un bonnet d&rsquo;hiver \u00e9pais et durable fabriqu\u00e9 \u00e0 partir de mat\u00e9riaux recycl\u00e9s, parfait pour rester au chaud et \u00e0 la mode sur la piste comme dans la rue.<\/p>\n<p>Les tenues d&rsquo;hiver ne sont pas compl\u00e8tes sans un couvre-chef appropri\u00e9, et le tout nouveau bonnet d\u00e9contract\u00e9 est con\u00e7u pour apporter chaleur et isolation lorsqu&rsquo;il neige. Fabriqu\u00e9 \u00e0 partir de mat\u00e9riaux recycl\u00e9s, ce bonnet d&rsquo;hiver \u00e9l\u00e9gant est un ami de votre t\u00eate et de la plan\u00e8te. Ultra-confortable, luxueusement \u00e9pais et incroyablement agr\u00e9able, il est parfait pour \u00eatre port\u00e9 avant et apr\u00e8s l&rsquo;entra\u00eenement et les comp\u00e9titions. Fid\u00e8le aux normes Compressport, la casquette est respirante et sans irritation pour une sensation tr\u00e8s confortable. Les surpiq\u00fbres sur la partie sup\u00e9rieure donnent une forme tendance, tandis que le logo Compressport est tiss\u00e9 dans le design pour une touche sportive. Ce bonnet d\u00e9contract\u00e9 est le compagnon id\u00e9al pour rester au chaud.<\/p>\n<p>100% polyester recycl\u00e9<\/p>\n<p><img decoding=\"async\" class=\"w-50 my-2\" src=\"https:\/\/www.compressport.com\/ch\/img\/prods_entretien.png\"><\/p>\n","protected":false},"excerpt":{"rendered":"<p>Un bonnet d&rsquo;hiver \u00e9pais et durable fabriqu\u00e9 \u00e0 partir de mat\u00e9riaux recycl\u00e9s, parfait pour rester au chaud et \u00e0 la mode sur la piste comme dans la rue.<\/p>\n","protected":false},"featured_media":3573,"comment_status":"open","ping_status":"closed","template":"","meta":[],"product_brand":[],"product_cat":[257],"product_tag":[258,259],"class_list":{"0":"post-5952","1":"product","2":"type-product","3":"status-publish","4":"has-post-thumbnail","6":"product_cat-accessoires","7":"product_tag-femme","8":"product_tag-lhomme","10":"first","11":"instock","12":"taxable","13":"shipping-taxable","14":"purchasable","15":"product-type-variable","16":"has-default-attributes"},"yoast_head":"<!-- This site is optimized with the Yoast SEO Premium plugin v27.5 (Yoast SEO v27.5) - https:\/\/yoast.com\/product\/yoast-seo-premium-wordpress\/ -->\n<title>Bonnet Casual Asphalte\/Noir \u2013 Chaleur durable et look tendance<\/title>\n<meta name=\"description\" content=\"Le Bonnet Casual Asphalte\/Noir allie chaleur et durabilit\u00e9 gr\u00e2ce \u00e0 ses mat\u00e9riaux recycl\u00e9s. Parfait pour piste et ville. Achetez chez Xmy Sagl d\u00e8s maintenant.\" \/>\n<meta name=\"robots\" content=\"index, follow, max-snippet:-1, max-image-preview:large, max-video-preview:-1\" \/>\n<link rel=\"canonical\" href=\"https:\/\/xmy.ch\/fr\/prodotto\/bonnet-casual-asphalte-noir\/\" \/>\n<meta property=\"og:locale\" content=\"fr_FR\" \/>\n<meta property=\"og:type\" content=\"article\" \/>\n<meta property=\"og:title\" content=\"Bonnet Casual Asphalte\/Noir \u2013 Chaleur et Style\" \/>\n<meta property=\"og:description\" content=\"Restez au chaud avec le Bonnet Casual Asphalte\/Noir, parfait piste et ville.\" \/>\n<meta property=\"og:url\" content=\"https:\/\/xmy.ch\/fr\/prodotto\/bonnet-casual-asphalte-noir\/\" \/>\n<meta property=\"og:site_name\" content=\"Xmy Sagl\" \/>\n<meta property=\"article:publisher\" content=\"https:\/\/www.facebook.com\/xmy.sagl\" \/>\n<meta property=\"og:image\" content=\"https:\/\/xmy.ch\/wp-content\/uploads\/2023\/10\/casual-beanie-asphalte-black.webp\" \/>\n\t<meta property=\"og:image:width\" content=\"549\" \/>\n\t<meta property=\"og:image:height\" content=\"712\" \/>\n\t<meta property=\"og:image:type\" content=\"image\/webp\" \/>\n<meta name=\"twitter:card\" content=\"summary_large_image\" \/>\n<meta name=\"twitter:title\" content=\"Bonnet Casual Asphalte\/Noir \u2014 Chaleur et Style Running\" \/>\n<meta name=\"twitter:description\" content=\"Chaude et durable, ce bonnet recycl\u00e9 vous suit sur la piste et en ville.\" \/>\n<meta name=\"twitter:label1\" content=\"Dur\u00e9e de lecture estim\u00e9e\" \/>\n\t<meta name=\"twitter:data1\" content=\"1 minute\" \/>\n<script type=\"application\/ld+json\" class=\"yoast-schema-graph\">{\"@context\":\"https:\\\/\\\/schema.org\",\"@graph\":[{\"@type\":\"WebPage\",\"@id\":\"https:\\\/\\\/xmy.ch\\\/fr\\\/prodotto\\\/bonnet-casual-asphalte-noir\\\/\",\"url\":\"https:\\\/\\\/xmy.ch\\\/fr\\\/prodotto\\\/bonnet-casual-asphalte-noir\\\/\",\"name\":\"Bonnet Casual Asphalte\\\/Noir \u2013 Chaleur durable et look tendance\",\"isPartOf\":{\"@id\":\"https:\\\/\\\/xmy.ch\\\/fr\\\/#website\"},\"primaryImageOfPage\":{\"@id\":\"https:\\\/\\\/xmy.ch\\\/fr\\\/prodotto\\\/bonnet-casual-asphalte-noir\\\/#primaryimage\"},\"image\":{\"@id\":\"https:\\\/\\\/xmy.ch\\\/fr\\\/prodotto\\\/bonnet-casual-asphalte-noir\\\/#primaryimage\"},\"thumbnailUrl\":\"https:\\\/\\\/xmy.ch\\\/wp-content\\\/uploads\\\/2023\\\/10\\\/casual-beanie-asphalte-black.webp\",\"datePublished\":\"2023-10-25T18:23:45+00:00\",\"description\":\"Le Bonnet Casual Asphalte\\\/Noir allie chaleur et durabilit\u00e9 gr\u00e2ce \u00e0 ses mat\u00e9riaux recycl\u00e9s. Parfait pour piste et ville. Achetez chez Xmy Sagl d\u00e8s maintenant.\",\"breadcrumb\":{\"@id\":\"https:\\\/\\\/xmy.ch\\\/fr\\\/prodotto\\\/bonnet-casual-asphalte-noir\\\/#breadcrumb\"},\"inLanguage\":\"fr-FR\",\"potentialAction\":[{\"@type\":\"ReadAction\",\"target\":[\"https:\\\/\\\/xmy.ch\\\/fr\\\/prodotto\\\/bonnet-casual-asphalte-noir\\\/\"]}]},{\"@type\":\"ImageObject\",\"inLanguage\":\"fr-FR\",\"@id\":\"https:\\\/\\\/xmy.ch\\\/fr\\\/prodotto\\\/bonnet-casual-asphalte-noir\\\/#primaryimage\",\"url\":\"https:\\\/\\\/xmy.ch\\\/wp-content\\\/uploads\\\/2023\\\/10\\\/casual-beanie-asphalte-black.webp\",\"contentUrl\":\"https:\\\/\\\/xmy.ch\\\/wp-content\\\/uploads\\\/2023\\\/10\\\/casual-beanie-asphalte-black.webp\",\"width\":549,\"height\":712},{\"@type\":\"BreadcrumbList\",\"@id\":\"https:\\\/\\\/xmy.ch\\\/fr\\\/prodotto\\\/bonnet-casual-asphalte-noir\\\/#breadcrumb\",\"itemListElement\":[{\"@type\":\"ListItem\",\"position\":1,\"name\":\"Home\",\"item\":\"https:\\\/\\\/xmy.ch\\\/fr\\\/\"},{\"@type\":\"ListItem\",\"position\":2,\"name\":\"Boutique\",\"item\":\"https:\\\/\\\/xmy.ch\\\/fr\\\/boutique\\\/\"},{\"@type\":\"ListItem\",\"position\":3,\"name\":\"Bonnet Casual Asphalte\\\/Noir\"}]},{\"@type\":\"WebSite\",\"@id\":\"https:\\\/\\\/xmy.ch\\\/fr\\\/#website\",\"url\":\"https:\\\/\\\/xmy.ch\\\/fr\\\/\",\"name\":\"Xmy Sagl\",\"description\":\"\",\"publisher\":{\"@id\":\"https:\\\/\\\/xmy.ch\\\/fr\\\/#organization\"},\"potentialAction\":[{\"@type\":\"SearchAction\",\"target\":{\"@type\":\"EntryPoint\",\"urlTemplate\":\"https:\\\/\\\/xmy.ch\\\/fr\\\/?s={search_term_string}\"},\"query-input\":{\"@type\":\"PropertyValueSpecification\",\"valueRequired\":true,\"valueName\":\"search_term_string\"}}],\"inLanguage\":\"fr-FR\"},{\"@type\":\"Organization\",\"@id\":\"https:\\\/\\\/xmy.ch\\\/fr\\\/#organization\",\"name\":\"Xmy Sagl\",\"url\":\"https:\\\/\\\/xmy.ch\\\/fr\\\/\",\"logo\":{\"@type\":\"ImageObject\",\"inLanguage\":\"fr-FR\",\"@id\":\"https:\\\/\\\/xmy.ch\\\/fr\\\/#\\\/schema\\\/logo\\\/image\\\/\",\"url\":\"https:\\\/\\\/xmy.ch\\\/wp-content\\\/uploads\\\/2024\\\/02\\\/XMY_UNI_B.webp\",\"contentUrl\":\"https:\\\/\\\/xmy.ch\\\/wp-content\\\/uploads\\\/2024\\\/02\\\/XMY_UNI_B.webp\",\"width\":1459,\"height\":421,\"caption\":\"Xmy Sagl\"},\"image\":{\"@id\":\"https:\\\/\\\/xmy.ch\\\/fr\\\/#\\\/schema\\\/logo\\\/image\\\/\"},\"sameAs\":[\"https:\\\/\\\/www.facebook.com\\\/xmy.sagl\",\"https:\\\/\\\/www.instagram.com\\\/xmy.sagl\\\/\"]}]}<\/script>\n<!-- \/ Yoast SEO Premium plugin. -->","yoast_head_json":{"title":"Bonnet Casual Asphalte\/Noir \u2013 Chaleur durable et look tendance","description":"Le Bonnet Casual Asphalte\/Noir allie chaleur et durabilit\u00e9 gr\u00e2ce \u00e0 ses mat\u00e9riaux recycl\u00e9s. Parfait pour piste et ville. Achetez chez Xmy Sagl d\u00e8s maintenant.","robots":{"index":"index","follow":"follow","max-snippet":"max-snippet:-1","max-image-preview":"max-image-preview:large","max-video-preview":"max-video-preview:-1"},"canonical":"https:\/\/xmy.ch\/fr\/prodotto\/bonnet-casual-asphalte-noir\/","og_locale":"fr_FR","og_type":"article","og_title":"Bonnet Casual Asphalte\/Noir \u2013 Chaleur et Style","og_description":"Restez au chaud avec le Bonnet Casual Asphalte\/Noir, parfait piste et ville.","og_url":"https:\/\/xmy.ch\/fr\/prodotto\/bonnet-casual-asphalte-noir\/","og_site_name":"Xmy Sagl","article_publisher":"https:\/\/www.facebook.com\/xmy.sagl","og_image":[{"width":549,"height":712,"url":"https:\/\/xmy.ch\/wp-content\/uploads\/2023\/10\/casual-beanie-asphalte-black.webp","type":"image\/webp"}],"twitter_card":"summary_large_image","twitter_title":"Bonnet Casual Asphalte\/Noir \u2014 Chaleur et Style Running","twitter_description":"Chaude et durable, ce bonnet recycl\u00e9 vous suit sur la piste et en ville.","twitter_misc":{"Dur\u00e9e de lecture estim\u00e9e":"1 minute"},"schema":{"@context":"https:\/\/schema.org","@graph":[{"@type":"WebPage","@id":"https:\/\/xmy.ch\/fr\/prodotto\/bonnet-casual-asphalte-noir\/","url":"https:\/\/xmy.ch\/fr\/prodotto\/bonnet-casual-asphalte-noir\/","name":"Bonnet Casual Asphalte\/Noir \u2013 Chaleur durable et look tendance","isPartOf":{"@id":"https:\/\/xmy.ch\/fr\/#website"},"primaryImageOfPage":{"@id":"https:\/\/xmy.ch\/fr\/prodotto\/bonnet-casual-asphalte-noir\/#primaryimage"},"image":{"@id":"https:\/\/xmy.ch\/fr\/prodotto\/bonnet-casual-asphalte-noir\/#primaryimage"},"thumbnailUrl":"https:\/\/xmy.ch\/wp-content\/uploads\/2023\/10\/casual-beanie-asphalte-black.webp","datePublished":"2023-10-25T18:23:45+00:00","description":"Le Bonnet Casual Asphalte\/Noir allie chaleur et durabilit\u00e9 gr\u00e2ce \u00e0 ses mat\u00e9riaux recycl\u00e9s. Parfait pour piste et ville. Achetez chez Xmy Sagl d\u00e8s maintenant.","breadcrumb":{"@id":"https:\/\/xmy.ch\/fr\/prodotto\/bonnet-casual-asphalte-noir\/#breadcrumb"},"inLanguage":"fr-FR","potentialAction":[{"@type":"ReadAction","target":["https:\/\/xmy.ch\/fr\/prodotto\/bonnet-casual-asphalte-noir\/"]}]},{"@type":"ImageObject","inLanguage":"fr-FR","@id":"https:\/\/xmy.ch\/fr\/prodotto\/bonnet-casual-asphalte-noir\/#primaryimage","url":"https:\/\/xmy.ch\/wp-content\/uploads\/2023\/10\/casual-beanie-asphalte-black.webp","contentUrl":"https:\/\/xmy.ch\/wp-content\/uploads\/2023\/10\/casual-beanie-asphalte-black.webp","width":549,"height":712},{"@type":"BreadcrumbList","@id":"https:\/\/xmy.ch\/fr\/prodotto\/bonnet-casual-asphalte-noir\/#breadcrumb","itemListElement":[{"@type":"ListItem","position":1,"name":"Home","item":"https:\/\/xmy.ch\/fr\/"},{"@type":"ListItem","position":2,"name":"Boutique","item":"https:\/\/xmy.ch\/fr\/boutique\/"},{"@type":"ListItem","position":3,"name":"Bonnet Casual Asphalte\/Noir"}]},{"@type":"WebSite","@id":"https:\/\/xmy.ch\/fr\/#website","url":"https:\/\/xmy.ch\/fr\/","name":"Xmy Sagl","description":"","publisher":{"@id":"https:\/\/xmy.ch\/fr\/#organization"},"potentialAction":[{"@type":"SearchAction","target":{"@type":"EntryPoint","urlTemplate":"https:\/\/xmy.ch\/fr\/?s={search_term_string}"},"query-input":{"@type":"PropertyValueSpecification","valueRequired":true,"valueName":"search_term_string"}}],"inLanguage":"fr-FR"},{"@type":"Organization","@id":"https:\/\/xmy.ch\/fr\/#organization","name":"Xmy Sagl","url":"https:\/\/xmy.ch\/fr\/","logo":{"@type":"ImageObject","inLanguage":"fr-FR","@id":"https:\/\/xmy.ch\/fr\/#\/schema\/logo\/image\/","url":"https:\/\/xmy.ch\/wp-content\/uploads\/2024\/02\/XMY_UNI_B.webp","contentUrl":"https:\/\/xmy.ch\/wp-content\/uploads\/2024\/02\/XMY_UNI_B.webp","width":1459,"height":421,"caption":"Xmy Sagl"},"image":{"@id":"https:\/\/xmy.ch\/fr\/#\/schema\/logo\/image\/"},"sameAs":["https:\/\/www.facebook.com\/xmy.sagl","https:\/\/www.instagram.com\/xmy.sagl\/"]}]}},"_links":{"self":[{"href":"https:\/\/xmy.ch\/fr\/wp-json\/wp\/v2\/product\/5952","targetHints":{"allow":["GET"]}}],"collection":[{"href":"https:\/\/xmy.ch\/fr\/wp-json\/wp\/v2\/product"}],"about":[{"href":"https:\/\/xmy.ch\/fr\/wp-json\/wp\/v2\/types\/product"}],"replies":[{"embeddable":true,"href":"https:\/\/xmy.ch\/fr\/wp-json\/wp\/v2\/comments?post=5952"}],"wp:featuredmedia":[{"embeddable":true,"href":"https:\/\/xmy.ch\/fr\/wp-json\/wp\/v2\/media\/3573"}],"wp:attachment":[{"href":"https:\/\/xmy.ch\/fr\/wp-json\/wp\/v2\/media?parent=5952"}],"wp:term":[{"taxonomy":"product_brand","embeddable":true,"href":"https:\/\/xmy.ch\/fr\/wp-json\/wp\/v2\/product_brand?post=5952"},{"taxonomy":"product_cat","embeddable":true,"href":"https:\/\/xmy.ch\/fr\/wp-json\/wp\/v2\/product_cat?post=5952"},{"taxonomy":"product_tag","embeddable":true,"href":"https:\/\/xmy.ch\/fr\/wp-json\/wp\/v2\/product_tag?post=5952"}],"curies":[{"name":"wp","href":"https:\/\/api.w.org\/{rel}","templated":true}]}}