{"id":5922,"date":"2023-11-04T13:59:51","date_gmt":"2023-11-04T12:59:51","guid":{"rendered":"https:\/\/xmy.ch\/prodotto\/aimant-pour-casquette-de-camionneur-automne\/"},"modified":"2023-11-04T13:59:51","modified_gmt":"2023-11-04T12:59:51","slug":"aimant-pour-casquette-de-camionneur-automne","status":"publish","type":"product","link":"https:\/\/xmy.ch\/fr\/prodotto\/aimant-pour-casquette-de-camionneur-automne\/","title":{"rendered":"Aimant pour casquette de camionneur\/Automne"},"content":{"rendered":"<p>Les casquettes sont comme les chaussures et les T-shirts : il en faut au moins une pour chaque situation. Notre casquette tendance Compressport Trucker prot\u00e8ge votre t\u00eate avec style avant et apr\u00e8s les sessions et les courses. La visi\u00e8re incurv\u00e9e vous prot\u00e8ge du soleil et emp\u00eache les insectes de vous bloquer la vue, tandis que la maille Tucker classique \u00e0 l&rsquo;arri\u00e8re garde votre t\u00eate au frais lorsque les temp\u00e9ratures grimpent. La taille est facilement variable gr\u00e2ce \u00e0 une fermeture r\u00e9glable. Notre logo Racing embl\u00e9matique est brod\u00e9 sur le devant pour un look dynamique et audacieux au briefing de la course, \u00e0 la prochaine f\u00eate ou simplement \u00e0 la plage.<\/p>\n<p>Tissu 1 : 100% coton &#8211; Tissu 2 : 100% polyester<\/p>\n<p><img decoding=\"async\" class=\"w-50 my-2\" src=\"https:\/\/www.compressport.com\/ch\/img\/prods_entretien.png\"><\/p>\n","protected":false},"excerpt":{"rendered":"<p>Casquette trucker classique avec visi\u00e8re incurv\u00e9e et logo Compressport pour un look tendance avant et apr\u00e8s l&rsquo;entra\u00eenement.<\/p>\n","protected":false},"featured_media":3460,"comment_status":"open","ping_status":"closed","template":"","meta":[],"product_brand":[],"product_cat":[257],"product_tag":[258,259],"class_list":{"0":"post-5922","1":"product","2":"type-product","3":"status-publish","4":"has-post-thumbnail","6":"product_cat-accessoires","7":"product_tag-femme","8":"product_tag-lhomme","10":"first","11":"instock","12":"taxable","13":"shipping-taxable","14":"purchasable","15":"product-type-variable","16":"has-default-attributes"},"yoast_head":"<!-- This site is optimized with the Yoast SEO Premium plugin v27.5 (Yoast SEO v27.5) - https:\/\/yoast.com\/product\/yoast-seo-premium-wordpress\/ -->\n<title>Casquette Trucker Aimant Automne - Compressport XMY<\/title>\n<meta name=\"description\" content=\"Casquette Trucker Aimant Automne avec visi\u00e8re incurv\u00e9e et logo Compressport. Allie style et confort avant et apr\u00e8s l\u2019entra\u00eenement. En savoir plus.\" \/>\n<meta name=\"robots\" content=\"index, follow, max-snippet:-1, max-image-preview:large, max-video-preview:-1\" \/>\n<link rel=\"canonical\" href=\"https:\/\/xmy.ch\/fr\/prodotto\/aimant-pour-casquette-de-camionneur-automne\/\" \/>\n<meta property=\"og:locale\" content=\"fr_FR\" \/>\n<meta property=\"og:type\" content=\"article\" \/>\n<meta property=\"og:title\" content=\"Casquette Trucker Aimant Automne - Compressport XMY\" \/>\n<meta property=\"og:description\" content=\"Casquette Trucker Automne avec logo Compressport. D\u00e9couvrez le style et le confort.\" \/>\n<meta property=\"og:url\" content=\"https:\/\/xmy.ch\/fr\/prodotto\/aimant-pour-casquette-de-camionneur-automne\/\" \/>\n<meta property=\"og:site_name\" content=\"Xmy Sagl\" \/>\n<meta property=\"article:publisher\" content=\"https:\/\/www.facebook.com\/xmy.sagl\" \/>\n<meta property=\"og:image\" content=\"https:\/\/xmy.ch\/wp-content\/uploads\/2023\/10\/trucker-cap-magnet-autumn-glory.webp\" \/>\n\t<meta property=\"og:image:width\" content=\"600\" \/>\n\t<meta property=\"og:image:height\" content=\"600\" \/>\n\t<meta property=\"og:image:type\" content=\"image\/webp\" \/>\n<meta name=\"twitter:card\" content=\"summary_large_image\" \/>\n<meta name=\"twitter:title\" content=\"Trucker Casquette Automne - Compressport XMY\" \/>\n<meta name=\"twitter:description\" content=\"Casquette Trucker Automne, logo Compressport. Explorez le style et le confort.\" \/>\n<meta name=\"twitter:label1\" content=\"Dur\u00e9e de lecture estim\u00e9e\" \/>\n\t<meta name=\"twitter:data1\" content=\"1 minute\" \/>\n<script type=\"application\/ld+json\" class=\"yoast-schema-graph\">{\"@context\":\"https:\\\/\\\/schema.org\",\"@graph\":[{\"@type\":\"WebPage\",\"@id\":\"https:\\\/\\\/xmy.ch\\\/fr\\\/prodotto\\\/aimant-pour-casquette-de-camionneur-automne\\\/\",\"url\":\"https:\\\/\\\/xmy.ch\\\/fr\\\/prodotto\\\/aimant-pour-casquette-de-camionneur-automne\\\/\",\"name\":\"Casquette Trucker Aimant Automne - Compressport XMY\",\"isPartOf\":{\"@id\":\"https:\\\/\\\/xmy.ch\\\/fr\\\/#website\"},\"primaryImageOfPage\":{\"@id\":\"https:\\\/\\\/xmy.ch\\\/fr\\\/prodotto\\\/aimant-pour-casquette-de-camionneur-automne\\\/#primaryimage\"},\"image\":{\"@id\":\"https:\\\/\\\/xmy.ch\\\/fr\\\/prodotto\\\/aimant-pour-casquette-de-camionneur-automne\\\/#primaryimage\"},\"thumbnailUrl\":\"https:\\\/\\\/xmy.ch\\\/wp-content\\\/uploads\\\/2023\\\/10\\\/trucker-cap-magnet-autumn-glory.webp\",\"datePublished\":\"2023-11-04T12:59:51+00:00\",\"description\":\"Casquette Trucker Aimant Automne avec visi\u00e8re incurv\u00e9e et logo Compressport. Allie style et confort avant et apr\u00e8s l\u2019entra\u00eenement. En savoir plus.\",\"breadcrumb\":{\"@id\":\"https:\\\/\\\/xmy.ch\\\/fr\\\/prodotto\\\/aimant-pour-casquette-de-camionneur-automne\\\/#breadcrumb\"},\"inLanguage\":\"fr-FR\",\"potentialAction\":[{\"@type\":\"ReadAction\",\"target\":[\"https:\\\/\\\/xmy.ch\\\/fr\\\/prodotto\\\/aimant-pour-casquette-de-camionneur-automne\\\/\"]}]},{\"@type\":\"ImageObject\",\"inLanguage\":\"fr-FR\",\"@id\":\"https:\\\/\\\/xmy.ch\\\/fr\\\/prodotto\\\/aimant-pour-casquette-de-camionneur-automne\\\/#primaryimage\",\"url\":\"https:\\\/\\\/xmy.ch\\\/wp-content\\\/uploads\\\/2023\\\/10\\\/trucker-cap-magnet-autumn-glory.webp\",\"contentUrl\":\"https:\\\/\\\/xmy.ch\\\/wp-content\\\/uploads\\\/2023\\\/10\\\/trucker-cap-magnet-autumn-glory.webp\",\"width\":600,\"height\":600},{\"@type\":\"BreadcrumbList\",\"@id\":\"https:\\\/\\\/xmy.ch\\\/fr\\\/prodotto\\\/aimant-pour-casquette-de-camionneur-automne\\\/#breadcrumb\",\"itemListElement\":[{\"@type\":\"ListItem\",\"position\":1,\"name\":\"Home\",\"item\":\"https:\\\/\\\/xmy.ch\\\/fr\\\/\"},{\"@type\":\"ListItem\",\"position\":2,\"name\":\"Boutique\",\"item\":\"https:\\\/\\\/xmy.ch\\\/fr\\\/boutique\\\/\"},{\"@type\":\"ListItem\",\"position\":3,\"name\":\"Aimant pour casquette de camionneur\\\/Automne\"}]},{\"@type\":\"WebSite\",\"@id\":\"https:\\\/\\\/xmy.ch\\\/fr\\\/#website\",\"url\":\"https:\\\/\\\/xmy.ch\\\/fr\\\/\",\"name\":\"Xmy Sagl\",\"description\":\"\",\"publisher\":{\"@id\":\"https:\\\/\\\/xmy.ch\\\/fr\\\/#organization\"},\"potentialAction\":[{\"@type\":\"SearchAction\",\"target\":{\"@type\":\"EntryPoint\",\"urlTemplate\":\"https:\\\/\\\/xmy.ch\\\/fr\\\/?s={search_term_string}\"},\"query-input\":{\"@type\":\"PropertyValueSpecification\",\"valueRequired\":true,\"valueName\":\"search_term_string\"}}],\"inLanguage\":\"fr-FR\"},{\"@type\":\"Organization\",\"@id\":\"https:\\\/\\\/xmy.ch\\\/fr\\\/#organization\",\"name\":\"Xmy Sagl\",\"url\":\"https:\\\/\\\/xmy.ch\\\/fr\\\/\",\"logo\":{\"@type\":\"ImageObject\",\"inLanguage\":\"fr-FR\",\"@id\":\"https:\\\/\\\/xmy.ch\\\/fr\\\/#\\\/schema\\\/logo\\\/image\\\/\",\"url\":\"https:\\\/\\\/xmy.ch\\\/wp-content\\\/uploads\\\/2024\\\/02\\\/XMY_UNI_B.webp\",\"contentUrl\":\"https:\\\/\\\/xmy.ch\\\/wp-content\\\/uploads\\\/2024\\\/02\\\/XMY_UNI_B.webp\",\"width\":1459,\"height\":421,\"caption\":\"Xmy Sagl\"},\"image\":{\"@id\":\"https:\\\/\\\/xmy.ch\\\/fr\\\/#\\\/schema\\\/logo\\\/image\\\/\"},\"sameAs\":[\"https:\\\/\\\/www.facebook.com\\\/xmy.sagl\",\"https:\\\/\\\/www.instagram.com\\\/xmy.sagl\\\/\"]}]}<\/script>\n<!-- \/ Yoast SEO Premium plugin. -->","yoast_head_json":{"title":"Casquette Trucker Aimant Automne - Compressport XMY","description":"Casquette Trucker Aimant Automne avec visi\u00e8re incurv\u00e9e et logo Compressport. Allie style et confort avant et apr\u00e8s l\u2019entra\u00eenement. En savoir plus.","robots":{"index":"index","follow":"follow","max-snippet":"max-snippet:-1","max-image-preview":"max-image-preview:large","max-video-preview":"max-video-preview:-1"},"canonical":"https:\/\/xmy.ch\/fr\/prodotto\/aimant-pour-casquette-de-camionneur-automne\/","og_locale":"fr_FR","og_type":"article","og_title":"Casquette Trucker Aimant Automne - Compressport XMY","og_description":"Casquette Trucker Automne avec logo Compressport. D\u00e9couvrez le style et le confort.","og_url":"https:\/\/xmy.ch\/fr\/prodotto\/aimant-pour-casquette-de-camionneur-automne\/","og_site_name":"Xmy Sagl","article_publisher":"https:\/\/www.facebook.com\/xmy.sagl","og_image":[{"width":600,"height":600,"url":"https:\/\/xmy.ch\/wp-content\/uploads\/2023\/10\/trucker-cap-magnet-autumn-glory.webp","type":"image\/webp"}],"twitter_card":"summary_large_image","twitter_title":"Trucker Casquette Automne - Compressport XMY","twitter_description":"Casquette Trucker Automne, logo Compressport. Explorez le style et le confort.","twitter_misc":{"Dur\u00e9e de lecture estim\u00e9e":"1 minute"},"schema":{"@context":"https:\/\/schema.org","@graph":[{"@type":"WebPage","@id":"https:\/\/xmy.ch\/fr\/prodotto\/aimant-pour-casquette-de-camionneur-automne\/","url":"https:\/\/xmy.ch\/fr\/prodotto\/aimant-pour-casquette-de-camionneur-automne\/","name":"Casquette Trucker Aimant Automne - Compressport XMY","isPartOf":{"@id":"https:\/\/xmy.ch\/fr\/#website"},"primaryImageOfPage":{"@id":"https:\/\/xmy.ch\/fr\/prodotto\/aimant-pour-casquette-de-camionneur-automne\/#primaryimage"},"image":{"@id":"https:\/\/xmy.ch\/fr\/prodotto\/aimant-pour-casquette-de-camionneur-automne\/#primaryimage"},"thumbnailUrl":"https:\/\/xmy.ch\/wp-content\/uploads\/2023\/10\/trucker-cap-magnet-autumn-glory.webp","datePublished":"2023-11-04T12:59:51+00:00","description":"Casquette Trucker Aimant Automne avec visi\u00e8re incurv\u00e9e et logo Compressport. Allie style et confort avant et apr\u00e8s l\u2019entra\u00eenement. En savoir plus.","breadcrumb":{"@id":"https:\/\/xmy.ch\/fr\/prodotto\/aimant-pour-casquette-de-camionneur-automne\/#breadcrumb"},"inLanguage":"fr-FR","potentialAction":[{"@type":"ReadAction","target":["https:\/\/xmy.ch\/fr\/prodotto\/aimant-pour-casquette-de-camionneur-automne\/"]}]},{"@type":"ImageObject","inLanguage":"fr-FR","@id":"https:\/\/xmy.ch\/fr\/prodotto\/aimant-pour-casquette-de-camionneur-automne\/#primaryimage","url":"https:\/\/xmy.ch\/wp-content\/uploads\/2023\/10\/trucker-cap-magnet-autumn-glory.webp","contentUrl":"https:\/\/xmy.ch\/wp-content\/uploads\/2023\/10\/trucker-cap-magnet-autumn-glory.webp","width":600,"height":600},{"@type":"BreadcrumbList","@id":"https:\/\/xmy.ch\/fr\/prodotto\/aimant-pour-casquette-de-camionneur-automne\/#breadcrumb","itemListElement":[{"@type":"ListItem","position":1,"name":"Home","item":"https:\/\/xmy.ch\/fr\/"},{"@type":"ListItem","position":2,"name":"Boutique","item":"https:\/\/xmy.ch\/fr\/boutique\/"},{"@type":"ListItem","position":3,"name":"Aimant pour casquette de camionneur\/Automne"}]},{"@type":"WebSite","@id":"https:\/\/xmy.ch\/fr\/#website","url":"https:\/\/xmy.ch\/fr\/","name":"Xmy Sagl","description":"","publisher":{"@id":"https:\/\/xmy.ch\/fr\/#organization"},"potentialAction":[{"@type":"SearchAction","target":{"@type":"EntryPoint","urlTemplate":"https:\/\/xmy.ch\/fr\/?s={search_term_string}"},"query-input":{"@type":"PropertyValueSpecification","valueRequired":true,"valueName":"search_term_string"}}],"inLanguage":"fr-FR"},{"@type":"Organization","@id":"https:\/\/xmy.ch\/fr\/#organization","name":"Xmy Sagl","url":"https:\/\/xmy.ch\/fr\/","logo":{"@type":"ImageObject","inLanguage":"fr-FR","@id":"https:\/\/xmy.ch\/fr\/#\/schema\/logo\/image\/","url":"https:\/\/xmy.ch\/wp-content\/uploads\/2024\/02\/XMY_UNI_B.webp","contentUrl":"https:\/\/xmy.ch\/wp-content\/uploads\/2024\/02\/XMY_UNI_B.webp","width":1459,"height":421,"caption":"Xmy Sagl"},"image":{"@id":"https:\/\/xmy.ch\/fr\/#\/schema\/logo\/image\/"},"sameAs":["https:\/\/www.facebook.com\/xmy.sagl","https:\/\/www.instagram.com\/xmy.sagl\/"]}]}},"_links":{"self":[{"href":"https:\/\/xmy.ch\/fr\/wp-json\/wp\/v2\/product\/5922","targetHints":{"allow":["GET"]}}],"collection":[{"href":"https:\/\/xmy.ch\/fr\/wp-json\/wp\/v2\/product"}],"about":[{"href":"https:\/\/xmy.ch\/fr\/wp-json\/wp\/v2\/types\/product"}],"replies":[{"embeddable":true,"href":"https:\/\/xmy.ch\/fr\/wp-json\/wp\/v2\/comments?post=5922"}],"wp:featuredmedia":[{"embeddable":true,"href":"https:\/\/xmy.ch\/fr\/wp-json\/wp\/v2\/media\/3460"}],"wp:attachment":[{"href":"https:\/\/xmy.ch\/fr\/wp-json\/wp\/v2\/media?parent=5922"}],"wp:term":[{"taxonomy":"product_brand","embeddable":true,"href":"https:\/\/xmy.ch\/fr\/wp-json\/wp\/v2\/product_brand?post=5922"},{"taxonomy":"product_cat","embeddable":true,"href":"https:\/\/xmy.ch\/fr\/wp-json\/wp\/v2\/product_cat?post=5922"},{"taxonomy":"product_tag","embeddable":true,"href":"https:\/\/xmy.ch\/fr\/wp-json\/wp\/v2\/product_tag?post=5922"}],"curies":[{"name":"wp","href":"https:\/\/api.w.org\/{rel}","templated":true}]}}