{"id":5890,"date":"2023-10-26T20:23:00","date_gmt":"2023-10-26T18:23:00","guid":{"rendered":"https:\/\/xmy.ch\/prodotto\/winter-trail-postural-ls-top-noir-rouge\/"},"modified":"2023-10-26T20:23:00","modified_gmt":"2023-10-26T18:23:00","slug":"winter-trail-postural-ls-top-noir-rouge","status":"publish","type":"product","link":"https:\/\/xmy.ch\/fr\/prodotto\/winter-trail-postural-ls-top-noir-rouge\/","title":{"rendered":"Winter Trail Postural LS Top Noir\/Rouge"},"content":{"rendered":"<p>Maillot de trail running respirant \u00e0 manches longues avec r\u00e9gulation de la temp\u00e9rature en fonction du sexe et du corps pour rester au chaud dans des conditions froides.<\/p>\n<p>Parfois, une couche est juste ce qu&rsquo;il faut, m\u00eame au milieu de l&rsquo;hiver. Con\u00e7u \u00e0 partir d&rsquo;une superposition technique haute performance de laine m\u00e9rinos et de polyamide, le nouveau haut de trail \u00e0 manches longues pour l&rsquo;hiver vous permet de rester \u00e0 l&rsquo;entra\u00eenement et en condition de course pendant les mois les plus froids. Notre \u00e9quipe Body-Science a pass\u00e9 de nombreuses heures en laboratoire pour mettre au point une cartographie corporelle extr\u00eamement pr\u00e9cise et sp\u00e9cifique \u00e0 chaque sexe. Le r\u00e9sultat est la qualit\u00e9 de thermor\u00e9gulation la plus pr\u00e9cise que notre marque ait obtenue \u00e0 ce jour : dans les zones qui se refroidissent rapidement et n\u00e9cessitent plus de chaleur, la laine douce est plac\u00e9e contre la peau \u00e0 l&rsquo;int\u00e9rieur, le polyamide \u00e9tant le tissu ext\u00e9rieur. Dans les zones les moins sensibles, la stratification du mat\u00e9riau est invers\u00e9e afin de ne pas provoquer de surchauffe lors de l&rsquo;acc\u00e9l\u00e9ration du rythme. Les perforations d\u00e9coup\u00e9es au laser, les panneaux de ventilation et le zip 3\/4 assurent la respirabilit\u00e9 et la gestion de l&rsquo;humidit\u00e9, tandis que la conception de la manche \u00e9tudi\u00e9e lib\u00e8re l&rsquo;\u00e9paule pour faciliter les mouvements dans toutes les directions. Le col plus haut ajoute au confort et \u00e0 la protection, tout comme les boucles de pouce pratiques sur les manches. Enfin, notre technologie Spin Control aide \u00e0 maintenir une posture correcte. Un imprim\u00e9 \u00e0 rayures asym\u00e9triques et notre logo de course classique compl\u00e8tent le design pour des performances \u00e9lev\u00e9es. Portez le maillot de trail et vous n&rsquo;aurez plus l&rsquo;excuse de l&rsquo;hiver.<\/p>\n<p>69% Polyamide 31% Laine<\/p>\n<p><img decoding=\"async\" class=\"w-50 my-2\" src=\"https:\/\/www.compressport.com\/ch\/img\/prods_entretien.png\"><\/p>\n","protected":false},"excerpt":{"rendered":"<p>T-shirt \u00e0 manches longues high-tech avec thermor\u00e9gulation du corps pour des performances et un confort optimaux dans des conditions froides.<\/p>\n","protected":false},"featured_media":5204,"comment_status":"open","ping_status":"closed","template":"","meta":[],"product_brand":[],"product_cat":[327],"product_tag":[259],"class_list":{"0":"post-5890","1":"product","2":"type-product","3":"status-publish","4":"has-post-thumbnail","6":"product_cat-chemises-a-manches-longues","7":"product_tag-lhomme","9":"first","10":"instock","11":"taxable","12":"shipping-taxable","13":"purchasable","14":"product-type-variable"},"yoast_head":"<!-- This site is optimized with the Yoast SEO Premium plugin v27.5 (Yoast SEO v27.5) - https:\/\/yoast.com\/product\/yoast-seo-premium-wordpress\/ -->\n<title>Winter Trail Postural LS Top Noir\/Rouge \u2014 Xmy Sagl<\/title>\n<meta name=\"description\" content=\"Winter Trail Postural LS Top Noir\/Rouge, haut de trail respirant et thermor\u00e9gul\u00e9, con\u00e7u pour rester au chaud et performant en conditions froides.\" \/>\n<meta name=\"robots\" content=\"index, follow, max-snippet:-1, max-image-preview:large, max-video-preview:-1\" \/>\n<link rel=\"canonical\" href=\"https:\/\/xmy.ch\/fr\/prodotto\/winter-trail-postural-ls-top-noir-rouge\/\" \/>\n<meta property=\"og:locale\" content=\"fr_FR\" \/>\n<meta property=\"og:type\" content=\"article\" \/>\n<meta property=\"og:title\" content=\"Winter Trail Postural LS Top Noir\/Rouge \u2014 Performance Thermique\" \/>\n<meta property=\"og:description\" content=\"Haut de trail hiver \u00e0 r\u00e9gulation thermique et posture optimis\u00e9e. Essayez-le d\u00e8s maintenant.\" \/>\n<meta property=\"og:url\" content=\"https:\/\/xmy.ch\/fr\/prodotto\/winter-trail-postural-ls-top-noir-rouge\/\" \/>\n<meta property=\"og:site_name\" content=\"Xmy Sagl\" \/>\n<meta property=\"article:publisher\" content=\"https:\/\/www.facebook.com\/xmy.sagl\" \/>\n<meta property=\"og:image\" content=\"https:\/\/xmy.ch\/wp-content\/uploads\/2023\/10\/winter-trail-postural-ls-top-m-black-red.webp\" \/>\n\t<meta property=\"og:image:width\" content=\"549\" \/>\n\t<meta property=\"og:image:height\" content=\"712\" \/>\n\t<meta property=\"og:image:type\" content=\"image\/webp\" \/>\n<meta name=\"twitter:card\" content=\"summary_large_image\" \/>\n<meta name=\"twitter:title\" content=\"Winter Trail Postural LS Top Noir\/Rouge: Strat\u00e9gie Thermique\" \/>\n<meta name=\"twitter:description\" content=\"Haut technologique pour l&#039;hiver: thermor\u00e9gulation pr\u00e9cise et confort accru. Commandez d\u00e8s aujourd&#039;hui.\" \/>\n<meta name=\"twitter:label1\" content=\"Dur\u00e9e de lecture estim\u00e9e\" \/>\n\t<meta name=\"twitter:data1\" content=\"1 minute\" \/>\n<script type=\"application\/ld+json\" class=\"yoast-schema-graph\">{\"@context\":\"https:\\\/\\\/schema.org\",\"@graph\":[{\"@type\":\"WebPage\",\"@id\":\"https:\\\/\\\/xmy.ch\\\/fr\\\/prodotto\\\/winter-trail-postural-ls-top-noir-rouge\\\/\",\"url\":\"https:\\\/\\\/xmy.ch\\\/fr\\\/prodotto\\\/winter-trail-postural-ls-top-noir-rouge\\\/\",\"name\":\"Winter Trail Postural LS Top Noir\\\/Rouge \u2014 Xmy Sagl\",\"isPartOf\":{\"@id\":\"https:\\\/\\\/xmy.ch\\\/fr\\\/#website\"},\"primaryImageOfPage\":{\"@id\":\"https:\\\/\\\/xmy.ch\\\/fr\\\/prodotto\\\/winter-trail-postural-ls-top-noir-rouge\\\/#primaryimage\"},\"image\":{\"@id\":\"https:\\\/\\\/xmy.ch\\\/fr\\\/prodotto\\\/winter-trail-postural-ls-top-noir-rouge\\\/#primaryimage\"},\"thumbnailUrl\":\"https:\\\/\\\/xmy.ch\\\/wp-content\\\/uploads\\\/2023\\\/10\\\/winter-trail-postural-ls-top-m-black-red.webp\",\"datePublished\":\"2023-10-26T18:23:00+00:00\",\"description\":\"Winter Trail Postural LS Top Noir\\\/Rouge, haut de trail respirant et thermor\u00e9gul\u00e9, con\u00e7u pour rester au chaud et performant en conditions froides.\",\"breadcrumb\":{\"@id\":\"https:\\\/\\\/xmy.ch\\\/fr\\\/prodotto\\\/winter-trail-postural-ls-top-noir-rouge\\\/#breadcrumb\"},\"inLanguage\":\"fr-FR\",\"potentialAction\":[{\"@type\":\"ReadAction\",\"target\":[\"https:\\\/\\\/xmy.ch\\\/fr\\\/prodotto\\\/winter-trail-postural-ls-top-noir-rouge\\\/\"]}]},{\"@type\":\"ImageObject\",\"inLanguage\":\"fr-FR\",\"@id\":\"https:\\\/\\\/xmy.ch\\\/fr\\\/prodotto\\\/winter-trail-postural-ls-top-noir-rouge\\\/#primaryimage\",\"url\":\"https:\\\/\\\/xmy.ch\\\/wp-content\\\/uploads\\\/2023\\\/10\\\/winter-trail-postural-ls-top-m-black-red.webp\",\"contentUrl\":\"https:\\\/\\\/xmy.ch\\\/wp-content\\\/uploads\\\/2023\\\/10\\\/winter-trail-postural-ls-top-m-black-red.webp\",\"width\":549,\"height\":712,\"caption\":\"Maglia tecnica da trail invernale, traspirante e termoregolante, ideale per allenamenti outdoor in condizioni di freddo.\"},{\"@type\":\"BreadcrumbList\",\"@id\":\"https:\\\/\\\/xmy.ch\\\/fr\\\/prodotto\\\/winter-trail-postural-ls-top-noir-rouge\\\/#breadcrumb\",\"itemListElement\":[{\"@type\":\"ListItem\",\"position\":1,\"name\":\"Home\",\"item\":\"https:\\\/\\\/xmy.ch\\\/fr\\\/\"},{\"@type\":\"ListItem\",\"position\":2,\"name\":\"Boutique\",\"item\":\"https:\\\/\\\/xmy.ch\\\/fr\\\/boutique\\\/\"},{\"@type\":\"ListItem\",\"position\":3,\"name\":\"Winter Trail Postural LS Top Noir\\\/Rouge\"}]},{\"@type\":\"WebSite\",\"@id\":\"https:\\\/\\\/xmy.ch\\\/fr\\\/#website\",\"url\":\"https:\\\/\\\/xmy.ch\\\/fr\\\/\",\"name\":\"Xmy Sagl\",\"description\":\"\",\"publisher\":{\"@id\":\"https:\\\/\\\/xmy.ch\\\/fr\\\/#organization\"},\"potentialAction\":[{\"@type\":\"SearchAction\",\"target\":{\"@type\":\"EntryPoint\",\"urlTemplate\":\"https:\\\/\\\/xmy.ch\\\/fr\\\/?s={search_term_string}\"},\"query-input\":{\"@type\":\"PropertyValueSpecification\",\"valueRequired\":true,\"valueName\":\"search_term_string\"}}],\"inLanguage\":\"fr-FR\"},{\"@type\":\"Organization\",\"@id\":\"https:\\\/\\\/xmy.ch\\\/fr\\\/#organization\",\"name\":\"Xmy Sagl\",\"url\":\"https:\\\/\\\/xmy.ch\\\/fr\\\/\",\"logo\":{\"@type\":\"ImageObject\",\"inLanguage\":\"fr-FR\",\"@id\":\"https:\\\/\\\/xmy.ch\\\/fr\\\/#\\\/schema\\\/logo\\\/image\\\/\",\"url\":\"https:\\\/\\\/xmy.ch\\\/wp-content\\\/uploads\\\/2024\\\/02\\\/XMY_UNI_B.webp\",\"contentUrl\":\"https:\\\/\\\/xmy.ch\\\/wp-content\\\/uploads\\\/2024\\\/02\\\/XMY_UNI_B.webp\",\"width\":1459,\"height\":421,\"caption\":\"Xmy Sagl\"},\"image\":{\"@id\":\"https:\\\/\\\/xmy.ch\\\/fr\\\/#\\\/schema\\\/logo\\\/image\\\/\"},\"sameAs\":[\"https:\\\/\\\/www.facebook.com\\\/xmy.sagl\",\"https:\\\/\\\/www.instagram.com\\\/xmy.sagl\\\/\"]}]}<\/script>\n<!-- \/ Yoast SEO Premium plugin. -->","yoast_head_json":{"title":"Winter Trail Postural LS Top Noir\/Rouge \u2014 Xmy Sagl","description":"Winter Trail Postural LS Top Noir\/Rouge, haut de trail respirant et thermor\u00e9gul\u00e9, con\u00e7u pour rester au chaud et performant en conditions froides.","robots":{"index":"index","follow":"follow","max-snippet":"max-snippet:-1","max-image-preview":"max-image-preview:large","max-video-preview":"max-video-preview:-1"},"canonical":"https:\/\/xmy.ch\/fr\/prodotto\/winter-trail-postural-ls-top-noir-rouge\/","og_locale":"fr_FR","og_type":"article","og_title":"Winter Trail Postural LS Top Noir\/Rouge \u2014 Performance Thermique","og_description":"Haut de trail hiver \u00e0 r\u00e9gulation thermique et posture optimis\u00e9e. Essayez-le d\u00e8s maintenant.","og_url":"https:\/\/xmy.ch\/fr\/prodotto\/winter-trail-postural-ls-top-noir-rouge\/","og_site_name":"Xmy Sagl","article_publisher":"https:\/\/www.facebook.com\/xmy.sagl","og_image":[{"width":549,"height":712,"url":"https:\/\/xmy.ch\/wp-content\/uploads\/2023\/10\/winter-trail-postural-ls-top-m-black-red.webp","type":"image\/webp"}],"twitter_card":"summary_large_image","twitter_title":"Winter Trail Postural LS Top Noir\/Rouge: Strat\u00e9gie Thermique","twitter_description":"Haut technologique pour l'hiver: thermor\u00e9gulation pr\u00e9cise et confort accru. Commandez d\u00e8s aujourd'hui.","twitter_misc":{"Dur\u00e9e de lecture estim\u00e9e":"1 minute"},"schema":{"@context":"https:\/\/schema.org","@graph":[{"@type":"WebPage","@id":"https:\/\/xmy.ch\/fr\/prodotto\/winter-trail-postural-ls-top-noir-rouge\/","url":"https:\/\/xmy.ch\/fr\/prodotto\/winter-trail-postural-ls-top-noir-rouge\/","name":"Winter Trail Postural LS Top Noir\/Rouge \u2014 Xmy Sagl","isPartOf":{"@id":"https:\/\/xmy.ch\/fr\/#website"},"primaryImageOfPage":{"@id":"https:\/\/xmy.ch\/fr\/prodotto\/winter-trail-postural-ls-top-noir-rouge\/#primaryimage"},"image":{"@id":"https:\/\/xmy.ch\/fr\/prodotto\/winter-trail-postural-ls-top-noir-rouge\/#primaryimage"},"thumbnailUrl":"https:\/\/xmy.ch\/wp-content\/uploads\/2023\/10\/winter-trail-postural-ls-top-m-black-red.webp","datePublished":"2023-10-26T18:23:00+00:00","description":"Winter Trail Postural LS Top Noir\/Rouge, haut de trail respirant et thermor\u00e9gul\u00e9, con\u00e7u pour rester au chaud et performant en conditions froides.","breadcrumb":{"@id":"https:\/\/xmy.ch\/fr\/prodotto\/winter-trail-postural-ls-top-noir-rouge\/#breadcrumb"},"inLanguage":"fr-FR","potentialAction":[{"@type":"ReadAction","target":["https:\/\/xmy.ch\/fr\/prodotto\/winter-trail-postural-ls-top-noir-rouge\/"]}]},{"@type":"ImageObject","inLanguage":"fr-FR","@id":"https:\/\/xmy.ch\/fr\/prodotto\/winter-trail-postural-ls-top-noir-rouge\/#primaryimage","url":"https:\/\/xmy.ch\/wp-content\/uploads\/2023\/10\/winter-trail-postural-ls-top-m-black-red.webp","contentUrl":"https:\/\/xmy.ch\/wp-content\/uploads\/2023\/10\/winter-trail-postural-ls-top-m-black-red.webp","width":549,"height":712,"caption":"Maglia tecnica da trail invernale, traspirante e termoregolante, ideale per allenamenti outdoor in condizioni di freddo."},{"@type":"BreadcrumbList","@id":"https:\/\/xmy.ch\/fr\/prodotto\/winter-trail-postural-ls-top-noir-rouge\/#breadcrumb","itemListElement":[{"@type":"ListItem","position":1,"name":"Home","item":"https:\/\/xmy.ch\/fr\/"},{"@type":"ListItem","position":2,"name":"Boutique","item":"https:\/\/xmy.ch\/fr\/boutique\/"},{"@type":"ListItem","position":3,"name":"Winter Trail Postural LS Top Noir\/Rouge"}]},{"@type":"WebSite","@id":"https:\/\/xmy.ch\/fr\/#website","url":"https:\/\/xmy.ch\/fr\/","name":"Xmy Sagl","description":"","publisher":{"@id":"https:\/\/xmy.ch\/fr\/#organization"},"potentialAction":[{"@type":"SearchAction","target":{"@type":"EntryPoint","urlTemplate":"https:\/\/xmy.ch\/fr\/?s={search_term_string}"},"query-input":{"@type":"PropertyValueSpecification","valueRequired":true,"valueName":"search_term_string"}}],"inLanguage":"fr-FR"},{"@type":"Organization","@id":"https:\/\/xmy.ch\/fr\/#organization","name":"Xmy Sagl","url":"https:\/\/xmy.ch\/fr\/","logo":{"@type":"ImageObject","inLanguage":"fr-FR","@id":"https:\/\/xmy.ch\/fr\/#\/schema\/logo\/image\/","url":"https:\/\/xmy.ch\/wp-content\/uploads\/2024\/02\/XMY_UNI_B.webp","contentUrl":"https:\/\/xmy.ch\/wp-content\/uploads\/2024\/02\/XMY_UNI_B.webp","width":1459,"height":421,"caption":"Xmy Sagl"},"image":{"@id":"https:\/\/xmy.ch\/fr\/#\/schema\/logo\/image\/"},"sameAs":["https:\/\/www.facebook.com\/xmy.sagl","https:\/\/www.instagram.com\/xmy.sagl\/"]}]}},"_links":{"self":[{"href":"https:\/\/xmy.ch\/fr\/wp-json\/wp\/v2\/product\/5890","targetHints":{"allow":["GET"]}}],"collection":[{"href":"https:\/\/xmy.ch\/fr\/wp-json\/wp\/v2\/product"}],"about":[{"href":"https:\/\/xmy.ch\/fr\/wp-json\/wp\/v2\/types\/product"}],"replies":[{"embeddable":true,"href":"https:\/\/xmy.ch\/fr\/wp-json\/wp\/v2\/comments?post=5890"}],"wp:featuredmedia":[{"embeddable":true,"href":"https:\/\/xmy.ch\/fr\/wp-json\/wp\/v2\/media\/5204"}],"wp:attachment":[{"href":"https:\/\/xmy.ch\/fr\/wp-json\/wp\/v2\/media?parent=5890"}],"wp:term":[{"taxonomy":"product_brand","embeddable":true,"href":"https:\/\/xmy.ch\/fr\/wp-json\/wp\/v2\/product_brand?post=5890"},{"taxonomy":"product_cat","embeddable":true,"href":"https:\/\/xmy.ch\/fr\/wp-json\/wp\/v2\/product_cat?post=5890"},{"taxonomy":"product_tag","embeddable":true,"href":"https:\/\/xmy.ch\/fr\/wp-json\/wp\/v2\/product_tag?post=5890"}],"curies":[{"name":"wp","href":"https:\/\/api.w.org\/{rel}","templated":true}]}}