{"id":5889,"date":"2023-10-26T20:13:00","date_gmt":"2023-10-26T18:13:00","guid":{"rendered":"https:\/\/xmy.ch\/prodotto\/pantalon-sans-couture-mood-indigo\/"},"modified":"2023-10-26T20:13:00","modified_gmt":"2023-10-26T18:13:00","slug":"pantalon-sans-couture-mood-indigo","status":"publish","type":"product","link":"https:\/\/xmy.ch\/fr\/prodotto\/pantalon-sans-couture-mood-indigo\/","title":{"rendered":"Pantalon sans couture Mood Indigo"},"content":{"rendered":"<p>Pantalon de surv\u00eatement polyvalent et \u00e9l\u00e9gant avec une thermor\u00e9gulation optimale pour se r\u00e9chauffer, se rafra\u00eechir ou se d\u00e9tendre.<\/p>\n<p>Cette sensation de jambes lourdes apr\u00e8s l&rsquo;entra\u00eenement, quand tout ce que vous voulez, c&rsquo;est vous allonger sur le canap\u00e9&#8230; et ne plus jamais porter de v\u00eatements moulants. C&rsquo;est momentan\u00e9, mais nous en avons tous fait l&rsquo;exp\u00e9rience. Nos athl\u00e8tes professionnels recommandent vivement les pantalons sans couture pour un confort relaxant et agr\u00e9able apr\u00e8s la s\u00e9ance. Ce pantalon de sport n&rsquo;est pas seulement destin\u00e9 \u00e0 la d\u00e9tente, il est \u00e9galement tr\u00e8s polyvalent et peut \u00eatre port\u00e9 par-dessus un short de course pour s&rsquo;\u00e9chauffer ou se rafra\u00eechir. Le tricot unique en microfibre favorise la circulation de l&rsquo;air pour que la temp\u00e9rature corporelle reste stable m\u00eame dans les environnements froids, tandis que l&rsquo;\u00e9ponge douce \u00e0 l&rsquo;int\u00e9rieur est chaude et douce contre la peau. Notre tissage exclusif Compressport sans couture \u00e9limine tout risque de frottement, d&rsquo;irritation et de d\u00e9mangeaison, tandis que les propri\u00e9t\u00e9s naturelles d&rsquo;absorption de la transpiration du tissu limitent les odeurs d\u00e9sagr\u00e9ables. Plus large aux cuisses pour une libert\u00e9 de mouvement totale, le pantalon peut \u00eatre port\u00e9 sur un short de jogging ou associ\u00e9 \u00e0 un legging de compression pour la r\u00e9cup\u00e9ration. La large ceinture \u00e9lastique est plate et confortable, tandis que la jambe ajust\u00e9e associe un soutien l\u00e9ger \u00e0 un design d\u00e9contract\u00e9 et \u00e9l\u00e9gant. Ils sont assortis \u00e0 notre sweat zipp\u00e9 sans couture ou \u00e0 notre sweat \u00e0 capuche thermique 3D pour un confort sport-chic.<\/p>\n<p>60% Polyamide 36% Polyester 4% Elasthanne<\/p>\n<p><img decoding=\"async\" class=\"w-50 my-2\" src=\"https:\/\/www.compressport.com\/ch\/img\/prods_entretien.png\"><\/p>\n","protected":false},"excerpt":{"rendered":"<p>Pantalon de surv\u00eatement polyvalent et \u00e9l\u00e9gant avec une thermor\u00e9gulation optimale pour se r\u00e9chauffer, se rafra\u00eechir ou se d\u00e9tendre.<\/p>\n","protected":false},"featured_media":3681,"comment_status":"open","ping_status":"closed","template":"","meta":[],"product_brand":[],"product_cat":[282],"product_tag":[258,259],"class_list":{"0":"post-5889","1":"product","2":"type-product","3":"status-publish","4":"has-post-thumbnail","6":"product_cat-shorts-pantalons","7":"product_tag-femme","8":"product_tag-lhomme","10":"first","11":"instock","12":"taxable","13":"shipping-taxable","14":"purchasable","15":"product-type-variable"},"yoast_head":"<!-- This site is optimized with the Yoast SEO Premium plugin v27.5 (Yoast SEO v27.5) - https:\/\/yoast.com\/product\/yoast-seo-premium-wordpress\/ -->\n<title>Pantalon sans couture Mood Indigo - confort moderne<\/title>\n<meta name=\"description\" content=\"Le Pantalon sans couture Mood Indigo associe thermor\u00e9gulation et confort \u00e9l\u00e9gant apr\u00e8s l\u2019effort. D\u00e9couvrez-le et adoptez une allure d\u00e9contract\u00e9e.\" \/>\n<meta name=\"robots\" content=\"index, follow, max-snippet:-1, max-image-preview:large, max-video-preview:-1\" \/>\n<link rel=\"canonical\" href=\"https:\/\/xmy.ch\/fr\/prodotto\/pantalon-sans-couture-mood-indigo\/\" \/>\n<meta property=\"og:locale\" content=\"fr_FR\" \/>\n<meta property=\"og:type\" content=\"article\" \/>\n<meta property=\"og:title\" content=\"Mood Indigo sans couture - confort et style\" \/>\n<meta property=\"og:description\" content=\"Mood Indigo sans couture offre confort et style. D\u00e9couvrez-le et am\u00e9liorez votre tenue sportive.\" \/>\n<meta property=\"og:url\" content=\"https:\/\/xmy.ch\/fr\/prodotto\/pantalon-sans-couture-mood-indigo\/\" \/>\n<meta property=\"og:site_name\" content=\"Xmy Sagl\" \/>\n<meta property=\"article:publisher\" content=\"https:\/\/www.facebook.com\/xmy.sagl\" \/>\n<meta property=\"og:image\" content=\"https:\/\/xmy.ch\/wp-content\/uploads\/2023\/10\/seamless-pants-mood-indigo-melange.webp\" \/>\n\t<meta property=\"og:image:width\" content=\"549\" \/>\n\t<meta property=\"og:image:height\" content=\"712\" \/>\n\t<meta property=\"og:image:type\" content=\"image\/webp\" \/>\n<meta name=\"twitter:card\" content=\"summary_large_image\" \/>\n<meta name=\"twitter:title\" content=\"Pantalon Mood Indigo sans couture - confort moderne\" \/>\n<meta name=\"twitter:description\" content=\"Adoptez le confort sans couture Mood Indigo. Essayez-le d\u00e8s maintenant.\" \/>\n<meta name=\"twitter:label1\" content=\"Dur\u00e9e de lecture estim\u00e9e\" \/>\n\t<meta name=\"twitter:data1\" content=\"1 minute\" \/>\n<script type=\"application\/ld+json\" class=\"yoast-schema-graph\">{\"@context\":\"https:\\\/\\\/schema.org\",\"@graph\":[{\"@type\":\"WebPage\",\"@id\":\"https:\\\/\\\/xmy.ch\\\/fr\\\/prodotto\\\/pantalon-sans-couture-mood-indigo\\\/\",\"url\":\"https:\\\/\\\/xmy.ch\\\/fr\\\/prodotto\\\/pantalon-sans-couture-mood-indigo\\\/\",\"name\":\"Pantalon sans couture Mood Indigo - confort moderne\",\"isPartOf\":{\"@id\":\"https:\\\/\\\/xmy.ch\\\/fr\\\/#website\"},\"primaryImageOfPage\":{\"@id\":\"https:\\\/\\\/xmy.ch\\\/fr\\\/prodotto\\\/pantalon-sans-couture-mood-indigo\\\/#primaryimage\"},\"image\":{\"@id\":\"https:\\\/\\\/xmy.ch\\\/fr\\\/prodotto\\\/pantalon-sans-couture-mood-indigo\\\/#primaryimage\"},\"thumbnailUrl\":\"https:\\\/\\\/xmy.ch\\\/wp-content\\\/uploads\\\/2023\\\/10\\\/seamless-pants-mood-indigo-melange.webp\",\"datePublished\":\"2023-10-26T18:13:00+00:00\",\"description\":\"Le Pantalon sans couture Mood Indigo associe thermor\u00e9gulation et confort \u00e9l\u00e9gant apr\u00e8s l\u2019effort. D\u00e9couvrez-le et adoptez une allure d\u00e9contract\u00e9e.\",\"breadcrumb\":{\"@id\":\"https:\\\/\\\/xmy.ch\\\/fr\\\/prodotto\\\/pantalon-sans-couture-mood-indigo\\\/#breadcrumb\"},\"inLanguage\":\"fr-FR\",\"potentialAction\":[{\"@type\":\"ReadAction\",\"target\":[\"https:\\\/\\\/xmy.ch\\\/fr\\\/prodotto\\\/pantalon-sans-couture-mood-indigo\\\/\"]}]},{\"@type\":\"ImageObject\",\"inLanguage\":\"fr-FR\",\"@id\":\"https:\\\/\\\/xmy.ch\\\/fr\\\/prodotto\\\/pantalon-sans-couture-mood-indigo\\\/#primaryimage\",\"url\":\"https:\\\/\\\/xmy.ch\\\/wp-content\\\/uploads\\\/2023\\\/10\\\/seamless-pants-mood-indigo-melange.webp\",\"contentUrl\":\"https:\\\/\\\/xmy.ch\\\/wp-content\\\/uploads\\\/2023\\\/10\\\/seamless-pants-mood-indigo-melange.webp\",\"width\":549,\"height\":712},{\"@type\":\"BreadcrumbList\",\"@id\":\"https:\\\/\\\/xmy.ch\\\/fr\\\/prodotto\\\/pantalon-sans-couture-mood-indigo\\\/#breadcrumb\",\"itemListElement\":[{\"@type\":\"ListItem\",\"position\":1,\"name\":\"Home\",\"item\":\"https:\\\/\\\/xmy.ch\\\/fr\\\/\"},{\"@type\":\"ListItem\",\"position\":2,\"name\":\"Boutique\",\"item\":\"https:\\\/\\\/xmy.ch\\\/fr\\\/boutique\\\/\"},{\"@type\":\"ListItem\",\"position\":3,\"name\":\"Pantalon sans couture Mood Indigo\"}]},{\"@type\":\"WebSite\",\"@id\":\"https:\\\/\\\/xmy.ch\\\/fr\\\/#website\",\"url\":\"https:\\\/\\\/xmy.ch\\\/fr\\\/\",\"name\":\"Xmy Sagl\",\"description\":\"\",\"publisher\":{\"@id\":\"https:\\\/\\\/xmy.ch\\\/fr\\\/#organization\"},\"potentialAction\":[{\"@type\":\"SearchAction\",\"target\":{\"@type\":\"EntryPoint\",\"urlTemplate\":\"https:\\\/\\\/xmy.ch\\\/fr\\\/?s={search_term_string}\"},\"query-input\":{\"@type\":\"PropertyValueSpecification\",\"valueRequired\":true,\"valueName\":\"search_term_string\"}}],\"inLanguage\":\"fr-FR\"},{\"@type\":\"Organization\",\"@id\":\"https:\\\/\\\/xmy.ch\\\/fr\\\/#organization\",\"name\":\"Xmy Sagl\",\"url\":\"https:\\\/\\\/xmy.ch\\\/fr\\\/\",\"logo\":{\"@type\":\"ImageObject\",\"inLanguage\":\"fr-FR\",\"@id\":\"https:\\\/\\\/xmy.ch\\\/fr\\\/#\\\/schema\\\/logo\\\/image\\\/\",\"url\":\"https:\\\/\\\/xmy.ch\\\/wp-content\\\/uploads\\\/2024\\\/02\\\/XMY_UNI_B.webp\",\"contentUrl\":\"https:\\\/\\\/xmy.ch\\\/wp-content\\\/uploads\\\/2024\\\/02\\\/XMY_UNI_B.webp\",\"width\":1459,\"height\":421,\"caption\":\"Xmy Sagl\"},\"image\":{\"@id\":\"https:\\\/\\\/xmy.ch\\\/fr\\\/#\\\/schema\\\/logo\\\/image\\\/\"},\"sameAs\":[\"https:\\\/\\\/www.facebook.com\\\/xmy.sagl\",\"https:\\\/\\\/www.instagram.com\\\/xmy.sagl\\\/\"]}]}<\/script>\n<!-- \/ Yoast SEO Premium plugin. -->","yoast_head_json":{"title":"Pantalon sans couture Mood Indigo - confort moderne","description":"Le Pantalon sans couture Mood Indigo associe thermor\u00e9gulation et confort \u00e9l\u00e9gant apr\u00e8s l\u2019effort. D\u00e9couvrez-le et adoptez une allure d\u00e9contract\u00e9e.","robots":{"index":"index","follow":"follow","max-snippet":"max-snippet:-1","max-image-preview":"max-image-preview:large","max-video-preview":"max-video-preview:-1"},"canonical":"https:\/\/xmy.ch\/fr\/prodotto\/pantalon-sans-couture-mood-indigo\/","og_locale":"fr_FR","og_type":"article","og_title":"Mood Indigo sans couture - confort et style","og_description":"Mood Indigo sans couture offre confort et style. D\u00e9couvrez-le et am\u00e9liorez votre tenue sportive.","og_url":"https:\/\/xmy.ch\/fr\/prodotto\/pantalon-sans-couture-mood-indigo\/","og_site_name":"Xmy Sagl","article_publisher":"https:\/\/www.facebook.com\/xmy.sagl","og_image":[{"width":549,"height":712,"url":"https:\/\/xmy.ch\/wp-content\/uploads\/2023\/10\/seamless-pants-mood-indigo-melange.webp","type":"image\/webp"}],"twitter_card":"summary_large_image","twitter_title":"Pantalon Mood Indigo sans couture - confort moderne","twitter_description":"Adoptez le confort sans couture Mood Indigo. Essayez-le d\u00e8s maintenant.","twitter_misc":{"Dur\u00e9e de lecture estim\u00e9e":"1 minute"},"schema":{"@context":"https:\/\/schema.org","@graph":[{"@type":"WebPage","@id":"https:\/\/xmy.ch\/fr\/prodotto\/pantalon-sans-couture-mood-indigo\/","url":"https:\/\/xmy.ch\/fr\/prodotto\/pantalon-sans-couture-mood-indigo\/","name":"Pantalon sans couture Mood Indigo - confort moderne","isPartOf":{"@id":"https:\/\/xmy.ch\/fr\/#website"},"primaryImageOfPage":{"@id":"https:\/\/xmy.ch\/fr\/prodotto\/pantalon-sans-couture-mood-indigo\/#primaryimage"},"image":{"@id":"https:\/\/xmy.ch\/fr\/prodotto\/pantalon-sans-couture-mood-indigo\/#primaryimage"},"thumbnailUrl":"https:\/\/xmy.ch\/wp-content\/uploads\/2023\/10\/seamless-pants-mood-indigo-melange.webp","datePublished":"2023-10-26T18:13:00+00:00","description":"Le Pantalon sans couture Mood Indigo associe thermor\u00e9gulation et confort \u00e9l\u00e9gant apr\u00e8s l\u2019effort. D\u00e9couvrez-le et adoptez une allure d\u00e9contract\u00e9e.","breadcrumb":{"@id":"https:\/\/xmy.ch\/fr\/prodotto\/pantalon-sans-couture-mood-indigo\/#breadcrumb"},"inLanguage":"fr-FR","potentialAction":[{"@type":"ReadAction","target":["https:\/\/xmy.ch\/fr\/prodotto\/pantalon-sans-couture-mood-indigo\/"]}]},{"@type":"ImageObject","inLanguage":"fr-FR","@id":"https:\/\/xmy.ch\/fr\/prodotto\/pantalon-sans-couture-mood-indigo\/#primaryimage","url":"https:\/\/xmy.ch\/wp-content\/uploads\/2023\/10\/seamless-pants-mood-indigo-melange.webp","contentUrl":"https:\/\/xmy.ch\/wp-content\/uploads\/2023\/10\/seamless-pants-mood-indigo-melange.webp","width":549,"height":712},{"@type":"BreadcrumbList","@id":"https:\/\/xmy.ch\/fr\/prodotto\/pantalon-sans-couture-mood-indigo\/#breadcrumb","itemListElement":[{"@type":"ListItem","position":1,"name":"Home","item":"https:\/\/xmy.ch\/fr\/"},{"@type":"ListItem","position":2,"name":"Boutique","item":"https:\/\/xmy.ch\/fr\/boutique\/"},{"@type":"ListItem","position":3,"name":"Pantalon sans couture Mood Indigo"}]},{"@type":"WebSite","@id":"https:\/\/xmy.ch\/fr\/#website","url":"https:\/\/xmy.ch\/fr\/","name":"Xmy Sagl","description":"","publisher":{"@id":"https:\/\/xmy.ch\/fr\/#organization"},"potentialAction":[{"@type":"SearchAction","target":{"@type":"EntryPoint","urlTemplate":"https:\/\/xmy.ch\/fr\/?s={search_term_string}"},"query-input":{"@type":"PropertyValueSpecification","valueRequired":true,"valueName":"search_term_string"}}],"inLanguage":"fr-FR"},{"@type":"Organization","@id":"https:\/\/xmy.ch\/fr\/#organization","name":"Xmy Sagl","url":"https:\/\/xmy.ch\/fr\/","logo":{"@type":"ImageObject","inLanguage":"fr-FR","@id":"https:\/\/xmy.ch\/fr\/#\/schema\/logo\/image\/","url":"https:\/\/xmy.ch\/wp-content\/uploads\/2024\/02\/XMY_UNI_B.webp","contentUrl":"https:\/\/xmy.ch\/wp-content\/uploads\/2024\/02\/XMY_UNI_B.webp","width":1459,"height":421,"caption":"Xmy Sagl"},"image":{"@id":"https:\/\/xmy.ch\/fr\/#\/schema\/logo\/image\/"},"sameAs":["https:\/\/www.facebook.com\/xmy.sagl","https:\/\/www.instagram.com\/xmy.sagl\/"]}]}},"_links":{"self":[{"href":"https:\/\/xmy.ch\/fr\/wp-json\/wp\/v2\/product\/5889","targetHints":{"allow":["GET"]}}],"collection":[{"href":"https:\/\/xmy.ch\/fr\/wp-json\/wp\/v2\/product"}],"about":[{"href":"https:\/\/xmy.ch\/fr\/wp-json\/wp\/v2\/types\/product"}],"replies":[{"embeddable":true,"href":"https:\/\/xmy.ch\/fr\/wp-json\/wp\/v2\/comments?post=5889"}],"wp:featuredmedia":[{"embeddable":true,"href":"https:\/\/xmy.ch\/fr\/wp-json\/wp\/v2\/media\/3681"}],"wp:attachment":[{"href":"https:\/\/xmy.ch\/fr\/wp-json\/wp\/v2\/media?parent=5889"}],"wp:term":[{"taxonomy":"product_brand","embeddable":true,"href":"https:\/\/xmy.ch\/fr\/wp-json\/wp\/v2\/product_brand?post=5889"},{"taxonomy":"product_cat","embeddable":true,"href":"https:\/\/xmy.ch\/fr\/wp-json\/wp\/v2\/product_cat?post=5889"},{"taxonomy":"product_tag","embeddable":true,"href":"https:\/\/xmy.ch\/fr\/wp-json\/wp\/v2\/product_tag?post=5889"}],"curies":[{"name":"wp","href":"https:\/\/api.w.org\/{rel}","templated":true}]}}