{"id":5879,"date":"2023-10-26T20:01:27","date_gmt":"2023-10-26T18:01:27","guid":{"rendered":"https:\/\/xmy.ch\/prodotto\/on-off-collants-homme-gris-melange\/"},"modified":"2023-10-26T20:01:27","modified_gmt":"2023-10-26T18:01:27","slug":"on-off-collants-homme-gris-melange","status":"publish","type":"product","link":"https:\/\/xmy.ch\/fr\/prodotto\/on-off-collants-homme-gris-melange\/","title":{"rendered":"On Off Collants Homme Gris M\u00e9lange"},"content":{"rendered":"<p>Collant de base respirant et tr\u00e8s confortable avec une thermor\u00e9gulation sup\u00e9rieure pour rester au chaud pendant l&rsquo;entra\u00eenement et les comp\u00e9titions hivernales.<\/p>\n<p>Am\u00e9liorez vos performances hivernales avec le nouveau collant de base On\/Off. Utilisant la m\u00eame technologie que les maillots \u00e0 manches longues et con\u00e7ue pour \u00eatre port\u00e9e sous un pantalon ou un short ample, cette couche de base hivernale offre une thermor\u00e9gulation sup\u00e9rieure pendant les s\u00e9ances d&rsquo;entra\u00eenement les plus intenses. Lorsque l&rsquo;intensit\u00e9 augmente, les alv\u00e9oles intelligentes de la microfibre s&rsquo;ouvrent pour r\u00e9duire la compression et augmenter la respirabilit\u00e9. Si la tension diminue, les alv\u00e9oles se ferment pour prot\u00e9ger la r\u00e9tention de chaleur. La cartographie corporelle sp\u00e9cifique au sexe assure une meilleure protection des zones particuli\u00e8rement sensibles, notamment le bas du dos et les quadriceps ext\u00e9rieurs. Il en r\u00e9sulte une thermor\u00e9gulation tr\u00e8s performante qui maintient une temp\u00e9rature interne constante ind\u00e9pendamment de l&rsquo;effort ou des conditions ext\u00e9rieures. L&rsquo;ajustement Ergo favorise cet effet high-tech, bloque le flux d&rsquo;air et assure une chaleur maximale pendant l&rsquo;entra\u00eenement. Gr\u00e2ce \u00e0 sa conception sans coutures, ce collant en microfibres est extr\u00eamement confortable et garantit l&rsquo;absence de frottements, assurant une totale libert\u00e9 de mouvement lors des randonn\u00e9es, du cyclisme ou de la course \u00e0 pied. La taille plate est confortable et ferme, avec un cordon de serrage pour un ajustement facile. Enfin, les propri\u00e9t\u00e9s antibact\u00e9riennes naturelles du tissu combattent les odeurs et les irritations. Portez ce collant sous un pantalon Hurricane et b\u00e9n\u00e9ficiez d&rsquo;une chaleur accrue et de performances am\u00e9lior\u00e9es pendant l&rsquo;entra\u00eenement hivernal.<\/p>\n<p>73% Polyester, 19% Polyamide, 8% Elasthanne<\/p>\n<p><img decoding=\"async\" class=\"w-50 my-2\" src=\"https:\/\/www.compressport.com\/ch\/img\/prods_entretien.png\"><\/p>\n","protected":false},"excerpt":{"rendered":"<p>Collant de base respirant et tr\u00e8s confortable avec une thermor\u00e9gulation sup\u00e9rieure pour rester au chaud pendant l&rsquo;entra\u00eenement et les comp\u00e9titions hivernales.<\/p>\n","protected":false},"featured_media":3664,"comment_status":"open","ping_status":"closed","template":"","meta":[],"product_brand":[],"product_cat":[282],"product_tag":[259],"class_list":{"0":"post-5879","1":"product","2":"type-product","3":"status-publish","4":"has-post-thumbnail","6":"product_cat-shorts-pantalons","7":"product_tag-lhomme","9":"first","10":"instock","11":"taxable","12":"shipping-taxable","13":"purchasable","14":"product-type-variable"},"yoast_head":"<!-- This site is optimized with the Yoast SEO Premium plugin v27.5 (Yoast SEO v27.5) - https:\/\/yoast.com\/product\/yoast-seo-premium-wordpress\/ -->\n<title>Collants Homme On Off \u2013 Gris M\u00e9lange, Thermor\u00e9gulation<\/title>\n<meta name=\"description\" content=\"D\u00e9couvrez le collant On Off Gris M\u00e9lange pour une thermor\u00e9gulation performante et un confort optimal lors des entra\u00eenements hivernaux.\" \/>\n<meta name=\"robots\" content=\"index, follow, max-snippet:-1, max-image-preview:large, max-video-preview:-1\" \/>\n<link rel=\"canonical\" href=\"https:\/\/xmy.ch\/fr\/prodotto\/on-off-collants-homme-gris-melange\/\" \/>\n<meta property=\"og:locale\" content=\"fr_FR\" \/>\n<meta property=\"og:type\" content=\"article\" \/>\n<meta property=\"og:title\" content=\"Collants Homme On Off \u2013 Gris M\u00e9lange, Thermor\u00e9gulation\" \/>\n<meta property=\"og:description\" content=\"Am\u00e9liorez vos s\u00e9ances hivernales avec On Off. Confort sans couture et chaleur contr\u00f4l\u00e9e.\" \/>\n<meta property=\"og:url\" content=\"https:\/\/xmy.ch\/fr\/prodotto\/on-off-collants-homme-gris-melange\/\" \/>\n<meta property=\"og:site_name\" content=\"Xmy Sagl\" \/>\n<meta property=\"article:publisher\" content=\"https:\/\/www.facebook.com\/xmy.sagl\" \/>\n<meta property=\"og:image\" content=\"https:\/\/xmy.ch\/wp-content\/uploads\/2023\/10\/on-off-tights-m-grey.webp\" \/>\n\t<meta property=\"og:image:width\" content=\"549\" \/>\n\t<meta property=\"og:image:height\" content=\"712\" \/>\n\t<meta property=\"og:image:type\" content=\"image\/webp\" \/>\n<meta name=\"twitter:card\" content=\"summary_large_image\" \/>\n<meta name=\"twitter:title\" content=\"On Off Collants Homme \u2013 Gris M\u00e9lange, Performance\" \/>\n<meta name=\"twitter:description\" content=\"Optimisez l\u2019entra\u00eenement hivernal avec On Off. Conception respirante et chaleur adapt\u00e9e.\" \/>\n<meta name=\"twitter:label1\" content=\"Dur\u00e9e de lecture estim\u00e9e\" \/>\n\t<meta name=\"twitter:data1\" content=\"1 minute\" \/>\n<script type=\"application\/ld+json\" class=\"yoast-schema-graph\">{\"@context\":\"https:\\\/\\\/schema.org\",\"@graph\":[{\"@type\":\"WebPage\",\"@id\":\"https:\\\/\\\/xmy.ch\\\/fr\\\/prodotto\\\/on-off-collants-homme-gris-melange\\\/\",\"url\":\"https:\\\/\\\/xmy.ch\\\/fr\\\/prodotto\\\/on-off-collants-homme-gris-melange\\\/\",\"name\":\"Collants Homme On Off \u2013 Gris M\u00e9lange, Thermor\u00e9gulation\",\"isPartOf\":{\"@id\":\"https:\\\/\\\/xmy.ch\\\/fr\\\/#website\"},\"primaryImageOfPage\":{\"@id\":\"https:\\\/\\\/xmy.ch\\\/fr\\\/prodotto\\\/on-off-collants-homme-gris-melange\\\/#primaryimage\"},\"image\":{\"@id\":\"https:\\\/\\\/xmy.ch\\\/fr\\\/prodotto\\\/on-off-collants-homme-gris-melange\\\/#primaryimage\"},\"thumbnailUrl\":\"https:\\\/\\\/xmy.ch\\\/wp-content\\\/uploads\\\/2023\\\/10\\\/on-off-tights-m-grey.webp\",\"datePublished\":\"2023-10-26T18:01:27+00:00\",\"description\":\"D\u00e9couvrez le collant On Off Gris M\u00e9lange pour une thermor\u00e9gulation performante et un confort optimal lors des entra\u00eenements hivernaux.\",\"breadcrumb\":{\"@id\":\"https:\\\/\\\/xmy.ch\\\/fr\\\/prodotto\\\/on-off-collants-homme-gris-melange\\\/#breadcrumb\"},\"inLanguage\":\"fr-FR\",\"potentialAction\":[{\"@type\":\"ReadAction\",\"target\":[\"https:\\\/\\\/xmy.ch\\\/fr\\\/prodotto\\\/on-off-collants-homme-gris-melange\\\/\"]}]},{\"@type\":\"ImageObject\",\"inLanguage\":\"fr-FR\",\"@id\":\"https:\\\/\\\/xmy.ch\\\/fr\\\/prodotto\\\/on-off-collants-homme-gris-melange\\\/#primaryimage\",\"url\":\"https:\\\/\\\/xmy.ch\\\/wp-content\\\/uploads\\\/2023\\\/10\\\/on-off-tights-m-grey.webp\",\"contentUrl\":\"https:\\\/\\\/xmy.ch\\\/wp-content\\\/uploads\\\/2023\\\/10\\\/on-off-tights-m-grey.webp\",\"width\":549,\"height\":712},{\"@type\":\"BreadcrumbList\",\"@id\":\"https:\\\/\\\/xmy.ch\\\/fr\\\/prodotto\\\/on-off-collants-homme-gris-melange\\\/#breadcrumb\",\"itemListElement\":[{\"@type\":\"ListItem\",\"position\":1,\"name\":\"Home\",\"item\":\"https:\\\/\\\/xmy.ch\\\/fr\\\/\"},{\"@type\":\"ListItem\",\"position\":2,\"name\":\"Boutique\",\"item\":\"https:\\\/\\\/xmy.ch\\\/fr\\\/boutique\\\/\"},{\"@type\":\"ListItem\",\"position\":3,\"name\":\"On Off Collants Homme Gris M\u00e9lange\"}]},{\"@type\":\"WebSite\",\"@id\":\"https:\\\/\\\/xmy.ch\\\/fr\\\/#website\",\"url\":\"https:\\\/\\\/xmy.ch\\\/fr\\\/\",\"name\":\"Xmy Sagl\",\"description\":\"\",\"publisher\":{\"@id\":\"https:\\\/\\\/xmy.ch\\\/fr\\\/#organization\"},\"potentialAction\":[{\"@type\":\"SearchAction\",\"target\":{\"@type\":\"EntryPoint\",\"urlTemplate\":\"https:\\\/\\\/xmy.ch\\\/fr\\\/?s={search_term_string}\"},\"query-input\":{\"@type\":\"PropertyValueSpecification\",\"valueRequired\":true,\"valueName\":\"search_term_string\"}}],\"inLanguage\":\"fr-FR\"},{\"@type\":\"Organization\",\"@id\":\"https:\\\/\\\/xmy.ch\\\/fr\\\/#organization\",\"name\":\"Xmy Sagl\",\"url\":\"https:\\\/\\\/xmy.ch\\\/fr\\\/\",\"logo\":{\"@type\":\"ImageObject\",\"inLanguage\":\"fr-FR\",\"@id\":\"https:\\\/\\\/xmy.ch\\\/fr\\\/#\\\/schema\\\/logo\\\/image\\\/\",\"url\":\"https:\\\/\\\/xmy.ch\\\/wp-content\\\/uploads\\\/2024\\\/02\\\/XMY_UNI_B.webp\",\"contentUrl\":\"https:\\\/\\\/xmy.ch\\\/wp-content\\\/uploads\\\/2024\\\/02\\\/XMY_UNI_B.webp\",\"width\":1459,\"height\":421,\"caption\":\"Xmy Sagl\"},\"image\":{\"@id\":\"https:\\\/\\\/xmy.ch\\\/fr\\\/#\\\/schema\\\/logo\\\/image\\\/\"},\"sameAs\":[\"https:\\\/\\\/www.facebook.com\\\/xmy.sagl\",\"https:\\\/\\\/www.instagram.com\\\/xmy.sagl\\\/\"]}]}<\/script>\n<!-- \/ Yoast SEO Premium plugin. -->","yoast_head_json":{"title":"Collants Homme On Off \u2013 Gris M\u00e9lange, Thermor\u00e9gulation","description":"D\u00e9couvrez le collant On Off Gris M\u00e9lange pour une thermor\u00e9gulation performante et un confort optimal lors des entra\u00eenements hivernaux.","robots":{"index":"index","follow":"follow","max-snippet":"max-snippet:-1","max-image-preview":"max-image-preview:large","max-video-preview":"max-video-preview:-1"},"canonical":"https:\/\/xmy.ch\/fr\/prodotto\/on-off-collants-homme-gris-melange\/","og_locale":"fr_FR","og_type":"article","og_title":"Collants Homme On Off \u2013 Gris M\u00e9lange, Thermor\u00e9gulation","og_description":"Am\u00e9liorez vos s\u00e9ances hivernales avec On Off. Confort sans couture et chaleur contr\u00f4l\u00e9e.","og_url":"https:\/\/xmy.ch\/fr\/prodotto\/on-off-collants-homme-gris-melange\/","og_site_name":"Xmy Sagl","article_publisher":"https:\/\/www.facebook.com\/xmy.sagl","og_image":[{"width":549,"height":712,"url":"https:\/\/xmy.ch\/wp-content\/uploads\/2023\/10\/on-off-tights-m-grey.webp","type":"image\/webp"}],"twitter_card":"summary_large_image","twitter_title":"On Off Collants Homme \u2013 Gris M\u00e9lange, Performance","twitter_description":"Optimisez l\u2019entra\u00eenement hivernal avec On Off. Conception respirante et chaleur adapt\u00e9e.","twitter_misc":{"Dur\u00e9e de lecture estim\u00e9e":"1 minute"},"schema":{"@context":"https:\/\/schema.org","@graph":[{"@type":"WebPage","@id":"https:\/\/xmy.ch\/fr\/prodotto\/on-off-collants-homme-gris-melange\/","url":"https:\/\/xmy.ch\/fr\/prodotto\/on-off-collants-homme-gris-melange\/","name":"Collants Homme On Off \u2013 Gris M\u00e9lange, Thermor\u00e9gulation","isPartOf":{"@id":"https:\/\/xmy.ch\/fr\/#website"},"primaryImageOfPage":{"@id":"https:\/\/xmy.ch\/fr\/prodotto\/on-off-collants-homme-gris-melange\/#primaryimage"},"image":{"@id":"https:\/\/xmy.ch\/fr\/prodotto\/on-off-collants-homme-gris-melange\/#primaryimage"},"thumbnailUrl":"https:\/\/xmy.ch\/wp-content\/uploads\/2023\/10\/on-off-tights-m-grey.webp","datePublished":"2023-10-26T18:01:27+00:00","description":"D\u00e9couvrez le collant On Off Gris M\u00e9lange pour une thermor\u00e9gulation performante et un confort optimal lors des entra\u00eenements hivernaux.","breadcrumb":{"@id":"https:\/\/xmy.ch\/fr\/prodotto\/on-off-collants-homme-gris-melange\/#breadcrumb"},"inLanguage":"fr-FR","potentialAction":[{"@type":"ReadAction","target":["https:\/\/xmy.ch\/fr\/prodotto\/on-off-collants-homme-gris-melange\/"]}]},{"@type":"ImageObject","inLanguage":"fr-FR","@id":"https:\/\/xmy.ch\/fr\/prodotto\/on-off-collants-homme-gris-melange\/#primaryimage","url":"https:\/\/xmy.ch\/wp-content\/uploads\/2023\/10\/on-off-tights-m-grey.webp","contentUrl":"https:\/\/xmy.ch\/wp-content\/uploads\/2023\/10\/on-off-tights-m-grey.webp","width":549,"height":712},{"@type":"BreadcrumbList","@id":"https:\/\/xmy.ch\/fr\/prodotto\/on-off-collants-homme-gris-melange\/#breadcrumb","itemListElement":[{"@type":"ListItem","position":1,"name":"Home","item":"https:\/\/xmy.ch\/fr\/"},{"@type":"ListItem","position":2,"name":"Boutique","item":"https:\/\/xmy.ch\/fr\/boutique\/"},{"@type":"ListItem","position":3,"name":"On Off Collants Homme Gris M\u00e9lange"}]},{"@type":"WebSite","@id":"https:\/\/xmy.ch\/fr\/#website","url":"https:\/\/xmy.ch\/fr\/","name":"Xmy Sagl","description":"","publisher":{"@id":"https:\/\/xmy.ch\/fr\/#organization"},"potentialAction":[{"@type":"SearchAction","target":{"@type":"EntryPoint","urlTemplate":"https:\/\/xmy.ch\/fr\/?s={search_term_string}"},"query-input":{"@type":"PropertyValueSpecification","valueRequired":true,"valueName":"search_term_string"}}],"inLanguage":"fr-FR"},{"@type":"Organization","@id":"https:\/\/xmy.ch\/fr\/#organization","name":"Xmy Sagl","url":"https:\/\/xmy.ch\/fr\/","logo":{"@type":"ImageObject","inLanguage":"fr-FR","@id":"https:\/\/xmy.ch\/fr\/#\/schema\/logo\/image\/","url":"https:\/\/xmy.ch\/wp-content\/uploads\/2024\/02\/XMY_UNI_B.webp","contentUrl":"https:\/\/xmy.ch\/wp-content\/uploads\/2024\/02\/XMY_UNI_B.webp","width":1459,"height":421,"caption":"Xmy Sagl"},"image":{"@id":"https:\/\/xmy.ch\/fr\/#\/schema\/logo\/image\/"},"sameAs":["https:\/\/www.facebook.com\/xmy.sagl","https:\/\/www.instagram.com\/xmy.sagl\/"]}]}},"_links":{"self":[{"href":"https:\/\/xmy.ch\/fr\/wp-json\/wp\/v2\/product\/5879","targetHints":{"allow":["GET"]}}],"collection":[{"href":"https:\/\/xmy.ch\/fr\/wp-json\/wp\/v2\/product"}],"about":[{"href":"https:\/\/xmy.ch\/fr\/wp-json\/wp\/v2\/types\/product"}],"replies":[{"embeddable":true,"href":"https:\/\/xmy.ch\/fr\/wp-json\/wp\/v2\/comments?post=5879"}],"wp:featuredmedia":[{"embeddable":true,"href":"https:\/\/xmy.ch\/fr\/wp-json\/wp\/v2\/media\/3664"}],"wp:attachment":[{"href":"https:\/\/xmy.ch\/fr\/wp-json\/wp\/v2\/media?parent=5879"}],"wp:term":[{"taxonomy":"product_brand","embeddable":true,"href":"https:\/\/xmy.ch\/fr\/wp-json\/wp\/v2\/product_brand?post=5879"},{"taxonomy":"product_cat","embeddable":true,"href":"https:\/\/xmy.ch\/fr\/wp-json\/wp\/v2\/product_cat?post=5879"},{"taxonomy":"product_tag","embeddable":true,"href":"https:\/\/xmy.ch\/fr\/wp-json\/wp\/v2\/product_tag?post=5879"}],"curies":[{"name":"wp","href":"https:\/\/api.w.org\/{rel}","templated":true}]}}