{"id":5861,"date":"2023-10-26T19:53:00","date_gmt":"2023-10-26T17:53:00","guid":{"rendered":"https:\/\/xmy.ch\/prodotto\/manchette-sous-controle-noir\/"},"modified":"2023-10-26T19:53:00","modified_gmt":"2023-10-26T17:53:00","slug":"manchette-sous-controle-noir","status":"publish","type":"product","link":"https:\/\/xmy.ch\/fr\/prodotto\/manchette-sous-controle-noir\/","title":{"rendered":"Manchette sous contr\u00f4le Noir"},"content":{"rendered":"<p>Manches de compression noires en seconde peau pour am\u00e9liorer les performances lors d&rsquo;entra\u00eenements et de comp\u00e9titions intenses.<\/p>\n<p>Les manchons de bras Under Control feront leur apparition chez Compressport en 2020 en tant que produit pionnier de la gamme Oxygen. Apr\u00e8s l&rsquo;\u00e9norme succ\u00e8s des leggings Oxygen R2 con\u00e7us pour les championnats du monde de triathlon \u00e0 Hawa\u00ef, nous poursuivons la technologie en l&rsquo;appliquant \u00e0 quelques produits s\u00e9lectionn\u00e9s pour les courses de haute performance dans les conditions les plus difficiles et les plus chaudes. Fabriqu\u00e9s sur les m\u00eames machines qui conf\u00e8rent au tissu des leggings Oxygen leur efficacit\u00e9 m\u00e9dicale prouv\u00e9e, les manchons de compression pour le sport d&rsquo;endurance utilisent \u00e9galement le m\u00eame mat\u00e9riau l\u00e9ger comme une plume. L&rsquo;\u00e9lastique de qualit\u00e9 suisse assure une compression constante pour am\u00e9liorer la circulation sanguine et le soutien musculaire, ce qui permet de r\u00e9duire l&rsquo;inflammation et de garder les bras au frais m\u00eame pendant l&rsquo;effort. Les manches tr\u00e8s \u00e9lastiques sont faciles \u00e0 enfiler et agissent sans peser sur la peau pour un confort exceptionnel. Polyvalents, ils peuvent \u00eatre port\u00e9s comme couche suppl\u00e9mentaire lorsque les temp\u00e9ratures baissent l\u00e9g\u00e8rement, mais aussi en cas de chaleur extr\u00eame sans risque de surchauffe gr\u00e2ce \u00e0 la ventilation \u00e0 360\u00b0. Lorsque les d\u00e9tails font la diff\u00e9rence, les manchons noirs Under Control Armsleeves seront de votre c\u00f4t\u00e9.<\/p>\n<p>82% Polyamide, 18% Elasthanne<\/p>\n<p><img decoding=\"async\" class=\"w-50 my-2\" src=\"https:\/\/www.compressport.com\/ch\/img\/prods_entretien.png\"><\/p>\n","protected":false},"excerpt":{"rendered":"<p>Manches de compression noires en seconde peau pour am\u00e9liorer les performances lors d&rsquo;entra\u00eenements et de comp\u00e9titions intenses.<\/p>\n","protected":false},"featured_media":3654,"comment_status":"open","ping_status":"closed","template":"","meta":[],"product_brand":[],"product_cat":[257],"product_tag":[258,259],"class_list":{"0":"post-5861","1":"product","2":"type-product","3":"status-publish","4":"has-post-thumbnail","6":"product_cat-accessoires","7":"product_tag-femme","8":"product_tag-lhomme","10":"first","11":"instock","12":"taxable","13":"shipping-taxable","14":"purchasable","15":"product-type-variable"},"yoast_head":"<!-- This site is optimized with the Yoast SEO Premium plugin v27.5 (Yoast SEO v27.5) - https:\/\/yoast.com\/product\/yoast-seo-premium-wordpress\/ -->\n<title>Manchette sous contr\u00f4le: Noir pour performances optimales<\/title>\n<meta name=\"description\" content=\"Manchette sous contr\u00f4le Noir, manchons de compression en seconde peau pour performances d&#039;endurance. Am\u00e9liore la circulation et le confort \u2014 d\u00e9couvrez ce produit.\" \/>\n<meta name=\"robots\" content=\"index, follow, max-snippet:-1, max-image-preview:large, max-video-preview:-1\" \/>\n<link rel=\"canonical\" href=\"https:\/\/xmy.ch\/fr\/prodotto\/manchette-sous-controle-noir\/\" \/>\n<meta property=\"og:locale\" content=\"fr_FR\" \/>\n<meta property=\"og:type\" content=\"article\" \/>\n<meta property=\"og:title\" content=\"Manchette sous contr\u00f4le Noir \u2014 performances optimis\u00e9es\" \/>\n<meta property=\"og:description\" content=\"Am\u00e9liorez votre endurance avec cette manchette noire.\" \/>\n<meta property=\"og:url\" content=\"https:\/\/xmy.ch\/fr\/prodotto\/manchette-sous-controle-noir\/\" \/>\n<meta property=\"og:site_name\" content=\"Xmy Sagl\" \/>\n<meta property=\"article:publisher\" content=\"https:\/\/www.facebook.com\/xmy.sagl\" \/>\n<meta property=\"og:image\" content=\"https:\/\/xmy.ch\/wp-content\/uploads\/2023\/10\/manchette-de-compression-sport.webp\" \/>\n\t<meta property=\"og:image:width\" content=\"549\" \/>\n\t<meta property=\"og:image:height\" content=\"712\" \/>\n\t<meta property=\"og:image:type\" content=\"image\/webp\" \/>\n<meta name=\"twitter:card\" content=\"summary_large_image\" \/>\n<meta name=\"twitter:title\" content=\"Manchette sous contr\u00f4le Noir \u2014 performances durables\" \/>\n<meta name=\"twitter:description\" content=\"Soutien musculaire durable et refroidissement optimal garanti.\" \/>\n<meta name=\"twitter:label1\" content=\"Dur\u00e9e de lecture estim\u00e9e\" \/>\n\t<meta name=\"twitter:data1\" content=\"1 minute\" \/>\n<script type=\"application\/ld+json\" class=\"yoast-schema-graph\">{\"@context\":\"https:\\\/\\\/schema.org\",\"@graph\":[{\"@type\":\"WebPage\",\"@id\":\"https:\\\/\\\/xmy.ch\\\/fr\\\/prodotto\\\/manchette-sous-controle-noir\\\/\",\"url\":\"https:\\\/\\\/xmy.ch\\\/fr\\\/prodotto\\\/manchette-sous-controle-noir\\\/\",\"name\":\"Manchette sous contr\u00f4le: Noir pour performances optimales\",\"isPartOf\":{\"@id\":\"https:\\\/\\\/xmy.ch\\\/fr\\\/#website\"},\"primaryImageOfPage\":{\"@id\":\"https:\\\/\\\/xmy.ch\\\/fr\\\/prodotto\\\/manchette-sous-controle-noir\\\/#primaryimage\"},\"image\":{\"@id\":\"https:\\\/\\\/xmy.ch\\\/fr\\\/prodotto\\\/manchette-sous-controle-noir\\\/#primaryimage\"},\"thumbnailUrl\":\"https:\\\/\\\/xmy.ch\\\/wp-content\\\/uploads\\\/2023\\\/10\\\/manchette-de-compression-sport.webp\",\"datePublished\":\"2023-10-26T17:53:00+00:00\",\"description\":\"Manchette sous contr\u00f4le Noir, manchons de compression en seconde peau pour performances d'endurance. Am\u00e9liore la circulation et le confort \u2014 d\u00e9couvrez ce produit.\",\"breadcrumb\":{\"@id\":\"https:\\\/\\\/xmy.ch\\\/fr\\\/prodotto\\\/manchette-sous-controle-noir\\\/#breadcrumb\"},\"inLanguage\":\"fr-FR\",\"potentialAction\":[{\"@type\":\"ReadAction\",\"target\":[\"https:\\\/\\\/xmy.ch\\\/fr\\\/prodotto\\\/manchette-sous-controle-noir\\\/\"]}]},{\"@type\":\"ImageObject\",\"inLanguage\":\"fr-FR\",\"@id\":\"https:\\\/\\\/xmy.ch\\\/fr\\\/prodotto\\\/manchette-sous-controle-noir\\\/#primaryimage\",\"url\":\"https:\\\/\\\/xmy.ch\\\/wp-content\\\/uploads\\\/2023\\\/10\\\/manchette-de-compression-sport.webp\",\"contentUrl\":\"https:\\\/\\\/xmy.ch\\\/wp-content\\\/uploads\\\/2023\\\/10\\\/manchette-de-compression-sport.webp\",\"width\":549,\"height\":712},{\"@type\":\"BreadcrumbList\",\"@id\":\"https:\\\/\\\/xmy.ch\\\/fr\\\/prodotto\\\/manchette-sous-controle-noir\\\/#breadcrumb\",\"itemListElement\":[{\"@type\":\"ListItem\",\"position\":1,\"name\":\"Home\",\"item\":\"https:\\\/\\\/xmy.ch\\\/fr\\\/\"},{\"@type\":\"ListItem\",\"position\":2,\"name\":\"Boutique\",\"item\":\"https:\\\/\\\/xmy.ch\\\/fr\\\/boutique\\\/\"},{\"@type\":\"ListItem\",\"position\":3,\"name\":\"Manchette sous contr\u00f4le Noir\"}]},{\"@type\":\"WebSite\",\"@id\":\"https:\\\/\\\/xmy.ch\\\/fr\\\/#website\",\"url\":\"https:\\\/\\\/xmy.ch\\\/fr\\\/\",\"name\":\"Xmy Sagl\",\"description\":\"\",\"publisher\":{\"@id\":\"https:\\\/\\\/xmy.ch\\\/fr\\\/#organization\"},\"potentialAction\":[{\"@type\":\"SearchAction\",\"target\":{\"@type\":\"EntryPoint\",\"urlTemplate\":\"https:\\\/\\\/xmy.ch\\\/fr\\\/?s={search_term_string}\"},\"query-input\":{\"@type\":\"PropertyValueSpecification\",\"valueRequired\":true,\"valueName\":\"search_term_string\"}}],\"inLanguage\":\"fr-FR\"},{\"@type\":\"Organization\",\"@id\":\"https:\\\/\\\/xmy.ch\\\/fr\\\/#organization\",\"name\":\"Xmy Sagl\",\"url\":\"https:\\\/\\\/xmy.ch\\\/fr\\\/\",\"logo\":{\"@type\":\"ImageObject\",\"inLanguage\":\"fr-FR\",\"@id\":\"https:\\\/\\\/xmy.ch\\\/fr\\\/#\\\/schema\\\/logo\\\/image\\\/\",\"url\":\"https:\\\/\\\/xmy.ch\\\/wp-content\\\/uploads\\\/2024\\\/02\\\/XMY_UNI_B.webp\",\"contentUrl\":\"https:\\\/\\\/xmy.ch\\\/wp-content\\\/uploads\\\/2024\\\/02\\\/XMY_UNI_B.webp\",\"width\":1459,\"height\":421,\"caption\":\"Xmy Sagl\"},\"image\":{\"@id\":\"https:\\\/\\\/xmy.ch\\\/fr\\\/#\\\/schema\\\/logo\\\/image\\\/\"},\"sameAs\":[\"https:\\\/\\\/www.facebook.com\\\/xmy.sagl\",\"https:\\\/\\\/www.instagram.com\\\/xmy.sagl\\\/\"]}]}<\/script>\n<!-- \/ Yoast SEO Premium plugin. -->","yoast_head_json":{"title":"Manchette sous contr\u00f4le: Noir pour performances optimales","description":"Manchette sous contr\u00f4le Noir, manchons de compression en seconde peau pour performances d'endurance. Am\u00e9liore la circulation et le confort \u2014 d\u00e9couvrez ce produit.","robots":{"index":"index","follow":"follow","max-snippet":"max-snippet:-1","max-image-preview":"max-image-preview:large","max-video-preview":"max-video-preview:-1"},"canonical":"https:\/\/xmy.ch\/fr\/prodotto\/manchette-sous-controle-noir\/","og_locale":"fr_FR","og_type":"article","og_title":"Manchette sous contr\u00f4le Noir \u2014 performances optimis\u00e9es","og_description":"Am\u00e9liorez votre endurance avec cette manchette noire.","og_url":"https:\/\/xmy.ch\/fr\/prodotto\/manchette-sous-controle-noir\/","og_site_name":"Xmy Sagl","article_publisher":"https:\/\/www.facebook.com\/xmy.sagl","og_image":[{"width":549,"height":712,"url":"https:\/\/xmy.ch\/wp-content\/uploads\/2023\/10\/manchette-de-compression-sport.webp","type":"image\/webp"}],"twitter_card":"summary_large_image","twitter_title":"Manchette sous contr\u00f4le Noir \u2014 performances durables","twitter_description":"Soutien musculaire durable et refroidissement optimal garanti.","twitter_misc":{"Dur\u00e9e de lecture estim\u00e9e":"1 minute"},"schema":{"@context":"https:\/\/schema.org","@graph":[{"@type":"WebPage","@id":"https:\/\/xmy.ch\/fr\/prodotto\/manchette-sous-controle-noir\/","url":"https:\/\/xmy.ch\/fr\/prodotto\/manchette-sous-controle-noir\/","name":"Manchette sous contr\u00f4le: Noir pour performances optimales","isPartOf":{"@id":"https:\/\/xmy.ch\/fr\/#website"},"primaryImageOfPage":{"@id":"https:\/\/xmy.ch\/fr\/prodotto\/manchette-sous-controle-noir\/#primaryimage"},"image":{"@id":"https:\/\/xmy.ch\/fr\/prodotto\/manchette-sous-controle-noir\/#primaryimage"},"thumbnailUrl":"https:\/\/xmy.ch\/wp-content\/uploads\/2023\/10\/manchette-de-compression-sport.webp","datePublished":"2023-10-26T17:53:00+00:00","description":"Manchette sous contr\u00f4le Noir, manchons de compression en seconde peau pour performances d'endurance. Am\u00e9liore la circulation et le confort \u2014 d\u00e9couvrez ce produit.","breadcrumb":{"@id":"https:\/\/xmy.ch\/fr\/prodotto\/manchette-sous-controle-noir\/#breadcrumb"},"inLanguage":"fr-FR","potentialAction":[{"@type":"ReadAction","target":["https:\/\/xmy.ch\/fr\/prodotto\/manchette-sous-controle-noir\/"]}]},{"@type":"ImageObject","inLanguage":"fr-FR","@id":"https:\/\/xmy.ch\/fr\/prodotto\/manchette-sous-controle-noir\/#primaryimage","url":"https:\/\/xmy.ch\/wp-content\/uploads\/2023\/10\/manchette-de-compression-sport.webp","contentUrl":"https:\/\/xmy.ch\/wp-content\/uploads\/2023\/10\/manchette-de-compression-sport.webp","width":549,"height":712},{"@type":"BreadcrumbList","@id":"https:\/\/xmy.ch\/fr\/prodotto\/manchette-sous-controle-noir\/#breadcrumb","itemListElement":[{"@type":"ListItem","position":1,"name":"Home","item":"https:\/\/xmy.ch\/fr\/"},{"@type":"ListItem","position":2,"name":"Boutique","item":"https:\/\/xmy.ch\/fr\/boutique\/"},{"@type":"ListItem","position":3,"name":"Manchette sous contr\u00f4le Noir"}]},{"@type":"WebSite","@id":"https:\/\/xmy.ch\/fr\/#website","url":"https:\/\/xmy.ch\/fr\/","name":"Xmy Sagl","description":"","publisher":{"@id":"https:\/\/xmy.ch\/fr\/#organization"},"potentialAction":[{"@type":"SearchAction","target":{"@type":"EntryPoint","urlTemplate":"https:\/\/xmy.ch\/fr\/?s={search_term_string}"},"query-input":{"@type":"PropertyValueSpecification","valueRequired":true,"valueName":"search_term_string"}}],"inLanguage":"fr-FR"},{"@type":"Organization","@id":"https:\/\/xmy.ch\/fr\/#organization","name":"Xmy Sagl","url":"https:\/\/xmy.ch\/fr\/","logo":{"@type":"ImageObject","inLanguage":"fr-FR","@id":"https:\/\/xmy.ch\/fr\/#\/schema\/logo\/image\/","url":"https:\/\/xmy.ch\/wp-content\/uploads\/2024\/02\/XMY_UNI_B.webp","contentUrl":"https:\/\/xmy.ch\/wp-content\/uploads\/2024\/02\/XMY_UNI_B.webp","width":1459,"height":421,"caption":"Xmy Sagl"},"image":{"@id":"https:\/\/xmy.ch\/fr\/#\/schema\/logo\/image\/"},"sameAs":["https:\/\/www.facebook.com\/xmy.sagl","https:\/\/www.instagram.com\/xmy.sagl\/"]}]}},"_links":{"self":[{"href":"https:\/\/xmy.ch\/fr\/wp-json\/wp\/v2\/product\/5861","targetHints":{"allow":["GET"]}}],"collection":[{"href":"https:\/\/xmy.ch\/fr\/wp-json\/wp\/v2\/product"}],"about":[{"href":"https:\/\/xmy.ch\/fr\/wp-json\/wp\/v2\/types\/product"}],"replies":[{"embeddable":true,"href":"https:\/\/xmy.ch\/fr\/wp-json\/wp\/v2\/comments?post=5861"}],"wp:featuredmedia":[{"embeddable":true,"href":"https:\/\/xmy.ch\/fr\/wp-json\/wp\/v2\/media\/3654"}],"wp:attachment":[{"href":"https:\/\/xmy.ch\/fr\/wp-json\/wp\/v2\/media?parent=5861"}],"wp:term":[{"taxonomy":"product_brand","embeddable":true,"href":"https:\/\/xmy.ch\/fr\/wp-json\/wp\/v2\/product_brand?post=5861"},{"taxonomy":"product_cat","embeddable":true,"href":"https:\/\/xmy.ch\/fr\/wp-json\/wp\/v2\/product_cat?post=5861"},{"taxonomy":"product_tag","embeddable":true,"href":"https:\/\/xmy.ch\/fr\/wp-json\/wp\/v2\/product_tag?post=5861"}],"curies":[{"name":"wp","href":"https:\/\/api.w.org\/{rel}","templated":true}]}}