{"id":5859,"date":"2023-10-25T21:09:00","date_gmt":"2023-10-25T19:09:00","guid":{"rendered":"https:\/\/xmy.ch\/prodotto\/ceinture-libre-pro-noir\/"},"modified":"2023-10-25T21:09:00","modified_gmt":"2023-10-25T19:09:00","slug":"ceinture-libre-pro-noir","status":"publish","type":"product","link":"https:\/\/xmy.ch\/fr\/prodotto\/ceinture-libre-pro-noir\/","title":{"rendered":"Ceinture libre Pro Noir"},"content":{"rendered":"<p>Ceinture professionnelle de trail running pour transporter ce dont vous avez besoin pour courir jusqu&rsquo;\u00e0 6 heures en totale autonomie, sans secouer le contenu.<\/p>\n<p>La ceinture Free Belt est parfaite pour le trail running en gardant les mains libres jusqu&rsquo;\u00e0 6 heures. C&rsquo;est \u00e9galement un accessoire id\u00e9al pour compl\u00e9ter votre gilet d&rsquo;hydratation. Le compartiment unique de la Free Belt professionnelle est plus grand et l&rsquo;espace pour les objets peut \u00eatre organis\u00e9 de mani\u00e8re flexible en fonction de ce dont vous avez besoin : t\u00e9l\u00e9phone, gel, bouteille, portefeuille&#8230;.. Peut contenir jusqu&rsquo;\u00e0 1,2 litre d&rsquo;eau ! Sans zip ni syst\u00e8me de fermeture, elle vous permet d&rsquo;attraper facilement ce dont vous avez besoin en cours de route. Les fibres d\u00e9coup\u00e9es et \u00e9lastiques maintiennent les objets contenus fermement en place. Il permet \u00e9galement de transporter sans g\u00eane des b\u00e2tons pliables ou r\u00e9tractables. Ils peuvent \u00eatre attach\u00e9s et retir\u00e9s en moins d&rsquo;une seconde. Vous pouvez \u00e9galement y accrocher votre dossard facilement et en toute s\u00e9curit\u00e9. Une ouverture r\u00e9fl\u00e9chissante permet de sortir le tube de la bouteille d&rsquo;eau. Ergonomique, ultra-l\u00e9g\u00e8re (seulement 57 grammes), sans couture et bien a\u00e9r\u00e9e, la ceinture est tr\u00e8s confortable. Facile \u00e0 enfiler, elle s&rsquo;adapte naturellement \u00e0 toutes les morphologies et reste parfaitement immobile sans secouer le contenu.<\/p>\n<p>87% Polyamide, 12% Elasthanne, 1% Polypropyl\u00e8ne<\/p>\n<p><img decoding=\"async\" class=\"w-50 my-2\" src=\"https:\/\/www.compressport.com\/ch\/img\/prods_entretien.png\"><\/p>\n","protected":false},"excerpt":{"rendered":"<p>Ceinture professionnelle de trail running pour transporter ce dont vous avez besoin pour courir jusqu&rsquo;\u00e0 6 heures en totale autonomie, sans secouer le contenu.<\/p>\n","protected":false},"featured_media":3614,"comment_status":"open","ping_status":"closed","template":"","meta":[],"product_brand":[],"product_cat":[257],"product_tag":[258,259],"class_list":{"0":"post-5859","1":"product","2":"type-product","3":"status-publish","4":"has-post-thumbnail","6":"product_cat-accessoires","7":"product_tag-femme","8":"product_tag-lhomme","10":"first","11":"instock","12":"taxable","13":"shipping-taxable","14":"purchasable","15":"product-type-variable"},"yoast_head":"<!-- This site is optimized with the Yoast SEO Premium plugin v27.5 (Yoast SEO v27.5) - https:\/\/yoast.com\/product\/yoast-seo-premium-wordpress\/ -->\n<title>Ceinture Libre Pro \u2014 Ceinture trail l\u00e9g\u00e8re et polyvalente<\/title>\n<meta name=\"description\" content=\"Ceinture Libre Pro offre un rangement flexible jusqu&#039;\u00e0 6 heures en trail, sans secouer le contenu. D\u00e9couvrez une libert\u00e9 totale lors de vos sorties.\" \/>\n<meta name=\"robots\" content=\"index, follow, max-snippet:-1, max-image-preview:large, max-video-preview:-1\" \/>\n<link rel=\"canonical\" href=\"https:\/\/xmy.ch\/fr\/prodotto\/ceinture-libre-pro-noir\/\" \/>\n<meta property=\"og:locale\" content=\"fr_FR\" \/>\n<meta property=\"og:type\" content=\"article\" \/>\n<meta property=\"og:title\" content=\"Ceinture Libre Pro \u2014 Trail l\u00e9g\u00e8re et durable\" \/>\n<meta property=\"og:description\" content=\"Lib\u00e9rez vos mouvements avec la Ceinture Libre Pro. D\u00e9couvrez-la et am\u00e9liorez vos sorties trail.\" \/>\n<meta property=\"og:url\" content=\"https:\/\/xmy.ch\/fr\/prodotto\/ceinture-libre-pro-noir\/\" \/>\n<meta property=\"og:site_name\" content=\"Xmy Sagl\" \/>\n<meta property=\"article:publisher\" content=\"https:\/\/www.facebook.com\/xmy.sagl\" \/>\n<meta property=\"og:image\" content=\"https:\/\/xmy.ch\/wp-content\/uploads\/2023\/10\/free-belt-pro-black.webp\" \/>\n\t<meta property=\"og:image:width\" content=\"648\" \/>\n\t<meta property=\"og:image:height\" content=\"486\" \/>\n\t<meta property=\"og:image:type\" content=\"image\/webp\" \/>\n<meta name=\"twitter:card\" content=\"summary_large_image\" \/>\n<meta name=\"twitter:title\" content=\"Ceinture Libre Pro: Trail sans entraves et organisation\" \/>\n<meta name=\"twitter:description\" content=\"Performance et confort: une ceinture l\u00e9g\u00e8re et flexible pour vos trails quotidiens.\" \/>\n<meta name=\"twitter:label1\" content=\"Dur\u00e9e de lecture estim\u00e9e\" \/>\n\t<meta name=\"twitter:data1\" content=\"1 minute\" \/>\n<script type=\"application\/ld+json\" class=\"yoast-schema-graph\">{\"@context\":\"https:\\\/\\\/schema.org\",\"@graph\":[{\"@type\":\"WebPage\",\"@id\":\"https:\\\/\\\/xmy.ch\\\/fr\\\/prodotto\\\/ceinture-libre-pro-noir\\\/\",\"url\":\"https:\\\/\\\/xmy.ch\\\/fr\\\/prodotto\\\/ceinture-libre-pro-noir\\\/\",\"name\":\"Ceinture Libre Pro \u2014 Ceinture trail l\u00e9g\u00e8re et polyvalente\",\"isPartOf\":{\"@id\":\"https:\\\/\\\/xmy.ch\\\/fr\\\/#website\"},\"primaryImageOfPage\":{\"@id\":\"https:\\\/\\\/xmy.ch\\\/fr\\\/prodotto\\\/ceinture-libre-pro-noir\\\/#primaryimage\"},\"image\":{\"@id\":\"https:\\\/\\\/xmy.ch\\\/fr\\\/prodotto\\\/ceinture-libre-pro-noir\\\/#primaryimage\"},\"thumbnailUrl\":\"https:\\\/\\\/xmy.ch\\\/wp-content\\\/uploads\\\/2023\\\/10\\\/free-belt-pro-black.webp\",\"datePublished\":\"2023-10-25T19:09:00+00:00\",\"description\":\"Ceinture Libre Pro offre un rangement flexible jusqu'\u00e0 6 heures en trail, sans secouer le contenu. D\u00e9couvrez une libert\u00e9 totale lors de vos sorties.\",\"breadcrumb\":{\"@id\":\"https:\\\/\\\/xmy.ch\\\/fr\\\/prodotto\\\/ceinture-libre-pro-noir\\\/#breadcrumb\"},\"inLanguage\":\"fr-FR\",\"potentialAction\":[{\"@type\":\"ReadAction\",\"target\":[\"https:\\\/\\\/xmy.ch\\\/fr\\\/prodotto\\\/ceinture-libre-pro-noir\\\/\"]}]},{\"@type\":\"ImageObject\",\"inLanguage\":\"fr-FR\",\"@id\":\"https:\\\/\\\/xmy.ch\\\/fr\\\/prodotto\\\/ceinture-libre-pro-noir\\\/#primaryimage\",\"url\":\"https:\\\/\\\/xmy.ch\\\/wp-content\\\/uploads\\\/2023\\\/10\\\/free-belt-pro-black.webp\",\"contentUrl\":\"https:\\\/\\\/xmy.ch\\\/wp-content\\\/uploads\\\/2023\\\/10\\\/free-belt-pro-black.webp\",\"width\":648,\"height\":486},{\"@type\":\"BreadcrumbList\",\"@id\":\"https:\\\/\\\/xmy.ch\\\/fr\\\/prodotto\\\/ceinture-libre-pro-noir\\\/#breadcrumb\",\"itemListElement\":[{\"@type\":\"ListItem\",\"position\":1,\"name\":\"Home\",\"item\":\"https:\\\/\\\/xmy.ch\\\/fr\\\/\"},{\"@type\":\"ListItem\",\"position\":2,\"name\":\"Boutique\",\"item\":\"https:\\\/\\\/xmy.ch\\\/fr\\\/boutique\\\/\"},{\"@type\":\"ListItem\",\"position\":3,\"name\":\"Ceinture libre Pro Noir\"}]},{\"@type\":\"WebSite\",\"@id\":\"https:\\\/\\\/xmy.ch\\\/fr\\\/#website\",\"url\":\"https:\\\/\\\/xmy.ch\\\/fr\\\/\",\"name\":\"Xmy Sagl\",\"description\":\"\",\"publisher\":{\"@id\":\"https:\\\/\\\/xmy.ch\\\/fr\\\/#organization\"},\"potentialAction\":[{\"@type\":\"SearchAction\",\"target\":{\"@type\":\"EntryPoint\",\"urlTemplate\":\"https:\\\/\\\/xmy.ch\\\/fr\\\/?s={search_term_string}\"},\"query-input\":{\"@type\":\"PropertyValueSpecification\",\"valueRequired\":true,\"valueName\":\"search_term_string\"}}],\"inLanguage\":\"fr-FR\"},{\"@type\":\"Organization\",\"@id\":\"https:\\\/\\\/xmy.ch\\\/fr\\\/#organization\",\"name\":\"Xmy Sagl\",\"url\":\"https:\\\/\\\/xmy.ch\\\/fr\\\/\",\"logo\":{\"@type\":\"ImageObject\",\"inLanguage\":\"fr-FR\",\"@id\":\"https:\\\/\\\/xmy.ch\\\/fr\\\/#\\\/schema\\\/logo\\\/image\\\/\",\"url\":\"https:\\\/\\\/xmy.ch\\\/wp-content\\\/uploads\\\/2024\\\/02\\\/XMY_UNI_B.webp\",\"contentUrl\":\"https:\\\/\\\/xmy.ch\\\/wp-content\\\/uploads\\\/2024\\\/02\\\/XMY_UNI_B.webp\",\"width\":1459,\"height\":421,\"caption\":\"Xmy Sagl\"},\"image\":{\"@id\":\"https:\\\/\\\/xmy.ch\\\/fr\\\/#\\\/schema\\\/logo\\\/image\\\/\"},\"sameAs\":[\"https:\\\/\\\/www.facebook.com\\\/xmy.sagl\",\"https:\\\/\\\/www.instagram.com\\\/xmy.sagl\\\/\"]}]}<\/script>\n<!-- \/ Yoast SEO Premium plugin. -->","yoast_head_json":{"title":"Ceinture Libre Pro \u2014 Ceinture trail l\u00e9g\u00e8re et polyvalente","description":"Ceinture Libre Pro offre un rangement flexible jusqu'\u00e0 6 heures en trail, sans secouer le contenu. D\u00e9couvrez une libert\u00e9 totale lors de vos sorties.","robots":{"index":"index","follow":"follow","max-snippet":"max-snippet:-1","max-image-preview":"max-image-preview:large","max-video-preview":"max-video-preview:-1"},"canonical":"https:\/\/xmy.ch\/fr\/prodotto\/ceinture-libre-pro-noir\/","og_locale":"fr_FR","og_type":"article","og_title":"Ceinture Libre Pro \u2014 Trail l\u00e9g\u00e8re et durable","og_description":"Lib\u00e9rez vos mouvements avec la Ceinture Libre Pro. D\u00e9couvrez-la et am\u00e9liorez vos sorties trail.","og_url":"https:\/\/xmy.ch\/fr\/prodotto\/ceinture-libre-pro-noir\/","og_site_name":"Xmy Sagl","article_publisher":"https:\/\/www.facebook.com\/xmy.sagl","og_image":[{"width":648,"height":486,"url":"https:\/\/xmy.ch\/wp-content\/uploads\/2023\/10\/free-belt-pro-black.webp","type":"image\/webp"}],"twitter_card":"summary_large_image","twitter_title":"Ceinture Libre Pro: Trail sans entraves et organisation","twitter_description":"Performance et confort: une ceinture l\u00e9g\u00e8re et flexible pour vos trails quotidiens.","twitter_misc":{"Dur\u00e9e de lecture estim\u00e9e":"1 minute"},"schema":{"@context":"https:\/\/schema.org","@graph":[{"@type":"WebPage","@id":"https:\/\/xmy.ch\/fr\/prodotto\/ceinture-libre-pro-noir\/","url":"https:\/\/xmy.ch\/fr\/prodotto\/ceinture-libre-pro-noir\/","name":"Ceinture Libre Pro \u2014 Ceinture trail l\u00e9g\u00e8re et polyvalente","isPartOf":{"@id":"https:\/\/xmy.ch\/fr\/#website"},"primaryImageOfPage":{"@id":"https:\/\/xmy.ch\/fr\/prodotto\/ceinture-libre-pro-noir\/#primaryimage"},"image":{"@id":"https:\/\/xmy.ch\/fr\/prodotto\/ceinture-libre-pro-noir\/#primaryimage"},"thumbnailUrl":"https:\/\/xmy.ch\/wp-content\/uploads\/2023\/10\/free-belt-pro-black.webp","datePublished":"2023-10-25T19:09:00+00:00","description":"Ceinture Libre Pro offre un rangement flexible jusqu'\u00e0 6 heures en trail, sans secouer le contenu. D\u00e9couvrez une libert\u00e9 totale lors de vos sorties.","breadcrumb":{"@id":"https:\/\/xmy.ch\/fr\/prodotto\/ceinture-libre-pro-noir\/#breadcrumb"},"inLanguage":"fr-FR","potentialAction":[{"@type":"ReadAction","target":["https:\/\/xmy.ch\/fr\/prodotto\/ceinture-libre-pro-noir\/"]}]},{"@type":"ImageObject","inLanguage":"fr-FR","@id":"https:\/\/xmy.ch\/fr\/prodotto\/ceinture-libre-pro-noir\/#primaryimage","url":"https:\/\/xmy.ch\/wp-content\/uploads\/2023\/10\/free-belt-pro-black.webp","contentUrl":"https:\/\/xmy.ch\/wp-content\/uploads\/2023\/10\/free-belt-pro-black.webp","width":648,"height":486},{"@type":"BreadcrumbList","@id":"https:\/\/xmy.ch\/fr\/prodotto\/ceinture-libre-pro-noir\/#breadcrumb","itemListElement":[{"@type":"ListItem","position":1,"name":"Home","item":"https:\/\/xmy.ch\/fr\/"},{"@type":"ListItem","position":2,"name":"Boutique","item":"https:\/\/xmy.ch\/fr\/boutique\/"},{"@type":"ListItem","position":3,"name":"Ceinture libre Pro Noir"}]},{"@type":"WebSite","@id":"https:\/\/xmy.ch\/fr\/#website","url":"https:\/\/xmy.ch\/fr\/","name":"Xmy Sagl","description":"","publisher":{"@id":"https:\/\/xmy.ch\/fr\/#organization"},"potentialAction":[{"@type":"SearchAction","target":{"@type":"EntryPoint","urlTemplate":"https:\/\/xmy.ch\/fr\/?s={search_term_string}"},"query-input":{"@type":"PropertyValueSpecification","valueRequired":true,"valueName":"search_term_string"}}],"inLanguage":"fr-FR"},{"@type":"Organization","@id":"https:\/\/xmy.ch\/fr\/#organization","name":"Xmy Sagl","url":"https:\/\/xmy.ch\/fr\/","logo":{"@type":"ImageObject","inLanguage":"fr-FR","@id":"https:\/\/xmy.ch\/fr\/#\/schema\/logo\/image\/","url":"https:\/\/xmy.ch\/wp-content\/uploads\/2024\/02\/XMY_UNI_B.webp","contentUrl":"https:\/\/xmy.ch\/wp-content\/uploads\/2024\/02\/XMY_UNI_B.webp","width":1459,"height":421,"caption":"Xmy Sagl"},"image":{"@id":"https:\/\/xmy.ch\/fr\/#\/schema\/logo\/image\/"},"sameAs":["https:\/\/www.facebook.com\/xmy.sagl","https:\/\/www.instagram.com\/xmy.sagl\/"]}]}},"_links":{"self":[{"href":"https:\/\/xmy.ch\/fr\/wp-json\/wp\/v2\/product\/5859","targetHints":{"allow":["GET"]}}],"collection":[{"href":"https:\/\/xmy.ch\/fr\/wp-json\/wp\/v2\/product"}],"about":[{"href":"https:\/\/xmy.ch\/fr\/wp-json\/wp\/v2\/types\/product"}],"replies":[{"embeddable":true,"href":"https:\/\/xmy.ch\/fr\/wp-json\/wp\/v2\/comments?post=5859"}],"wp:featuredmedia":[{"embeddable":true,"href":"https:\/\/xmy.ch\/fr\/wp-json\/wp\/v2\/media\/3614"}],"wp:attachment":[{"href":"https:\/\/xmy.ch\/fr\/wp-json\/wp\/v2\/media?parent=5859"}],"wp:term":[{"taxonomy":"product_brand","embeddable":true,"href":"https:\/\/xmy.ch\/fr\/wp-json\/wp\/v2\/product_brand?post=5859"},{"taxonomy":"product_cat","embeddable":true,"href":"https:\/\/xmy.ch\/fr\/wp-json\/wp\/v2\/product_cat?post=5859"},{"taxonomy":"product_tag","embeddable":true,"href":"https:\/\/xmy.ch\/fr\/wp-json\/wp\/v2\/product_tag?post=5859"}],"curies":[{"name":"wp","href":"https:\/\/api.w.org\/{rel}","templated":true}]}}