{"id":5848,"date":"2023-10-25T21:19:00","date_gmt":"2023-10-25T19:19:00","guid":{"rendered":"https:\/\/xmy.ch\/prodotto\/ceinture-libre-mini-noir\/"},"modified":"2023-10-25T21:19:00","modified_gmt":"2023-10-25T19:19:00","slug":"ceinture-libre-mini-noir","status":"publish","type":"product","link":"https:\/\/xmy.ch\/fr\/prodotto\/ceinture-libre-mini-noir\/","title":{"rendered":"Ceinture libre mini Noir"},"content":{"rendered":"<p>Ceinture de course l\u00e9g\u00e8re, sans frottement et sans rebond pour transporter les b\u00e2tons et les aliments essentiels.<\/p>\n<p>Compl\u00e9tant notre famille Free Belt, la Free Belt Mini a \u00e9t\u00e9 con\u00e7ue avant tout pour r\u00e9pondre \u00e0 l&rsquo;un des probl\u00e8mes les plus fr\u00e9quents auxquels sont confront\u00e9s les coureurs de trail : o\u00f9 ranger leurs b\u00e2tons ? Avec sa faible hauteur et ses \u0153illets optimis\u00e9s pour les b\u00e2tons, cette ceinture ergonomique et confortable est id\u00e9ale pour ceux qui recherchent une solution pratique et l\u00e9g\u00e8re. Positionn\u00e9e plus bas que les grandes ceintures, elle est con\u00e7ue pour \u00e9viter toute compression sur la zone de l&rsquo;estomac sur de longues distances. Les nouveaux porte-b\u00e2tons \u00e9lastiques &#8211; deux grands anneaux diagonaux avec un double silicone antid\u00e9rapant et deux plus petits pour la stabilit\u00e9 &#8211; maintiennent les b\u00e2tons r\u00e9tractables fermement en place et les gardent \u00e0 port\u00e9e de main lorsque le sentier devient accident\u00e9. Lorsque les heures ont pass\u00e9 et que la fatigue se fait sentir, il suffit de retirer les b\u00e2tonnets d&rsquo;un geste rapide, sans contorsion ni mouvement des bras. La Freebelt Mini est fabriqu\u00e9e dans la m\u00eame maille respirante que ses grandes s\u0153urs, avec des microfibres sans couture et tr\u00e8s douces qui garantissent l&rsquo;absence de frottements et de rebondissements. De plus, l&rsquo;int\u00e9rieur de la ceinture est rembourr\u00e9 \u00e0 trois endroits strat\u00e9giques pour \u00e9viter les frottements dus \u00e0 la pression du b\u00e2ton. Enfin, l&rsquo;espace de rangement \u00e0 360 degr\u00e9s facilement accessible vous permet de conserver vos cl\u00e9s de maison ou quelques gels \u00e9nerg\u00e9tiques. Parfait si vous sortez pour une session rapide le soir ou combin\u00e9 avec un sac \u00e0 dos sur des itin\u00e9raires plus courts. Hauteur : 8cm<\/p>\n<p>87% Polyamide, 12% Elasthanne, 1% Polypropyl\u00e8ne<\/p>\n<p><img decoding=\"async\" class=\"w-50 my-2\" src=\"https:\/\/www.compressport.com\/ch\/img\/prods_entretien.png\"><\/p>\n","protected":false},"excerpt":{"rendered":"<p>Ceinture de course l\u00e9g\u00e8re, sans frottement et sans rebond pour transporter les b\u00e2tons et les aliments essentiels.<\/p>\n","protected":false},"featured_media":3622,"comment_status":"open","ping_status":"closed","template":"","meta":[],"product_brand":[],"product_cat":[257],"product_tag":[258,259],"class_list":{"0":"post-5848","1":"product","2":"type-product","3":"status-publish","4":"has-post-thumbnail","6":"product_cat-accessoires","7":"product_tag-femme","8":"product_tag-lhomme","10":"first","11":"instock","12":"taxable","13":"shipping-taxable","14":"purchasable","15":"product-type-variable"},"yoast_head":"<!-- This site is optimized with the Yoast SEO Premium plugin v27.5 (Yoast SEO v27.5) - https:\/\/yoast.com\/product\/yoast-seo-premium-wordpress\/ -->\n<title>Ceinture Mini - Ceinture libre mini Noir pour trail<\/title>\n<meta name=\"description\" content=\"La Ceinture Mini est l\u00e9g\u00e8re, sans frottement et permet de transporter b\u00e2tons et gels essentiels. D\u00e9couvrez ce mod\u00e8le Free Belt Mini chez Xmy.\" \/>\n<meta name=\"robots\" content=\"index, follow, max-snippet:-1, max-image-preview:large, max-video-preview:-1\" \/>\n<link rel=\"canonical\" href=\"https:\/\/xmy.ch\/fr\/prodotto\/ceinture-libre-mini-noir\/\" \/>\n<meta property=\"og:locale\" content=\"fr_FR\" \/>\n<meta property=\"og:type\" content=\"article\" \/>\n<meta property=\"og:title\" content=\"Ceinture Mini - Ceinture libre mini Noir pour trail\" \/>\n<meta property=\"og:description\" content=\"Transportez b\u00e2tons et gels sans frottement gr\u00e2ce \u00e0 la Ceinture Mini. Confort et praticit\u00e9 pour vos sorties trail.\" \/>\n<meta property=\"og:url\" content=\"https:\/\/xmy.ch\/fr\/prodotto\/ceinture-libre-mini-noir\/\" \/>\n<meta property=\"og:site_name\" content=\"Xmy Sagl\" \/>\n<meta property=\"article:publisher\" content=\"https:\/\/www.facebook.com\/xmy.sagl\" \/>\n<meta property=\"og:image\" content=\"https:\/\/xmy.ch\/wp-content\/uploads\/2023\/10\/free-belt-mini-black.png\" \/>\n\t<meta property=\"og:image:width\" content=\"549\" \/>\n\t<meta property=\"og:image:height\" content=\"712\" \/>\n\t<meta property=\"og:image:type\" content=\"image\/png\" \/>\n<meta name=\"twitter:card\" content=\"summary_large_image\" \/>\n<meta name=\"twitter:title\" content=\"Ceinture Mini - Noir pour trail et port de b\u00e2tons\" \/>\n<meta name=\"twitter:description\" content=\"\u00c9quipez-vous avec la Ceinture Mini, l\u00e9g\u00e8re et ergonomique pour b\u00e2tons et essentiels. Essayez-la d\u00e8s maintenant.\" \/>\n<meta name=\"twitter:label1\" content=\"Dur\u00e9e de lecture estim\u00e9e\" \/>\n\t<meta name=\"twitter:data1\" content=\"1 minute\" \/>\n<script type=\"application\/ld+json\" class=\"yoast-schema-graph\">{\"@context\":\"https:\\\/\\\/schema.org\",\"@graph\":[{\"@type\":\"WebPage\",\"@id\":\"https:\\\/\\\/xmy.ch\\\/fr\\\/prodotto\\\/ceinture-libre-mini-noir\\\/\",\"url\":\"https:\\\/\\\/xmy.ch\\\/fr\\\/prodotto\\\/ceinture-libre-mini-noir\\\/\",\"name\":\"Ceinture Mini - Ceinture libre mini Noir pour trail\",\"isPartOf\":{\"@id\":\"https:\\\/\\\/xmy.ch\\\/fr\\\/#website\"},\"primaryImageOfPage\":{\"@id\":\"https:\\\/\\\/xmy.ch\\\/fr\\\/prodotto\\\/ceinture-libre-mini-noir\\\/#primaryimage\"},\"image\":{\"@id\":\"https:\\\/\\\/xmy.ch\\\/fr\\\/prodotto\\\/ceinture-libre-mini-noir\\\/#primaryimage\"},\"thumbnailUrl\":\"https:\\\/\\\/xmy.ch\\\/wp-content\\\/uploads\\\/2023\\\/10\\\/free-belt-mini-black.png\",\"datePublished\":\"2023-10-25T19:19:00+00:00\",\"description\":\"La Ceinture Mini est l\u00e9g\u00e8re, sans frottement et permet de transporter b\u00e2tons et gels essentiels. D\u00e9couvrez ce mod\u00e8le Free Belt Mini chez Xmy.\",\"breadcrumb\":{\"@id\":\"https:\\\/\\\/xmy.ch\\\/fr\\\/prodotto\\\/ceinture-libre-mini-noir\\\/#breadcrumb\"},\"inLanguage\":\"fr-FR\",\"potentialAction\":[{\"@type\":\"ReadAction\",\"target\":[\"https:\\\/\\\/xmy.ch\\\/fr\\\/prodotto\\\/ceinture-libre-mini-noir\\\/\"]}]},{\"@type\":\"ImageObject\",\"inLanguage\":\"fr-FR\",\"@id\":\"https:\\\/\\\/xmy.ch\\\/fr\\\/prodotto\\\/ceinture-libre-mini-noir\\\/#primaryimage\",\"url\":\"https:\\\/\\\/xmy.ch\\\/wp-content\\\/uploads\\\/2023\\\/10\\\/free-belt-mini-black.png\",\"contentUrl\":\"https:\\\/\\\/xmy.ch\\\/wp-content\\\/uploads\\\/2023\\\/10\\\/free-belt-mini-black.png\",\"width\":549,\"height\":712},{\"@type\":\"BreadcrumbList\",\"@id\":\"https:\\\/\\\/xmy.ch\\\/fr\\\/prodotto\\\/ceinture-libre-mini-noir\\\/#breadcrumb\",\"itemListElement\":[{\"@type\":\"ListItem\",\"position\":1,\"name\":\"Home\",\"item\":\"https:\\\/\\\/xmy.ch\\\/fr\\\/\"},{\"@type\":\"ListItem\",\"position\":2,\"name\":\"Boutique\",\"item\":\"https:\\\/\\\/xmy.ch\\\/fr\\\/boutique\\\/\"},{\"@type\":\"ListItem\",\"position\":3,\"name\":\"Ceinture libre mini Noir\"}]},{\"@type\":\"WebSite\",\"@id\":\"https:\\\/\\\/xmy.ch\\\/fr\\\/#website\",\"url\":\"https:\\\/\\\/xmy.ch\\\/fr\\\/\",\"name\":\"Xmy Sagl\",\"description\":\"\",\"publisher\":{\"@id\":\"https:\\\/\\\/xmy.ch\\\/fr\\\/#organization\"},\"potentialAction\":[{\"@type\":\"SearchAction\",\"target\":{\"@type\":\"EntryPoint\",\"urlTemplate\":\"https:\\\/\\\/xmy.ch\\\/fr\\\/?s={search_term_string}\"},\"query-input\":{\"@type\":\"PropertyValueSpecification\",\"valueRequired\":true,\"valueName\":\"search_term_string\"}}],\"inLanguage\":\"fr-FR\"},{\"@type\":\"Organization\",\"@id\":\"https:\\\/\\\/xmy.ch\\\/fr\\\/#organization\",\"name\":\"Xmy Sagl\",\"url\":\"https:\\\/\\\/xmy.ch\\\/fr\\\/\",\"logo\":{\"@type\":\"ImageObject\",\"inLanguage\":\"fr-FR\",\"@id\":\"https:\\\/\\\/xmy.ch\\\/fr\\\/#\\\/schema\\\/logo\\\/image\\\/\",\"url\":\"https:\\\/\\\/xmy.ch\\\/wp-content\\\/uploads\\\/2024\\\/02\\\/XMY_UNI_B.webp\",\"contentUrl\":\"https:\\\/\\\/xmy.ch\\\/wp-content\\\/uploads\\\/2024\\\/02\\\/XMY_UNI_B.webp\",\"width\":1459,\"height\":421,\"caption\":\"Xmy Sagl\"},\"image\":{\"@id\":\"https:\\\/\\\/xmy.ch\\\/fr\\\/#\\\/schema\\\/logo\\\/image\\\/\"},\"sameAs\":[\"https:\\\/\\\/www.facebook.com\\\/xmy.sagl\",\"https:\\\/\\\/www.instagram.com\\\/xmy.sagl\\\/\"]}]}<\/script>\n<!-- \/ Yoast SEO Premium plugin. -->","yoast_head_json":{"title":"Ceinture Mini - Ceinture libre mini Noir pour trail","description":"La Ceinture Mini est l\u00e9g\u00e8re, sans frottement et permet de transporter b\u00e2tons et gels essentiels. D\u00e9couvrez ce mod\u00e8le Free Belt Mini chez Xmy.","robots":{"index":"index","follow":"follow","max-snippet":"max-snippet:-1","max-image-preview":"max-image-preview:large","max-video-preview":"max-video-preview:-1"},"canonical":"https:\/\/xmy.ch\/fr\/prodotto\/ceinture-libre-mini-noir\/","og_locale":"fr_FR","og_type":"article","og_title":"Ceinture Mini - Ceinture libre mini Noir pour trail","og_description":"Transportez b\u00e2tons et gels sans frottement gr\u00e2ce \u00e0 la Ceinture Mini. Confort et praticit\u00e9 pour vos sorties trail.","og_url":"https:\/\/xmy.ch\/fr\/prodotto\/ceinture-libre-mini-noir\/","og_site_name":"Xmy Sagl","article_publisher":"https:\/\/www.facebook.com\/xmy.sagl","og_image":[{"width":549,"height":712,"url":"https:\/\/xmy.ch\/wp-content\/uploads\/2023\/10\/free-belt-mini-black.png","type":"image\/png"}],"twitter_card":"summary_large_image","twitter_title":"Ceinture Mini - Noir pour trail et port de b\u00e2tons","twitter_description":"\u00c9quipez-vous avec la Ceinture Mini, l\u00e9g\u00e8re et ergonomique pour b\u00e2tons et essentiels. Essayez-la d\u00e8s maintenant.","twitter_misc":{"Dur\u00e9e de lecture estim\u00e9e":"1 minute"},"schema":{"@context":"https:\/\/schema.org","@graph":[{"@type":"WebPage","@id":"https:\/\/xmy.ch\/fr\/prodotto\/ceinture-libre-mini-noir\/","url":"https:\/\/xmy.ch\/fr\/prodotto\/ceinture-libre-mini-noir\/","name":"Ceinture Mini - Ceinture libre mini Noir pour trail","isPartOf":{"@id":"https:\/\/xmy.ch\/fr\/#website"},"primaryImageOfPage":{"@id":"https:\/\/xmy.ch\/fr\/prodotto\/ceinture-libre-mini-noir\/#primaryimage"},"image":{"@id":"https:\/\/xmy.ch\/fr\/prodotto\/ceinture-libre-mini-noir\/#primaryimage"},"thumbnailUrl":"https:\/\/xmy.ch\/wp-content\/uploads\/2023\/10\/free-belt-mini-black.png","datePublished":"2023-10-25T19:19:00+00:00","description":"La Ceinture Mini est l\u00e9g\u00e8re, sans frottement et permet de transporter b\u00e2tons et gels essentiels. D\u00e9couvrez ce mod\u00e8le Free Belt Mini chez Xmy.","breadcrumb":{"@id":"https:\/\/xmy.ch\/fr\/prodotto\/ceinture-libre-mini-noir\/#breadcrumb"},"inLanguage":"fr-FR","potentialAction":[{"@type":"ReadAction","target":["https:\/\/xmy.ch\/fr\/prodotto\/ceinture-libre-mini-noir\/"]}]},{"@type":"ImageObject","inLanguage":"fr-FR","@id":"https:\/\/xmy.ch\/fr\/prodotto\/ceinture-libre-mini-noir\/#primaryimage","url":"https:\/\/xmy.ch\/wp-content\/uploads\/2023\/10\/free-belt-mini-black.png","contentUrl":"https:\/\/xmy.ch\/wp-content\/uploads\/2023\/10\/free-belt-mini-black.png","width":549,"height":712},{"@type":"BreadcrumbList","@id":"https:\/\/xmy.ch\/fr\/prodotto\/ceinture-libre-mini-noir\/#breadcrumb","itemListElement":[{"@type":"ListItem","position":1,"name":"Home","item":"https:\/\/xmy.ch\/fr\/"},{"@type":"ListItem","position":2,"name":"Boutique","item":"https:\/\/xmy.ch\/fr\/boutique\/"},{"@type":"ListItem","position":3,"name":"Ceinture libre mini Noir"}]},{"@type":"WebSite","@id":"https:\/\/xmy.ch\/fr\/#website","url":"https:\/\/xmy.ch\/fr\/","name":"Xmy Sagl","description":"","publisher":{"@id":"https:\/\/xmy.ch\/fr\/#organization"},"potentialAction":[{"@type":"SearchAction","target":{"@type":"EntryPoint","urlTemplate":"https:\/\/xmy.ch\/fr\/?s={search_term_string}"},"query-input":{"@type":"PropertyValueSpecification","valueRequired":true,"valueName":"search_term_string"}}],"inLanguage":"fr-FR"},{"@type":"Organization","@id":"https:\/\/xmy.ch\/fr\/#organization","name":"Xmy Sagl","url":"https:\/\/xmy.ch\/fr\/","logo":{"@type":"ImageObject","inLanguage":"fr-FR","@id":"https:\/\/xmy.ch\/fr\/#\/schema\/logo\/image\/","url":"https:\/\/xmy.ch\/wp-content\/uploads\/2024\/02\/XMY_UNI_B.webp","contentUrl":"https:\/\/xmy.ch\/wp-content\/uploads\/2024\/02\/XMY_UNI_B.webp","width":1459,"height":421,"caption":"Xmy Sagl"},"image":{"@id":"https:\/\/xmy.ch\/fr\/#\/schema\/logo\/image\/"},"sameAs":["https:\/\/www.facebook.com\/xmy.sagl","https:\/\/www.instagram.com\/xmy.sagl\/"]}]}},"_links":{"self":[{"href":"https:\/\/xmy.ch\/fr\/wp-json\/wp\/v2\/product\/5848","targetHints":{"allow":["GET"]}}],"collection":[{"href":"https:\/\/xmy.ch\/fr\/wp-json\/wp\/v2\/product"}],"about":[{"href":"https:\/\/xmy.ch\/fr\/wp-json\/wp\/v2\/types\/product"}],"replies":[{"embeddable":true,"href":"https:\/\/xmy.ch\/fr\/wp-json\/wp\/v2\/comments?post=5848"}],"wp:featuredmedia":[{"embeddable":true,"href":"https:\/\/xmy.ch\/fr\/wp-json\/wp\/v2\/media\/3622"}],"wp:attachment":[{"href":"https:\/\/xmy.ch\/fr\/wp-json\/wp\/v2\/media?parent=5848"}],"wp:term":[{"taxonomy":"product_brand","embeddable":true,"href":"https:\/\/xmy.ch\/fr\/wp-json\/wp\/v2\/product_brand?post=5848"},{"taxonomy":"product_cat","embeddable":true,"href":"https:\/\/xmy.ch\/fr\/wp-json\/wp\/v2\/product_cat?post=5848"},{"taxonomy":"product_tag","embeddable":true,"href":"https:\/\/xmy.ch\/fr\/wp-json\/wp\/v2\/product_tag?post=5848"}],"curies":[{"name":"wp","href":"https:\/\/api.w.org\/{rel}","templated":true}]}}