{"id":5820,"date":"2023-10-25T20:15:00","date_gmt":"2023-10-25T18:15:00","guid":{"rendered":"https:\/\/xmy.ch\/prodotto\/gants-3d-thermo-asphalthe-noir\/"},"modified":"2023-10-25T20:15:00","modified_gmt":"2023-10-25T18:15:00","slug":"gants-3d-thermo-asphalthe-noir","status":"publish","type":"product","link":"https:\/\/xmy.ch\/fr\/prodotto\/gants-3d-thermo-asphalthe-noir\/","title":{"rendered":"Gants 3D Thermo Asphalthe\/Noir"},"content":{"rendered":"<p>Gants de course thermor\u00e9gulateurs et respirants pour garder vos mains au chaud et au sec pendant l&rsquo;entra\u00eenement et la comp\u00e9tition.<\/p>\n<p>Ne laissez pas les temp\u00e9ratures froides entamer votre d\u00e9termination gr\u00e2ce aux tout nouveaux gants de course ultra-l\u00e9gers 3D Thermo. Dot\u00e9s de notre tissage 3D unique qui cr\u00e9e un coussin d&rsquo;air isolant entre votre peau et le climat ext\u00e9rieur, ces gants en microfibre sont con\u00e7us pour offrir une chaleur maximale par temps froid. Cependant, lorsque le rythme s&rsquo;acc\u00e9l\u00e8re, leurs propri\u00e9t\u00e9s thermor\u00e9gulatrices entrent en action pour \u00e9vacuer rapidement la sueur et l&rsquo;exc\u00e8s de chaleur : vos mains restent fra\u00eeches, ce qui signifie que vous n&rsquo;avez pas besoin de vous arr\u00eater pour enlever vos gants au milieu de l&rsquo;entra\u00eenement. Doux et confortable, avec une coupe comme une seconde peau, vous oublierez que vous les portez. L&rsquo;\u00e9paisseur suppl\u00e9mentaire sur la paume et le pouce offre un l\u00e9ger effet gaufr\u00e9 pour une protection accrue, tandis que la couverture plus longue sur le poignet garantit que la zone reste chaude. Enfin, le fil de contact est tiss\u00e9 dans le pouce et l&rsquo;index pour vous permettre d&rsquo;utiliser le smartphone sans exposer vos doigts au froid.<\/p>\n<p>92% Polyamide, 7% Elasthanne, 1% Polypropyl\u00e8ne<\/p>\n<p><img decoding=\"async\" class=\"w-50 my-2\" src=\"https:\/\/www.compressport.com\/ch\/img\/prods_entretien.png\"><\/p>\n","protected":false},"excerpt":{"rendered":"<p>Gants de course thermor\u00e9gulateurs et respirants pour garder vos mains au chaud et au sec pendant l&rsquo;entra\u00eenement et la comp\u00e9tition.<\/p>\n","protected":false},"featured_media":5172,"comment_status":"open","ping_status":"closed","template":"","meta":[],"product_brand":[],"product_cat":[257],"product_tag":[258,259],"class_list":{"0":"post-5820","1":"product","2":"type-product","3":"status-publish","4":"has-post-thumbnail","6":"product_cat-accessoires","7":"product_tag-femme","8":"product_tag-lhomme","10":"first","11":"instock","12":"taxable","13":"shipping-taxable","14":"purchasable","15":"product-type-variable"},"yoast_head":"<!-- This site is optimized with the Yoast SEO Premium plugin v27.5 (Yoast SEO v27.5) - https:\/\/yoast.com\/product\/yoast-seo-premium-wordpress\/ -->\n<title>Gants 3D Thermo Asphalthe Noir \u2013 Xmy Sagl Accessori Premium<\/title>\n<meta name=\"description\" content=\"Gants de course thermor\u00e9gulateurs et respirants Gants 3D Thermo Asphalthe Noir pour garder les mains au chaud et au sec pendant l\u2019entra\u00eenement.\" \/>\n<meta name=\"robots\" content=\"index, follow, max-snippet:-1, max-image-preview:large, max-video-preview:-1\" \/>\n<link rel=\"canonical\" href=\"https:\/\/xmy.ch\/fr\/prodotto\/gants-3d-thermo-asphalthe-noir\/\" \/>\n<meta property=\"og:locale\" content=\"fr_FR\" \/>\n<meta property=\"og:type\" content=\"article\" \/>\n<meta property=\"og:title\" content=\"Gants 3D Thermo Asphalthe Noir \u2013 Xmy Sagl Accessori\" \/>\n<meta property=\"og:description\" content=\"Confort et chaleur pendant l\u2019entra\u00eenement avec les gants 3D Thermo Asphalthe Noir.\" \/>\n<meta property=\"og:url\" content=\"https:\/\/xmy.ch\/fr\/prodotto\/gants-3d-thermo-asphalthe-noir\/\" \/>\n<meta property=\"og:site_name\" content=\"Xmy Sagl\" \/>\n<meta property=\"article:publisher\" content=\"https:\/\/www.facebook.com\/xmy.sagl\" \/>\n<meta property=\"og:image\" content=\"https:\/\/xmy.ch\/wp-content\/uploads\/2023\/10\/3d-thermo-gloves-asphalte-black.png\" \/>\n\t<meta property=\"og:image:width\" content=\"549\" \/>\n\t<meta property=\"og:image:height\" content=\"712\" \/>\n\t<meta property=\"og:image:type\" content=\"image\/png\" \/>\n<meta name=\"twitter:card\" content=\"summary_large_image\" \/>\n<meta name=\"twitter:title\" content=\"Gants 3D Thermo Asphalthe Noir | Xmy Sagl Accessoires Running\" \/>\n<meta name=\"twitter:description\" content=\"Chaleur et respirabilit\u00e9 pour vos s\u00e9ances avec les gants 3D Thermo Asphalthe Noir, disponibles chez Xmy Sagl.\" \/>\n<meta name=\"twitter:label1\" content=\"Dur\u00e9e de lecture estim\u00e9e\" \/>\n\t<meta name=\"twitter:data1\" content=\"1 minute\" \/>\n<script type=\"application\/ld+json\" class=\"yoast-schema-graph\">{\"@context\":\"https:\\\/\\\/schema.org\",\"@graph\":[{\"@type\":\"WebPage\",\"@id\":\"https:\\\/\\\/xmy.ch\\\/fr\\\/prodotto\\\/gants-3d-thermo-asphalthe-noir\\\/\",\"url\":\"https:\\\/\\\/xmy.ch\\\/fr\\\/prodotto\\\/gants-3d-thermo-asphalthe-noir\\\/\",\"name\":\"Gants 3D Thermo Asphalthe Noir \u2013 Xmy Sagl Accessori Premium\",\"isPartOf\":{\"@id\":\"https:\\\/\\\/xmy.ch\\\/fr\\\/#website\"},\"primaryImageOfPage\":{\"@id\":\"https:\\\/\\\/xmy.ch\\\/fr\\\/prodotto\\\/gants-3d-thermo-asphalthe-noir\\\/#primaryimage\"},\"image\":{\"@id\":\"https:\\\/\\\/xmy.ch\\\/fr\\\/prodotto\\\/gants-3d-thermo-asphalthe-noir\\\/#primaryimage\"},\"thumbnailUrl\":\"https:\\\/\\\/xmy.ch\\\/wp-content\\\/uploads\\\/2023\\\/10\\\/3d-thermo-gloves-asphalte-black.png\",\"datePublished\":\"2023-10-25T18:15:00+00:00\",\"description\":\"Gants de course thermor\u00e9gulateurs et respirants Gants 3D Thermo Asphalthe Noir pour garder les mains au chaud et au sec pendant l\u2019entra\u00eenement.\",\"breadcrumb\":{\"@id\":\"https:\\\/\\\/xmy.ch\\\/fr\\\/prodotto\\\/gants-3d-thermo-asphalthe-noir\\\/#breadcrumb\"},\"inLanguage\":\"fr-FR\",\"potentialAction\":[{\"@type\":\"ReadAction\",\"target\":[\"https:\\\/\\\/xmy.ch\\\/fr\\\/prodotto\\\/gants-3d-thermo-asphalthe-noir\\\/\"]}]},{\"@type\":\"ImageObject\",\"inLanguage\":\"fr-FR\",\"@id\":\"https:\\\/\\\/xmy.ch\\\/fr\\\/prodotto\\\/gants-3d-thermo-asphalthe-noir\\\/#primaryimage\",\"url\":\"https:\\\/\\\/xmy.ch\\\/wp-content\\\/uploads\\\/2023\\\/10\\\/3d-thermo-gloves-asphalte-black.png\",\"contentUrl\":\"https:\\\/\\\/xmy.ch\\\/wp-content\\\/uploads\\\/2023\\\/10\\\/3d-thermo-gloves-asphalte-black.png\",\"width\":549,\"height\":712,\"caption\":\"Immagine che rappresenta i guanti da corsa o da running termoregolanti in microfibra\"},{\"@type\":\"BreadcrumbList\",\"@id\":\"https:\\\/\\\/xmy.ch\\\/fr\\\/prodotto\\\/gants-3d-thermo-asphalthe-noir\\\/#breadcrumb\",\"itemListElement\":[{\"@type\":\"ListItem\",\"position\":1,\"name\":\"Home\",\"item\":\"https:\\\/\\\/xmy.ch\\\/fr\\\/\"},{\"@type\":\"ListItem\",\"position\":2,\"name\":\"Boutique\",\"item\":\"https:\\\/\\\/xmy.ch\\\/fr\\\/boutique\\\/\"},{\"@type\":\"ListItem\",\"position\":3,\"name\":\"Gants 3D Thermo Asphalthe\\\/Noir\"}]},{\"@type\":\"WebSite\",\"@id\":\"https:\\\/\\\/xmy.ch\\\/fr\\\/#website\",\"url\":\"https:\\\/\\\/xmy.ch\\\/fr\\\/\",\"name\":\"Xmy Sagl\",\"description\":\"\",\"publisher\":{\"@id\":\"https:\\\/\\\/xmy.ch\\\/fr\\\/#organization\"},\"potentialAction\":[{\"@type\":\"SearchAction\",\"target\":{\"@type\":\"EntryPoint\",\"urlTemplate\":\"https:\\\/\\\/xmy.ch\\\/fr\\\/?s={search_term_string}\"},\"query-input\":{\"@type\":\"PropertyValueSpecification\",\"valueRequired\":true,\"valueName\":\"search_term_string\"}}],\"inLanguage\":\"fr-FR\"},{\"@type\":\"Organization\",\"@id\":\"https:\\\/\\\/xmy.ch\\\/fr\\\/#organization\",\"name\":\"Xmy Sagl\",\"url\":\"https:\\\/\\\/xmy.ch\\\/fr\\\/\",\"logo\":{\"@type\":\"ImageObject\",\"inLanguage\":\"fr-FR\",\"@id\":\"https:\\\/\\\/xmy.ch\\\/fr\\\/#\\\/schema\\\/logo\\\/image\\\/\",\"url\":\"https:\\\/\\\/xmy.ch\\\/wp-content\\\/uploads\\\/2024\\\/02\\\/XMY_UNI_B.webp\",\"contentUrl\":\"https:\\\/\\\/xmy.ch\\\/wp-content\\\/uploads\\\/2024\\\/02\\\/XMY_UNI_B.webp\",\"width\":1459,\"height\":421,\"caption\":\"Xmy Sagl\"},\"image\":{\"@id\":\"https:\\\/\\\/xmy.ch\\\/fr\\\/#\\\/schema\\\/logo\\\/image\\\/\"},\"sameAs\":[\"https:\\\/\\\/www.facebook.com\\\/xmy.sagl\",\"https:\\\/\\\/www.instagram.com\\\/xmy.sagl\\\/\"]}]}<\/script>\n<!-- \/ Yoast SEO Premium plugin. -->","yoast_head_json":{"title":"Gants 3D Thermo Asphalthe Noir \u2013 Xmy Sagl Accessori Premium","description":"Gants de course thermor\u00e9gulateurs et respirants Gants 3D Thermo Asphalthe Noir pour garder les mains au chaud et au sec pendant l\u2019entra\u00eenement.","robots":{"index":"index","follow":"follow","max-snippet":"max-snippet:-1","max-image-preview":"max-image-preview:large","max-video-preview":"max-video-preview:-1"},"canonical":"https:\/\/xmy.ch\/fr\/prodotto\/gants-3d-thermo-asphalthe-noir\/","og_locale":"fr_FR","og_type":"article","og_title":"Gants 3D Thermo Asphalthe Noir \u2013 Xmy Sagl Accessori","og_description":"Confort et chaleur pendant l\u2019entra\u00eenement avec les gants 3D Thermo Asphalthe Noir.","og_url":"https:\/\/xmy.ch\/fr\/prodotto\/gants-3d-thermo-asphalthe-noir\/","og_site_name":"Xmy Sagl","article_publisher":"https:\/\/www.facebook.com\/xmy.sagl","og_image":[{"width":549,"height":712,"url":"https:\/\/xmy.ch\/wp-content\/uploads\/2023\/10\/3d-thermo-gloves-asphalte-black.png","type":"image\/png"}],"twitter_card":"summary_large_image","twitter_title":"Gants 3D Thermo Asphalthe Noir | Xmy Sagl Accessoires Running","twitter_description":"Chaleur et respirabilit\u00e9 pour vos s\u00e9ances avec les gants 3D Thermo Asphalthe Noir, disponibles chez Xmy Sagl.","twitter_misc":{"Dur\u00e9e de lecture estim\u00e9e":"1 minute"},"schema":{"@context":"https:\/\/schema.org","@graph":[{"@type":"WebPage","@id":"https:\/\/xmy.ch\/fr\/prodotto\/gants-3d-thermo-asphalthe-noir\/","url":"https:\/\/xmy.ch\/fr\/prodotto\/gants-3d-thermo-asphalthe-noir\/","name":"Gants 3D Thermo Asphalthe Noir \u2013 Xmy Sagl Accessori Premium","isPartOf":{"@id":"https:\/\/xmy.ch\/fr\/#website"},"primaryImageOfPage":{"@id":"https:\/\/xmy.ch\/fr\/prodotto\/gants-3d-thermo-asphalthe-noir\/#primaryimage"},"image":{"@id":"https:\/\/xmy.ch\/fr\/prodotto\/gants-3d-thermo-asphalthe-noir\/#primaryimage"},"thumbnailUrl":"https:\/\/xmy.ch\/wp-content\/uploads\/2023\/10\/3d-thermo-gloves-asphalte-black.png","datePublished":"2023-10-25T18:15:00+00:00","description":"Gants de course thermor\u00e9gulateurs et respirants Gants 3D Thermo Asphalthe Noir pour garder les mains au chaud et au sec pendant l\u2019entra\u00eenement.","breadcrumb":{"@id":"https:\/\/xmy.ch\/fr\/prodotto\/gants-3d-thermo-asphalthe-noir\/#breadcrumb"},"inLanguage":"fr-FR","potentialAction":[{"@type":"ReadAction","target":["https:\/\/xmy.ch\/fr\/prodotto\/gants-3d-thermo-asphalthe-noir\/"]}]},{"@type":"ImageObject","inLanguage":"fr-FR","@id":"https:\/\/xmy.ch\/fr\/prodotto\/gants-3d-thermo-asphalthe-noir\/#primaryimage","url":"https:\/\/xmy.ch\/wp-content\/uploads\/2023\/10\/3d-thermo-gloves-asphalte-black.png","contentUrl":"https:\/\/xmy.ch\/wp-content\/uploads\/2023\/10\/3d-thermo-gloves-asphalte-black.png","width":549,"height":712,"caption":"Immagine che rappresenta i guanti da corsa o da running termoregolanti in microfibra"},{"@type":"BreadcrumbList","@id":"https:\/\/xmy.ch\/fr\/prodotto\/gants-3d-thermo-asphalthe-noir\/#breadcrumb","itemListElement":[{"@type":"ListItem","position":1,"name":"Home","item":"https:\/\/xmy.ch\/fr\/"},{"@type":"ListItem","position":2,"name":"Boutique","item":"https:\/\/xmy.ch\/fr\/boutique\/"},{"@type":"ListItem","position":3,"name":"Gants 3D Thermo Asphalthe\/Noir"}]},{"@type":"WebSite","@id":"https:\/\/xmy.ch\/fr\/#website","url":"https:\/\/xmy.ch\/fr\/","name":"Xmy Sagl","description":"","publisher":{"@id":"https:\/\/xmy.ch\/fr\/#organization"},"potentialAction":[{"@type":"SearchAction","target":{"@type":"EntryPoint","urlTemplate":"https:\/\/xmy.ch\/fr\/?s={search_term_string}"},"query-input":{"@type":"PropertyValueSpecification","valueRequired":true,"valueName":"search_term_string"}}],"inLanguage":"fr-FR"},{"@type":"Organization","@id":"https:\/\/xmy.ch\/fr\/#organization","name":"Xmy Sagl","url":"https:\/\/xmy.ch\/fr\/","logo":{"@type":"ImageObject","inLanguage":"fr-FR","@id":"https:\/\/xmy.ch\/fr\/#\/schema\/logo\/image\/","url":"https:\/\/xmy.ch\/wp-content\/uploads\/2024\/02\/XMY_UNI_B.webp","contentUrl":"https:\/\/xmy.ch\/wp-content\/uploads\/2024\/02\/XMY_UNI_B.webp","width":1459,"height":421,"caption":"Xmy Sagl"},"image":{"@id":"https:\/\/xmy.ch\/fr\/#\/schema\/logo\/image\/"},"sameAs":["https:\/\/www.facebook.com\/xmy.sagl","https:\/\/www.instagram.com\/xmy.sagl\/"]}]}},"_links":{"self":[{"href":"https:\/\/xmy.ch\/fr\/wp-json\/wp\/v2\/product\/5820","targetHints":{"allow":["GET"]}}],"collection":[{"href":"https:\/\/xmy.ch\/fr\/wp-json\/wp\/v2\/product"}],"about":[{"href":"https:\/\/xmy.ch\/fr\/wp-json\/wp\/v2\/types\/product"}],"replies":[{"embeddable":true,"href":"https:\/\/xmy.ch\/fr\/wp-json\/wp\/v2\/comments?post=5820"}],"wp:featuredmedia":[{"embeddable":true,"href":"https:\/\/xmy.ch\/fr\/wp-json\/wp\/v2\/media\/5172"}],"wp:attachment":[{"href":"https:\/\/xmy.ch\/fr\/wp-json\/wp\/v2\/media?parent=5820"}],"wp:term":[{"taxonomy":"product_brand","embeddable":true,"href":"https:\/\/xmy.ch\/fr\/wp-json\/wp\/v2\/product_brand?post=5820"},{"taxonomy":"product_cat","embeddable":true,"href":"https:\/\/xmy.ch\/fr\/wp-json\/wp\/v2\/product_cat?post=5820"},{"taxonomy":"product_tag","embeddable":true,"href":"https:\/\/xmy.ch\/fr\/wp-json\/wp\/v2\/product_tag?post=5820"}],"curies":[{"name":"wp","href":"https:\/\/api.w.org\/{rel}","templated":true}]}}