{"id":5788,"date":"2023-10-22T14:53:03","date_gmt":"2023-10-22T12:53:03","guid":{"rendered":"https:\/\/xmy.ch\/prodotto\/casquette-racing-trucker-noir-jaune\/"},"modified":"2023-10-22T14:53:03","modified_gmt":"2023-10-22T12:53:03","slug":"casquette-racing-trucker-noir-jaune","status":"publish","type":"product","link":"https:\/\/xmy.ch\/fr\/prodotto\/casquette-racing-trucker-noir-jaune\/","title":{"rendered":"Casquette Racing Trucker Noir\/Jaune"},"content":{"rendered":"<p>Casquette Racing Trucker noire \u00e0 la mode incorporant une technologie haute performance pour une ventilation et une \u00e9vacuation optimales de la transpiration pendant l&rsquo;entra\u00eenement et la course.<\/p>\n<p>Tissu 1 : 100% polyester<\/p>\n<p><img decoding=\"async\" class=\"w-50 my-2\" src=\"https:\/\/www.compressport.com\/ch\/img\/prods_entretien.png\"><\/p>\n","protected":false},"excerpt":{"rendered":"<p>Casquette Racing Trucker noire \u00e0 la mode incorporant une technologie haute performance pour une ventilation et une \u00e9vacuation optimales de la transpiration pendant l&rsquo;entra\u00eenement et la course.<\/p>\n","protected":false},"featured_media":3484,"comment_status":"open","ping_status":"closed","template":"","meta":[],"product_brand":[],"product_cat":[257],"product_tag":[258,259],"class_list":{"0":"post-5788","1":"product","2":"type-product","3":"status-publish","4":"has-post-thumbnail","6":"product_cat-accessoires","7":"product_tag-femme","8":"product_tag-lhomme","10":"first","11":"instock","12":"taxable","13":"shipping-taxable","14":"purchasable","15":"product-type-variable","16":"has-default-attributes"},"yoast_head":"<!-- This site is optimized with the Yoast SEO Premium plugin v27.5 (Yoast SEO v27.5) - https:\/\/yoast.com\/product\/yoast-seo-premium-wordpress\/ -->\n<title>Casquette Racing Trucker Noir\/Jaune - Performance - Xmy Sagl<\/title>\n<meta name=\"description\" content=\"Casquette Racing Trucker Noir\/Jaune: performance et style pour chaque coureur. D\u00e9couvrez notre gamme.\" \/>\n<meta name=\"robots\" content=\"index, follow, max-snippet:-1, max-image-preview:large, max-video-preview:-1\" \/>\n<link rel=\"canonical\" href=\"https:\/\/xmy.ch\/fr\/prodotto\/casquette-racing-trucker-noir-jaune\/\" \/>\n<meta property=\"og:locale\" content=\"fr_FR\" \/>\n<meta property=\"og:type\" content=\"article\" \/>\n<meta property=\"og:title\" content=\"Casquette Racing Trucker NoirJaune \u2013 style et performance\" \/>\n<meta property=\"og:description\" content=\"Casquette ventil\u00e9e noire\/jaune, performance et confort.\" \/>\n<meta property=\"og:url\" content=\"https:\/\/xmy.ch\/fr\/prodotto\/casquette-racing-trucker-noir-jaune\/\" \/>\n<meta property=\"og:site_name\" content=\"Xmy Sagl\" \/>\n<meta property=\"article:publisher\" content=\"https:\/\/www.facebook.com\/xmy.sagl\" \/>\n<meta property=\"og:image\" content=\"https:\/\/xmy.ch\/wp-content\/uploads\/2023\/10\/Racing-Trucker-Cap-.jpg\" \/>\n\t<meta property=\"og:image:width\" content=\"818\" \/>\n\t<meta property=\"og:image:height\" content=\"614\" \/>\n\t<meta property=\"og:image:type\" content=\"image\/jpeg\" \/>\n<meta name=\"twitter:card\" content=\"summary_large_image\" \/>\n<meta name=\"twitter:title\" content=\"Casquette Racing Trucker NoirJaune \u2013 performance et allure\" \/>\n<meta name=\"twitter:description\" content=\"Casquette noire\/jaune avec ventilation avanc\u00e9e pour l&#039;entra\u00eenement.\" \/>\n<script type=\"application\/ld+json\" class=\"yoast-schema-graph\">{\"@context\":\"https:\\\/\\\/schema.org\",\"@graph\":[{\"@type\":\"WebPage\",\"@id\":\"https:\\\/\\\/xmy.ch\\\/fr\\\/prodotto\\\/casquette-racing-trucker-noir-jaune\\\/\",\"url\":\"https:\\\/\\\/xmy.ch\\\/fr\\\/prodotto\\\/casquette-racing-trucker-noir-jaune\\\/\",\"name\":\"Casquette Racing Trucker Noir\\\/Jaune - Performance - Xmy Sagl\",\"isPartOf\":{\"@id\":\"https:\\\/\\\/xmy.ch\\\/fr\\\/#website\"},\"primaryImageOfPage\":{\"@id\":\"https:\\\/\\\/xmy.ch\\\/fr\\\/prodotto\\\/casquette-racing-trucker-noir-jaune\\\/#primaryimage\"},\"image\":{\"@id\":\"https:\\\/\\\/xmy.ch\\\/fr\\\/prodotto\\\/casquette-racing-trucker-noir-jaune\\\/#primaryimage\"},\"thumbnailUrl\":\"https:\\\/\\\/xmy.ch\\\/wp-content\\\/uploads\\\/2023\\\/10\\\/Racing-Trucker-Cap-.jpg\",\"datePublished\":\"2023-10-22T12:53:03+00:00\",\"description\":\"Casquette Racing Trucker Noir\\\/Jaune: performance et style pour chaque coureur. D\u00e9couvrez notre gamme.\",\"breadcrumb\":{\"@id\":\"https:\\\/\\\/xmy.ch\\\/fr\\\/prodotto\\\/casquette-racing-trucker-noir-jaune\\\/#breadcrumb\"},\"inLanguage\":\"fr-FR\",\"potentialAction\":[{\"@type\":\"ReadAction\",\"target\":[\"https:\\\/\\\/xmy.ch\\\/fr\\\/prodotto\\\/casquette-racing-trucker-noir-jaune\\\/\"]}]},{\"@type\":\"ImageObject\",\"inLanguage\":\"fr-FR\",\"@id\":\"https:\\\/\\\/xmy.ch\\\/fr\\\/prodotto\\\/casquette-racing-trucker-noir-jaune\\\/#primaryimage\",\"url\":\"https:\\\/\\\/xmy.ch\\\/wp-content\\\/uploads\\\/2023\\\/10\\\/Racing-Trucker-Cap-.jpg\",\"contentUrl\":\"https:\\\/\\\/xmy.ch\\\/wp-content\\\/uploads\\\/2023\\\/10\\\/Racing-Trucker-Cap-.jpg\",\"width\":818,\"height\":614},{\"@type\":\"BreadcrumbList\",\"@id\":\"https:\\\/\\\/xmy.ch\\\/fr\\\/prodotto\\\/casquette-racing-trucker-noir-jaune\\\/#breadcrumb\",\"itemListElement\":[{\"@type\":\"ListItem\",\"position\":1,\"name\":\"Home\",\"item\":\"https:\\\/\\\/xmy.ch\\\/fr\\\/\"},{\"@type\":\"ListItem\",\"position\":2,\"name\":\"Boutique\",\"item\":\"https:\\\/\\\/xmy.ch\\\/fr\\\/boutique\\\/\"},{\"@type\":\"ListItem\",\"position\":3,\"name\":\"Casquette Racing Trucker Noir\\\/Jaune\"}]},{\"@type\":\"WebSite\",\"@id\":\"https:\\\/\\\/xmy.ch\\\/fr\\\/#website\",\"url\":\"https:\\\/\\\/xmy.ch\\\/fr\\\/\",\"name\":\"Xmy Sagl\",\"description\":\"\",\"publisher\":{\"@id\":\"https:\\\/\\\/xmy.ch\\\/fr\\\/#organization\"},\"potentialAction\":[{\"@type\":\"SearchAction\",\"target\":{\"@type\":\"EntryPoint\",\"urlTemplate\":\"https:\\\/\\\/xmy.ch\\\/fr\\\/?s={search_term_string}\"},\"query-input\":{\"@type\":\"PropertyValueSpecification\",\"valueRequired\":true,\"valueName\":\"search_term_string\"}}],\"inLanguage\":\"fr-FR\"},{\"@type\":\"Organization\",\"@id\":\"https:\\\/\\\/xmy.ch\\\/fr\\\/#organization\",\"name\":\"Xmy Sagl\",\"url\":\"https:\\\/\\\/xmy.ch\\\/fr\\\/\",\"logo\":{\"@type\":\"ImageObject\",\"inLanguage\":\"fr-FR\",\"@id\":\"https:\\\/\\\/xmy.ch\\\/fr\\\/#\\\/schema\\\/logo\\\/image\\\/\",\"url\":\"https:\\\/\\\/xmy.ch\\\/wp-content\\\/uploads\\\/2024\\\/02\\\/XMY_UNI_B.webp\",\"contentUrl\":\"https:\\\/\\\/xmy.ch\\\/wp-content\\\/uploads\\\/2024\\\/02\\\/XMY_UNI_B.webp\",\"width\":1459,\"height\":421,\"caption\":\"Xmy Sagl\"},\"image\":{\"@id\":\"https:\\\/\\\/xmy.ch\\\/fr\\\/#\\\/schema\\\/logo\\\/image\\\/\"},\"sameAs\":[\"https:\\\/\\\/www.facebook.com\\\/xmy.sagl\",\"https:\\\/\\\/www.instagram.com\\\/xmy.sagl\\\/\"]}]}<\/script>\n<!-- \/ Yoast SEO Premium plugin. -->","yoast_head_json":{"title":"Casquette Racing Trucker Noir\/Jaune - Performance - Xmy Sagl","description":"Casquette Racing Trucker Noir\/Jaune: performance et style pour chaque coureur. D\u00e9couvrez notre gamme.","robots":{"index":"index","follow":"follow","max-snippet":"max-snippet:-1","max-image-preview":"max-image-preview:large","max-video-preview":"max-video-preview:-1"},"canonical":"https:\/\/xmy.ch\/fr\/prodotto\/casquette-racing-trucker-noir-jaune\/","og_locale":"fr_FR","og_type":"article","og_title":"Casquette Racing Trucker NoirJaune \u2013 style et performance","og_description":"Casquette ventil\u00e9e noire\/jaune, performance et confort.","og_url":"https:\/\/xmy.ch\/fr\/prodotto\/casquette-racing-trucker-noir-jaune\/","og_site_name":"Xmy Sagl","article_publisher":"https:\/\/www.facebook.com\/xmy.sagl","og_image":[{"width":818,"height":614,"url":"https:\/\/xmy.ch\/wp-content\/uploads\/2023\/10\/Racing-Trucker-Cap-.jpg","type":"image\/jpeg"}],"twitter_card":"summary_large_image","twitter_title":"Casquette Racing Trucker NoirJaune \u2013 performance et allure","twitter_description":"Casquette noire\/jaune avec ventilation avanc\u00e9e pour l'entra\u00eenement.","schema":{"@context":"https:\/\/schema.org","@graph":[{"@type":"WebPage","@id":"https:\/\/xmy.ch\/fr\/prodotto\/casquette-racing-trucker-noir-jaune\/","url":"https:\/\/xmy.ch\/fr\/prodotto\/casquette-racing-trucker-noir-jaune\/","name":"Casquette Racing Trucker Noir\/Jaune - Performance - Xmy Sagl","isPartOf":{"@id":"https:\/\/xmy.ch\/fr\/#website"},"primaryImageOfPage":{"@id":"https:\/\/xmy.ch\/fr\/prodotto\/casquette-racing-trucker-noir-jaune\/#primaryimage"},"image":{"@id":"https:\/\/xmy.ch\/fr\/prodotto\/casquette-racing-trucker-noir-jaune\/#primaryimage"},"thumbnailUrl":"https:\/\/xmy.ch\/wp-content\/uploads\/2023\/10\/Racing-Trucker-Cap-.jpg","datePublished":"2023-10-22T12:53:03+00:00","description":"Casquette Racing Trucker Noir\/Jaune: performance et style pour chaque coureur. D\u00e9couvrez notre gamme.","breadcrumb":{"@id":"https:\/\/xmy.ch\/fr\/prodotto\/casquette-racing-trucker-noir-jaune\/#breadcrumb"},"inLanguage":"fr-FR","potentialAction":[{"@type":"ReadAction","target":["https:\/\/xmy.ch\/fr\/prodotto\/casquette-racing-trucker-noir-jaune\/"]}]},{"@type":"ImageObject","inLanguage":"fr-FR","@id":"https:\/\/xmy.ch\/fr\/prodotto\/casquette-racing-trucker-noir-jaune\/#primaryimage","url":"https:\/\/xmy.ch\/wp-content\/uploads\/2023\/10\/Racing-Trucker-Cap-.jpg","contentUrl":"https:\/\/xmy.ch\/wp-content\/uploads\/2023\/10\/Racing-Trucker-Cap-.jpg","width":818,"height":614},{"@type":"BreadcrumbList","@id":"https:\/\/xmy.ch\/fr\/prodotto\/casquette-racing-trucker-noir-jaune\/#breadcrumb","itemListElement":[{"@type":"ListItem","position":1,"name":"Home","item":"https:\/\/xmy.ch\/fr\/"},{"@type":"ListItem","position":2,"name":"Boutique","item":"https:\/\/xmy.ch\/fr\/boutique\/"},{"@type":"ListItem","position":3,"name":"Casquette Racing Trucker Noir\/Jaune"}]},{"@type":"WebSite","@id":"https:\/\/xmy.ch\/fr\/#website","url":"https:\/\/xmy.ch\/fr\/","name":"Xmy Sagl","description":"","publisher":{"@id":"https:\/\/xmy.ch\/fr\/#organization"},"potentialAction":[{"@type":"SearchAction","target":{"@type":"EntryPoint","urlTemplate":"https:\/\/xmy.ch\/fr\/?s={search_term_string}"},"query-input":{"@type":"PropertyValueSpecification","valueRequired":true,"valueName":"search_term_string"}}],"inLanguage":"fr-FR"},{"@type":"Organization","@id":"https:\/\/xmy.ch\/fr\/#organization","name":"Xmy Sagl","url":"https:\/\/xmy.ch\/fr\/","logo":{"@type":"ImageObject","inLanguage":"fr-FR","@id":"https:\/\/xmy.ch\/fr\/#\/schema\/logo\/image\/","url":"https:\/\/xmy.ch\/wp-content\/uploads\/2024\/02\/XMY_UNI_B.webp","contentUrl":"https:\/\/xmy.ch\/wp-content\/uploads\/2024\/02\/XMY_UNI_B.webp","width":1459,"height":421,"caption":"Xmy Sagl"},"image":{"@id":"https:\/\/xmy.ch\/fr\/#\/schema\/logo\/image\/"},"sameAs":["https:\/\/www.facebook.com\/xmy.sagl","https:\/\/www.instagram.com\/xmy.sagl\/"]}]}},"_links":{"self":[{"href":"https:\/\/xmy.ch\/fr\/wp-json\/wp\/v2\/product\/5788","targetHints":{"allow":["GET"]}}],"collection":[{"href":"https:\/\/xmy.ch\/fr\/wp-json\/wp\/v2\/product"}],"about":[{"href":"https:\/\/xmy.ch\/fr\/wp-json\/wp\/v2\/types\/product"}],"replies":[{"embeddable":true,"href":"https:\/\/xmy.ch\/fr\/wp-json\/wp\/v2\/comments?post=5788"}],"wp:featuredmedia":[{"embeddable":true,"href":"https:\/\/xmy.ch\/fr\/wp-json\/wp\/v2\/media\/3484"}],"wp:attachment":[{"href":"https:\/\/xmy.ch\/fr\/wp-json\/wp\/v2\/media?parent=5788"}],"wp:term":[{"taxonomy":"product_brand","embeddable":true,"href":"https:\/\/xmy.ch\/fr\/wp-json\/wp\/v2\/product_brand?post=5788"},{"taxonomy":"product_cat","embeddable":true,"href":"https:\/\/xmy.ch\/fr\/wp-json\/wp\/v2\/product_cat?post=5788"},{"taxonomy":"product_tag","embeddable":true,"href":"https:\/\/xmy.ch\/fr\/wp-json\/wp\/v2\/product_tag?post=5788"}],"curies":[{"name":"wp","href":"https:\/\/api.w.org\/{rel}","templated":true}]}}