{"id":5489,"date":"2018-08-30T09:43:44","date_gmt":"2018-08-30T07:43:44","guid":{"rendered":"https:\/\/xmy.ch\/faq\/"},"modified":"2024-02-27T02:02:50","modified_gmt":"2024-02-27T01:02:50","slug":"faq","status":"publish","type":"page","link":"https:\/\/xmy.ch\/fr\/faq\/","title":{"rendered":"FAQ"},"content":{"rendered":"\t\t<div data-elementor-type=\"wp-page\" data-elementor-id=\"5489\" class=\"elementor elementor-5489 elementor-215\">\n\t\t\t\t\t\t<section class=\"elementor-section elementor-top-section elementor-element elementor-element-af270c2 elementor-section-boxed elementor-section-height-default elementor-section-height-default\" data-id=\"af270c2\" data-element_type=\"section\" data-e-type=\"section\">\n\t\t\t\t\t\t<div class=\"elementor-container elementor-column-gap-no\">\n\t\t\t\t\t<div class=\"elementor-column elementor-col-50 elementor-top-column elementor-element elementor-element-6b36f16\" data-id=\"6b36f16\" data-element_type=\"column\" data-e-type=\"column\">\n\t\t\t<div class=\"elementor-widget-wrap elementor-element-populated\">\n\t\t\t\t\t\t<div class=\"elementor-element elementor-element-30f7037 elementor-widget elementor-widget-konte-separator-dash\" data-id=\"30f7037\" data-element_type=\"widget\" data-e-type=\"widget\" data-widget_type=\"konte-separator-dash.default\">\n\t\t\t\t<div class=\"elementor-widget-container\">\n\t\t\t\t\t\t\t<span class=\"konte-dash konte-dash--elementor\">\n\t\t\t<span class=\"konte-dash__line\"><\/span>\n\t\t\t\t\t<\/span>\n\t\t\t\t\t\t<\/div>\n\t\t\t\t<\/div>\n\t\t\t\t\t<\/div>\n\t\t<\/div>\n\t\t\t\t<div class=\"elementor-column elementor-col-50 elementor-top-column elementor-element elementor-element-e0f6724\" data-id=\"e0f6724\" data-element_type=\"column\" data-e-type=\"column\">\n\t\t\t<div class=\"elementor-widget-wrap elementor-element-populated\">\n\t\t\t\t\t\t<div class=\"elementor-element elementor-element-55ae9d0 elementor-widget elementor-widget-konte-heading\" data-id=\"55ae9d0\" data-element_type=\"widget\" data-e-type=\"widget\" data-widget_type=\"konte-heading.default\">\n\t\t\t\t<div class=\"elementor-widget-container\">\n\t\t\t\t\t<h2 class=\"konte-heading-title konte-heading-title--default\">Achats<\/h2>\t\t\t\t<\/div>\n\t\t\t\t<\/div>\n\t\t\t\t<div class=\"elementor-element elementor-element-98040ff elementor-widget elementor-widget-konte-accordion\" data-id=\"98040ff\" data-element_type=\"widget\" data-e-type=\"widget\" data-widget_type=\"konte-accordion.default\">\n\t\t\t\t<div class=\"elementor-widget-container\">\n\t\t\t\t\t\t\t<div class=\"konte-accordion\" role=\"tablist\">\n\t\t\t\t\t\t\t<div class=\"konte-accordion__item\">\n\t\t\t\t\t<div id=\"konte-tab-title-1591\" class=\"konte-accordion__title\" data-tab=\"1\" role=\"tab\" aria-controls=\"konte-tab-content-1591\">\n\t\t\t\t\t\t<span class=\"konte-accordion__icon konte-accordion__icon--default\" aria-hidden=\"true\"><\/span>\n\n\t\t\t\t\t\t<a class=\"konte-accordion__title-text\" href=\"#konte-tab-content-1591\">Si je ne trouve pas un produit dans le Shop ?<\/a>\n\t\t\t\t\t<\/div>\n\t\t\t\t\t<div id=\"konte-tab-content-1591\" class=\"konte-accordion__content clearfix\" data-tab=\"1\" role=\"tabpanel\" aria-labelledby=\"konte-tab-title-1591\"><p>Vous pouvez le rechercher en parcourant les cat\u00e9gories ou en entrant le nom du produit en cliquant sur la loupe.<\/p><\/div>\n\t\t\t\t<\/div>\n\t\t\t\t\t<\/div>\n\t\t\t\t\t\t<\/div>\n\t\t\t\t<\/div>\n\t\t\t\t\t<\/div>\n\t\t<\/div>\n\t\t\t\t\t<\/div>\n\t\t<\/section>\n\t\t\t\t<section class=\"elementor-section elementor-top-section elementor-element elementor-element-c40373f elementor-section-boxed elementor-section-height-default elementor-section-height-default\" data-id=\"c40373f\" data-element_type=\"section\" data-e-type=\"section\">\n\t\t\t\t\t\t<div class=\"elementor-container elementor-column-gap-no\">\n\t\t\t\t\t<div class=\"elementor-column elementor-col-50 elementor-top-column elementor-element elementor-element-218a953\" data-id=\"218a953\" data-element_type=\"column\" data-e-type=\"column\">\n\t\t\t<div class=\"elementor-widget-wrap elementor-element-populated\">\n\t\t\t\t\t\t<div class=\"elementor-element elementor-element-b31d2aa elementor-widget elementor-widget-konte-separator-dash\" data-id=\"b31d2aa\" data-element_type=\"widget\" data-e-type=\"widget\" data-widget_type=\"konte-separator-dash.default\">\n\t\t\t\t<div class=\"elementor-widget-container\">\n\t\t\t\t\t\t\t<span class=\"konte-dash konte-dash--elementor\">\n\t\t\t<span class=\"konte-dash__line\"><\/span>\n\t\t\t\t\t<\/span>\n\t\t\t\t\t\t<\/div>\n\t\t\t\t<\/div>\n\t\t\t\t\t<\/div>\n\t\t<\/div>\n\t\t\t\t<div class=\"elementor-column elementor-col-50 elementor-top-column elementor-element elementor-element-86ed6e2\" data-id=\"86ed6e2\" data-element_type=\"column\" data-e-type=\"column\">\n\t\t\t<div class=\"elementor-widget-wrap elementor-element-populated\">\n\t\t\t\t\t\t<div class=\"elementor-element elementor-element-4fbac2f elementor-widget elementor-widget-konte-heading\" data-id=\"4fbac2f\" data-element_type=\"widget\" data-e-type=\"widget\" data-widget_type=\"konte-heading.default\">\n\t\t\t\t<div class=\"elementor-widget-container\">\n\t\t\t\t\t<h2 class=\"konte-heading-title konte-heading-title--default\">Paiement<\/h2>\t\t\t\t<\/div>\n\t\t\t\t<\/div>\n\t\t\t\t<div class=\"elementor-element elementor-element-610c8d5 elementor-widget elementor-widget-konte-accordion\" data-id=\"610c8d5\" data-element_type=\"widget\" data-e-type=\"widget\" data-widget_type=\"konte-accordion.default\">\n\t\t\t\t<div class=\"elementor-widget-container\">\n\t\t\t\t\t\t\t<div class=\"konte-accordion\" role=\"tablist\">\n\t\t\t\t\t\t\t<div class=\"konte-accordion__item\">\n\t\t\t\t\t<div id=\"konte-tab-title-1011\" class=\"konte-accordion__title\" data-tab=\"1\" role=\"tab\" aria-controls=\"konte-tab-content-1011\">\n\t\t\t\t\t\t<span class=\"konte-accordion__icon konte-accordion__icon--default\" aria-hidden=\"true\"><\/span>\n\n\t\t\t\t\t\t<a class=\"konte-accordion__title-text\" href=\"#konte-tab-content-1011\">Quels sont les moyens de paiement accept\u00e9s ?<\/a>\n\t\t\t\t\t<\/div>\n\t\t\t\t\t<div id=\"konte-tab-content-1011\" class=\"konte-accordion__content clearfix\" data-tab=\"1\" role=\"tabpanel\" aria-labelledby=\"konte-tab-title-1011\"><p>Paiement anticip\u00e9 (vous payez d&rsquo;abord, puis vous recevez les marchandises), Apple Pay, Visa, Mastercard, American Express, Postcard et Twint.<\/p><\/div>\n\t\t\t\t<\/div>\n\t\t\t\t\t\t\t<div class=\"konte-accordion__item\">\n\t\t\t\t\t<div id=\"konte-tab-title-1012\" class=\"konte-accordion__title\" data-tab=\"2\" role=\"tab\" aria-controls=\"konte-tab-content-1012\">\n\t\t\t\t\t\t<span class=\"konte-accordion__icon konte-accordion__icon--default\" aria-hidden=\"true\"><\/span>\n\n\t\t\t\t\t\t<a class=\"konte-accordion__title-text\" href=\"#konte-tab-content-1012\">Mes donn\u00e9es de paiement sont-elles s\u00e9curis\u00e9es ?<\/a>\n\t\t\t\t\t<\/div>\n\t\t\t\t\t<div id=\"konte-tab-content-1012\" class=\"konte-accordion__content clearfix\" data-tab=\"2\" role=\"tabpanel\" aria-labelledby=\"konte-tab-title-1012\"><div class=\"accordion-heading\"><div class=\"accordion-icon\">Bien entendu, ils sont trait\u00e9s en toute s\u00e9curit\u00e9 avec un certificat de s\u00e9curit\u00e9 SSL via WooPayments, le fournisseur de paiement officiel de l&rsquo;un des plus grands fournisseurs de commerce \u00e9lectronique au monde.<\/div><\/div><\/div>\n\t\t\t\t<\/div>\n\t\t\t\t\t\t\t<div class=\"konte-accordion__item\">\n\t\t\t\t\t<div id=\"konte-tab-title-1013\" class=\"konte-accordion__title\" data-tab=\"3\" role=\"tab\" aria-controls=\"konte-tab-content-1013\">\n\t\t\t\t\t\t<span class=\"konte-accordion__icon konte-accordion__icon--default\" aria-hidden=\"true\"><\/span>\n\n\t\t\t\t\t\t<a class=\"konte-accordion__title-text\" href=\"#konte-tab-content-1013\">Si j'ai un code de r\u00e9duction, o\u00f9 dois-je le saisir ?<\/a>\n\t\t\t\t\t<\/div>\n\t\t\t\t\t<div id=\"konte-tab-content-1013\" class=\"konte-accordion__content clearfix\" data-tab=\"3\" role=\"tabpanel\" aria-labelledby=\"konte-tab-title-1013\"><p>Veuillez saisir et utiliser le code au moment du paiement \u00ab\u00a0Code promotionnel\u00a0\u00bb en haut \u00e0 droite et avant d&rsquo;effectuer votre paiement.<\/p><\/div>\n\t\t\t\t<\/div>\n\t\t\t\t\t<\/div>\n\t\t\t\t\t\t<\/div>\n\t\t\t\t<\/div>\n\t\t\t\t\t<\/div>\n\t\t<\/div>\n\t\t\t\t\t<\/div>\n\t\t<\/section>\n\t\t\t\t<section class=\"elementor-section elementor-top-section elementor-element elementor-element-3abdcde elementor-section-boxed elementor-section-height-default elementor-section-height-default\" data-id=\"3abdcde\" data-element_type=\"section\" data-e-type=\"section\">\n\t\t\t\t\t\t<div class=\"elementor-container elementor-column-gap-no\">\n\t\t\t\t\t<div class=\"elementor-column elementor-col-50 elementor-top-column elementor-element elementor-element-d95a369\" data-id=\"d95a369\" data-element_type=\"column\" data-e-type=\"column\">\n\t\t\t<div class=\"elementor-widget-wrap elementor-element-populated\">\n\t\t\t\t\t\t<div class=\"elementor-element elementor-element-6decf71 elementor-widget elementor-widget-konte-separator-dash\" data-id=\"6decf71\" data-element_type=\"widget\" data-e-type=\"widget\" data-widget_type=\"konte-separator-dash.default\">\n\t\t\t\t<div class=\"elementor-widget-container\">\n\t\t\t\t\t\t\t<span class=\"konte-dash konte-dash--elementor\">\n\t\t\t<span class=\"konte-dash__line\"><\/span>\n\t\t\t\t\t<\/span>\n\t\t\t\t\t\t<\/div>\n\t\t\t\t<\/div>\n\t\t\t\t\t<\/div>\n\t\t<\/div>\n\t\t\t\t<div class=\"elementor-column elementor-col-50 elementor-top-column elementor-element elementor-element-1f2a115\" data-id=\"1f2a115\" data-element_type=\"column\" data-e-type=\"column\">\n\t\t\t<div class=\"elementor-widget-wrap elementor-element-populated\">\n\t\t\t\t\t\t<div class=\"elementor-element elementor-element-9c5721d elementor-widget elementor-widget-konte-heading\" data-id=\"9c5721d\" data-element_type=\"widget\" data-e-type=\"widget\" data-widget_type=\"konte-heading.default\">\n\t\t\t\t<div class=\"elementor-widget-container\">\n\t\t\t\t\t<h2 class=\"konte-heading-title konte-heading-title--default\">Exp\u00e9dition<\/h2>\t\t\t\t<\/div>\n\t\t\t\t<\/div>\n\t\t\t\t<div class=\"elementor-element elementor-element-5139a5a elementor-widget elementor-widget-konte-accordion\" data-id=\"5139a5a\" data-element_type=\"widget\" data-e-type=\"widget\" data-widget_type=\"konte-accordion.default\">\n\t\t\t\t<div class=\"elementor-widget-container\">\n\t\t\t\t\t\t\t<div class=\"konte-accordion\" role=\"tablist\">\n\t\t\t\t\t\t\t<div class=\"konte-accordion__item\">\n\t\t\t\t\t<div id=\"konte-tab-title-8511\" class=\"konte-accordion__title\" data-tab=\"1\" role=\"tab\" aria-controls=\"konte-tab-content-8511\">\n\t\t\t\t\t\t<span class=\"konte-accordion__icon konte-accordion__icon--default\" aria-hidden=\"true\"><\/span>\n\n\t\t\t\t\t\t<a class=\"konte-accordion__title-text\" href=\"#konte-tab-content-8511\">Que dois-je faire si je re\u00e7ois un colis ou des marchandises endommag\u00e9s ?<\/a>\n\t\t\t\t\t<\/div>\n\t\t\t\t\t<div id=\"konte-tab-content-8511\" class=\"konte-accordion__content clearfix\" data-tab=\"1\" role=\"tabpanel\" aria-labelledby=\"konte-tab-title-8511\"><p>Conservez le colis\/la marchandise et envoyez-nous imm\u00e9diatement un e-mail \u00e0 <a href=\"mailto:info@keform.ch\">info@keforma.ch<\/a>avec des photos du colis\/de la marchandise endommag\u00e9(e) et nous vous contacterons pour r\u00e9soudre le probl\u00e8me.<\/p><\/div>\n\t\t\t\t<\/div>\n\t\t\t\t\t\t\t<div class=\"konte-accordion__item\">\n\t\t\t\t\t<div id=\"konte-tab-title-8512\" class=\"konte-accordion__title\" data-tab=\"2\" role=\"tab\" aria-controls=\"konte-tab-content-8512\">\n\t\t\t\t\t\t<span class=\"konte-accordion__icon konte-accordion__icon--default\" aria-hidden=\"true\"><\/span>\n\n\t\t\t\t\t\t<a class=\"konte-accordion__title-text\" href=\"#konte-tab-content-8512\">Quels sont les frais d'exp\u00e9dition et quand recevrai-je la marchandise ?<\/a>\n\t\t\t\t\t<\/div>\n\t\t\t\t\t<div id=\"konte-tab-content-8512\" class=\"konte-accordion__content clearfix\" data-tab=\"2\" role=\"tabpanel\" aria-labelledby=\"konte-tab-title-8512\"><p>Pour les achats jusqu&rsquo;\u00e0 149 CHF, un forfait de 8 CHF est appliqu\u00e9 ; \u00e0 partir de 150 CHF, les frais de port sont gratuits.  <\/p><\/div>\n\t\t\t\t<\/div>\n\t\t\t\t\t\t\t<div class=\"konte-accordion__item\">\n\t\t\t\t\t<div id=\"konte-tab-title-8513\" class=\"konte-accordion__title\" data-tab=\"3\" role=\"tab\" aria-controls=\"konte-tab-content-8513\">\n\t\t\t\t\t\t<span class=\"konte-accordion__icon konte-accordion__icon--default\" aria-hidden=\"true\"><\/span>\n\n\t\t\t\t\t\t<a class=\"konte-accordion__title-text\" href=\"#konte-tab-content-8513\">Dans quel d\u00e9lai les marchandises peuvent-elles \u00eatre exp\u00e9di\u00e9es ?<\/a>\n\t\t\t\t\t<\/div>\n\t\t\t\t\t<div id=\"konte-tab-content-8513\" class=\"konte-accordion__content clearfix\" data-tab=\"3\" role=\"tabpanel\" aria-labelledby=\"konte-tab-title-8513\"><p>Les marchandises sont g\u00e9n\u00e9ralement exp\u00e9di\u00e9es dans les 24 heures suivant la confirmation de la commande.<\/p><\/div>\n\t\t\t\t<\/div>\n\t\t\t\t\t<\/div>\n\t\t\t\t\t\t<\/div>\n\t\t\t\t<\/div>\n\t\t\t\t\t<\/div>\n\t\t<\/div>\n\t\t\t\t\t<\/div>\n\t\t<\/section>\n\t\t\t\t<section class=\"elementor-section elementor-top-section elementor-element elementor-element-df2ee65 elementor-section-boxed elementor-section-height-default elementor-section-height-default\" data-id=\"df2ee65\" data-element_type=\"section\" data-e-type=\"section\">\n\t\t\t\t\t\t<div class=\"elementor-container elementor-column-gap-no\">\n\t\t\t\t\t<div class=\"elementor-column elementor-col-50 elementor-top-column elementor-element elementor-element-8383a0f\" data-id=\"8383a0f\" data-element_type=\"column\" data-e-type=\"column\">\n\t\t\t<div class=\"elementor-widget-wrap elementor-element-populated\">\n\t\t\t\t\t\t<div class=\"elementor-element elementor-element-7a0ff44 elementor-widget elementor-widget-konte-separator-dash\" data-id=\"7a0ff44\" data-element_type=\"widget\" data-e-type=\"widget\" data-widget_type=\"konte-separator-dash.default\">\n\t\t\t\t<div class=\"elementor-widget-container\">\n\t\t\t\t\t\t\t<span class=\"konte-dash konte-dash--elementor\">\n\t\t\t<span class=\"konte-dash__line\"><\/span>\n\t\t\t\t\t<\/span>\n\t\t\t\t\t\t<\/div>\n\t\t\t\t<\/div>\n\t\t\t\t\t<\/div>\n\t\t<\/div>\n\t\t\t\t<div class=\"elementor-column elementor-col-50 elementor-top-column elementor-element elementor-element-4532e97\" data-id=\"4532e97\" data-element_type=\"column\" data-e-type=\"column\">\n\t\t\t<div class=\"elementor-widget-wrap elementor-element-populated\">\n\t\t\t\t\t\t<div class=\"elementor-element elementor-element-4943ace elementor-widget elementor-widget-konte-heading\" data-id=\"4943ace\" data-element_type=\"widget\" data-e-type=\"widget\" data-widget_type=\"konte-heading.default\">\n\t\t\t\t<div class=\"elementor-widget-container\">\n\t\t\t\t\t<h2 class=\"konte-heading-title konte-heading-title--default\">Commandes et informations<\/h2>\t\t\t\t<\/div>\n\t\t\t\t<\/div>\n\t\t\t\t<div class=\"elementor-element elementor-element-509e36b elementor-widget elementor-widget-konte-accordion\" data-id=\"509e36b\" data-element_type=\"widget\" data-e-type=\"widget\" data-widget_type=\"konte-accordion.default\">\n\t\t\t\t<div class=\"elementor-widget-container\">\n\t\t\t\t\t\t\t<div class=\"konte-accordion\" role=\"tablist\">\n\t\t\t\t\t\t\t<div class=\"konte-accordion__item\">\n\t\t\t\t\t<div id=\"konte-tab-title-8451\" class=\"konte-accordion__title\" data-tab=\"1\" role=\"tab\" aria-controls=\"konte-tab-content-8451\">\n\t\t\t\t\t\t<span class=\"konte-accordion__icon konte-accordion__icon--default\" aria-hidden=\"true\"><\/span>\n\n\t\t\t\t\t\t<a class=\"konte-accordion__title-text\" href=\"#konte-tab-content-8451\">Comment puis-je obtenir des informations sur ma commande ?<\/a>\n\t\t\t\t\t<\/div>\n\t\t\t\t\t<div id=\"konte-tab-content-8451\" class=\"konte-accordion__content clearfix\" data-tab=\"1\" role=\"tabpanel\" aria-labelledby=\"konte-tab-title-8451\"><p>Toutes les informations relatives aux commandes peuvent \u00eatre consult\u00e9es directement dans votre compte (enregistrement requis).<\/p><\/div>\n\t\t\t\t<\/div>\n\t\t\t\t\t\t\t<div class=\"konte-accordion__item\">\n\t\t\t\t\t<div id=\"konte-tab-title-8452\" class=\"konte-accordion__title\" data-tab=\"2\" role=\"tab\" aria-controls=\"konte-tab-content-8452\">\n\t\t\t\t\t\t<span class=\"konte-accordion__icon konte-accordion__icon--default\" aria-hidden=\"true\"><\/span>\n\n\t\t\t\t\t\t<a class=\"konte-accordion__title-text\" href=\"#konte-tab-content-8452\">Qui puis-je contacter en cas de probl\u00e8me ou de demande ?<\/a>\n\t\t\t\t\t<\/div>\n\t\t\t\t\t<div id=\"konte-tab-content-8452\" class=\"konte-accordion__content clearfix\" data-tab=\"2\" role=\"tabpanel\" aria-labelledby=\"konte-tab-title-8452\"><div class=\"accordion-heading\"><div class=\"accordion-icon\">Via notre formulaire de <a title=\"\" href=\"https:\/\/xmy.ch\/contact\/\" target=\"_blank\" rel=\"noopener\">contact <\/a>ou en envoyant un e-mail \u00e0 mattia@xmy.ch<\/div><\/div><\/div>\n\t\t\t\t<\/div>\n\t\t\t\t\t<\/div>\n\t\t\t\t\t\t<\/div>\n\t\t\t\t<\/div>\n\t\t\t\t\t<\/div>\n\t\t<\/div>\n\t\t\t\t\t<\/div>\n\t\t<\/section>\n\t\t\t\t<\/div>\n\t\t","protected":false},"excerpt":{"rendered":"<p>Achats Si je ne trouve pas un produit dans le Shop ? Vous pouvez le rechercher en parcourant les cat\u00e9gories ou en entrant le nom du produit en cliquant sur&hellip;<\/p>\n","protected":false},"author":1,"featured_media":5368,"parent":0,"menu_order":0,"comment_status":"closed","ping_status":"closed","template":"","meta":{"footnotes":""},"class_list":["post-5489","page","type-page","status-publish","has-post-thumbnail","hentry"],"yoast_head":"<!-- This site is optimized with the Yoast SEO Premium plugin v27.5 (Yoast SEO v27.5) - https:\/\/yoast.com\/product\/yoast-seo-premium-wordpress\/ -->\n<title>FAQ - Xmy Sagl<\/title>\n<meta name=\"robots\" content=\"index, follow, max-snippet:-1, max-image-preview:large, max-video-preview:-1\" \/>\n<link rel=\"canonical\" href=\"https:\/\/xmy.ch\/fr\/faq\/\" \/>\n<meta property=\"og:locale\" content=\"fr_FR\" \/>\n<meta property=\"og:type\" content=\"article\" \/>\n<meta property=\"og:title\" content=\"FAQ\" \/>\n<meta property=\"og:description\" content=\"Achats Si je ne trouve pas un produit dans le Shop ? Vous pouvez le rechercher en parcourant les cat\u00e9gories ou en entrant le nom du produit en cliquant sur&hellip;\" \/>\n<meta property=\"og:url\" content=\"https:\/\/xmy.ch\/fr\/faq\/\" \/>\n<meta property=\"og:site_name\" content=\"Xmy Sagl\" \/>\n<meta property=\"article:publisher\" content=\"https:\/\/www.facebook.com\/xmy.sagl\" \/>\n<meta property=\"article:modified_time\" content=\"2024-02-27T01:02:50+00:00\" \/>\n<meta property=\"og:image\" content=\"https:\/\/xmy.ch\/wp-content\/uploads\/2023\/11\/faq-concept-2023-01-10-06-58-23-utc-scaled.jpg\" \/>\n\t<meta property=\"og:image:width\" content=\"2560\" \/>\n\t<meta property=\"og:image:height\" content=\"1707\" \/>\n\t<meta property=\"og:image:type\" content=\"image\/jpeg\" \/>\n<meta name=\"twitter:card\" content=\"summary_large_image\" \/>\n<meta name=\"twitter:label1\" content=\"Dur\u00e9e de lecture estim\u00e9e\" \/>\n\t<meta name=\"twitter:data1\" content=\"1 minute\" \/>\n<script type=\"application\/ld+json\" class=\"yoast-schema-graph\">{\"@context\":\"https:\\\/\\\/schema.org\",\"@graph\":[{\"@type\":\"WebPage\",\"@id\":\"https:\\\/\\\/xmy.ch\\\/fr\\\/faq\\\/\",\"url\":\"https:\\\/\\\/xmy.ch\\\/fr\\\/faq\\\/\",\"name\":\"FAQ - Xmy Sagl\",\"isPartOf\":{\"@id\":\"https:\\\/\\\/xmy.ch\\\/fr\\\/#website\"},\"primaryImageOfPage\":{\"@id\":\"https:\\\/\\\/xmy.ch\\\/fr\\\/faq\\\/#primaryimage\"},\"image\":{\"@id\":\"https:\\\/\\\/xmy.ch\\\/fr\\\/faq\\\/#primaryimage\"},\"thumbnailUrl\":\"https:\\\/\\\/xmy.ch\\\/wp-content\\\/uploads\\\/2023\\\/11\\\/faq-concept-2023-01-10-06-58-23-utc-scaled.jpg\",\"datePublished\":\"2018-08-30T07:43:44+00:00\",\"dateModified\":\"2024-02-27T01:02:50+00:00\",\"breadcrumb\":{\"@id\":\"https:\\\/\\\/xmy.ch\\\/fr\\\/faq\\\/#breadcrumb\"},\"inLanguage\":\"fr-FR\",\"potentialAction\":[{\"@type\":\"ReadAction\",\"target\":[\"https:\\\/\\\/xmy.ch\\\/fr\\\/faq\\\/\"]}]},{\"@type\":\"ImageObject\",\"inLanguage\":\"fr-FR\",\"@id\":\"https:\\\/\\\/xmy.ch\\\/fr\\\/faq\\\/#primaryimage\",\"url\":\"https:\\\/\\\/xmy.ch\\\/wp-content\\\/uploads\\\/2023\\\/11\\\/faq-concept-2023-01-10-06-58-23-utc-scaled.jpg\",\"contentUrl\":\"https:\\\/\\\/xmy.ch\\\/wp-content\\\/uploads\\\/2023\\\/11\\\/faq-concept-2023-01-10-06-58-23-utc-scaled.jpg\",\"width\":2560,\"height\":1707},{\"@type\":\"BreadcrumbList\",\"@id\":\"https:\\\/\\\/xmy.ch\\\/fr\\\/faq\\\/#breadcrumb\",\"itemListElement\":[{\"@type\":\"ListItem\",\"position\":1,\"name\":\"Home\",\"item\":\"https:\\\/\\\/xmy.ch\\\/fr\\\/\"},{\"@type\":\"ListItem\",\"position\":2,\"name\":\"FAQ\"}]},{\"@type\":\"WebSite\",\"@id\":\"https:\\\/\\\/xmy.ch\\\/fr\\\/#website\",\"url\":\"https:\\\/\\\/xmy.ch\\\/fr\\\/\",\"name\":\"Xmy Sagl\",\"description\":\"\",\"publisher\":{\"@id\":\"https:\\\/\\\/xmy.ch\\\/fr\\\/#organization\"},\"potentialAction\":[{\"@type\":\"SearchAction\",\"target\":{\"@type\":\"EntryPoint\",\"urlTemplate\":\"https:\\\/\\\/xmy.ch\\\/fr\\\/?s={search_term_string}\"},\"query-input\":{\"@type\":\"PropertyValueSpecification\",\"valueRequired\":true,\"valueName\":\"search_term_string\"}}],\"inLanguage\":\"fr-FR\"},{\"@type\":\"Organization\",\"@id\":\"https:\\\/\\\/xmy.ch\\\/fr\\\/#organization\",\"name\":\"Xmy Sagl\",\"url\":\"https:\\\/\\\/xmy.ch\\\/fr\\\/\",\"logo\":{\"@type\":\"ImageObject\",\"inLanguage\":\"fr-FR\",\"@id\":\"https:\\\/\\\/xmy.ch\\\/fr\\\/#\\\/schema\\\/logo\\\/image\\\/\",\"url\":\"https:\\\/\\\/xmy.ch\\\/wp-content\\\/uploads\\\/2024\\\/02\\\/XMY_UNI_B.webp\",\"contentUrl\":\"https:\\\/\\\/xmy.ch\\\/wp-content\\\/uploads\\\/2024\\\/02\\\/XMY_UNI_B.webp\",\"width\":1459,\"height\":421,\"caption\":\"Xmy Sagl\"},\"image\":{\"@id\":\"https:\\\/\\\/xmy.ch\\\/fr\\\/#\\\/schema\\\/logo\\\/image\\\/\"},\"sameAs\":[\"https:\\\/\\\/www.facebook.com\\\/xmy.sagl\",\"https:\\\/\\\/www.instagram.com\\\/xmy.sagl\\\/\"]}]}<\/script>\n<!-- \/ Yoast SEO Premium plugin. -->","yoast_head_json":{"title":"FAQ - Xmy Sagl","robots":{"index":"index","follow":"follow","max-snippet":"max-snippet:-1","max-image-preview":"max-image-preview:large","max-video-preview":"max-video-preview:-1"},"canonical":"https:\/\/xmy.ch\/fr\/faq\/","og_locale":"fr_FR","og_type":"article","og_title":"FAQ","og_description":"Achats Si je ne trouve pas un produit dans le Shop ? Vous pouvez le rechercher en parcourant les cat\u00e9gories ou en entrant le nom du produit en cliquant sur&hellip;","og_url":"https:\/\/xmy.ch\/fr\/faq\/","og_site_name":"Xmy Sagl","article_publisher":"https:\/\/www.facebook.com\/xmy.sagl","article_modified_time":"2024-02-27T01:02:50+00:00","og_image":[{"width":2560,"height":1707,"url":"https:\/\/xmy.ch\/wp-content\/uploads\/2023\/11\/faq-concept-2023-01-10-06-58-23-utc-scaled.jpg","type":"image\/jpeg"}],"twitter_card":"summary_large_image","twitter_misc":{"Dur\u00e9e de lecture estim\u00e9e":"1 minute"},"schema":{"@context":"https:\/\/schema.org","@graph":[{"@type":"WebPage","@id":"https:\/\/xmy.ch\/fr\/faq\/","url":"https:\/\/xmy.ch\/fr\/faq\/","name":"FAQ - Xmy Sagl","isPartOf":{"@id":"https:\/\/xmy.ch\/fr\/#website"},"primaryImageOfPage":{"@id":"https:\/\/xmy.ch\/fr\/faq\/#primaryimage"},"image":{"@id":"https:\/\/xmy.ch\/fr\/faq\/#primaryimage"},"thumbnailUrl":"https:\/\/xmy.ch\/wp-content\/uploads\/2023\/11\/faq-concept-2023-01-10-06-58-23-utc-scaled.jpg","datePublished":"2018-08-30T07:43:44+00:00","dateModified":"2024-02-27T01:02:50+00:00","breadcrumb":{"@id":"https:\/\/xmy.ch\/fr\/faq\/#breadcrumb"},"inLanguage":"fr-FR","potentialAction":[{"@type":"ReadAction","target":["https:\/\/xmy.ch\/fr\/faq\/"]}]},{"@type":"ImageObject","inLanguage":"fr-FR","@id":"https:\/\/xmy.ch\/fr\/faq\/#primaryimage","url":"https:\/\/xmy.ch\/wp-content\/uploads\/2023\/11\/faq-concept-2023-01-10-06-58-23-utc-scaled.jpg","contentUrl":"https:\/\/xmy.ch\/wp-content\/uploads\/2023\/11\/faq-concept-2023-01-10-06-58-23-utc-scaled.jpg","width":2560,"height":1707},{"@type":"BreadcrumbList","@id":"https:\/\/xmy.ch\/fr\/faq\/#breadcrumb","itemListElement":[{"@type":"ListItem","position":1,"name":"Home","item":"https:\/\/xmy.ch\/fr\/"},{"@type":"ListItem","position":2,"name":"FAQ"}]},{"@type":"WebSite","@id":"https:\/\/xmy.ch\/fr\/#website","url":"https:\/\/xmy.ch\/fr\/","name":"Xmy Sagl","description":"","publisher":{"@id":"https:\/\/xmy.ch\/fr\/#organization"},"potentialAction":[{"@type":"SearchAction","target":{"@type":"EntryPoint","urlTemplate":"https:\/\/xmy.ch\/fr\/?s={search_term_string}"},"query-input":{"@type":"PropertyValueSpecification","valueRequired":true,"valueName":"search_term_string"}}],"inLanguage":"fr-FR"},{"@type":"Organization","@id":"https:\/\/xmy.ch\/fr\/#organization","name":"Xmy Sagl","url":"https:\/\/xmy.ch\/fr\/","logo":{"@type":"ImageObject","inLanguage":"fr-FR","@id":"https:\/\/xmy.ch\/fr\/#\/schema\/logo\/image\/","url":"https:\/\/xmy.ch\/wp-content\/uploads\/2024\/02\/XMY_UNI_B.webp","contentUrl":"https:\/\/xmy.ch\/wp-content\/uploads\/2024\/02\/XMY_UNI_B.webp","width":1459,"height":421,"caption":"Xmy Sagl"},"image":{"@id":"https:\/\/xmy.ch\/fr\/#\/schema\/logo\/image\/"},"sameAs":["https:\/\/www.facebook.com\/xmy.sagl","https:\/\/www.instagram.com\/xmy.sagl\/"]}]}},"_links":{"self":[{"href":"https:\/\/xmy.ch\/fr\/wp-json\/wp\/v2\/pages\/5489","targetHints":{"allow":["GET"]}}],"collection":[{"href":"https:\/\/xmy.ch\/fr\/wp-json\/wp\/v2\/pages"}],"about":[{"href":"https:\/\/xmy.ch\/fr\/wp-json\/wp\/v2\/types\/page"}],"author":[{"embeddable":true,"href":"https:\/\/xmy.ch\/fr\/wp-json\/wp\/v2\/users\/1"}],"replies":[{"embeddable":true,"href":"https:\/\/xmy.ch\/fr\/wp-json\/wp\/v2\/comments?post=5489"}],"version-history":[{"count":0,"href":"https:\/\/xmy.ch\/fr\/wp-json\/wp\/v2\/pages\/5489\/revisions"}],"wp:featuredmedia":[{"embeddable":true,"href":"https:\/\/xmy.ch\/fr\/wp-json\/wp\/v2\/media\/5368"}],"wp:attachment":[{"href":"https:\/\/xmy.ch\/fr\/wp-json\/wp\/v2\/media?parent=5489"}],"curies":[{"name":"wp","href":"https:\/\/api.w.org\/{rel}","templated":true}]}}