{"id":5398,"date":"2023-10-02T22:18:32","date_gmt":"2023-10-02T20:18:32","guid":{"rendered":"https:\/\/xmy.ch\/politique-de-confidentialite\/"},"modified":"2024-02-27T02:00:20","modified_gmt":"2024-02-27T01:00:20","slug":"politique-de-confidentialite","status":"publish","type":"page","link":"https:\/\/xmy.ch\/fr\/politique-de-confidentialite\/","title":{"rendered":"Politique de confidentialit\u00e9"},"content":{"rendered":"\n<p>Politique de confidentialit\u00e9<br\/>Derni\u00e8re mise \u00e0 jour 08-Nov-2023<br\/>Date d&rsquo;entr\u00e9e en vigueur 08-Nov-2023<\/p>\n\n<p>Cette politique de confidentialit\u00e9 d\u00e9crit les politiques de Xmy Sagl, Via Pra Proed 1, San Vittore 6534, Suisse, e-mail : keforma.ch@gmail.com, t\u00e9l\u00e9phone : +41765885081 concernant la collecte, l&rsquo;utilisation et la divulgation des informations d&rsquo;utilisateur qui sont collect\u00e9es lorsque vous utilisez notre site web ( https:\/\/xmy.dipetto.ch ). (le \u00ab\u00a0Service\u00a0\u00bb). En acc\u00e9dant au service ou en l&rsquo;utilisant, vous consentez \u00e0 la collecte, \u00e0 l&rsquo;utilisation et \u00e0 la divulgation de vos informations conform\u00e9ment \u00e0 la pr\u00e9sente politique de confidentialit\u00e9. Si vous n&rsquo;\u00eates pas d&rsquo;accord avec cela, veuillez ne pas acc\u00e9der au service ni l&rsquo;utiliser.<br\/>Nous pouvons modifier la pr\u00e9sente politique de confidentialit\u00e9 \u00e0 tout moment sans pr\u00e9avis et nous publierons la politique de confidentialit\u00e9 r\u00e9vis\u00e9e sur le service. La politique modifi\u00e9e entre en vigueur 180 jours apr\u00e8s sa publication sur le service, et le fait de continuer \u00e0 acc\u00e9der au service ou \u00e0 l&rsquo;utiliser apr\u00e8s cette date vaut acceptation de la politique modifi\u00e9e. Il est donc conseill\u00e9 de consulter r\u00e9guli\u00e8rement cette page.<\/p>\n\n<h3 class=\"wp-block-heading\">Informations recueillies :<\/h3>\n\n<p>Nous collecterons et traiterons les informations personnelles suivantes vous concernant :<\/p>\n\n<ul class=\"wp-block-list\">\n<li>Nom et pr\u00e9nom<\/li>\n\n\n\n<li>Adresse \u00e9lectronique<\/li>\n\n\n\n<li>T\u00e9l\u00e9phone portable<\/li>\n\n\n\n<li>Date de naissance<\/li>\n\n\n\n<li>Adresse<\/li>\n<\/ul>\n\n<h3 class=\"wp-block-heading\">Comment nous recueillons vos informations :<\/h3>\n\n<p>Nous collectons\/recevons des informations sur l&rsquo;utilisateur de la mani\u00e8re suivante :<\/p>\n\n<ul class=\"wp-block-list\">\n<li>lorsque l&rsquo;utilisateur remplit le formulaire d&rsquo;inscription ou soumet d&rsquo;une autre mani\u00e8re des informations personnelles<\/li>\n\n\n\n<li>interagit avec le site web<\/li>\n\n\n\n<li>A partir de sources publiques<\/li>\n<\/ul>\n\n<h3 class=\"wp-block-heading\">Comment nous utilisons vos informations :<\/h3>\n\n<p>Nous utiliserons les informations que nous recueillons \u00e0 votre sujet aux fins suivantes :<\/p>\n\n<ul class=\"wp-block-list\">\n<li>Marketing\/Promotion<\/li>\n\n\n\n<li>Cr\u00e9ation d&rsquo;un compte utilisateur<\/li>\n\n\n\n<li>Traitement des paiements<\/li>\n\n\n\n<li>Assistance<\/li>\n\n\n\n<li>Informations administratives<\/li>\n\n\n\n<li>Publicit\u00e9 cibl\u00e9e<\/li>\n\n\n\n<li>Gestion des commandes des clients<\/li>\n\n\n\n<li>Commentaires d&rsquo;utilisateur \u00e0 utilisateur<\/li>\n\n\n\n<li>Gestion des comptes d&rsquo;utilisateurs<\/li>\n\n\n\n<li>Si nous souhaitons utiliser vos informations \u00e0 d&rsquo;autres fins, nous vous demanderons votre consentement et nous n&rsquo;utiliserons vos informations qu&rsquo;apr\u00e8s avoir re\u00e7u votre consentement et uniquement aux fins pour lesquelles nous avons donn\u00e9 notre consentement, \u00e0 moins que la loi ne nous oblige \u00e0 faire autrement.<\/li>\n<\/ul>\n\n<h3 class=\"wp-block-heading\">Comment nous partageons vos informations :<\/h3>\n\n<p>Nous ne transmettrons pas vos informations personnelles \u00e0 des tiers sans vous demander votre consentement, sauf dans les cas limit\u00e9s d\u00e9crits ci-dessous :<\/p>\n\n<ul class=\"wp-block-list\">\n<li>Service de publicit\u00e9<\/li>\n\n\n\n<li>Analyse<\/li>\n<\/ul>\n\n<p>Nous exigeons de ces tiers qu&rsquo;ils n&rsquo;utilisent les informations personnelles que nous leur transf\u00e9rons qu&rsquo;aux fins pour lesquelles elles ont \u00e9t\u00e9 transf\u00e9r\u00e9es et qu&rsquo;ils ne les conservent pas plus longtemps qu&rsquo;il n&rsquo;est n\u00e9cessaire pour atteindre ces fins.<br\/>Nous pouvons \u00e9galement divulguer vos informations personnelles dans les cas suivants : (1) pour nous conformer aux lois, r\u00e8glements, ordonnances judiciaires ou autres proc\u00e9dures l\u00e9gales ; (2) pour faire respecter les contrats que vous avez conclus avec nous, y compris la pr\u00e9sente politique de confidentialit\u00e9 ; ou (3) pour r\u00e9pondre \u00e0 des plaintes selon lesquelles votre utilisation du service viole les droits de tiers. Si le service ou notre soci\u00e9t\u00e9 est fusionn\u00e9 ou acquis par une autre soci\u00e9t\u00e9, vos informations feront partie des actifs transf\u00e9r\u00e9s au nouveau propri\u00e9taire.<\/p>\n\n<h3 class=\"wp-block-heading\">Conservation des informations relatives aux utilisateurs :<\/h3>\n\n<p>Nous conserverons vos informations personnelles entre 90 jours et 2 ans apr\u00e8s la cl\u00f4ture de votre compte ou aussi longtemps que n\u00e9cessaire pour atteindre les objectifs pour lesquels elles ont \u00e9t\u00e9 collect\u00e9es, comme sp\u00e9cifi\u00e9 dans la pr\u00e9sente politique de confidentialit\u00e9. Il se peut que nous devions conserver certaines informations pendant des p\u00e9riodes plus longues, par exemple pour la conservation des donn\u00e9es\/les relations conform\u00e9ment \u00e0 la l\u00e9gislation applicable ou pour d&rsquo;autres raisons l\u00e9gitimes telles que l&rsquo;application des droits l\u00e9gaux, la pr\u00e9vention de la fraude, etc. Les informations r\u00e9siduelles anonymes et agr\u00e9g\u00e9es, qui ne vous identifient pas (directement ou indirectement), peuvent \u00eatre conserv\u00e9es ind\u00e9finiment.<\/p>\n\n<h3 class=\"wp-block-heading\">Vos droits :<\/h3>\n\n<p>Selon le droit applicable, vous pouvez avoir le droit d&rsquo;acc\u00e9der \u00e0 vos donn\u00e9es \u00e0 caract\u00e8re personnel, de les rectifier ou de les effacer ou d&rsquo;en recevoir une copie, de restreindre le traitement actif de vos donn\u00e9es ou de vous y opposer, de nous demander de partager (transf\u00e9rer) vos donn\u00e9es \u00e0 caract\u00e8re personnel avec une autre entit\u00e9, de r\u00e9voquer votre consentement au traitement de vos donn\u00e9es, de d\u00e9poser une plainte aupr\u00e8s d&rsquo;une autorit\u00e9 l\u00e9gale et d&rsquo;exercer tout autre droit pr\u00e9vu par les lois applicables. Pour exercer ces droits, vous pouvez nous \u00e9crire \u00e0 keforma.ch@gmail.com. Nous r\u00e9pondrons \u00e0 votre demande conform\u00e9ment \u00e0 la l\u00e9gislation applicable.<br\/>Vous pouvez refuser les communications de marketing direct ou le profilage \u00e0 des fins de marketing en nous \u00e9crivant \u00e0 l&rsquo;adresse keforma.ch@gmail.com.<br\/>Veuillez noter que si vous ne nous autorisez pas \u00e0 collecter ou \u00e0 traiter les informations personnelles demand\u00e9es, ou si vous retirez votre consentement au traitement de ces informations aux fins demand\u00e9es, il se peut que vous ne puissiez pas acc\u00e9der ou utiliser les services pour lesquels vous avez demand\u00e9 ces informations.<\/p>\n\n<h3 class=\"wp-block-heading\">Cookies, etc.<\/h3>\n\n<p>Pour en savoir plus sur la mani\u00e8re dont nous utilisons ces technologies de suivi et sur les choix qui s&rsquo;offrent \u00e0 vous, veuillez consulter notre politique en mati\u00e8re de cookies.<\/p>\n\n<h3 class=\"wp-block-heading\">La s\u00e9curit\u00e9 :<\/h3>\n\n<p>La s\u00e9curit\u00e9 de vos informations est importante pour nous et nous utiliserons des mesures de s\u00e9curit\u00e9 raisonnables pour emp\u00eacher la perte, l&rsquo;utilisation abusive ou la modification non autoris\u00e9e de vos informations sous notre contr\u00f4le. Toutefois, compte tenu des risques inh\u00e9rents, nous ne pouvons pas garantir une s\u00e9curit\u00e9 absolue et, par cons\u00e9quent, nous ne pouvons pas assurer ou garantir la s\u00e9curit\u00e9 des informations que vous nous transmettez, et vous le faites \u00e0 vos propres risques.<\/p>\n\n<h3 class=\"wp-block-heading\">Liens avec des tiers et utilisation de vos informations :<\/h3>\n\n<p>Notre service peut contenir des liens vers d&rsquo;autres sites web qui ne sont pas exploit\u00e9s par nous. La pr\u00e9sente politique de confidentialit\u00e9 ne couvre pas les politiques de confidentialit\u00e9 et autres pratiques des tiers, y compris des tiers qui exploitent des sites web ou des services accessibles par un lien sur le service. Nous conseillons vivement \u00e0 l&rsquo;utilisateur de lire la politique de confidentialit\u00e9 de chaque site visit\u00e9. Nous n&rsquo;avons aucun contr\u00f4le sur le contenu, les politiques de confidentialit\u00e9 ou les pratiques des sites ou services de tiers et n&rsquo;assumons aucune responsabilit\u00e9 \u00e0 cet \u00e9gard.<\/p>\n\n<h3 class=\"wp-block-heading\">Responsable des plaintes et de la protection des donn\u00e9es :<\/h3>\n\n<p>Si vous avez des questions ou des pr\u00e9occupations concernant le traitement de vos informations avec nous, vous pouvez envoyer un e-mail \u00e0 notre responsable de la protection des donn\u00e9es \u00e0 Xmy Sagl, Via Pra Proed 1, San Vittore 6534, Suisse, e-mail : keforma.ch@gmail.com. Nous traiterons vos pr\u00e9occupations conform\u00e9ment \u00e0 la l\u00e9gislation applicable.<\/p>\n\n<p>Politique de confidentialit\u00e9 g\u00e9n\u00e9r\u00e9e avec CookieYes.<\/p>\n","protected":false},"excerpt":{"rendered":"<p>Politique de confidentialit\u00e9Derni\u00e8re mise \u00e0 jour 08-Nov-2023Date d&rsquo;entr\u00e9e en vigueur 08-Nov-2023 Cette politique de confidentialit\u00e9 d\u00e9crit les politiques de Xmy Sagl, Via Pra Proed 1, San Vittore 6534, Suisse, e-mail&hellip;<\/p>\n","protected":false},"author":1,"featured_media":0,"parent":0,"menu_order":0,"comment_status":"closed","ping_status":"closed","template":"","meta":{"footnotes":""},"class_list":["post-5398","page","type-page","status-publish","hentry"],"yoast_head":"<!-- This site is optimized with the Yoast SEO Premium plugin v27.5 (Yoast SEO v27.5) - https:\/\/yoast.com\/product\/yoast-seo-premium-wordpress\/ -->\n<title>Politique de confidentialit\u00e9 - Xmy Sagl<\/title>\n<meta name=\"robots\" content=\"index, follow, max-snippet:-1, max-image-preview:large, max-video-preview:-1\" \/>\n<link rel=\"canonical\" href=\"https:\/\/xmy.ch\/fr\/politique-de-confidentialite\/\" \/>\n<meta property=\"og:locale\" content=\"fr_FR\" \/>\n<meta property=\"og:type\" content=\"article\" \/>\n<meta property=\"og:title\" content=\"Politique de confidentialit\u00e9\" \/>\n<meta property=\"og:description\" content=\"Politique de confidentialit\u00e9Derni\u00e8re mise \u00e0 jour 08-Nov-2023Date d&rsquo;entr\u00e9e en vigueur 08-Nov-2023 Cette politique de confidentialit\u00e9 d\u00e9crit les politiques de Xmy Sagl, Via Pra Proed 1, San Vittore 6534, Suisse, e-mail&hellip;\" \/>\n<meta property=\"og:url\" content=\"https:\/\/xmy.ch\/fr\/politique-de-confidentialite\/\" \/>\n<meta property=\"og:site_name\" content=\"Xmy Sagl\" \/>\n<meta property=\"article:publisher\" content=\"https:\/\/www.facebook.com\/xmy.sagl\" \/>\n<meta property=\"article:modified_time\" content=\"2024-02-27T01:00:20+00:00\" \/>\n<meta name=\"twitter:card\" content=\"summary_large_image\" \/>\n<meta name=\"twitter:label1\" content=\"Dur\u00e9e de lecture estim\u00e9e\" \/>\n\t<meta name=\"twitter:data1\" content=\"6 minutes\" \/>\n<script type=\"application\/ld+json\" class=\"yoast-schema-graph\">{\"@context\":\"https:\\\/\\\/schema.org\",\"@graph\":[{\"@type\":\"WebPage\",\"@id\":\"https:\\\/\\\/xmy.ch\\\/fr\\\/politique-de-confidentialite\\\/\",\"url\":\"https:\\\/\\\/xmy.ch\\\/fr\\\/politique-de-confidentialite\\\/\",\"name\":\"Politique de confidentialit\u00e9 - Xmy Sagl\",\"isPartOf\":{\"@id\":\"https:\\\/\\\/xmy.ch\\\/fr\\\/#website\"},\"datePublished\":\"2023-10-02T20:18:32+00:00\",\"dateModified\":\"2024-02-27T01:00:20+00:00\",\"breadcrumb\":{\"@id\":\"https:\\\/\\\/xmy.ch\\\/fr\\\/politique-de-confidentialite\\\/#breadcrumb\"},\"inLanguage\":\"fr-FR\",\"potentialAction\":[{\"@type\":\"ReadAction\",\"target\":[\"https:\\\/\\\/xmy.ch\\\/fr\\\/politique-de-confidentialite\\\/\"]}]},{\"@type\":\"BreadcrumbList\",\"@id\":\"https:\\\/\\\/xmy.ch\\\/fr\\\/politique-de-confidentialite\\\/#breadcrumb\",\"itemListElement\":[{\"@type\":\"ListItem\",\"position\":1,\"name\":\"Home\",\"item\":\"https:\\\/\\\/xmy.ch\\\/fr\\\/\"},{\"@type\":\"ListItem\",\"position\":2,\"name\":\"Politique de confidentialit\u00e9\"}]},{\"@type\":\"WebSite\",\"@id\":\"https:\\\/\\\/xmy.ch\\\/fr\\\/#website\",\"url\":\"https:\\\/\\\/xmy.ch\\\/fr\\\/\",\"name\":\"Xmy Sagl\",\"description\":\"\",\"publisher\":{\"@id\":\"https:\\\/\\\/xmy.ch\\\/fr\\\/#organization\"},\"potentialAction\":[{\"@type\":\"SearchAction\",\"target\":{\"@type\":\"EntryPoint\",\"urlTemplate\":\"https:\\\/\\\/xmy.ch\\\/fr\\\/?s={search_term_string}\"},\"query-input\":{\"@type\":\"PropertyValueSpecification\",\"valueRequired\":true,\"valueName\":\"search_term_string\"}}],\"inLanguage\":\"fr-FR\"},{\"@type\":\"Organization\",\"@id\":\"https:\\\/\\\/xmy.ch\\\/fr\\\/#organization\",\"name\":\"Xmy Sagl\",\"url\":\"https:\\\/\\\/xmy.ch\\\/fr\\\/\",\"logo\":{\"@type\":\"ImageObject\",\"inLanguage\":\"fr-FR\",\"@id\":\"https:\\\/\\\/xmy.ch\\\/fr\\\/#\\\/schema\\\/logo\\\/image\\\/\",\"url\":\"https:\\\/\\\/xmy.ch\\\/wp-content\\\/uploads\\\/2024\\\/02\\\/XMY_UNI_B.webp\",\"contentUrl\":\"https:\\\/\\\/xmy.ch\\\/wp-content\\\/uploads\\\/2024\\\/02\\\/XMY_UNI_B.webp\",\"width\":1459,\"height\":421,\"caption\":\"Xmy Sagl\"},\"image\":{\"@id\":\"https:\\\/\\\/xmy.ch\\\/fr\\\/#\\\/schema\\\/logo\\\/image\\\/\"},\"sameAs\":[\"https:\\\/\\\/www.facebook.com\\\/xmy.sagl\",\"https:\\\/\\\/www.instagram.com\\\/xmy.sagl\\\/\"]}]}<\/script>\n<!-- \/ Yoast SEO Premium plugin. -->","yoast_head_json":{"title":"Politique de confidentialit\u00e9 - Xmy Sagl","robots":{"index":"index","follow":"follow","max-snippet":"max-snippet:-1","max-image-preview":"max-image-preview:large","max-video-preview":"max-video-preview:-1"},"canonical":"https:\/\/xmy.ch\/fr\/politique-de-confidentialite\/","og_locale":"fr_FR","og_type":"article","og_title":"Politique de confidentialit\u00e9","og_description":"Politique de confidentialit\u00e9Derni\u00e8re mise \u00e0 jour 08-Nov-2023Date d&rsquo;entr\u00e9e en vigueur 08-Nov-2023 Cette politique de confidentialit\u00e9 d\u00e9crit les politiques de Xmy Sagl, Via Pra Proed 1, San Vittore 6534, Suisse, e-mail&hellip;","og_url":"https:\/\/xmy.ch\/fr\/politique-de-confidentialite\/","og_site_name":"Xmy Sagl","article_publisher":"https:\/\/www.facebook.com\/xmy.sagl","article_modified_time":"2024-02-27T01:00:20+00:00","twitter_card":"summary_large_image","twitter_misc":{"Dur\u00e9e de lecture estim\u00e9e":"6 minutes"},"schema":{"@context":"https:\/\/schema.org","@graph":[{"@type":"WebPage","@id":"https:\/\/xmy.ch\/fr\/politique-de-confidentialite\/","url":"https:\/\/xmy.ch\/fr\/politique-de-confidentialite\/","name":"Politique de confidentialit\u00e9 - Xmy Sagl","isPartOf":{"@id":"https:\/\/xmy.ch\/fr\/#website"},"datePublished":"2023-10-02T20:18:32+00:00","dateModified":"2024-02-27T01:00:20+00:00","breadcrumb":{"@id":"https:\/\/xmy.ch\/fr\/politique-de-confidentialite\/#breadcrumb"},"inLanguage":"fr-FR","potentialAction":[{"@type":"ReadAction","target":["https:\/\/xmy.ch\/fr\/politique-de-confidentialite\/"]}]},{"@type":"BreadcrumbList","@id":"https:\/\/xmy.ch\/fr\/politique-de-confidentialite\/#breadcrumb","itemListElement":[{"@type":"ListItem","position":1,"name":"Home","item":"https:\/\/xmy.ch\/fr\/"},{"@type":"ListItem","position":2,"name":"Politique de confidentialit\u00e9"}]},{"@type":"WebSite","@id":"https:\/\/xmy.ch\/fr\/#website","url":"https:\/\/xmy.ch\/fr\/","name":"Xmy Sagl","description":"","publisher":{"@id":"https:\/\/xmy.ch\/fr\/#organization"},"potentialAction":[{"@type":"SearchAction","target":{"@type":"EntryPoint","urlTemplate":"https:\/\/xmy.ch\/fr\/?s={search_term_string}"},"query-input":{"@type":"PropertyValueSpecification","valueRequired":true,"valueName":"search_term_string"}}],"inLanguage":"fr-FR"},{"@type":"Organization","@id":"https:\/\/xmy.ch\/fr\/#organization","name":"Xmy Sagl","url":"https:\/\/xmy.ch\/fr\/","logo":{"@type":"ImageObject","inLanguage":"fr-FR","@id":"https:\/\/xmy.ch\/fr\/#\/schema\/logo\/image\/","url":"https:\/\/xmy.ch\/wp-content\/uploads\/2024\/02\/XMY_UNI_B.webp","contentUrl":"https:\/\/xmy.ch\/wp-content\/uploads\/2024\/02\/XMY_UNI_B.webp","width":1459,"height":421,"caption":"Xmy Sagl"},"image":{"@id":"https:\/\/xmy.ch\/fr\/#\/schema\/logo\/image\/"},"sameAs":["https:\/\/www.facebook.com\/xmy.sagl","https:\/\/www.instagram.com\/xmy.sagl\/"]}]}},"_links":{"self":[{"href":"https:\/\/xmy.ch\/fr\/wp-json\/wp\/v2\/pages\/5398","targetHints":{"allow":["GET"]}}],"collection":[{"href":"https:\/\/xmy.ch\/fr\/wp-json\/wp\/v2\/pages"}],"about":[{"href":"https:\/\/xmy.ch\/fr\/wp-json\/wp\/v2\/types\/page"}],"author":[{"embeddable":true,"href":"https:\/\/xmy.ch\/fr\/wp-json\/wp\/v2\/users\/1"}],"replies":[{"embeddable":true,"href":"https:\/\/xmy.ch\/fr\/wp-json\/wp\/v2\/comments?post=5398"}],"version-history":[{"count":0,"href":"https:\/\/xmy.ch\/fr\/wp-json\/wp\/v2\/pages\/5398\/revisions"}],"wp:attachment":[{"href":"https:\/\/xmy.ch\/fr\/wp-json\/wp\/v2\/media?parent=5398"}],"curies":[{"name":"wp","href":"https:\/\/api.w.org\/{rel}","templated":true}]}}