{"id":6883,"date":"2023-11-06T08:59:12","date_gmt":"2023-11-06T07:59:12","guid":{"rendered":"https:\/\/xmy.ch\/prodotto\/pro-racing-socken-v4-0-laufen-hoch-stimmung-indigo-magenta\/"},"modified":"2023-11-06T08:59:12","modified_gmt":"2023-11-06T07:59:12","slug":"pro-racing-socken-v4-0-laufen-hoch-stimmung-indigo-magenta","status":"publish","type":"product","link":"https:\/\/xmy.ch\/de\/prodotto\/pro-racing-socken-v4-0-laufen-hoch-stimmung-indigo-magenta\/","title":{"rendered":"Pro Racing Socken V4.0 laufen hoch &#8211; Stimmung Indigo\/Magenta"},"content":{"rendered":"<p>Performance-Laufsocken der neuen Generation f\u00fcr \u00fcberragenden Komfort, Blasenschutz und optimale Bel\u00fcftung bei all Ihren L\u00e4ufen.<\/p>\n<p>Die Leistung entwickelt sich weiter. Das gilt auch f\u00fcr die Laufsocken. F\u00fcr die neueste Generation unserer meistverkauften Pro Racing Socks Run haben wir Compressport-L\u00e4ufer gebeten, uns genau zu sagen, was sie bevorzugen, was sie brauchen und was sie wollen. Das Ergebnis ist eine Laufsocke, die speziell entwickelt wurde, um optimale Bel\u00fcftung und Schutz vor Blasen zu bieten, wenn Sie auf dem Weg zu Ihrer n\u00e4chsten pers\u00f6nlichen Bestleistung sind. Das leichte und bel\u00fcftete technische Gewebe leitet Feuchtigkeit schnell ab und sorgt f\u00fcr k\u00fchle und trockene F\u00fc\u00dfe, selbst unter den hei\u00dfesten Bedingungen. Die neue, breitere Zehenbox bietet eine ergonomischere Passform und eine verbesserte Propriozeption f\u00fcr intuitiven Zehenhalt beim Aufprall auf den Boden und einen weichen, nat\u00fcrlichen Schritt. Das leichte Mesh im Kn\u00f6chelbereich sorgt f\u00fcr gezielten Halt beim Beschleunigen des Tempos, w\u00e4hrend die Schwammpolsterung am gro\u00dfen Zeh bei l\u00e4ngeren L\u00e4ufen vor dem N\u00e4gelkauen sch\u00fctzt. Die Unterst\u00fctzung des Mittelfu\u00dfes f\u00f6rdert die Mikrozirkulation und verhindert die Verdrehung des Gewebes und die Bildung von Falten, wodurch Reizungen und das Auftreten schmerzhafter Blasen vermieden werden. An der Achillessehne sorgen zwei Reihen von 3D-N\u00e4hten f\u00fcr zus\u00e4tzlichen Schutz und Halt und umgeben einen brandneuen Satz flacher N\u00e4hte f\u00fcr bessere Bel\u00fcftung. Auf der Fu\u00dfsohle d\u00e4mpft ein Muster aus 3D-Punkten (75 %) und flachen Punkten (25 %) den Aufprall, indem es den Grip und die Bel\u00fcftung verbessert und eine leichte Mikrostimulation erm\u00f6glicht, die den ven\u00f6sen R\u00fcckfluss f\u00f6rdert und die Erm\u00fcdung bei zunehmenden Kilometern verz\u00f6gert. Die Socke ist k\u00fcrzer als eine Trail- oder Radsocke und bietet eine Passform und Technologie, die speziell f\u00fcr die Anforderungen des Stra\u00dfenlaufs entwickelt wurde. Ein ergonomischer Riemen am R\u00fccken sorgt f\u00fcr Komfort und Stil, und falls Sie einmal vergessen sollten, welcher T\u00e4tigkeit Sie nachgehen wollen, wenn Sie das Haus verlassen, ist die Disziplin diskret auf der Innenseite eingestickt. Das schnittige Design dieser Hightech-Socke steht ganz im Einklang mit unserer Performance-DNA, und alles, was Sie noch tun m\u00fcssen, ist, die Stra\u00dfe mit Geschwindigkeit, Komfort und Klasse zu bew\u00e4ltigen.<\/p>\n<p>95% Polyamid 5% Elastan<\/p>\n<p><img decoding=\"async\" class=\"w-50 my-2\" src=\"https:\/\/www.compressport.com\/ch\/img\/prods_entretien.png\"><\/p>\n","protected":false},"excerpt":{"rendered":"<p>Performance-Laufsocken der neuen Generation f\u00fcr \u00fcberragenden Komfort, Blasenschutz und optimale Bel\u00fcftung bei all Ihren L\u00e4ufen.<\/p>\n","protected":false},"featured_media":4515,"comment_status":"open","ping_status":"closed","template":"","meta":[],"product_brand":[],"product_cat":[290],"product_tag":[271,272],"class_list":{"0":"post-6883","1":"product","2":"type-product","3":"status-publish","4":"has-post-thumbnail","6":"product_cat-socken","7":"product_tag-frau","8":"product_tag-mann","10":"first","11":"instock","12":"taxable","13":"shipping-taxable","14":"purchasable","15":"product-type-variable"},"yoast_head":"<!-- This site is optimized with the Yoast SEO Premium plugin v27.5 (Yoast SEO v27.5) - https:\/\/yoast.com\/product\/yoast-seo-premium-wordpress\/ -->\n<title>Pro Racing Socken V4.0 Run High Indigo Magenta Premium<\/title>\n<meta name=\"description\" content=\"Pro Racing Socken V4.0 Run High Indigo Magenta bietet erstklassigen Komfort, Blasenschutz und optimale Bel\u00fcftung \u2013 jetzt Komfort f\u00fcr deine L\u00e4ufe sichern.\" \/>\n<meta name=\"robots\" content=\"index, follow, max-snippet:-1, max-image-preview:large, max-video-preview:-1\" \/>\n<link rel=\"canonical\" href=\"https:\/\/xmy.ch\/de\/prodotto\/pro-racing-socken-v4-0-laufen-hoch-stimmung-indigo-magenta\/\" \/>\n<meta property=\"og:locale\" content=\"de_DE\" \/>\n<meta property=\"og:type\" content=\"article\" \/>\n<meta property=\"og:title\" content=\"Pro Racing Socken V4.0 Run High Indigo Magenta Premium\" \/>\n<meta property=\"og:description\" content=\"Pro Racing Socken V4.0 entdecken und Bel\u00fcftung genie\u00dfen.\" \/>\n<meta property=\"og:url\" content=\"https:\/\/xmy.ch\/de\/prodotto\/pro-racing-socken-v4-0-laufen-hoch-stimmung-indigo-magenta\/\" \/>\n<meta property=\"og:site_name\" content=\"Xmy Sagl\" \/>\n<meta property=\"article:publisher\" content=\"https:\/\/www.facebook.com\/xmy.sagl\" \/>\n<meta property=\"og:image\" content=\"https:\/\/xmy.ch\/wp-content\/uploads\/2023\/11\/pro-racing-socks-v40-run-high-mood-indigo-magenta.webp\" \/>\n\t<meta property=\"og:image:width\" content=\"549\" \/>\n\t<meta property=\"og:image:height\" content=\"712\" \/>\n\t<meta property=\"og:image:type\" content=\"image\/webp\" \/>\n<meta name=\"twitter:card\" content=\"summary_large_image\" \/>\n<meta name=\"twitter:title\" content=\"Pro Racing Socken V4.0 Run High Indigo Magenta Premium\" \/>\n<meta name=\"twitter:description\" content=\"Pro Racing Socken V4.0 \u2013 Bel\u00fcftung und Blasenschutz. Jetzt kaufen!\" \/>\n<meta name=\"twitter:label1\" content=\"Gesch\u00e4tzte Lesezeit\" \/>\n\t<meta name=\"twitter:data1\" content=\"2 minutes\" \/>\n<script type=\"application\/ld+json\" class=\"yoast-schema-graph\">{\"@context\":\"https:\\\/\\\/schema.org\",\"@graph\":[{\"@type\":\"WebPage\",\"@id\":\"https:\\\/\\\/xmy.ch\\\/de\\\/prodotto\\\/pro-racing-socken-v4-0-laufen-hoch-stimmung-indigo-magenta\\\/\",\"url\":\"https:\\\/\\\/xmy.ch\\\/de\\\/prodotto\\\/pro-racing-socken-v4-0-laufen-hoch-stimmung-indigo-magenta\\\/\",\"name\":\"Pro Racing Socken V4.0 Run High Indigo Magenta Premium\",\"isPartOf\":{\"@id\":\"https:\\\/\\\/xmy.ch\\\/de\\\/#website\"},\"primaryImageOfPage\":{\"@id\":\"https:\\\/\\\/xmy.ch\\\/de\\\/prodotto\\\/pro-racing-socken-v4-0-laufen-hoch-stimmung-indigo-magenta\\\/#primaryimage\"},\"image\":{\"@id\":\"https:\\\/\\\/xmy.ch\\\/de\\\/prodotto\\\/pro-racing-socken-v4-0-laufen-hoch-stimmung-indigo-magenta\\\/#primaryimage\"},\"thumbnailUrl\":\"https:\\\/\\\/xmy.ch\\\/wp-content\\\/uploads\\\/2023\\\/11\\\/pro-racing-socks-v40-run-high-mood-indigo-magenta.webp\",\"datePublished\":\"2023-11-06T07:59:12+00:00\",\"description\":\"Pro Racing Socken V4.0 Run High Indigo Magenta bietet erstklassigen Komfort, Blasenschutz und optimale Bel\u00fcftung \u2013 jetzt Komfort f\u00fcr deine L\u00e4ufe sichern.\",\"breadcrumb\":{\"@id\":\"https:\\\/\\\/xmy.ch\\\/de\\\/prodotto\\\/pro-racing-socken-v4-0-laufen-hoch-stimmung-indigo-magenta\\\/#breadcrumb\"},\"inLanguage\":\"de-DE\",\"potentialAction\":[{\"@type\":\"ReadAction\",\"target\":[\"https:\\\/\\\/xmy.ch\\\/de\\\/prodotto\\\/pro-racing-socken-v4-0-laufen-hoch-stimmung-indigo-magenta\\\/\"]}]},{\"@type\":\"ImageObject\",\"inLanguage\":\"de-DE\",\"@id\":\"https:\\\/\\\/xmy.ch\\\/de\\\/prodotto\\\/pro-racing-socken-v4-0-laufen-hoch-stimmung-indigo-magenta\\\/#primaryimage\",\"url\":\"https:\\\/\\\/xmy.ch\\\/wp-content\\\/uploads\\\/2023\\\/11\\\/pro-racing-socks-v40-run-high-mood-indigo-magenta.webp\",\"contentUrl\":\"https:\\\/\\\/xmy.ch\\\/wp-content\\\/uploads\\\/2023\\\/11\\\/pro-racing-socks-v40-run-high-mood-indigo-magenta.webp\",\"width\":549,\"height\":712},{\"@type\":\"BreadcrumbList\",\"@id\":\"https:\\\/\\\/xmy.ch\\\/de\\\/prodotto\\\/pro-racing-socken-v4-0-laufen-hoch-stimmung-indigo-magenta\\\/#breadcrumb\",\"itemListElement\":[{\"@type\":\"ListItem\",\"position\":1,\"name\":\"Home\",\"item\":\"https:\\\/\\\/xmy.ch\\\/de\\\/\"},{\"@type\":\"ListItem\",\"position\":2,\"name\":\"Shop\",\"item\":\"https:\\\/\\\/xmy.ch\\\/de\\\/shop-2\\\/\"},{\"@type\":\"ListItem\",\"position\":3,\"name\":\"Pro Racing Socken V4.0 laufen hoch &#8211; Stimmung Indigo\\\/Magenta\"}]},{\"@type\":\"WebSite\",\"@id\":\"https:\\\/\\\/xmy.ch\\\/de\\\/#website\",\"url\":\"https:\\\/\\\/xmy.ch\\\/de\\\/\",\"name\":\"Xmy Sagl\",\"description\":\"\",\"publisher\":{\"@id\":\"https:\\\/\\\/xmy.ch\\\/de\\\/#organization\"},\"potentialAction\":[{\"@type\":\"SearchAction\",\"target\":{\"@type\":\"EntryPoint\",\"urlTemplate\":\"https:\\\/\\\/xmy.ch\\\/de\\\/?s={search_term_string}\"},\"query-input\":{\"@type\":\"PropertyValueSpecification\",\"valueRequired\":true,\"valueName\":\"search_term_string\"}}],\"inLanguage\":\"de-DE\"},{\"@type\":\"Organization\",\"@id\":\"https:\\\/\\\/xmy.ch\\\/de\\\/#organization\",\"name\":\"Xmy Sagl\",\"url\":\"https:\\\/\\\/xmy.ch\\\/de\\\/\",\"logo\":{\"@type\":\"ImageObject\",\"inLanguage\":\"de-DE\",\"@id\":\"https:\\\/\\\/xmy.ch\\\/de\\\/#\\\/schema\\\/logo\\\/image\\\/\",\"url\":\"https:\\\/\\\/xmy.ch\\\/wp-content\\\/uploads\\\/2024\\\/02\\\/XMY_UNI_B.webp\",\"contentUrl\":\"https:\\\/\\\/xmy.ch\\\/wp-content\\\/uploads\\\/2024\\\/02\\\/XMY_UNI_B.webp\",\"width\":1459,\"height\":421,\"caption\":\"Xmy Sagl\"},\"image\":{\"@id\":\"https:\\\/\\\/xmy.ch\\\/de\\\/#\\\/schema\\\/logo\\\/image\\\/\"},\"sameAs\":[\"https:\\\/\\\/www.facebook.com\\\/xmy.sagl\",\"https:\\\/\\\/www.instagram.com\\\/xmy.sagl\\\/\"]}]}<\/script>\n<!-- \/ Yoast SEO Premium plugin. -->","yoast_head_json":{"title":"Pro Racing Socken V4.0 Run High Indigo Magenta Premium","description":"Pro Racing Socken V4.0 Run High Indigo Magenta bietet erstklassigen Komfort, Blasenschutz und optimale Bel\u00fcftung \u2013 jetzt Komfort f\u00fcr deine L\u00e4ufe sichern.","robots":{"index":"index","follow":"follow","max-snippet":"max-snippet:-1","max-image-preview":"max-image-preview:large","max-video-preview":"max-video-preview:-1"},"canonical":"https:\/\/xmy.ch\/de\/prodotto\/pro-racing-socken-v4-0-laufen-hoch-stimmung-indigo-magenta\/","og_locale":"de_DE","og_type":"article","og_title":"Pro Racing Socken V4.0 Run High Indigo Magenta Premium","og_description":"Pro Racing Socken V4.0 entdecken und Bel\u00fcftung genie\u00dfen.","og_url":"https:\/\/xmy.ch\/de\/prodotto\/pro-racing-socken-v4-0-laufen-hoch-stimmung-indigo-magenta\/","og_site_name":"Xmy Sagl","article_publisher":"https:\/\/www.facebook.com\/xmy.sagl","og_image":[{"width":549,"height":712,"url":"https:\/\/xmy.ch\/wp-content\/uploads\/2023\/11\/pro-racing-socks-v40-run-high-mood-indigo-magenta.webp","type":"image\/webp"}],"twitter_card":"summary_large_image","twitter_title":"Pro Racing Socken V4.0 Run High Indigo Magenta Premium","twitter_description":"Pro Racing Socken V4.0 \u2013 Bel\u00fcftung und Blasenschutz. Jetzt kaufen!","twitter_misc":{"Gesch\u00e4tzte Lesezeit":"2 minutes"},"schema":{"@context":"https:\/\/schema.org","@graph":[{"@type":"WebPage","@id":"https:\/\/xmy.ch\/de\/prodotto\/pro-racing-socken-v4-0-laufen-hoch-stimmung-indigo-magenta\/","url":"https:\/\/xmy.ch\/de\/prodotto\/pro-racing-socken-v4-0-laufen-hoch-stimmung-indigo-magenta\/","name":"Pro Racing Socken V4.0 Run High Indigo Magenta Premium","isPartOf":{"@id":"https:\/\/xmy.ch\/de\/#website"},"primaryImageOfPage":{"@id":"https:\/\/xmy.ch\/de\/prodotto\/pro-racing-socken-v4-0-laufen-hoch-stimmung-indigo-magenta\/#primaryimage"},"image":{"@id":"https:\/\/xmy.ch\/de\/prodotto\/pro-racing-socken-v4-0-laufen-hoch-stimmung-indigo-magenta\/#primaryimage"},"thumbnailUrl":"https:\/\/xmy.ch\/wp-content\/uploads\/2023\/11\/pro-racing-socks-v40-run-high-mood-indigo-magenta.webp","datePublished":"2023-11-06T07:59:12+00:00","description":"Pro Racing Socken V4.0 Run High Indigo Magenta bietet erstklassigen Komfort, Blasenschutz und optimale Bel\u00fcftung \u2013 jetzt Komfort f\u00fcr deine L\u00e4ufe sichern.","breadcrumb":{"@id":"https:\/\/xmy.ch\/de\/prodotto\/pro-racing-socken-v4-0-laufen-hoch-stimmung-indigo-magenta\/#breadcrumb"},"inLanguage":"de-DE","potentialAction":[{"@type":"ReadAction","target":["https:\/\/xmy.ch\/de\/prodotto\/pro-racing-socken-v4-0-laufen-hoch-stimmung-indigo-magenta\/"]}]},{"@type":"ImageObject","inLanguage":"de-DE","@id":"https:\/\/xmy.ch\/de\/prodotto\/pro-racing-socken-v4-0-laufen-hoch-stimmung-indigo-magenta\/#primaryimage","url":"https:\/\/xmy.ch\/wp-content\/uploads\/2023\/11\/pro-racing-socks-v40-run-high-mood-indigo-magenta.webp","contentUrl":"https:\/\/xmy.ch\/wp-content\/uploads\/2023\/11\/pro-racing-socks-v40-run-high-mood-indigo-magenta.webp","width":549,"height":712},{"@type":"BreadcrumbList","@id":"https:\/\/xmy.ch\/de\/prodotto\/pro-racing-socken-v4-0-laufen-hoch-stimmung-indigo-magenta\/#breadcrumb","itemListElement":[{"@type":"ListItem","position":1,"name":"Home","item":"https:\/\/xmy.ch\/de\/"},{"@type":"ListItem","position":2,"name":"Shop","item":"https:\/\/xmy.ch\/de\/shop-2\/"},{"@type":"ListItem","position":3,"name":"Pro Racing Socken V4.0 laufen hoch &#8211; Stimmung Indigo\/Magenta"}]},{"@type":"WebSite","@id":"https:\/\/xmy.ch\/de\/#website","url":"https:\/\/xmy.ch\/de\/","name":"Xmy Sagl","description":"","publisher":{"@id":"https:\/\/xmy.ch\/de\/#organization"},"potentialAction":[{"@type":"SearchAction","target":{"@type":"EntryPoint","urlTemplate":"https:\/\/xmy.ch\/de\/?s={search_term_string}"},"query-input":{"@type":"PropertyValueSpecification","valueRequired":true,"valueName":"search_term_string"}}],"inLanguage":"de-DE"},{"@type":"Organization","@id":"https:\/\/xmy.ch\/de\/#organization","name":"Xmy Sagl","url":"https:\/\/xmy.ch\/de\/","logo":{"@type":"ImageObject","inLanguage":"de-DE","@id":"https:\/\/xmy.ch\/de\/#\/schema\/logo\/image\/","url":"https:\/\/xmy.ch\/wp-content\/uploads\/2024\/02\/XMY_UNI_B.webp","contentUrl":"https:\/\/xmy.ch\/wp-content\/uploads\/2024\/02\/XMY_UNI_B.webp","width":1459,"height":421,"caption":"Xmy Sagl"},"image":{"@id":"https:\/\/xmy.ch\/de\/#\/schema\/logo\/image\/"},"sameAs":["https:\/\/www.facebook.com\/xmy.sagl","https:\/\/www.instagram.com\/xmy.sagl\/"]}]}},"_links":{"self":[{"href":"https:\/\/xmy.ch\/de\/wp-json\/wp\/v2\/product\/6883","targetHints":{"allow":["GET"]}}],"collection":[{"href":"https:\/\/xmy.ch\/de\/wp-json\/wp\/v2\/product"}],"about":[{"href":"https:\/\/xmy.ch\/de\/wp-json\/wp\/v2\/types\/product"}],"replies":[{"embeddable":true,"href":"https:\/\/xmy.ch\/de\/wp-json\/wp\/v2\/comments?post=6883"}],"wp:featuredmedia":[{"embeddable":true,"href":"https:\/\/xmy.ch\/de\/wp-json\/wp\/v2\/media\/4515"}],"wp:attachment":[{"href":"https:\/\/xmy.ch\/de\/wp-json\/wp\/v2\/media?parent=6883"}],"wp:term":[{"taxonomy":"product_brand","embeddable":true,"href":"https:\/\/xmy.ch\/de\/wp-json\/wp\/v2\/product_brand?post=6883"},{"taxonomy":"product_cat","embeddable":true,"href":"https:\/\/xmy.ch\/de\/wp-json\/wp\/v2\/product_cat?post=6883"},{"taxonomy":"product_tag","embeddable":true,"href":"https:\/\/xmy.ch\/de\/wp-json\/wp\/v2\/product_tag?post=6883"}],"curies":[{"name":"wp","href":"https:\/\/api.w.org\/{rel}","templated":true}]}}