{"id":6816,"date":"2023-11-06T11:43:40","date_gmt":"2023-11-06T10:43:40","guid":{"rendered":"https:\/\/xmy.ch\/prodotto\/pro-marathon-socken-schwarz-hochrisiko-rot\/"},"modified":"2023-11-06T11:43:40","modified_gmt":"2023-11-06T10:43:40","slug":"pro-marathon-socken-schwarz-hochrisiko-rot","status":"publish","type":"product","link":"https:\/\/xmy.ch\/de\/prodotto\/pro-marathon-socken-schwarz-hochrisiko-rot\/","title":{"rendered":"Pro Marathon Socken &#8211; Schwarz\/Hochrisiko Rot"},"content":{"rendered":"<p>Socken mit integrierten PTFE-Fasern, die eine \u00dcberhitzung der Haut und Blasenbildung verhindern.<\/p>\n<p>Es gibt zu viele L\u00e4ufer, auch Profis, die das Haus mit gesto\u00dfenen Zehen und mehr Pflastern als Energiegels im G\u00fcrtel verlassen. Unsere brandneuen Anti-Blasen-Socken sind das Ergebnis zahlreicher Studien, in denen die genaue Stelle ermittelt wurde, an der Sportler Wunden entwickeln, und die Antwort unserer Designer auf viele heikle Fragen. Die empfindlichen Bereiche um den Kn\u00f6chel, die Zehen und die Fu\u00dfsohle sind f\u00fcr eine optimale D\u00e4mpfung verdickt oder gepolstert. Dar\u00fcber hinaus werden antibakterielle PTFE-Fasern in bestimmte, genau festgelegte Mikrozonen eingewebt, um eine \u00dcberhitzung der Haut zu verhindern, die normalerweise f\u00fcr die Blasenbildung verantwortlich ist. Unsere gestreifte Webtechnik bietet optimale Bel\u00fcftung und Feuchtigkeitsableitung. Ein Verst\u00e4rkungsstreifen im Bereich der Achillessehne sorgt f\u00fcr einen unglaublich stabilen Halt, w\u00e4hrend vervielfachte 3D-Punkte die maximale Vibration des Asphalts absorbieren, die Durchblutung anregen und den Halt erh\u00f6hen. Die erh\u00f6hte Kompression reduziert die Fu\u00dfbewegung weiter und verbessert die allgemeine Ergonomie. In Kombination mit einer optimierten Schwei\u00dfableitung verbessert dies nicht nur den Komfort, sondern tr\u00e4gt auch dazu bei, Blasen und raue Haut auf langen Fahrten zu vermeiden. Wenn man dank professioneller wei\u00dfer Socken einen Marathon gelaufen ist, ohne Schmerzen zu haben, k\u00f6nnte man fast einen weiteren starten.<\/p>\n<p>81% Polyamid 17% Elastan 2% Fluorpolymer<\/p>\n<p><img decoding=\"async\" class=\"w-50 my-2\" src=\"https:\/\/www.compressport.com\/ch\/img\/prods_entretien.png\"><\/p>\n","protected":false},"excerpt":{"rendered":"<p>Socken mit integrierten PTFE-Fasern, die eine \u00dcberhitzung der Haut und Blasenbildung verhindern.<\/p>\n","protected":false},"featured_media":4749,"comment_status":"open","ping_status":"closed","template":"","meta":[],"product_brand":[],"product_cat":[290],"product_tag":[271,272],"class_list":{"0":"post-6816","1":"product","2":"type-product","3":"status-publish","4":"has-post-thumbnail","6":"product_cat-socken","7":"product_tag-frau","8":"product_tag-mann","10":"first","11":"instock","12":"taxable","13":"shipping-taxable","14":"purchasable","15":"product-type-variable"},"yoast_head":"<!-- This site is optimized with the Yoast SEO Premium plugin v27.5 (Yoast SEO v27.5) - https:\/\/yoast.com\/product\/yoast-seo-premium-wordpress\/ -->\n<title>Marathon Socken \u2013 Schwarz Hochrisiko Rot Premium<\/title>\n<meta name=\"description\" content=\"Marathon Socken mit PTFE-Fasern verhindern \u00dcberhitzung und Blasen. Optimale Bel\u00fcftung, D\u00e4mpfung und Kompression f\u00fcr lange L\u00e4ufe. Jetzt entdecken!\" \/>\n<meta name=\"robots\" content=\"index, follow, max-snippet:-1, max-image-preview:large, max-video-preview:-1\" \/>\n<link rel=\"canonical\" href=\"https:\/\/xmy.ch\/de\/prodotto\/pro-marathon-socken-schwarz-hochrisiko-rot\/\" \/>\n<meta property=\"og:locale\" content=\"de_DE\" \/>\n<meta property=\"og:type\" content=\"article\" \/>\n<meta property=\"og:title\" content=\"Pro Marathon Socken \u2013 Schwarz Hochrisiko Rot Premium\" \/>\n<meta property=\"og:description\" content=\"Sch\u00fctze deine F\u00fc\u00dfe bei langen L\u00e4ufen. Jetzt mehr erfahren!\" \/>\n<meta property=\"og:url\" content=\"https:\/\/xmy.ch\/de\/prodotto\/pro-marathon-socken-schwarz-hochrisiko-rot\/\" \/>\n<meta property=\"og:site_name\" content=\"Xmy Sagl\" \/>\n<meta property=\"article:publisher\" content=\"https:\/\/www.facebook.com\/xmy.sagl\" \/>\n<meta property=\"og:image\" content=\"https:\/\/xmy.ch\/wp-content\/uploads\/2023\/11\/pro-marathon-socks-black-high-risk-red.webp\" \/>\n\t<meta property=\"og:image:width\" content=\"549\" \/>\n\t<meta property=\"og:image:height\" content=\"712\" \/>\n\t<meta property=\"og:image:type\" content=\"image\/webp\" \/>\n<meta name=\"twitter:card\" content=\"summary_large_image\" \/>\n<meta name=\"twitter:title\" content=\"Marathon Socken Schwarz Hochrisiko Rot \u2013 Premium Leistung\" \/>\n<meta name=\"twitter:description\" content=\"Marathon-Socken entdecken und Halt genie\u00dfen. Jetzt informieren!\" \/>\n<meta name=\"twitter:label1\" content=\"Gesch\u00e4tzte Lesezeit\" \/>\n\t<meta name=\"twitter:data1\" content=\"1 minute\" \/>\n<script type=\"application\/ld+json\" class=\"yoast-schema-graph\">{\"@context\":\"https:\\\/\\\/schema.org\",\"@graph\":[{\"@type\":\"WebPage\",\"@id\":\"https:\\\/\\\/xmy.ch\\\/de\\\/prodotto\\\/pro-marathon-socken-schwarz-hochrisiko-rot\\\/\",\"url\":\"https:\\\/\\\/xmy.ch\\\/de\\\/prodotto\\\/pro-marathon-socken-schwarz-hochrisiko-rot\\\/\",\"name\":\"Marathon Socken \u2013 Schwarz Hochrisiko Rot Premium\",\"isPartOf\":{\"@id\":\"https:\\\/\\\/xmy.ch\\\/de\\\/#website\"},\"primaryImageOfPage\":{\"@id\":\"https:\\\/\\\/xmy.ch\\\/de\\\/prodotto\\\/pro-marathon-socken-schwarz-hochrisiko-rot\\\/#primaryimage\"},\"image\":{\"@id\":\"https:\\\/\\\/xmy.ch\\\/de\\\/prodotto\\\/pro-marathon-socken-schwarz-hochrisiko-rot\\\/#primaryimage\"},\"thumbnailUrl\":\"https:\\\/\\\/xmy.ch\\\/wp-content\\\/uploads\\\/2023\\\/11\\\/pro-marathon-socks-black-high-risk-red.webp\",\"datePublished\":\"2023-11-06T10:43:40+00:00\",\"description\":\"Marathon Socken mit PTFE-Fasern verhindern \u00dcberhitzung und Blasen. Optimale Bel\u00fcftung, D\u00e4mpfung und Kompression f\u00fcr lange L\u00e4ufe. Jetzt entdecken!\",\"breadcrumb\":{\"@id\":\"https:\\\/\\\/xmy.ch\\\/de\\\/prodotto\\\/pro-marathon-socken-schwarz-hochrisiko-rot\\\/#breadcrumb\"},\"inLanguage\":\"de-DE\",\"potentialAction\":[{\"@type\":\"ReadAction\",\"target\":[\"https:\\\/\\\/xmy.ch\\\/de\\\/prodotto\\\/pro-marathon-socken-schwarz-hochrisiko-rot\\\/\"]}]},{\"@type\":\"ImageObject\",\"inLanguage\":\"de-DE\",\"@id\":\"https:\\\/\\\/xmy.ch\\\/de\\\/prodotto\\\/pro-marathon-socken-schwarz-hochrisiko-rot\\\/#primaryimage\",\"url\":\"https:\\\/\\\/xmy.ch\\\/wp-content\\\/uploads\\\/2023\\\/11\\\/pro-marathon-socks-black-high-risk-red.webp\",\"contentUrl\":\"https:\\\/\\\/xmy.ch\\\/wp-content\\\/uploads\\\/2023\\\/11\\\/pro-marathon-socks-black-high-risk-red.webp\",\"width\":549,\"height\":712},{\"@type\":\"BreadcrumbList\",\"@id\":\"https:\\\/\\\/xmy.ch\\\/de\\\/prodotto\\\/pro-marathon-socken-schwarz-hochrisiko-rot\\\/#breadcrumb\",\"itemListElement\":[{\"@type\":\"ListItem\",\"position\":1,\"name\":\"Home\",\"item\":\"https:\\\/\\\/xmy.ch\\\/de\\\/\"},{\"@type\":\"ListItem\",\"position\":2,\"name\":\"Shop\",\"item\":\"https:\\\/\\\/xmy.ch\\\/de\\\/shop-2\\\/\"},{\"@type\":\"ListItem\",\"position\":3,\"name\":\"Pro Marathon Socken &#8211; Schwarz\\\/Hochrisiko Rot\"}]},{\"@type\":\"WebSite\",\"@id\":\"https:\\\/\\\/xmy.ch\\\/de\\\/#website\",\"url\":\"https:\\\/\\\/xmy.ch\\\/de\\\/\",\"name\":\"Xmy Sagl\",\"description\":\"\",\"publisher\":{\"@id\":\"https:\\\/\\\/xmy.ch\\\/de\\\/#organization\"},\"potentialAction\":[{\"@type\":\"SearchAction\",\"target\":{\"@type\":\"EntryPoint\",\"urlTemplate\":\"https:\\\/\\\/xmy.ch\\\/de\\\/?s={search_term_string}\"},\"query-input\":{\"@type\":\"PropertyValueSpecification\",\"valueRequired\":true,\"valueName\":\"search_term_string\"}}],\"inLanguage\":\"de-DE\"},{\"@type\":\"Organization\",\"@id\":\"https:\\\/\\\/xmy.ch\\\/de\\\/#organization\",\"name\":\"Xmy Sagl\",\"url\":\"https:\\\/\\\/xmy.ch\\\/de\\\/\",\"logo\":{\"@type\":\"ImageObject\",\"inLanguage\":\"de-DE\",\"@id\":\"https:\\\/\\\/xmy.ch\\\/de\\\/#\\\/schema\\\/logo\\\/image\\\/\",\"url\":\"https:\\\/\\\/xmy.ch\\\/wp-content\\\/uploads\\\/2024\\\/02\\\/XMY_UNI_B.webp\",\"contentUrl\":\"https:\\\/\\\/xmy.ch\\\/wp-content\\\/uploads\\\/2024\\\/02\\\/XMY_UNI_B.webp\",\"width\":1459,\"height\":421,\"caption\":\"Xmy Sagl\"},\"image\":{\"@id\":\"https:\\\/\\\/xmy.ch\\\/de\\\/#\\\/schema\\\/logo\\\/image\\\/\"},\"sameAs\":[\"https:\\\/\\\/www.facebook.com\\\/xmy.sagl\",\"https:\\\/\\\/www.instagram.com\\\/xmy.sagl\\\/\"]}]}<\/script>\n<!-- \/ Yoast SEO Premium plugin. -->","yoast_head_json":{"title":"Marathon Socken \u2013 Schwarz Hochrisiko Rot Premium","description":"Marathon Socken mit PTFE-Fasern verhindern \u00dcberhitzung und Blasen. Optimale Bel\u00fcftung, D\u00e4mpfung und Kompression f\u00fcr lange L\u00e4ufe. Jetzt entdecken!","robots":{"index":"index","follow":"follow","max-snippet":"max-snippet:-1","max-image-preview":"max-image-preview:large","max-video-preview":"max-video-preview:-1"},"canonical":"https:\/\/xmy.ch\/de\/prodotto\/pro-marathon-socken-schwarz-hochrisiko-rot\/","og_locale":"de_DE","og_type":"article","og_title":"Pro Marathon Socken \u2013 Schwarz Hochrisiko Rot Premium","og_description":"Sch\u00fctze deine F\u00fc\u00dfe bei langen L\u00e4ufen. Jetzt mehr erfahren!","og_url":"https:\/\/xmy.ch\/de\/prodotto\/pro-marathon-socken-schwarz-hochrisiko-rot\/","og_site_name":"Xmy Sagl","article_publisher":"https:\/\/www.facebook.com\/xmy.sagl","og_image":[{"width":549,"height":712,"url":"https:\/\/xmy.ch\/wp-content\/uploads\/2023\/11\/pro-marathon-socks-black-high-risk-red.webp","type":"image\/webp"}],"twitter_card":"summary_large_image","twitter_title":"Marathon Socken Schwarz Hochrisiko Rot \u2013 Premium Leistung","twitter_description":"Marathon-Socken entdecken und Halt genie\u00dfen. Jetzt informieren!","twitter_misc":{"Gesch\u00e4tzte Lesezeit":"1 minute"},"schema":{"@context":"https:\/\/schema.org","@graph":[{"@type":"WebPage","@id":"https:\/\/xmy.ch\/de\/prodotto\/pro-marathon-socken-schwarz-hochrisiko-rot\/","url":"https:\/\/xmy.ch\/de\/prodotto\/pro-marathon-socken-schwarz-hochrisiko-rot\/","name":"Marathon Socken \u2013 Schwarz Hochrisiko Rot Premium","isPartOf":{"@id":"https:\/\/xmy.ch\/de\/#website"},"primaryImageOfPage":{"@id":"https:\/\/xmy.ch\/de\/prodotto\/pro-marathon-socken-schwarz-hochrisiko-rot\/#primaryimage"},"image":{"@id":"https:\/\/xmy.ch\/de\/prodotto\/pro-marathon-socken-schwarz-hochrisiko-rot\/#primaryimage"},"thumbnailUrl":"https:\/\/xmy.ch\/wp-content\/uploads\/2023\/11\/pro-marathon-socks-black-high-risk-red.webp","datePublished":"2023-11-06T10:43:40+00:00","description":"Marathon Socken mit PTFE-Fasern verhindern \u00dcberhitzung und Blasen. Optimale Bel\u00fcftung, D\u00e4mpfung und Kompression f\u00fcr lange L\u00e4ufe. Jetzt entdecken!","breadcrumb":{"@id":"https:\/\/xmy.ch\/de\/prodotto\/pro-marathon-socken-schwarz-hochrisiko-rot\/#breadcrumb"},"inLanguage":"de-DE","potentialAction":[{"@type":"ReadAction","target":["https:\/\/xmy.ch\/de\/prodotto\/pro-marathon-socken-schwarz-hochrisiko-rot\/"]}]},{"@type":"ImageObject","inLanguage":"de-DE","@id":"https:\/\/xmy.ch\/de\/prodotto\/pro-marathon-socken-schwarz-hochrisiko-rot\/#primaryimage","url":"https:\/\/xmy.ch\/wp-content\/uploads\/2023\/11\/pro-marathon-socks-black-high-risk-red.webp","contentUrl":"https:\/\/xmy.ch\/wp-content\/uploads\/2023\/11\/pro-marathon-socks-black-high-risk-red.webp","width":549,"height":712},{"@type":"BreadcrumbList","@id":"https:\/\/xmy.ch\/de\/prodotto\/pro-marathon-socken-schwarz-hochrisiko-rot\/#breadcrumb","itemListElement":[{"@type":"ListItem","position":1,"name":"Home","item":"https:\/\/xmy.ch\/de\/"},{"@type":"ListItem","position":2,"name":"Shop","item":"https:\/\/xmy.ch\/de\/shop-2\/"},{"@type":"ListItem","position":3,"name":"Pro Marathon Socken &#8211; Schwarz\/Hochrisiko Rot"}]},{"@type":"WebSite","@id":"https:\/\/xmy.ch\/de\/#website","url":"https:\/\/xmy.ch\/de\/","name":"Xmy Sagl","description":"","publisher":{"@id":"https:\/\/xmy.ch\/de\/#organization"},"potentialAction":[{"@type":"SearchAction","target":{"@type":"EntryPoint","urlTemplate":"https:\/\/xmy.ch\/de\/?s={search_term_string}"},"query-input":{"@type":"PropertyValueSpecification","valueRequired":true,"valueName":"search_term_string"}}],"inLanguage":"de-DE"},{"@type":"Organization","@id":"https:\/\/xmy.ch\/de\/#organization","name":"Xmy Sagl","url":"https:\/\/xmy.ch\/de\/","logo":{"@type":"ImageObject","inLanguage":"de-DE","@id":"https:\/\/xmy.ch\/de\/#\/schema\/logo\/image\/","url":"https:\/\/xmy.ch\/wp-content\/uploads\/2024\/02\/XMY_UNI_B.webp","contentUrl":"https:\/\/xmy.ch\/wp-content\/uploads\/2024\/02\/XMY_UNI_B.webp","width":1459,"height":421,"caption":"Xmy Sagl"},"image":{"@id":"https:\/\/xmy.ch\/de\/#\/schema\/logo\/image\/"},"sameAs":["https:\/\/www.facebook.com\/xmy.sagl","https:\/\/www.instagram.com\/xmy.sagl\/"]}]}},"_links":{"self":[{"href":"https:\/\/xmy.ch\/de\/wp-json\/wp\/v2\/product\/6816","targetHints":{"allow":["GET"]}}],"collection":[{"href":"https:\/\/xmy.ch\/de\/wp-json\/wp\/v2\/product"}],"about":[{"href":"https:\/\/xmy.ch\/de\/wp-json\/wp\/v2\/types\/product"}],"replies":[{"embeddable":true,"href":"https:\/\/xmy.ch\/de\/wp-json\/wp\/v2\/comments?post=6816"}],"wp:featuredmedia":[{"embeddable":true,"href":"https:\/\/xmy.ch\/de\/wp-json\/wp\/v2\/media\/4749"}],"wp:attachment":[{"href":"https:\/\/xmy.ch\/de\/wp-json\/wp\/v2\/media?parent=6816"}],"wp:term":[{"taxonomy":"product_brand","embeddable":true,"href":"https:\/\/xmy.ch\/de\/wp-json\/wp\/v2\/product_brand?post=6816"},{"taxonomy":"product_cat","embeddable":true,"href":"https:\/\/xmy.ch\/de\/wp-json\/wp\/v2\/product_cat?post=6816"},{"taxonomy":"product_tag","embeddable":true,"href":"https:\/\/xmy.ch\/de\/wp-json\/wp\/v2\/product_tag?post=6816"}],"curies":[{"name":"wp","href":"https:\/\/api.w.org\/{rel}","templated":true}]}}