{"id":6810,"date":"2023-11-06T11:53:14","date_gmt":"2023-11-06T10:53:14","guid":{"rendered":"https:\/\/xmy.ch\/prodotto\/ultra-trail-socken-schwarz-2\/"},"modified":"2024-03-07T21:22:29","modified_gmt":"2024-03-07T20:22:29","slug":"ultra-trail-socken-schwarz-2","status":"publish","type":"product","link":"https:\/\/xmy.ch\/de\/prodotto\/ultra-trail-socken-schwarz-2\/","title":{"rendered":"Ultra Trail Socken &#8211; Schwarz"},"content":{"rendered":"<p>F\u00fcr Ultra-Sportler entwickelte Hochleistungssocken, die noch mehr Halt und D\u00e4mpfung f\u00fcr optimalen Schutz bei Langstreckenrennen bieten.<\/p>\n<p>Diego und Seb k\u00f6nnen best\u00e4tigen, dass 100 Meilen eine sehr, sehr lange Strecke sind. Und sie k\u00f6nnen auch best\u00e4tigen, dass es noch l\u00e4nger dauert, wenn Sie zertr\u00fcmmerte F\u00fc\u00dfe haben. Urspr\u00fcnglich f\u00fcr die Anforderungen des zerm\u00fcrbenden UTMB entwickelt, werden Sie entschuldigt sein, wenn Sie diese sch\u00fctzenden Socken auf anderen Ultra-Trails rund um die Welt tragen. Diese Ultra-Trail-Socken sind den professionellen Laufsocken nachempfunden und verf\u00fcgen \u00fcber ein verst\u00e4rktes Band im Achillessehnenbereich f\u00fcr zus\u00e4tzlichen Halt und unglaubliche Stabilit\u00e4t. Die zahlreichen 3D-Punkte absorbieren viele St\u00f6\u00dfe und Vibrationen des sich st\u00e4ndig ver\u00e4ndernden Gel\u00e4ndes und verhindern auf intelligente Weise Druckstellen an der Innenseite des Beins und am Kn\u00f6chel, die durch das Drehen der F\u00fc\u00dfe entstehen. Die Zehenbox ist speziell verst\u00e4rkt und gepolstert, um die Zehen und N\u00e4gel bei t\u00f6dlichen technischen Abfahrten zu sch\u00fctzen. Im mittleren und vorderen Bereich des Fu\u00dfes verhindert die Kombination aus N\u00e4hten und 360\u00b0-Gew\u00f6lbest\u00fctze das Verdrehen des Gewebes, was die Gefahr von Blasenbildung verringert und mehr Stabilit\u00e4t bietet. Die gezielte Kompression erh\u00f6ht die Durchblutung, um die Erm\u00fcdung hinauszuz\u00f6gern und Ihnen zu erm\u00f6glichen, die ganze Nacht hindurch weiterzulaufen. Folgen Sie dem Beispiel unserer Profis und bezwingen Sie das h\u00e4rteste und schwierigste Terrain mit den schwarzen Ultra-Trail-Socken.<\/p>\n<p>95% Polyamid 5% Elastan<\/p>\n<p><img decoding=\"async\" class=\"w-50 my-2\" src=\"https:\/\/www.compressport.com\/ch\/img\/prods_entretien.png\"><\/p>\n","protected":false},"excerpt":{"rendered":"<p>F\u00fcr Ultra-Sportler entwickelte Hochleistungssocken, die noch mehr Halt und D\u00e4mpfung f\u00fcr optimalen Schutz bei Langstreckenrennen bieten.<\/p>\n","protected":false},"featured_media":7019,"comment_status":"open","ping_status":"closed","template":"","meta":[],"product_brand":[],"product_cat":[290],"product_tag":[271,272],"class_list":{"0":"post-6810","1":"product","2":"type-product","3":"status-publish","4":"has-post-thumbnail","6":"product_cat-socken","7":"product_tag-frau","8":"product_tag-mann","10":"first","11":"instock","12":"taxable","13":"shipping-taxable","14":"purchasable","15":"product-type-variable"},"yoast_head":"<!-- This site is optimized with the Yoast SEO Premium plugin v27.5 (Yoast SEO v27.5) - https:\/\/yoast.com\/product\/yoast-seo-premium-wordpress\/ -->\n<title>Ultra Trail Socken Schwarz \u2013 Hochleistung Laufsocken<\/title>\n<meta name=\"description\" content=\"Ultra Trail Socken sch\u00fctzen Langstreckenl\u00e4ufer mit Halt, D\u00e4mpfung und Kompression. Jetzt entdecken und auf Trails H\u00f6chstleistung erreichen.\" \/>\n<meta name=\"robots\" content=\"index, follow, max-snippet:-1, max-image-preview:large, max-video-preview:-1\" \/>\n<link rel=\"canonical\" href=\"https:\/\/xmy.ch\/de\/prodotto\/ultra-trail-socken-schwarz-2\/\" \/>\n<meta property=\"og:locale\" content=\"de_DE\" \/>\n<meta property=\"og:type\" content=\"article\" \/>\n<meta property=\"og:title\" content=\"Ultra Trail Socken Schwarz \u2013 Hochleistungs-Laufsocken\" \/>\n<meta property=\"og:description\" content=\"Halt und D\u00e4mpfung f\u00fcr lange Trails \u2013 jetzt testen.\" \/>\n<meta property=\"og:url\" content=\"https:\/\/xmy.ch\/de\/prodotto\/ultra-trail-socken-schwarz-2\/\" \/>\n<meta property=\"og:site_name\" content=\"Xmy Sagl\" \/>\n<meta property=\"article:publisher\" content=\"https:\/\/www.facebook.com\/xmy.sagl\" \/>\n<meta property=\"article:modified_time\" content=\"2024-03-07T20:22:29+00:00\" \/>\n<meta property=\"og:image\" content=\"https:\/\/xmy.ch\/wp-content\/uploads\/2023\/11\/calze-da-corsa-calze-running-calze-ultratrail.webp\" \/>\n\t<meta property=\"og:image:width\" content=\"549\" \/>\n\t<meta property=\"og:image:height\" content=\"712\" \/>\n\t<meta property=\"og:image:type\" content=\"image\/webp\" \/>\n<meta name=\"twitter:card\" content=\"summary_large_image\" \/>\n<meta name=\"twitter:title\" content=\"Ultra Trail Socken Schwarz \u2013 Profi-Laufsocken\" \/>\n<meta name=\"twitter:description\" content=\"Stabilit\u00e4t und Schutz bei Ultra-Trails \u2013 jetzt bestellen.\" \/>\n<meta name=\"twitter:label1\" content=\"Gesch\u00e4tzte Lesezeit\" \/>\n\t<meta name=\"twitter:data1\" content=\"1 minute\" \/>\n<script type=\"application\/ld+json\" class=\"yoast-schema-graph\">{\"@context\":\"https:\\\/\\\/schema.org\",\"@graph\":[{\"@type\":\"WebPage\",\"@id\":\"https:\\\/\\\/xmy.ch\\\/de\\\/prodotto\\\/ultra-trail-socken-schwarz-2\\\/\",\"url\":\"https:\\\/\\\/xmy.ch\\\/de\\\/prodotto\\\/ultra-trail-socken-schwarz-2\\\/\",\"name\":\"Ultra Trail Socken Schwarz \u2013 Hochleistung Laufsocken\",\"isPartOf\":{\"@id\":\"https:\\\/\\\/xmy.ch\\\/de\\\/#website\"},\"primaryImageOfPage\":{\"@id\":\"https:\\\/\\\/xmy.ch\\\/de\\\/prodotto\\\/ultra-trail-socken-schwarz-2\\\/#primaryimage\"},\"image\":{\"@id\":\"https:\\\/\\\/xmy.ch\\\/de\\\/prodotto\\\/ultra-trail-socken-schwarz-2\\\/#primaryimage\"},\"thumbnailUrl\":\"https:\\\/\\\/xmy.ch\\\/wp-content\\\/uploads\\\/2023\\\/11\\\/calze-da-corsa-calze-running-calze-ultratrail.webp\",\"datePublished\":\"2023-11-06T10:53:14+00:00\",\"dateModified\":\"2024-03-07T20:22:29+00:00\",\"description\":\"Ultra Trail Socken sch\u00fctzen Langstreckenl\u00e4ufer mit Halt, D\u00e4mpfung und Kompression. Jetzt entdecken und auf Trails H\u00f6chstleistung erreichen.\",\"breadcrumb\":{\"@id\":\"https:\\\/\\\/xmy.ch\\\/de\\\/prodotto\\\/ultra-trail-socken-schwarz-2\\\/#breadcrumb\"},\"inLanguage\":\"de-DE\",\"potentialAction\":[{\"@type\":\"ReadAction\",\"target\":[\"https:\\\/\\\/xmy.ch\\\/de\\\/prodotto\\\/ultra-trail-socken-schwarz-2\\\/\"]}]},{\"@type\":\"ImageObject\",\"inLanguage\":\"de-DE\",\"@id\":\"https:\\\/\\\/xmy.ch\\\/de\\\/prodotto\\\/ultra-trail-socken-schwarz-2\\\/#primaryimage\",\"url\":\"https:\\\/\\\/xmy.ch\\\/wp-content\\\/uploads\\\/2023\\\/11\\\/calze-da-corsa-calze-running-calze-ultratrail.webp\",\"contentUrl\":\"https:\\\/\\\/xmy.ch\\\/wp-content\\\/uploads\\\/2023\\\/11\\\/calze-da-corsa-calze-running-calze-ultratrail.webp\",\"width\":549,\"height\":712,\"caption\":\"Vengono mostrate delle calze da corsa o anche chiamate calze running o calze ultratrail\"},{\"@type\":\"BreadcrumbList\",\"@id\":\"https:\\\/\\\/xmy.ch\\\/de\\\/prodotto\\\/ultra-trail-socken-schwarz-2\\\/#breadcrumb\",\"itemListElement\":[{\"@type\":\"ListItem\",\"position\":1,\"name\":\"Home\",\"item\":\"https:\\\/\\\/xmy.ch\\\/de\\\/\"},{\"@type\":\"ListItem\",\"position\":2,\"name\":\"Shop\",\"item\":\"https:\\\/\\\/xmy.ch\\\/de\\\/shop-2\\\/\"},{\"@type\":\"ListItem\",\"position\":3,\"name\":\"Ultra Trail Socken &#8211; Schwarz\"}]},{\"@type\":\"WebSite\",\"@id\":\"https:\\\/\\\/xmy.ch\\\/de\\\/#website\",\"url\":\"https:\\\/\\\/xmy.ch\\\/de\\\/\",\"name\":\"Xmy Sagl\",\"description\":\"\",\"publisher\":{\"@id\":\"https:\\\/\\\/xmy.ch\\\/de\\\/#organization\"},\"potentialAction\":[{\"@type\":\"SearchAction\",\"target\":{\"@type\":\"EntryPoint\",\"urlTemplate\":\"https:\\\/\\\/xmy.ch\\\/de\\\/?s={search_term_string}\"},\"query-input\":{\"@type\":\"PropertyValueSpecification\",\"valueRequired\":true,\"valueName\":\"search_term_string\"}}],\"inLanguage\":\"de-DE\"},{\"@type\":\"Organization\",\"@id\":\"https:\\\/\\\/xmy.ch\\\/de\\\/#organization\",\"name\":\"Xmy Sagl\",\"url\":\"https:\\\/\\\/xmy.ch\\\/de\\\/\",\"logo\":{\"@type\":\"ImageObject\",\"inLanguage\":\"de-DE\",\"@id\":\"https:\\\/\\\/xmy.ch\\\/de\\\/#\\\/schema\\\/logo\\\/image\\\/\",\"url\":\"https:\\\/\\\/xmy.ch\\\/wp-content\\\/uploads\\\/2024\\\/02\\\/XMY_UNI_B.webp\",\"contentUrl\":\"https:\\\/\\\/xmy.ch\\\/wp-content\\\/uploads\\\/2024\\\/02\\\/XMY_UNI_B.webp\",\"width\":1459,\"height\":421,\"caption\":\"Xmy Sagl\"},\"image\":{\"@id\":\"https:\\\/\\\/xmy.ch\\\/de\\\/#\\\/schema\\\/logo\\\/image\\\/\"},\"sameAs\":[\"https:\\\/\\\/www.facebook.com\\\/xmy.sagl\",\"https:\\\/\\\/www.instagram.com\\\/xmy.sagl\\\/\"]}]}<\/script>\n<!-- \/ Yoast SEO Premium plugin. -->","yoast_head_json":{"title":"Ultra Trail Socken Schwarz \u2013 Hochleistung Laufsocken","description":"Ultra Trail Socken sch\u00fctzen Langstreckenl\u00e4ufer mit Halt, D\u00e4mpfung und Kompression. Jetzt entdecken und auf Trails H\u00f6chstleistung erreichen.","robots":{"index":"index","follow":"follow","max-snippet":"max-snippet:-1","max-image-preview":"max-image-preview:large","max-video-preview":"max-video-preview:-1"},"canonical":"https:\/\/xmy.ch\/de\/prodotto\/ultra-trail-socken-schwarz-2\/","og_locale":"de_DE","og_type":"article","og_title":"Ultra Trail Socken Schwarz \u2013 Hochleistungs-Laufsocken","og_description":"Halt und D\u00e4mpfung f\u00fcr lange Trails \u2013 jetzt testen.","og_url":"https:\/\/xmy.ch\/de\/prodotto\/ultra-trail-socken-schwarz-2\/","og_site_name":"Xmy Sagl","article_publisher":"https:\/\/www.facebook.com\/xmy.sagl","article_modified_time":"2024-03-07T20:22:29+00:00","og_image":[{"width":549,"height":712,"url":"https:\/\/xmy.ch\/wp-content\/uploads\/2023\/11\/calze-da-corsa-calze-running-calze-ultratrail.webp","type":"image\/webp"}],"twitter_card":"summary_large_image","twitter_title":"Ultra Trail Socken Schwarz \u2013 Profi-Laufsocken","twitter_description":"Stabilit\u00e4t und Schutz bei Ultra-Trails \u2013 jetzt bestellen.","twitter_misc":{"Gesch\u00e4tzte Lesezeit":"1 minute"},"schema":{"@context":"https:\/\/schema.org","@graph":[{"@type":"WebPage","@id":"https:\/\/xmy.ch\/de\/prodotto\/ultra-trail-socken-schwarz-2\/","url":"https:\/\/xmy.ch\/de\/prodotto\/ultra-trail-socken-schwarz-2\/","name":"Ultra Trail Socken Schwarz \u2013 Hochleistung Laufsocken","isPartOf":{"@id":"https:\/\/xmy.ch\/de\/#website"},"primaryImageOfPage":{"@id":"https:\/\/xmy.ch\/de\/prodotto\/ultra-trail-socken-schwarz-2\/#primaryimage"},"image":{"@id":"https:\/\/xmy.ch\/de\/prodotto\/ultra-trail-socken-schwarz-2\/#primaryimage"},"thumbnailUrl":"https:\/\/xmy.ch\/wp-content\/uploads\/2023\/11\/calze-da-corsa-calze-running-calze-ultratrail.webp","datePublished":"2023-11-06T10:53:14+00:00","dateModified":"2024-03-07T20:22:29+00:00","description":"Ultra Trail Socken sch\u00fctzen Langstreckenl\u00e4ufer mit Halt, D\u00e4mpfung und Kompression. Jetzt entdecken und auf Trails H\u00f6chstleistung erreichen.","breadcrumb":{"@id":"https:\/\/xmy.ch\/de\/prodotto\/ultra-trail-socken-schwarz-2\/#breadcrumb"},"inLanguage":"de-DE","potentialAction":[{"@type":"ReadAction","target":["https:\/\/xmy.ch\/de\/prodotto\/ultra-trail-socken-schwarz-2\/"]}]},{"@type":"ImageObject","inLanguage":"de-DE","@id":"https:\/\/xmy.ch\/de\/prodotto\/ultra-trail-socken-schwarz-2\/#primaryimage","url":"https:\/\/xmy.ch\/wp-content\/uploads\/2023\/11\/calze-da-corsa-calze-running-calze-ultratrail.webp","contentUrl":"https:\/\/xmy.ch\/wp-content\/uploads\/2023\/11\/calze-da-corsa-calze-running-calze-ultratrail.webp","width":549,"height":712,"caption":"Vengono mostrate delle calze da corsa o anche chiamate calze running o calze ultratrail"},{"@type":"BreadcrumbList","@id":"https:\/\/xmy.ch\/de\/prodotto\/ultra-trail-socken-schwarz-2\/#breadcrumb","itemListElement":[{"@type":"ListItem","position":1,"name":"Home","item":"https:\/\/xmy.ch\/de\/"},{"@type":"ListItem","position":2,"name":"Shop","item":"https:\/\/xmy.ch\/de\/shop-2\/"},{"@type":"ListItem","position":3,"name":"Ultra Trail Socken &#8211; Schwarz"}]},{"@type":"WebSite","@id":"https:\/\/xmy.ch\/de\/#website","url":"https:\/\/xmy.ch\/de\/","name":"Xmy Sagl","description":"","publisher":{"@id":"https:\/\/xmy.ch\/de\/#organization"},"potentialAction":[{"@type":"SearchAction","target":{"@type":"EntryPoint","urlTemplate":"https:\/\/xmy.ch\/de\/?s={search_term_string}"},"query-input":{"@type":"PropertyValueSpecification","valueRequired":true,"valueName":"search_term_string"}}],"inLanguage":"de-DE"},{"@type":"Organization","@id":"https:\/\/xmy.ch\/de\/#organization","name":"Xmy Sagl","url":"https:\/\/xmy.ch\/de\/","logo":{"@type":"ImageObject","inLanguage":"de-DE","@id":"https:\/\/xmy.ch\/de\/#\/schema\/logo\/image\/","url":"https:\/\/xmy.ch\/wp-content\/uploads\/2024\/02\/XMY_UNI_B.webp","contentUrl":"https:\/\/xmy.ch\/wp-content\/uploads\/2024\/02\/XMY_UNI_B.webp","width":1459,"height":421,"caption":"Xmy Sagl"},"image":{"@id":"https:\/\/xmy.ch\/de\/#\/schema\/logo\/image\/"},"sameAs":["https:\/\/www.facebook.com\/xmy.sagl","https:\/\/www.instagram.com\/xmy.sagl\/"]}]}},"_links":{"self":[{"href":"https:\/\/xmy.ch\/de\/wp-json\/wp\/v2\/product\/6810","targetHints":{"allow":["GET"]}}],"collection":[{"href":"https:\/\/xmy.ch\/de\/wp-json\/wp\/v2\/product"}],"about":[{"href":"https:\/\/xmy.ch\/de\/wp-json\/wp\/v2\/types\/product"}],"replies":[{"embeddable":true,"href":"https:\/\/xmy.ch\/de\/wp-json\/wp\/v2\/comments?post=6810"}],"wp:featuredmedia":[{"embeddable":true,"href":"https:\/\/xmy.ch\/de\/wp-json\/wp\/v2\/media\/7019"}],"wp:attachment":[{"href":"https:\/\/xmy.ch\/de\/wp-json\/wp\/v2\/media?parent=6810"}],"wp:term":[{"taxonomy":"product_brand","embeddable":true,"href":"https:\/\/xmy.ch\/de\/wp-json\/wp\/v2\/product_brand?post=6810"},{"taxonomy":"product_cat","embeddable":true,"href":"https:\/\/xmy.ch\/de\/wp-json\/wp\/v2\/product_cat?post=6810"},{"taxonomy":"product_tag","embeddable":true,"href":"https:\/\/xmy.ch\/de\/wp-json\/wp\/v2\/product_tag?post=6810"}],"curies":[{"name":"wp","href":"https:\/\/api.w.org\/{rel}","templated":true}]}}