{"id":6801,"date":"2023-11-06T10:14:00","date_gmt":"2023-11-06T09:14:00","guid":{"rendered":"https:\/\/xmy.ch\/prodotto\/volle-socken-recovery-schwarz\/"},"modified":"2024-03-07T21:22:30","modified_gmt":"2024-03-07T20:22:30","slug":"volle-socken-recovery-schwarz","status":"publish","type":"product","link":"https:\/\/xmy.ch\/de\/prodotto\/volle-socken-recovery-schwarz\/","title":{"rendered":"Volle Socken Recovery &#8211; Schwarz"},"content":{"rendered":"<p>Hochleistungs-Erholungssocken zur Aktivierung des ven\u00f6sen R\u00fcckflusses, zur Beseitigung von Giftstoffen und zur Beschleunigung der Muskelregeneration nach dem Training und Laufen.<\/p>\n<p>So wie Proteine den Wiederaufbau gesch\u00e4digter Muskelfasern unterst\u00fctzen, regen die Full Socks Recovery-Socken die Durchblutung an, um den Regenerationsprozess der Muskeln zu beschleunigen. Die medizinisch kontrollierte, abgestufte Kompression vom Fu\u00df aufw\u00e4rts wirkt ein wenig so, als w\u00fcrde man eine Zahnpastatube von unten dr\u00fccken, und f\u00f6rdert den ven\u00f6sen R\u00fcckfluss und die Ausscheidung von Giftstoffen. Diese Str\u00fcmpfe, die nach einer Anstrengung oder w\u00e4hrend einer Reise getragen werden, tragen in hohem Ma\u00dfe zum Anschwellen der Beine und zur verz\u00f6gert einsetzenden Muskelerm\u00fcdung (DOMS) bei. Sorgf\u00e4ltig platzierte 3D-N\u00e4hte im Fu\u00df- und Achillesbereich verbessern die Durchblutung und sorgen f\u00fcr eine sanfte Mikromassage, w\u00e4hrend eine enge Fu\u00dfgew\u00f6lbest\u00fctze verhindert, dass sich die Socke bewegt, und den ven\u00f6sen R\u00fcckfluss weiter anregt. Dank der integrierten Bel\u00fcftung wird Ihnen mit diesen Socken nie hei\u00df: Ihre F\u00fc\u00dfe bleiben bequem, k\u00fchl und trocken! All diese Technologie ist in einem schlichten und eleganten schwarzen Design untergebracht, das dem Image von Compressport entspricht. Unsere aktualisierte Gr\u00f6\u00dfentabelle bietet zwei Wadenbreiten f\u00fcr jede Fu\u00dfgr\u00f6\u00dfe, so dass Sie sicher sein k\u00f6nnen, die f\u00fcr Sie passende Gr\u00f6\u00dfe zu finden. (Im Zweifelsfall w\u00e4hlen Sie eine Gr\u00f6\u00dfe \u00fcber Ihrer, um eine \u00fcberm\u00e4\u00dfige Kompression zu vermeiden). Wir haben diese Hochleistungstechnologien urspr\u00fcnglich f\u00fcr unsere Profis entwickelt, aber auch Sie k\u00f6nnen Ihre Erholung optimieren, um sich heute besser zu f\u00fchlen und morgen schneller zu sein. Tragen Sie diese ultraleichten Erholungssocken nach dem Training, wenn Sie ein Flugzeug besteigen oder einfach nach einem langen Tag im B\u00fcro. Ihr K\u00f6rper wird es Ihnen danken.<\/p>\n<p>83% Polyamid, 9% Modal, 8% Elastan<\/p>\n<p><img decoding=\"async\" class=\"w-50 my-2\" src=\"https:\/\/www.compressport.com\/ch\/img\/prods_entretien.png\"><\/p>\n","protected":false},"excerpt":{"rendered":"<p>Hochleistungs-Erholungssocken zur Aktivierung des ven\u00f6sen R\u00fcckflusses, zur Beseitigung von Giftstoffen und zur Beschleunigung der Muskelregeneration nach dem Training und Laufen.<\/p>\n","protected":false},"featured_media":4735,"comment_status":"open","ping_status":"closed","template":"","meta":[],"product_brand":[],"product_cat":[290],"product_tag":[271,272],"class_list":{"0":"post-6801","1":"product","2":"type-product","3":"status-publish","4":"has-post-thumbnail","6":"product_cat-socken","7":"product_tag-frau","8":"product_tag-mann","10":"first","11":"instock","12":"taxable","13":"shipping-taxable","14":"purchasable","15":"product-type-variable"},"yoast_head":"<!-- This site is optimized with the Yoast SEO Premium plugin v27.5 (Yoast SEO v27.5) - https:\/\/yoast.com\/product\/yoast-seo-premium-wordpress\/ -->\n<title>Recovery Socken Volle \u2013 Schwarz f\u00fcr schnelle Regeneration<\/title>\n<meta name=\"description\" content=\"Recovery Socken Volle \u2013 Schwarz verbessern Durchblutung, Giftstoffe abbauen und die Muskelregeneration nach Training beschleunigen. Jetzt bestellen und Erholung optimieren.\" \/>\n<meta name=\"robots\" content=\"index, follow, max-snippet:-1, max-image-preview:large, max-video-preview:-1\" \/>\n<link rel=\"canonical\" href=\"https:\/\/xmy.ch\/de\/prodotto\/volle-socken-recovery-schwarz\/\" \/>\n<meta property=\"og:locale\" content=\"de_DE\" \/>\n<meta property=\"og:type\" content=\"article\" \/>\n<meta property=\"og:title\" content=\"Recovery Socken Volle \u2013 Schwarz: Schnelle Regeneration\" \/>\n<meta property=\"og:description\" content=\"Volle Socken Recovery \u2013 Schwarz verbessern Durchblutung und Regeneration. Jetzt entdecken.\" \/>\n<meta property=\"og:url\" content=\"https:\/\/xmy.ch\/de\/prodotto\/volle-socken-recovery-schwarz\/\" \/>\n<meta property=\"og:site_name\" content=\"Xmy Sagl\" \/>\n<meta property=\"article:publisher\" content=\"https:\/\/www.facebook.com\/xmy.sagl\" \/>\n<meta property=\"article:modified_time\" content=\"2024-03-07T20:22:30+00:00\" \/>\n<meta property=\"og:image\" content=\"https:\/\/xmy.ch\/wp-content\/uploads\/2023\/11\/calze-alte-da-recupero-black.jpg\" \/>\n\t<meta property=\"og:image:width\" content=\"549\" \/>\n\t<meta property=\"og:image:height\" content=\"712\" \/>\n\t<meta property=\"og:image:type\" content=\"image\/jpeg\" \/>\n<meta name=\"twitter:card\" content=\"summary_large_image\" \/>\n<meta name=\"twitter:title\" content=\"Volle Recovery Socken \u2013 Schwarz f\u00fcr schnelle Erholung\" \/>\n<meta name=\"twitter:description\" content=\"Jetzt Volle Recovery Socken \u2013 Schwarz bestellen und schneller regenerieren.\" \/>\n<meta name=\"twitter:label1\" content=\"Gesch\u00e4tzte Lesezeit\" \/>\n\t<meta name=\"twitter:data1\" content=\"2 minutes\" \/>\n<script type=\"application\/ld+json\" class=\"yoast-schema-graph\">{\"@context\":\"https:\\\/\\\/schema.org\",\"@graph\":[{\"@type\":\"WebPage\",\"@id\":\"https:\\\/\\\/xmy.ch\\\/de\\\/prodotto\\\/volle-socken-recovery-schwarz\\\/\",\"url\":\"https:\\\/\\\/xmy.ch\\\/de\\\/prodotto\\\/volle-socken-recovery-schwarz\\\/\",\"name\":\"Recovery Socken Volle \u2013 Schwarz f\u00fcr schnelle Regeneration\",\"isPartOf\":{\"@id\":\"https:\\\/\\\/xmy.ch\\\/de\\\/#website\"},\"primaryImageOfPage\":{\"@id\":\"https:\\\/\\\/xmy.ch\\\/de\\\/prodotto\\\/volle-socken-recovery-schwarz\\\/#primaryimage\"},\"image\":{\"@id\":\"https:\\\/\\\/xmy.ch\\\/de\\\/prodotto\\\/volle-socken-recovery-schwarz\\\/#primaryimage\"},\"thumbnailUrl\":\"https:\\\/\\\/xmy.ch\\\/wp-content\\\/uploads\\\/2023\\\/11\\\/calze-alte-da-recupero-black.jpg\",\"datePublished\":\"2023-11-06T09:14:00+00:00\",\"dateModified\":\"2024-03-07T20:22:30+00:00\",\"description\":\"Recovery Socken Volle \u2013 Schwarz verbessern Durchblutung, Giftstoffe abbauen und die Muskelregeneration nach Training beschleunigen. Jetzt bestellen und Erholung optimieren.\",\"breadcrumb\":{\"@id\":\"https:\\\/\\\/xmy.ch\\\/de\\\/prodotto\\\/volle-socken-recovery-schwarz\\\/#breadcrumb\"},\"inLanguage\":\"de-DE\",\"potentialAction\":[{\"@type\":\"ReadAction\",\"target\":[\"https:\\\/\\\/xmy.ch\\\/de\\\/prodotto\\\/volle-socken-recovery-schwarz\\\/\"]}]},{\"@type\":\"ImageObject\",\"inLanguage\":\"de-DE\",\"@id\":\"https:\\\/\\\/xmy.ch\\\/de\\\/prodotto\\\/volle-socken-recovery-schwarz\\\/#primaryimage\",\"url\":\"https:\\\/\\\/xmy.ch\\\/wp-content\\\/uploads\\\/2023\\\/11\\\/calze-alte-da-recupero-black.jpg\",\"contentUrl\":\"https:\\\/\\\/xmy.ch\\\/wp-content\\\/uploads\\\/2023\\\/11\\\/calze-alte-da-recupero-black.jpg\",\"width\":549,\"height\":712},{\"@type\":\"BreadcrumbList\",\"@id\":\"https:\\\/\\\/xmy.ch\\\/de\\\/prodotto\\\/volle-socken-recovery-schwarz\\\/#breadcrumb\",\"itemListElement\":[{\"@type\":\"ListItem\",\"position\":1,\"name\":\"Home\",\"item\":\"https:\\\/\\\/xmy.ch\\\/de\\\/\"},{\"@type\":\"ListItem\",\"position\":2,\"name\":\"Shop\",\"item\":\"https:\\\/\\\/xmy.ch\\\/de\\\/shop-2\\\/\"},{\"@type\":\"ListItem\",\"position\":3,\"name\":\"Volle Socken Recovery &#8211; Schwarz\"}]},{\"@type\":\"WebSite\",\"@id\":\"https:\\\/\\\/xmy.ch\\\/de\\\/#website\",\"url\":\"https:\\\/\\\/xmy.ch\\\/de\\\/\",\"name\":\"Xmy Sagl\",\"description\":\"\",\"publisher\":{\"@id\":\"https:\\\/\\\/xmy.ch\\\/de\\\/#organization\"},\"potentialAction\":[{\"@type\":\"SearchAction\",\"target\":{\"@type\":\"EntryPoint\",\"urlTemplate\":\"https:\\\/\\\/xmy.ch\\\/de\\\/?s={search_term_string}\"},\"query-input\":{\"@type\":\"PropertyValueSpecification\",\"valueRequired\":true,\"valueName\":\"search_term_string\"}}],\"inLanguage\":\"de-DE\"},{\"@type\":\"Organization\",\"@id\":\"https:\\\/\\\/xmy.ch\\\/de\\\/#organization\",\"name\":\"Xmy Sagl\",\"url\":\"https:\\\/\\\/xmy.ch\\\/de\\\/\",\"logo\":{\"@type\":\"ImageObject\",\"inLanguage\":\"de-DE\",\"@id\":\"https:\\\/\\\/xmy.ch\\\/de\\\/#\\\/schema\\\/logo\\\/image\\\/\",\"url\":\"https:\\\/\\\/xmy.ch\\\/wp-content\\\/uploads\\\/2024\\\/02\\\/XMY_UNI_B.webp\",\"contentUrl\":\"https:\\\/\\\/xmy.ch\\\/wp-content\\\/uploads\\\/2024\\\/02\\\/XMY_UNI_B.webp\",\"width\":1459,\"height\":421,\"caption\":\"Xmy Sagl\"},\"image\":{\"@id\":\"https:\\\/\\\/xmy.ch\\\/de\\\/#\\\/schema\\\/logo\\\/image\\\/\"},\"sameAs\":[\"https:\\\/\\\/www.facebook.com\\\/xmy.sagl\",\"https:\\\/\\\/www.instagram.com\\\/xmy.sagl\\\/\"]}]}<\/script>\n<!-- \/ Yoast SEO Premium plugin. -->","yoast_head_json":{"title":"Recovery Socken Volle \u2013 Schwarz f\u00fcr schnelle Regeneration","description":"Recovery Socken Volle \u2013 Schwarz verbessern Durchblutung, Giftstoffe abbauen und die Muskelregeneration nach Training beschleunigen. Jetzt bestellen und Erholung optimieren.","robots":{"index":"index","follow":"follow","max-snippet":"max-snippet:-1","max-image-preview":"max-image-preview:large","max-video-preview":"max-video-preview:-1"},"canonical":"https:\/\/xmy.ch\/de\/prodotto\/volle-socken-recovery-schwarz\/","og_locale":"de_DE","og_type":"article","og_title":"Recovery Socken Volle \u2013 Schwarz: Schnelle Regeneration","og_description":"Volle Socken Recovery \u2013 Schwarz verbessern Durchblutung und Regeneration. Jetzt entdecken.","og_url":"https:\/\/xmy.ch\/de\/prodotto\/volle-socken-recovery-schwarz\/","og_site_name":"Xmy Sagl","article_publisher":"https:\/\/www.facebook.com\/xmy.sagl","article_modified_time":"2024-03-07T20:22:30+00:00","og_image":[{"width":549,"height":712,"url":"https:\/\/xmy.ch\/wp-content\/uploads\/2023\/11\/calze-alte-da-recupero-black.jpg","type":"image\/jpeg"}],"twitter_card":"summary_large_image","twitter_title":"Volle Recovery Socken \u2013 Schwarz f\u00fcr schnelle Erholung","twitter_description":"Jetzt Volle Recovery Socken \u2013 Schwarz bestellen und schneller regenerieren.","twitter_misc":{"Gesch\u00e4tzte Lesezeit":"2 minutes"},"schema":{"@context":"https:\/\/schema.org","@graph":[{"@type":"WebPage","@id":"https:\/\/xmy.ch\/de\/prodotto\/volle-socken-recovery-schwarz\/","url":"https:\/\/xmy.ch\/de\/prodotto\/volle-socken-recovery-schwarz\/","name":"Recovery Socken Volle \u2013 Schwarz f\u00fcr schnelle Regeneration","isPartOf":{"@id":"https:\/\/xmy.ch\/de\/#website"},"primaryImageOfPage":{"@id":"https:\/\/xmy.ch\/de\/prodotto\/volle-socken-recovery-schwarz\/#primaryimage"},"image":{"@id":"https:\/\/xmy.ch\/de\/prodotto\/volle-socken-recovery-schwarz\/#primaryimage"},"thumbnailUrl":"https:\/\/xmy.ch\/wp-content\/uploads\/2023\/11\/calze-alte-da-recupero-black.jpg","datePublished":"2023-11-06T09:14:00+00:00","dateModified":"2024-03-07T20:22:30+00:00","description":"Recovery Socken Volle \u2013 Schwarz verbessern Durchblutung, Giftstoffe abbauen und die Muskelregeneration nach Training beschleunigen. Jetzt bestellen und Erholung optimieren.","breadcrumb":{"@id":"https:\/\/xmy.ch\/de\/prodotto\/volle-socken-recovery-schwarz\/#breadcrumb"},"inLanguage":"de-DE","potentialAction":[{"@type":"ReadAction","target":["https:\/\/xmy.ch\/de\/prodotto\/volle-socken-recovery-schwarz\/"]}]},{"@type":"ImageObject","inLanguage":"de-DE","@id":"https:\/\/xmy.ch\/de\/prodotto\/volle-socken-recovery-schwarz\/#primaryimage","url":"https:\/\/xmy.ch\/wp-content\/uploads\/2023\/11\/calze-alte-da-recupero-black.jpg","contentUrl":"https:\/\/xmy.ch\/wp-content\/uploads\/2023\/11\/calze-alte-da-recupero-black.jpg","width":549,"height":712},{"@type":"BreadcrumbList","@id":"https:\/\/xmy.ch\/de\/prodotto\/volle-socken-recovery-schwarz\/#breadcrumb","itemListElement":[{"@type":"ListItem","position":1,"name":"Home","item":"https:\/\/xmy.ch\/de\/"},{"@type":"ListItem","position":2,"name":"Shop","item":"https:\/\/xmy.ch\/de\/shop-2\/"},{"@type":"ListItem","position":3,"name":"Volle Socken Recovery &#8211; Schwarz"}]},{"@type":"WebSite","@id":"https:\/\/xmy.ch\/de\/#website","url":"https:\/\/xmy.ch\/de\/","name":"Xmy Sagl","description":"","publisher":{"@id":"https:\/\/xmy.ch\/de\/#organization"},"potentialAction":[{"@type":"SearchAction","target":{"@type":"EntryPoint","urlTemplate":"https:\/\/xmy.ch\/de\/?s={search_term_string}"},"query-input":{"@type":"PropertyValueSpecification","valueRequired":true,"valueName":"search_term_string"}}],"inLanguage":"de-DE"},{"@type":"Organization","@id":"https:\/\/xmy.ch\/de\/#organization","name":"Xmy Sagl","url":"https:\/\/xmy.ch\/de\/","logo":{"@type":"ImageObject","inLanguage":"de-DE","@id":"https:\/\/xmy.ch\/de\/#\/schema\/logo\/image\/","url":"https:\/\/xmy.ch\/wp-content\/uploads\/2024\/02\/XMY_UNI_B.webp","contentUrl":"https:\/\/xmy.ch\/wp-content\/uploads\/2024\/02\/XMY_UNI_B.webp","width":1459,"height":421,"caption":"Xmy Sagl"},"image":{"@id":"https:\/\/xmy.ch\/de\/#\/schema\/logo\/image\/"},"sameAs":["https:\/\/www.facebook.com\/xmy.sagl","https:\/\/www.instagram.com\/xmy.sagl\/"]}]}},"_links":{"self":[{"href":"https:\/\/xmy.ch\/de\/wp-json\/wp\/v2\/product\/6801","targetHints":{"allow":["GET"]}}],"collection":[{"href":"https:\/\/xmy.ch\/de\/wp-json\/wp\/v2\/product"}],"about":[{"href":"https:\/\/xmy.ch\/de\/wp-json\/wp\/v2\/types\/product"}],"replies":[{"embeddable":true,"href":"https:\/\/xmy.ch\/de\/wp-json\/wp\/v2\/comments?post=6801"}],"wp:featuredmedia":[{"embeddable":true,"href":"https:\/\/xmy.ch\/de\/wp-json\/wp\/v2\/media\/4735"}],"wp:attachment":[{"href":"https:\/\/xmy.ch\/de\/wp-json\/wp\/v2\/media?parent=6801"}],"wp:term":[{"taxonomy":"product_brand","embeddable":true,"href":"https:\/\/xmy.ch\/de\/wp-json\/wp\/v2\/product_brand?post=6801"},{"taxonomy":"product_cat","embeddable":true,"href":"https:\/\/xmy.ch\/de\/wp-json\/wp\/v2\/product_cat?post=6801"},{"taxonomy":"product_tag","embeddable":true,"href":"https:\/\/xmy.ch\/de\/wp-json\/wp\/v2\/product_tag?post=6801"}],"curies":[{"name":"wp","href":"https:\/\/api.w.org\/{rel}","templated":true}]}}