{"id":6762,"date":"2023-11-06T10:07:00","date_gmt":"2023-11-06T09:07:00","guid":{"rendered":"https:\/\/xmy.ch\/prodotto\/r2-3-0-persisch-rot-blazing\/"},"modified":"2024-09-06T18:12:06","modified_gmt":"2024-09-06T16:12:06","slug":"r2-3-0-persisch-rot-blazing","status":"publish","type":"product","link":"https:\/\/xmy.ch\/de\/prodotto\/r2-3-0-persisch-rot-blazing\/","title":{"rendered":"R2 3.0 &#8211; Persisch Rot\/Blazing"},"content":{"rendered":"<p>Die Weiterentwicklung unserer kultigen <strong>R2 3.0 Kompressions-Kniestr\u00fcmpfe<\/strong>, die die Stabilit\u00e4t erh\u00f6hen und den Aufprall reduzieren, egal wo Sie laufen. Die <strong>R2 3.0 Kompressions-Kniestr\u00fcmpfe<\/strong> sind vielleicht unser bekanntestes Produkt. Diese wissenschaftlich entwickelten Kniestr\u00fcmpfe, die dank ihres un\u00fcbertroffenen Komforts und ihrer Unterst\u00fctzung \u00fcberall zu sehen sind, haben die Kompressionsbekleidung revolutioniert &#8211; vom Training bis zum Podium. Obwohl es f\u00fcr uns ein Leichtes w\u00e4re, uns auf unseren Lorbeeren auszuruhen, haben wir uns stets weiterentwickelt und sind nun stolz darauf, die R2v2-Evolution zu pr\u00e4sentieren&#8230; den R2 3.0.<\/p>\n<p>Um den Klassiker fortzusetzen, haben wir alle Merkmale, die die R2v2-Modelle so beliebt gemacht haben, wie die einzigartige nahtlose Multi-Stretch-Kompression, das schnelltrocknende Material und die speziell entwickelte K-Protect-Knielasche zur Reduzierung von St\u00f6\u00dfen, \u00fcbernommen und mit noch mehr revolution\u00e4ren Details kombiniert. Die neuen Fibular Stripes aktivieren die Propriozeption, um das Gleichgewicht und die Stabilit\u00e4t zu verbessern und das Risiko von Verstauchungen auf dem Platz zu verringern. Gezielte horizontale Waffelstrickbereiche f\u00f6rdern die Mikrozirkulation und den Lymphfluss, wodurch Verletzungen und Entz\u00fcndungen am Schienbein reduziert werden.<\/p>\n<p>Und wenn die Sonne untergeht, haben wir ein reflektierendes Logo auf der R\u00fcckseite des Stiefels angebracht, um die Sichtbarkeit zu erh\u00f6hen. Nachdem wir von einer k\u00fcrzlich durchgef\u00fchrten wissenschaftlichen Studie erfahren haben, die gezeigt hat, dass Kompressionsstr\u00fcmpfe bei Magenproblemen nach anstrengenden Aktivit\u00e4ten helfen k\u00f6nnen, haben wir diese Waffelstrickzonen perfektioniert, um die Durchblutung des K\u00f6rpers weiter zu f\u00f6rdern und Darmsch\u00e4den zu reduzieren. Kurz gesagt, keine unterbrochenen Tr\u00e4ume mehr aufgrund von Magenkr\u00e4mpfen. Egal, ob Sie im Park joggen oder den <a href=\"https:\/\/fr.wikipedia.org\/wiki\/Marathons_de_Barkley\">Barkley-Marathon<\/a> zur H\u00e4lfte hinter sich gebracht haben, der R2 3.0 wird Sie unterst\u00fctzen.<\/p>\n<p>43% Multifilament Polyamid 35% Elasthan 22% Polyamid <img decoding=\"async\" class=\"w-50 my-2\" src=\"https:\/\/www.compressport.com\/ch\/img\/prods_entretien.png\" \/><\/p>\n","protected":false},"excerpt":{"rendered":"<p>Die Weiterentwicklung unserer kultigen R2v2-Kompressions-Kniestr\u00fcmpfe, die die Stabilit\u00e4t erh\u00f6hen und den Aufprall reduzieren, egal wo Sie laufen.<\/p>\n","protected":false},"featured_media":5351,"comment_status":"open","ping_status":"closed","template":"","meta":[],"product_brand":[],"product_cat":[290],"product_tag":[271,272],"class_list":{"0":"post-6762","1":"product","2":"type-product","3":"status-publish","4":"has-post-thumbnail","6":"product_cat-socken","7":"product_tag-frau","8":"product_tag-mann","10":"first","11":"instock","12":"taxable","13":"shipping-taxable","14":"purchasable","15":"product-type-variable"},"yoast_head":"<!-- This site is optimized with the Yoast SEO Premium plugin v27.5 (Yoast SEO v27.5) - https:\/\/yoast.com\/product\/yoast-seo-premium-wordpress\/ -->\n<title>R2 3.0 Kompressions-Kniestr\u00fcmpfe: Stabilit\u00e4t und Innovation - Xmy Sagl<\/title>\n<meta name=\"description\" content=\"Entdecken Sie die Weiterentwicklung unserer kultigen R2 3.0 Kompressions-Kniestr\u00fcmpfe, die f\u00fcr mehr Stabilit\u00e4t sorgen. Perfekt f\u00fcr jeden Athleten.\" \/>\n<meta name=\"robots\" content=\"index, follow, max-snippet:-1, max-image-preview:large, max-video-preview:-1\" \/>\n<link rel=\"canonical\" href=\"https:\/\/xmy.ch\/de\/prodotto\/r2-3-0-persisch-rot-blazing\/\" \/>\n<meta property=\"og:locale\" content=\"de_DE\" \/>\n<meta property=\"og:type\" content=\"article\" \/>\n<meta property=\"og:title\" content=\"R2 3.0 Persisch Rot\/Blazing \u2013 Kompressions-Kniestr\u00fcmpfe\" \/>\n<meta property=\"og:description\" content=\"R2 3.0 bietet Stabilit\u00e4t und Aufprallschutz \u2013 jetzt entdecken.\" \/>\n<meta property=\"og:url\" content=\"https:\/\/xmy.ch\/de\/prodotto\/r2-3-0-persisch-rot-blazing\/\" \/>\n<meta property=\"og:site_name\" content=\"Xmy Sagl\" \/>\n<meta property=\"article:publisher\" content=\"https:\/\/www.facebook.com\/xmy.sagl\" \/>\n<meta property=\"article:modified_time\" content=\"2024-09-06T16:12:06+00:00\" \/>\n<meta property=\"og:image\" content=\"https:\/\/xmy.ch\/wp-content\/uploads\/2023\/11\/R2-3.0-PERSIAN-RED-BLAZING-ORANGE.png\" \/>\n\t<meta property=\"og:image:width\" content=\"549\" \/>\n\t<meta property=\"og:image:height\" content=\"712\" \/>\n\t<meta property=\"og:image:type\" content=\"image\/png\" \/>\n<meta name=\"twitter:card\" content=\"summary_large_image\" \/>\n<meta name=\"twitter:title\" content=\"R2 3.0 Persisch Rot\/Blazing Kompressions-Kniestr\u00fcmpfe\" \/>\n<meta name=\"twitter:description\" content=\"Erlebe verbesserte Propriozeption und Schutz \u2013 jetzt ansehen.\" \/>\n<meta name=\"twitter:label1\" content=\"Gesch\u00e4tzte Lesezeit\" \/>\n\t<meta name=\"twitter:data1\" content=\"2 minutes\" \/>\n<script type=\"application\/ld+json\" class=\"yoast-schema-graph\">{\"@context\":\"https:\\\/\\\/schema.org\",\"@graph\":[{\"@type\":\"WebPage\",\"@id\":\"https:\\\/\\\/xmy.ch\\\/de\\\/prodotto\\\/r2-3-0-persisch-rot-blazing\\\/\",\"url\":\"https:\\\/\\\/xmy.ch\\\/de\\\/prodotto\\\/r2-3-0-persisch-rot-blazing\\\/\",\"name\":\"R2 3.0 Kompressions-Kniestr\u00fcmpfe: Stabilit\u00e4t und Innovation - Xmy Sagl\",\"isPartOf\":{\"@id\":\"https:\\\/\\\/xmy.ch\\\/de\\\/#website\"},\"primaryImageOfPage\":{\"@id\":\"https:\\\/\\\/xmy.ch\\\/de\\\/prodotto\\\/r2-3-0-persisch-rot-blazing\\\/#primaryimage\"},\"image\":{\"@id\":\"https:\\\/\\\/xmy.ch\\\/de\\\/prodotto\\\/r2-3-0-persisch-rot-blazing\\\/#primaryimage\"},\"thumbnailUrl\":\"https:\\\/\\\/xmy.ch\\\/wp-content\\\/uploads\\\/2023\\\/11\\\/R2-3.0-PERSIAN-RED-BLAZING-ORANGE.png\",\"datePublished\":\"2023-11-06T09:07:00+00:00\",\"dateModified\":\"2024-09-06T16:12:06+00:00\",\"description\":\"Entdecken Sie die Weiterentwicklung unserer kultigen R2 3.0 Kompressions-Kniestr\u00fcmpfe, die f\u00fcr mehr Stabilit\u00e4t sorgen. Perfekt f\u00fcr jeden Athleten.\",\"breadcrumb\":{\"@id\":\"https:\\\/\\\/xmy.ch\\\/de\\\/prodotto\\\/r2-3-0-persisch-rot-blazing\\\/#breadcrumb\"},\"inLanguage\":\"de-DE\",\"potentialAction\":[{\"@type\":\"ReadAction\",\"target\":[\"https:\\\/\\\/xmy.ch\\\/de\\\/prodotto\\\/r2-3-0-persisch-rot-blazing\\\/\"]}]},{\"@type\":\"ImageObject\",\"inLanguage\":\"de-DE\",\"@id\":\"https:\\\/\\\/xmy.ch\\\/de\\\/prodotto\\\/r2-3-0-persisch-rot-blazing\\\/#primaryimage\",\"url\":\"https:\\\/\\\/xmy.ch\\\/wp-content\\\/uploads\\\/2023\\\/11\\\/R2-3.0-PERSIAN-RED-BLAZING-ORANGE.png\",\"contentUrl\":\"https:\\\/\\\/xmy.ch\\\/wp-content\\\/uploads\\\/2023\\\/11\\\/R2-3.0-PERSIAN-RED-BLAZING-ORANGE.png\",\"width\":549,\"height\":712},{\"@type\":\"BreadcrumbList\",\"@id\":\"https:\\\/\\\/xmy.ch\\\/de\\\/prodotto\\\/r2-3-0-persisch-rot-blazing\\\/#breadcrumb\",\"itemListElement\":[{\"@type\":\"ListItem\",\"position\":1,\"name\":\"Home\",\"item\":\"https:\\\/\\\/xmy.ch\\\/de\\\/\"},{\"@type\":\"ListItem\",\"position\":2,\"name\":\"Shop\",\"item\":\"https:\\\/\\\/xmy.ch\\\/de\\\/shop-2\\\/\"},{\"@type\":\"ListItem\",\"position\":3,\"name\":\"R2 3.0 &#8211; Persisch Rot\\\/Blazing\"}]},{\"@type\":\"WebSite\",\"@id\":\"https:\\\/\\\/xmy.ch\\\/de\\\/#website\",\"url\":\"https:\\\/\\\/xmy.ch\\\/de\\\/\",\"name\":\"Xmy Sagl\",\"description\":\"\",\"publisher\":{\"@id\":\"https:\\\/\\\/xmy.ch\\\/de\\\/#organization\"},\"potentialAction\":[{\"@type\":\"SearchAction\",\"target\":{\"@type\":\"EntryPoint\",\"urlTemplate\":\"https:\\\/\\\/xmy.ch\\\/de\\\/?s={search_term_string}\"},\"query-input\":{\"@type\":\"PropertyValueSpecification\",\"valueRequired\":true,\"valueName\":\"search_term_string\"}}],\"inLanguage\":\"de-DE\"},{\"@type\":\"Organization\",\"@id\":\"https:\\\/\\\/xmy.ch\\\/de\\\/#organization\",\"name\":\"Xmy Sagl\",\"url\":\"https:\\\/\\\/xmy.ch\\\/de\\\/\",\"logo\":{\"@type\":\"ImageObject\",\"inLanguage\":\"de-DE\",\"@id\":\"https:\\\/\\\/xmy.ch\\\/de\\\/#\\\/schema\\\/logo\\\/image\\\/\",\"url\":\"https:\\\/\\\/xmy.ch\\\/wp-content\\\/uploads\\\/2024\\\/02\\\/XMY_UNI_B.webp\",\"contentUrl\":\"https:\\\/\\\/xmy.ch\\\/wp-content\\\/uploads\\\/2024\\\/02\\\/XMY_UNI_B.webp\",\"width\":1459,\"height\":421,\"caption\":\"Xmy Sagl\"},\"image\":{\"@id\":\"https:\\\/\\\/xmy.ch\\\/de\\\/#\\\/schema\\\/logo\\\/image\\\/\"},\"sameAs\":[\"https:\\\/\\\/www.facebook.com\\\/xmy.sagl\",\"https:\\\/\\\/www.instagram.com\\\/xmy.sagl\\\/\"]}]}<\/script>\n<!-- \/ Yoast SEO Premium plugin. -->","yoast_head_json":{"title":"R2 3.0 Kompressions-Kniestr\u00fcmpfe: Stabilit\u00e4t und Innovation - Xmy Sagl","description":"Entdecken Sie die Weiterentwicklung unserer kultigen R2 3.0 Kompressions-Kniestr\u00fcmpfe, die f\u00fcr mehr Stabilit\u00e4t sorgen. Perfekt f\u00fcr jeden Athleten.","robots":{"index":"index","follow":"follow","max-snippet":"max-snippet:-1","max-image-preview":"max-image-preview:large","max-video-preview":"max-video-preview:-1"},"canonical":"https:\/\/xmy.ch\/de\/prodotto\/r2-3-0-persisch-rot-blazing\/","og_locale":"de_DE","og_type":"article","og_title":"R2 3.0 Persisch Rot\/Blazing \u2013 Kompressions-Kniestr\u00fcmpfe","og_description":"R2 3.0 bietet Stabilit\u00e4t und Aufprallschutz \u2013 jetzt entdecken.","og_url":"https:\/\/xmy.ch\/de\/prodotto\/r2-3-0-persisch-rot-blazing\/","og_site_name":"Xmy Sagl","article_publisher":"https:\/\/www.facebook.com\/xmy.sagl","article_modified_time":"2024-09-06T16:12:06+00:00","og_image":[{"width":549,"height":712,"url":"https:\/\/xmy.ch\/wp-content\/uploads\/2023\/11\/R2-3.0-PERSIAN-RED-BLAZING-ORANGE.png","type":"image\/png"}],"twitter_card":"summary_large_image","twitter_title":"R2 3.0 Persisch Rot\/Blazing Kompressions-Kniestr\u00fcmpfe","twitter_description":"Erlebe verbesserte Propriozeption und Schutz \u2013 jetzt ansehen.","twitter_misc":{"Gesch\u00e4tzte Lesezeit":"2 minutes"},"schema":{"@context":"https:\/\/schema.org","@graph":[{"@type":"WebPage","@id":"https:\/\/xmy.ch\/de\/prodotto\/r2-3-0-persisch-rot-blazing\/","url":"https:\/\/xmy.ch\/de\/prodotto\/r2-3-0-persisch-rot-blazing\/","name":"R2 3.0 Kompressions-Kniestr\u00fcmpfe: Stabilit\u00e4t und Innovation - Xmy Sagl","isPartOf":{"@id":"https:\/\/xmy.ch\/de\/#website"},"primaryImageOfPage":{"@id":"https:\/\/xmy.ch\/de\/prodotto\/r2-3-0-persisch-rot-blazing\/#primaryimage"},"image":{"@id":"https:\/\/xmy.ch\/de\/prodotto\/r2-3-0-persisch-rot-blazing\/#primaryimage"},"thumbnailUrl":"https:\/\/xmy.ch\/wp-content\/uploads\/2023\/11\/R2-3.0-PERSIAN-RED-BLAZING-ORANGE.png","datePublished":"2023-11-06T09:07:00+00:00","dateModified":"2024-09-06T16:12:06+00:00","description":"Entdecken Sie die Weiterentwicklung unserer kultigen R2 3.0 Kompressions-Kniestr\u00fcmpfe, die f\u00fcr mehr Stabilit\u00e4t sorgen. Perfekt f\u00fcr jeden Athleten.","breadcrumb":{"@id":"https:\/\/xmy.ch\/de\/prodotto\/r2-3-0-persisch-rot-blazing\/#breadcrumb"},"inLanguage":"de-DE","potentialAction":[{"@type":"ReadAction","target":["https:\/\/xmy.ch\/de\/prodotto\/r2-3-0-persisch-rot-blazing\/"]}]},{"@type":"ImageObject","inLanguage":"de-DE","@id":"https:\/\/xmy.ch\/de\/prodotto\/r2-3-0-persisch-rot-blazing\/#primaryimage","url":"https:\/\/xmy.ch\/wp-content\/uploads\/2023\/11\/R2-3.0-PERSIAN-RED-BLAZING-ORANGE.png","contentUrl":"https:\/\/xmy.ch\/wp-content\/uploads\/2023\/11\/R2-3.0-PERSIAN-RED-BLAZING-ORANGE.png","width":549,"height":712},{"@type":"BreadcrumbList","@id":"https:\/\/xmy.ch\/de\/prodotto\/r2-3-0-persisch-rot-blazing\/#breadcrumb","itemListElement":[{"@type":"ListItem","position":1,"name":"Home","item":"https:\/\/xmy.ch\/de\/"},{"@type":"ListItem","position":2,"name":"Shop","item":"https:\/\/xmy.ch\/de\/shop-2\/"},{"@type":"ListItem","position":3,"name":"R2 3.0 &#8211; Persisch Rot\/Blazing"}]},{"@type":"WebSite","@id":"https:\/\/xmy.ch\/de\/#website","url":"https:\/\/xmy.ch\/de\/","name":"Xmy Sagl","description":"","publisher":{"@id":"https:\/\/xmy.ch\/de\/#organization"},"potentialAction":[{"@type":"SearchAction","target":{"@type":"EntryPoint","urlTemplate":"https:\/\/xmy.ch\/de\/?s={search_term_string}"},"query-input":{"@type":"PropertyValueSpecification","valueRequired":true,"valueName":"search_term_string"}}],"inLanguage":"de-DE"},{"@type":"Organization","@id":"https:\/\/xmy.ch\/de\/#organization","name":"Xmy Sagl","url":"https:\/\/xmy.ch\/de\/","logo":{"@type":"ImageObject","inLanguage":"de-DE","@id":"https:\/\/xmy.ch\/de\/#\/schema\/logo\/image\/","url":"https:\/\/xmy.ch\/wp-content\/uploads\/2024\/02\/XMY_UNI_B.webp","contentUrl":"https:\/\/xmy.ch\/wp-content\/uploads\/2024\/02\/XMY_UNI_B.webp","width":1459,"height":421,"caption":"Xmy Sagl"},"image":{"@id":"https:\/\/xmy.ch\/de\/#\/schema\/logo\/image\/"},"sameAs":["https:\/\/www.facebook.com\/xmy.sagl","https:\/\/www.instagram.com\/xmy.sagl\/"]}]}},"_links":{"self":[{"href":"https:\/\/xmy.ch\/de\/wp-json\/wp\/v2\/product\/6762","targetHints":{"allow":["GET"]}}],"collection":[{"href":"https:\/\/xmy.ch\/de\/wp-json\/wp\/v2\/product"}],"about":[{"href":"https:\/\/xmy.ch\/de\/wp-json\/wp\/v2\/types\/product"}],"replies":[{"embeddable":true,"href":"https:\/\/xmy.ch\/de\/wp-json\/wp\/v2\/comments?post=6762"}],"wp:featuredmedia":[{"embeddable":true,"href":"https:\/\/xmy.ch\/de\/wp-json\/wp\/v2\/media\/5351"}],"wp:attachment":[{"href":"https:\/\/xmy.ch\/de\/wp-json\/wp\/v2\/media?parent=6762"}],"wp:term":[{"taxonomy":"product_brand","embeddable":true,"href":"https:\/\/xmy.ch\/de\/wp-json\/wp\/v2\/product_brand?post=6762"},{"taxonomy":"product_cat","embeddable":true,"href":"https:\/\/xmy.ch\/de\/wp-json\/wp\/v2\/product_cat?post=6762"},{"taxonomy":"product_tag","embeddable":true,"href":"https:\/\/xmy.ch\/de\/wp-json\/wp\/v2\/product_tag?post=6762"}],"curies":[{"name":"wp","href":"https:\/\/api.w.org\/{rel}","templated":true}]}}