{"id":6747,"date":"2023-11-06T09:57:00","date_gmt":"2023-11-06T08:57:00","guid":{"rendered":"https:\/\/xmy.ch\/prodotto\/r2-3-0-magnet-herbstglorie\/"},"modified":"2023-11-06T09:57:00","modified_gmt":"2023-11-06T08:57:00","slug":"r2-3-0-magnet-herbstglorie","status":"publish","type":"product","link":"https:\/\/xmy.ch\/de\/prodotto\/r2-3-0-magnet-herbstglorie\/","title":{"rendered":"R2 3.0 &#8211; Magnet\/Herbstglorie"},"content":{"rendered":"<p>Die Weiterentwicklung unserer kultigen R2v2-Kompressions-Kniestr\u00fcmpfe, die die Stabilit\u00e4t erh\u00f6hen und den Aufprall reduzieren, egal wo Sie laufen.<\/p>\n<p>Die R2v2-Kompressionskniestr\u00fcmpfe sind vielleicht unser bekanntestes Produkt. Diese wissenschaftlich entwickelten Kniestr\u00fcmpfe, die dank ihres un\u00fcbertroffenen Komforts und ihrer Unterst\u00fctzung \u00fcberall zu sehen sind, haben die Kompressionsbekleidung revolutioniert &#8211; vom Training bis zum Podium. Obwohl es f\u00fcr uns ein Leichtes w\u00e4re, uns auf unseren Lorbeeren auszuruhen, haben wir uns stets weiterentwickelt und sind nun stolz darauf, die R2v2-Evolution zu pr\u00e4sentieren&#8230; den R2 3.0. Um den Klassiker fortzusetzen, haben wir alle Merkmale, die die R2v2-Modelle so beliebt gemacht haben, wie die einzigartige nahtlose Multi-Stretch-Kompression, das schnelltrocknende Material und die speziell entwickelte K-Protect-Knielasche zur Reduzierung von St\u00f6\u00dfen, \u00fcbernommen und mit noch mehr revolution\u00e4ren Details kombiniert. Die neuen Fibular Stripes aktivieren die Propriozeption, um das Gleichgewicht und die Stabilit\u00e4t zu verbessern und das Risiko von Verstauchungen auf dem Platz zu verringern. Gezielte horizontale Waffelstrickbereiche f\u00f6rdern die Mikrozirkulation und den Lymphfluss, wodurch Verletzungen und Entz\u00fcndungen am Schienbein reduziert werden. Und wenn die Sonne untergeht, haben wir ein reflektierendes Logo auf der R\u00fcckseite des Stiefels angebracht, um die Sichtbarkeit zu erh\u00f6hen. Nachdem wir von einer k\u00fcrzlich durchgef\u00fchrten wissenschaftlichen Studie erfahren haben, die gezeigt hat, dass Kompressionsstr\u00fcmpfe bei Magenproblemen nach anstrengenden Aktivit\u00e4ten helfen k\u00f6nnen, haben wir diese Waffelstrickzonen perfektioniert, um die Durchblutung des K\u00f6rpers weiter zu f\u00f6rdern und Darmsch\u00e4den zu reduzieren. Kurz gesagt, keine unterbrochenen Tr\u00e4ume mehr aufgrund von Magenkr\u00e4mpfen. Egal, ob du im Park joggst oder den Barkley-Marathon zur H\u00e4lfte durchl\u00e4ufst, der R2 3.0s hilft dir, dein Bestes zu geben.<\/p>\n<p>43% Multifilament Polyamid 35% Elastan 22% Polyamid<\/p>\n<p><img decoding=\"async\" class=\"w-50 my-2\" src=\"https:\/\/www.compressport.com\/ch\/img\/prods_entretien.png\"><\/p>\n","protected":false},"excerpt":{"rendered":"<p>Die Weiterentwicklung unserer kultigen R2v2-Kompressions-Kniestr\u00fcmpfe, die die Stabilit\u00e4t erh\u00f6hen und den Aufprall reduzieren, egal wo Sie laufen.<\/p>\n","protected":false},"featured_media":4675,"comment_status":"open","ping_status":"closed","template":"","meta":[],"product_brand":[],"product_cat":[290],"product_tag":[271,272],"class_list":{"0":"post-6747","1":"product","2":"type-product","3":"status-publish","4":"has-post-thumbnail","6":"product_cat-socken","7":"product_tag-frau","8":"product_tag-mann","10":"first","11":"instock","12":"taxable","13":"shipping-taxable","14":"purchasable","15":"product-type-variable"},"yoast_head":"<!-- This site is optimized with the Yoast SEO Premium plugin v27.5 (Yoast SEO v27.5) - https:\/\/yoast.com\/product\/yoast-seo-premium-wordpress\/ -->\n<title>R2 3.0 Magnet\/Herbstglorie \u2013 Kompressionskniestr\u00fcmpfe<\/title>\n<meta name=\"description\" content=\"R2 3.0 Magnet\/Herbstglorie bietet verbesserte Stabilit\u00e4t und Sto\u00dfd\u00e4mpfung f\u00fcr jedes Gel\u00e4nde. Entdecken Sie nahtlose Multi-Stretch-Kompression, schnelltrocknendes Material und K-Protect-Knielasche. Jetzt informieren.\" \/>\n<meta name=\"robots\" content=\"index, follow, max-snippet:-1, max-image-preview:large, max-video-preview:-1\" \/>\n<link rel=\"canonical\" href=\"https:\/\/xmy.ch\/de\/prodotto\/r2-3-0-magnet-herbstglorie\/\" \/>\n<meta property=\"og:locale\" content=\"de_DE\" \/>\n<meta property=\"og:type\" content=\"article\" \/>\n<meta property=\"og:title\" content=\"R2 3.0 Magnet\/Herbstglorie \u2013 Kniestr\u00fcmpfe\" \/>\n<meta property=\"og:description\" content=\"Entdecken Sie R2 3.0 \u2013 jetzt ansehen!\" \/>\n<meta property=\"og:url\" content=\"https:\/\/xmy.ch\/de\/prodotto\/r2-3-0-magnet-herbstglorie\/\" \/>\n<meta property=\"og:site_name\" content=\"Xmy Sagl\" \/>\n<meta property=\"article:publisher\" content=\"https:\/\/www.facebook.com\/xmy.sagl\" \/>\n<meta property=\"og:image\" content=\"https:\/\/xmy.ch\/wp-content\/uploads\/2023\/11\/r2-30-magnet-autumn-glory.webp\" \/>\n\t<meta property=\"og:image:width\" content=\"549\" \/>\n\t<meta property=\"og:image:height\" content=\"712\" \/>\n\t<meta property=\"og:image:type\" content=\"image\/webp\" \/>\n<meta name=\"twitter:card\" content=\"summary_large_image\" \/>\n<meta name=\"twitter:title\" content=\"R2 3.0 Magnet\/Herbstglorie \u2013 Kompressionskniestr\u00fcmpfe\" \/>\n<meta name=\"twitter:description\" content=\"Jetzt R2 3.0 entdecken \u2013 mehr Stabilit\u00e4t und Schutz beim Lauf.\" \/>\n<meta name=\"twitter:label1\" content=\"Gesch\u00e4tzte Lesezeit\" \/>\n\t<meta name=\"twitter:data1\" content=\"1 minute\" \/>\n<script type=\"application\/ld+json\" class=\"yoast-schema-graph\">{\"@context\":\"https:\\\/\\\/schema.org\",\"@graph\":[{\"@type\":\"WebPage\",\"@id\":\"https:\\\/\\\/xmy.ch\\\/de\\\/prodotto\\\/r2-3-0-magnet-herbstglorie\\\/\",\"url\":\"https:\\\/\\\/xmy.ch\\\/de\\\/prodotto\\\/r2-3-0-magnet-herbstglorie\\\/\",\"name\":\"R2 3.0 Magnet\\\/Herbstglorie \u2013 Kompressionskniestr\u00fcmpfe\",\"isPartOf\":{\"@id\":\"https:\\\/\\\/xmy.ch\\\/de\\\/#website\"},\"primaryImageOfPage\":{\"@id\":\"https:\\\/\\\/xmy.ch\\\/de\\\/prodotto\\\/r2-3-0-magnet-herbstglorie\\\/#primaryimage\"},\"image\":{\"@id\":\"https:\\\/\\\/xmy.ch\\\/de\\\/prodotto\\\/r2-3-0-magnet-herbstglorie\\\/#primaryimage\"},\"thumbnailUrl\":\"https:\\\/\\\/xmy.ch\\\/wp-content\\\/uploads\\\/2023\\\/11\\\/r2-30-magnet-autumn-glory.webp\",\"datePublished\":\"2023-11-06T08:57:00+00:00\",\"description\":\"R2 3.0 Magnet\\\/Herbstglorie bietet verbesserte Stabilit\u00e4t und Sto\u00dfd\u00e4mpfung f\u00fcr jedes Gel\u00e4nde. Entdecken Sie nahtlose Multi-Stretch-Kompression, schnelltrocknendes Material und K-Protect-Knielasche. Jetzt informieren.\",\"breadcrumb\":{\"@id\":\"https:\\\/\\\/xmy.ch\\\/de\\\/prodotto\\\/r2-3-0-magnet-herbstglorie\\\/#breadcrumb\"},\"inLanguage\":\"de-DE\",\"potentialAction\":[{\"@type\":\"ReadAction\",\"target\":[\"https:\\\/\\\/xmy.ch\\\/de\\\/prodotto\\\/r2-3-0-magnet-herbstglorie\\\/\"]}]},{\"@type\":\"ImageObject\",\"inLanguage\":\"de-DE\",\"@id\":\"https:\\\/\\\/xmy.ch\\\/de\\\/prodotto\\\/r2-3-0-magnet-herbstglorie\\\/#primaryimage\",\"url\":\"https:\\\/\\\/xmy.ch\\\/wp-content\\\/uploads\\\/2023\\\/11\\\/r2-30-magnet-autumn-glory.webp\",\"contentUrl\":\"https:\\\/\\\/xmy.ch\\\/wp-content\\\/uploads\\\/2023\\\/11\\\/r2-30-magnet-autumn-glory.webp\",\"width\":549,\"height\":712},{\"@type\":\"BreadcrumbList\",\"@id\":\"https:\\\/\\\/xmy.ch\\\/de\\\/prodotto\\\/r2-3-0-magnet-herbstglorie\\\/#breadcrumb\",\"itemListElement\":[{\"@type\":\"ListItem\",\"position\":1,\"name\":\"Home\",\"item\":\"https:\\\/\\\/xmy.ch\\\/de\\\/\"},{\"@type\":\"ListItem\",\"position\":2,\"name\":\"Shop\",\"item\":\"https:\\\/\\\/xmy.ch\\\/de\\\/shop-2\\\/\"},{\"@type\":\"ListItem\",\"position\":3,\"name\":\"R2 3.0 &#8211; Magnet\\\/Herbstglorie\"}]},{\"@type\":\"WebSite\",\"@id\":\"https:\\\/\\\/xmy.ch\\\/de\\\/#website\",\"url\":\"https:\\\/\\\/xmy.ch\\\/de\\\/\",\"name\":\"Xmy Sagl\",\"description\":\"\",\"publisher\":{\"@id\":\"https:\\\/\\\/xmy.ch\\\/de\\\/#organization\"},\"potentialAction\":[{\"@type\":\"SearchAction\",\"target\":{\"@type\":\"EntryPoint\",\"urlTemplate\":\"https:\\\/\\\/xmy.ch\\\/de\\\/?s={search_term_string}\"},\"query-input\":{\"@type\":\"PropertyValueSpecification\",\"valueRequired\":true,\"valueName\":\"search_term_string\"}}],\"inLanguage\":\"de-DE\"},{\"@type\":\"Organization\",\"@id\":\"https:\\\/\\\/xmy.ch\\\/de\\\/#organization\",\"name\":\"Xmy Sagl\",\"url\":\"https:\\\/\\\/xmy.ch\\\/de\\\/\",\"logo\":{\"@type\":\"ImageObject\",\"inLanguage\":\"de-DE\",\"@id\":\"https:\\\/\\\/xmy.ch\\\/de\\\/#\\\/schema\\\/logo\\\/image\\\/\",\"url\":\"https:\\\/\\\/xmy.ch\\\/wp-content\\\/uploads\\\/2024\\\/02\\\/XMY_UNI_B.webp\",\"contentUrl\":\"https:\\\/\\\/xmy.ch\\\/wp-content\\\/uploads\\\/2024\\\/02\\\/XMY_UNI_B.webp\",\"width\":1459,\"height\":421,\"caption\":\"Xmy Sagl\"},\"image\":{\"@id\":\"https:\\\/\\\/xmy.ch\\\/de\\\/#\\\/schema\\\/logo\\\/image\\\/\"},\"sameAs\":[\"https:\\\/\\\/www.facebook.com\\\/xmy.sagl\",\"https:\\\/\\\/www.instagram.com\\\/xmy.sagl\\\/\"]}]}<\/script>\n<!-- \/ Yoast SEO Premium plugin. -->","yoast_head_json":{"title":"R2 3.0 Magnet\/Herbstglorie \u2013 Kompressionskniestr\u00fcmpfe","description":"R2 3.0 Magnet\/Herbstglorie bietet verbesserte Stabilit\u00e4t und Sto\u00dfd\u00e4mpfung f\u00fcr jedes Gel\u00e4nde. Entdecken Sie nahtlose Multi-Stretch-Kompression, schnelltrocknendes Material und K-Protect-Knielasche. Jetzt informieren.","robots":{"index":"index","follow":"follow","max-snippet":"max-snippet:-1","max-image-preview":"max-image-preview:large","max-video-preview":"max-video-preview:-1"},"canonical":"https:\/\/xmy.ch\/de\/prodotto\/r2-3-0-magnet-herbstglorie\/","og_locale":"de_DE","og_type":"article","og_title":"R2 3.0 Magnet\/Herbstglorie \u2013 Kniestr\u00fcmpfe","og_description":"Entdecken Sie R2 3.0 \u2013 jetzt ansehen!","og_url":"https:\/\/xmy.ch\/de\/prodotto\/r2-3-0-magnet-herbstglorie\/","og_site_name":"Xmy Sagl","article_publisher":"https:\/\/www.facebook.com\/xmy.sagl","og_image":[{"width":549,"height":712,"url":"https:\/\/xmy.ch\/wp-content\/uploads\/2023\/11\/r2-30-magnet-autumn-glory.webp","type":"image\/webp"}],"twitter_card":"summary_large_image","twitter_title":"R2 3.0 Magnet\/Herbstglorie \u2013 Kompressionskniestr\u00fcmpfe","twitter_description":"Jetzt R2 3.0 entdecken \u2013 mehr Stabilit\u00e4t und Schutz beim Lauf.","twitter_misc":{"Gesch\u00e4tzte Lesezeit":"1 minute"},"schema":{"@context":"https:\/\/schema.org","@graph":[{"@type":"WebPage","@id":"https:\/\/xmy.ch\/de\/prodotto\/r2-3-0-magnet-herbstglorie\/","url":"https:\/\/xmy.ch\/de\/prodotto\/r2-3-0-magnet-herbstglorie\/","name":"R2 3.0 Magnet\/Herbstglorie \u2013 Kompressionskniestr\u00fcmpfe","isPartOf":{"@id":"https:\/\/xmy.ch\/de\/#website"},"primaryImageOfPage":{"@id":"https:\/\/xmy.ch\/de\/prodotto\/r2-3-0-magnet-herbstglorie\/#primaryimage"},"image":{"@id":"https:\/\/xmy.ch\/de\/prodotto\/r2-3-0-magnet-herbstglorie\/#primaryimage"},"thumbnailUrl":"https:\/\/xmy.ch\/wp-content\/uploads\/2023\/11\/r2-30-magnet-autumn-glory.webp","datePublished":"2023-11-06T08:57:00+00:00","description":"R2 3.0 Magnet\/Herbstglorie bietet verbesserte Stabilit\u00e4t und Sto\u00dfd\u00e4mpfung f\u00fcr jedes Gel\u00e4nde. Entdecken Sie nahtlose Multi-Stretch-Kompression, schnelltrocknendes Material und K-Protect-Knielasche. Jetzt informieren.","breadcrumb":{"@id":"https:\/\/xmy.ch\/de\/prodotto\/r2-3-0-magnet-herbstglorie\/#breadcrumb"},"inLanguage":"de-DE","potentialAction":[{"@type":"ReadAction","target":["https:\/\/xmy.ch\/de\/prodotto\/r2-3-0-magnet-herbstglorie\/"]}]},{"@type":"ImageObject","inLanguage":"de-DE","@id":"https:\/\/xmy.ch\/de\/prodotto\/r2-3-0-magnet-herbstglorie\/#primaryimage","url":"https:\/\/xmy.ch\/wp-content\/uploads\/2023\/11\/r2-30-magnet-autumn-glory.webp","contentUrl":"https:\/\/xmy.ch\/wp-content\/uploads\/2023\/11\/r2-30-magnet-autumn-glory.webp","width":549,"height":712},{"@type":"BreadcrumbList","@id":"https:\/\/xmy.ch\/de\/prodotto\/r2-3-0-magnet-herbstglorie\/#breadcrumb","itemListElement":[{"@type":"ListItem","position":1,"name":"Home","item":"https:\/\/xmy.ch\/de\/"},{"@type":"ListItem","position":2,"name":"Shop","item":"https:\/\/xmy.ch\/de\/shop-2\/"},{"@type":"ListItem","position":3,"name":"R2 3.0 &#8211; Magnet\/Herbstglorie"}]},{"@type":"WebSite","@id":"https:\/\/xmy.ch\/de\/#website","url":"https:\/\/xmy.ch\/de\/","name":"Xmy Sagl","description":"","publisher":{"@id":"https:\/\/xmy.ch\/de\/#organization"},"potentialAction":[{"@type":"SearchAction","target":{"@type":"EntryPoint","urlTemplate":"https:\/\/xmy.ch\/de\/?s={search_term_string}"},"query-input":{"@type":"PropertyValueSpecification","valueRequired":true,"valueName":"search_term_string"}}],"inLanguage":"de-DE"},{"@type":"Organization","@id":"https:\/\/xmy.ch\/de\/#organization","name":"Xmy Sagl","url":"https:\/\/xmy.ch\/de\/","logo":{"@type":"ImageObject","inLanguage":"de-DE","@id":"https:\/\/xmy.ch\/de\/#\/schema\/logo\/image\/","url":"https:\/\/xmy.ch\/wp-content\/uploads\/2024\/02\/XMY_UNI_B.webp","contentUrl":"https:\/\/xmy.ch\/wp-content\/uploads\/2024\/02\/XMY_UNI_B.webp","width":1459,"height":421,"caption":"Xmy Sagl"},"image":{"@id":"https:\/\/xmy.ch\/de\/#\/schema\/logo\/image\/"},"sameAs":["https:\/\/www.facebook.com\/xmy.sagl","https:\/\/www.instagram.com\/xmy.sagl\/"]}]}},"_links":{"self":[{"href":"https:\/\/xmy.ch\/de\/wp-json\/wp\/v2\/product\/6747","targetHints":{"allow":["GET"]}}],"collection":[{"href":"https:\/\/xmy.ch\/de\/wp-json\/wp\/v2\/product"}],"about":[{"href":"https:\/\/xmy.ch\/de\/wp-json\/wp\/v2\/types\/product"}],"replies":[{"embeddable":true,"href":"https:\/\/xmy.ch\/de\/wp-json\/wp\/v2\/comments?post=6747"}],"wp:featuredmedia":[{"embeddable":true,"href":"https:\/\/xmy.ch\/de\/wp-json\/wp\/v2\/media\/4675"}],"wp:attachment":[{"href":"https:\/\/xmy.ch\/de\/wp-json\/wp\/v2\/media?parent=6747"}],"wp:term":[{"taxonomy":"product_brand","embeddable":true,"href":"https:\/\/xmy.ch\/de\/wp-json\/wp\/v2\/product_brand?post=6747"},{"taxonomy":"product_cat","embeddable":true,"href":"https:\/\/xmy.ch\/de\/wp-json\/wp\/v2\/product_cat?post=6747"},{"taxonomy":"product_tag","embeddable":true,"href":"https:\/\/xmy.ch\/de\/wp-json\/wp\/v2\/product_tag?post=6747"}],"curies":[{"name":"wp","href":"https:\/\/api.w.org\/{rel}","templated":true}]}}