{"id":6683,"date":"2023-11-06T09:36:00","date_gmt":"2023-11-06T08:36:00","guid":{"rendered":"https:\/\/xmy.ch\/prodotto\/pro-racing-socken-v4-0-ultralight-run-high-schwarz-rot\/"},"modified":"2023-11-06T09:36:00","modified_gmt":"2023-11-06T08:36:00","slug":"pro-racing-socken-v4-0-ultralight-run-high-schwarz-rot","status":"publish","type":"product","link":"https:\/\/xmy.ch\/de\/prodotto\/pro-racing-socken-v4-0-ultralight-run-high-schwarz-rot\/","title":{"rendered":"Pro Racing Socken v4.0 Ultralight Run High &#8211; Schwarz\/Rot"},"content":{"rendered":"<p>Ultraleichte Performance-Laufsocken mit erh\u00f6hter Ventilation f\u00fcr maximale Thermoregulation und Schwei\u00dfabtransport bei hei\u00dfen Temperaturen<\/p>\n<p>Wenn sich die Hitze auf der Stra\u00dfe bemerkbar macht, ist es am besten, ein gutes Paar Socken dabei zu haben. Und mit der neuesten Generation der PRS Ultralight Run, die f\u00fcr eine optimale Thermoregulation beim Training und Laufen bei warmen Temperaturen entwickelt wurde, treffen Sie mit Sicherheit die richtige Wahl. Das leichte, technische Gewebe ist so konzipiert, dass es wie eine zweite Haut sitzt. Sie bietet eine hervorragende Bel\u00fcftung und leitet Schwei\u00df schnell ab, so dass Ihre F\u00fc\u00dfe auch in tropischem Klima k\u00fchl und trocken bleiben. Die neu gestaltete, breitere Zehenbox bietet eine ergonomische Passform und eine verbesserte Propriozeption, so dass sich die Zehen beim Aufprall auf den Boden intuitiv abspreizen k\u00f6nnen, was einen weichen, nat\u00fcrlichen Schritt erm\u00f6glicht. Ein spezielles Gestrick um den Kn\u00f6chel, das leichter ist als unsere klassischen Laufsocken, bietet sanfte Unterst\u00fctzung, wenn das Tempo steigt. Unsere charakteristische Fu\u00dfgew\u00f6lbest\u00fctze verhindert, dass sich das Gewebe bei Hitze verdreht und reizt, w\u00e4hrend eine Verst\u00e4rkung aus Schwammgewebe um den gro\u00dfen Zeh vor dem Schwarzwerden der N\u00e4gel sch\u00fctzt, wenn sich die Kilometer h\u00e4ufen. Blasen sind nur noch eine Erinnerung! Die exklusiven 3D-N\u00e4hte und die neuen Flachn\u00e4hte dieses ultraleichten Modells machen die Socke weniger volumin\u00f6s und schwerer, bieten aber gleichzeitig die notwendigen Vorteile f\u00fcr hohe Leistungen. Sie sind entlang der gesamten Achillessehne angeordnet und bieten Unterst\u00fctzung f\u00fcr mehr Schutz und Bel\u00fcftung bei schnellen Rennen. An der Fu\u00dfsohle d\u00e4mpft ein raffiniertes Muster, das zur H\u00e4lfte aus 3D-Punkten und zur H\u00e4lfte aus Mesh-Punkten besteht, St\u00f6\u00dfe ab und sorgt f\u00fcr mehr Halt im Schuh. Dar\u00fcber hinaus sorgt sie f\u00fcr eine sanfte Mikrostimulation, die den ven\u00f6sen R\u00fcckfluss erh\u00f6ht, und verbessert die Ventilation, indem sie den Luftstrom zwischen den Punkten verst\u00e4rkt. Die Sockenh\u00f6he ist niedriger als bei den Trail- und Bike-Modellen, um den Anforderungen des Stra\u00dfenlaufs gerecht zu werden. Ein ergonomischer Riemen am R\u00fccken sorgt f\u00fcr Komfort und Stil, und falls Sie einmal vergessen sollten, warum Sie das Haus verlassen, ist auf der Innenseite diskret Disziplin eingestickt. Diese ultraleichte Laufsocke der vierten Generation ist eine explosive Mischung aus Technologie und geringem Gewicht. Sie ist Ihre neue Geheimwaffe, die Sie in der W\u00fcste Sahara oder bei einem Rennen an einem hei\u00dfen Tag tragen k\u00f6nnen.<\/p>\n<p>94% Polyamid 6% Elastan<\/p>\n<p><img decoding=\"async\" class=\"w-50 my-2\" src=\"https:\/\/www.compressport.com\/ch\/img\/prods_entretien.png\"><\/p>\n","protected":false},"excerpt":{"rendered":"<p>Ultraleichte Performance-Laufsocken mit erh\u00f6hter Ventilation f\u00fcr maximale Thermoregulation und Schwei\u00dfabtransport bei hei\u00dfen Temperaturen<\/p>\n","protected":false},"featured_media":4635,"comment_status":"open","ping_status":"closed","template":"","meta":[],"product_brand":[],"product_cat":[290],"product_tag":[271,272],"class_list":{"0":"post-6683","1":"product","2":"type-product","3":"status-publish","4":"has-post-thumbnail","6":"product_cat-socken","7":"product_tag-frau","8":"product_tag-mann","10":"first","11":"instock","12":"taxable","13":"shipping-taxable","14":"purchasable","15":"product-type-variable"},"yoast_head":"<!-- This site is optimized with the Yoast SEO Premium plugin v27.5 (Yoast SEO v27.5) - https:\/\/yoast.com\/product\/yoast-seo-premium-wordpress\/ -->\n<title>Pro Racing Socken Ultralight Run High \u2013 Schwarz\/Rot Edition<\/title>\n<meta name=\"description\" content=\"Pro Racing Socken Ultralight Run High bieten verbesserte Ventilation und Thermoregulation bei hei\u00dfen Temperaturen. Jetzt bequem online bestellen und beim Lauf durchstarten.\" \/>\n<meta name=\"robots\" content=\"index, follow, max-snippet:-1, max-image-preview:large, max-video-preview:-1\" \/>\n<link rel=\"canonical\" href=\"https:\/\/xmy.ch\/de\/prodotto\/pro-racing-socken-v4-0-ultralight-run-high-schwarz-rot\/\" \/>\n<meta property=\"og:locale\" content=\"de_DE\" \/>\n<meta property=\"og:type\" content=\"article\" \/>\n<meta property=\"og:title\" content=\"Pro Racing Socken Ultralight Run High \u2013 Schwarz\/Rot Edition\" \/>\n<meta property=\"og:description\" content=\"Jetzt bequem online bestellen und beim Lauf durchstarten.\" \/>\n<meta property=\"og:url\" content=\"https:\/\/xmy.ch\/de\/prodotto\/pro-racing-socken-v4-0-ultralight-run-high-schwarz-rot\/\" \/>\n<meta property=\"og:site_name\" content=\"Xmy Sagl\" \/>\n<meta property=\"article:publisher\" content=\"https:\/\/www.facebook.com\/xmy.sagl\" \/>\n<meta property=\"og:image\" content=\"https:\/\/xmy.ch\/wp-content\/uploads\/2023\/11\/pro-racing-socks-v4-ultralight-run-high-black-red.png\" \/>\n\t<meta property=\"og:image:width\" content=\"549\" \/>\n\t<meta property=\"og:image:height\" content=\"712\" \/>\n\t<meta property=\"og:image:type\" content=\"image\/png\" \/>\n<meta name=\"twitter:card\" content=\"summary_large_image\" \/>\n<meta name=\"twitter:title\" content=\"Ultralight Run High Pro Racing Socken \u2013 Schwarz\/Rot\" \/>\n<meta name=\"twitter:description\" content=\"Jetzt Pro Racing Socken Ultralight Run High sichern und laufkomfort erh\u00f6hen.\" \/>\n<meta name=\"twitter:label1\" content=\"Gesch\u00e4tzte Lesezeit\" \/>\n\t<meta name=\"twitter:data1\" content=\"2 minutes\" \/>\n<script type=\"application\/ld+json\" class=\"yoast-schema-graph\">{\"@context\":\"https:\\\/\\\/schema.org\",\"@graph\":[{\"@type\":\"WebPage\",\"@id\":\"https:\\\/\\\/xmy.ch\\\/de\\\/prodotto\\\/pro-racing-socken-v4-0-ultralight-run-high-schwarz-rot\\\/\",\"url\":\"https:\\\/\\\/xmy.ch\\\/de\\\/prodotto\\\/pro-racing-socken-v4-0-ultralight-run-high-schwarz-rot\\\/\",\"name\":\"Pro Racing Socken Ultralight Run High \u2013 Schwarz\\\/Rot Edition\",\"isPartOf\":{\"@id\":\"https:\\\/\\\/xmy.ch\\\/de\\\/#website\"},\"primaryImageOfPage\":{\"@id\":\"https:\\\/\\\/xmy.ch\\\/de\\\/prodotto\\\/pro-racing-socken-v4-0-ultralight-run-high-schwarz-rot\\\/#primaryimage\"},\"image\":{\"@id\":\"https:\\\/\\\/xmy.ch\\\/de\\\/prodotto\\\/pro-racing-socken-v4-0-ultralight-run-high-schwarz-rot\\\/#primaryimage\"},\"thumbnailUrl\":\"https:\\\/\\\/xmy.ch\\\/wp-content\\\/uploads\\\/2023\\\/11\\\/pro-racing-socks-v4-ultralight-run-high-black-red.png\",\"datePublished\":\"2023-11-06T08:36:00+00:00\",\"description\":\"Pro Racing Socken Ultralight Run High bieten verbesserte Ventilation und Thermoregulation bei hei\u00dfen Temperaturen. Jetzt bequem online bestellen und beim Lauf durchstarten.\",\"breadcrumb\":{\"@id\":\"https:\\\/\\\/xmy.ch\\\/de\\\/prodotto\\\/pro-racing-socken-v4-0-ultralight-run-high-schwarz-rot\\\/#breadcrumb\"},\"inLanguage\":\"de-DE\",\"potentialAction\":[{\"@type\":\"ReadAction\",\"target\":[\"https:\\\/\\\/xmy.ch\\\/de\\\/prodotto\\\/pro-racing-socken-v4-0-ultralight-run-high-schwarz-rot\\\/\"]}]},{\"@type\":\"ImageObject\",\"inLanguage\":\"de-DE\",\"@id\":\"https:\\\/\\\/xmy.ch\\\/de\\\/prodotto\\\/pro-racing-socken-v4-0-ultralight-run-high-schwarz-rot\\\/#primaryimage\",\"url\":\"https:\\\/\\\/xmy.ch\\\/wp-content\\\/uploads\\\/2023\\\/11\\\/pro-racing-socks-v4-ultralight-run-high-black-red.png\",\"contentUrl\":\"https:\\\/\\\/xmy.ch\\\/wp-content\\\/uploads\\\/2023\\\/11\\\/pro-racing-socks-v4-ultralight-run-high-black-red.png\",\"width\":549,\"height\":712},{\"@type\":\"BreadcrumbList\",\"@id\":\"https:\\\/\\\/xmy.ch\\\/de\\\/prodotto\\\/pro-racing-socken-v4-0-ultralight-run-high-schwarz-rot\\\/#breadcrumb\",\"itemListElement\":[{\"@type\":\"ListItem\",\"position\":1,\"name\":\"Home\",\"item\":\"https:\\\/\\\/xmy.ch\\\/de\\\/\"},{\"@type\":\"ListItem\",\"position\":2,\"name\":\"Shop\",\"item\":\"https:\\\/\\\/xmy.ch\\\/de\\\/shop-2\\\/\"},{\"@type\":\"ListItem\",\"position\":3,\"name\":\"Pro Racing Socken v4.0 Ultralight Run High &#8211; Schwarz\\\/Rot\"}]},{\"@type\":\"WebSite\",\"@id\":\"https:\\\/\\\/xmy.ch\\\/de\\\/#website\",\"url\":\"https:\\\/\\\/xmy.ch\\\/de\\\/\",\"name\":\"Xmy Sagl\",\"description\":\"\",\"publisher\":{\"@id\":\"https:\\\/\\\/xmy.ch\\\/de\\\/#organization\"},\"potentialAction\":[{\"@type\":\"SearchAction\",\"target\":{\"@type\":\"EntryPoint\",\"urlTemplate\":\"https:\\\/\\\/xmy.ch\\\/de\\\/?s={search_term_string}\"},\"query-input\":{\"@type\":\"PropertyValueSpecification\",\"valueRequired\":true,\"valueName\":\"search_term_string\"}}],\"inLanguage\":\"de-DE\"},{\"@type\":\"Organization\",\"@id\":\"https:\\\/\\\/xmy.ch\\\/de\\\/#organization\",\"name\":\"Xmy Sagl\",\"url\":\"https:\\\/\\\/xmy.ch\\\/de\\\/\",\"logo\":{\"@type\":\"ImageObject\",\"inLanguage\":\"de-DE\",\"@id\":\"https:\\\/\\\/xmy.ch\\\/de\\\/#\\\/schema\\\/logo\\\/image\\\/\",\"url\":\"https:\\\/\\\/xmy.ch\\\/wp-content\\\/uploads\\\/2024\\\/02\\\/XMY_UNI_B.webp\",\"contentUrl\":\"https:\\\/\\\/xmy.ch\\\/wp-content\\\/uploads\\\/2024\\\/02\\\/XMY_UNI_B.webp\",\"width\":1459,\"height\":421,\"caption\":\"Xmy Sagl\"},\"image\":{\"@id\":\"https:\\\/\\\/xmy.ch\\\/de\\\/#\\\/schema\\\/logo\\\/image\\\/\"},\"sameAs\":[\"https:\\\/\\\/www.facebook.com\\\/xmy.sagl\",\"https:\\\/\\\/www.instagram.com\\\/xmy.sagl\\\/\"]}]}<\/script>\n<!-- \/ Yoast SEO Premium plugin. -->","yoast_head_json":{"title":"Pro Racing Socken Ultralight Run High \u2013 Schwarz\/Rot Edition","description":"Pro Racing Socken Ultralight Run High bieten verbesserte Ventilation und Thermoregulation bei hei\u00dfen Temperaturen. Jetzt bequem online bestellen und beim Lauf durchstarten.","robots":{"index":"index","follow":"follow","max-snippet":"max-snippet:-1","max-image-preview":"max-image-preview:large","max-video-preview":"max-video-preview:-1"},"canonical":"https:\/\/xmy.ch\/de\/prodotto\/pro-racing-socken-v4-0-ultralight-run-high-schwarz-rot\/","og_locale":"de_DE","og_type":"article","og_title":"Pro Racing Socken Ultralight Run High \u2013 Schwarz\/Rot Edition","og_description":"Jetzt bequem online bestellen und beim Lauf durchstarten.","og_url":"https:\/\/xmy.ch\/de\/prodotto\/pro-racing-socken-v4-0-ultralight-run-high-schwarz-rot\/","og_site_name":"Xmy Sagl","article_publisher":"https:\/\/www.facebook.com\/xmy.sagl","og_image":[{"width":549,"height":712,"url":"https:\/\/xmy.ch\/wp-content\/uploads\/2023\/11\/pro-racing-socks-v4-ultralight-run-high-black-red.png","type":"image\/png"}],"twitter_card":"summary_large_image","twitter_title":"Ultralight Run High Pro Racing Socken \u2013 Schwarz\/Rot","twitter_description":"Jetzt Pro Racing Socken Ultralight Run High sichern und laufkomfort erh\u00f6hen.","twitter_misc":{"Gesch\u00e4tzte Lesezeit":"2 minutes"},"schema":{"@context":"https:\/\/schema.org","@graph":[{"@type":"WebPage","@id":"https:\/\/xmy.ch\/de\/prodotto\/pro-racing-socken-v4-0-ultralight-run-high-schwarz-rot\/","url":"https:\/\/xmy.ch\/de\/prodotto\/pro-racing-socken-v4-0-ultralight-run-high-schwarz-rot\/","name":"Pro Racing Socken Ultralight Run High \u2013 Schwarz\/Rot Edition","isPartOf":{"@id":"https:\/\/xmy.ch\/de\/#website"},"primaryImageOfPage":{"@id":"https:\/\/xmy.ch\/de\/prodotto\/pro-racing-socken-v4-0-ultralight-run-high-schwarz-rot\/#primaryimage"},"image":{"@id":"https:\/\/xmy.ch\/de\/prodotto\/pro-racing-socken-v4-0-ultralight-run-high-schwarz-rot\/#primaryimage"},"thumbnailUrl":"https:\/\/xmy.ch\/wp-content\/uploads\/2023\/11\/pro-racing-socks-v4-ultralight-run-high-black-red.png","datePublished":"2023-11-06T08:36:00+00:00","description":"Pro Racing Socken Ultralight Run High bieten verbesserte Ventilation und Thermoregulation bei hei\u00dfen Temperaturen. Jetzt bequem online bestellen und beim Lauf durchstarten.","breadcrumb":{"@id":"https:\/\/xmy.ch\/de\/prodotto\/pro-racing-socken-v4-0-ultralight-run-high-schwarz-rot\/#breadcrumb"},"inLanguage":"de-DE","potentialAction":[{"@type":"ReadAction","target":["https:\/\/xmy.ch\/de\/prodotto\/pro-racing-socken-v4-0-ultralight-run-high-schwarz-rot\/"]}]},{"@type":"ImageObject","inLanguage":"de-DE","@id":"https:\/\/xmy.ch\/de\/prodotto\/pro-racing-socken-v4-0-ultralight-run-high-schwarz-rot\/#primaryimage","url":"https:\/\/xmy.ch\/wp-content\/uploads\/2023\/11\/pro-racing-socks-v4-ultralight-run-high-black-red.png","contentUrl":"https:\/\/xmy.ch\/wp-content\/uploads\/2023\/11\/pro-racing-socks-v4-ultralight-run-high-black-red.png","width":549,"height":712},{"@type":"BreadcrumbList","@id":"https:\/\/xmy.ch\/de\/prodotto\/pro-racing-socken-v4-0-ultralight-run-high-schwarz-rot\/#breadcrumb","itemListElement":[{"@type":"ListItem","position":1,"name":"Home","item":"https:\/\/xmy.ch\/de\/"},{"@type":"ListItem","position":2,"name":"Shop","item":"https:\/\/xmy.ch\/de\/shop-2\/"},{"@type":"ListItem","position":3,"name":"Pro Racing Socken v4.0 Ultralight Run High &#8211; Schwarz\/Rot"}]},{"@type":"WebSite","@id":"https:\/\/xmy.ch\/de\/#website","url":"https:\/\/xmy.ch\/de\/","name":"Xmy Sagl","description":"","publisher":{"@id":"https:\/\/xmy.ch\/de\/#organization"},"potentialAction":[{"@type":"SearchAction","target":{"@type":"EntryPoint","urlTemplate":"https:\/\/xmy.ch\/de\/?s={search_term_string}"},"query-input":{"@type":"PropertyValueSpecification","valueRequired":true,"valueName":"search_term_string"}}],"inLanguage":"de-DE"},{"@type":"Organization","@id":"https:\/\/xmy.ch\/de\/#organization","name":"Xmy Sagl","url":"https:\/\/xmy.ch\/de\/","logo":{"@type":"ImageObject","inLanguage":"de-DE","@id":"https:\/\/xmy.ch\/de\/#\/schema\/logo\/image\/","url":"https:\/\/xmy.ch\/wp-content\/uploads\/2024\/02\/XMY_UNI_B.webp","contentUrl":"https:\/\/xmy.ch\/wp-content\/uploads\/2024\/02\/XMY_UNI_B.webp","width":1459,"height":421,"caption":"Xmy Sagl"},"image":{"@id":"https:\/\/xmy.ch\/de\/#\/schema\/logo\/image\/"},"sameAs":["https:\/\/www.facebook.com\/xmy.sagl","https:\/\/www.instagram.com\/xmy.sagl\/"]}]}},"_links":{"self":[{"href":"https:\/\/xmy.ch\/de\/wp-json\/wp\/v2\/product\/6683","targetHints":{"allow":["GET"]}}],"collection":[{"href":"https:\/\/xmy.ch\/de\/wp-json\/wp\/v2\/product"}],"about":[{"href":"https:\/\/xmy.ch\/de\/wp-json\/wp\/v2\/types\/product"}],"replies":[{"embeddable":true,"href":"https:\/\/xmy.ch\/de\/wp-json\/wp\/v2\/comments?post=6683"}],"wp:featuredmedia":[{"embeddable":true,"href":"https:\/\/xmy.ch\/de\/wp-json\/wp\/v2\/media\/4635"}],"wp:attachment":[{"href":"https:\/\/xmy.ch\/de\/wp-json\/wp\/v2\/media?parent=6683"}],"wp:term":[{"taxonomy":"product_brand","embeddable":true,"href":"https:\/\/xmy.ch\/de\/wp-json\/wp\/v2\/product_brand?post=6683"},{"taxonomy":"product_cat","embeddable":true,"href":"https:\/\/xmy.ch\/de\/wp-json\/wp\/v2\/product_cat?post=6683"},{"taxonomy":"product_tag","embeddable":true,"href":"https:\/\/xmy.ch\/de\/wp-json\/wp\/v2\/product_tag?post=6683"}],"curies":[{"name":"wp","href":"https:\/\/api.w.org\/{rel}","templated":true}]}}