{"id":6657,"date":"2023-11-06T09:26:48","date_gmt":"2023-11-06T08:26:48","guid":{"rendered":"https:\/\/xmy.ch\/prodotto\/pro-racing-socken-v4-0-trail-schwarz\/"},"modified":"2023-11-06T09:26:48","modified_gmt":"2023-11-06T08:26:48","slug":"pro-racing-socken-v4-0-trail-schwarz","status":"publish","type":"product","link":"https:\/\/xmy.ch\/de\/prodotto\/pro-racing-socken-v4-0-trail-schwarz\/","title":{"rendered":"Pro Racing Socken V4.0 Trail &#8211; Schwarz"},"content":{"rendered":"<div class=\"col-12 col-lg-8 pe-md-5\">\n<section id=\"content\" class=\"page-content--product\">\n<div class=\"images-container\">\n<div class=\"js-qv-mask mask1\"><\/div>\n<\/div>\n<\/section>\n<\/div>\n<div id=\"column-right-product\" class=\"col-12 col-lg-4 text-left sticky-product-info align-self-start\">\n<div class=\"hf \">\n<div class=\"\">\n<div>Hightech-Trailrunning-Socken, die den Fu\u00df bei den h\u00e4rtesten Offroad-Herausforderungen sch\u00fctzen, d\u00e4mpfen und st\u00fctzen.<\/div>\n<div><\/div>\n<div id=\"product-description-short-1667\" class=\"product-description-short rte mb-3\">Beim Trailrunning ist es wie beim Stra\u00dfenlauf: Ihre F\u00fc\u00dfe m\u00fcssen sich st\u00e4ndig biegen und an das sich st\u00e4ndig ver\u00e4ndernde Terrain anpassen, und Ihr Schuhwerk muss damit Schritt halten. Die vierte Generation der Pro Racing Socks Trail wurde entwickelt, um St\u00f6\u00dfe zu absorbieren und zu sch\u00fctzen, und bringt die Compressport-Technologien auf die n\u00e4chste Stufe, um alle Ihre Offroad-Abenteuer zu unterst\u00fctzen. Ein Trailrunning-spezifisches Gewebe um den Vorfu\u00df und den Unterschenkel, das robust und dennoch bel\u00fcftet ist, leitet Feuchtigkeit schnell ab und verhindert Scheuerstellen. Das dickere Gewebe am Rist reicht h\u00f6her als bei unseren Laufmodellen und bietet so mehr Schutz, und das spezielle Mesh um den Kn\u00f6chel sorgt f\u00fcr beruhigende Stabilit\u00e4t auf felsigem Terrain. Die neue, breitere Zehenbox bietet eine ergonomischere Passform und eine verbesserte Propriozeption f\u00fcr intuitiven Fingergriff und Gleichgewicht auf unebenem Terrain. Die nachhaltige Schwammpolsterung bedeckt alle Finger und d\u00e4mpft den Aufprall bei halsbrecherischen Abfahrten. Die verbesserte 360\u00b0-Gew\u00f6lbest\u00fctze f\u00f6rdert die Durchblutung und verhindert, dass sich das Gewebe verdreht und knittert, wodurch Blasen und Irritationen \u00fcber Kilometer hinweg vermieden werden. Unsere einzigartigen Dot-Technologien bieten strategischen Schutz vor den Elementen in Bereichen, die f\u00fcr Traill\u00e4ufer als problematisch gelten. Beide Kn\u00f6chel sind mit gro\u00dfen sonnenf\u00f6rmigen Punkten bedeckt, um Druckstellen zu vermeiden, die durch bewegte F\u00fc\u00dfe verursacht werden k\u00f6nnten. Zwei seitliche Reihen von 3D-Punkten sind entlang der Wadenbeinmuskulatur angeordnet und stimulieren die sensorischen Rezeptoren, um die Propriozeption und die Stabilit\u00e4t des Kn\u00f6chels zu verbessern. Ein gro\u00dfes 3D-Nahtmuster verl\u00e4uft entlang der Achillessehne und sorgt f\u00fcr eine bessere D\u00e4mpfung und Unterst\u00fctzung und umgibt eine Reihe flacher N\u00e4hte, die die Bel\u00fcftung f\u00f6rdern. Ein dichteres Gewebe an der Sohle reduziert Vibrationen, w\u00e4hrend 3D-Punkte St\u00f6\u00dfe absorbieren und dem Fu\u00df einen festen Halt im Schuh geben. Diese Punkte tragen auch dazu bei, den ven\u00f6sen R\u00fcckfluss zu verbessern und die M\u00fcdigkeit zu verz\u00f6gern, so dass Sie sich l\u00e4nger frisch f\u00fchlen. Die Trail-Version ist h\u00f6her als die Laufsocke, bietet mehr Schutz f\u00fcr Unterschenkel und Kn\u00f6chel und verwendet haltbarere Materialien, um den Herausforderungen der Natur standzuhalten. Ein ergonomisches Band auf der R\u00fcckseite sorgt f\u00fcr zus\u00e4tzlichen Komfort, und damit man nicht aus Versehen die falschen Socken erwischt, ist die Disziplin diskret auf der Innenseite eingestickt. Es besteht kein Zweifel: Dies ist eine Hochleistungs-Trailrunning-Socke, die so robust und langlebig ist wie ihr Tr\u00e4ger.<\/div>\n<\/div>\n<\/div>\n<\/div>\n<p>95% Polyamid 5% Elastan<\/p>\n<p><img decoding=\"async\" class=\"w-50 my-2\" src=\"https:\/\/www.compressport.com\/ch\/img\/prods_entretien.png\"><\/p>\n","protected":false},"excerpt":{"rendered":"<p>Hightech-Trailrunning-Socken, die den Fu\u00df bei den h\u00e4rtesten Offroad-Herausforderungen sch\u00fctzen, d\u00e4mpfen und st\u00fctzen.<\/p>\n","protected":false},"featured_media":4585,"comment_status":"open","ping_status":"closed","template":"","meta":[],"product_brand":[],"product_cat":[290],"product_tag":[271,272],"class_list":{"0":"post-6657","1":"product","2":"type-product","3":"status-publish","4":"has-post-thumbnail","6":"product_cat-socken","7":"product_tag-frau","8":"product_tag-mann","10":"first","11":"instock","12":"taxable","13":"shipping-taxable","14":"purchasable","15":"product-type-variable"},"yoast_head":"<!-- This site is optimized with the Yoast SEO Premium plugin v27.5 (Yoast SEO v27.5) - https:\/\/yoast.com\/product\/yoast-seo-premium-wordpress\/ -->\n<title>Pro Racing Socken V4.0 Trail Schwarz \u2013 Schutz &amp; D\u00e4mpfung<\/title>\n<meta name=\"description\" content=\"Pro Racing Socken V4.0 Trail Schwarz sch\u00fctzen, d\u00e4mpfen und stabilisieren deine F\u00fc\u00dfe bei Offroad-Herausforderungen. Jetzt mehr erfahren und durchstarten!\" \/>\n<meta name=\"robots\" content=\"index, follow, max-snippet:-1, max-image-preview:large, max-video-preview:-1\" \/>\n<link rel=\"canonical\" href=\"https:\/\/xmy.ch\/de\/prodotto\/pro-racing-socken-v4-0-trail-schwarz\/\" \/>\n<meta property=\"og:locale\" content=\"de_DE\" \/>\n<meta property=\"og:type\" content=\"article\" \/>\n<meta property=\"og:title\" content=\"Pro Racing Socken V4.0 Trail Schwarz \u2013 Trailrunning Schutz\" \/>\n<meta property=\"og:description\" content=\"Sch\u00fctze deine F\u00fc\u00dfe im Gel\u00e4nde. Jetzt V4.0 Trail Schwarz entdecken.\" \/>\n<meta property=\"og:url\" content=\"https:\/\/xmy.ch\/de\/prodotto\/pro-racing-socken-v4-0-trail-schwarz\/\" \/>\n<meta property=\"og:site_name\" content=\"Xmy Sagl\" \/>\n<meta property=\"article:publisher\" content=\"https:\/\/www.facebook.com\/xmy.sagl\" \/>\n<meta property=\"og:image\" content=\"https:\/\/xmy.ch\/wp-content\/uploads\/2023\/11\/pro-racing-socks-v4-trail-black.png\" \/>\n\t<meta property=\"og:image:width\" content=\"549\" \/>\n\t<meta property=\"og:image:height\" content=\"712\" \/>\n\t<meta property=\"og:image:type\" content=\"image\/png\" \/>\n<meta name=\"twitter:card\" content=\"summary_large_image\" \/>\n<meta name=\"twitter:title\" content=\"Pro Racing Socken V4.0 Trail Schwarz \u2013 Trailrunning Schutz\" \/>\n<meta name=\"twitter:description\" content=\"Erlebe Stabilit\u00e4t und D\u00e4mpfung bei anspruchsvollem Offroad \u2013 jetzt kaufen.\" \/>\n<meta name=\"twitter:label1\" content=\"Gesch\u00e4tzte Lesezeit\" \/>\n\t<meta name=\"twitter:data1\" content=\"2 minutes\" \/>\n<script type=\"application\/ld+json\" class=\"yoast-schema-graph\">{\"@context\":\"https:\\\/\\\/schema.org\",\"@graph\":[{\"@type\":\"WebPage\",\"@id\":\"https:\\\/\\\/xmy.ch\\\/de\\\/prodotto\\\/pro-racing-socken-v4-0-trail-schwarz\\\/\",\"url\":\"https:\\\/\\\/xmy.ch\\\/de\\\/prodotto\\\/pro-racing-socken-v4-0-trail-schwarz\\\/\",\"name\":\"Pro Racing Socken V4.0 Trail Schwarz \u2013 Schutz &amp; D\u00e4mpfung\",\"isPartOf\":{\"@id\":\"https:\\\/\\\/xmy.ch\\\/de\\\/#website\"},\"primaryImageOfPage\":{\"@id\":\"https:\\\/\\\/xmy.ch\\\/de\\\/prodotto\\\/pro-racing-socken-v4-0-trail-schwarz\\\/#primaryimage\"},\"image\":{\"@id\":\"https:\\\/\\\/xmy.ch\\\/de\\\/prodotto\\\/pro-racing-socken-v4-0-trail-schwarz\\\/#primaryimage\"},\"thumbnailUrl\":\"https:\\\/\\\/xmy.ch\\\/wp-content\\\/uploads\\\/2023\\\/11\\\/pro-racing-socks-v4-trail-black.png\",\"datePublished\":\"2023-11-06T08:26:48+00:00\",\"description\":\"Pro Racing Socken V4.0 Trail Schwarz sch\u00fctzen, d\u00e4mpfen und stabilisieren deine F\u00fc\u00dfe bei Offroad-Herausforderungen. Jetzt mehr erfahren und durchstarten!\",\"breadcrumb\":{\"@id\":\"https:\\\/\\\/xmy.ch\\\/de\\\/prodotto\\\/pro-racing-socken-v4-0-trail-schwarz\\\/#breadcrumb\"},\"inLanguage\":\"de-DE\",\"potentialAction\":[{\"@type\":\"ReadAction\",\"target\":[\"https:\\\/\\\/xmy.ch\\\/de\\\/prodotto\\\/pro-racing-socken-v4-0-trail-schwarz\\\/\"]}]},{\"@type\":\"ImageObject\",\"inLanguage\":\"de-DE\",\"@id\":\"https:\\\/\\\/xmy.ch\\\/de\\\/prodotto\\\/pro-racing-socken-v4-0-trail-schwarz\\\/#primaryimage\",\"url\":\"https:\\\/\\\/xmy.ch\\\/wp-content\\\/uploads\\\/2023\\\/11\\\/pro-racing-socks-v4-trail-black.png\",\"contentUrl\":\"https:\\\/\\\/xmy.ch\\\/wp-content\\\/uploads\\\/2023\\\/11\\\/pro-racing-socks-v4-trail-black.png\",\"width\":549,\"height\":712},{\"@type\":\"BreadcrumbList\",\"@id\":\"https:\\\/\\\/xmy.ch\\\/de\\\/prodotto\\\/pro-racing-socken-v4-0-trail-schwarz\\\/#breadcrumb\",\"itemListElement\":[{\"@type\":\"ListItem\",\"position\":1,\"name\":\"Home\",\"item\":\"https:\\\/\\\/xmy.ch\\\/de\\\/\"},{\"@type\":\"ListItem\",\"position\":2,\"name\":\"Shop\",\"item\":\"https:\\\/\\\/xmy.ch\\\/de\\\/shop-2\\\/\"},{\"@type\":\"ListItem\",\"position\":3,\"name\":\"Pro Racing Socken V4.0 Trail &#8211; Schwarz\"}]},{\"@type\":\"WebSite\",\"@id\":\"https:\\\/\\\/xmy.ch\\\/de\\\/#website\",\"url\":\"https:\\\/\\\/xmy.ch\\\/de\\\/\",\"name\":\"Xmy Sagl\",\"description\":\"\",\"publisher\":{\"@id\":\"https:\\\/\\\/xmy.ch\\\/de\\\/#organization\"},\"potentialAction\":[{\"@type\":\"SearchAction\",\"target\":{\"@type\":\"EntryPoint\",\"urlTemplate\":\"https:\\\/\\\/xmy.ch\\\/de\\\/?s={search_term_string}\"},\"query-input\":{\"@type\":\"PropertyValueSpecification\",\"valueRequired\":true,\"valueName\":\"search_term_string\"}}],\"inLanguage\":\"de-DE\"},{\"@type\":\"Organization\",\"@id\":\"https:\\\/\\\/xmy.ch\\\/de\\\/#organization\",\"name\":\"Xmy Sagl\",\"url\":\"https:\\\/\\\/xmy.ch\\\/de\\\/\",\"logo\":{\"@type\":\"ImageObject\",\"inLanguage\":\"de-DE\",\"@id\":\"https:\\\/\\\/xmy.ch\\\/de\\\/#\\\/schema\\\/logo\\\/image\\\/\",\"url\":\"https:\\\/\\\/xmy.ch\\\/wp-content\\\/uploads\\\/2024\\\/02\\\/XMY_UNI_B.webp\",\"contentUrl\":\"https:\\\/\\\/xmy.ch\\\/wp-content\\\/uploads\\\/2024\\\/02\\\/XMY_UNI_B.webp\",\"width\":1459,\"height\":421,\"caption\":\"Xmy Sagl\"},\"image\":{\"@id\":\"https:\\\/\\\/xmy.ch\\\/de\\\/#\\\/schema\\\/logo\\\/image\\\/\"},\"sameAs\":[\"https:\\\/\\\/www.facebook.com\\\/xmy.sagl\",\"https:\\\/\\\/www.instagram.com\\\/xmy.sagl\\\/\"]}]}<\/script>\n<!-- \/ Yoast SEO Premium plugin. -->","yoast_head_json":{"title":"Pro Racing Socken V4.0 Trail Schwarz \u2013 Schutz &amp; D\u00e4mpfung","description":"Pro Racing Socken V4.0 Trail Schwarz sch\u00fctzen, d\u00e4mpfen und stabilisieren deine F\u00fc\u00dfe bei Offroad-Herausforderungen. Jetzt mehr erfahren und durchstarten!","robots":{"index":"index","follow":"follow","max-snippet":"max-snippet:-1","max-image-preview":"max-image-preview:large","max-video-preview":"max-video-preview:-1"},"canonical":"https:\/\/xmy.ch\/de\/prodotto\/pro-racing-socken-v4-0-trail-schwarz\/","og_locale":"de_DE","og_type":"article","og_title":"Pro Racing Socken V4.0 Trail Schwarz \u2013 Trailrunning Schutz","og_description":"Sch\u00fctze deine F\u00fc\u00dfe im Gel\u00e4nde. Jetzt V4.0 Trail Schwarz entdecken.","og_url":"https:\/\/xmy.ch\/de\/prodotto\/pro-racing-socken-v4-0-trail-schwarz\/","og_site_name":"Xmy Sagl","article_publisher":"https:\/\/www.facebook.com\/xmy.sagl","og_image":[{"width":549,"height":712,"url":"https:\/\/xmy.ch\/wp-content\/uploads\/2023\/11\/pro-racing-socks-v4-trail-black.png","type":"image\/png"}],"twitter_card":"summary_large_image","twitter_title":"Pro Racing Socken V4.0 Trail Schwarz \u2013 Trailrunning Schutz","twitter_description":"Erlebe Stabilit\u00e4t und D\u00e4mpfung bei anspruchsvollem Offroad \u2013 jetzt kaufen.","twitter_misc":{"Gesch\u00e4tzte Lesezeit":"2 minutes"},"schema":{"@context":"https:\/\/schema.org","@graph":[{"@type":"WebPage","@id":"https:\/\/xmy.ch\/de\/prodotto\/pro-racing-socken-v4-0-trail-schwarz\/","url":"https:\/\/xmy.ch\/de\/prodotto\/pro-racing-socken-v4-0-trail-schwarz\/","name":"Pro Racing Socken V4.0 Trail Schwarz \u2013 Schutz &amp; D\u00e4mpfung","isPartOf":{"@id":"https:\/\/xmy.ch\/de\/#website"},"primaryImageOfPage":{"@id":"https:\/\/xmy.ch\/de\/prodotto\/pro-racing-socken-v4-0-trail-schwarz\/#primaryimage"},"image":{"@id":"https:\/\/xmy.ch\/de\/prodotto\/pro-racing-socken-v4-0-trail-schwarz\/#primaryimage"},"thumbnailUrl":"https:\/\/xmy.ch\/wp-content\/uploads\/2023\/11\/pro-racing-socks-v4-trail-black.png","datePublished":"2023-11-06T08:26:48+00:00","description":"Pro Racing Socken V4.0 Trail Schwarz sch\u00fctzen, d\u00e4mpfen und stabilisieren deine F\u00fc\u00dfe bei Offroad-Herausforderungen. Jetzt mehr erfahren und durchstarten!","breadcrumb":{"@id":"https:\/\/xmy.ch\/de\/prodotto\/pro-racing-socken-v4-0-trail-schwarz\/#breadcrumb"},"inLanguage":"de-DE","potentialAction":[{"@type":"ReadAction","target":["https:\/\/xmy.ch\/de\/prodotto\/pro-racing-socken-v4-0-trail-schwarz\/"]}]},{"@type":"ImageObject","inLanguage":"de-DE","@id":"https:\/\/xmy.ch\/de\/prodotto\/pro-racing-socken-v4-0-trail-schwarz\/#primaryimage","url":"https:\/\/xmy.ch\/wp-content\/uploads\/2023\/11\/pro-racing-socks-v4-trail-black.png","contentUrl":"https:\/\/xmy.ch\/wp-content\/uploads\/2023\/11\/pro-racing-socks-v4-trail-black.png","width":549,"height":712},{"@type":"BreadcrumbList","@id":"https:\/\/xmy.ch\/de\/prodotto\/pro-racing-socken-v4-0-trail-schwarz\/#breadcrumb","itemListElement":[{"@type":"ListItem","position":1,"name":"Home","item":"https:\/\/xmy.ch\/de\/"},{"@type":"ListItem","position":2,"name":"Shop","item":"https:\/\/xmy.ch\/de\/shop-2\/"},{"@type":"ListItem","position":3,"name":"Pro Racing Socken V4.0 Trail &#8211; Schwarz"}]},{"@type":"WebSite","@id":"https:\/\/xmy.ch\/de\/#website","url":"https:\/\/xmy.ch\/de\/","name":"Xmy Sagl","description":"","publisher":{"@id":"https:\/\/xmy.ch\/de\/#organization"},"potentialAction":[{"@type":"SearchAction","target":{"@type":"EntryPoint","urlTemplate":"https:\/\/xmy.ch\/de\/?s={search_term_string}"},"query-input":{"@type":"PropertyValueSpecification","valueRequired":true,"valueName":"search_term_string"}}],"inLanguage":"de-DE"},{"@type":"Organization","@id":"https:\/\/xmy.ch\/de\/#organization","name":"Xmy Sagl","url":"https:\/\/xmy.ch\/de\/","logo":{"@type":"ImageObject","inLanguage":"de-DE","@id":"https:\/\/xmy.ch\/de\/#\/schema\/logo\/image\/","url":"https:\/\/xmy.ch\/wp-content\/uploads\/2024\/02\/XMY_UNI_B.webp","contentUrl":"https:\/\/xmy.ch\/wp-content\/uploads\/2024\/02\/XMY_UNI_B.webp","width":1459,"height":421,"caption":"Xmy Sagl"},"image":{"@id":"https:\/\/xmy.ch\/de\/#\/schema\/logo\/image\/"},"sameAs":["https:\/\/www.facebook.com\/xmy.sagl","https:\/\/www.instagram.com\/xmy.sagl\/"]}]}},"_links":{"self":[{"href":"https:\/\/xmy.ch\/de\/wp-json\/wp\/v2\/product\/6657","targetHints":{"allow":["GET"]}}],"collection":[{"href":"https:\/\/xmy.ch\/de\/wp-json\/wp\/v2\/product"}],"about":[{"href":"https:\/\/xmy.ch\/de\/wp-json\/wp\/v2\/types\/product"}],"replies":[{"embeddable":true,"href":"https:\/\/xmy.ch\/de\/wp-json\/wp\/v2\/comments?post=6657"}],"wp:featuredmedia":[{"embeddable":true,"href":"https:\/\/xmy.ch\/de\/wp-json\/wp\/v2\/media\/4585"}],"wp:attachment":[{"href":"https:\/\/xmy.ch\/de\/wp-json\/wp\/v2\/media?parent=6657"}],"wp:term":[{"taxonomy":"product_brand","embeddable":true,"href":"https:\/\/xmy.ch\/de\/wp-json\/wp\/v2\/product_brand?post=6657"},{"taxonomy":"product_cat","embeddable":true,"href":"https:\/\/xmy.ch\/de\/wp-json\/wp\/v2\/product_cat?post=6657"},{"taxonomy":"product_tag","embeddable":true,"href":"https:\/\/xmy.ch\/de\/wp-json\/wp\/v2\/product_tag?post=6657"}],"curies":[{"name":"wp","href":"https:\/\/api.w.org\/{rel}","templated":true}]}}