{"id":6595,"date":"2023-11-06T08:52:02","date_gmt":"2023-11-06T07:52:02","guid":{"rendered":"https:\/\/xmy.ch\/prodotto\/pro-racing-socken-winter-trail-mosaik-blau-schwarz\/"},"modified":"2023-11-06T08:52:02","modified_gmt":"2023-11-06T07:52:02","slug":"pro-racing-socken-winter-trail-mosaik-blau-schwarz","status":"publish","type":"product","link":"https:\/\/xmy.ch\/de\/prodotto\/pro-racing-socken-winter-trail-mosaik-blau-schwarz\/","title":{"rendered":"Pro Racing Socken Winter Trail &#8211; Mosaik Blau\/Schwarz"},"content":{"rendered":"<p>W\u00e4rmesch\u00fctzende Kompressionssocken f\u00fcr Trailrunning, die die F\u00fc\u00dfe beim Wintertraining warm und trocken halten und sie unterst\u00fctzen.<\/p>\n<p>Trailrunning kann in den Wintermonaten eine Menge Spa\u00df machen, solange die F\u00fc\u00dfe warm bleiben. Und genau darin erweisen sich die PRS Winter Trail Socken als hervorragend. Diese Trailrunning-Socken wurden speziell f\u00fcr die Kombination von progressiver Kompression mit Schutz und hoher W\u00e4rmeleistung entwickelt und sorgen f\u00fcr ein angenehmes und stabiles Tragegef\u00fchl auch bei k\u00e4ltesten Bedingungen. Die Bereiche des Fu\u00dfes, die nachweislich am meisten unter der K\u00e4lte auf den Trails leiden, profitieren von einer w\u00e4rmenden Mischung aus Merinowolle und Seide f\u00fcr maximalen Schutz und W\u00e4rme. Sie sind mit atmungsaktiven Bel\u00fcftungseins\u00e4tzen kombiniert, die Schwei\u00df und Feuchtigkeit schnell abtransportieren und daf\u00fcr sorgen, dass die F\u00fc\u00dfe auch bei h\u00f6herem Tempo bequem und trocken bleiben. H\u00f6her als die Laufsocken, bietet das Trail-Modell dank dickerer und dichterer 3D-Punkte am Unterschenkel einen neuen, verbesserten Schutz an Rist, Achillessehne und Kn\u00f6chel. Zus\u00e4tzliche N\u00e4hte in Kombination mit einer 360\u00b0-Fu\u00dfgew\u00f6lbest\u00fctze verhindern ein Verdrehen des Gewebes, verringern das Risiko von Blasenbildung und bieten beruhigende Stabilit\u00e4t in felsigem Gel\u00e4nde. Die gezielte Kompression f\u00f6rdert die Durchblutung, w\u00e4hrend die neue verst\u00e4rkte Spitze Finger und Zehenn\u00e4gel sch\u00fctzt. Wenn der Winter Schnee, K\u00e4lte und Eis bringt, ziehen Sie einfach die PRS Winter Trail Socks an und laufen weiter.<\/p>\n<p>86% Polyamid 8% Elastan 5% Merinowolle 1% Maulbeerseide<\/p>\n<p><img decoding=\"async\" class=\"w-50 my-2\" src=\"https:\/\/www.compressport.com\/ch\/img\/prods_entretien.png\"><\/p>\n","protected":false},"excerpt":{"rendered":"<p>W\u00e4rmesch\u00fctzende Kompressionssocken f\u00fcr Trailrunning, die Ihre F\u00fc\u00dfe beim Wintertraining warm und trocken halten und sie unterst\u00fctzen.<\/p>\n","protected":false},"featured_media":4505,"comment_status":"open","ping_status":"closed","template":"","meta":[],"product_brand":[],"product_cat":[290],"product_tag":[271,272],"class_list":{"0":"post-6595","1":"product","2":"type-product","3":"status-publish","4":"has-post-thumbnail","6":"product_cat-socken","7":"product_tag-frau","8":"product_tag-mann","10":"first","11":"instock","12":"taxable","13":"shipping-taxable","14":"purchasable","15":"product-type-variable"},"yoast_head":"<!-- This site is optimized with the Yoast SEO Premium plugin v27.5 (Yoast SEO v27.5) - https:\/\/yoast.com\/product\/yoast-seo-premium-wordpress\/ -->\n<title>Winter Trail Socken \u2013 Pro Racing Socken Blau\/Schwarz<\/title>\n<meta name=\"description\" content=\"Winter Trail Socken mit W\u00e4rme, Kompression und Feuchtigkeitstransport. Entdecke Pro Racing Socken Blau\/Schwarz f\u00fcr kalte Trails \u2013 jetzt bestellen und warm bleiben.\" \/>\n<meta name=\"robots\" content=\"index, follow, max-snippet:-1, max-image-preview:large, max-video-preview:-1\" \/>\n<link rel=\"canonical\" href=\"https:\/\/xmy.ch\/de\/prodotto\/pro-racing-socken-winter-trail-mosaik-blau-schwarz\/\" \/>\n<meta property=\"og:locale\" content=\"de_DE\" \/>\n<meta property=\"og:type\" content=\"article\" \/>\n<meta property=\"og:title\" content=\"Winter Trail Socken \u2013 Pro Racing Socken Blau\/Schwarz\" \/>\n<meta property=\"og:description\" content=\"Bleib warm auf kalten Trails mit Pro Racing Socken Blau\/Schwarz. Jetzt entdecken und durchstarten.\" \/>\n<meta property=\"og:url\" content=\"https:\/\/xmy.ch\/de\/prodotto\/pro-racing-socken-winter-trail-mosaik-blau-schwarz\/\" \/>\n<meta property=\"og:site_name\" content=\"Xmy Sagl\" \/>\n<meta property=\"article:publisher\" content=\"https:\/\/www.facebook.com\/xmy.sagl\" \/>\n<meta property=\"og:image\" content=\"https:\/\/xmy.ch\/wp-content\/uploads\/2023\/11\/pro-racing-socks-winter-trail-mosaic-blue-black.webp\" \/>\n\t<meta property=\"og:image:width\" content=\"549\" \/>\n\t<meta property=\"og:image:height\" content=\"712\" \/>\n\t<meta property=\"og:image:type\" content=\"image\/webp\" \/>\n<meta name=\"twitter:card\" content=\"summary_large_image\" \/>\n<meta name=\"twitter:title\" content=\"Pro Racing Winter Trail Socken \u2013 Blau\/Schwarz\" \/>\n<meta name=\"twitter:description\" content=\"Auf kalten Trails sofort einsetzen: Pro Racing Winter Trail Socken Blau\/Schwarz jetzt sichern.\" \/>\n<meta name=\"twitter:label1\" content=\"Gesch\u00e4tzte Lesezeit\" \/>\n\t<meta name=\"twitter:data1\" content=\"1 minute\" \/>\n<script type=\"application\/ld+json\" class=\"yoast-schema-graph\">{\"@context\":\"https:\\\/\\\/schema.org\",\"@graph\":[{\"@type\":\"WebPage\",\"@id\":\"https:\\\/\\\/xmy.ch\\\/de\\\/prodotto\\\/pro-racing-socken-winter-trail-mosaik-blau-schwarz\\\/\",\"url\":\"https:\\\/\\\/xmy.ch\\\/de\\\/prodotto\\\/pro-racing-socken-winter-trail-mosaik-blau-schwarz\\\/\",\"name\":\"Winter Trail Socken \u2013 Pro Racing Socken Blau\\\/Schwarz\",\"isPartOf\":{\"@id\":\"https:\\\/\\\/xmy.ch\\\/de\\\/#website\"},\"primaryImageOfPage\":{\"@id\":\"https:\\\/\\\/xmy.ch\\\/de\\\/prodotto\\\/pro-racing-socken-winter-trail-mosaik-blau-schwarz\\\/#primaryimage\"},\"image\":{\"@id\":\"https:\\\/\\\/xmy.ch\\\/de\\\/prodotto\\\/pro-racing-socken-winter-trail-mosaik-blau-schwarz\\\/#primaryimage\"},\"thumbnailUrl\":\"https:\\\/\\\/xmy.ch\\\/wp-content\\\/uploads\\\/2023\\\/11\\\/pro-racing-socks-winter-trail-mosaic-blue-black.webp\",\"datePublished\":\"2023-11-06T07:52:02+00:00\",\"description\":\"Winter Trail Socken mit W\u00e4rme, Kompression und Feuchtigkeitstransport. Entdecke Pro Racing Socken Blau\\\/Schwarz f\u00fcr kalte Trails \u2013 jetzt bestellen und warm bleiben.\",\"breadcrumb\":{\"@id\":\"https:\\\/\\\/xmy.ch\\\/de\\\/prodotto\\\/pro-racing-socken-winter-trail-mosaik-blau-schwarz\\\/#breadcrumb\"},\"inLanguage\":\"de-DE\",\"potentialAction\":[{\"@type\":\"ReadAction\",\"target\":[\"https:\\\/\\\/xmy.ch\\\/de\\\/prodotto\\\/pro-racing-socken-winter-trail-mosaik-blau-schwarz\\\/\"]}]},{\"@type\":\"ImageObject\",\"inLanguage\":\"de-DE\",\"@id\":\"https:\\\/\\\/xmy.ch\\\/de\\\/prodotto\\\/pro-racing-socken-winter-trail-mosaik-blau-schwarz\\\/#primaryimage\",\"url\":\"https:\\\/\\\/xmy.ch\\\/wp-content\\\/uploads\\\/2023\\\/11\\\/pro-racing-socks-winter-trail-mosaic-blue-black.webp\",\"contentUrl\":\"https:\\\/\\\/xmy.ch\\\/wp-content\\\/uploads\\\/2023\\\/11\\\/pro-racing-socks-winter-trail-mosaic-blue-black.webp\",\"width\":549,\"height\":712},{\"@type\":\"BreadcrumbList\",\"@id\":\"https:\\\/\\\/xmy.ch\\\/de\\\/prodotto\\\/pro-racing-socken-winter-trail-mosaik-blau-schwarz\\\/#breadcrumb\",\"itemListElement\":[{\"@type\":\"ListItem\",\"position\":1,\"name\":\"Home\",\"item\":\"https:\\\/\\\/xmy.ch\\\/de\\\/\"},{\"@type\":\"ListItem\",\"position\":2,\"name\":\"Shop\",\"item\":\"https:\\\/\\\/xmy.ch\\\/de\\\/shop-2\\\/\"},{\"@type\":\"ListItem\",\"position\":3,\"name\":\"Pro Racing Socken Winter Trail &#8211; Mosaik Blau\\\/Schwarz\"}]},{\"@type\":\"WebSite\",\"@id\":\"https:\\\/\\\/xmy.ch\\\/de\\\/#website\",\"url\":\"https:\\\/\\\/xmy.ch\\\/de\\\/\",\"name\":\"Xmy Sagl\",\"description\":\"\",\"publisher\":{\"@id\":\"https:\\\/\\\/xmy.ch\\\/de\\\/#organization\"},\"potentialAction\":[{\"@type\":\"SearchAction\",\"target\":{\"@type\":\"EntryPoint\",\"urlTemplate\":\"https:\\\/\\\/xmy.ch\\\/de\\\/?s={search_term_string}\"},\"query-input\":{\"@type\":\"PropertyValueSpecification\",\"valueRequired\":true,\"valueName\":\"search_term_string\"}}],\"inLanguage\":\"de-DE\"},{\"@type\":\"Organization\",\"@id\":\"https:\\\/\\\/xmy.ch\\\/de\\\/#organization\",\"name\":\"Xmy Sagl\",\"url\":\"https:\\\/\\\/xmy.ch\\\/de\\\/\",\"logo\":{\"@type\":\"ImageObject\",\"inLanguage\":\"de-DE\",\"@id\":\"https:\\\/\\\/xmy.ch\\\/de\\\/#\\\/schema\\\/logo\\\/image\\\/\",\"url\":\"https:\\\/\\\/xmy.ch\\\/wp-content\\\/uploads\\\/2024\\\/02\\\/XMY_UNI_B.webp\",\"contentUrl\":\"https:\\\/\\\/xmy.ch\\\/wp-content\\\/uploads\\\/2024\\\/02\\\/XMY_UNI_B.webp\",\"width\":1459,\"height\":421,\"caption\":\"Xmy Sagl\"},\"image\":{\"@id\":\"https:\\\/\\\/xmy.ch\\\/de\\\/#\\\/schema\\\/logo\\\/image\\\/\"},\"sameAs\":[\"https:\\\/\\\/www.facebook.com\\\/xmy.sagl\",\"https:\\\/\\\/www.instagram.com\\\/xmy.sagl\\\/\"]}]}<\/script>\n<!-- \/ Yoast SEO Premium plugin. -->","yoast_head_json":{"title":"Winter Trail Socken \u2013 Pro Racing Socken Blau\/Schwarz","description":"Winter Trail Socken mit W\u00e4rme, Kompression und Feuchtigkeitstransport. Entdecke Pro Racing Socken Blau\/Schwarz f\u00fcr kalte Trails \u2013 jetzt bestellen und warm bleiben.","robots":{"index":"index","follow":"follow","max-snippet":"max-snippet:-1","max-image-preview":"max-image-preview:large","max-video-preview":"max-video-preview:-1"},"canonical":"https:\/\/xmy.ch\/de\/prodotto\/pro-racing-socken-winter-trail-mosaik-blau-schwarz\/","og_locale":"de_DE","og_type":"article","og_title":"Winter Trail Socken \u2013 Pro Racing Socken Blau\/Schwarz","og_description":"Bleib warm auf kalten Trails mit Pro Racing Socken Blau\/Schwarz. Jetzt entdecken und durchstarten.","og_url":"https:\/\/xmy.ch\/de\/prodotto\/pro-racing-socken-winter-trail-mosaik-blau-schwarz\/","og_site_name":"Xmy Sagl","article_publisher":"https:\/\/www.facebook.com\/xmy.sagl","og_image":[{"width":549,"height":712,"url":"https:\/\/xmy.ch\/wp-content\/uploads\/2023\/11\/pro-racing-socks-winter-trail-mosaic-blue-black.webp","type":"image\/webp"}],"twitter_card":"summary_large_image","twitter_title":"Pro Racing Winter Trail Socken \u2013 Blau\/Schwarz","twitter_description":"Auf kalten Trails sofort einsetzen: Pro Racing Winter Trail Socken Blau\/Schwarz jetzt sichern.","twitter_misc":{"Gesch\u00e4tzte Lesezeit":"1 minute"},"schema":{"@context":"https:\/\/schema.org","@graph":[{"@type":"WebPage","@id":"https:\/\/xmy.ch\/de\/prodotto\/pro-racing-socken-winter-trail-mosaik-blau-schwarz\/","url":"https:\/\/xmy.ch\/de\/prodotto\/pro-racing-socken-winter-trail-mosaik-blau-schwarz\/","name":"Winter Trail Socken \u2013 Pro Racing Socken Blau\/Schwarz","isPartOf":{"@id":"https:\/\/xmy.ch\/de\/#website"},"primaryImageOfPage":{"@id":"https:\/\/xmy.ch\/de\/prodotto\/pro-racing-socken-winter-trail-mosaik-blau-schwarz\/#primaryimage"},"image":{"@id":"https:\/\/xmy.ch\/de\/prodotto\/pro-racing-socken-winter-trail-mosaik-blau-schwarz\/#primaryimage"},"thumbnailUrl":"https:\/\/xmy.ch\/wp-content\/uploads\/2023\/11\/pro-racing-socks-winter-trail-mosaic-blue-black.webp","datePublished":"2023-11-06T07:52:02+00:00","description":"Winter Trail Socken mit W\u00e4rme, Kompression und Feuchtigkeitstransport. Entdecke Pro Racing Socken Blau\/Schwarz f\u00fcr kalte Trails \u2013 jetzt bestellen und warm bleiben.","breadcrumb":{"@id":"https:\/\/xmy.ch\/de\/prodotto\/pro-racing-socken-winter-trail-mosaik-blau-schwarz\/#breadcrumb"},"inLanguage":"de-DE","potentialAction":[{"@type":"ReadAction","target":["https:\/\/xmy.ch\/de\/prodotto\/pro-racing-socken-winter-trail-mosaik-blau-schwarz\/"]}]},{"@type":"ImageObject","inLanguage":"de-DE","@id":"https:\/\/xmy.ch\/de\/prodotto\/pro-racing-socken-winter-trail-mosaik-blau-schwarz\/#primaryimage","url":"https:\/\/xmy.ch\/wp-content\/uploads\/2023\/11\/pro-racing-socks-winter-trail-mosaic-blue-black.webp","contentUrl":"https:\/\/xmy.ch\/wp-content\/uploads\/2023\/11\/pro-racing-socks-winter-trail-mosaic-blue-black.webp","width":549,"height":712},{"@type":"BreadcrumbList","@id":"https:\/\/xmy.ch\/de\/prodotto\/pro-racing-socken-winter-trail-mosaik-blau-schwarz\/#breadcrumb","itemListElement":[{"@type":"ListItem","position":1,"name":"Home","item":"https:\/\/xmy.ch\/de\/"},{"@type":"ListItem","position":2,"name":"Shop","item":"https:\/\/xmy.ch\/de\/shop-2\/"},{"@type":"ListItem","position":3,"name":"Pro Racing Socken Winter Trail &#8211; Mosaik Blau\/Schwarz"}]},{"@type":"WebSite","@id":"https:\/\/xmy.ch\/de\/#website","url":"https:\/\/xmy.ch\/de\/","name":"Xmy Sagl","description":"","publisher":{"@id":"https:\/\/xmy.ch\/de\/#organization"},"potentialAction":[{"@type":"SearchAction","target":{"@type":"EntryPoint","urlTemplate":"https:\/\/xmy.ch\/de\/?s={search_term_string}"},"query-input":{"@type":"PropertyValueSpecification","valueRequired":true,"valueName":"search_term_string"}}],"inLanguage":"de-DE"},{"@type":"Organization","@id":"https:\/\/xmy.ch\/de\/#organization","name":"Xmy Sagl","url":"https:\/\/xmy.ch\/de\/","logo":{"@type":"ImageObject","inLanguage":"de-DE","@id":"https:\/\/xmy.ch\/de\/#\/schema\/logo\/image\/","url":"https:\/\/xmy.ch\/wp-content\/uploads\/2024\/02\/XMY_UNI_B.webp","contentUrl":"https:\/\/xmy.ch\/wp-content\/uploads\/2024\/02\/XMY_UNI_B.webp","width":1459,"height":421,"caption":"Xmy Sagl"},"image":{"@id":"https:\/\/xmy.ch\/de\/#\/schema\/logo\/image\/"},"sameAs":["https:\/\/www.facebook.com\/xmy.sagl","https:\/\/www.instagram.com\/xmy.sagl\/"]}]}},"_links":{"self":[{"href":"https:\/\/xmy.ch\/de\/wp-json\/wp\/v2\/product\/6595","targetHints":{"allow":["GET"]}}],"collection":[{"href":"https:\/\/xmy.ch\/de\/wp-json\/wp\/v2\/product"}],"about":[{"href":"https:\/\/xmy.ch\/de\/wp-json\/wp\/v2\/types\/product"}],"replies":[{"embeddable":true,"href":"https:\/\/xmy.ch\/de\/wp-json\/wp\/v2\/comments?post=6595"}],"wp:featuredmedia":[{"embeddable":true,"href":"https:\/\/xmy.ch\/de\/wp-json\/wp\/v2\/media\/4505"}],"wp:attachment":[{"href":"https:\/\/xmy.ch\/de\/wp-json\/wp\/v2\/media?parent=6595"}],"wp:term":[{"taxonomy":"product_brand","embeddable":true,"href":"https:\/\/xmy.ch\/de\/wp-json\/wp\/v2\/product_brand?post=6595"},{"taxonomy":"product_cat","embeddable":true,"href":"https:\/\/xmy.ch\/de\/wp-json\/wp\/v2\/product_cat?post=6595"},{"taxonomy":"product_tag","embeddable":true,"href":"https:\/\/xmy.ch\/de\/wp-json\/wp\/v2\/product_tag?post=6595"}],"curies":[{"name":"wp","href":"https:\/\/api.w.org\/{rel}","templated":true}]}}