{"id":6590,"date":"2023-11-06T08:40:27","date_gmt":"2023-11-06T07:40:27","guid":{"rendered":"https:\/\/xmy.ch\/prodotto\/pro-racing-socken-winter-run-schwarz-hochrisiko\/"},"modified":"2023-11-06T08:40:27","modified_gmt":"2023-11-06T07:40:27","slug":"pro-racing-socken-winter-run-schwarz-hochrisiko","status":"publish","type":"product","link":"https:\/\/xmy.ch\/de\/prodotto\/pro-racing-socken-winter-run-schwarz-hochrisiko\/","title":{"rendered":"Pro Racing Socken Winter Run &#8211; Schwarz\/Hochrisiko"},"content":{"rendered":"<p>Thermisch sch\u00fctzende Winterlaufsocken, die die F\u00fc\u00dfe warm und trocken halten, Blasenbildung verhindern und die Leistung verbessern.<\/p>\n<p>Hatten Sie schon einmal so kalte F\u00fc\u00dfe, dass Sie lieber auf das Laufband als auf die dunklen Winterstra\u00dfen wollten? Keine Angst, dank der aktualisierten Version unserer beliebten Winterlaufsocken k\u00f6nnen Sie auch im Winter mit w\u00e4rmeren F\u00fc\u00dfen als je zuvor laufen. Basierend auf dem Feedback von Profisportlern und umfangreichen Labortests sorgen spezielle Eins\u00e4tze daf\u00fcr, dass die empfindlichsten Bereiche der F\u00fc\u00dfe durch eine eng anliegende, temperaturregulierende Mischung aus Merinowolle und Seidenfasern maximale W\u00e4rme und Schutz erhalten. Hoch atmungsaktive Bel\u00fcftungszonen vervollst\u00e4ndigen das Design, um den Schwei\u00df abzuleiten und die F\u00fc\u00dfe trocken zu halten und Feuchtigkeitsansammlungen bei intensiver Anstrengung zu verhindern. Die geschickt platzierten 3D-Punkte erh\u00f6hen den Halt und die Propriozeption unter den F\u00fc\u00dfen, sch\u00fctzen vor St\u00f6\u00dfen und Druckstellen am Innenkn\u00f6chel und st\u00fctzen die Achillessehne im hinteren Bereich leicht ab. Die leichte, medizinisch kontrollierte Kompression verbessert die Durchblutung, bietet Halt und h\u00e4lt die F\u00fc\u00dfe bei kalten L\u00e4ufen warm. Nicht zuletzt f\u00f6rdert eine Unterst\u00fctzung des Fu\u00dfgew\u00f6lbes den ven\u00f6sen R\u00fcckfluss und verhindert, dass sich die Socke auf den vielen Kilometern verdreht und Blasen verursacht. Diese Socken sind etwas niedriger und besser bel\u00fcftet als das Trail-Modell und wurden speziell f\u00fcr die winterlichen Strapazen des Stra\u00dfenlaufs entwickelt. Anstatt ins Fitnessstudio zu gehen, ziehen Sie diese Winterlaufsocken an und gehen Sie mit warmen F\u00fc\u00dfen hinaus!<\/p>\n<p>76% Polyamid 9% Elastan 13% Merinowolle 2% Maulbeerseide<\/p>\n<p><img decoding=\"async\" class=\"w-50 my-2\" src=\"https:\/\/www.compressport.com\/ch\/img\/prods_entretien.png\"><\/p>\n","protected":false},"excerpt":{"rendered":"<p>Thermisch sch\u00fctzende Winterlaufsocken, die die F\u00fc\u00dfe warm und trocken halten, Blasenbildung verhindern und die Leistung verbessern.<\/p>\n","protected":false},"featured_media":4495,"comment_status":"open","ping_status":"closed","template":"","meta":[],"product_brand":[],"product_cat":[290],"product_tag":[271,272],"class_list":{"0":"post-6590","1":"product","2":"type-product","3":"status-publish","4":"has-post-thumbnail","6":"product_cat-socken","7":"product_tag-frau","8":"product_tag-mann","10":"first","11":"instock","12":"taxable","13":"shipping-taxable","14":"purchasable","15":"product-type-variable"},"yoast_head":"<!-- This site is optimized with the Yoast SEO Premium plugin v27.5 (Yoast SEO v27.5) - https:\/\/yoast.com\/product\/yoast-seo-premium-wordpress\/ -->\n<title>Winter Run Socken Pro Racing \u2013 Schwarz Hochrisiko<\/title>\n<meta name=\"description\" content=\"Winter Run Socken sch\u00fctzen F\u00fc\u00dfe warm und trocken, verhindern Blasen und verbessern die Leistung. Jetzt pr\u00fcfen und im Winter besser laufen.\" \/>\n<meta name=\"robots\" content=\"index, follow, max-snippet:-1, max-image-preview:large, max-video-preview:-1\" \/>\n<link rel=\"canonical\" href=\"https:\/\/xmy.ch\/de\/prodotto\/pro-racing-socken-winter-run-schwarz-hochrisiko\/\" \/>\n<meta property=\"og:locale\" content=\"de_DE\" \/>\n<meta property=\"og:type\" content=\"article\" \/>\n<meta property=\"og:title\" content=\"Winter Run Socken \u2013 Pro Racing Schwarz Hochrisiko\" \/>\n<meta property=\"og:description\" content=\"Warm und trocken laufen \u2013 jetzt Winter Run Socken entdecken.\" \/>\n<meta property=\"og:url\" content=\"https:\/\/xmy.ch\/de\/prodotto\/pro-racing-socken-winter-run-schwarz-hochrisiko\/\" \/>\n<meta property=\"og:site_name\" content=\"Xmy Sagl\" \/>\n<meta property=\"article:publisher\" content=\"https:\/\/www.facebook.com\/xmy.sagl\" \/>\n<meta property=\"og:image\" content=\"https:\/\/xmy.ch\/wp-content\/uploads\/2023\/11\/pro-racing-socks-winter-run-black-high-risk-red.webp\" \/>\n\t<meta property=\"og:image:width\" content=\"549\" \/>\n\t<meta property=\"og:image:height\" content=\"712\" \/>\n\t<meta property=\"og:image:type\" content=\"image\/webp\" \/>\n<meta name=\"twitter:card\" content=\"summary_large_image\" \/>\n<meta name=\"twitter:title\" content=\"Pro Racing Winter Run Socken \u2013 Schwarz Hochrisiko\" \/>\n<meta name=\"twitter:description\" content=\"Blasenrisiko senken, W\u00e4rme genie\u00dfen. Jetzt bestellen und Winterl\u00e4ufe komfortabler gestalten.\" \/>\n<meta name=\"twitter:label1\" content=\"Gesch\u00e4tzte Lesezeit\" \/>\n\t<meta name=\"twitter:data1\" content=\"1 minute\" \/>\n<script type=\"application\/ld+json\" class=\"yoast-schema-graph\">{\"@context\":\"https:\\\/\\\/schema.org\",\"@graph\":[{\"@type\":\"WebPage\",\"@id\":\"https:\\\/\\\/xmy.ch\\\/de\\\/prodotto\\\/pro-racing-socken-winter-run-schwarz-hochrisiko\\\/\",\"url\":\"https:\\\/\\\/xmy.ch\\\/de\\\/prodotto\\\/pro-racing-socken-winter-run-schwarz-hochrisiko\\\/\",\"name\":\"Winter Run Socken Pro Racing \u2013 Schwarz Hochrisiko\",\"isPartOf\":{\"@id\":\"https:\\\/\\\/xmy.ch\\\/de\\\/#website\"},\"primaryImageOfPage\":{\"@id\":\"https:\\\/\\\/xmy.ch\\\/de\\\/prodotto\\\/pro-racing-socken-winter-run-schwarz-hochrisiko\\\/#primaryimage\"},\"image\":{\"@id\":\"https:\\\/\\\/xmy.ch\\\/de\\\/prodotto\\\/pro-racing-socken-winter-run-schwarz-hochrisiko\\\/#primaryimage\"},\"thumbnailUrl\":\"https:\\\/\\\/xmy.ch\\\/wp-content\\\/uploads\\\/2023\\\/11\\\/pro-racing-socks-winter-run-black-high-risk-red.webp\",\"datePublished\":\"2023-11-06T07:40:27+00:00\",\"description\":\"Winter Run Socken sch\u00fctzen F\u00fc\u00dfe warm und trocken, verhindern Blasen und verbessern die Leistung. Jetzt pr\u00fcfen und im Winter besser laufen.\",\"breadcrumb\":{\"@id\":\"https:\\\/\\\/xmy.ch\\\/de\\\/prodotto\\\/pro-racing-socken-winter-run-schwarz-hochrisiko\\\/#breadcrumb\"},\"inLanguage\":\"de-DE\",\"potentialAction\":[{\"@type\":\"ReadAction\",\"target\":[\"https:\\\/\\\/xmy.ch\\\/de\\\/prodotto\\\/pro-racing-socken-winter-run-schwarz-hochrisiko\\\/\"]}]},{\"@type\":\"ImageObject\",\"inLanguage\":\"de-DE\",\"@id\":\"https:\\\/\\\/xmy.ch\\\/de\\\/prodotto\\\/pro-racing-socken-winter-run-schwarz-hochrisiko\\\/#primaryimage\",\"url\":\"https:\\\/\\\/xmy.ch\\\/wp-content\\\/uploads\\\/2023\\\/11\\\/pro-racing-socks-winter-run-black-high-risk-red.webp\",\"contentUrl\":\"https:\\\/\\\/xmy.ch\\\/wp-content\\\/uploads\\\/2023\\\/11\\\/pro-racing-socks-winter-run-black-high-risk-red.webp\",\"width\":549,\"height\":712},{\"@type\":\"BreadcrumbList\",\"@id\":\"https:\\\/\\\/xmy.ch\\\/de\\\/prodotto\\\/pro-racing-socken-winter-run-schwarz-hochrisiko\\\/#breadcrumb\",\"itemListElement\":[{\"@type\":\"ListItem\",\"position\":1,\"name\":\"Home\",\"item\":\"https:\\\/\\\/xmy.ch\\\/de\\\/\"},{\"@type\":\"ListItem\",\"position\":2,\"name\":\"Shop\",\"item\":\"https:\\\/\\\/xmy.ch\\\/de\\\/shop-2\\\/\"},{\"@type\":\"ListItem\",\"position\":3,\"name\":\"Pro Racing Socken Winter Run &#8211; Schwarz\\\/Hochrisiko\"}]},{\"@type\":\"WebSite\",\"@id\":\"https:\\\/\\\/xmy.ch\\\/de\\\/#website\",\"url\":\"https:\\\/\\\/xmy.ch\\\/de\\\/\",\"name\":\"Xmy Sagl\",\"description\":\"\",\"publisher\":{\"@id\":\"https:\\\/\\\/xmy.ch\\\/de\\\/#organization\"},\"potentialAction\":[{\"@type\":\"SearchAction\",\"target\":{\"@type\":\"EntryPoint\",\"urlTemplate\":\"https:\\\/\\\/xmy.ch\\\/de\\\/?s={search_term_string}\"},\"query-input\":{\"@type\":\"PropertyValueSpecification\",\"valueRequired\":true,\"valueName\":\"search_term_string\"}}],\"inLanguage\":\"de-DE\"},{\"@type\":\"Organization\",\"@id\":\"https:\\\/\\\/xmy.ch\\\/de\\\/#organization\",\"name\":\"Xmy Sagl\",\"url\":\"https:\\\/\\\/xmy.ch\\\/de\\\/\",\"logo\":{\"@type\":\"ImageObject\",\"inLanguage\":\"de-DE\",\"@id\":\"https:\\\/\\\/xmy.ch\\\/de\\\/#\\\/schema\\\/logo\\\/image\\\/\",\"url\":\"https:\\\/\\\/xmy.ch\\\/wp-content\\\/uploads\\\/2024\\\/02\\\/XMY_UNI_B.webp\",\"contentUrl\":\"https:\\\/\\\/xmy.ch\\\/wp-content\\\/uploads\\\/2024\\\/02\\\/XMY_UNI_B.webp\",\"width\":1459,\"height\":421,\"caption\":\"Xmy Sagl\"},\"image\":{\"@id\":\"https:\\\/\\\/xmy.ch\\\/de\\\/#\\\/schema\\\/logo\\\/image\\\/\"},\"sameAs\":[\"https:\\\/\\\/www.facebook.com\\\/xmy.sagl\",\"https:\\\/\\\/www.instagram.com\\\/xmy.sagl\\\/\"]}]}<\/script>\n<!-- \/ Yoast SEO Premium plugin. -->","yoast_head_json":{"title":"Winter Run Socken Pro Racing \u2013 Schwarz Hochrisiko","description":"Winter Run Socken sch\u00fctzen F\u00fc\u00dfe warm und trocken, verhindern Blasen und verbessern die Leistung. Jetzt pr\u00fcfen und im Winter besser laufen.","robots":{"index":"index","follow":"follow","max-snippet":"max-snippet:-1","max-image-preview":"max-image-preview:large","max-video-preview":"max-video-preview:-1"},"canonical":"https:\/\/xmy.ch\/de\/prodotto\/pro-racing-socken-winter-run-schwarz-hochrisiko\/","og_locale":"de_DE","og_type":"article","og_title":"Winter Run Socken \u2013 Pro Racing Schwarz Hochrisiko","og_description":"Warm und trocken laufen \u2013 jetzt Winter Run Socken entdecken.","og_url":"https:\/\/xmy.ch\/de\/prodotto\/pro-racing-socken-winter-run-schwarz-hochrisiko\/","og_site_name":"Xmy Sagl","article_publisher":"https:\/\/www.facebook.com\/xmy.sagl","og_image":[{"width":549,"height":712,"url":"https:\/\/xmy.ch\/wp-content\/uploads\/2023\/11\/pro-racing-socks-winter-run-black-high-risk-red.webp","type":"image\/webp"}],"twitter_card":"summary_large_image","twitter_title":"Pro Racing Winter Run Socken \u2013 Schwarz Hochrisiko","twitter_description":"Blasenrisiko senken, W\u00e4rme genie\u00dfen. Jetzt bestellen und Winterl\u00e4ufe komfortabler gestalten.","twitter_misc":{"Gesch\u00e4tzte Lesezeit":"1 minute"},"schema":{"@context":"https:\/\/schema.org","@graph":[{"@type":"WebPage","@id":"https:\/\/xmy.ch\/de\/prodotto\/pro-racing-socken-winter-run-schwarz-hochrisiko\/","url":"https:\/\/xmy.ch\/de\/prodotto\/pro-racing-socken-winter-run-schwarz-hochrisiko\/","name":"Winter Run Socken Pro Racing \u2013 Schwarz Hochrisiko","isPartOf":{"@id":"https:\/\/xmy.ch\/de\/#website"},"primaryImageOfPage":{"@id":"https:\/\/xmy.ch\/de\/prodotto\/pro-racing-socken-winter-run-schwarz-hochrisiko\/#primaryimage"},"image":{"@id":"https:\/\/xmy.ch\/de\/prodotto\/pro-racing-socken-winter-run-schwarz-hochrisiko\/#primaryimage"},"thumbnailUrl":"https:\/\/xmy.ch\/wp-content\/uploads\/2023\/11\/pro-racing-socks-winter-run-black-high-risk-red.webp","datePublished":"2023-11-06T07:40:27+00:00","description":"Winter Run Socken sch\u00fctzen F\u00fc\u00dfe warm und trocken, verhindern Blasen und verbessern die Leistung. Jetzt pr\u00fcfen und im Winter besser laufen.","breadcrumb":{"@id":"https:\/\/xmy.ch\/de\/prodotto\/pro-racing-socken-winter-run-schwarz-hochrisiko\/#breadcrumb"},"inLanguage":"de-DE","potentialAction":[{"@type":"ReadAction","target":["https:\/\/xmy.ch\/de\/prodotto\/pro-racing-socken-winter-run-schwarz-hochrisiko\/"]}]},{"@type":"ImageObject","inLanguage":"de-DE","@id":"https:\/\/xmy.ch\/de\/prodotto\/pro-racing-socken-winter-run-schwarz-hochrisiko\/#primaryimage","url":"https:\/\/xmy.ch\/wp-content\/uploads\/2023\/11\/pro-racing-socks-winter-run-black-high-risk-red.webp","contentUrl":"https:\/\/xmy.ch\/wp-content\/uploads\/2023\/11\/pro-racing-socks-winter-run-black-high-risk-red.webp","width":549,"height":712},{"@type":"BreadcrumbList","@id":"https:\/\/xmy.ch\/de\/prodotto\/pro-racing-socken-winter-run-schwarz-hochrisiko\/#breadcrumb","itemListElement":[{"@type":"ListItem","position":1,"name":"Home","item":"https:\/\/xmy.ch\/de\/"},{"@type":"ListItem","position":2,"name":"Shop","item":"https:\/\/xmy.ch\/de\/shop-2\/"},{"@type":"ListItem","position":3,"name":"Pro Racing Socken Winter Run &#8211; Schwarz\/Hochrisiko"}]},{"@type":"WebSite","@id":"https:\/\/xmy.ch\/de\/#website","url":"https:\/\/xmy.ch\/de\/","name":"Xmy Sagl","description":"","publisher":{"@id":"https:\/\/xmy.ch\/de\/#organization"},"potentialAction":[{"@type":"SearchAction","target":{"@type":"EntryPoint","urlTemplate":"https:\/\/xmy.ch\/de\/?s={search_term_string}"},"query-input":{"@type":"PropertyValueSpecification","valueRequired":true,"valueName":"search_term_string"}}],"inLanguage":"de-DE"},{"@type":"Organization","@id":"https:\/\/xmy.ch\/de\/#organization","name":"Xmy Sagl","url":"https:\/\/xmy.ch\/de\/","logo":{"@type":"ImageObject","inLanguage":"de-DE","@id":"https:\/\/xmy.ch\/de\/#\/schema\/logo\/image\/","url":"https:\/\/xmy.ch\/wp-content\/uploads\/2024\/02\/XMY_UNI_B.webp","contentUrl":"https:\/\/xmy.ch\/wp-content\/uploads\/2024\/02\/XMY_UNI_B.webp","width":1459,"height":421,"caption":"Xmy Sagl"},"image":{"@id":"https:\/\/xmy.ch\/de\/#\/schema\/logo\/image\/"},"sameAs":["https:\/\/www.facebook.com\/xmy.sagl","https:\/\/www.instagram.com\/xmy.sagl\/"]}]}},"_links":{"self":[{"href":"https:\/\/xmy.ch\/de\/wp-json\/wp\/v2\/product\/6590","targetHints":{"allow":["GET"]}}],"collection":[{"href":"https:\/\/xmy.ch\/de\/wp-json\/wp\/v2\/product"}],"about":[{"href":"https:\/\/xmy.ch\/de\/wp-json\/wp\/v2\/types\/product"}],"replies":[{"embeddable":true,"href":"https:\/\/xmy.ch\/de\/wp-json\/wp\/v2\/comments?post=6590"}],"wp:featuredmedia":[{"embeddable":true,"href":"https:\/\/xmy.ch\/de\/wp-json\/wp\/v2\/media\/4495"}],"wp:attachment":[{"href":"https:\/\/xmy.ch\/de\/wp-json\/wp\/v2\/media?parent=6590"}],"wp:term":[{"taxonomy":"product_brand","embeddable":true,"href":"https:\/\/xmy.ch\/de\/wp-json\/wp\/v2\/product_brand?post=6590"},{"taxonomy":"product_cat","embeddable":true,"href":"https:\/\/xmy.ch\/de\/wp-json\/wp\/v2\/product_cat?post=6590"},{"taxonomy":"product_tag","embeddable":true,"href":"https:\/\/xmy.ch\/de\/wp-json\/wp\/v2\/product_tag?post=6590"}],"curies":[{"name":"wp","href":"https:\/\/api.w.org\/{rel}","templated":true}]}}