{"id":6581,"date":"2023-11-05T22:43:44","date_gmt":"2023-11-05T21:43:44","guid":{"rendered":"https:\/\/xmy.ch\/prodotto\/muetze-polyknit-druck-iced-aqua\/"},"modified":"2023-11-05T22:43:44","modified_gmt":"2023-11-05T21:43:44","slug":"muetze-polyknit-druck-iced-aqua","status":"publish","type":"product","link":"https:\/\/xmy.ch\/de\/prodotto\/muetze-polyknit-druck-iced-aqua\/","title":{"rendered":"M\u00fctze Polyknit Druck Iced Aqua"},"content":{"rendered":"<p>Die Polyknit Print M\u00fctze ist ideal f\u00fcr sportliche Aktivit\u00e4ten und Wettbewerbe. Die M\u00fctze ist eng anliegend und elastisch und hat eine attraktive Form, die jedem passt.<br \/>\nDie M\u00fctze ist eine modernere Version der traditionellen Polyknit-M\u00fctze, mit einem auff\u00e4lligen Muster und sch\u00f6nen Farben. Minimale N\u00e4hte verhindern unangenehme Scheuerstellen. Sie besteht aus einem schnell trocknenden Material, das eine gute Bel\u00fcftung gew\u00e4hrleistet.<\/p>\n<ul>\n<li>Bedruckte 2-Wege-Stretch-Baumwolle<\/li>\n<li>Flache N\u00e4hte<\/li>\n<li>Pflegehinweise<\/li>\n<li>Verwenden Sie keine Weichsp\u00fcler. Mit \u00e4hnlichen Farben waschen.<\/li>\n<\/ul>\n<p>92 % Polyester, 8 % Elasthanne<\/p>\n","protected":false},"excerpt":{"rendered":"<p>Die Polyknit Print M\u00fctze ist ideal f\u00fcr sportliche Aktivit\u00e4ten und Wettbewerbe. Die M\u00fctze ist eng anliegend und elastisch und hat eine attraktive Form, die jedem passt.<\/p>\n","protected":false},"featured_media":7026,"comment_status":"open","ping_status":"closed","template":"","meta":[],"product_brand":[],"product_cat":[266],"product_tag":[271,272],"class_list":{"0":"post-6581","1":"product","2":"type-product","3":"status-publish","4":"has-post-thumbnail","6":"product_cat-zubehor","7":"product_tag-frau","8":"product_tag-mann","10":"first","11":"instock","12":"taxable","13":"shipping-taxable","14":"purchasable","15":"product-type-simple"},"yoast_head":"<!-- This site is optimized with the Yoast SEO Premium plugin v27.5 (Yoast SEO v27.5) - https:\/\/yoast.com\/product\/yoast-seo-premium-wordpress\/ -->\n<title>Polyknit M\u00fctze Druck Iced Aqua \u2013 Sportlich &amp; Elastisch<\/title>\n<meta name=\"description\" content=\"Polyknit M\u00fctze Druck Iced Aqua bietet schnelle Trocknung, Bel\u00fcftung und angenehme Passform. Jetzt kaufen und beim Training gl\u00e4nzen.\" \/>\n<meta name=\"robots\" content=\"index, follow, max-snippet:-1, max-image-preview:large, max-video-preview:-1\" \/>\n<link rel=\"canonical\" href=\"https:\/\/xmy.ch\/de\/prodotto\/muetze-polyknit-druck-iced-aqua\/\" \/>\n<meta property=\"og:locale\" content=\"de_DE\" \/>\n<meta property=\"og:type\" content=\"article\" \/>\n<meta property=\"og:title\" content=\"Polyknit M\u00fctze Druck Iced Aqua \u2013 Stilvoll und bequem\" \/>\n<meta property=\"og:description\" content=\"Jetzt Polyknit Druck M\u00fctze sichern und dein Training genie\u00dfen.\" \/>\n<meta property=\"og:url\" content=\"https:\/\/xmy.ch\/de\/prodotto\/muetze-polyknit-druck-iced-aqua\/\" \/>\n<meta property=\"og:site_name\" content=\"Xmy Sagl\" \/>\n<meta property=\"article:publisher\" content=\"https:\/\/www.facebook.com\/xmy.sagl\" \/>\n<meta property=\"og:image\" content=\"https:\/\/xmy.ch\/wp-content\/uploads\/2023\/11\/Berretto-invernale-cappello-hat.jpg\" \/>\n\t<meta property=\"og:image:width\" content=\"549\" \/>\n\t<meta property=\"og:image:height\" content=\"712\" \/>\n\t<meta property=\"og:image:type\" content=\"image\/jpeg\" \/>\n<meta name=\"twitter:card\" content=\"summary_large_image\" \/>\n<meta name=\"twitter:title\" content=\"M\u00fctze Polyknit Druck Iced Aqua \u2013 Elastisch &amp; Atmungsaktiv\" \/>\n<meta name=\"twitter:description\" content=\"Bestelle die M\u00fctze Polyknit Druck Iced Aqua heute und starte frisch durch.\" \/>\n<script type=\"application\/ld+json\" class=\"yoast-schema-graph\">{\"@context\":\"https:\\\/\\\/schema.org\",\"@graph\":[{\"@type\":\"WebPage\",\"@id\":\"https:\\\/\\\/xmy.ch\\\/de\\\/prodotto\\\/muetze-polyknit-druck-iced-aqua\\\/\",\"url\":\"https:\\\/\\\/xmy.ch\\\/de\\\/prodotto\\\/muetze-polyknit-druck-iced-aqua\\\/\",\"name\":\"Polyknit M\u00fctze Druck Iced Aqua \u2013 Sportlich &amp; Elastisch\",\"isPartOf\":{\"@id\":\"https:\\\/\\\/xmy.ch\\\/de\\\/#website\"},\"primaryImageOfPage\":{\"@id\":\"https:\\\/\\\/xmy.ch\\\/de\\\/prodotto\\\/muetze-polyknit-druck-iced-aqua\\\/#primaryimage\"},\"image\":{\"@id\":\"https:\\\/\\\/xmy.ch\\\/de\\\/prodotto\\\/muetze-polyknit-druck-iced-aqua\\\/#primaryimage\"},\"thumbnailUrl\":\"https:\\\/\\\/xmy.ch\\\/wp-content\\\/uploads\\\/2023\\\/11\\\/Berretto-invernale-cappello-hat.jpg\",\"datePublished\":\"2023-11-05T21:43:44+00:00\",\"description\":\"Polyknit M\u00fctze Druck Iced Aqua bietet schnelle Trocknung, Bel\u00fcftung und angenehme Passform. Jetzt kaufen und beim Training gl\u00e4nzen.\",\"breadcrumb\":{\"@id\":\"https:\\\/\\\/xmy.ch\\\/de\\\/prodotto\\\/muetze-polyknit-druck-iced-aqua\\\/#breadcrumb\"},\"inLanguage\":\"de-DE\",\"potentialAction\":[{\"@type\":\"ReadAction\",\"target\":[\"https:\\\/\\\/xmy.ch\\\/de\\\/prodotto\\\/muetze-polyknit-druck-iced-aqua\\\/\"]}]},{\"@type\":\"ImageObject\",\"inLanguage\":\"de-DE\",\"@id\":\"https:\\\/\\\/xmy.ch\\\/de\\\/prodotto\\\/muetze-polyknit-druck-iced-aqua\\\/#primaryimage\",\"url\":\"https:\\\/\\\/xmy.ch\\\/wp-content\\\/uploads\\\/2023\\\/11\\\/Berretto-invernale-cappello-hat.jpg\",\"contentUrl\":\"https:\\\/\\\/xmy.ch\\\/wp-content\\\/uploads\\\/2023\\\/11\\\/Berretto-invernale-cappello-hat.jpg\",\"width\":549,\"height\":712,\"caption\":\"Immagine rappresentante un cappello invernale o berretto o chiamato anche in inglese hat\"},{\"@type\":\"BreadcrumbList\",\"@id\":\"https:\\\/\\\/xmy.ch\\\/de\\\/prodotto\\\/muetze-polyknit-druck-iced-aqua\\\/#breadcrumb\",\"itemListElement\":[{\"@type\":\"ListItem\",\"position\":1,\"name\":\"Home\",\"item\":\"https:\\\/\\\/xmy.ch\\\/de\\\/\"},{\"@type\":\"ListItem\",\"position\":2,\"name\":\"Shop\",\"item\":\"https:\\\/\\\/xmy.ch\\\/de\\\/shop-2\\\/\"},{\"@type\":\"ListItem\",\"position\":3,\"name\":\"M\u00fctze Polyknit Druck Iced Aqua\"}]},{\"@type\":\"WebSite\",\"@id\":\"https:\\\/\\\/xmy.ch\\\/de\\\/#website\",\"url\":\"https:\\\/\\\/xmy.ch\\\/de\\\/\",\"name\":\"Xmy Sagl\",\"description\":\"\",\"publisher\":{\"@id\":\"https:\\\/\\\/xmy.ch\\\/de\\\/#organization\"},\"potentialAction\":[{\"@type\":\"SearchAction\",\"target\":{\"@type\":\"EntryPoint\",\"urlTemplate\":\"https:\\\/\\\/xmy.ch\\\/de\\\/?s={search_term_string}\"},\"query-input\":{\"@type\":\"PropertyValueSpecification\",\"valueRequired\":true,\"valueName\":\"search_term_string\"}}],\"inLanguage\":\"de-DE\"},{\"@type\":\"Organization\",\"@id\":\"https:\\\/\\\/xmy.ch\\\/de\\\/#organization\",\"name\":\"Xmy Sagl\",\"url\":\"https:\\\/\\\/xmy.ch\\\/de\\\/\",\"logo\":{\"@type\":\"ImageObject\",\"inLanguage\":\"de-DE\",\"@id\":\"https:\\\/\\\/xmy.ch\\\/de\\\/#\\\/schema\\\/logo\\\/image\\\/\",\"url\":\"https:\\\/\\\/xmy.ch\\\/wp-content\\\/uploads\\\/2024\\\/02\\\/XMY_UNI_B.webp\",\"contentUrl\":\"https:\\\/\\\/xmy.ch\\\/wp-content\\\/uploads\\\/2024\\\/02\\\/XMY_UNI_B.webp\",\"width\":1459,\"height\":421,\"caption\":\"Xmy Sagl\"},\"image\":{\"@id\":\"https:\\\/\\\/xmy.ch\\\/de\\\/#\\\/schema\\\/logo\\\/image\\\/\"},\"sameAs\":[\"https:\\\/\\\/www.facebook.com\\\/xmy.sagl\",\"https:\\\/\\\/www.instagram.com\\\/xmy.sagl\\\/\"]}]}<\/script>\n<!-- \/ Yoast SEO Premium plugin. -->","yoast_head_json":{"title":"Polyknit M\u00fctze Druck Iced Aqua \u2013 Sportlich &amp; Elastisch","description":"Polyknit M\u00fctze Druck Iced Aqua bietet schnelle Trocknung, Bel\u00fcftung und angenehme Passform. Jetzt kaufen und beim Training gl\u00e4nzen.","robots":{"index":"index","follow":"follow","max-snippet":"max-snippet:-1","max-image-preview":"max-image-preview:large","max-video-preview":"max-video-preview:-1"},"canonical":"https:\/\/xmy.ch\/de\/prodotto\/muetze-polyknit-druck-iced-aqua\/","og_locale":"de_DE","og_type":"article","og_title":"Polyknit M\u00fctze Druck Iced Aqua \u2013 Stilvoll und bequem","og_description":"Jetzt Polyknit Druck M\u00fctze sichern und dein Training genie\u00dfen.","og_url":"https:\/\/xmy.ch\/de\/prodotto\/muetze-polyknit-druck-iced-aqua\/","og_site_name":"Xmy Sagl","article_publisher":"https:\/\/www.facebook.com\/xmy.sagl","og_image":[{"width":549,"height":712,"url":"https:\/\/xmy.ch\/wp-content\/uploads\/2023\/11\/Berretto-invernale-cappello-hat.jpg","type":"image\/jpeg"}],"twitter_card":"summary_large_image","twitter_title":"M\u00fctze Polyknit Druck Iced Aqua \u2013 Elastisch &amp; Atmungsaktiv","twitter_description":"Bestelle die M\u00fctze Polyknit Druck Iced Aqua heute und starte frisch durch.","schema":{"@context":"https:\/\/schema.org","@graph":[{"@type":"WebPage","@id":"https:\/\/xmy.ch\/de\/prodotto\/muetze-polyknit-druck-iced-aqua\/","url":"https:\/\/xmy.ch\/de\/prodotto\/muetze-polyknit-druck-iced-aqua\/","name":"Polyknit M\u00fctze Druck Iced Aqua \u2013 Sportlich &amp; Elastisch","isPartOf":{"@id":"https:\/\/xmy.ch\/de\/#website"},"primaryImageOfPage":{"@id":"https:\/\/xmy.ch\/de\/prodotto\/muetze-polyknit-druck-iced-aqua\/#primaryimage"},"image":{"@id":"https:\/\/xmy.ch\/de\/prodotto\/muetze-polyknit-druck-iced-aqua\/#primaryimage"},"thumbnailUrl":"https:\/\/xmy.ch\/wp-content\/uploads\/2023\/11\/Berretto-invernale-cappello-hat.jpg","datePublished":"2023-11-05T21:43:44+00:00","description":"Polyknit M\u00fctze Druck Iced Aqua bietet schnelle Trocknung, Bel\u00fcftung und angenehme Passform. Jetzt kaufen und beim Training gl\u00e4nzen.","breadcrumb":{"@id":"https:\/\/xmy.ch\/de\/prodotto\/muetze-polyknit-druck-iced-aqua\/#breadcrumb"},"inLanguage":"de-DE","potentialAction":[{"@type":"ReadAction","target":["https:\/\/xmy.ch\/de\/prodotto\/muetze-polyknit-druck-iced-aqua\/"]}]},{"@type":"ImageObject","inLanguage":"de-DE","@id":"https:\/\/xmy.ch\/de\/prodotto\/muetze-polyknit-druck-iced-aqua\/#primaryimage","url":"https:\/\/xmy.ch\/wp-content\/uploads\/2023\/11\/Berretto-invernale-cappello-hat.jpg","contentUrl":"https:\/\/xmy.ch\/wp-content\/uploads\/2023\/11\/Berretto-invernale-cappello-hat.jpg","width":549,"height":712,"caption":"Immagine rappresentante un cappello invernale o berretto o chiamato anche in inglese hat"},{"@type":"BreadcrumbList","@id":"https:\/\/xmy.ch\/de\/prodotto\/muetze-polyknit-druck-iced-aqua\/#breadcrumb","itemListElement":[{"@type":"ListItem","position":1,"name":"Home","item":"https:\/\/xmy.ch\/de\/"},{"@type":"ListItem","position":2,"name":"Shop","item":"https:\/\/xmy.ch\/de\/shop-2\/"},{"@type":"ListItem","position":3,"name":"M\u00fctze Polyknit Druck Iced Aqua"}]},{"@type":"WebSite","@id":"https:\/\/xmy.ch\/de\/#website","url":"https:\/\/xmy.ch\/de\/","name":"Xmy Sagl","description":"","publisher":{"@id":"https:\/\/xmy.ch\/de\/#organization"},"potentialAction":[{"@type":"SearchAction","target":{"@type":"EntryPoint","urlTemplate":"https:\/\/xmy.ch\/de\/?s={search_term_string}"},"query-input":{"@type":"PropertyValueSpecification","valueRequired":true,"valueName":"search_term_string"}}],"inLanguage":"de-DE"},{"@type":"Organization","@id":"https:\/\/xmy.ch\/de\/#organization","name":"Xmy Sagl","url":"https:\/\/xmy.ch\/de\/","logo":{"@type":"ImageObject","inLanguage":"de-DE","@id":"https:\/\/xmy.ch\/de\/#\/schema\/logo\/image\/","url":"https:\/\/xmy.ch\/wp-content\/uploads\/2024\/02\/XMY_UNI_B.webp","contentUrl":"https:\/\/xmy.ch\/wp-content\/uploads\/2024\/02\/XMY_UNI_B.webp","width":1459,"height":421,"caption":"Xmy Sagl"},"image":{"@id":"https:\/\/xmy.ch\/de\/#\/schema\/logo\/image\/"},"sameAs":["https:\/\/www.facebook.com\/xmy.sagl","https:\/\/www.instagram.com\/xmy.sagl\/"]}]}},"_links":{"self":[{"href":"https:\/\/xmy.ch\/de\/wp-json\/wp\/v2\/product\/6581","targetHints":{"allow":["GET"]}}],"collection":[{"href":"https:\/\/xmy.ch\/de\/wp-json\/wp\/v2\/product"}],"about":[{"href":"https:\/\/xmy.ch\/de\/wp-json\/wp\/v2\/types\/product"}],"replies":[{"embeddable":true,"href":"https:\/\/xmy.ch\/de\/wp-json\/wp\/v2\/comments?post=6581"}],"wp:featuredmedia":[{"embeddable":true,"href":"https:\/\/xmy.ch\/de\/wp-json\/wp\/v2\/media\/7026"}],"wp:attachment":[{"href":"https:\/\/xmy.ch\/de\/wp-json\/wp\/v2\/media?parent=6581"}],"wp:term":[{"taxonomy":"product_brand","embeddable":true,"href":"https:\/\/xmy.ch\/de\/wp-json\/wp\/v2\/product_brand?post=6581"},{"taxonomy":"product_cat","embeddable":true,"href":"https:\/\/xmy.ch\/de\/wp-json\/wp\/v2\/product_cat?post=6581"},{"taxonomy":"product_tag","embeddable":true,"href":"https:\/\/xmy.ch\/de\/wp-json\/wp\/v2\/product_tag?post=6581"}],"curies":[{"name":"wp","href":"https:\/\/api.w.org\/{rel}","templated":true}]}}